{"id":58104,"date":"2019-01-07T08:46:57","date_gmt":"2019-01-07T08:46:57","guid":{"rendered":"https:\/\/dev.1office.co\/uk\/product\/registered-address-in-central-london-for-a-year\/"},"modified":"2020-01-29T13:38:43","modified_gmt":"2020-01-29T13:38:43","slug":"registered-address-in-central-london-for-a-year","status":"publish","type":"product","link":"https:\/\/dev.1office.co\/uk\/et\/toode\/registered-address-in-central-london-for-a-year\/","title":{"rendered":"Juriidiline aadress (registered address) Londoni kesklinnas \u00fcheks aastaks"},"content":{"rendered":"<div class=\"wpb-content-wrapper\"><p>[vc_row][vc_column]<div id=\"advanced-tabs-desc-wrap-9730\" class=\"ult_tabs product_tabs\" style=\" \" data-tabsstyle=\"style1\"\n data-titlebg=\"#ffffff\" data-titlecolor=\"#b6b8ba\" data-fullheight=\"off\"\n data-titlehoverbg=\"#ffffff\" data-titlehovercolor=\"#1d1e23\"\n data-rotatetabs=\"0\" data-responsivemode=\"Both\" data-animation=\"Slide\"\ndata-activetitle=\"#1d1e23\" data-activeicon=\"\" data-activebg=\"#ffffff\"  data-respmode=\"Tabs\" data-respwidth=\"400\" data-scroll = \"on\" data-activeindex=\"1\"><ul id=advanced-tabs-wrap-4556 class=\"ult_tabmenu style1 \" style=\"\"><li class=\"ult_tab_li  \" data-iconcolor=\"#74777b\" data-iconhover=\"#ffffff\" style=\"background-color:#ffffff;border-color:transparent;border-width:0px;border-style:solid;border-top-right-radius:8px;\">\n\t\t\t\t\t<a href=\"#1512642751410-8baea-301a\"  id=\"1512642751410-8baea-301a\"  style=\"color:#b6b8ba;; padding:15px; \" class=\"ult_a  \">\n\t\t\t\t\t     <span class=\"ult_tab_main Both \">\n\t\t\t\t\t \t\t <span class=\"ult_tab_section\">\n\t\t\t\t\t   \t\t\t<span  data-ultimate-target='#advanced-tabs-wrap-4556 .ult-span-text'  data-responsive-json-new='{\"font-size\":\"desktop:14px;\",\"line-height\":\"\"}'  class=\"ult-span-text no_icon ult_tab_display_text ult-responsive\" style=\"font-weight:bold;;\">DESCRIPTION<\/span>\n\t\t\t\t\t   \t\t<\/span>\n\t\t\t\t\t\t<\/span>\n\t\t\t\t\t<\/a>\n\t\t\t\t\t<\/li><\/ul><div  data-ultimate-target='#advanced-tabs-desc-wrap-9730 .ult_tabcontent .ult_tab_min_contain  p'  data-responsive-json-new='{\"font-size\":\"\",\"line-height\":\"\"}' class=\"ult_tabcontent ult-responsive style1\" style=\"color:#74777b;\"><div class=\"ult_tab_min_contain \" >\n\t\t\t<div  class=\"ult_tabitemname\"  >\n\t\t\t\t[vc_column_text]<\/p>\n<p class=\"p1\">Juriidiline aadress on ettev\u00f5tte ametlikuks kontaktaadressiks ning see on kohustuslik igale Suurbritannias registreeritud ettev\u00f5ttele. Sellele saadetakse \u00e4riregistri ja maksuameti poolt k\u00f5ik ametlikud kirjad.<\/p>\n<p>Aadress on avalikult \u00e4riregistris n\u00e4htav, seega on \u00e4riaadressi lahendus heaks v\u00f5imaluseks hoida enda koduaadress privaatsena klientide, partnerite ja kolmandate osapoolte eest.<\/p>\n<p class=\"p1\"><b>Hinnas sisaldub:<\/b><\/p>\n<ul class=\"ul1\">\n<li>Juriidiline aadress ettev\u00f5tte registreerimiseks \u00e4riregistris (Companies House) ning maksuametis (HMRC)<\/li>\n<li>Posti sorteerimine ning selle edastamine e-posti teel kirja saabumise p\u00e4eval<\/li>\n<\/ul>\n<p class=\"p1\"><b>Saadaval lisatasu eest:<\/b><\/p>\n<ul>\n<li class=\"p3\"><a href=\"https:\/\/dev.1office.co\/uk\/et\/toode\/ariaadress\/\" target=\"_blank\" rel=\"noopener noreferrer\">Virtuaalkontori aadressi pakett (juriidiline + tegevusaadress) Londoni kesklinnas \u00fcheks aastaks<\/a><\/li>\n<\/ul>\n<p>[\/vc_column_text]\n\t\t\t<\/div><\/div><\/div><\/div><div class=\"ult_acord advanced-tabs-desc-wrap-9730\">\n   <div class=\"ult-tabto-accordion \" style=\"width:;\"\n    data-titlecolor=\"#b6b8ba\"  data-titlebg=\"#ffffff\"\n     data-titlehoverbg=\"#ffffff\" data-titlehovercolor=\"#1d1e23\" data-animation=\"Slide\"\n     data-activetitle=\"#1d1e23\" data-activeicon=\"\" data-activebg=\"#ffffff\" data-scroll = \"on\" data-activeindex=\"1\" >\n     <dl><dt class=\"\">\n\t        \t<a class=\"ult-tabto-actitle withBorder ult_a \" id=\"1512642751410-8baea-301a\" style=\"color:#b6b8ba;;background-color:#ffffff;border-bottom-color:transparent;border-bottom-width:0px;border-bottom-style:solid;\" href=\"#1512642751410-8baea-301a\">\n\t        \t\t<i class=\"accordion-icon\"><\/i>\n\t        \t\t\t<span class=\"ult_tab_main ult_ac_main ult_noacordicnBoth\">\n\n\t\t\t\t\t\t<span  data-ultimate-target='#advanced-tabs-wrap-4556 .ult-span-text'  data-responsive-json-new='{\"font-size\":\"desktop:14px;\",\"line-height\":\"\"}'  class=\"ult-span-text no_icon ult_acordian-text ult-responsive\" style=\"font-weight:bold;;color:inherit \" >DESCRIPTION<\/span>\n\t\t\t\t\t\t<\/span><\/a><\/dt>\n\t            \t\t<dd class=\"ult-tabto-accordionItem ult-tabto-accolapsed\">\n\t\t\t\t            <div class=\"ult-tabto-acontent\" style=\"color:#74777b;\">\n\t\t\t\t               [vc_column_text]<\/p>\n<p class=\"p1\">Juriidiline aadress on ettev\u00f5tte ametlikuks kontaktaadressiks ning see on kohustuslik igale Suurbritannias registreeritud ettev\u00f5ttele. Sellele saadetakse \u00e4riregistri ja maksuameti poolt k\u00f5ik ametlikud kirjad.<\/p>\n<p>Aadress on avalikult \u00e4riregistris n\u00e4htav, seega on \u00e4riaadressi lahendus heaks v\u00f5imaluseks hoida enda koduaadress privaatsena klientide, partnerite ja kolmandate osapoolte eest.<\/p>\n<p class=\"p1\"><b>Hinnas sisaldub:<\/b><\/p>\n<ul class=\"ul1\">\n<li>Juriidiline aadress ettev\u00f5tte registreerimiseks \u00e4riregistris (Companies House) ning maksuametis (HMRC)<\/li>\n<li>Posti sorteerimine ning selle edastamine e-posti teel kirja saabumise p\u00e4eval<\/li>\n<\/ul>\n<p class=\"p1\"><b>Saadaval lisatasu eest:<\/b><\/p>\n<ul>\n<li class=\"p3\"><a href=\"https:\/\/dev.1office.co\/uk\/et\/toode\/ariaadress\/\" target=\"_blank\" rel=\"noopener noreferrer\">Virtuaalkontori aadressi pakett (juriidiline + tegevusaadress) Londoni kesklinnas \u00fcheks aastaks<\/a><\/li>\n<\/ul>\n<p>[\/vc_column_text]\n\t\t\t\t            <\/div>\n\t        \t\t\t<\/dd>\n    \t<\/dl>\n    <!--<div class=\"extraborder\" style=\"background-color:#ffffff\"><\/div>-->\n<\/div>\n\n<\/div>[\/vc_column][\/vc_row]<\/p>\n<\/div>","protected":false},"excerpt":{"rendered":"<p class=\"p1\">Suurbritannias on kohustuslik k\u00f5ik ettev\u00f5tted, mis soovivad seaduslikult Suurbritannias tegutseda, registreerida \u00e4riregistris (Companies House) ja maksuametis (HMRC) kasutades Suurbritannia kohalikku aadressi.<\/p>\n","protected":false},"featured_media":57906,"template":"","meta":{"_acf_changed":false,"inline_featured_image":false},"product_brand":[],"product_cat":[351],"product_tag":[],"class_list":{"0":"post-58104","1":"product","2":"type-product","3":"status-publish","4":"has-post-thumbnail","6":"product_cat-uncategorized-et","7":"description-off","9":"first","10":"instock","11":"virtual","12":"taxable","13":"purchasable","14":"product-type-simple"},"bundled_by":[],"bundle_stock_status":"instock","bundle_stock_quantity":null,"bundle_virtual":false,"bundle_layout":"","bundle_add_to_cart_form_location":"","bundle_editable_in_cart":false,"bundle_sold_individually_context":"","bundle_item_grouping":"","bundle_min_size":"","bundle_max_size":"","bundle_price":[],"bundled_items":[],"bundle_sell_ids":[],"acf":[],"yoast_head":"<!-- This site is optimized with the Yoast SEO plugin v23.0 - https:\/\/yoast.com\/wordpress\/plugins\/seo\/ -->\n<title>Juriidiline aadress (registered address) Londoni kesklinnas \u00fcheks aastaks - 1Office UK<\/title>\n<meta name=\"robots\" content=\"noindex, follow\" \/>\n<meta property=\"og:locale\" content=\"et_EE\" \/>\n<meta property=\"og:type\" content=\"article\" \/>\n<meta property=\"og:title\" content=\"Juriidiline aadress (registered address) Londoni kesklinnas \u00fcheks aastaks - 1Office UK\" \/>\n<meta property=\"og:description\" content=\"Suurbritannias on kohustuslik k\u00f5ik ettev\u00f5tted, mis soovivad seaduslikult Suurbritannias tegutseda, registreerida \u00e4riregistris (Companies House) ja maksuametis (HMRC) kasutades Suurbritannia kohalikku aadressi.\" \/>\n<meta property=\"og:url\" content=\"https:\/\/dev.1office.co\/uk\/et\/toode\/registered-address-in-central-london-for-a-year\/\" \/>\n<meta property=\"og:site_name\" content=\"1Office UK\" \/>\n<meta property=\"article:modified_time\" content=\"2020-01-29T13:38:43+00:00\" \/>\n<meta property=\"og:image\" content=\"https:\/\/dev.1office.co\/uk\/wp-content\/uploads\/sites\/14\/2017\/08\/pexels-photo-461077.jpeg\" \/>\n\t<meta property=\"og:image:width\" content=\"525\" \/>\n\t<meta property=\"og:image:height\" content=\"350\" \/>\n\t<meta property=\"og:image:type\" content=\"image\/jpeg\" \/>\n<meta name=\"twitter:card\" content=\"summary_large_image\" \/>\n<meta name=\"twitter:label1\" content=\"Est. reading time\" \/>\n\t<meta name=\"twitter:data1\" content=\"1 minut\" \/>\n<script type=\"application\/ld+json\" class=\"yoast-schema-graph\">{\"@context\":\"https:\/\/schema.org\",\"@graph\":[{\"@type\":\"WebPage\",\"@id\":\"https:\/\/dev.1office.co\/uk\/et\/toode\/registered-address-in-central-london-for-a-year\/\",\"url\":\"https:\/\/dev.1office.co\/uk\/et\/toode\/registered-address-in-central-london-for-a-year\/\",\"name\":\"Juriidiline aadress (registered address) Londoni kesklinnas \u00fcheks aastaks - 1Office UK\",\"isPartOf\":{\"@id\":\"https:\/\/dev.1office.co\/uk\/#website\"},\"primaryImageOfPage\":{\"@id\":\"https:\/\/dev.1office.co\/uk\/et\/toode\/registered-address-in-central-london-for-a-year\/#primaryimage\"},\"image\":{\"@id\":\"https:\/\/dev.1office.co\/uk\/et\/toode\/registered-address-in-central-london-for-a-year\/#primaryimage\"},\"thumbnailUrl\":\"https:\/\/dev.1office.co\/uk\/wp-content\/uploads\/sites\/14\/2017\/08\/pexels-photo-461077.jpeg\",\"datePublished\":\"2019-01-07T08:46:57+00:00\",\"dateModified\":\"2020-01-29T13:38:43+00:00\",\"breadcrumb\":{\"@id\":\"https:\/\/dev.1office.co\/uk\/et\/toode\/registered-address-in-central-london-for-a-year\/#breadcrumb\"},\"inLanguage\":\"et\",\"potentialAction\":[{\"@type\":\"ReadAction\",\"target\":[\"https:\/\/dev.1office.co\/uk\/et\/toode\/registered-address-in-central-london-for-a-year\/\"]}]},{\"@type\":\"ImageObject\",\"inLanguage\":\"et\",\"@id\":\"https:\/\/dev.1office.co\/uk\/et\/toode\/registered-address-in-central-london-for-a-year\/#primaryimage\",\"url\":\"https:\/\/dev.1office.co\/uk\/wp-content\/uploads\/sites\/14\/2017\/08\/pexels-photo-461077.jpeg\",\"contentUrl\":\"https:\/\/dev.1office.co\/uk\/wp-content\/uploads\/sites\/14\/2017\/08\/pexels-photo-461077.jpeg\",\"width\":525,\"height\":350},{\"@type\":\"BreadcrumbList\",\"@id\":\"https:\/\/dev.1office.co\/uk\/et\/toode\/registered-address-in-central-london-for-a-year\/#breadcrumb\",\"itemListElement\":[{\"@type\":\"ListItem\",\"position\":1,\"name\":\"Home\",\"item\":\"https:\/\/dev.1office.co\/uk\/et\/\"},{\"@type\":\"ListItem\",\"position\":2,\"name\":\"Shop\",\"item\":\"https:\/\/dev.1office.co\/uk\/shop\/\"},{\"@type\":\"ListItem\",\"position\":3,\"name\":\"Juriidiline aadress (registered address) Londoni kesklinnas \u00fcheks aastaks\"}]},{\"@type\":\"WebSite\",\"@id\":\"https:\/\/dev.1office.co\/uk\/#website\",\"url\":\"https:\/\/dev.1office.co\/uk\/\",\"name\":\"1Office UK\",\"description\":\"Making Business Simple\",\"potentialAction\":[{\"@type\":\"SearchAction\",\"target\":{\"@type\":\"EntryPoint\",\"urlTemplate\":\"https:\/\/dev.1office.co\/uk\/?s={search_term_string}\"},\"query-input\":\"required name=search_term_string\"}],\"inLanguage\":\"et\"}]}<\/script>\n<!-- \/ Yoast SEO plugin. -->","yoast_head_json":{"title":"Juriidiline aadress (registered address) Londoni kesklinnas \u00fcheks aastaks - 1Office UK","robots":{"index":"noindex","follow":"follow"},"og_locale":"et_EE","og_type":"article","og_title":"Juriidiline aadress (registered address) Londoni kesklinnas \u00fcheks aastaks - 1Office UK","og_description":"Suurbritannias on kohustuslik k\u00f5ik ettev\u00f5tted, mis soovivad seaduslikult Suurbritannias tegutseda, registreerida \u00e4riregistris (Companies House) ja maksuametis (HMRC) kasutades Suurbritannia kohalikku aadressi.","og_url":"https:\/\/dev.1office.co\/uk\/et\/toode\/registered-address-in-central-london-for-a-year\/","og_site_name":"1Office UK","article_modified_time":"2020-01-29T13:38:43+00:00","og_image":[{"width":525,"height":350,"url":"https:\/\/dev.1office.co\/uk\/wp-content\/uploads\/sites\/14\/2017\/08\/pexels-photo-461077.jpeg","type":"image\/jpeg"}],"twitter_card":"summary_large_image","twitter_misc":{"Est. reading time":"1 minut"},"schema":{"@context":"https:\/\/schema.org","@graph":[{"@type":"WebPage","@id":"https:\/\/dev.1office.co\/uk\/et\/toode\/registered-address-in-central-london-for-a-year\/","url":"https:\/\/dev.1office.co\/uk\/et\/toode\/registered-address-in-central-london-for-a-year\/","name":"Juriidiline aadress (registered address) Londoni kesklinnas \u00fcheks aastaks - 1Office UK","isPartOf":{"@id":"https:\/\/dev.1office.co\/uk\/#website"},"primaryImageOfPage":{"@id":"https:\/\/dev.1office.co\/uk\/et\/toode\/registered-address-in-central-london-for-a-year\/#primaryimage"},"image":{"@id":"https:\/\/dev.1office.co\/uk\/et\/toode\/registered-address-in-central-london-for-a-year\/#primaryimage"},"thumbnailUrl":"https:\/\/dev.1office.co\/uk\/wp-content\/uploads\/sites\/14\/2017\/08\/pexels-photo-461077.jpeg","datePublished":"2019-01-07T08:46:57+00:00","dateModified":"2020-01-29T13:38:43+00:00","breadcrumb":{"@id":"https:\/\/dev.1office.co\/uk\/et\/toode\/registered-address-in-central-london-for-a-year\/#breadcrumb"},"inLanguage":"et","potentialAction":[{"@type":"ReadAction","target":["https:\/\/dev.1office.co\/uk\/et\/toode\/registered-address-in-central-london-for-a-year\/"]}]},{"@type":"ImageObject","inLanguage":"et","@id":"https:\/\/dev.1office.co\/uk\/et\/toode\/registered-address-in-central-london-for-a-year\/#primaryimage","url":"https:\/\/dev.1office.co\/uk\/wp-content\/uploads\/sites\/14\/2017\/08\/pexels-photo-461077.jpeg","contentUrl":"https:\/\/dev.1office.co\/uk\/wp-content\/uploads\/sites\/14\/2017\/08\/pexels-photo-461077.jpeg","width":525,"height":350},{"@type":"BreadcrumbList","@id":"https:\/\/dev.1office.co\/uk\/et\/toode\/registered-address-in-central-london-for-a-year\/#breadcrumb","itemListElement":[{"@type":"ListItem","position":1,"name":"Home","item":"https:\/\/dev.1office.co\/uk\/et\/"},{"@type":"ListItem","position":2,"name":"Shop","item":"https:\/\/dev.1office.co\/uk\/shop\/"},{"@type":"ListItem","position":3,"name":"Juriidiline aadress (registered address) Londoni kesklinnas \u00fcheks aastaks"}]},{"@type":"WebSite","@id":"https:\/\/dev.1office.co\/uk\/#website","url":"https:\/\/dev.1office.co\/uk\/","name":"1Office UK","description":"Making Business Simple","potentialAction":[{"@type":"SearchAction","target":{"@type":"EntryPoint","urlTemplate":"https:\/\/dev.1office.co\/uk\/?s={search_term_string}"},"query-input":"required name=search_term_string"}],"inLanguage":"et"}]}},"_links":{"self":[{"href":"https:\/\/dev.1office.co\/uk\/et\/wp-json\/wp\/v2\/product\/58104","targetHints":{"allow":["GET"]}}],"collection":[{"href":"https:\/\/dev.1office.co\/uk\/et\/wp-json\/wp\/v2\/product"}],"about":[{"href":"https:\/\/dev.1office.co\/uk\/et\/wp-json\/wp\/v2\/types\/product"}],"wp:featuredmedia":[{"embeddable":true,"href":"https:\/\/dev.1office.co\/uk\/et\/wp-json\/wp\/v2\/media\/57906"}],"wp:attachment":[{"href":"https:\/\/dev.1office.co\/uk\/et\/wp-json\/wp\/v2\/media?parent=58104"}],"wp:term":[{"taxonomy":"product_brand","embeddable":true,"href":"https:\/\/dev.1office.co\/uk\/et\/wp-json\/wp\/v2\/product_brand?post=58104"},{"taxonomy":"product_cat","embeddable":true,"href":"https:\/\/dev.1office.co\/uk\/et\/wp-json\/wp\/v2\/product_cat?post=58104"},{"taxonomy":"product_tag","embeddable":true,"href":"https:\/\/dev.1office.co\/uk\/et\/wp-json\/wp\/v2\/product_tag?post=58104"}],"curies":[{"name":"wp","href":"https:\/\/api.w.org\/{rel}","templated":true}]}}