{"id":60574,"date":"2021-08-23T13:16:28","date_gmt":"2021-08-23T13:16:28","guid":{"rendered":"https:\/\/dev.1office.co\/sweden\/product\/mycontracts\/"},"modified":"2022-01-25T09:11:05","modified_gmt":"2022-01-25T09:11:05","slug":"mycontracts","status":"publish","type":"product","link":"https:\/\/dev.1office.co\/sweden\/sv\/produkt\/mycontracts\/","title":{"rendered":"MyContracts, 7-dagars gratis provperiod"},"content":{"rendered":"<div class=\"wpb-content-wrapper\"><p>[vc_row][vc_column]<div id=\"advanced-tabs-desc-wrap-9666\" class=\"ult_tabs product_tabs\" style=\" \" data-tabsstyle=\"style1\"\n data-titlebg=\"#ffffff\" data-titlecolor=\"#b6b8ba\" data-fullheight=\"off\"\n data-titlehoverbg=\"#ffffff\" data-titlehovercolor=\"#1d1e23\"\n data-rotatetabs=\"0\" data-responsivemode=\"Both\" data-animation=\"Slide\"\ndata-activetitle=\"#1d1e23\" data-activeicon=\"\" data-activebg=\"#ffffff\"  data-respmode=\"Tabs\" data-respwidth=\"400\" data-scroll = \"on\" data-activeindex=\"1\"><ul id=advanced-tabs-wrap-6716 class=\"ult_tabmenu style1 \" style=\"\"><li class=\"ult_tab_li  \" data-iconcolor=\"#74777b\" data-iconhover=\"#ffffff\" style=\"background-color:#ffffff;border-color:transparent;border-width:0px;border-style:solid;border-top-right-radius:8px;\">\n\t\t\t\t\t<a href=\"#1512642751410-8cbfe-4c64\"  id=\"1512642751410-8cbfe-4c64\"  style=\"color:#b6b8ba;; padding:15px; \" class=\"ult_a  \">\n\t\t\t\t\t     <span class=\"ult_tab_main Both \">\n\t\t\t\t\t \t\t <span class=\"ult_tab_section\">\n\t\t\t\t\t   \t\t\t<span  data-ultimate-target='#advanced-tabs-wrap-6716 .ult-span-text'  data-responsive-json-new='{\"font-size\":\"desktop:14px;\",\"line-height\":\"\"}'  class=\"ult-span-text no_icon ult_tab_display_text ult-responsive\" style=\"font-weight:bold;;\">BESKRIVNING<\/span>\n\t\t\t\t\t   \t\t<\/span>\n\t\t\t\t\t\t<\/span>\n\t\t\t\t\t<\/a>\n\t\t\t\t\t<\/li><\/ul><div  data-ultimate-target='#advanced-tabs-desc-wrap-9666 .ult_tabcontent .ult_tab_min_contain  p'  data-responsive-json-new='{\"font-size\":\"\",\"line-height\":\"\"}' class=\"ult_tabcontent ult-responsive style1\" style=\"color:#74777b;\"><div class=\"ult_tab_min_contain \" >\n\t\t\t<div  class=\"ult_tabitemname\"  >\n\t\t\t\t[vc_column_text]<\/p>\n<p>MyContracts \u00e4r en SaaS-baserad plattform tillg\u00e4nglig p\u00e5 1office.avokaado.com f\u00f6r automatisering av arbetsfl\u00f6de f\u00f6r avtal och juridiska dokumet.<\/p>\n<p>Du kan registrera dig f\u00f6r myContracts i my1Office-portalen som leder dig till 1office.avokaado.com.<\/p>\n<p>Denna l\u00f6sning ger dig tillg\u00e5ng till programvara, m\u00f6jlighet att skapa, dela, kommentera, underteckna och spara dina dokument p\u00e5 ett st\u00e4lle.<\/p>\n<p>Det finns ett brett urval av avtalsmallar d\u00e4r du bara beh\u00f6ver infoga de saknade uppgifterna. Alla medarbetare kan samtidigt arbeta med avtalet och juridiska dokument genom att l\u00e4mna kommentarer och l\u00e4gga till dokument vid behov.<\/p>\n<p>De automatiserade dokumenten i myContracts \u00f6verensst\u00e4mmer med lagstiftningen och inneh\u00e5ller alla n\u00f6dv\u00e4ndiga klausuler. Anv\u00e4ndning av de automatiserade dokumenten garanterar att dina dokument inte inneh\u00e5ller n\u00e5gra misstag. Det beror p\u00e5 att det finns automatiska val, formateringsalternativ och verktygstips tillg\u00e4ngliga. Varje val kommer att leda till r\u00e4tt klausul eller formulering eftersom den styrs av b\u00e4sta praxis.<\/p>\n<p>I myContracts f\u00e5r du en fullst\u00e4ndig \u00f6versikt \u00f6ver alla dina dokumentstatus, processer och deadlines. Detta hj\u00e4lper till att f\u00f6rb\u00e4ttra ditt arbetsfl\u00f6de och g\u00f6r avtalshanteringen enklare Med hj\u00e4lp av MyContracts kan du utarbeta vardagliga dokument utanatt jurister och advokater \u00e4r inblandade.<\/p>\n<p>&nbsp;<\/p>\n<p><strong>Priset inkluderar:<\/strong><\/p>\n<ul>\n<li>Ett anv\u00e4ndarkonto<\/li>\n<li>MyContracts 7-dagars gratis provperiod<\/li>\n<li>Tillg\u00e5ng till 100+ gratis avtalsmallar som \u00e4r skapade av advokater (+ k\u00f6p inuti app)<\/li>\n<li>Dokumentmallar p\u00e5 estniska, engelska, finska och svenska<\/li>\n<li>Obegr\u00e4nsad nedladdning (pdf, docx)<\/li>\n<li>Dokumentdelning<\/li>\n<li>Diskussion i dokument<\/li>\n<li>Revisionssp\u00e5r med aviseringar<\/li>\n<li>Kollaborativa utarbetande och redigeringar<\/li>\n<li>L\u00e4gg till bilagor i dokumentet<\/li>\n<li>P\u00e5minnelser (personliga och medarbetares)<\/li>\n<li>Dynamisk godk\u00e4nnandeprocess<\/li>\n<li>Dokumentsignering (Dokobit, SignNow elektronisk signatur)<\/li>\n<li>Hantering av dokumentmall<\/li>\n<li>S\u00e4ker elektronisk arkivering<\/li>\n<li>Personlig instrumentpanel<\/li>\n<li>Uppladdning av externt dokument<\/li>\n<li>Chattsupport<\/li>\n<\/ul>\n<p>&nbsp;<\/p>\n<p><strong>Mot extra kostnad:<\/strong><\/p>\n<ul>\n<li>Skr\u00e4ddarsydda avtal<\/li>\n<li>Juridisk konsultation<\/li>\n<li><em>K\u00f6p avtalsmallar \u2013 kommer snart<\/em><\/li>\n<\/ul>\n<p><strong>\u00a0<\/strong><\/p>\n<p><strong>Viktigt:<\/strong><\/p>\n<ul>\n<li>Tj\u00e4nsten tillhandah\u00e5lls i samarbete med Avokaado och deras anv\u00e4ndarvillkor g\u00e4ller, f\u00f6rutom villkoren f\u00f6r avgifter, registrering och tillg\u00e5ng till tj\u00e4nsten. L\u00e4s Avokaados <a href=\"https:\/\/avokaado.io\/terms-of-service\/\">villkor och sekretesspolicy<\/a> samt <a href=\"https:\/\/avokaado.io\/data-security-privacy\/\">datas\u00e4kerhet och integritet<\/a>\u00a0innan du g\u00f6r k\u00f6pet.<\/li>\n<li>MyContracts \u00e4r en m\u00e5natlig prenumerationstj\u00e4nst. Prenumerationen f\u00f6rnyas automatiskt varje m\u00e5nad. Du kan s\u00e4ga upp prenumerationen i my1Office-portalen innan den aktuella prenumerationsperioden l\u00f6per ut. Belopp som betalats till 1Office \u00e5terbetalas inte.<\/li>\n<li>Kostnadsfri provperiod p\u00e5 7 dagar fr\u00e5n dagen f\u00f6r registrering av myContracts. Den betalda perioden startar automatiskt efter utg\u00e5ngen av 7-dagars gratis provperiod.<\/li>\n<li>Tj\u00e4nsten \u00e4r tillg\u00e4nglig endat f\u00f6r f\u00f6retag och inte f\u00f6r privatpersoner. V\u00e4nligen v\u00e4lj r\u00e4tt f\u00f6retagsnamn uppe till h\u00f6ger p\u00e5 sk\u00e4rmen i my1Office-portalen innan du registrerar dig f\u00f6r tj\u00e4nsten.<\/li>\n<\/ul>\n<p>[\/vc_column_text]\n\t\t\t<\/div><\/div><\/div><\/div><div class=\"ult_acord advanced-tabs-desc-wrap-9666\">\n   <div class=\"ult-tabto-accordion \" style=\"width:;\"\n    data-titlecolor=\"#b6b8ba\"  data-titlebg=\"#ffffff\"\n     data-titlehoverbg=\"#ffffff\" data-titlehovercolor=\"#1d1e23\" data-animation=\"Slide\"\n     data-activetitle=\"#1d1e23\" data-activeicon=\"\" data-activebg=\"#ffffff\" data-scroll = \"on\" data-activeindex=\"1\" >\n     <dl><dt class=\"\">\n\t        \t<a class=\"ult-tabto-actitle withBorder ult_a \" id=\"1512642751410-8cbfe-4c64\" style=\"color:#b6b8ba;;background-color:#ffffff;border-bottom-color:transparent;border-bottom-width:0px;border-bottom-style:solid;\" href=\"#1512642751410-8cbfe-4c64\">\n\t        \t\t<i class=\"accordion-icon\"><\/i>\n\t        \t\t\t<span class=\"ult_tab_main ult_ac_main ult_noacordicnBoth\">\n\n\t\t\t\t\t\t<span  data-ultimate-target='#advanced-tabs-wrap-6716 .ult-span-text'  data-responsive-json-new='{\"font-size\":\"desktop:14px;\",\"line-height\":\"\"}'  class=\"ult-span-text no_icon ult_acordian-text ult-responsive\" style=\"font-weight:bold;;color:inherit \" >BESKRIVNING<\/span>\n\t\t\t\t\t\t<\/span><\/a><\/dt>\n\t            \t\t<dd class=\"ult-tabto-accordionItem ult-tabto-accolapsed\">\n\t\t\t\t            <div class=\"ult-tabto-acontent\" style=\"color:#74777b;\">\n\t\t\t\t               [vc_column_text]<\/p>\n<p>MyContracts \u00e4r en SaaS-baserad plattform tillg\u00e4nglig p\u00e5 1office.avokaado.com f\u00f6r automatisering av arbetsfl\u00f6de f\u00f6r avtal och juridiska dokumet.<\/p>\n<p>Du kan registrera dig f\u00f6r myContracts i my1Office-portalen som leder dig till 1office.avokaado.com.<\/p>\n<p>Denna l\u00f6sning ger dig tillg\u00e5ng till programvara, m\u00f6jlighet att skapa, dela, kommentera, underteckna och spara dina dokument p\u00e5 ett st\u00e4lle.<\/p>\n<p>Det finns ett brett urval av avtalsmallar d\u00e4r du bara beh\u00f6ver infoga de saknade uppgifterna. Alla medarbetare kan samtidigt arbeta med avtalet och juridiska dokument genom att l\u00e4mna kommentarer och l\u00e4gga till dokument vid behov.<\/p>\n<p>De automatiserade dokumenten i myContracts \u00f6verensst\u00e4mmer med lagstiftningen och inneh\u00e5ller alla n\u00f6dv\u00e4ndiga klausuler. Anv\u00e4ndning av de automatiserade dokumenten garanterar att dina dokument inte inneh\u00e5ller n\u00e5gra misstag. Det beror p\u00e5 att det finns automatiska val, formateringsalternativ och verktygstips tillg\u00e4ngliga. Varje val kommer att leda till r\u00e4tt klausul eller formulering eftersom den styrs av b\u00e4sta praxis.<\/p>\n<p>I myContracts f\u00e5r du en fullst\u00e4ndig \u00f6versikt \u00f6ver alla dina dokumentstatus, processer och deadlines. Detta hj\u00e4lper till att f\u00f6rb\u00e4ttra ditt arbetsfl\u00f6de och g\u00f6r avtalshanteringen enklare Med hj\u00e4lp av MyContracts kan du utarbeta vardagliga dokument utanatt jurister och advokater \u00e4r inblandade.<\/p>\n<p>&nbsp;<\/p>\n<p><strong>Priset inkluderar:<\/strong><\/p>\n<ul>\n<li>Ett anv\u00e4ndarkonto<\/li>\n<li>MyContracts 7-dagars gratis provperiod<\/li>\n<li>Tillg\u00e5ng till 100+ gratis avtalsmallar som \u00e4r skapade av advokater (+ k\u00f6p inuti app)<\/li>\n<li>Dokumentmallar p\u00e5 estniska, engelska, finska och svenska<\/li>\n<li>Obegr\u00e4nsad nedladdning (pdf, docx)<\/li>\n<li>Dokumentdelning<\/li>\n<li>Diskussion i dokument<\/li>\n<li>Revisionssp\u00e5r med aviseringar<\/li>\n<li>Kollaborativa utarbetande och redigeringar<\/li>\n<li>L\u00e4gg till bilagor i dokumentet<\/li>\n<li>P\u00e5minnelser (personliga och medarbetares)<\/li>\n<li>Dynamisk godk\u00e4nnandeprocess<\/li>\n<li>Dokumentsignering (Dokobit, SignNow elektronisk signatur)<\/li>\n<li>Hantering av dokumentmall<\/li>\n<li>S\u00e4ker elektronisk arkivering<\/li>\n<li>Personlig instrumentpanel<\/li>\n<li>Uppladdning av externt dokument<\/li>\n<li>Chattsupport<\/li>\n<\/ul>\n<p>&nbsp;<\/p>\n<p><strong>Mot extra kostnad:<\/strong><\/p>\n<ul>\n<li>Skr\u00e4ddarsydda avtal<\/li>\n<li>Juridisk konsultation<\/li>\n<li><em>K\u00f6p avtalsmallar \u2013 kommer snart<\/em><\/li>\n<\/ul>\n<p><strong>\u00a0<\/strong><\/p>\n<p><strong>Viktigt:<\/strong><\/p>\n<ul>\n<li>Tj\u00e4nsten tillhandah\u00e5lls i samarbete med Avokaado och deras anv\u00e4ndarvillkor g\u00e4ller, f\u00f6rutom villkoren f\u00f6r avgifter, registrering och tillg\u00e5ng till tj\u00e4nsten. L\u00e4s Avokaados <a href=\"https:\/\/avokaado.io\/terms-of-service\/\">villkor och sekretesspolicy<\/a> samt <a href=\"https:\/\/avokaado.io\/data-security-privacy\/\">datas\u00e4kerhet och integritet<\/a>\u00a0innan du g\u00f6r k\u00f6pet.<\/li>\n<li>MyContracts \u00e4r en m\u00e5natlig prenumerationstj\u00e4nst. Prenumerationen f\u00f6rnyas automatiskt varje m\u00e5nad. Du kan s\u00e4ga upp prenumerationen i my1Office-portalen innan den aktuella prenumerationsperioden l\u00f6per ut. Belopp som betalats till 1Office \u00e5terbetalas inte.<\/li>\n<li>Kostnadsfri provperiod p\u00e5 7 dagar fr\u00e5n dagen f\u00f6r registrering av myContracts. Den betalda perioden startar automatiskt efter utg\u00e5ngen av 7-dagars gratis provperiod.<\/li>\n<li>Tj\u00e4nsten \u00e4r tillg\u00e4nglig endat f\u00f6r f\u00f6retag och inte f\u00f6r privatpersoner. V\u00e4nligen v\u00e4lj r\u00e4tt f\u00f6retagsnamn uppe till h\u00f6ger p\u00e5 sk\u00e4rmen i my1Office-portalen innan du registrerar dig f\u00f6r tj\u00e4nsten.<\/li>\n<\/ul>\n<p>[\/vc_column_text]\n\t\t\t\t            <\/div>\n\t        \t\t\t<\/dd>\n    \t<\/dl>\n    <!--<div class=\"extraborder\" style=\"background-color:#ffffff\"><\/div>-->\n<\/div>\n\n<\/div>[\/vc_column][\/vc_row]<\/p>\n<\/div>","protected":false},"excerpt":{"rendered":"<p>Tar det f\u00f6r l\u00e5ng tid att utarbeta juridiska dokument? Vill du ha en b\u00e4ttre \u00f6verblick \u00f6ver dina aff\u00e4rsavtal? Dessa fr\u00e5gor \u00e4r v\u00e4ldigt vanliga i sm\u00e5 och medelstora f\u00f6retag. Om du letar efter ett b\u00e4ttre s\u00e4tt att ha kontroll p\u00e5 dina avtal och andra juridiska dokument, leta inte l\u00e4ngre. MyContracts \u00e4r en SaaS-plattform (Software as a Service) skapad f\u00f6r att l\u00e5ta v\u00e5ra kunder njuta av en digital arbetsyta f\u00f6r avtalsautomatisering. Automatiserade mallar f\u00f6r avtal g\u00f6r det m\u00f6jligt att utarbeta \u00e4ven de mest komplexa dokument upp till 98 % snabbare. Du kan enkelt skapa, dela, kommentera och underteckna avtal i en s\u00e4ker milj\u00f6 utan att en jurist eller advokat \u00e4r inblandad. Det \u00e4r en effektiv l\u00f6sning f\u00f6r f\u00f6retag som vill effektivisera sin dokumenthantering n\u00e4r man utarbetar vardagliga dokument.<\/p>\n","protected":false},"featured_media":60341,"template":"","meta":{"_acf_changed":false,"inline_featured_image":false},"product_brand":[],"product_cat":[372],"product_tag":[],"class_list":{"0":"post-60574","1":"product","2":"type-product","3":"status-publish","4":"has-post-thumbnail","6":"product_cat-legal-services-sv","7":"description-off","9":"first","10":"instock","11":"taxable","12":"shipping-taxable","13":"product-type-external"},"bundled_by":[],"bundle_stock_status":"instock","bundle_stock_quantity":null,"bundle_virtual":false,"bundle_layout":"","bundle_add_to_cart_form_location":"","bundle_editable_in_cart":false,"bundle_sold_individually_context":"","bundle_item_grouping":"","bundle_min_size":"","bundle_max_size":"","bundle_price":[],"bundled_items":[],"bundle_sell_ids":[],"acf":[],"yoast_head":"<!-- This site is optimized with the Yoast SEO plugin v23.0 - https:\/\/yoast.com\/wordpress\/plugins\/seo\/ -->\n<title>MyContracts | 7-day free trial | 1Office Sweden<\/title>\n<meta name=\"description\" content=\"MyContracts is a better way to manage your contract lifecycle. The contract automation software templates let you draft complex documents up to 98% faster.\" \/>\n<meta name=\"robots\" content=\"noindex, follow, max-snippet:-1, max-image-preview:large, max-video-preview:-1\" \/>\n<meta property=\"og:locale\" content=\"sv_SE\" \/>\n<meta property=\"og:type\" content=\"article\" \/>\n<meta property=\"og:title\" content=\"MyContracts | 7-day free trial | 1Office Sweden\" \/>\n<meta property=\"og:description\" content=\"MyContracts is a better way to manage your contract lifecycle. The contract automation software templates let you draft complex documents up to 98% faster.\" \/>\n<meta property=\"og:url\" content=\"https:\/\/dev.1office.co\/sweden\/sv\/produkt\/mycontracts\/\" \/>\n<meta property=\"og:site_name\" content=\"1Office Sweden\" \/>\n<meta property=\"article:modified_time\" content=\"2022-01-25T09:11:05+00:00\" \/>\n<meta property=\"og:image\" content=\"https:\/\/dev.1office.co\/sweden\/wp-content\/uploads\/sites\/13\/2021\/08\/my-Contracts-PNG.png\" \/>\n\t<meta property=\"og:image:width\" content=\"1218\" \/>\n\t<meta property=\"og:image:height\" content=\"1150\" \/>\n\t<meta property=\"og:image:type\" content=\"image\/png\" \/>\n<meta name=\"twitter:card\" content=\"summary_large_image\" \/>\n<meta name=\"twitter:label1\" content=\"Ber\u00e4knad l\u00e4stid\" \/>\n\t<meta name=\"twitter:data1\" content=\"2 minuter\" \/>\n<script type=\"application\/ld+json\" class=\"yoast-schema-graph\">{\"@context\":\"https:\/\/schema.org\",\"@graph\":[{\"@type\":\"WebPage\",\"@id\":\"https:\/\/dev.1office.co\/sweden\/sv\/produkt\/mycontracts\/\",\"url\":\"https:\/\/dev.1office.co\/sweden\/sv\/produkt\/mycontracts\/\",\"name\":\"MyContracts | 7-day free trial | 1Office Sweden\",\"isPartOf\":{\"@id\":\"https:\/\/dev.1office.co\/sweden\/#website\"},\"primaryImageOfPage\":{\"@id\":\"https:\/\/dev.1office.co\/sweden\/sv\/produkt\/mycontracts\/#primaryimage\"},\"image\":{\"@id\":\"https:\/\/dev.1office.co\/sweden\/sv\/produkt\/mycontracts\/#primaryimage\"},\"thumbnailUrl\":\"https:\/\/dev.1office.co\/sweden\/wp-content\/uploads\/sites\/13\/2021\/08\/my-Contracts-PNG.png\",\"datePublished\":\"2021-08-23T13:16:28+00:00\",\"dateModified\":\"2022-01-25T09:11:05+00:00\",\"description\":\"MyContracts is a better way to manage your contract lifecycle. The contract automation software templates let you draft complex documents up to 98% faster.\",\"breadcrumb\":{\"@id\":\"https:\/\/dev.1office.co\/sweden\/sv\/produkt\/mycontracts\/#breadcrumb\"},\"inLanguage\":\"sv-SE\",\"potentialAction\":[{\"@type\":\"ReadAction\",\"target\":[\"https:\/\/dev.1office.co\/sweden\/sv\/produkt\/mycontracts\/\"]}]},{\"@type\":\"ImageObject\",\"inLanguage\":\"sv-SE\",\"@id\":\"https:\/\/dev.1office.co\/sweden\/sv\/produkt\/mycontracts\/#primaryimage\",\"url\":\"https:\/\/dev.1office.co\/sweden\/wp-content\/uploads\/sites\/13\/2021\/08\/my-Contracts-PNG.png\",\"contentUrl\":\"https:\/\/dev.1office.co\/sweden\/wp-content\/uploads\/sites\/13\/2021\/08\/my-Contracts-PNG.png\",\"width\":1218,\"height\":1150},{\"@type\":\"BreadcrumbList\",\"@id\":\"https:\/\/dev.1office.co\/sweden\/sv\/produkt\/mycontracts\/#breadcrumb\",\"itemListElement\":[{\"@type\":\"ListItem\",\"position\":1,\"name\":\"Home\",\"item\":\"https:\/\/dev.1office.co\/sweden\/sv\/\"},{\"@type\":\"ListItem\",\"position\":2,\"name\":\"Shop\",\"item\":\"https:\/\/dev.1office.co\/sweden\/shop\/\"},{\"@type\":\"ListItem\",\"position\":3,\"name\":\"MyContracts, 7-dagars gratis provperiod\"}]},{\"@type\":\"WebSite\",\"@id\":\"https:\/\/dev.1office.co\/sweden\/#website\",\"url\":\"https:\/\/dev.1office.co\/sweden\/\",\"name\":\"1Office Sweden\",\"description\":\"Making Business Simple\",\"potentialAction\":[{\"@type\":\"SearchAction\",\"target\":{\"@type\":\"EntryPoint\",\"urlTemplate\":\"https:\/\/dev.1office.co\/sweden\/?s={search_term_string}\"},\"query-input\":\"required name=search_term_string\"}],\"inLanguage\":\"sv-SE\"}]}<\/script>\n<!-- \/ Yoast SEO plugin. -->","yoast_head_json":{"title":"MyContracts | 7-day free trial | 1Office Sweden","description":"MyContracts is a better way to manage your contract lifecycle. The contract automation software templates let you draft complex documents up to 98% faster.","robots":{"index":"noindex","follow":"follow","max-snippet":"max-snippet:-1","max-image-preview":"max-image-preview:large","max-video-preview":"max-video-preview:-1"},"og_locale":"sv_SE","og_type":"article","og_title":"MyContracts | 7-day free trial | 1Office Sweden","og_description":"MyContracts is a better way to manage your contract lifecycle. The contract automation software templates let you draft complex documents up to 98% faster.","og_url":"https:\/\/dev.1office.co\/sweden\/sv\/produkt\/mycontracts\/","og_site_name":"1Office Sweden","article_modified_time":"2022-01-25T09:11:05+00:00","og_image":[{"width":1218,"height":1150,"url":"https:\/\/dev.1office.co\/sweden\/wp-content\/uploads\/sites\/13\/2021\/08\/my-Contracts-PNG.png","type":"image\/png"}],"twitter_card":"summary_large_image","twitter_misc":{"Ber\u00e4knad l\u00e4stid":"2 minuter"},"schema":{"@context":"https:\/\/schema.org","@graph":[{"@type":"WebPage","@id":"https:\/\/dev.1office.co\/sweden\/sv\/produkt\/mycontracts\/","url":"https:\/\/dev.1office.co\/sweden\/sv\/produkt\/mycontracts\/","name":"MyContracts | 7-day free trial | 1Office Sweden","isPartOf":{"@id":"https:\/\/dev.1office.co\/sweden\/#website"},"primaryImageOfPage":{"@id":"https:\/\/dev.1office.co\/sweden\/sv\/produkt\/mycontracts\/#primaryimage"},"image":{"@id":"https:\/\/dev.1office.co\/sweden\/sv\/produkt\/mycontracts\/#primaryimage"},"thumbnailUrl":"https:\/\/dev.1office.co\/sweden\/wp-content\/uploads\/sites\/13\/2021\/08\/my-Contracts-PNG.png","datePublished":"2021-08-23T13:16:28+00:00","dateModified":"2022-01-25T09:11:05+00:00","description":"MyContracts is a better way to manage your contract lifecycle. The contract automation software templates let you draft complex documents up to 98% faster.","breadcrumb":{"@id":"https:\/\/dev.1office.co\/sweden\/sv\/produkt\/mycontracts\/#breadcrumb"},"inLanguage":"sv-SE","potentialAction":[{"@type":"ReadAction","target":["https:\/\/dev.1office.co\/sweden\/sv\/produkt\/mycontracts\/"]}]},{"@type":"ImageObject","inLanguage":"sv-SE","@id":"https:\/\/dev.1office.co\/sweden\/sv\/produkt\/mycontracts\/#primaryimage","url":"https:\/\/dev.1office.co\/sweden\/wp-content\/uploads\/sites\/13\/2021\/08\/my-Contracts-PNG.png","contentUrl":"https:\/\/dev.1office.co\/sweden\/wp-content\/uploads\/sites\/13\/2021\/08\/my-Contracts-PNG.png","width":1218,"height":1150},{"@type":"BreadcrumbList","@id":"https:\/\/dev.1office.co\/sweden\/sv\/produkt\/mycontracts\/#breadcrumb","itemListElement":[{"@type":"ListItem","position":1,"name":"Home","item":"https:\/\/dev.1office.co\/sweden\/sv\/"},{"@type":"ListItem","position":2,"name":"Shop","item":"https:\/\/dev.1office.co\/sweden\/shop\/"},{"@type":"ListItem","position":3,"name":"MyContracts, 7-dagars gratis provperiod"}]},{"@type":"WebSite","@id":"https:\/\/dev.1office.co\/sweden\/#website","url":"https:\/\/dev.1office.co\/sweden\/","name":"1Office Sweden","description":"Making Business Simple","potentialAction":[{"@type":"SearchAction","target":{"@type":"EntryPoint","urlTemplate":"https:\/\/dev.1office.co\/sweden\/?s={search_term_string}"},"query-input":"required name=search_term_string"}],"inLanguage":"sv-SE"}]}},"_links":{"self":[{"href":"https:\/\/dev.1office.co\/sweden\/sv\/wp-json\/wp\/v2\/product\/60574","targetHints":{"allow":["GET"]}}],"collection":[{"href":"https:\/\/dev.1office.co\/sweden\/sv\/wp-json\/wp\/v2\/product"}],"about":[{"href":"https:\/\/dev.1office.co\/sweden\/sv\/wp-json\/wp\/v2\/types\/product"}],"wp:featuredmedia":[{"embeddable":true,"href":"https:\/\/dev.1office.co\/sweden\/sv\/wp-json\/wp\/v2\/media\/60341"}],"wp:attachment":[{"href":"https:\/\/dev.1office.co\/sweden\/sv\/wp-json\/wp\/v2\/media?parent=60574"}],"wp:term":[{"taxonomy":"product_brand","embeddable":true,"href":"https:\/\/dev.1office.co\/sweden\/sv\/wp-json\/wp\/v2\/product_brand?post=60574"},{"taxonomy":"product_cat","embeddable":true,"href":"https:\/\/dev.1office.co\/sweden\/sv\/wp-json\/wp\/v2\/product_cat?post=60574"},{"taxonomy":"product_tag","embeddable":true,"href":"https:\/\/dev.1office.co\/sweden\/sv\/wp-json\/wp\/v2\/product_tag?post=60574"}],"curies":[{"name":"wp","href":"https:\/\/api.w.org\/{rel}","templated":true}]}}