{"id":60565,"date":"2019-10-15T12:54:45","date_gmt":"2019-11-11T09:30:49","guid":{"rendered":"https:\/\/dev.1office.co\/sweden\/product\/id06-company-registration-manual-identification-and-counsel\/"},"modified":"2022-01-25T08:14:07","modified_gmt":"2022-01-25T08:14:07","slug":"id06-company-registration-manual-identification-and-counsel","status":"publish","type":"product","link":"https:\/\/dev.1office.co\/sweden\/sv\/produkt\/id06-company-registration-manual-identification-and-counsel\/","title":{"rendered":"ID06 &#8211; f\u00f6retagsregistrering, manuell identifiering och instruktioner f\u00f6r ID06-kort best\u00e4llning"},"content":{"rendered":"<div class=\"wpb-content-wrapper\"><p>[vc_row][vc_column]<div id=\"advanced-tabs-desc-wrap-1402\" class=\"ult_tabs product_tabs\" style=\" \" data-tabsstyle=\"style1\"\n data-titlebg=\"#ffffff\" data-titlecolor=\"#b6b8ba\" data-fullheight=\"off\"\n data-titlehoverbg=\"#ffffff\" data-titlehovercolor=\"#1d1e23\"\n data-rotatetabs=\"0\" data-responsivemode=\"Both\" data-animation=\"Slide\"\ndata-activetitle=\"#1d1e23\" data-activeicon=\"\" data-activebg=\"#ffffff\"  data-respmode=\"Tabs\" data-respwidth=\"400\" data-scroll = \"on\" data-activeindex=\"1\"><ul id=advanced-tabs-wrap-2740 class=\"ult_tabmenu style1 \" style=\"\"><li class=\"ult_tab_li  \" data-iconcolor=\"#74777b\" data-iconhover=\"#ffffff\" style=\"background-color:#ffffff;border-color:transparent;border-width:0px;border-style:solid;border-top-right-radius:8px;\">\n\t\t\t\t\t<a href=\"#1512642751410-8d7ab-c11d\"  id=\"1512642751410-8d7ab-c11d\"  style=\"color:#b6b8ba;; padding:15px; \" class=\"ult_a  \">\n\t\t\t\t\t     <span class=\"ult_tab_main Both \">\n\t\t\t\t\t \t\t <span class=\"ult_tab_section\">\n\t\t\t\t\t   \t\t\t<span  data-ultimate-target='#advanced-tabs-wrap-2740 .ult-span-text'  data-responsive-json-new='{\"font-size\":\"desktop:14px;\",\"line-height\":\"\"}'  class=\"ult-span-text no_icon ult_tab_display_text ult-responsive\" style=\"font-weight:bold;;\">BESKRIVNING<\/span>\n\t\t\t\t\t   \t\t<\/span>\n\t\t\t\t\t\t<\/span>\n\t\t\t\t\t<\/a>\n\t\t\t\t\t<\/li><\/ul><div  data-ultimate-target='#advanced-tabs-desc-wrap-1402 .ult_tabcontent .ult_tab_min_contain  p'  data-responsive-json-new='{\"font-size\":\"\",\"line-height\":\"\"}' class=\"ult_tabcontent ult-responsive style1\" style=\"color:#74777b;\"><div class=\"ult_tab_min_contain \" >\n\t\t\t<div  class=\"ult_tabitemname\"  >\n\t\t\t\t[vc_column_text]<\/p>\n<p>Fr\u00e5n och med den 1 november 2016 m\u00e5ste alla f\u00f6retag och personal ha ett giltigt ID06-kort n\u00e4r de befinner sig p\u00e5 en byggarbetsplats. ID06 syftar till att skapa en s\u00e4krare arbetsmilj\u00f6 och f\u00f6rhindra anv\u00e4ndning av illegal arbetskraft. ID06-kort som sl\u00e4ppts f\u00f6re den 21 januari 2020 har nu g\u00e5tt ut. Alla anst\u00e4llda m\u00e5ste ha nya giltiga ID06 2.0-kort f\u00f6r att komma in p\u00e5 \u00a0byggarbetsplatser i Sverige.<\/p>\n<p>Alla personer p\u00e5 byggarbetsplatser (anst\u00e4llda, representanter, praktikanter, studenter) registreras i ID06-systemet och f\u00e5r ett individuellt ID06-kort f\u00f6r den tid de vistas p\u00e5 byggarbetsplatsen. Annars till\u00e4mpas sanktioner mot arbetsgivare.<\/p>\n<p>Endast f\u00f6retag som \u00e4r registrerade i ID06-portalen f\u00e5r best\u00e4lla ID06-kort till sina anst\u00e4llda. F\u00f6retagsrepresentanter och anst\u00e4llda m\u00e5ste identifiera sig antingen via svenskt BankID eller g\u00f6ra en manuell identifiering hos n\u00e5gon ackrediterade ID06-partner som har en dokumentl\u00e4sare.<\/p>\n<p>1Office \u00e4r en ackrediterad ID06-partner fr\u00e5n \u00e5r 2019. Den manuella identifieringen g\u00f6rs p\u00e5 v\u00e5r kontor i Tallinn, Helsingfors eller Riga.<\/p>\n<p>&nbsp;<\/p>\n<p><strong>Priset inkluderar:<\/strong><\/p>\n<ul>\n<li>Registrering av f\u00f6retaget i ID06-portalen<\/li>\n<li>Manuell identifiering av f\u00f6retagsrepresentanter<\/li>\n<li>V\u00e4gledning om hur man anv\u00e4nder systemet<\/li>\n<\/ul>\n<p><strong>\u00a0<\/strong><\/p>\n<p><strong>Mot extra kostnad:<\/strong><\/p>\n<ul>\n<li>Manuell identifiering av anst\u00e4llda<\/li>\n<li>Registrering av utstationerade arbetstagare hos Arbetsmilj\u00f6verket (1500 kr)<\/li>\n<\/ul>\n<p>&nbsp;<\/p>\n<p><strong>Processfl\u00f6de:<\/strong><\/p>\n<ul>\n<li>Efter att ha k\u00f6pt tj\u00e4nsten ska v\u00e5r specialist kontakta dig och boka tid f\u00f6r f\u00f6retagsregistrering i ID06-portalen p\u00e5 v\u00e5rt kontor.<\/li>\n<li>V\u00e5r ackrediterade ID06-specialist ska m\u00f6ta dig p\u00e5 v\u00e5rt kontor och g\u00e5 igenom processen f\u00f6r att registrera ditt f\u00f6retag i ID06-portalen. Efter registreringen ska vi utf\u00f6ra den manuella identifieringen av f\u00f6retagsrepresentanterna.<\/li>\n<li>Efter registrering av ditt f\u00f6retag i ID06-portalen ger vi en \u00f6versikt \u00f6ver portalen och visar hu man kan best\u00e4lla ID06-kort f\u00f6r anst\u00e4llda.<\/li>\n<li>Vi ska boka en annan tid f\u00f6r den manuella identifieringen av anst\u00e4llda. Under den manuella identifieringen av anst\u00e4llda ska vi skanna den anst\u00e4lldes legitimation. D\u00e4refter f\u00e5r hen ett sms med en unik kod som m\u00e5ste registreras i ID06-portalen.<\/li>\n<li>ID06-kort till anst\u00e4llda kan best\u00e4llas genom att f\u00f6rst v\u00e4lja en kortpartner.<\/li>\n<\/ul>\n<p><strong>\u00a0<\/strong><\/p>\n<p><strong>Viktigt:<\/strong><\/p>\n<ul>\n<li>Kontakta oss p\u00e5 <a href=\"mailto:sales@1office.co\">sales@1office.co<\/a> eller +372 664 5402 om du beh\u00f6ver ytterligare information.<\/li>\n<li>Du kan kolla f\u00f6retagets ID06-status <a href=\"https:\/\/id06.se\/foretagskontroll\/\"><u>h\u00e4r<\/u><\/a><\/li>\n<li>Alla f\u00f6retagsrepresentanter m\u00e5ste ha sin legitimation med sig n\u00e4r de bes\u00f6ker v\u00e5rt kontor<\/li>\n<li>Alla f\u00f6retagsrepresentanter m\u00e5ste ha en giltig e-postadress och telefonnummer<\/li>\n<li>Vi ska boka en annan tid f\u00f6r den manuella identifieringen av anst\u00e4llda<\/li>\n<li>Tidigare skatteregistreringar \u00e4r n\u00f6dv\u00e4ndiga f\u00f6r ett utl\u00e4ndskt f\u00f6retag<\/li>\n<li>Moms tillkommer p\u00e5 priset<\/li>\n<\/ul>\n<p>[\/vc_column_text]\n\t\t\t<\/div><\/div><\/div><\/div><div class=\"ult_acord advanced-tabs-desc-wrap-1402\">\n   <div class=\"ult-tabto-accordion \" style=\"width:;\"\n    data-titlecolor=\"#b6b8ba\"  data-titlebg=\"#ffffff\"\n     data-titlehoverbg=\"#ffffff\" data-titlehovercolor=\"#1d1e23\" data-animation=\"Slide\"\n     data-activetitle=\"#1d1e23\" data-activeicon=\"\" data-activebg=\"#ffffff\" data-scroll = \"on\" data-activeindex=\"1\" >\n     <dl><dt class=\"\">\n\t        \t<a class=\"ult-tabto-actitle withBorder ult_a \" id=\"1512642751410-8d7ab-c11d\" style=\"color:#b6b8ba;;background-color:#ffffff;border-bottom-color:transparent;border-bottom-width:0px;border-bottom-style:solid;\" href=\"#1512642751410-8d7ab-c11d\">\n\t        \t\t<i class=\"accordion-icon\"><\/i>\n\t        \t\t\t<span class=\"ult_tab_main ult_ac_main ult_noacordicnBoth\">\n\n\t\t\t\t\t\t<span  data-ultimate-target='#advanced-tabs-wrap-2740 .ult-span-text'  data-responsive-json-new='{\"font-size\":\"desktop:14px;\",\"line-height\":\"\"}'  class=\"ult-span-text no_icon ult_acordian-text ult-responsive\" style=\"font-weight:bold;;color:inherit \" >BESKRIVNING<\/span>\n\t\t\t\t\t\t<\/span><\/a><\/dt>\n\t            \t\t<dd class=\"ult-tabto-accordionItem ult-tabto-accolapsed\">\n\t\t\t\t            <div class=\"ult-tabto-acontent\" style=\"color:#74777b;\">\n\t\t\t\t               [vc_column_text]<\/p>\n<p>Fr\u00e5n och med den 1 november 2016 m\u00e5ste alla f\u00f6retag och personal ha ett giltigt ID06-kort n\u00e4r de befinner sig p\u00e5 en byggarbetsplats. ID06 syftar till att skapa en s\u00e4krare arbetsmilj\u00f6 och f\u00f6rhindra anv\u00e4ndning av illegal arbetskraft. ID06-kort som sl\u00e4ppts f\u00f6re den 21 januari 2020 har nu g\u00e5tt ut. Alla anst\u00e4llda m\u00e5ste ha nya giltiga ID06 2.0-kort f\u00f6r att komma in p\u00e5 \u00a0byggarbetsplatser i Sverige.<\/p>\n<p>Alla personer p\u00e5 byggarbetsplatser (anst\u00e4llda, representanter, praktikanter, studenter) registreras i ID06-systemet och f\u00e5r ett individuellt ID06-kort f\u00f6r den tid de vistas p\u00e5 byggarbetsplatsen. Annars till\u00e4mpas sanktioner mot arbetsgivare.<\/p>\n<p>Endast f\u00f6retag som \u00e4r registrerade i ID06-portalen f\u00e5r best\u00e4lla ID06-kort till sina anst\u00e4llda. F\u00f6retagsrepresentanter och anst\u00e4llda m\u00e5ste identifiera sig antingen via svenskt BankID eller g\u00f6ra en manuell identifiering hos n\u00e5gon ackrediterade ID06-partner som har en dokumentl\u00e4sare.<\/p>\n<p>1Office \u00e4r en ackrediterad ID06-partner fr\u00e5n \u00e5r 2019. Den manuella identifieringen g\u00f6rs p\u00e5 v\u00e5r kontor i Tallinn, Helsingfors eller Riga.<\/p>\n<p>&nbsp;<\/p>\n<p><strong>Priset inkluderar:<\/strong><\/p>\n<ul>\n<li>Registrering av f\u00f6retaget i ID06-portalen<\/li>\n<li>Manuell identifiering av f\u00f6retagsrepresentanter<\/li>\n<li>V\u00e4gledning om hur man anv\u00e4nder systemet<\/li>\n<\/ul>\n<p><strong>\u00a0<\/strong><\/p>\n<p><strong>Mot extra kostnad:<\/strong><\/p>\n<ul>\n<li>Manuell identifiering av anst\u00e4llda<\/li>\n<li>Registrering av utstationerade arbetstagare hos Arbetsmilj\u00f6verket (1500 kr)<\/li>\n<\/ul>\n<p>&nbsp;<\/p>\n<p><strong>Processfl\u00f6de:<\/strong><\/p>\n<ul>\n<li>Efter att ha k\u00f6pt tj\u00e4nsten ska v\u00e5r specialist kontakta dig och boka tid f\u00f6r f\u00f6retagsregistrering i ID06-portalen p\u00e5 v\u00e5rt kontor.<\/li>\n<li>V\u00e5r ackrediterade ID06-specialist ska m\u00f6ta dig p\u00e5 v\u00e5rt kontor och g\u00e5 igenom processen f\u00f6r att registrera ditt f\u00f6retag i ID06-portalen. Efter registreringen ska vi utf\u00f6ra den manuella identifieringen av f\u00f6retagsrepresentanterna.<\/li>\n<li>Efter registrering av ditt f\u00f6retag i ID06-portalen ger vi en \u00f6versikt \u00f6ver portalen och visar hu man kan best\u00e4lla ID06-kort f\u00f6r anst\u00e4llda.<\/li>\n<li>Vi ska boka en annan tid f\u00f6r den manuella identifieringen av anst\u00e4llda. Under den manuella identifieringen av anst\u00e4llda ska vi skanna den anst\u00e4lldes legitimation. D\u00e4refter f\u00e5r hen ett sms med en unik kod som m\u00e5ste registreras i ID06-portalen.<\/li>\n<li>ID06-kort till anst\u00e4llda kan best\u00e4llas genom att f\u00f6rst v\u00e4lja en kortpartner.<\/li>\n<\/ul>\n<p><strong>\u00a0<\/strong><\/p>\n<p><strong>Viktigt:<\/strong><\/p>\n<ul>\n<li>Kontakta oss p\u00e5 <a href=\"mailto:sales@1office.co\">sales@1office.co<\/a> eller +372 664 5402 om du beh\u00f6ver ytterligare information.<\/li>\n<li>Du kan kolla f\u00f6retagets ID06-status <a href=\"https:\/\/id06.se\/foretagskontroll\/\"><u>h\u00e4r<\/u><\/a><\/li>\n<li>Alla f\u00f6retagsrepresentanter m\u00e5ste ha sin legitimation med sig n\u00e4r de bes\u00f6ker v\u00e5rt kontor<\/li>\n<li>Alla f\u00f6retagsrepresentanter m\u00e5ste ha en giltig e-postadress och telefonnummer<\/li>\n<li>Vi ska boka en annan tid f\u00f6r den manuella identifieringen av anst\u00e4llda<\/li>\n<li>Tidigare skatteregistreringar \u00e4r n\u00f6dv\u00e4ndiga f\u00f6r ett utl\u00e4ndskt f\u00f6retag<\/li>\n<li>Moms tillkommer p\u00e5 priset<\/li>\n<\/ul>\n<p>[\/vc_column_text]\n\t\t\t\t            <\/div>\n\t        \t\t\t<\/dd>\n    \t<\/dl>\n    <!--<div class=\"extraborder\" style=\"background-color:#ffffff\"><\/div>-->\n<\/div>\n\n<\/div>[\/vc_column][\/vc_row]<\/p>\n<\/div>","protected":false},"excerpt":{"rendered":"<p>Registrering av f\u00f6retag i ID06-portalen f\u00f6r att best\u00e4lla nya ID06 2.0-kort. Manuell identifiering av f\u00f6retagsrepresentanter och anst\u00e4llda sker p\u00e5 v\u00e5r kontor i Tallinn, Helsingfors eller Riga.<\/p>\n","protected":false},"featured_media":59132,"template":"","meta":{"_acf_changed":false,"inline_featured_image":false},"product_brand":[],"product_cat":[372],"product_tag":[374],"class_list":{"0":"post-60565","1":"product","2":"type-product","3":"status-publish","4":"has-post-thumbnail","6":"product_cat-legal-services-sv","7":"product_tag-sweden-sv","8":"description-off","10":"first","11":"instock","12":"sale","13":"taxable","14":"shipping-taxable","15":"purchasable","16":"product-type-simple"},"bundled_by":["60703"],"bundle_stock_status":"instock","bundle_stock_quantity":null,"bundle_virtual":false,"bundle_layout":"","bundle_add_to_cart_form_location":"","bundle_editable_in_cart":false,"bundle_sold_individually_context":"","bundle_item_grouping":"","bundle_min_size":"","bundle_max_size":"","bundle_price":[],"bundled_items":[],"bundle_sell_ids":[],"acf":[],"yoast_head":"<!-- This site is optimized with the Yoast SEO plugin v23.0 - https:\/\/yoast.com\/wordpress\/plugins\/seo\/ -->\n<title>ID06 - f\u00f6retagsregistrering, manuell identifiering och instruktioner f\u00f6r ID06-kort best\u00e4llning -<\/title>\n<meta name=\"description\" content=\"Registration of the company in the ID06 portal to order new ID06 2.0 cards can be done in our Tallinn, Helsinki and Riga offices.\" \/>\n<meta name=\"robots\" content=\"noindex, follow, max-snippet:-1, max-image-preview:large, max-video-preview:-1\" \/>\n<meta property=\"og:locale\" content=\"sv_SE\" \/>\n<meta property=\"og:type\" content=\"article\" \/>\n<meta property=\"og:title\" content=\"ID06 - f\u00f6retagsregistrering, manuell identifiering och instruktioner f\u00f6r ID06-kort best\u00e4llning -\" \/>\n<meta property=\"og:description\" content=\"Registration of the company in the ID06 portal to order new ID06 2.0 cards can be done in our Tallinn, Helsinki and Riga offices.\" \/>\n<meta property=\"og:url\" content=\"https:\/\/dev.1office.co\/sweden\/sv\/produkt\/id06-company-registration-manual-identification-and-counsel\/\" \/>\n<meta property=\"og:site_name\" content=\"1Office Sweden\" \/>\n<meta property=\"article:modified_time\" content=\"2022-01-25T08:14:07+00:00\" \/>\n<meta property=\"og:image\" content=\"https:\/\/dev.1office.co\/sweden\/wp-content\/uploads\/sites\/13\/2019\/10\/180215_id063-800x470.jpg\" \/>\n\t<meta property=\"og:image:width\" content=\"800\" \/>\n\t<meta property=\"og:image:height\" content=\"470\" \/>\n\t<meta property=\"og:image:type\" content=\"image\/jpeg\" \/>\n<meta name=\"twitter:card\" content=\"summary_large_image\" \/>\n<meta name=\"twitter:label1\" content=\"Ber\u00e4knad l\u00e4stid\" \/>\n\t<meta name=\"twitter:data1\" content=\"2 minuter\" \/>\n<script type=\"application\/ld+json\" class=\"yoast-schema-graph\">{\"@context\":\"https:\/\/schema.org\",\"@graph\":[{\"@type\":\"WebPage\",\"@id\":\"https:\/\/dev.1office.co\/sweden\/sv\/produkt\/id06-company-registration-manual-identification-and-counsel\/\",\"url\":\"https:\/\/dev.1office.co\/sweden\/sv\/produkt\/id06-company-registration-manual-identification-and-counsel\/\",\"name\":\"ID06 - f\u00f6retagsregistrering, manuell identifiering och instruktioner f\u00f6r ID06-kort best\u00e4llning -\",\"isPartOf\":{\"@id\":\"https:\/\/dev.1office.co\/sweden\/#website\"},\"primaryImageOfPage\":{\"@id\":\"https:\/\/dev.1office.co\/sweden\/sv\/produkt\/id06-company-registration-manual-identification-and-counsel\/#primaryimage\"},\"image\":{\"@id\":\"https:\/\/dev.1office.co\/sweden\/sv\/produkt\/id06-company-registration-manual-identification-and-counsel\/#primaryimage\"},\"thumbnailUrl\":\"https:\/\/dev.1office.co\/sweden\/wp-content\/uploads\/sites\/13\/2019\/10\/180215_id063-800x470.jpg\",\"datePublished\":\"2019-11-11T09:30:49+00:00\",\"dateModified\":\"2022-01-25T08:14:07+00:00\",\"description\":\"Registration of the company in the ID06 portal to order new ID06 2.0 cards can be done in our Tallinn, Helsinki and Riga offices.\",\"breadcrumb\":{\"@id\":\"https:\/\/dev.1office.co\/sweden\/sv\/produkt\/id06-company-registration-manual-identification-and-counsel\/#breadcrumb\"},\"inLanguage\":\"sv-SE\",\"potentialAction\":[{\"@type\":\"ReadAction\",\"target\":[\"https:\/\/dev.1office.co\/sweden\/sv\/produkt\/id06-company-registration-manual-identification-and-counsel\/\"]}]},{\"@type\":\"ImageObject\",\"inLanguage\":\"sv-SE\",\"@id\":\"https:\/\/dev.1office.co\/sweden\/sv\/produkt\/id06-company-registration-manual-identification-and-counsel\/#primaryimage\",\"url\":\"https:\/\/dev.1office.co\/sweden\/wp-content\/uploads\/sites\/13\/2019\/10\/180215_id063-800x470.jpg\",\"contentUrl\":\"https:\/\/dev.1office.co\/sweden\/wp-content\/uploads\/sites\/13\/2019\/10\/180215_id063-800x470.jpg\",\"width\":800,\"height\":470},{\"@type\":\"BreadcrumbList\",\"@id\":\"https:\/\/dev.1office.co\/sweden\/sv\/produkt\/id06-company-registration-manual-identification-and-counsel\/#breadcrumb\",\"itemListElement\":[{\"@type\":\"ListItem\",\"position\":1,\"name\":\"Home\",\"item\":\"https:\/\/dev.1office.co\/sweden\/sv\/\"},{\"@type\":\"ListItem\",\"position\":2,\"name\":\"Shop\",\"item\":\"https:\/\/dev.1office.co\/sweden\/shop\/\"},{\"@type\":\"ListItem\",\"position\":3,\"name\":\"ID06 &#8211; f\u00f6retagsregistrering, manuell identifiering och instruktioner f\u00f6r ID06-kort best\u00e4llning\"}]},{\"@type\":\"WebSite\",\"@id\":\"https:\/\/dev.1office.co\/sweden\/#website\",\"url\":\"https:\/\/dev.1office.co\/sweden\/\",\"name\":\"1Office Sweden\",\"description\":\"Making Business Simple\",\"potentialAction\":[{\"@type\":\"SearchAction\",\"target\":{\"@type\":\"EntryPoint\",\"urlTemplate\":\"https:\/\/dev.1office.co\/sweden\/?s={search_term_string}\"},\"query-input\":\"required name=search_term_string\"}],\"inLanguage\":\"sv-SE\"}]}<\/script>\n<!-- \/ Yoast SEO plugin. -->","yoast_head_json":{"title":"ID06 - f\u00f6retagsregistrering, manuell identifiering och instruktioner f\u00f6r ID06-kort best\u00e4llning -","description":"Registration of the company in the ID06 portal to order new ID06 2.0 cards can be done in our Tallinn, Helsinki and Riga offices.","robots":{"index":"noindex","follow":"follow","max-snippet":"max-snippet:-1","max-image-preview":"max-image-preview:large","max-video-preview":"max-video-preview:-1"},"og_locale":"sv_SE","og_type":"article","og_title":"ID06 - f\u00f6retagsregistrering, manuell identifiering och instruktioner f\u00f6r ID06-kort best\u00e4llning -","og_description":"Registration of the company in the ID06 portal to order new ID06 2.0 cards can be done in our Tallinn, Helsinki and Riga offices.","og_url":"https:\/\/dev.1office.co\/sweden\/sv\/produkt\/id06-company-registration-manual-identification-and-counsel\/","og_site_name":"1Office Sweden","article_modified_time":"2022-01-25T08:14:07+00:00","og_image":[{"width":800,"height":470,"url":"https:\/\/dev.1office.co\/sweden\/wp-content\/uploads\/sites\/13\/2019\/10\/180215_id063-800x470.jpg","type":"image\/jpeg"}],"twitter_card":"summary_large_image","twitter_misc":{"Ber\u00e4knad l\u00e4stid":"2 minuter"},"schema":{"@context":"https:\/\/schema.org","@graph":[{"@type":"WebPage","@id":"https:\/\/dev.1office.co\/sweden\/sv\/produkt\/id06-company-registration-manual-identification-and-counsel\/","url":"https:\/\/dev.1office.co\/sweden\/sv\/produkt\/id06-company-registration-manual-identification-and-counsel\/","name":"ID06 - f\u00f6retagsregistrering, manuell identifiering och instruktioner f\u00f6r ID06-kort best\u00e4llning -","isPartOf":{"@id":"https:\/\/dev.1office.co\/sweden\/#website"},"primaryImageOfPage":{"@id":"https:\/\/dev.1office.co\/sweden\/sv\/produkt\/id06-company-registration-manual-identification-and-counsel\/#primaryimage"},"image":{"@id":"https:\/\/dev.1office.co\/sweden\/sv\/produkt\/id06-company-registration-manual-identification-and-counsel\/#primaryimage"},"thumbnailUrl":"https:\/\/dev.1office.co\/sweden\/wp-content\/uploads\/sites\/13\/2019\/10\/180215_id063-800x470.jpg","datePublished":"2019-11-11T09:30:49+00:00","dateModified":"2022-01-25T08:14:07+00:00","description":"Registration of the company in the ID06 portal to order new ID06 2.0 cards can be done in our Tallinn, Helsinki and Riga offices.","breadcrumb":{"@id":"https:\/\/dev.1office.co\/sweden\/sv\/produkt\/id06-company-registration-manual-identification-and-counsel\/#breadcrumb"},"inLanguage":"sv-SE","potentialAction":[{"@type":"ReadAction","target":["https:\/\/dev.1office.co\/sweden\/sv\/produkt\/id06-company-registration-manual-identification-and-counsel\/"]}]},{"@type":"ImageObject","inLanguage":"sv-SE","@id":"https:\/\/dev.1office.co\/sweden\/sv\/produkt\/id06-company-registration-manual-identification-and-counsel\/#primaryimage","url":"https:\/\/dev.1office.co\/sweden\/wp-content\/uploads\/sites\/13\/2019\/10\/180215_id063-800x470.jpg","contentUrl":"https:\/\/dev.1office.co\/sweden\/wp-content\/uploads\/sites\/13\/2019\/10\/180215_id063-800x470.jpg","width":800,"height":470},{"@type":"BreadcrumbList","@id":"https:\/\/dev.1office.co\/sweden\/sv\/produkt\/id06-company-registration-manual-identification-and-counsel\/#breadcrumb","itemListElement":[{"@type":"ListItem","position":1,"name":"Home","item":"https:\/\/dev.1office.co\/sweden\/sv\/"},{"@type":"ListItem","position":2,"name":"Shop","item":"https:\/\/dev.1office.co\/sweden\/shop\/"},{"@type":"ListItem","position":3,"name":"ID06 &#8211; f\u00f6retagsregistrering, manuell identifiering och instruktioner f\u00f6r ID06-kort best\u00e4llning"}]},{"@type":"WebSite","@id":"https:\/\/dev.1office.co\/sweden\/#website","url":"https:\/\/dev.1office.co\/sweden\/","name":"1Office Sweden","description":"Making Business Simple","potentialAction":[{"@type":"SearchAction","target":{"@type":"EntryPoint","urlTemplate":"https:\/\/dev.1office.co\/sweden\/?s={search_term_string}"},"query-input":"required name=search_term_string"}],"inLanguage":"sv-SE"}]}},"_links":{"self":[{"href":"https:\/\/dev.1office.co\/sweden\/sv\/wp-json\/wp\/v2\/product\/60565","targetHints":{"allow":["GET"]}}],"collection":[{"href":"https:\/\/dev.1office.co\/sweden\/sv\/wp-json\/wp\/v2\/product"}],"about":[{"href":"https:\/\/dev.1office.co\/sweden\/sv\/wp-json\/wp\/v2\/types\/product"}],"wp:featuredmedia":[{"embeddable":true,"href":"https:\/\/dev.1office.co\/sweden\/sv\/wp-json\/wp\/v2\/media\/59132"}],"wp:attachment":[{"href":"https:\/\/dev.1office.co\/sweden\/sv\/wp-json\/wp\/v2\/media?parent=60565"}],"wp:term":[{"taxonomy":"product_brand","embeddable":true,"href":"https:\/\/dev.1office.co\/sweden\/sv\/wp-json\/wp\/v2\/product_brand?post=60565"},{"taxonomy":"product_cat","embeddable":true,"href":"https:\/\/dev.1office.co\/sweden\/sv\/wp-json\/wp\/v2\/product_cat?post=60565"},{"taxonomy":"product_tag","embeddable":true,"href":"https:\/\/dev.1office.co\/sweden\/sv\/wp-json\/wp\/v2\/product_tag?post=60565"}],"curies":[{"name":"wp","href":"https:\/\/api.w.org\/{rel}","templated":true}]}}