{"id":60563,"date":"2017-08-10T08:34:11","date_gmt":"2017-08-10T08:34:11","guid":{"rendered":"https:\/\/dev.1office.co\/sweden\/product\/establishing-branch\/"},"modified":"2022-01-25T08:05:42","modified_gmt":"2022-01-25T08:05:42","slug":"establishing-branch","status":"publish","type":"product","link":"https:\/\/dev.1office.co\/sweden\/sv\/produkt\/establishing-branch\/","title":{"rendered":"Filial till ett utl\u00e4ndskt f\u00f6retag (statlig avgift ing\u00e5r)"},"content":{"rendered":"<div class=\"wpb-content-wrapper\"><p>[vc_row][vc_column]<div id=\"advanced-tabs-desc-wrap-7040\" class=\"ult_tabs product_tabs\" style=\" \" data-tabsstyle=\"style1\"\n data-titlebg=\"#ffffff\" data-titlecolor=\"#b6b8ba\" data-fullheight=\"off\"\n data-titlehoverbg=\"#ffffff\" data-titlehovercolor=\"#1d1e23\"\n data-rotatetabs=\"0\" data-responsivemode=\"Both\" data-animation=\"Slide\"\ndata-activetitle=\"#1d1e23\" data-activeicon=\"\" data-activebg=\"#ffffff\"  data-respmode=\"Tabs\" data-respwidth=\"400\" data-scroll = \"on\" data-activeindex=\"1\"><ul id=advanced-tabs-wrap-2616 class=\"ult_tabmenu style1 \" style=\"\"><li class=\"ult_tab_li  \" data-iconcolor=\"#74777b\" data-iconhover=\"#ffffff\" style=\"background-color:#ffffff;border-color:transparent;border-width:0px;border-style:solid;border-top-right-radius:8px;\">\n\t\t\t\t\t<a href=\"#1512642751410-807e9-673f\"  id=\"1512642751410-807e9-673f\"  style=\"color:#b6b8ba;; padding:15px; \" class=\"ult_a  \">\n\t\t\t\t\t     <span class=\"ult_tab_main Both \">\n\t\t\t\t\t \t\t <span class=\"ult_tab_section\">\n\t\t\t\t\t   \t\t\t<span  data-ultimate-target='#advanced-tabs-wrap-2616 .ult-span-text'  data-responsive-json-new='{\"font-size\":\"desktop:14px;\",\"line-height\":\"\"}'  class=\"ult-span-text no_icon ult_tab_display_text ult-responsive\" style=\"font-weight:bold;;\">BESKRIVNING<\/span>\n\t\t\t\t\t   \t\t<\/span>\n\t\t\t\t\t\t<\/span>\n\t\t\t\t\t<\/a>\n\t\t\t\t\t<\/li><\/ul><div  data-ultimate-target='#advanced-tabs-desc-wrap-7040 .ult_tabcontent .ult_tab_min_contain  p'  data-responsive-json-new='{\"font-size\":\"\",\"line-height\":\"\"}' class=\"ult_tabcontent ult-responsive style1\" style=\"color:#74777b;\"><div class=\"ult_tab_min_contain \" >\n\t\t\t<div  class=\"ult_tabitemname\"  >\n\t\t\t\t[vc_column_text]<\/p>\n<p>En filial \u00e4r ett utl\u00e4ndskt bolag som bedriver sin verksamhet i Sverige. Filialen \u00e4r inte en separat juridisk person utan en del av det utl\u00e4ndska f\u00f6retaget. Filialen registreras hos Bolagsverket under 5-10 arbetsdagar. Ett utl\u00e4ndskt f\u00f6retag ska utse en verkst\u00e4llande direkt\u00f6r f\u00f6r filialen. Om den utsedda verkst\u00e4llande direkt\u00f6ren inte \u00e4r bosatt i det Europeiska ekonomiska samarbetsomr\u00e5det ska en s\u00e4rskild delgivningsmottagare utses.<\/p>\n<p>&nbsp;<\/p>\n<p><strong>Priset inkluderar:<\/strong><\/p>\n<ul>\n<li>F\u00f6rberedelse och ifyllning av ans\u00f6kan, protokoll och andra dokument<\/li>\n<li>Registrering av filialen hos Bolagsverket<\/li>\n<li>St\u00f6d under hela processen<\/li>\n<li>Statlig avgift<\/li>\n<\/ul>\n<p>&nbsp;<\/p>\n<p><strong>Mot extra kostnad:<\/strong><\/p>\n<ul>\n<li>Konsultation \u2013 att starta verksamhet i Sverige<\/li>\n<li>En f\u00f6retagsadress i centrala Stockholm<\/li>\n<li>S\u00e4rskild delgivningsmottagare<\/li>\n<li>Skatteregistreringar<\/li>\n<li>Redovisningtj\u00e4nst<\/li>\n<\/ul>\n<p>&nbsp;<\/p>\n<p><strong>Processfl\u00f6de:<\/strong><\/p>\n<ul>\n<li>Svara p\u00e5 fr\u00e5gorna du f\u00e5r efter att du har k\u00f6pt tj\u00e4nsten \u2013 de \u00e4r n\u00f6dv\u00e4ndiga f\u00f6r att f\u00f6rbereda alla dokument<\/li>\n<li>Vi fyller i alla n\u00f6dv\u00e4ndiga blanketter och f\u00f6rbereder ett protokoll f\u00f6r att utse en verkst\u00e4llande direkt\u00f6r<\/li>\n<li>Efter att filialen har registrerats hos Bolagsverket skickar vi dig ett registreringsbevis (p\u00e5 svenska)<\/li>\n<\/ul>\n<p>&nbsp;<\/p>\n<p><strong>Viktigt:<\/strong><\/p>\n<ul>\n<li>F\u00f6r filialens bokf\u00f6ring g\u00e4ller detsamma regler som f\u00f6r bokf\u00f6ringen i ett svenskt f\u00f6retag av motsvarande slag. Beh\u00f6ver du hj\u00e4lp med detta kan du best\u00e4lla v\u00e5r redovisningstj\u00e4nst.<\/li>\n<li>F\u00f6r att b\u00f6rja n\u00e4ringsverksamhet i Sverige m\u00e5ste man ans\u00f6ka om skatteregistreringar.<\/li>\n<\/ul>\n<p>\n\t\t\t<\/div><\/div><\/div><\/div><div class=\"ult_acord advanced-tabs-desc-wrap-7040\">\n   <div class=\"ult-tabto-accordion \" style=\"width:;\"\n    data-titlecolor=\"#b6b8ba\"  data-titlebg=\"#ffffff\"\n     data-titlehoverbg=\"#ffffff\" data-titlehovercolor=\"#1d1e23\" data-animation=\"Slide\"\n     data-activetitle=\"#1d1e23\" data-activeicon=\"\" data-activebg=\"#ffffff\" data-scroll = \"on\" data-activeindex=\"1\" >\n     <dl><dt class=\"\">\n\t        \t<a class=\"ult-tabto-actitle withBorder ult_a \" id=\"1512642751410-807e9-673f\" style=\"color:#b6b8ba;;background-color:#ffffff;border-bottom-color:transparent;border-bottom-width:0px;border-bottom-style:solid;\" href=\"#1512642751410-807e9-673f\">\n\t        \t\t<i class=\"accordion-icon\"><\/i>\n\t        \t\t\t<span class=\"ult_tab_main ult_ac_main ult_noacordicnBoth\">\n\n\t\t\t\t\t\t<span  data-ultimate-target='#advanced-tabs-wrap-2616 .ult-span-text'  data-responsive-json-new='{\"font-size\":\"desktop:14px;\",\"line-height\":\"\"}'  class=\"ult-span-text no_icon ult_acordian-text ult-responsive\" style=\"font-weight:bold;;color:inherit \" >BESKRIVNING<\/span>\n\t\t\t\t\t\t<\/span><\/a><\/dt>\n\t            \t\t<dd class=\"ult-tabto-accordionItem ult-tabto-accolapsed\">\n\t\t\t\t            <div class=\"ult-tabto-acontent\" style=\"color:#74777b;\">\n\t\t\t\t               [vc_column_text]<\/p>\n<p>En filial \u00e4r ett utl\u00e4ndskt bolag som bedriver sin verksamhet i Sverige. Filialen \u00e4r inte en separat juridisk person utan en del av det utl\u00e4ndska f\u00f6retaget. Filialen registreras hos Bolagsverket under 5-10 arbetsdagar. Ett utl\u00e4ndskt f\u00f6retag ska utse en verkst\u00e4llande direkt\u00f6r f\u00f6r filialen. Om den utsedda verkst\u00e4llande direkt\u00f6ren inte \u00e4r bosatt i det Europeiska ekonomiska samarbetsomr\u00e5det ska en s\u00e4rskild delgivningsmottagare utses.<\/p>\n<p>&nbsp;<\/p>\n<p><strong>Priset inkluderar:<\/strong><\/p>\n<ul>\n<li>F\u00f6rberedelse och ifyllning av ans\u00f6kan, protokoll och andra dokument<\/li>\n<li>Registrering av filialen hos Bolagsverket<\/li>\n<li>St\u00f6d under hela processen<\/li>\n<li>Statlig avgift<\/li>\n<\/ul>\n<p>&nbsp;<\/p>\n<p><strong>Mot extra kostnad:<\/strong><\/p>\n<ul>\n<li>Konsultation \u2013 att starta verksamhet i Sverige<\/li>\n<li>En f\u00f6retagsadress i centrala Stockholm<\/li>\n<li>S\u00e4rskild delgivningsmottagare<\/li>\n<li>Skatteregistreringar<\/li>\n<li>Redovisningtj\u00e4nst<\/li>\n<\/ul>\n<p>&nbsp;<\/p>\n<p><strong>Processfl\u00f6de:<\/strong><\/p>\n<ul>\n<li>Svara p\u00e5 fr\u00e5gorna du f\u00e5r efter att du har k\u00f6pt tj\u00e4nsten \u2013 de \u00e4r n\u00f6dv\u00e4ndiga f\u00f6r att f\u00f6rbereda alla dokument<\/li>\n<li>Vi fyller i alla n\u00f6dv\u00e4ndiga blanketter och f\u00f6rbereder ett protokoll f\u00f6r att utse en verkst\u00e4llande direkt\u00f6r<\/li>\n<li>Efter att filialen har registrerats hos Bolagsverket skickar vi dig ett registreringsbevis (p\u00e5 svenska)<\/li>\n<\/ul>\n<p>&nbsp;<\/p>\n<p><strong>Viktigt:<\/strong><\/p>\n<ul>\n<li>F\u00f6r filialens bokf\u00f6ring g\u00e4ller detsamma regler som f\u00f6r bokf\u00f6ringen i ett svenskt f\u00f6retag av motsvarande slag. Beh\u00f6ver du hj\u00e4lp med detta kan du best\u00e4lla v\u00e5r redovisningstj\u00e4nst.<\/li>\n<li>F\u00f6r att b\u00f6rja n\u00e4ringsverksamhet i Sverige m\u00e5ste man ans\u00f6ka om skatteregistreringar.<\/li>\n<\/ul>\n<p>\n\t\t\t\t            <\/div>\n\t        \t\t\t<\/dd>\n    \t<\/dl>\n    <!--<div class=\"extraborder\" style=\"background-color:#ffffff\"><\/div>-->\n<\/div>\n\n<\/div>[\/vc_column][\/vc_row]<\/p>\n<\/div>","protected":false},"excerpt":{"rendered":"<p>Att starta en svensk filial till ett utl\u00e4ndskt f\u00f6retag \u00e4r ett flexibelt alternativ f\u00f6r att ut\u00f6ka verksamhet eller genomf\u00f6ra l\u00e5ngsiktiga projekt i Sverige.<\/p>\n<p>.<\/p>\n","protected":false},"featured_media":57421,"template":"","meta":{"_acf_changed":false,"inline_featured_image":false},"product_brand":[],"product_cat":[371],"product_tag":[374],"class_list":{"0":"post-60563","1":"product","2":"type-product","3":"status-publish","4":"has-post-thumbnail","6":"product_cat-company-formation-sv","7":"product_tag-sweden-sv","8":"description-off","10":"first","11":"instock","12":"virtual","13":"taxable","14":"purchasable","15":"product-type-simple"},"bundled_by":[],"bundle_stock_status":"instock","bundle_stock_quantity":null,"bundle_virtual":false,"bundle_layout":"","bundle_add_to_cart_form_location":"","bundle_editable_in_cart":false,"bundle_sold_individually_context":"","bundle_item_grouping":"","bundle_min_size":"","bundle_max_size":"","bundle_price":[],"bundled_items":[],"bundle_sell_ids":[],"acf":[],"yoast_head":"<!-- This site is optimized with the Yoast SEO plugin v23.0 - https:\/\/yoast.com\/wordpress\/plugins\/seo\/ -->\n<title>Establishing a branch of a foreign company | 1Office Sweden<\/title>\n<meta name=\"description\" content=\"Establishing a branch of a foreign company in Sweden is a flexible option for expanding business or conducting short-term projects in Sweden.\" \/>\n<meta name=\"robots\" content=\"noindex, follow, max-snippet:-1, max-image-preview:large, max-video-preview:-1\" \/>\n<meta property=\"og:locale\" content=\"sv_SE\" \/>\n<meta property=\"og:type\" content=\"article\" \/>\n<meta property=\"og:title\" content=\"Establishing a branch of a foreign company | 1Office Sweden\" \/>\n<meta property=\"og:description\" content=\"Establishing a branch of a foreign company in Sweden is a flexible option for expanding business or conducting short-term projects in Sweden.\" \/>\n<meta property=\"og:url\" content=\"https:\/\/dev.1office.co\/sweden\/sv\/produkt\/establishing-branch\/\" \/>\n<meta property=\"og:site_name\" content=\"1Office Sweden\" \/>\n<meta property=\"article:modified_time\" content=\"2022-01-25T08:05:42+00:00\" \/>\n<meta property=\"og:image\" content=\"https:\/\/dev.1office.co\/sweden\/wp-content\/uploads\/sites\/13\/2017\/08\/photo-1450101499163-c8848c66ca85.jpg\" \/>\n\t<meta property=\"og:image:width\" content=\"1350\" \/>\n\t<meta property=\"og:image:height\" content=\"901\" \/>\n\t<meta property=\"og:image:type\" content=\"image\/jpeg\" \/>\n<meta name=\"twitter:card\" content=\"summary_large_image\" \/>\n<meta name=\"twitter:label1\" content=\"Ber\u00e4knad l\u00e4stid\" \/>\n\t<meta name=\"twitter:data1\" content=\"1 minut\" \/>\n<script type=\"application\/ld+json\" class=\"yoast-schema-graph\">{\"@context\":\"https:\/\/schema.org\",\"@graph\":[{\"@type\":\"WebPage\",\"@id\":\"https:\/\/dev.1office.co\/sweden\/sv\/produkt\/establishing-branch\/\",\"url\":\"https:\/\/dev.1office.co\/sweden\/sv\/produkt\/establishing-branch\/\",\"name\":\"Establishing a branch of a foreign company | 1Office Sweden\",\"isPartOf\":{\"@id\":\"https:\/\/dev.1office.co\/sweden\/#website\"},\"primaryImageOfPage\":{\"@id\":\"https:\/\/dev.1office.co\/sweden\/sv\/produkt\/establishing-branch\/#primaryimage\"},\"image\":{\"@id\":\"https:\/\/dev.1office.co\/sweden\/sv\/produkt\/establishing-branch\/#primaryimage\"},\"thumbnailUrl\":\"https:\/\/dev.1office.co\/sweden\/wp-content\/uploads\/sites\/13\/2017\/08\/photo-1450101499163-c8848c66ca85.jpg\",\"datePublished\":\"2017-08-10T08:34:11+00:00\",\"dateModified\":\"2022-01-25T08:05:42+00:00\",\"description\":\"Establishing a branch of a foreign company in Sweden is a flexible option for expanding business or conducting short-term projects in Sweden.\",\"breadcrumb\":{\"@id\":\"https:\/\/dev.1office.co\/sweden\/sv\/produkt\/establishing-branch\/#breadcrumb\"},\"inLanguage\":\"sv-SE\",\"potentialAction\":[{\"@type\":\"ReadAction\",\"target\":[\"https:\/\/dev.1office.co\/sweden\/sv\/produkt\/establishing-branch\/\"]}]},{\"@type\":\"ImageObject\",\"inLanguage\":\"sv-SE\",\"@id\":\"https:\/\/dev.1office.co\/sweden\/sv\/produkt\/establishing-branch\/#primaryimage\",\"url\":\"https:\/\/dev.1office.co\/sweden\/wp-content\/uploads\/sites\/13\/2017\/08\/photo-1450101499163-c8848c66ca85.jpg\",\"contentUrl\":\"https:\/\/dev.1office.co\/sweden\/wp-content\/uploads\/sites\/13\/2017\/08\/photo-1450101499163-c8848c66ca85.jpg\",\"width\":1350,\"height\":901,\"caption\":\"establishing a branch\"},{\"@type\":\"BreadcrumbList\",\"@id\":\"https:\/\/dev.1office.co\/sweden\/sv\/produkt\/establishing-branch\/#breadcrumb\",\"itemListElement\":[{\"@type\":\"ListItem\",\"position\":1,\"name\":\"Home\",\"item\":\"https:\/\/dev.1office.co\/sweden\/sv\/\"},{\"@type\":\"ListItem\",\"position\":2,\"name\":\"Shop\",\"item\":\"https:\/\/dev.1office.co\/sweden\/shop\/\"},{\"@type\":\"ListItem\",\"position\":3,\"name\":\"Filial till ett utl\u00e4ndskt f\u00f6retag (statlig avgift ing\u00e5r)\"}]},{\"@type\":\"WebSite\",\"@id\":\"https:\/\/dev.1office.co\/sweden\/#website\",\"url\":\"https:\/\/dev.1office.co\/sweden\/\",\"name\":\"1Office Sweden\",\"description\":\"Making Business Simple\",\"potentialAction\":[{\"@type\":\"SearchAction\",\"target\":{\"@type\":\"EntryPoint\",\"urlTemplate\":\"https:\/\/dev.1office.co\/sweden\/?s={search_term_string}\"},\"query-input\":\"required name=search_term_string\"}],\"inLanguage\":\"sv-SE\"}]}<\/script>\n<!-- \/ Yoast SEO plugin. -->","yoast_head_json":{"title":"Establishing a branch of a foreign company | 1Office Sweden","description":"Establishing a branch of a foreign company in Sweden is a flexible option for expanding business or conducting short-term projects in Sweden.","robots":{"index":"noindex","follow":"follow","max-snippet":"max-snippet:-1","max-image-preview":"max-image-preview:large","max-video-preview":"max-video-preview:-1"},"og_locale":"sv_SE","og_type":"article","og_title":"Establishing a branch of a foreign company | 1Office Sweden","og_description":"Establishing a branch of a foreign company in Sweden is a flexible option for expanding business or conducting short-term projects in Sweden.","og_url":"https:\/\/dev.1office.co\/sweden\/sv\/produkt\/establishing-branch\/","og_site_name":"1Office Sweden","article_modified_time":"2022-01-25T08:05:42+00:00","og_image":[{"width":1350,"height":901,"url":"https:\/\/dev.1office.co\/sweden\/wp-content\/uploads\/sites\/13\/2017\/08\/photo-1450101499163-c8848c66ca85.jpg","type":"image\/jpeg"}],"twitter_card":"summary_large_image","twitter_misc":{"Ber\u00e4knad l\u00e4stid":"1 minut"},"schema":{"@context":"https:\/\/schema.org","@graph":[{"@type":"WebPage","@id":"https:\/\/dev.1office.co\/sweden\/sv\/produkt\/establishing-branch\/","url":"https:\/\/dev.1office.co\/sweden\/sv\/produkt\/establishing-branch\/","name":"Establishing a branch of a foreign company | 1Office Sweden","isPartOf":{"@id":"https:\/\/dev.1office.co\/sweden\/#website"},"primaryImageOfPage":{"@id":"https:\/\/dev.1office.co\/sweden\/sv\/produkt\/establishing-branch\/#primaryimage"},"image":{"@id":"https:\/\/dev.1office.co\/sweden\/sv\/produkt\/establishing-branch\/#primaryimage"},"thumbnailUrl":"https:\/\/dev.1office.co\/sweden\/wp-content\/uploads\/sites\/13\/2017\/08\/photo-1450101499163-c8848c66ca85.jpg","datePublished":"2017-08-10T08:34:11+00:00","dateModified":"2022-01-25T08:05:42+00:00","description":"Establishing a branch of a foreign company in Sweden is a flexible option for expanding business or conducting short-term projects in Sweden.","breadcrumb":{"@id":"https:\/\/dev.1office.co\/sweden\/sv\/produkt\/establishing-branch\/#breadcrumb"},"inLanguage":"sv-SE","potentialAction":[{"@type":"ReadAction","target":["https:\/\/dev.1office.co\/sweden\/sv\/produkt\/establishing-branch\/"]}]},{"@type":"ImageObject","inLanguage":"sv-SE","@id":"https:\/\/dev.1office.co\/sweden\/sv\/produkt\/establishing-branch\/#primaryimage","url":"https:\/\/dev.1office.co\/sweden\/wp-content\/uploads\/sites\/13\/2017\/08\/photo-1450101499163-c8848c66ca85.jpg","contentUrl":"https:\/\/dev.1office.co\/sweden\/wp-content\/uploads\/sites\/13\/2017\/08\/photo-1450101499163-c8848c66ca85.jpg","width":1350,"height":901,"caption":"establishing a branch"},{"@type":"BreadcrumbList","@id":"https:\/\/dev.1office.co\/sweden\/sv\/produkt\/establishing-branch\/#breadcrumb","itemListElement":[{"@type":"ListItem","position":1,"name":"Home","item":"https:\/\/dev.1office.co\/sweden\/sv\/"},{"@type":"ListItem","position":2,"name":"Shop","item":"https:\/\/dev.1office.co\/sweden\/shop\/"},{"@type":"ListItem","position":3,"name":"Filial till ett utl\u00e4ndskt f\u00f6retag (statlig avgift ing\u00e5r)"}]},{"@type":"WebSite","@id":"https:\/\/dev.1office.co\/sweden\/#website","url":"https:\/\/dev.1office.co\/sweden\/","name":"1Office Sweden","description":"Making Business Simple","potentialAction":[{"@type":"SearchAction","target":{"@type":"EntryPoint","urlTemplate":"https:\/\/dev.1office.co\/sweden\/?s={search_term_string}"},"query-input":"required name=search_term_string"}],"inLanguage":"sv-SE"}]}},"_links":{"self":[{"href":"https:\/\/dev.1office.co\/sweden\/sv\/wp-json\/wp\/v2\/product\/60563","targetHints":{"allow":["GET"]}}],"collection":[{"href":"https:\/\/dev.1office.co\/sweden\/sv\/wp-json\/wp\/v2\/product"}],"about":[{"href":"https:\/\/dev.1office.co\/sweden\/sv\/wp-json\/wp\/v2\/types\/product"}],"wp:featuredmedia":[{"embeddable":true,"href":"https:\/\/dev.1office.co\/sweden\/sv\/wp-json\/wp\/v2\/media\/57421"}],"wp:attachment":[{"href":"https:\/\/dev.1office.co\/sweden\/sv\/wp-json\/wp\/v2\/media?parent=60563"}],"wp:term":[{"taxonomy":"product_brand","embeddable":true,"href":"https:\/\/dev.1office.co\/sweden\/sv\/wp-json\/wp\/v2\/product_brand?post=60563"},{"taxonomy":"product_cat","embeddable":true,"href":"https:\/\/dev.1office.co\/sweden\/sv\/wp-json\/wp\/v2\/product_cat?post=60563"},{"taxonomy":"product_tag","embeddable":true,"href":"https:\/\/dev.1office.co\/sweden\/sv\/wp-json\/wp\/v2\/product_tag?post=60563"}],"curies":[{"name":"wp","href":"https:\/\/api.w.org\/{rel}","templated":true}]}}