{"id":60211,"date":"2021-05-31T09:29:17","date_gmt":"2022-01-25T10:12:08","guid":{"rendered":"https:\/\/dev.1office.co\/sweden\/?post_type=product&#038;p=60211"},"modified":"2022-01-25T10:13:50","modified_gmt":"2022-01-25T10:13:50","slug":"registrering-av-eu-varumarke","status":"publish","type":"product","link":"https:\/\/dev.1office.co\/sweden\/sv\/produkt\/registrering-av-eu-varumarke\/","title":{"rendered":"Registrering av EU-varum\u00e4rke"},"content":{"rendered":"<div class=\"wpb-content-wrapper\"><p>[vc_row][vc_column]<div id=\"advanced-tabs-desc-wrap-4473\" class=\"ult_tabs product_tabs\" style=\" \" data-tabsstyle=\"style1\"\n data-titlebg=\"#ffffff\" data-titlecolor=\"#b6b8ba\" data-fullheight=\"off\"\n data-titlehoverbg=\"#ffffff\" data-titlehovercolor=\"#1d1e23\"\n data-rotatetabs=\"0\" data-responsivemode=\"Both\" data-animation=\"Slide\"\ndata-activetitle=\"#1d1e23\" data-activeicon=\"\" data-activebg=\"#ffffff\"  data-respmode=\"Tabs\" data-respwidth=\"400\" data-scroll = \"on\" data-activeindex=\"1\"><ul id=advanced-tabs-wrap-2849 class=\"ult_tabmenu style1 \" style=\"\"><li class=\"ult_tab_li  \" data-iconcolor=\"#74777b\" data-iconhover=\"#ffffff\" style=\"background-color:#ffffff;border-color:transparent;border-width:0px;border-style:solid;border-top-right-radius:8px;\">\n\t\t\t\t\t<a href=\"#1512642751410-84e8b-6fc5\"  id=\"1512642751410-84e8b-6fc5\"  style=\"color:#b6b8ba;; padding:15px; \" class=\"ult_a  \">\n\t\t\t\t\t     <span class=\"ult_tab_main Both \">\n\t\t\t\t\t \t\t <span class=\"ult_tab_section\">\n\t\t\t\t\t   \t\t\t<span  data-ultimate-target='#advanced-tabs-wrap-2849 .ult-span-text'  data-responsive-json-new='{\"font-size\":\"desktop:14px;\",\"line-height\":\"\"}'  class=\"ult-span-text no_icon ult_tab_display_text ult-responsive\" style=\"font-weight:bold;;\">BESKRIVNING<\/span>\n\t\t\t\t\t   \t\t<\/span>\n\t\t\t\t\t\t<\/span>\n\t\t\t\t\t<\/a>\n\t\t\t\t\t<\/li><\/ul><div  data-ultimate-target='#advanced-tabs-desc-wrap-4473 .ult_tabcontent .ult_tab_min_contain  p'  data-responsive-json-new='{\"font-size\":\"\",\"line-height\":\"\"}' class=\"ult_tabcontent ult-responsive style1\" style=\"color:#74777b;\"><div class=\"ult_tab_min_contain \" >\n\t\t\t<div  class=\"ult_tabitemname\"  >\n\t\t\t\t[vc_column_text]<\/p>\n<p>Ett registrerat varum\u00e4rke \u00e4r en viktig del av att driva en framg\u00e5ngsrik verksamhet eftersom det till\u00e5ter dig att \u00e4ga exklusiva r\u00e4ttigheter att s\u00e4lja dina varor eller tj\u00e4nster under ett specifikt namn. Detta s\u00e4kerst\u00e4ller att ingen f\u00e5r kopiera ditt varum\u00e4rke och du har r\u00e4tt att hindra andra fr\u00e5n att anv\u00e4nda ditt varum\u00e4rke utan ditt medgivande.<\/p>\n<p>&nbsp;<\/p>\n<p><strong>Priset inkluderar:<\/strong><\/p>\n<ul>\n<li>Kontroll av liknande varum\u00e4rken i databaserna<\/li>\n<li>R\u00e5dgivning om skyddade varor och tj\u00e4nster<\/li>\n<li>F\u00f6rberedelse f\u00f6r ans\u00f6kan om varum\u00e4rkesregistrering<\/li>\n<li>St\u00f6d i kommunikationen med Europeiska unionens byr\u00e5 f\u00f6r immateriella r\u00e4ttigheter<\/li>\n<\/ul>\n<p>&nbsp;<\/p>\n<p><strong>Mot extra kostnad:<\/strong><\/p>\n<ul>\n<li>Upphovsr\u00e4ttsuppdrag (\u00f6verl\u00e5telse av immateriella r\u00e4ttigheter genom f\u00f6rs\u00e4ljning, g\u00e5vor etc).V\u00e4nligen kontakta sales@1office.co f\u00f6r mer information och pris.<\/li>\n<\/ul>\n<p>&nbsp;<\/p>\n<p><strong>Viktigt:<\/strong><\/p>\n<ul>\n<li>Alla s\u00f6kande m\u00e5ste betala en anm\u00e4lningsavgift p\u00e5 850 \u20ac till Europeiska unionens byr\u00e5 f\u00f6r immateriella r\u00e4ttigheter (ytterligare 50 \u20ac f\u00f6r en andra klass och 150 \u20ac f\u00f6r en tredje klass och upp\u00e5t).<\/li>\n<li>Varum\u00e4rket varar i 10 \u00e5r och kan f\u00f6rnyas p\u00e5 obest\u00e4md tid.<\/li>\n<li>Registrering av varum\u00e4rket tar cirka fyra m\u00e5nader<\/li>\n<\/ul>\n<p>[\/vc_column_text]\n\t\t\t<\/div><\/div><\/div><\/div><div class=\"ult_acord advanced-tabs-desc-wrap-4473\">\n   <div class=\"ult-tabto-accordion \" style=\"width:;\"\n    data-titlecolor=\"#b6b8ba\"  data-titlebg=\"#ffffff\"\n     data-titlehoverbg=\"#ffffff\" data-titlehovercolor=\"#1d1e23\" data-animation=\"Slide\"\n     data-activetitle=\"#1d1e23\" data-activeicon=\"\" data-activebg=\"#ffffff\" data-scroll = \"on\" data-activeindex=\"1\" >\n     <dl><dt class=\"\">\n\t        \t<a class=\"ult-tabto-actitle withBorder ult_a \" id=\"1512642751410-84e8b-6fc5\" style=\"color:#b6b8ba;;background-color:#ffffff;border-bottom-color:transparent;border-bottom-width:0px;border-bottom-style:solid;\" href=\"#1512642751410-84e8b-6fc5\">\n\t        \t\t<i class=\"accordion-icon\"><\/i>\n\t        \t\t\t<span class=\"ult_tab_main ult_ac_main ult_noacordicnBoth\">\n\n\t\t\t\t\t\t<span  data-ultimate-target='#advanced-tabs-wrap-2849 .ult-span-text'  data-responsive-json-new='{\"font-size\":\"desktop:14px;\",\"line-height\":\"\"}'  class=\"ult-span-text no_icon ult_acordian-text ult-responsive\" style=\"font-weight:bold;;color:inherit \" >BESKRIVNING<\/span>\n\t\t\t\t\t\t<\/span><\/a><\/dt>\n\t            \t\t<dd class=\"ult-tabto-accordionItem ult-tabto-accolapsed\">\n\t\t\t\t            <div class=\"ult-tabto-acontent\" style=\"color:#74777b;\">\n\t\t\t\t               [vc_column_text]<\/p>\n<p>Ett registrerat varum\u00e4rke \u00e4r en viktig del av att driva en framg\u00e5ngsrik verksamhet eftersom det till\u00e5ter dig att \u00e4ga exklusiva r\u00e4ttigheter att s\u00e4lja dina varor eller tj\u00e4nster under ett specifikt namn. Detta s\u00e4kerst\u00e4ller att ingen f\u00e5r kopiera ditt varum\u00e4rke och du har r\u00e4tt att hindra andra fr\u00e5n att anv\u00e4nda ditt varum\u00e4rke utan ditt medgivande.<\/p>\n<p>&nbsp;<\/p>\n<p><strong>Priset inkluderar:<\/strong><\/p>\n<ul>\n<li>Kontroll av liknande varum\u00e4rken i databaserna<\/li>\n<li>R\u00e5dgivning om skyddade varor och tj\u00e4nster<\/li>\n<li>F\u00f6rberedelse f\u00f6r ans\u00f6kan om varum\u00e4rkesregistrering<\/li>\n<li>St\u00f6d i kommunikationen med Europeiska unionens byr\u00e5 f\u00f6r immateriella r\u00e4ttigheter<\/li>\n<\/ul>\n<p>&nbsp;<\/p>\n<p><strong>Mot extra kostnad:<\/strong><\/p>\n<ul>\n<li>Upphovsr\u00e4ttsuppdrag (\u00f6verl\u00e5telse av immateriella r\u00e4ttigheter genom f\u00f6rs\u00e4ljning, g\u00e5vor etc).V\u00e4nligen kontakta sales@1office.co f\u00f6r mer information och pris.<\/li>\n<\/ul>\n<p>&nbsp;<\/p>\n<p><strong>Viktigt:<\/strong><\/p>\n<ul>\n<li>Alla s\u00f6kande m\u00e5ste betala en anm\u00e4lningsavgift p\u00e5 850 \u20ac till Europeiska unionens byr\u00e5 f\u00f6r immateriella r\u00e4ttigheter (ytterligare 50 \u20ac f\u00f6r en andra klass och 150 \u20ac f\u00f6r en tredje klass och upp\u00e5t).<\/li>\n<li>Varum\u00e4rket varar i 10 \u00e5r och kan f\u00f6rnyas p\u00e5 obest\u00e4md tid.<\/li>\n<li>Registrering av varum\u00e4rket tar cirka fyra m\u00e5nader<\/li>\n<\/ul>\n<p>[\/vc_column_text]\n\t\t\t\t            <\/div>\n\t        \t\t\t<\/dd>\n    \t<\/dl>\n    <!--<div class=\"extraborder\" style=\"background-color:#ffffff\"><\/div>-->\n<\/div>\n\n<\/div>[\/vc_column][\/vc_row]<\/p>\n<\/div>","protected":false},"excerpt":{"rendered":"<p>Skydda ditt varum\u00e4rke och aff\u00e4rsintressen i EU och registrera varum\u00e4rket idag!<\/p>\n","protected":false},"featured_media":53304,"template":"","meta":{"_acf_changed":false,"inline_featured_image":false},"product_brand":[],"product_cat":[372],"product_tag":[374],"class_list":{"0":"post-60211","1":"product","2":"type-product","3":"status-publish","4":"has-post-thumbnail","6":"product_cat-legal-services-sv","7":"product_tag-sweden-sv","8":"description-off","10":"first","11":"instock","12":"taxable","13":"shipping-taxable","14":"purchasable","15":"product-type-simple"},"bundled_by":[],"bundle_stock_status":"instock","bundle_stock_quantity":null,"bundle_virtual":false,"bundle_layout":"","bundle_add_to_cart_form_location":"","bundle_editable_in_cart":false,"bundle_sold_individually_context":"","bundle_item_grouping":"","bundle_min_size":"","bundle_max_size":"","bundle_price":[],"bundled_items":[],"bundle_sell_ids":[],"acf":[],"yoast_head":"<!-- This site is optimized with the Yoast SEO plugin v23.0 - https:\/\/yoast.com\/wordpress\/plugins\/seo\/ -->\n<title>Registrering av EU-varum\u00e4rke - 1Office Sweden<\/title>\n<meta name=\"description\" content=\"Skydda ditt varum\u00e4rke och aff\u00e4rsintressen i EU och registrera varum\u00e4rket idag!\" \/>\n<meta name=\"robots\" content=\"noindex, follow, max-snippet:-1, max-image-preview:large, max-video-preview:-1\" \/>\n<meta property=\"og:locale\" content=\"sv_SE\" \/>\n<meta property=\"og:type\" content=\"article\" \/>\n<meta property=\"og:title\" content=\"Registrering av EU-varum\u00e4rke - 1Office Sweden\" \/>\n<meta property=\"og:description\" content=\"Skydda ditt varum\u00e4rke och aff\u00e4rsintressen i EU och registrera varum\u00e4rket idag!\" \/>\n<meta property=\"og:url\" content=\"https:\/\/dev.1office.co\/sweden\/sv\/produkt\/registrering-av-eu-varumarke\/\" \/>\n<meta property=\"og:site_name\" content=\"1Office Sweden\" \/>\n<meta property=\"article:modified_time\" content=\"2022-01-25T10:13:50+00:00\" \/>\n<meta property=\"og:image\" content=\"https:\/\/dev.1office.co\/sweden\/wp-content\/uploads\/sites\/13\/revslider\/the7-hero-scene-bottom-icons\/bg-slider-icons-bottom.jpg\" \/>\n\t<meta property=\"og:image:width\" content=\"1600\" \/>\n\t<meta property=\"og:image:height\" content=\"1050\" \/>\n\t<meta property=\"og:image:type\" content=\"image\/jpeg\" \/>\n<meta name=\"twitter:card\" content=\"summary_large_image\" \/>\n<meta name=\"twitter:label1\" content=\"Ber\u00e4knad l\u00e4stid\" \/>\n\t<meta name=\"twitter:data1\" content=\"1 minut\" \/>\n<script type=\"application\/ld+json\" class=\"yoast-schema-graph\">{\"@context\":\"https:\/\/schema.org\",\"@graph\":[{\"@type\":\"WebPage\",\"@id\":\"https:\/\/dev.1office.co\/sweden\/sv\/produkt\/registrering-av-eu-varumarke\/\",\"url\":\"https:\/\/dev.1office.co\/sweden\/sv\/produkt\/registrering-av-eu-varumarke\/\",\"name\":\"Registrering av EU-varum\u00e4rke - 1Office Sweden\",\"isPartOf\":{\"@id\":\"https:\/\/dev.1office.co\/sweden\/#website\"},\"primaryImageOfPage\":{\"@id\":\"https:\/\/dev.1office.co\/sweden\/sv\/produkt\/registrering-av-eu-varumarke\/#primaryimage\"},\"image\":{\"@id\":\"https:\/\/dev.1office.co\/sweden\/sv\/produkt\/registrering-av-eu-varumarke\/#primaryimage\"},\"thumbnailUrl\":\"https:\/\/dev.1office.co\/sweden\/wp-content\/uploads\/sites\/13\/revslider\/the7-hero-scene-bottom-icons\/bg-slider-icons-bottom.jpg\",\"datePublished\":\"2022-01-25T10:12:08+00:00\",\"dateModified\":\"2022-01-25T10:13:50+00:00\",\"description\":\"Skydda ditt varum\u00e4rke och aff\u00e4rsintressen i EU och registrera varum\u00e4rket idag!\",\"breadcrumb\":{\"@id\":\"https:\/\/dev.1office.co\/sweden\/sv\/produkt\/registrering-av-eu-varumarke\/#breadcrumb\"},\"inLanguage\":\"sv-SE\",\"potentialAction\":[{\"@type\":\"ReadAction\",\"target\":[\"https:\/\/dev.1office.co\/sweden\/sv\/produkt\/registrering-av-eu-varumarke\/\"]}]},{\"@type\":\"ImageObject\",\"inLanguage\":\"sv-SE\",\"@id\":\"https:\/\/dev.1office.co\/sweden\/sv\/produkt\/registrering-av-eu-varumarke\/#primaryimage\",\"url\":\"https:\/\/dev.1office.co\/sweden\/wp-content\/uploads\/sites\/13\/revslider\/the7-hero-scene-bottom-icons\/bg-slider-icons-bottom.jpg\",\"contentUrl\":\"https:\/\/dev.1office.co\/sweden\/wp-content\/uploads\/sites\/13\/revslider\/the7-hero-scene-bottom-icons\/bg-slider-icons-bottom.jpg\",\"width\":1600,\"height\":1050,\"caption\":\"Register trade mark in the EU\"},{\"@type\":\"BreadcrumbList\",\"@id\":\"https:\/\/dev.1office.co\/sweden\/sv\/produkt\/registrering-av-eu-varumarke\/#breadcrumb\",\"itemListElement\":[{\"@type\":\"ListItem\",\"position\":1,\"name\":\"Home\",\"item\":\"https:\/\/dev.1office.co\/sweden\/sv\/\"},{\"@type\":\"ListItem\",\"position\":2,\"name\":\"Shop\",\"item\":\"https:\/\/dev.1office.co\/sweden\/shop\/\"},{\"@type\":\"ListItem\",\"position\":3,\"name\":\"Registrering av EU-varum\u00e4rke\"}]},{\"@type\":\"WebSite\",\"@id\":\"https:\/\/dev.1office.co\/sweden\/#website\",\"url\":\"https:\/\/dev.1office.co\/sweden\/\",\"name\":\"1Office Sweden\",\"description\":\"Making Business Simple\",\"potentialAction\":[{\"@type\":\"SearchAction\",\"target\":{\"@type\":\"EntryPoint\",\"urlTemplate\":\"https:\/\/dev.1office.co\/sweden\/?s={search_term_string}\"},\"query-input\":\"required name=search_term_string\"}],\"inLanguage\":\"sv-SE\"}]}<\/script>\n<!-- \/ Yoast SEO plugin. -->","yoast_head_json":{"title":"Registrering av EU-varum\u00e4rke - 1Office Sweden","description":"Skydda ditt varum\u00e4rke och aff\u00e4rsintressen i EU och registrera varum\u00e4rket idag!","robots":{"index":"noindex","follow":"follow","max-snippet":"max-snippet:-1","max-image-preview":"max-image-preview:large","max-video-preview":"max-video-preview:-1"},"og_locale":"sv_SE","og_type":"article","og_title":"Registrering av EU-varum\u00e4rke - 1Office Sweden","og_description":"Skydda ditt varum\u00e4rke och aff\u00e4rsintressen i EU och registrera varum\u00e4rket idag!","og_url":"https:\/\/dev.1office.co\/sweden\/sv\/produkt\/registrering-av-eu-varumarke\/","og_site_name":"1Office Sweden","article_modified_time":"2022-01-25T10:13:50+00:00","og_image":[{"width":1600,"height":1050,"url":"https:\/\/dev.1office.co\/sweden\/wp-content\/uploads\/sites\/13\/revslider\/the7-hero-scene-bottom-icons\/bg-slider-icons-bottom.jpg","type":"image\/jpeg"}],"twitter_card":"summary_large_image","twitter_misc":{"Ber\u00e4knad l\u00e4stid":"1 minut"},"schema":{"@context":"https:\/\/schema.org","@graph":[{"@type":"WebPage","@id":"https:\/\/dev.1office.co\/sweden\/sv\/produkt\/registrering-av-eu-varumarke\/","url":"https:\/\/dev.1office.co\/sweden\/sv\/produkt\/registrering-av-eu-varumarke\/","name":"Registrering av EU-varum\u00e4rke - 1Office Sweden","isPartOf":{"@id":"https:\/\/dev.1office.co\/sweden\/#website"},"primaryImageOfPage":{"@id":"https:\/\/dev.1office.co\/sweden\/sv\/produkt\/registrering-av-eu-varumarke\/#primaryimage"},"image":{"@id":"https:\/\/dev.1office.co\/sweden\/sv\/produkt\/registrering-av-eu-varumarke\/#primaryimage"},"thumbnailUrl":"https:\/\/dev.1office.co\/sweden\/wp-content\/uploads\/sites\/13\/revslider\/the7-hero-scene-bottom-icons\/bg-slider-icons-bottom.jpg","datePublished":"2022-01-25T10:12:08+00:00","dateModified":"2022-01-25T10:13:50+00:00","description":"Skydda ditt varum\u00e4rke och aff\u00e4rsintressen i EU och registrera varum\u00e4rket idag!","breadcrumb":{"@id":"https:\/\/dev.1office.co\/sweden\/sv\/produkt\/registrering-av-eu-varumarke\/#breadcrumb"},"inLanguage":"sv-SE","potentialAction":[{"@type":"ReadAction","target":["https:\/\/dev.1office.co\/sweden\/sv\/produkt\/registrering-av-eu-varumarke\/"]}]},{"@type":"ImageObject","inLanguage":"sv-SE","@id":"https:\/\/dev.1office.co\/sweden\/sv\/produkt\/registrering-av-eu-varumarke\/#primaryimage","url":"https:\/\/dev.1office.co\/sweden\/wp-content\/uploads\/sites\/13\/revslider\/the7-hero-scene-bottom-icons\/bg-slider-icons-bottom.jpg","contentUrl":"https:\/\/dev.1office.co\/sweden\/wp-content\/uploads\/sites\/13\/revslider\/the7-hero-scene-bottom-icons\/bg-slider-icons-bottom.jpg","width":1600,"height":1050,"caption":"Register trade mark in the EU"},{"@type":"BreadcrumbList","@id":"https:\/\/dev.1office.co\/sweden\/sv\/produkt\/registrering-av-eu-varumarke\/#breadcrumb","itemListElement":[{"@type":"ListItem","position":1,"name":"Home","item":"https:\/\/dev.1office.co\/sweden\/sv\/"},{"@type":"ListItem","position":2,"name":"Shop","item":"https:\/\/dev.1office.co\/sweden\/shop\/"},{"@type":"ListItem","position":3,"name":"Registrering av EU-varum\u00e4rke"}]},{"@type":"WebSite","@id":"https:\/\/dev.1office.co\/sweden\/#website","url":"https:\/\/dev.1office.co\/sweden\/","name":"1Office Sweden","description":"Making Business Simple","potentialAction":[{"@type":"SearchAction","target":{"@type":"EntryPoint","urlTemplate":"https:\/\/dev.1office.co\/sweden\/?s={search_term_string}"},"query-input":"required name=search_term_string"}],"inLanguage":"sv-SE"}]}},"_links":{"self":[{"href":"https:\/\/dev.1office.co\/sweden\/sv\/wp-json\/wp\/v2\/product\/60211","targetHints":{"allow":["GET"]}}],"collection":[{"href":"https:\/\/dev.1office.co\/sweden\/sv\/wp-json\/wp\/v2\/product"}],"about":[{"href":"https:\/\/dev.1office.co\/sweden\/sv\/wp-json\/wp\/v2\/types\/product"}],"wp:featuredmedia":[{"embeddable":true,"href":"https:\/\/dev.1office.co\/sweden\/sv\/wp-json\/wp\/v2\/media\/53304"}],"wp:attachment":[{"href":"https:\/\/dev.1office.co\/sweden\/sv\/wp-json\/wp\/v2\/media?parent=60211"}],"wp:term":[{"taxonomy":"product_brand","embeddable":true,"href":"https:\/\/dev.1office.co\/sweden\/sv\/wp-json\/wp\/v2\/product_brand?post=60211"},{"taxonomy":"product_cat","embeddable":true,"href":"https:\/\/dev.1office.co\/sweden\/sv\/wp-json\/wp\/v2\/product_cat?post=60211"},{"taxonomy":"product_tag","embeddable":true,"href":"https:\/\/dev.1office.co\/sweden\/sv\/wp-json\/wp\/v2\/product_tag?post=60211"}],"curies":[{"name":"wp","href":"https:\/\/api.w.org\/{rel}","templated":true}]}}