{"id":58898,"date":"2018-10-17T08:40:31","date_gmt":"2018-10-17T08:40:31","guid":{"rendered":"https:\/\/dev.1office.co\/sweden\/product\/liquidation-of-swedish-company\/"},"modified":"2022-03-12T06:18:21","modified_gmt":"2022-03-12T06:18:21","slug":"liquidation-of-swedish-company","status":"publish","type":"product","link":"https:\/\/dev.1office.co\/sweden\/sv\/produkt\/liquidation-of-swedish-company\/","title":{"rendered":"Avveckling av f\u00f6retaget"},"content":{"rendered":"<div class=\"wpb-content-wrapper\"><p>[vc_row][vc_column][vc_column_text]Om Du vill avsluta verksamheten av Ditt svenska f\u00f6retag s\u00e5 sker det genom frivillig likvidation. Likvideringsprocessen tar 7-10 m\u00e5nader och kr\u00e4ver en f\u00f6rvaltare. F\u00f6retagets likvidering tar betydligt l\u00e4ngre tid \u00e4n grundandet av ett f\u00f6retag men det \u00e4r en passiv period f\u00f6r styrelsen medan f\u00f6rvaltaren tar hand om allt. Kom ih\u00e5g att all redovisning ska vara klar n\u00e4r avvecklingen inleds.<\/p>\n<p><strong>Priset inkluderar:<\/strong><\/p>\n<ul>\n<li>F\u00f6rvaltare<\/li>\n<li>Uppr\u00e4ttande av juridiska dokument<\/li>\n<li>Avregistrering av f\u00f6retaget hos Bolagsverket<\/li>\n<\/ul>\n<p><strong>Mot extra kostnad:<\/strong><\/p>\n<ul>\n<li>Redovisning (timpris 750 SEK)<\/li>\n<li>Likvideringsrapporter<\/li>\n<\/ul>\n<p>Avgiften f\u00f6r f\u00f6rberedandet av likvideringssrapporter beror p\u00e5 f\u00f6retagets storlek och antalet transaktioner. Vi granskar f\u00f6retagets balansr\u00e4kning, ger tips om hur man g\u00e5r vidare och skickar in en offert innan uppdraget p\u00e5b\u00f6rjas.<\/p>\n<p><strong>F\u00f6rloppet:<\/strong><\/p>\n<ul>\n<li>S\u00e4nd f\u00f6retagets bankutdrag och balansr\u00e4kning till oss<\/li>\n<li>Vi s\u00e4nder Dig en offert f\u00f6r hela f\u00f6rfarandet<\/li>\n<li>Vi f\u00f6rbereder juridiska dokument och annat som beh\u00f6vs f\u00f6r processen<\/li>\n<li>F\u00f6rvaltaren l\u00e4mnar in slutgiltiga rapporter p\u00e5 bolagsst\u00e4mman och underr\u00e4ttar Bolagsverket om alla \u00e5tg\u00e4rder<\/li>\n<li>Du beh\u00f6ver bara bekr\u00e4fta rapporterna och v\u00e4nta tills f\u00f6retaget avregistreras av Bolagsverket<\/li>\n<\/ul>\n<p><strong>Viktigt:<\/strong><\/p>\n<ul>\n<li>Frivillig likvidation kan endast ske om f\u00f6retaget \u00e4r solvent och kan betala alla sina skulder. Om f\u00f6retaget \u00e4r insolvent beh\u00f6ver styrelsen inleda ett konkursf\u00f6rfarande.<\/li>\n<li>Det finns fler m\u00f6jligheter att avsluta ett f\u00f6retags verksamhet \u00e4n frivillig likvidation: ett \u201cvilande\u201d bolag, avyttring eller avregistrering av skatteregistreringar. Kontakta oss p\u00e5:\u00a0<a href=\"mailto:sales@1office.co\">sales@1office.co<\/a> f\u00f6r att best\u00e4lla eller f\u00e5 n\u00e4rmare information om dessa tj\u00e4nster.<\/li>\n<\/ul>\n<p>[\/vc_column_text][\/vc_column][\/vc_row]<\/p>\n<\/div>","protected":false},"excerpt":{"rendered":"<p>Tj\u00e4nsten av 1Office g\u00f6r avvecklingen av ett svenskt f\u00f6retag mycket enkel. F\u00f6rfarandet tar tid men det \u00e4r vi som tar hand om hela processen.<\/p>\n","protected":false},"featured_media":58421,"template":"","meta":{"_acf_changed":false,"inline_featured_image":false},"product_brand":[],"product_cat":[372],"product_tag":[],"class_list":{"0":"post-58898","1":"product","2":"type-product","3":"status-publish","4":"has-post-thumbnail","6":"product_cat-legal-services-sv","7":"description-off","9":"first","10":"instock","11":"virtual","12":"taxable","13":"purchasable","14":"product-type-simple"},"bundled_by":[],"bundle_stock_status":"instock","bundle_stock_quantity":null,"bundle_virtual":false,"bundle_layout":"","bundle_add_to_cart_form_location":"","bundle_editable_in_cart":false,"bundle_sold_individually_context":"","bundle_item_grouping":"","bundle_min_size":"","bundle_max_size":"","bundle_price":[],"bundled_items":[],"bundle_sell_ids":[],"acf":[],"yoast_head":"<!-- This site is optimized with the Yoast SEO plugin v23.0 - https:\/\/yoast.com\/wordpress\/plugins\/seo\/ -->\n<title>Avveckling av f\u00f6retaget - 1Office Sweden<\/title>\n<meta name=\"robots\" content=\"noindex, follow, max-snippet:-1, max-image-preview:large, max-video-preview:-1\" \/>\n<meta property=\"og:locale\" content=\"sv_SE\" \/>\n<meta property=\"og:type\" content=\"article\" \/>\n<meta property=\"og:title\" content=\"Avveckling av f\u00f6retaget - 1Office Sweden\" \/>\n<meta property=\"og:description\" content=\"Tj\u00e4nsten av 1Office g\u00f6r avvecklingen av ett svenskt f\u00f6retag mycket enkel. F\u00f6rfarandet tar tid men det \u00e4r vi som tar hand om hela processen.\" \/>\n<meta property=\"og:url\" content=\"https:\/\/dev.1office.co\/sweden\/sv\/produkt\/liquidation-of-swedish-company\/\" \/>\n<meta property=\"og:site_name\" content=\"1Office Sweden\" \/>\n<meta property=\"article:modified_time\" content=\"2022-03-12T06:18:21+00:00\" \/>\n<meta property=\"og:image\" content=\"https:\/\/dev.1office.co\/sweden\/wp-content\/uploads\/sites\/13\/2018\/10\/pexels-photo-277670.jpeg\" \/>\n\t<meta property=\"og:image:width\" content=\"640\" \/>\n\t<meta property=\"og:image:height\" content=\"426\" \/>\n\t<meta property=\"og:image:type\" content=\"image\/jpeg\" \/>\n<meta name=\"twitter:card\" content=\"summary_large_image\" \/>\n<meta name=\"twitter:label1\" content=\"Ber\u00e4knad l\u00e4stid\" \/>\n\t<meta name=\"twitter:data1\" content=\"1 minut\" \/>\n<script type=\"application\/ld+json\" class=\"yoast-schema-graph\">{\"@context\":\"https:\/\/schema.org\",\"@graph\":[{\"@type\":\"WebPage\",\"@id\":\"https:\/\/dev.1office.co\/sweden\/sv\/produkt\/liquidation-of-swedish-company\/\",\"url\":\"https:\/\/dev.1office.co\/sweden\/sv\/produkt\/liquidation-of-swedish-company\/\",\"name\":\"Avveckling av f\u00f6retaget - 1Office Sweden\",\"isPartOf\":{\"@id\":\"https:\/\/dev.1office.co\/sweden\/#website\"},\"primaryImageOfPage\":{\"@id\":\"https:\/\/dev.1office.co\/sweden\/sv\/produkt\/liquidation-of-swedish-company\/#primaryimage\"},\"image\":{\"@id\":\"https:\/\/dev.1office.co\/sweden\/sv\/produkt\/liquidation-of-swedish-company\/#primaryimage\"},\"thumbnailUrl\":\"https:\/\/dev.1office.co\/sweden\/wp-content\/uploads\/sites\/13\/2018\/10\/pexels-photo-277670.jpeg\",\"datePublished\":\"2018-10-17T08:40:31+00:00\",\"dateModified\":\"2022-03-12T06:18:21+00:00\",\"breadcrumb\":{\"@id\":\"https:\/\/dev.1office.co\/sweden\/sv\/produkt\/liquidation-of-swedish-company\/#breadcrumb\"},\"inLanguage\":\"sv-SE\",\"potentialAction\":[{\"@type\":\"ReadAction\",\"target\":[\"https:\/\/dev.1office.co\/sweden\/sv\/produkt\/liquidation-of-swedish-company\/\"]}]},{\"@type\":\"ImageObject\",\"inLanguage\":\"sv-SE\",\"@id\":\"https:\/\/dev.1office.co\/sweden\/sv\/produkt\/liquidation-of-swedish-company\/#primaryimage\",\"url\":\"https:\/\/dev.1office.co\/sweden\/wp-content\/uploads\/sites\/13\/2018\/10\/pexels-photo-277670.jpeg\",\"contentUrl\":\"https:\/\/dev.1office.co\/sweden\/wp-content\/uploads\/sites\/13\/2018\/10\/pexels-photo-277670.jpeg\",\"width\":640,\"height\":426},{\"@type\":\"BreadcrumbList\",\"@id\":\"https:\/\/dev.1office.co\/sweden\/sv\/produkt\/liquidation-of-swedish-company\/#breadcrumb\",\"itemListElement\":[{\"@type\":\"ListItem\",\"position\":1,\"name\":\"Home\",\"item\":\"https:\/\/dev.1office.co\/sweden\/sv\/\"},{\"@type\":\"ListItem\",\"position\":2,\"name\":\"Shop\",\"item\":\"https:\/\/dev.1office.co\/sweden\/shop\/\"},{\"@type\":\"ListItem\",\"position\":3,\"name\":\"Avveckling av f\u00f6retaget\"}]},{\"@type\":\"WebSite\",\"@id\":\"https:\/\/dev.1office.co\/sweden\/#website\",\"url\":\"https:\/\/dev.1office.co\/sweden\/\",\"name\":\"1Office Sweden\",\"description\":\"Making Business Simple\",\"potentialAction\":[{\"@type\":\"SearchAction\",\"target\":{\"@type\":\"EntryPoint\",\"urlTemplate\":\"https:\/\/dev.1office.co\/sweden\/?s={search_term_string}\"},\"query-input\":\"required name=search_term_string\"}],\"inLanguage\":\"sv-SE\"}]}<\/script>\n<!-- \/ Yoast SEO plugin. -->","yoast_head_json":{"title":"Avveckling av f\u00f6retaget - 1Office Sweden","robots":{"index":"noindex","follow":"follow","max-snippet":"max-snippet:-1","max-image-preview":"max-image-preview:large","max-video-preview":"max-video-preview:-1"},"og_locale":"sv_SE","og_type":"article","og_title":"Avveckling av f\u00f6retaget - 1Office Sweden","og_description":"Tj\u00e4nsten av 1Office g\u00f6r avvecklingen av ett svenskt f\u00f6retag mycket enkel. F\u00f6rfarandet tar tid men det \u00e4r vi som tar hand om hela processen.","og_url":"https:\/\/dev.1office.co\/sweden\/sv\/produkt\/liquidation-of-swedish-company\/","og_site_name":"1Office Sweden","article_modified_time":"2022-03-12T06:18:21+00:00","og_image":[{"width":640,"height":426,"url":"https:\/\/dev.1office.co\/sweden\/wp-content\/uploads\/sites\/13\/2018\/10\/pexels-photo-277670.jpeg","type":"image\/jpeg"}],"twitter_card":"summary_large_image","twitter_misc":{"Ber\u00e4knad l\u00e4stid":"1 minut"},"schema":{"@context":"https:\/\/schema.org","@graph":[{"@type":"WebPage","@id":"https:\/\/dev.1office.co\/sweden\/sv\/produkt\/liquidation-of-swedish-company\/","url":"https:\/\/dev.1office.co\/sweden\/sv\/produkt\/liquidation-of-swedish-company\/","name":"Avveckling av f\u00f6retaget - 1Office Sweden","isPartOf":{"@id":"https:\/\/dev.1office.co\/sweden\/#website"},"primaryImageOfPage":{"@id":"https:\/\/dev.1office.co\/sweden\/sv\/produkt\/liquidation-of-swedish-company\/#primaryimage"},"image":{"@id":"https:\/\/dev.1office.co\/sweden\/sv\/produkt\/liquidation-of-swedish-company\/#primaryimage"},"thumbnailUrl":"https:\/\/dev.1office.co\/sweden\/wp-content\/uploads\/sites\/13\/2018\/10\/pexels-photo-277670.jpeg","datePublished":"2018-10-17T08:40:31+00:00","dateModified":"2022-03-12T06:18:21+00:00","breadcrumb":{"@id":"https:\/\/dev.1office.co\/sweden\/sv\/produkt\/liquidation-of-swedish-company\/#breadcrumb"},"inLanguage":"sv-SE","potentialAction":[{"@type":"ReadAction","target":["https:\/\/dev.1office.co\/sweden\/sv\/produkt\/liquidation-of-swedish-company\/"]}]},{"@type":"ImageObject","inLanguage":"sv-SE","@id":"https:\/\/dev.1office.co\/sweden\/sv\/produkt\/liquidation-of-swedish-company\/#primaryimage","url":"https:\/\/dev.1office.co\/sweden\/wp-content\/uploads\/sites\/13\/2018\/10\/pexels-photo-277670.jpeg","contentUrl":"https:\/\/dev.1office.co\/sweden\/wp-content\/uploads\/sites\/13\/2018\/10\/pexels-photo-277670.jpeg","width":640,"height":426},{"@type":"BreadcrumbList","@id":"https:\/\/dev.1office.co\/sweden\/sv\/produkt\/liquidation-of-swedish-company\/#breadcrumb","itemListElement":[{"@type":"ListItem","position":1,"name":"Home","item":"https:\/\/dev.1office.co\/sweden\/sv\/"},{"@type":"ListItem","position":2,"name":"Shop","item":"https:\/\/dev.1office.co\/sweden\/shop\/"},{"@type":"ListItem","position":3,"name":"Avveckling av f\u00f6retaget"}]},{"@type":"WebSite","@id":"https:\/\/dev.1office.co\/sweden\/#website","url":"https:\/\/dev.1office.co\/sweden\/","name":"1Office Sweden","description":"Making Business Simple","potentialAction":[{"@type":"SearchAction","target":{"@type":"EntryPoint","urlTemplate":"https:\/\/dev.1office.co\/sweden\/?s={search_term_string}"},"query-input":"required name=search_term_string"}],"inLanguage":"sv-SE"}]}},"_links":{"self":[{"href":"https:\/\/dev.1office.co\/sweden\/sv\/wp-json\/wp\/v2\/product\/58898","targetHints":{"allow":["GET"]}}],"collection":[{"href":"https:\/\/dev.1office.co\/sweden\/sv\/wp-json\/wp\/v2\/product"}],"about":[{"href":"https:\/\/dev.1office.co\/sweden\/sv\/wp-json\/wp\/v2\/types\/product"}],"wp:featuredmedia":[{"embeddable":true,"href":"https:\/\/dev.1office.co\/sweden\/sv\/wp-json\/wp\/v2\/media\/58421"}],"wp:attachment":[{"href":"https:\/\/dev.1office.co\/sweden\/sv\/wp-json\/wp\/v2\/media?parent=58898"}],"wp:term":[{"taxonomy":"product_brand","embeddable":true,"href":"https:\/\/dev.1office.co\/sweden\/sv\/wp-json\/wp\/v2\/product_brand?post=58898"},{"taxonomy":"product_cat","embeddable":true,"href":"https:\/\/dev.1office.co\/sweden\/sv\/wp-json\/wp\/v2\/product_cat?post=58898"},{"taxonomy":"product_tag","embeddable":true,"href":"https:\/\/dev.1office.co\/sweden\/sv\/wp-json\/wp\/v2\/product_tag?post=58898"}],"curies":[{"name":"wp","href":"https:\/\/api.w.org\/{rel}","templated":true}]}}