{"id":60401,"date":"2021-09-17T07:00:48","date_gmt":"2021-09-17T07:00:48","guid":{"rendered":"https:\/\/dev.1office.co\/sweden\/?post_type=product&#038;p=60401"},"modified":"2021-10-20T13:45:09","modified_gmt":"2021-10-20T13:45:09","slug":"ettevotte-andmete-muutmine-rootsi-ariregistris","status":"publish","type":"product","link":"https:\/\/dev.1office.co\/sweden\/et\/toode\/ettevotte-andmete-muutmine-rootsi-ariregistris\/","title":{"rendered":"Ettev\u00f5tte andmete muutmine Rootsi \u00e4riregistris"},"content":{"rendered":"<div class=\"wpb-content-wrapper\"><p>[vc_row][vc_column]<div id=\"advanced-tabs-desc-wrap-9379\" class=\"ult_tabs product_tabs\" style=\" \" data-tabsstyle=\"style1\"\n data-titlebg=\"#ffffff\" data-titlecolor=\"#b6b8ba\" data-fullheight=\"off\"\n data-titlehoverbg=\"#ffffff\" data-titlehovercolor=\"#1d1e23\"\n data-rotatetabs=\"0\" data-responsivemode=\"Both\" data-animation=\"Slide\"\ndata-activetitle=\"#1d1e23\" data-activeicon=\"\" data-activebg=\"#ffffff\"  data-respmode=\"Tabs\" data-respwidth=\"400\" data-scroll = \"on\" data-activeindex=\"1\"><ul id=advanced-tabs-wrap-7093 class=\"ult_tabmenu style1 \" style=\"\"><li class=\"ult_tab_li  \" data-iconcolor=\"#74777b\" data-iconhover=\"#ffffff\" style=\"background-color:#ffffff;border-color:transparent;border-width:0px;border-style:solid;border-top-right-radius:8px;\">\n\t\t\t\t\t<a href=\"#1512642751410-8cd24-3a01\"  id=\"1512642751410-8cd24-3a01\"  style=\"color:#b6b8ba;; padding:15px; \" class=\"ult_a  \">\n\t\t\t\t\t     <span class=\"ult_tab_main Both \">\n\t\t\t\t\t \t\t <span class=\"ult_tab_section\">\n\t\t\t\t\t   \t\t\t<span  data-ultimate-target='#advanced-tabs-wrap-7093 .ult-span-text'  data-responsive-json-new='{\"font-size\":\"desktop:14px;\",\"line-height\":\"\"}'  class=\"ult-span-text no_icon ult_tab_display_text ult-responsive\" style=\"font-weight:bold;;\">Kirjeldus<\/span>\n\t\t\t\t\t   \t\t<\/span>\n\t\t\t\t\t\t<\/span>\n\t\t\t\t\t<\/a>\n\t\t\t\t\t<\/li><\/ul><div  data-ultimate-target='#advanced-tabs-desc-wrap-9379 .ult_tabcontent .ult_tab_min_contain  p'  data-responsive-json-new='{\"font-size\":\"\",\"line-height\":\"\"}' class=\"ult_tabcontent ult-responsive style1\" style=\"color:#74777b;\"><div class=\"ult_tab_min_contain \" >\n\t\t\t<div  class=\"ult_tabitemname\"  >\n\t\t\t\t[vc_column_text]<\/p>\n<p>N\u00e4iteid teostatavatest muudatustest:<\/p>\n<ul>\n<li>Muudatused juhatuse liikmete hulgas \u2013 liikmete m\u00e4\u00e4ramine ja eemaldamine<\/li>\n<li>Ettev\u00f5tte nime muutmine<\/li>\n<li>Ettev\u00f5tte aadressi muutmine<\/li>\n<li>Ettev\u00f5tte audiitori muutmine<\/li>\n<li>Ettev\u00f5tte tegevusala muutmine<\/li>\n<\/ul>\n<p>&nbsp;<\/p>\n<p>Kui Sul on k\u00fcsimusi nende v\u00f5i muude lisateenuste osas, v\u00f5ta meiega \u00fchendust <a href=\"mailto:sales@1office.co\">sales@1office.co<\/a>.<\/p>\n<p>&nbsp;<\/p>\n<p><strong>Hinnas sisaldub:<\/strong><\/p>\n<ul>\n<li>Vajalike dokumentide koostamine<\/li>\n<li>Dokumentide esitamine Rootsi \u00e4riregistrisse<\/li>\n<li>Riigil\u00f5iv<\/li>\n<\/ul>\n<p>&nbsp;<\/p>\n<p><strong>Saadaval lisatasu eest:<\/strong><\/p>\n<ul>\n<li>Tegeliku kasusaaja registreerimine \u2013 1750 SEK. Kliendil tuleb tasuda eraldi riigil\u00f5iv summas 250 SEKi.<\/li>\n<li><a href=\"https:\/\/dev.1office.co\/sweden\/et\/toode\/residentsusnoude-erandi-avaldus\/\">Residentsusn\u00f5ude erandi avaldus<\/a> \u2013 1975 SEK (sisaldab riigil\u00f5ivu)<\/li>\n<li><a href=\"https:\/\/dev.1office.co\/sweden\/et\/toode\/kontaktisik\/\">Kontaktisiku teenus<\/a><\/li>\n<li><a href=\"https:\/\/dev.1office.co\/sweden\/et\/toode\/ariaadress-stockholmi-kesklinnas-aasta\/\">\u00c4riaadress Stockholmi kesklinnas<\/a><\/li>\n<li><a href=\"https:\/\/dev.1office.co\/sweden\/et\/toode\/el-kaubamargi-registreerimine\/\">ELi kaubam\u00e4rgi registreerimine<\/a><\/li>\n<li><a href=\"https:\/\/dev.1office.co\/sweden\/et\/toode\/ettevotte-likvideerimine\/\">Rootsi ettev\u00f5tte likvideerimine<\/a><\/li>\n<\/ul>\n<p>&nbsp;<\/p>\n<p><strong>Oluline informatsioon:<\/strong><\/p>\n<ul>\n<li>Andmete t\u00f6\u00f6tlemisaeg Rootsi \u00e4riregistris s\u00f5ltub muudatuste iseloomust ning v\u00f5ib v\u00f5tta kuni 1 kuu. Anname jooksvalt tagasisidet registreerimisprotsessi kohta.<\/li>\n<\/ul>\n<p>[\/vc_column_text]\n\t\t\t<\/div><\/div><\/div><\/div><div class=\"ult_acord advanced-tabs-desc-wrap-9379\">\n   <div class=\"ult-tabto-accordion \" style=\"width:;\"\n    data-titlecolor=\"#b6b8ba\"  data-titlebg=\"#ffffff\"\n     data-titlehoverbg=\"#ffffff\" data-titlehovercolor=\"#1d1e23\" data-animation=\"Slide\"\n     data-activetitle=\"#1d1e23\" data-activeicon=\"\" data-activebg=\"#ffffff\" data-scroll = \"on\" data-activeindex=\"1\" >\n     <dl><dt class=\"\">\n\t        \t<a class=\"ult-tabto-actitle withBorder ult_a \" id=\"1512642751410-8cd24-3a01\" style=\"color:#b6b8ba;;background-color:#ffffff;border-bottom-color:transparent;border-bottom-width:0px;border-bottom-style:solid;\" href=\"#1512642751410-8cd24-3a01\">\n\t        \t\t<i class=\"accordion-icon\"><\/i>\n\t        \t\t\t<span class=\"ult_tab_main ult_ac_main ult_noacordicnBoth\">\n\n\t\t\t\t\t\t<span  data-ultimate-target='#advanced-tabs-wrap-7093 .ult-span-text'  data-responsive-json-new='{\"font-size\":\"desktop:14px;\",\"line-height\":\"\"}'  class=\"ult-span-text no_icon ult_acordian-text ult-responsive\" style=\"font-weight:bold;;color:inherit \" >Kirjeldus<\/span>\n\t\t\t\t\t\t<\/span><\/a><\/dt>\n\t            \t\t<dd class=\"ult-tabto-accordionItem ult-tabto-accolapsed\">\n\t\t\t\t            <div class=\"ult-tabto-acontent\" style=\"color:#74777b;\">\n\t\t\t\t               [vc_column_text]<\/p>\n<p>N\u00e4iteid teostatavatest muudatustest:<\/p>\n<ul>\n<li>Muudatused juhatuse liikmete hulgas \u2013 liikmete m\u00e4\u00e4ramine ja eemaldamine<\/li>\n<li>Ettev\u00f5tte nime muutmine<\/li>\n<li>Ettev\u00f5tte aadressi muutmine<\/li>\n<li>Ettev\u00f5tte audiitori muutmine<\/li>\n<li>Ettev\u00f5tte tegevusala muutmine<\/li>\n<\/ul>\n<p>&nbsp;<\/p>\n<p>Kui Sul on k\u00fcsimusi nende v\u00f5i muude lisateenuste osas, v\u00f5ta meiega \u00fchendust <a href=\"mailto:sales@1office.co\">sales@1office.co<\/a>.<\/p>\n<p>&nbsp;<\/p>\n<p><strong>Hinnas sisaldub:<\/strong><\/p>\n<ul>\n<li>Vajalike dokumentide koostamine<\/li>\n<li>Dokumentide esitamine Rootsi \u00e4riregistrisse<\/li>\n<li>Riigil\u00f5iv<\/li>\n<\/ul>\n<p>&nbsp;<\/p>\n<p><strong>Saadaval lisatasu eest:<\/strong><\/p>\n<ul>\n<li>Tegeliku kasusaaja registreerimine \u2013 1750 SEK. Kliendil tuleb tasuda eraldi riigil\u00f5iv summas 250 SEKi.<\/li>\n<li><a href=\"https:\/\/dev.1office.co\/sweden\/et\/toode\/residentsusnoude-erandi-avaldus\/\">Residentsusn\u00f5ude erandi avaldus<\/a> \u2013 1975 SEK (sisaldab riigil\u00f5ivu)<\/li>\n<li><a href=\"https:\/\/dev.1office.co\/sweden\/et\/toode\/kontaktisik\/\">Kontaktisiku teenus<\/a><\/li>\n<li><a href=\"https:\/\/dev.1office.co\/sweden\/et\/toode\/ariaadress-stockholmi-kesklinnas-aasta\/\">\u00c4riaadress Stockholmi kesklinnas<\/a><\/li>\n<li><a href=\"https:\/\/dev.1office.co\/sweden\/et\/toode\/el-kaubamargi-registreerimine\/\">ELi kaubam\u00e4rgi registreerimine<\/a><\/li>\n<li><a href=\"https:\/\/dev.1office.co\/sweden\/et\/toode\/ettevotte-likvideerimine\/\">Rootsi ettev\u00f5tte likvideerimine<\/a><\/li>\n<\/ul>\n<p>&nbsp;<\/p>\n<p><strong>Oluline informatsioon:<\/strong><\/p>\n<ul>\n<li>Andmete t\u00f6\u00f6tlemisaeg Rootsi \u00e4riregistris s\u00f5ltub muudatuste iseloomust ning v\u00f5ib v\u00f5tta kuni 1 kuu. Anname jooksvalt tagasisidet registreerimisprotsessi kohta.<\/li>\n<\/ul>\n<p>[\/vc_column_text]\n\t\t\t\t            <\/div>\n\t        \t\t\t<\/dd>\n    \t<\/dl>\n    <!--<div class=\"extraborder\" style=\"background-color:#ffffff\"><\/div>-->\n<\/div>\n\n<\/div>[\/vc_column][\/vc_row]<\/p>\n<\/div>","protected":false},"excerpt":{"rendered":"<p>Muudatused Rootsi ettev\u00f5tte andmetes tuleb registreerida Rootsi \u00e4riregistris. Aitame Sind erinevate ettev\u00f5tte andmete muudatustega Rootsi \u00e4riregistris. Teenus sisaldab vajalike dokumentide koostamist ja esitamist ning riigil\u00f5ivu.<\/p>\n<p>&nbsp;<\/p>\n","protected":false},"featured_media":60404,"template":"","meta":{"_acf_changed":false,"inline_featured_image":false},"product_brand":[],"product_cat":[309],"product_tag":[314],"class_list":{"0":"post-60401","1":"product","2":"type-product","3":"status-publish","4":"has-post-thumbnail","6":"product_cat-juriidilised-teenused","7":"product_tag-rootsi","8":"description-off","10":"first","11":"instock","12":"virtual","13":"taxable","14":"purchasable","15":"product-type-simple"},"bundled_by":[],"bundle_stock_status":"instock","bundle_stock_quantity":null,"bundle_virtual":false,"bundle_layout":"","bundle_add_to_cart_form_location":"","bundle_editable_in_cart":false,"bundle_sold_individually_context":"","bundle_item_grouping":"","bundle_min_size":"","bundle_max_size":"","bundle_price":[],"bundled_items":[],"bundle_sell_ids":[],"acf":[],"yoast_head":"<!-- This site is optimized with the Yoast SEO plugin v23.0 - https:\/\/yoast.com\/wordpress\/plugins\/seo\/ -->\n<title>Ettev\u00f5tte andmete muutmine Rootsi \u00e4riregistris - 1Office Sweden<\/title>\n<meta name=\"description\" content=\"Muudatused Rootsi ettev\u00f5tte andmetes tuleb registreerida Rootsi \u00e4riregistris. Aitame Sind erinevate ettev\u00f5tte andmete muudatustega Rootsi \u00e4riregistris. Teenus sisaldab vajalike dokumentide koostamist ja esitamist ning riigil\u00f5ivu.\" \/>\n<meta name=\"robots\" content=\"noindex, follow, max-snippet:-1, max-image-preview:large, max-video-preview:-1\" \/>\n<meta property=\"og:locale\" content=\"et_EE\" \/>\n<meta property=\"og:type\" content=\"article\" \/>\n<meta property=\"og:title\" content=\"Ettev\u00f5tte andmete muutmine Rootsi \u00e4riregistris - 1Office Sweden\" \/>\n<meta property=\"og:description\" content=\"Muudatused Rootsi ettev\u00f5tte andmetes tuleb registreerida Rootsi \u00e4riregistris. Aitame Sind erinevate ettev\u00f5tte andmete muudatustega Rootsi \u00e4riregistris. Teenus sisaldab vajalike dokumentide koostamist ja esitamist ning riigil\u00f5ivu.\" \/>\n<meta property=\"og:url\" content=\"https:\/\/dev.1office.co\/sweden\/et\/toode\/ettevotte-andmete-muutmine-rootsi-ariregistris\/\" \/>\n<meta property=\"og:site_name\" content=\"1Office Sweden\" \/>\n<meta property=\"article:modified_time\" content=\"2021-10-20T13:45:09+00:00\" \/>\n<meta property=\"og:image\" content=\"https:\/\/dev.1office.co\/sweden\/wp-content\/uploads\/sites\/13\/2021\/09\/pexels-sora-shimazaki-5668473-1.jpg\" \/>\n\t<meta property=\"og:image:width\" content=\"640\" \/>\n\t<meta property=\"og:image:height\" content=\"426\" \/>\n\t<meta property=\"og:image:type\" content=\"image\/jpeg\" \/>\n<meta name=\"twitter:card\" content=\"summary_large_image\" \/>\n<meta name=\"twitter:label1\" content=\"Est. reading time\" \/>\n\t<meta name=\"twitter:data1\" content=\"1 minut\" \/>\n<script type=\"application\/ld+json\" class=\"yoast-schema-graph\">{\"@context\":\"https:\/\/schema.org\",\"@graph\":[{\"@type\":\"WebPage\",\"@id\":\"https:\/\/dev.1office.co\/sweden\/et\/toode\/ettevotte-andmete-muutmine-rootsi-ariregistris\/\",\"url\":\"https:\/\/dev.1office.co\/sweden\/et\/toode\/ettevotte-andmete-muutmine-rootsi-ariregistris\/\",\"name\":\"Ettev\u00f5tte andmete muutmine Rootsi \u00e4riregistris - 1Office Sweden\",\"isPartOf\":{\"@id\":\"https:\/\/dev.1office.co\/sweden\/#website\"},\"primaryImageOfPage\":{\"@id\":\"https:\/\/dev.1office.co\/sweden\/et\/toode\/ettevotte-andmete-muutmine-rootsi-ariregistris\/#primaryimage\"},\"image\":{\"@id\":\"https:\/\/dev.1office.co\/sweden\/et\/toode\/ettevotte-andmete-muutmine-rootsi-ariregistris\/#primaryimage\"},\"thumbnailUrl\":\"https:\/\/dev.1office.co\/sweden\/wp-content\/uploads\/sites\/13\/2021\/09\/pexels-sora-shimazaki-5668473-1.jpg\",\"datePublished\":\"2021-09-17T07:00:48+00:00\",\"dateModified\":\"2021-10-20T13:45:09+00:00\",\"description\":\"Muudatused Rootsi ettev\u00f5tte andmetes tuleb registreerida Rootsi \u00e4riregistris. Aitame Sind erinevate ettev\u00f5tte andmete muudatustega Rootsi \u00e4riregistris. Teenus sisaldab vajalike dokumentide koostamist ja esitamist ning riigil\u00f5ivu.\",\"breadcrumb\":{\"@id\":\"https:\/\/dev.1office.co\/sweden\/et\/toode\/ettevotte-andmete-muutmine-rootsi-ariregistris\/#breadcrumb\"},\"inLanguage\":\"et\",\"potentialAction\":[{\"@type\":\"ReadAction\",\"target\":[\"https:\/\/dev.1office.co\/sweden\/et\/toode\/ettevotte-andmete-muutmine-rootsi-ariregistris\/\"]}]},{\"@type\":\"ImageObject\",\"inLanguage\":\"et\",\"@id\":\"https:\/\/dev.1office.co\/sweden\/et\/toode\/ettevotte-andmete-muutmine-rootsi-ariregistris\/#primaryimage\",\"url\":\"https:\/\/dev.1office.co\/sweden\/wp-content\/uploads\/sites\/13\/2021\/09\/pexels-sora-shimazaki-5668473-1.jpg\",\"contentUrl\":\"https:\/\/dev.1office.co\/sweden\/wp-content\/uploads\/sites\/13\/2021\/09\/pexels-sora-shimazaki-5668473-1.jpg\",\"width\":640,\"height\":426,\"caption\":\"Ettev\u00f5tte andmete muutmine Rootsi \u00e4riregistris\"},{\"@type\":\"BreadcrumbList\",\"@id\":\"https:\/\/dev.1office.co\/sweden\/et\/toode\/ettevotte-andmete-muutmine-rootsi-ariregistris\/#breadcrumb\",\"itemListElement\":[{\"@type\":\"ListItem\",\"position\":1,\"name\":\"Home\",\"item\":\"https:\/\/dev.1office.co\/sweden\/et\/\"},{\"@type\":\"ListItem\",\"position\":2,\"name\":\"Shop\",\"item\":\"https:\/\/dev.1office.co\/sweden\/shop\/\"},{\"@type\":\"ListItem\",\"position\":3,\"name\":\"Ettev\u00f5tte andmete muutmine Rootsi \u00e4riregistris\"}]},{\"@type\":\"WebSite\",\"@id\":\"https:\/\/dev.1office.co\/sweden\/#website\",\"url\":\"https:\/\/dev.1office.co\/sweden\/\",\"name\":\"1Office Sweden\",\"description\":\"Making Business Simple\",\"potentialAction\":[{\"@type\":\"SearchAction\",\"target\":{\"@type\":\"EntryPoint\",\"urlTemplate\":\"https:\/\/dev.1office.co\/sweden\/?s={search_term_string}\"},\"query-input\":\"required name=search_term_string\"}],\"inLanguage\":\"et\"}]}<\/script>\n<!-- \/ Yoast SEO plugin. -->","yoast_head_json":{"title":"Ettev\u00f5tte andmete muutmine Rootsi \u00e4riregistris - 1Office Sweden","description":"Muudatused Rootsi ettev\u00f5tte andmetes tuleb registreerida Rootsi \u00e4riregistris. Aitame Sind erinevate ettev\u00f5tte andmete muudatustega Rootsi \u00e4riregistris. Teenus sisaldab vajalike dokumentide koostamist ja esitamist ning riigil\u00f5ivu.","robots":{"index":"noindex","follow":"follow","max-snippet":"max-snippet:-1","max-image-preview":"max-image-preview:large","max-video-preview":"max-video-preview:-1"},"og_locale":"et_EE","og_type":"article","og_title":"Ettev\u00f5tte andmete muutmine Rootsi \u00e4riregistris - 1Office Sweden","og_description":"Muudatused Rootsi ettev\u00f5tte andmetes tuleb registreerida Rootsi \u00e4riregistris. Aitame Sind erinevate ettev\u00f5tte andmete muudatustega Rootsi \u00e4riregistris. Teenus sisaldab vajalike dokumentide koostamist ja esitamist ning riigil\u00f5ivu.","og_url":"https:\/\/dev.1office.co\/sweden\/et\/toode\/ettevotte-andmete-muutmine-rootsi-ariregistris\/","og_site_name":"1Office Sweden","article_modified_time":"2021-10-20T13:45:09+00:00","og_image":[{"width":640,"height":426,"url":"https:\/\/dev.1office.co\/sweden\/wp-content\/uploads\/sites\/13\/2021\/09\/pexels-sora-shimazaki-5668473-1.jpg","type":"image\/jpeg"}],"twitter_card":"summary_large_image","twitter_misc":{"Est. reading time":"1 minut"},"schema":{"@context":"https:\/\/schema.org","@graph":[{"@type":"WebPage","@id":"https:\/\/dev.1office.co\/sweden\/et\/toode\/ettevotte-andmete-muutmine-rootsi-ariregistris\/","url":"https:\/\/dev.1office.co\/sweden\/et\/toode\/ettevotte-andmete-muutmine-rootsi-ariregistris\/","name":"Ettev\u00f5tte andmete muutmine Rootsi \u00e4riregistris - 1Office Sweden","isPartOf":{"@id":"https:\/\/dev.1office.co\/sweden\/#website"},"primaryImageOfPage":{"@id":"https:\/\/dev.1office.co\/sweden\/et\/toode\/ettevotte-andmete-muutmine-rootsi-ariregistris\/#primaryimage"},"image":{"@id":"https:\/\/dev.1office.co\/sweden\/et\/toode\/ettevotte-andmete-muutmine-rootsi-ariregistris\/#primaryimage"},"thumbnailUrl":"https:\/\/dev.1office.co\/sweden\/wp-content\/uploads\/sites\/13\/2021\/09\/pexels-sora-shimazaki-5668473-1.jpg","datePublished":"2021-09-17T07:00:48+00:00","dateModified":"2021-10-20T13:45:09+00:00","description":"Muudatused Rootsi ettev\u00f5tte andmetes tuleb registreerida Rootsi \u00e4riregistris. Aitame Sind erinevate ettev\u00f5tte andmete muudatustega Rootsi \u00e4riregistris. Teenus sisaldab vajalike dokumentide koostamist ja esitamist ning riigil\u00f5ivu.","breadcrumb":{"@id":"https:\/\/dev.1office.co\/sweden\/et\/toode\/ettevotte-andmete-muutmine-rootsi-ariregistris\/#breadcrumb"},"inLanguage":"et","potentialAction":[{"@type":"ReadAction","target":["https:\/\/dev.1office.co\/sweden\/et\/toode\/ettevotte-andmete-muutmine-rootsi-ariregistris\/"]}]},{"@type":"ImageObject","inLanguage":"et","@id":"https:\/\/dev.1office.co\/sweden\/et\/toode\/ettevotte-andmete-muutmine-rootsi-ariregistris\/#primaryimage","url":"https:\/\/dev.1office.co\/sweden\/wp-content\/uploads\/sites\/13\/2021\/09\/pexels-sora-shimazaki-5668473-1.jpg","contentUrl":"https:\/\/dev.1office.co\/sweden\/wp-content\/uploads\/sites\/13\/2021\/09\/pexels-sora-shimazaki-5668473-1.jpg","width":640,"height":426,"caption":"Ettev\u00f5tte andmete muutmine Rootsi \u00e4riregistris"},{"@type":"BreadcrumbList","@id":"https:\/\/dev.1office.co\/sweden\/et\/toode\/ettevotte-andmete-muutmine-rootsi-ariregistris\/#breadcrumb","itemListElement":[{"@type":"ListItem","position":1,"name":"Home","item":"https:\/\/dev.1office.co\/sweden\/et\/"},{"@type":"ListItem","position":2,"name":"Shop","item":"https:\/\/dev.1office.co\/sweden\/shop\/"},{"@type":"ListItem","position":3,"name":"Ettev\u00f5tte andmete muutmine Rootsi \u00e4riregistris"}]},{"@type":"WebSite","@id":"https:\/\/dev.1office.co\/sweden\/#website","url":"https:\/\/dev.1office.co\/sweden\/","name":"1Office Sweden","description":"Making Business Simple","potentialAction":[{"@type":"SearchAction","target":{"@type":"EntryPoint","urlTemplate":"https:\/\/dev.1office.co\/sweden\/?s={search_term_string}"},"query-input":"required name=search_term_string"}],"inLanguage":"et"}]}},"_links":{"self":[{"href":"https:\/\/dev.1office.co\/sweden\/et\/wp-json\/wp\/v2\/product\/60401","targetHints":{"allow":["GET"]}}],"collection":[{"href":"https:\/\/dev.1office.co\/sweden\/et\/wp-json\/wp\/v2\/product"}],"about":[{"href":"https:\/\/dev.1office.co\/sweden\/et\/wp-json\/wp\/v2\/types\/product"}],"wp:featuredmedia":[{"embeddable":true,"href":"https:\/\/dev.1office.co\/sweden\/et\/wp-json\/wp\/v2\/media\/60404"}],"wp:attachment":[{"href":"https:\/\/dev.1office.co\/sweden\/et\/wp-json\/wp\/v2\/media?parent=60401"}],"wp:term":[{"taxonomy":"product_brand","embeddable":true,"href":"https:\/\/dev.1office.co\/sweden\/et\/wp-json\/wp\/v2\/product_brand?post=60401"},{"taxonomy":"product_cat","embeddable":true,"href":"https:\/\/dev.1office.co\/sweden\/et\/wp-json\/wp\/v2\/product_cat?post=60401"},{"taxonomy":"product_tag","embeddable":true,"href":"https:\/\/dev.1office.co\/sweden\/et\/wp-json\/wp\/v2\/product_tag?post=60401"}],"curies":[{"name":"wp","href":"https:\/\/api.w.org\/{rel}","templated":true}]}}