{"id":59134,"date":"2019-10-15T13:09:44","date_gmt":"2019-10-15T13:09:44","guid":{"rendered":"https:\/\/dev.1office.co\/sweden\/?post_type=product&#038;p=59134"},"modified":"2022-02-04T15:08:48","modified_gmt":"2022-02-04T15:08:48","slug":"id06-tootaja-manuaalne-isikutuvastamine","status":"publish","type":"product","link":"https:\/\/dev.1office.co\/sweden\/et\/toode\/id06-tootaja-manuaalne-isikutuvastamine\/","title":{"rendered":"ID06 &#8211; T\u00f6\u00f6taja manuaalne isikutuvastamine"},"content":{"rendered":"<div class=\"wpb-content-wrapper\"><p>[vc_row][vc_column]<div id=\"advanced-tabs-desc-wrap-2203\" class=\"ult_tabs product_tabs\" style=\" \" data-tabsstyle=\"style1\"\n data-titlebg=\"#ffffff\" data-titlecolor=\"#b6b8ba\" data-fullheight=\"off\"\n data-titlehoverbg=\"#ffffff\" data-titlehovercolor=\"#1d1e23\"\n data-rotatetabs=\"0\" data-responsivemode=\"Both\" data-animation=\"Slide\"\ndata-activetitle=\"#1d1e23\" data-activeicon=\"\" data-activebg=\"#ffffff\"  data-respmode=\"Tabs\" data-respwidth=\"400\" data-scroll = \"on\" data-activeindex=\"1\"><ul id=advanced-tabs-wrap-2919 class=\"ult_tabmenu style1 \" style=\"\"><li class=\"ult_tab_li  \" data-iconcolor=\"#74777b\" data-iconhover=\"#ffffff\" style=\"background-color:#ffffff;border-color:transparent;border-width:0px;border-style:solid;border-top-right-radius:8px;\">\n\t\t\t\t\t<a href=\"#1512642751410-8d7ab-c11d\"  id=\"1512642751410-8d7ab-c11d\"  style=\"color:#b6b8ba;; padding:15px; \" class=\"ult_a  \">\n\t\t\t\t\t     <span class=\"ult_tab_main Both \">\n\t\t\t\t\t \t\t <span class=\"ult_tab_section\">\n\t\t\t\t\t   \t\t\t<span  data-ultimate-target='#advanced-tabs-wrap-2919 .ult-span-text'  data-responsive-json-new='{\"font-size\":\"desktop:14px;\",\"line-height\":\"\"}'  class=\"ult-span-text no_icon ult_tab_display_text ult-responsive\" style=\"font-weight:bold;;\">Kirjeldus<\/span>\n\t\t\t\t\t   \t\t<\/span>\n\t\t\t\t\t\t<\/span>\n\t\t\t\t\t<\/a>\n\t\t\t\t\t<\/li><\/ul><div  data-ultimate-target='#advanced-tabs-desc-wrap-2203 .ult_tabcontent .ult_tab_min_contain  p'  data-responsive-json-new='{\"font-size\":\"\",\"line-height\":\"\"}' class=\"ult_tabcontent ult-responsive style1\" style=\"color:#74777b;\"><div class=\"ult_tab_min_contain \" >\n\t\t\t<div  class=\"ult_tabitemname\"  >\n\t\t\t\t[vc_column_text]Alates 1.nov. 2016 peab Rootsis k\u00f5igil ehitusobjektil viibivatel isikutel olema ID06 kaart, et luua ohutum t\u00f6\u00f6keskkond ning takistada illegaalse t\u00f6\u00f6j\u00f5u kasutamist. Alates 21. jaanuarist 2020 kaotavad kehtivuse k\u00f5ik varasemalt v\u00e4lja antud ID06 kaardid. Selleks, et t\u00f6\u00f6taja p\u00e4\u00e4seks objektile ka p\u00e4rast seda kuup\u00e4eva, tuleb nii ettev\u00f5ttel kui ka selle t\u00f6\u00f6tajatel kaarti uuendada ning \u00fcle minna turvalisemale ID06 2.0 kaardile.<\/p>\n<p>Ehitusobjektidel viibivad isikud (t\u00f6\u00f6tajad, ettev\u00f5tete esindajad, praktikandid, \u00f5pilased) registreeritakse ID06 s\u00fcsteemis ning neile v\u00e4ljastatakse objektil viibimise ajaks ID06 kaart. Isiku ilma ID06 kaardita ehitusobjektil viibimine v\u00f5ib t\u00f6\u00f6andjale kaasa tuua sanktsioone.<\/p>\n<p>ID06 kaartide tellimiseks tuleb ettev\u00f5tte registreerida ID06 portaalis, sest ainult ID06 registreeritud ettev\u00f5te v\u00f5ib tellida t\u00f6\u00f6tajatele ID06 kaarte. Ettev\u00f5tete registreerimiseks ja ID06 kaartide tellimiseks tuleb t\u00f6\u00f6andjate esindajad ja t\u00f6\u00f6tajad tuvastada kas Rootsi pangatunnustega (BankID) v\u00f5i nende puudumise korral (v\u00e4lismaised isikud) manuaalse isikutuvastamisega, mida viivad l\u00e4bi akrediteeritud ID06 partnerid spetsiaalse dokumendi sk\u00e4nneri abil.<\/p>\n<p>Manuaalse isikutuvastuse saab l\u00e4bi viia ainult akrediteeritud ID06 partnerid. 1Office on alates 2019. aastast ID06 akrediteeritud partner ning kogu protsessi saab l\u00e4bi teha meie Tallinna kontoris (Narva mnt 5).<\/p>\n<p>&nbsp;<\/p>\n<p><strong>Hinnas sisaldub:<\/strong><\/p>\n<ul>\n<li>T\u00f6\u00f6tajate manuaalne isikutuvastamine ID06 kaartide tellimiseks.<\/li>\n<li>1 t\u00f6\u00f6taja = 200 SEK (19\u20ac), 2 t\u00f6\u00f6tajat = 400 SEK (38\u20ac) jne<\/li>\n<\/ul>\n<p><strong>Protsessi k\u00e4ik:<\/strong><\/p>\n<ul>\n<li>Lisa ostukorvi sobiv arv tooteid (toodete arv peaks vastama t\u00f6\u00f6tajate arvule).<\/li>\n<li>Meie spetsialist v\u00f5tab teiega \u00fchendust ning lepib kokku aja(d) t\u00f6\u00f6taja(te) manuaalseks isikutuvastamiseks.<\/li>\n<li>Kohtumisel skaneeritakse t\u00f6\u00f6taja(te) isikut t\u00f5endav dokument<\/li>\n<li>Nende meilile tuleb kinnitus ning sms personaalse koodiga, mis tuleb registreerida ID06 portaalis.<\/li>\n<li>T\u00f6\u00f6andja poolt valitud kaarditootja postitab ID06 kaardi kokkulepitud aadressile.<\/li>\n<li>P\u00e4rast kaardi k\u00e4ttesaamist on t\u00f6\u00f6tajal \u00f5igus objektile minna.<\/li>\n<li>Manuaalne isikutuvastus v\u00f5tab k\u00f5igest 15 minutit, kaardi k\u00e4ttesaamine oleneb kaarditootja j\u00e4rjekordadest (saadaval ka ekspressteenus 1-2 t\u00f6\u00f6p\u00e4evaga).<\/li>\n<\/ul>\n<p><strong>T\u00e4htis informatsioon:<\/strong><\/p>\n<ul>\n<li>Kui vajad lisainformatsiooni, v\u00f5ta \u00fchendust sales@1office.co v\u00f5i +372 664 5402<\/li>\n<li>K\u00f5ikidel t\u00f6\u00f6tajatel peab kaasas olema kehtiv isikut t\u00f5endav dokument<\/li>\n<li>K\u00f5ikidel t\u00f6\u00f6tajatel peab olema kehtiv meiliaadress ja telefoninumber<\/li>\n<li>Hinnale lisandub k\u00e4ibemaks<\/li>\n<\/ul>\n<p>[\/vc_column_text]\n\t\t\t<\/div><\/div><\/div><\/div><div class=\"ult_acord advanced-tabs-desc-wrap-2203\">\n   <div class=\"ult-tabto-accordion \" style=\"width:;\"\n    data-titlecolor=\"#b6b8ba\"  data-titlebg=\"#ffffff\"\n     data-titlehoverbg=\"#ffffff\" data-titlehovercolor=\"#1d1e23\" data-animation=\"Slide\"\n     data-activetitle=\"#1d1e23\" data-activeicon=\"\" data-activebg=\"#ffffff\" data-scroll = \"on\" data-activeindex=\"1\" >\n     <dl><dt class=\"\">\n\t        \t<a class=\"ult-tabto-actitle withBorder ult_a \" id=\"1512642751410-8d7ab-c11d\" style=\"color:#b6b8ba;;background-color:#ffffff;border-bottom-color:transparent;border-bottom-width:0px;border-bottom-style:solid;\" href=\"#1512642751410-8d7ab-c11d\">\n\t        \t\t<i class=\"accordion-icon\"><\/i>\n\t        \t\t\t<span class=\"ult_tab_main ult_ac_main ult_noacordicnBoth\">\n\n\t\t\t\t\t\t<span  data-ultimate-target='#advanced-tabs-wrap-2919 .ult-span-text'  data-responsive-json-new='{\"font-size\":\"desktop:14px;\",\"line-height\":\"\"}'  class=\"ult-span-text no_icon ult_acordian-text ult-responsive\" style=\"font-weight:bold;;color:inherit \" >Kirjeldus<\/span>\n\t\t\t\t\t\t<\/span><\/a><\/dt>\n\t            \t\t<dd class=\"ult-tabto-accordionItem ult-tabto-accolapsed\">\n\t\t\t\t            <div class=\"ult-tabto-acontent\" style=\"color:#74777b;\">\n\t\t\t\t               [vc_column_text]Alates 1.nov. 2016 peab Rootsis k\u00f5igil ehitusobjektil viibivatel isikutel olema ID06 kaart, et luua ohutum t\u00f6\u00f6keskkond ning takistada illegaalse t\u00f6\u00f6j\u00f5u kasutamist. Alates 21. jaanuarist 2020 kaotavad kehtivuse k\u00f5ik varasemalt v\u00e4lja antud ID06 kaardid. Selleks, et t\u00f6\u00f6taja p\u00e4\u00e4seks objektile ka p\u00e4rast seda kuup\u00e4eva, tuleb nii ettev\u00f5ttel kui ka selle t\u00f6\u00f6tajatel kaarti uuendada ning \u00fcle minna turvalisemale ID06 2.0 kaardile.<\/p>\n<p>Ehitusobjektidel viibivad isikud (t\u00f6\u00f6tajad, ettev\u00f5tete esindajad, praktikandid, \u00f5pilased) registreeritakse ID06 s\u00fcsteemis ning neile v\u00e4ljastatakse objektil viibimise ajaks ID06 kaart. Isiku ilma ID06 kaardita ehitusobjektil viibimine v\u00f5ib t\u00f6\u00f6andjale kaasa tuua sanktsioone.<\/p>\n<p>ID06 kaartide tellimiseks tuleb ettev\u00f5tte registreerida ID06 portaalis, sest ainult ID06 registreeritud ettev\u00f5te v\u00f5ib tellida t\u00f6\u00f6tajatele ID06 kaarte. Ettev\u00f5tete registreerimiseks ja ID06 kaartide tellimiseks tuleb t\u00f6\u00f6andjate esindajad ja t\u00f6\u00f6tajad tuvastada kas Rootsi pangatunnustega (BankID) v\u00f5i nende puudumise korral (v\u00e4lismaised isikud) manuaalse isikutuvastamisega, mida viivad l\u00e4bi akrediteeritud ID06 partnerid spetsiaalse dokumendi sk\u00e4nneri abil.<\/p>\n<p>Manuaalse isikutuvastuse saab l\u00e4bi viia ainult akrediteeritud ID06 partnerid. 1Office on alates 2019. aastast ID06 akrediteeritud partner ning kogu protsessi saab l\u00e4bi teha meie Tallinna kontoris (Narva mnt 5).<\/p>\n<p>&nbsp;<\/p>\n<p><strong>Hinnas sisaldub:<\/strong><\/p>\n<ul>\n<li>T\u00f6\u00f6tajate manuaalne isikutuvastamine ID06 kaartide tellimiseks.<\/li>\n<li>1 t\u00f6\u00f6taja = 200 SEK (19\u20ac), 2 t\u00f6\u00f6tajat = 400 SEK (38\u20ac) jne<\/li>\n<\/ul>\n<p><strong>Protsessi k\u00e4ik:<\/strong><\/p>\n<ul>\n<li>Lisa ostukorvi sobiv arv tooteid (toodete arv peaks vastama t\u00f6\u00f6tajate arvule).<\/li>\n<li>Meie spetsialist v\u00f5tab teiega \u00fchendust ning lepib kokku aja(d) t\u00f6\u00f6taja(te) manuaalseks isikutuvastamiseks.<\/li>\n<li>Kohtumisel skaneeritakse t\u00f6\u00f6taja(te) isikut t\u00f5endav dokument<\/li>\n<li>Nende meilile tuleb kinnitus ning sms personaalse koodiga, mis tuleb registreerida ID06 portaalis.<\/li>\n<li>T\u00f6\u00f6andja poolt valitud kaarditootja postitab ID06 kaardi kokkulepitud aadressile.<\/li>\n<li>P\u00e4rast kaardi k\u00e4ttesaamist on t\u00f6\u00f6tajal \u00f5igus objektile minna.<\/li>\n<li>Manuaalne isikutuvastus v\u00f5tab k\u00f5igest 15 minutit, kaardi k\u00e4ttesaamine oleneb kaarditootja j\u00e4rjekordadest (saadaval ka ekspressteenus 1-2 t\u00f6\u00f6p\u00e4evaga).<\/li>\n<\/ul>\n<p><strong>T\u00e4htis informatsioon:<\/strong><\/p>\n<ul>\n<li>Kui vajad lisainformatsiooni, v\u00f5ta \u00fchendust sales@1office.co v\u00f5i +372 664 5402<\/li>\n<li>K\u00f5ikidel t\u00f6\u00f6tajatel peab kaasas olema kehtiv isikut t\u00f5endav dokument<\/li>\n<li>K\u00f5ikidel t\u00f6\u00f6tajatel peab olema kehtiv meiliaadress ja telefoninumber<\/li>\n<li>Hinnale lisandub k\u00e4ibemaks<\/li>\n<\/ul>\n<p>[\/vc_column_text]\n\t\t\t\t            <\/div>\n\t        \t\t\t<\/dd>\n    \t<\/dl>\n    <!--<div class=\"extraborder\" style=\"background-color:#ffffff\"><\/div>-->\n<\/div>\n\n<\/div>[\/vc_column][\/vc_row]<\/p>\n<\/div>","protected":false},"excerpt":{"rendered":"<p>Uue ID06 2.0 kaardi tellimise jaoks vajalik t\u00f6\u00f6taja manuaalne isikutuvastamine. Isikutuvastus nii ettev\u00f5tte esindajatele kui ka t\u00f6\u00f6tajatele toimub mugavalt Tallinnas 1Office O\u00dc kontoris (Narva mnt 5).<\/p>\n","protected":false},"featured_media":59127,"template":"","meta":{"_acf_changed":false,"inline_featured_image":false},"product_brand":[],"product_cat":[309],"product_tag":[314],"class_list":{"0":"post-59134","1":"product","2":"type-product","3":"status-publish","4":"has-post-thumbnail","6":"product_cat-juriidilised-teenused","7":"product_tag-rootsi","8":"description-off","10":"first","11":"instock","12":"taxable","13":"shipping-taxable","14":"purchasable","15":"product-type-simple"},"bundled_by":["60702"],"bundle_stock_status":"instock","bundle_stock_quantity":null,"bundle_virtual":false,"bundle_layout":"","bundle_add_to_cart_form_location":"","bundle_editable_in_cart":false,"bundle_sold_individually_context":"","bundle_item_grouping":"","bundle_min_size":"","bundle_max_size":"","bundle_price":[],"bundled_items":[],"bundle_sell_ids":[],"acf":[],"yoast_head":"<!-- This site is optimized with the Yoast SEO plugin v23.0 - https:\/\/yoast.com\/wordpress\/plugins\/seo\/ -->\n<title>ID06 - T\u00f6\u00f6taja manuaalne isikutuvastamine - 1Office Sweden<\/title>\n<meta name=\"robots\" content=\"noindex, follow, max-snippet:-1, max-image-preview:large, max-video-preview:-1\" \/>\n<meta property=\"og:locale\" content=\"et_EE\" \/>\n<meta property=\"og:type\" content=\"article\" \/>\n<meta property=\"og:title\" content=\"ID06 - T\u00f6\u00f6taja manuaalne isikutuvastamine - 1Office Sweden\" \/>\n<meta property=\"og:description\" content=\"Uue ID06 2.0 kaardi tellimise jaoks vajalik t\u00f6\u00f6taja manuaalne isikutuvastamine. Isikutuvastus nii ettev\u00f5tte esindajatele kui ka t\u00f6\u00f6tajatele toimub mugavalt Tallinnas 1Office O\u00dc kontoris (Narva mnt 5).\" \/>\n<meta property=\"og:url\" content=\"https:\/\/dev.1office.co\/sweden\/et\/toode\/id06-tootaja-manuaalne-isikutuvastamine\/\" \/>\n<meta property=\"og:site_name\" content=\"1Office Sweden\" \/>\n<meta property=\"article:modified_time\" content=\"2022-02-04T15:08:48+00:00\" \/>\n<meta property=\"og:image\" content=\"https:\/\/dev.1office.co\/sweden\/wp-content\/uploads\/sites\/13\/2019\/10\/180215_id063-800x470-e1571143033926.jpg\" \/>\n\t<meta property=\"og:image:width\" content=\"468\" \/>\n\t<meta property=\"og:image:height\" content=\"466\" \/>\n\t<meta property=\"og:image:type\" content=\"image\/jpeg\" \/>\n<meta name=\"twitter:card\" content=\"summary_large_image\" \/>\n<meta name=\"twitter:label1\" content=\"Est. reading time\" \/>\n\t<meta name=\"twitter:data1\" content=\"2 minutit\" \/>\n<script type=\"application\/ld+json\" class=\"yoast-schema-graph\">{\"@context\":\"https:\/\/schema.org\",\"@graph\":[{\"@type\":\"WebPage\",\"@id\":\"https:\/\/dev.1office.co\/sweden\/et\/toode\/id06-tootaja-manuaalne-isikutuvastamine\/\",\"url\":\"https:\/\/dev.1office.co\/sweden\/et\/toode\/id06-tootaja-manuaalne-isikutuvastamine\/\",\"name\":\"ID06 - T\u00f6\u00f6taja manuaalne isikutuvastamine - 1Office Sweden\",\"isPartOf\":{\"@id\":\"https:\/\/dev.1office.co\/sweden\/#website\"},\"primaryImageOfPage\":{\"@id\":\"https:\/\/dev.1office.co\/sweden\/et\/toode\/id06-tootaja-manuaalne-isikutuvastamine\/#primaryimage\"},\"image\":{\"@id\":\"https:\/\/dev.1office.co\/sweden\/et\/toode\/id06-tootaja-manuaalne-isikutuvastamine\/#primaryimage\"},\"thumbnailUrl\":\"https:\/\/dev.1office.co\/sweden\/wp-content\/uploads\/sites\/13\/2019\/10\/180215_id063-800x470-e1571143033926.jpg\",\"datePublished\":\"2019-10-15T13:09:44+00:00\",\"dateModified\":\"2022-02-04T15:08:48+00:00\",\"breadcrumb\":{\"@id\":\"https:\/\/dev.1office.co\/sweden\/et\/toode\/id06-tootaja-manuaalne-isikutuvastamine\/#breadcrumb\"},\"inLanguage\":\"et\",\"potentialAction\":[{\"@type\":\"ReadAction\",\"target\":[\"https:\/\/dev.1office.co\/sweden\/et\/toode\/id06-tootaja-manuaalne-isikutuvastamine\/\"]}]},{\"@type\":\"ImageObject\",\"inLanguage\":\"et\",\"@id\":\"https:\/\/dev.1office.co\/sweden\/et\/toode\/id06-tootaja-manuaalne-isikutuvastamine\/#primaryimage\",\"url\":\"https:\/\/dev.1office.co\/sweden\/wp-content\/uploads\/sites\/13\/2019\/10\/180215_id063-800x470-e1571143033926.jpg\",\"contentUrl\":\"https:\/\/dev.1office.co\/sweden\/wp-content\/uploads\/sites\/13\/2019\/10\/180215_id063-800x470-e1571143033926.jpg\",\"width\":468,\"height\":466},{\"@type\":\"BreadcrumbList\",\"@id\":\"https:\/\/dev.1office.co\/sweden\/et\/toode\/id06-tootaja-manuaalne-isikutuvastamine\/#breadcrumb\",\"itemListElement\":[{\"@type\":\"ListItem\",\"position\":1,\"name\":\"Home\",\"item\":\"https:\/\/dev.1office.co\/sweden\/et\/\"},{\"@type\":\"ListItem\",\"position\":2,\"name\":\"Shop\",\"item\":\"https:\/\/dev.1office.co\/sweden\/shop\/\"},{\"@type\":\"ListItem\",\"position\":3,\"name\":\"ID06 &#8211; T\u00f6\u00f6taja manuaalne isikutuvastamine\"}]},{\"@type\":\"WebSite\",\"@id\":\"https:\/\/dev.1office.co\/sweden\/#website\",\"url\":\"https:\/\/dev.1office.co\/sweden\/\",\"name\":\"1Office Sweden\",\"description\":\"Making Business Simple\",\"potentialAction\":[{\"@type\":\"SearchAction\",\"target\":{\"@type\":\"EntryPoint\",\"urlTemplate\":\"https:\/\/dev.1office.co\/sweden\/?s={search_term_string}\"},\"query-input\":\"required name=search_term_string\"}],\"inLanguage\":\"et\"}]}<\/script>\n<!-- \/ Yoast SEO plugin. -->","yoast_head_json":{"title":"ID06 - T\u00f6\u00f6taja manuaalne isikutuvastamine - 1Office Sweden","robots":{"index":"noindex","follow":"follow","max-snippet":"max-snippet:-1","max-image-preview":"max-image-preview:large","max-video-preview":"max-video-preview:-1"},"og_locale":"et_EE","og_type":"article","og_title":"ID06 - T\u00f6\u00f6taja manuaalne isikutuvastamine - 1Office Sweden","og_description":"Uue ID06 2.0 kaardi tellimise jaoks vajalik t\u00f6\u00f6taja manuaalne isikutuvastamine. Isikutuvastus nii ettev\u00f5tte esindajatele kui ka t\u00f6\u00f6tajatele toimub mugavalt Tallinnas 1Office O\u00dc kontoris (Narva mnt 5).","og_url":"https:\/\/dev.1office.co\/sweden\/et\/toode\/id06-tootaja-manuaalne-isikutuvastamine\/","og_site_name":"1Office Sweden","article_modified_time":"2022-02-04T15:08:48+00:00","og_image":[{"width":468,"height":466,"url":"https:\/\/dev.1office.co\/sweden\/wp-content\/uploads\/sites\/13\/2019\/10\/180215_id063-800x470-e1571143033926.jpg","type":"image\/jpeg"}],"twitter_card":"summary_large_image","twitter_misc":{"Est. reading time":"2 minutit"},"schema":{"@context":"https:\/\/schema.org","@graph":[{"@type":"WebPage","@id":"https:\/\/dev.1office.co\/sweden\/et\/toode\/id06-tootaja-manuaalne-isikutuvastamine\/","url":"https:\/\/dev.1office.co\/sweden\/et\/toode\/id06-tootaja-manuaalne-isikutuvastamine\/","name":"ID06 - T\u00f6\u00f6taja manuaalne isikutuvastamine - 1Office Sweden","isPartOf":{"@id":"https:\/\/dev.1office.co\/sweden\/#website"},"primaryImageOfPage":{"@id":"https:\/\/dev.1office.co\/sweden\/et\/toode\/id06-tootaja-manuaalne-isikutuvastamine\/#primaryimage"},"image":{"@id":"https:\/\/dev.1office.co\/sweden\/et\/toode\/id06-tootaja-manuaalne-isikutuvastamine\/#primaryimage"},"thumbnailUrl":"https:\/\/dev.1office.co\/sweden\/wp-content\/uploads\/sites\/13\/2019\/10\/180215_id063-800x470-e1571143033926.jpg","datePublished":"2019-10-15T13:09:44+00:00","dateModified":"2022-02-04T15:08:48+00:00","breadcrumb":{"@id":"https:\/\/dev.1office.co\/sweden\/et\/toode\/id06-tootaja-manuaalne-isikutuvastamine\/#breadcrumb"},"inLanguage":"et","potentialAction":[{"@type":"ReadAction","target":["https:\/\/dev.1office.co\/sweden\/et\/toode\/id06-tootaja-manuaalne-isikutuvastamine\/"]}]},{"@type":"ImageObject","inLanguage":"et","@id":"https:\/\/dev.1office.co\/sweden\/et\/toode\/id06-tootaja-manuaalne-isikutuvastamine\/#primaryimage","url":"https:\/\/dev.1office.co\/sweden\/wp-content\/uploads\/sites\/13\/2019\/10\/180215_id063-800x470-e1571143033926.jpg","contentUrl":"https:\/\/dev.1office.co\/sweden\/wp-content\/uploads\/sites\/13\/2019\/10\/180215_id063-800x470-e1571143033926.jpg","width":468,"height":466},{"@type":"BreadcrumbList","@id":"https:\/\/dev.1office.co\/sweden\/et\/toode\/id06-tootaja-manuaalne-isikutuvastamine\/#breadcrumb","itemListElement":[{"@type":"ListItem","position":1,"name":"Home","item":"https:\/\/dev.1office.co\/sweden\/et\/"},{"@type":"ListItem","position":2,"name":"Shop","item":"https:\/\/dev.1office.co\/sweden\/shop\/"},{"@type":"ListItem","position":3,"name":"ID06 &#8211; T\u00f6\u00f6taja manuaalne isikutuvastamine"}]},{"@type":"WebSite","@id":"https:\/\/dev.1office.co\/sweden\/#website","url":"https:\/\/dev.1office.co\/sweden\/","name":"1Office Sweden","description":"Making Business Simple","potentialAction":[{"@type":"SearchAction","target":{"@type":"EntryPoint","urlTemplate":"https:\/\/dev.1office.co\/sweden\/?s={search_term_string}"},"query-input":"required name=search_term_string"}],"inLanguage":"et"}]}},"_links":{"self":[{"href":"https:\/\/dev.1office.co\/sweden\/et\/wp-json\/wp\/v2\/product\/59134","targetHints":{"allow":["GET"]}}],"collection":[{"href":"https:\/\/dev.1office.co\/sweden\/et\/wp-json\/wp\/v2\/product"}],"about":[{"href":"https:\/\/dev.1office.co\/sweden\/et\/wp-json\/wp\/v2\/types\/product"}],"wp:featuredmedia":[{"embeddable":true,"href":"https:\/\/dev.1office.co\/sweden\/et\/wp-json\/wp\/v2\/media\/59127"}],"wp:attachment":[{"href":"https:\/\/dev.1office.co\/sweden\/et\/wp-json\/wp\/v2\/media?parent=59134"}],"wp:term":[{"taxonomy":"product_brand","embeddable":true,"href":"https:\/\/dev.1office.co\/sweden\/et\/wp-json\/wp\/v2\/product_brand?post=59134"},{"taxonomy":"product_cat","embeddable":true,"href":"https:\/\/dev.1office.co\/sweden\/et\/wp-json\/wp\/v2\/product_cat?post=59134"},{"taxonomy":"product_tag","embeddable":true,"href":"https:\/\/dev.1office.co\/sweden\/et\/wp-json\/wp\/v2\/product_tag?post=59134"}],"curies":[{"name":"wp","href":"https:\/\/api.w.org\/{rel}","templated":true}]}}