{"id":57793,"date":"2018-03-26T14:00:15","date_gmt":"2018-03-26T14:00:16","guid":{"rendered":"https:\/\/dev.1office.co\/sweden\/?post_type=product&#038;p=57793"},"modified":"2022-09-27T14:58:14","modified_gmt":"2022-09-27T14:58:14","slug":"valmisfirma-ja-tugiteenused-rootsis","status":"publish","type":"product","link":"https:\/\/dev.1office.co\/sweden\/et\/toode\/valmisfirma-ja-tugiteenused-rootsis\/","title":{"rendered":"Stardipakett \u2013 Valmisfirma ostmine ja tugiteenused Rootsis"},"content":{"rendered":"<div class=\"wpb-content-wrapper\"><p>[vc_row][vc_column]<div id=\"advanced-tabs-desc-wrap-8571\" class=\"ult_tabs product_tabs\" style=\" \" data-tabsstyle=\"style1\"\n data-titlebg=\"#ffffff\" data-titlecolor=\"#b6b8ba\" data-fullheight=\"off\"\n data-titlehoverbg=\"#ffffff\" data-titlehovercolor=\"#1d1e23\"\n data-rotatetabs=\"0\" data-responsivemode=\"Both\" data-animation=\"Slide\"\ndata-activetitle=\"#1d1e23\" data-activeicon=\"\" data-activebg=\"#ffffff\"  data-respmode=\"Tabs\" data-respwidth=\"400\" data-scroll = \"on\" data-activeindex=\"1\"><ul id=advanced-tabs-wrap-9544 class=\"ult_tabmenu style1 \" style=\"\"><li class=\"ult_tab_li  \" data-iconcolor=\"#74777b\" data-iconhover=\"#ffffff\" style=\"background-color:#ffffff;border-color:transparent;border-width:0px;border-style:solid;border-top-right-radius:8px;\">\n\t\t\t\t\t<a href=\"#1512642751410-8d7ab-c11d\"  id=\"1512642751410-8d7ab-c11d\"  style=\"color:#b6b8ba;; padding:15px; \" class=\"ult_a  \">\n\t\t\t\t\t     <span class=\"ult_tab_main Both \">\n\t\t\t\t\t \t\t <span class=\"ult_tab_section\">\n\t\t\t\t\t   \t\t\t<span  data-ultimate-target='#advanced-tabs-wrap-9544 .ult-span-text'  data-responsive-json-new='{\"font-size\":\"desktop:14px;\",\"line-height\":\"\"}'  class=\"ult-span-text no_icon ult_tab_display_text ult-responsive\" style=\"font-weight:bold;;\">Kirjeldus<\/span>\n\t\t\t\t\t   \t\t<\/span>\n\t\t\t\t\t\t<\/span>\n\t\t\t\t\t<\/a>\n\t\t\t\t\t<\/li><\/ul><div  data-ultimate-target='#advanced-tabs-desc-wrap-8571 .ult_tabcontent .ult_tab_min_contain  p'  data-responsive-json-new='{\"font-size\":\"\",\"line-height\":\"\"}' class=\"ult_tabcontent ult-responsive style1\" style=\"color:#74777b;\"><div class=\"ult_tab_min_contain \" >\n\t\t\t<div  class=\"ult_tabitemname\"  >\n\t\t\t\t[vc_column_text]<\/p>\n<h2>Miks valida valmisfirmaga stardipakett?<\/h2>\n<ul>\n<li>K\u00f5ikide vajalike dokumentide olemasolul l\u00e4heb firma registreerimiseks tavaliselt 10-15 p\u00e4eva. Menetlusaeg v\u00f5ib pikeneda vastavalt \u00c4riregistri t\u00f6\u00f6mahule.<\/li>\n<li>Osakapitali ei tule kohe sisse kanda, see peab olema kantud ettev\u00f5tte pangakontole alles majandusaasta l\u00f5puks ja seda juhul, kui tegemist pole t\u00fctarettev\u00f5ttega.<\/li>\n<li>Paketis on olemas kontaktisik, mis on kohustuslik, kui ettev\u00f5tte juhatuse koosseisus puudub Rootsi isikukoodi omav ja alaliselt Rootsis elav isik.<\/li>\n<li>Paketis sisaldub ka \u00e4riaadress koos postiteenusega. \u00c4riaadress on kohustuslik igale Rootsis registreeritud ettev\u00f5ttele kogu tegutsemisperioodi jooksul, postiteenus sisaldab kirjade vastuv\u00f5tmist ning edastamist.<\/li>\n<li>Selleks, et uus ettev\u00f5te saaks \u00e4ritegevusega alustada, on vajalik maksuregistreeringute taotlemine Rootsi Maksuametis. Paketis sisaldub vajalike registreeringute taotlemine &#8211; k\u00e4ibemaksunumber, t\u00f6\u00f6andjaks registreerimine ning F-maksuregistreeringu taotluse koostamine.<\/li>\n<li>Pakume lisaks ka k\u00f5ikeh\u00f5lmavat ja automatiseeritud raamatupidamisteenust ning stardipaketi hind sisaldab raamatupidamise teenuse alustustasu. P\u00e4rast seda v\u00e4ljastatakse arveid igakuiselt vastavalt t\u00f6\u00f6mahule, minimaalseks kuutasuks on 750 SEK.<\/li>\n<\/ul>\n<p>&nbsp;<\/p>\n<h2>Riiulifirma stardipakett sisaldab:<\/h2>\n<ul>\n<li>Rootsis registreeritud valmisfirma<\/li>\n<li>Maksuregistreeringud<\/li>\n<li>\u00c4riaadress koos postiteenusega \u00fcheks aastaks<\/li>\n<li>Kontaktisik \u00fcheks aastaks<\/li>\n<li>Raamatupidamise teenuse alustustasu<\/li>\n<li>Riigil\u00f5iv<\/li>\n<li>Dokumentide ettevalmistamine tegelku kasusaaja m\u00e4\u00e4ramiseks Rootsi \u00e4riregistris. Ettev\u00f5te peab ise tasuma riigil\u00f5ivu summas 250 SEKi Rootsi \u00e4riregistrisse.<\/li>\n<\/ul>\n<p>&nbsp;<\/p>\n<h2>Protsessi k\u00e4ik:<\/h2>\n<ul>\n<li>1Office\u2019i teenuste eest tasumine<\/li>\n<li>KYC vormi t\u00e4itmine<\/li>\n<li>Ettev\u00f5tte \u00fcleandmine \u2013 v\u00f5tab umbes 2 n\u00e4dalat<\/li>\n<li>Maksuregistreeringute tegemine \u2013 registreeringute tegemine v\u00f5tab umbes 4 n\u00e4dalat (m\u00f5ningatel juhtudel 2-10 n\u00e4dalat)<\/li>\n<li>Alustatakse raamatupidamisega<\/li>\n<li>Saab alustada \u00e4ritegevusega<\/li>\n<\/ul>\n<p>&nbsp;<\/p>\n<h2>Oluline informatsioon Rootsi valmisfirmade kohta:<\/h2>\n<p>Tegeliku kasusaaja m\u00e4\u00e4ramisel peab ettev\u00f5te ise tasuma arve alusel riigil\u00f5ivu Rootsi \u00e4riregistrisse.<\/p>\n<p>&nbsp;<\/p>\n<p>[\/vc_column_text]\n\t\t\t<\/div><\/div><\/div><\/div><div class=\"ult_acord advanced-tabs-desc-wrap-8571\">\n   <div class=\"ult-tabto-accordion \" style=\"width:;\"\n    data-titlecolor=\"#b6b8ba\"  data-titlebg=\"#ffffff\"\n     data-titlehoverbg=\"#ffffff\" data-titlehovercolor=\"#1d1e23\" data-animation=\"Slide\"\n     data-activetitle=\"#1d1e23\" data-activeicon=\"\" data-activebg=\"#ffffff\" data-scroll = \"on\" data-activeindex=\"1\" >\n     <dl><dt class=\"\">\n\t        \t<a class=\"ult-tabto-actitle withBorder ult_a \" id=\"1512642751410-8d7ab-c11d\" style=\"color:#b6b8ba;;background-color:#ffffff;border-bottom-color:transparent;border-bottom-width:0px;border-bottom-style:solid;\" href=\"#1512642751410-8d7ab-c11d\">\n\t        \t\t<i class=\"accordion-icon\"><\/i>\n\t        \t\t\t<span class=\"ult_tab_main ult_ac_main ult_noacordicnBoth\">\n\n\t\t\t\t\t\t<span  data-ultimate-target='#advanced-tabs-wrap-9544 .ult-span-text'  data-responsive-json-new='{\"font-size\":\"desktop:14px;\",\"line-height\":\"\"}'  class=\"ult-span-text no_icon ult_acordian-text ult-responsive\" style=\"font-weight:bold;;color:inherit \" >Kirjeldus<\/span>\n\t\t\t\t\t\t<\/span><\/a><\/dt>\n\t            \t\t<dd class=\"ult-tabto-accordionItem ult-tabto-accolapsed\">\n\t\t\t\t            <div class=\"ult-tabto-acontent\" style=\"color:#74777b;\">\n\t\t\t\t               [vc_column_text]<\/p>\n<h2>Miks valida valmisfirmaga stardipakett?<\/h2>\n<ul>\n<li>K\u00f5ikide vajalike dokumentide olemasolul l\u00e4heb firma registreerimiseks tavaliselt 10-15 p\u00e4eva. Menetlusaeg v\u00f5ib pikeneda vastavalt \u00c4riregistri t\u00f6\u00f6mahule.<\/li>\n<li>Osakapitali ei tule kohe sisse kanda, see peab olema kantud ettev\u00f5tte pangakontole alles majandusaasta l\u00f5puks ja seda juhul, kui tegemist pole t\u00fctarettev\u00f5ttega.<\/li>\n<li>Paketis on olemas kontaktisik, mis on kohustuslik, kui ettev\u00f5tte juhatuse koosseisus puudub Rootsi isikukoodi omav ja alaliselt Rootsis elav isik.<\/li>\n<li>Paketis sisaldub ka \u00e4riaadress koos postiteenusega. \u00c4riaadress on kohustuslik igale Rootsis registreeritud ettev\u00f5ttele kogu tegutsemisperioodi jooksul, postiteenus sisaldab kirjade vastuv\u00f5tmist ning edastamist.<\/li>\n<li>Selleks, et uus ettev\u00f5te saaks \u00e4ritegevusega alustada, on vajalik maksuregistreeringute taotlemine Rootsi Maksuametis. Paketis sisaldub vajalike registreeringute taotlemine &#8211; k\u00e4ibemaksunumber, t\u00f6\u00f6andjaks registreerimine ning F-maksuregistreeringu taotluse koostamine.<\/li>\n<li>Pakume lisaks ka k\u00f5ikeh\u00f5lmavat ja automatiseeritud raamatupidamisteenust ning stardipaketi hind sisaldab raamatupidamise teenuse alustustasu. P\u00e4rast seda v\u00e4ljastatakse arveid igakuiselt vastavalt t\u00f6\u00f6mahule, minimaalseks kuutasuks on 750 SEK.<\/li>\n<\/ul>\n<p>&nbsp;<\/p>\n<h2>Riiulifirma stardipakett sisaldab:<\/h2>\n<ul>\n<li>Rootsis registreeritud valmisfirma<\/li>\n<li>Maksuregistreeringud<\/li>\n<li>\u00c4riaadress koos postiteenusega \u00fcheks aastaks<\/li>\n<li>Kontaktisik \u00fcheks aastaks<\/li>\n<li>Raamatupidamise teenuse alustustasu<\/li>\n<li>Riigil\u00f5iv<\/li>\n<li>Dokumentide ettevalmistamine tegelku kasusaaja m\u00e4\u00e4ramiseks Rootsi \u00e4riregistris. Ettev\u00f5te peab ise tasuma riigil\u00f5ivu summas 250 SEKi Rootsi \u00e4riregistrisse.<\/li>\n<\/ul>\n<p>&nbsp;<\/p>\n<h2>Protsessi k\u00e4ik:<\/h2>\n<ul>\n<li>1Office\u2019i teenuste eest tasumine<\/li>\n<li>KYC vormi t\u00e4itmine<\/li>\n<li>Ettev\u00f5tte \u00fcleandmine \u2013 v\u00f5tab umbes 2 n\u00e4dalat<\/li>\n<li>Maksuregistreeringute tegemine \u2013 registreeringute tegemine v\u00f5tab umbes 4 n\u00e4dalat (m\u00f5ningatel juhtudel 2-10 n\u00e4dalat)<\/li>\n<li>Alustatakse raamatupidamisega<\/li>\n<li>Saab alustada \u00e4ritegevusega<\/li>\n<\/ul>\n<p>&nbsp;<\/p>\n<h2>Oluline informatsioon Rootsi valmisfirmade kohta:<\/h2>\n<p>Tegeliku kasusaaja m\u00e4\u00e4ramisel peab ettev\u00f5te ise tasuma arve alusel riigil\u00f5ivu Rootsi \u00e4riregistrisse.<\/p>\n<p>&nbsp;<\/p>\n<p>[\/vc_column_text]\n\t\t\t\t            <\/div>\n\t        \t\t\t<\/dd>\n    \t<\/dl>\n    <!--<div class=\"extraborder\" style=\"background-color:#ffffff\"><\/div>-->\n<\/div>\n\n<\/div>[\/vc_column][\/vc_row]<\/p>\n<\/div>","protected":false},"excerpt":{"rendered":"<p>Me oleme aidanud Rootsis ettev\u00f5tlusega alustada sadadel ettev\u00f5tetel. Oleme sellesse paketti koondanud k\u00f5ik teenused, mida Rootsis \u00e4ri alustamiseks tarvis on. Lisaks valmisfirmale sisaldab pakett:<\/p>\n","protected":false},"featured_media":57801,"template":"","meta":{"_acf_changed":false,"inline_featured_image":false},"product_brand":[],"product_cat":[308,309,307,310],"product_tag":[314],"class_list":{"0":"post-57793","1":"product","2":"type-product","3":"status-publish","4":"has-post-thumbnail","6":"product_cat-ettevotte-alustamine","7":"product_cat-juriidilised-teenused","8":"product_cat-raamatupidamine","9":"product_cat-virtuaalkontor","10":"product_tag-rootsi","11":"description-off","13":"first","14":"instock","15":"taxable","16":"shipping-taxable","17":"purchasable","18":"product-type-bundle"},"bundled_by":[],"bundle_stock_status":"instock","bundle_stock_quantity":"","bundle_virtual":false,"bundle_layout":"default","bundle_add_to_cart_form_location":"default","bundle_editable_in_cart":false,"bundle_sold_individually_context":"product","bundle_item_grouping":"parent","bundle_min_size":"","bundle_max_size":"","bundle_price":{"price":{"min":{"incl_tax":"15898.75","excl_tax":"12719"},"max":{"incl_tax":"15898.75","excl_tax":"12719"}},"regular_price":{"min":{"incl_tax":"15898.75","excl_tax":"12719"},"max":{"incl_tax":"15898.75","excl_tax":"12719"}}},"bundled_items":[{"bundled_item_id":18,"product_id":60543,"menu_order":0,"quantity_min":1,"quantity_max":1,"quantity_default":1,"priced_individually":true,"shipped_individually":true,"override_title":false,"title":"Maksuregistreeringud Rootsi ettev\u00f5ttele","override_description":false,"description":"Maksuregistreeringud Rootsi ettev\u00f5ttele","optional":false,"hide_thumbnail":false,"discount":"","override_variations":false,"allowed_variations":[""],"override_default_variation_attributes":false,"default_variation_attributes":[],"single_product_visibility":"visible","cart_visibility":"visible","order_visibility":"visible","single_product_price_visibility":"hidden","cart_price_visibility":"hidden","order_price_visibility":"hidden","stock_status":"in_stock"},{"bundled_item_id":8,"product_id":57706,"menu_order":1,"quantity_min":1,"quantity_max":1,"quantity_default":1,"priced_individually":true,"shipped_individually":false,"override_title":false,"title":"Raamatupidamise alustustasu","override_description":false,"description":"Raamatupidamise alustustasu","optional":false,"hide_thumbnail":false,"discount":"","override_variations":false,"allowed_variations":[""],"override_default_variation_attributes":false,"default_variation_attributes":[],"single_product_visibility":"visible","cart_visibility":"visible","order_visibility":"visible","single_product_price_visibility":"hidden","cart_price_visibility":"hidden","order_price_visibility":"hidden","stock_status":"in_stock"},{"bundled_item_id":333,"product_id":59480,"menu_order":2,"quantity_min":1,"quantity_max":1,"quantity_default":1,"priced_individually":true,"shipped_individually":true,"override_title":false,"title":"\u00c4riaadress Stockholmi kesklinnas","override_description":true,"description":"\u00c4riaadress Stockholmi kesklinnas","optional":false,"hide_thumbnail":false,"discount":"","override_variations":false,"allowed_variations":[""],"override_default_variation_attributes":false,"default_variation_attributes":[],"single_product_visibility":"visible","cart_visibility":"visible","order_visibility":"visible","single_product_price_visibility":"hidden","cart_price_visibility":"hidden","order_price_visibility":"hidden","stock_status":"in_stock"},{"bundled_item_id":334,"product_id":59484,"menu_order":3,"quantity_min":1,"quantity_max":1,"quantity_default":1,"priced_individually":true,"shipped_individually":true,"override_title":false,"title":"Kontaktisik","override_description":false,"description":"Kontaktisik","optional":false,"hide_thumbnail":false,"discount":"","override_variations":false,"allowed_variations":[""],"override_default_variation_attributes":false,"default_variation_attributes":[],"single_product_visibility":"visible","cart_visibility":"visible","order_visibility":"visible","single_product_price_visibility":"hidden","cart_price_visibility":"hidden","order_price_visibility":"hidden","stock_status":"in_stock"}],"bundle_sell_ids":[],"acf":[],"yoast_head":"<!-- This site is optimized with the Yoast SEO plugin v23.0 - https:\/\/yoast.com\/wordpress\/plugins\/seo\/ -->\n<title>Valmisfirma ostmine ja tugiteenused Rootsis | 1Office<\/title>\n<meta name=\"description\" content=\"Me oleme aidanud Rootsis ettev\u00f5tlusega alustada sadadel ettev\u00f5tetel. Meie teenus sisaldab k\u00f5ike vajalikku \u00e4ritegevuse alustamiseks Rootsis! K\u00fcsi lisa!\" \/>\n<meta name=\"robots\" content=\"noindex, follow, max-snippet:-1, max-image-preview:large, max-video-preview:-1\" \/>\n<meta property=\"og:locale\" content=\"et_EE\" \/>\n<meta property=\"og:type\" content=\"article\" \/>\n<meta property=\"og:title\" content=\"Valmisfirma ostmine ja tugiteenused Rootsis | 1Office\" \/>\n<meta property=\"og:description\" content=\"Me oleme aidanud Rootsis ettev\u00f5tlusega alustada sadadel ettev\u00f5tetel. Meie teenus sisaldab k\u00f5ike vajalikku \u00e4ritegevuse alustamiseks Rootsis! K\u00fcsi lisa!\" \/>\n<meta property=\"og:url\" content=\"https:\/\/dev.1office.co\/sweden\/et\/toode\/valmisfirma-ja-tugiteenused-rootsis\/\" \/>\n<meta property=\"og:site_name\" content=\"1Office Sweden\" \/>\n<meta property=\"article:modified_time\" content=\"2022-09-27T14:58:14+00:00\" \/>\n<meta property=\"og:image\" content=\"https:\/\/dev.1office.co\/sweden\/wp-content\/uploads\/sites\/13\/2018\/03\/Sweden.jpeg\" \/>\n\t<meta property=\"og:image:width\" content=\"1024\" \/>\n\t<meta property=\"og:image:height\" content=\"683\" \/>\n\t<meta property=\"og:image:type\" content=\"image\/jpeg\" \/>\n<meta name=\"twitter:card\" content=\"summary_large_image\" \/>\n<meta name=\"twitter:label1\" content=\"Est. reading time\" \/>\n\t<meta name=\"twitter:data1\" content=\"2 minutit\" \/>\n<script type=\"application\/ld+json\" class=\"yoast-schema-graph\">{\"@context\":\"https:\/\/schema.org\",\"@graph\":[{\"@type\":\"WebPage\",\"@id\":\"https:\/\/dev.1office.co\/sweden\/et\/toode\/valmisfirma-ja-tugiteenused-rootsis\/\",\"url\":\"https:\/\/dev.1office.co\/sweden\/et\/toode\/valmisfirma-ja-tugiteenused-rootsis\/\",\"name\":\"Valmisfirma ostmine ja tugiteenused Rootsis | 1Office\",\"isPartOf\":{\"@id\":\"https:\/\/dev.1office.co\/sweden\/#website\"},\"primaryImageOfPage\":{\"@id\":\"https:\/\/dev.1office.co\/sweden\/et\/toode\/valmisfirma-ja-tugiteenused-rootsis\/#primaryimage\"},\"image\":{\"@id\":\"https:\/\/dev.1office.co\/sweden\/et\/toode\/valmisfirma-ja-tugiteenused-rootsis\/#primaryimage\"},\"thumbnailUrl\":\"https:\/\/dev.1office.co\/sweden\/wp-content\/uploads\/sites\/13\/2018\/03\/Sweden.jpeg\",\"datePublished\":\"2018-03-26T14:00:16+00:00\",\"dateModified\":\"2022-09-27T14:58:14+00:00\",\"description\":\"Me oleme aidanud Rootsis ettev\u00f5tlusega alustada sadadel ettev\u00f5tetel. Meie teenus sisaldab k\u00f5ike vajalikku \u00e4ritegevuse alustamiseks Rootsis! K\u00fcsi lisa!\",\"breadcrumb\":{\"@id\":\"https:\/\/dev.1office.co\/sweden\/et\/toode\/valmisfirma-ja-tugiteenused-rootsis\/#breadcrumb\"},\"inLanguage\":\"et\",\"potentialAction\":[{\"@type\":\"ReadAction\",\"target\":[\"https:\/\/dev.1office.co\/sweden\/et\/toode\/valmisfirma-ja-tugiteenused-rootsis\/\"]}]},{\"@type\":\"ImageObject\",\"inLanguage\":\"et\",\"@id\":\"https:\/\/dev.1office.co\/sweden\/et\/toode\/valmisfirma-ja-tugiteenused-rootsis\/#primaryimage\",\"url\":\"https:\/\/dev.1office.co\/sweden\/wp-content\/uploads\/sites\/13\/2018\/03\/Sweden.jpeg\",\"contentUrl\":\"https:\/\/dev.1office.co\/sweden\/wp-content\/uploads\/sites\/13\/2018\/03\/Sweden.jpeg\",\"width\":1024,\"height\":683,\"caption\":\"Business in Sweden\"},{\"@type\":\"BreadcrumbList\",\"@id\":\"https:\/\/dev.1office.co\/sweden\/et\/toode\/valmisfirma-ja-tugiteenused-rootsis\/#breadcrumb\",\"itemListElement\":[{\"@type\":\"ListItem\",\"position\":1,\"name\":\"Home\",\"item\":\"https:\/\/dev.1office.co\/sweden\/et\/\"},{\"@type\":\"ListItem\",\"position\":2,\"name\":\"Shop\",\"item\":\"https:\/\/dev.1office.co\/sweden\/shop\/\"},{\"@type\":\"ListItem\",\"position\":3,\"name\":\"Stardipakett \u2013 Valmisfirma ostmine ja tugiteenused Rootsis\"}]},{\"@type\":\"WebSite\",\"@id\":\"https:\/\/dev.1office.co\/sweden\/#website\",\"url\":\"https:\/\/dev.1office.co\/sweden\/\",\"name\":\"1Office Sweden\",\"description\":\"Making Business Simple\",\"potentialAction\":[{\"@type\":\"SearchAction\",\"target\":{\"@type\":\"EntryPoint\",\"urlTemplate\":\"https:\/\/dev.1office.co\/sweden\/?s={search_term_string}\"},\"query-input\":\"required name=search_term_string\"}],\"inLanguage\":\"et\"}]}<\/script>\n<!-- \/ Yoast SEO plugin. -->","yoast_head_json":{"title":"Valmisfirma ostmine ja tugiteenused Rootsis | 1Office","description":"Me oleme aidanud Rootsis ettev\u00f5tlusega alustada sadadel ettev\u00f5tetel. Meie teenus sisaldab k\u00f5ike vajalikku \u00e4ritegevuse alustamiseks Rootsis! K\u00fcsi lisa!","robots":{"index":"noindex","follow":"follow","max-snippet":"max-snippet:-1","max-image-preview":"max-image-preview:large","max-video-preview":"max-video-preview:-1"},"og_locale":"et_EE","og_type":"article","og_title":"Valmisfirma ostmine ja tugiteenused Rootsis | 1Office","og_description":"Me oleme aidanud Rootsis ettev\u00f5tlusega alustada sadadel ettev\u00f5tetel. Meie teenus sisaldab k\u00f5ike vajalikku \u00e4ritegevuse alustamiseks Rootsis! K\u00fcsi lisa!","og_url":"https:\/\/dev.1office.co\/sweden\/et\/toode\/valmisfirma-ja-tugiteenused-rootsis\/","og_site_name":"1Office Sweden","article_modified_time":"2022-09-27T14:58:14+00:00","og_image":[{"width":1024,"height":683,"url":"https:\/\/dev.1office.co\/sweden\/wp-content\/uploads\/sites\/13\/2018\/03\/Sweden.jpeg","type":"image\/jpeg"}],"twitter_card":"summary_large_image","twitter_misc":{"Est. reading time":"2 minutit"},"schema":{"@context":"https:\/\/schema.org","@graph":[{"@type":"WebPage","@id":"https:\/\/dev.1office.co\/sweden\/et\/toode\/valmisfirma-ja-tugiteenused-rootsis\/","url":"https:\/\/dev.1office.co\/sweden\/et\/toode\/valmisfirma-ja-tugiteenused-rootsis\/","name":"Valmisfirma ostmine ja tugiteenused Rootsis | 1Office","isPartOf":{"@id":"https:\/\/dev.1office.co\/sweden\/#website"},"primaryImageOfPage":{"@id":"https:\/\/dev.1office.co\/sweden\/et\/toode\/valmisfirma-ja-tugiteenused-rootsis\/#primaryimage"},"image":{"@id":"https:\/\/dev.1office.co\/sweden\/et\/toode\/valmisfirma-ja-tugiteenused-rootsis\/#primaryimage"},"thumbnailUrl":"https:\/\/dev.1office.co\/sweden\/wp-content\/uploads\/sites\/13\/2018\/03\/Sweden.jpeg","datePublished":"2018-03-26T14:00:16+00:00","dateModified":"2022-09-27T14:58:14+00:00","description":"Me oleme aidanud Rootsis ettev\u00f5tlusega alustada sadadel ettev\u00f5tetel. Meie teenus sisaldab k\u00f5ike vajalikku \u00e4ritegevuse alustamiseks Rootsis! K\u00fcsi lisa!","breadcrumb":{"@id":"https:\/\/dev.1office.co\/sweden\/et\/toode\/valmisfirma-ja-tugiteenused-rootsis\/#breadcrumb"},"inLanguage":"et","potentialAction":[{"@type":"ReadAction","target":["https:\/\/dev.1office.co\/sweden\/et\/toode\/valmisfirma-ja-tugiteenused-rootsis\/"]}]},{"@type":"ImageObject","inLanguage":"et","@id":"https:\/\/dev.1office.co\/sweden\/et\/toode\/valmisfirma-ja-tugiteenused-rootsis\/#primaryimage","url":"https:\/\/dev.1office.co\/sweden\/wp-content\/uploads\/sites\/13\/2018\/03\/Sweden.jpeg","contentUrl":"https:\/\/dev.1office.co\/sweden\/wp-content\/uploads\/sites\/13\/2018\/03\/Sweden.jpeg","width":1024,"height":683,"caption":"Business in Sweden"},{"@type":"BreadcrumbList","@id":"https:\/\/dev.1office.co\/sweden\/et\/toode\/valmisfirma-ja-tugiteenused-rootsis\/#breadcrumb","itemListElement":[{"@type":"ListItem","position":1,"name":"Home","item":"https:\/\/dev.1office.co\/sweden\/et\/"},{"@type":"ListItem","position":2,"name":"Shop","item":"https:\/\/dev.1office.co\/sweden\/shop\/"},{"@type":"ListItem","position":3,"name":"Stardipakett \u2013 Valmisfirma ostmine ja tugiteenused Rootsis"}]},{"@type":"WebSite","@id":"https:\/\/dev.1office.co\/sweden\/#website","url":"https:\/\/dev.1office.co\/sweden\/","name":"1Office Sweden","description":"Making Business Simple","potentialAction":[{"@type":"SearchAction","target":{"@type":"EntryPoint","urlTemplate":"https:\/\/dev.1office.co\/sweden\/?s={search_term_string}"},"query-input":"required name=search_term_string"}],"inLanguage":"et"}]}},"_links":{"self":[{"href":"https:\/\/dev.1office.co\/sweden\/et\/wp-json\/wp\/v2\/product\/57793","targetHints":{"allow":["GET"]}}],"collection":[{"href":"https:\/\/dev.1office.co\/sweden\/et\/wp-json\/wp\/v2\/product"}],"about":[{"href":"https:\/\/dev.1office.co\/sweden\/et\/wp-json\/wp\/v2\/types\/product"}],"wp:featuredmedia":[{"embeddable":true,"href":"https:\/\/dev.1office.co\/sweden\/et\/wp-json\/wp\/v2\/media\/57801"}],"wp:attachment":[{"href":"https:\/\/dev.1office.co\/sweden\/et\/wp-json\/wp\/v2\/media?parent=57793"}],"wp:term":[{"taxonomy":"product_brand","embeddable":true,"href":"https:\/\/dev.1office.co\/sweden\/et\/wp-json\/wp\/v2\/product_brand?post=57793"},{"taxonomy":"product_cat","embeddable":true,"href":"https:\/\/dev.1office.co\/sweden\/et\/wp-json\/wp\/v2\/product_cat?post=57793"},{"taxonomy":"product_tag","embeddable":true,"href":"https:\/\/dev.1office.co\/sweden\/et\/wp-json\/wp\/v2\/product_tag?post=57793"}],"curies":[{"name":"wp","href":"https:\/\/api.w.org\/{rel}","templated":true}]}}