{"id":64290,"date":"2017-12-19T10:01:02","date_gmt":"2017-12-19T10:01:02","guid":{"rendered":"https:\/\/dev.1office.co\/blog\/"},"modified":"2018-05-31T09:36:03","modified_gmt":"2018-05-31T09:36:03","slug":"blogi","status":"publish","type":"page","link":"https:\/\/dev.1office.co\/lv\/blogi\/","title":{"rendered":"Blogi"},"content":{"rendered":"<div class=\"wpb-content-wrapper\"><p>[vc_row full_width=&#8221;stretch_row&#8221; bg_type=&#8221;image&#8221; parallax_style=&#8221;vcpb-default&#8221; bg_image_new=&#8221;id^60767|url^https:\/\/dev.1office.co\/wp-content\/uploads\/2017\/05\/pexels-photo-3.jpg|caption^null|alt^null|title^pexels-photo (3)|description^null&#8221; bg_image_repeat=&#8221;no-repeat&#8221; bg_img_attach=&#8221;fixed&#8221; bg_image_posiiton=&#8221;0 10%&#8221; seperator_enable=&#8221;seperator_enable_value&#8221; seperator_type=&#8221;tilt_left_seperator&#8221; seperator_position=&#8221;bottom_seperator&#8221; el_class=&#8221;one-blog-head&#8221;][vc_column]<div id=\"ultimate-heading-987969f49488ae8bc\" class=\"uvc-heading ult-adjust-bottom-margin ultimate-heading-987969f49488ae8bc uvc-657 \" data-hspacer=\"no_spacer\"  data-halign=\"left\" style=\"text-align:left\"><div class=\"uvc-heading-spacer no_spacer\" style=\"top\"><\/div><div class=\"uvc-main-heading ult-responsive\"  data-ultimate-target='.uvc-heading.ultimate-heading-987969f49488ae8bc h1'  data-responsive-json-new='{\"font-size\":\"desktop:42px;\",\"line-height\":\"\"}' ><h1 style=\"font-weight:bold;color:#ffffff;\">Blogi<\/h1><\/div><div class=\"uvc-sub-heading ult-responsive\"  data-ultimate-target='.uvc-heading.ultimate-heading-987969f49488ae8bc .uvc-sub-heading '  data-responsive-json-new='{\"font-size\":\"desktop:22px;\",\"line-height\":\"\"}'  style=\"font-weight:normal;color:#98c93c;\">Jaun\u0101k\u0101s zi\u0146as par uz\u0146\u0113m\u0113jdarb\u012bbas uzs\u0101k\u0161anu un uz\u0146\u0113mumu vad\u012b\u0161anu Eirop\u0101<\/div><\/div>[\/vc_column][\/vc_row][vc_row full_width=&#8221;stretch_row&#8221; equal_height=&#8221;yes&#8221;][vc_column width=&#8221;1\/4&#8243; el_class=&#8221;one-blog-category&#8221;][vc_empty_space][vc_column_text]<form data-sf-form-id='60977' data-is-rtl='0' data-maintain-state='' data-results-url='https:\/\/dev.1office.co\/blog\/' data-ajax-url='https:\/\/dev.1office.co\/lv\/?sfid=60977&amp;sf_action=get_data&amp;sf_data=all' data-ajax-form-url='https:\/\/dev.1office.co\/lv\/?sfid=60977&amp;sf_action=get_data&amp;sf_data=form' data-display-result-method='shortcode' data-use-history-api='1' data-template-loaded='0' data-lang-code='lv' data-ajax='1' data-ajax-data-type='json' data-ajax-links-selector='.pagination a' data-ajax-target='#search-filter-results-60977' data-ajax-pagination-type='normal' data-update-ajax-url='1' data-only-results-ajax='1' data-scroll-to-pos='0' data-init-paged='1' data-auto-update='1' data-auto-count='1' data-auto-count-refresh-mode='1' action='https:\/\/dev.1office.co\/blog\/' method='post' class='searchandfilter' id='search-filter-form-60977' autocomplete='off' data-instance-count='1'><ul><li class=\"sf-field-category\" data-sf-field-name=\"_sft_category\" data-sf-field-type=\"category\" data-sf-field-input-type=\"checkbox\"><h4>Categories<\/h4>\t\t<ul data-operator=\"or\" class=\"\">\n\t\t\t\t\t  <li class=\"sf-level-0 sf-item-425\" data-sf-count=\"3\" data-sf-depth=\"0\"><input  class=\"sf-input-checkbox\" type=\"checkbox\" value=\"latvian\" name=\"_sft_category[]\" id=\"sf-input-4efd5dbefacfe789867083c7bbf9e48a\"><label class=\"sf-label-checkbox\" for=\"sf-input-4efd5dbefacfe789867083c7bbf9e48a\">Latvian<span class=\"sf-count\">(3)<\/span><\/label><\/li><li class=\"sf-level-0 sf-item-477\" data-sf-count=\"1\" data-sf-depth=\"0\"><input  class=\"sf-input-checkbox\" type=\"checkbox\" value=\"rootsi-lv\" name=\"_sft_category[]\" id=\"sf-input-b97ae5d4c34fdd96c26e606a1c6eb4af\"><label class=\"sf-label-checkbox\" for=\"sf-input-b97ae5d4c34fdd96c26e606a1c6eb4af\">Rootsi<span class=\"sf-count\">(1)<\/span><\/label><\/li><li class=\"sf-level-0 sf-item-478\" data-sf-count=\"1\" data-sf-depth=\"0\"><input  class=\"sf-input-checkbox\" type=\"checkbox\" value=\"juriidika-lv\" name=\"_sft_category[]\" id=\"sf-input-b93adff725e7d37a89fb72cbc179cbe8\"><label class=\"sf-label-checkbox\" for=\"sf-input-b93adff725e7d37a89fb72cbc179cbe8\">Juriidika<span class=\"sf-count\">(1)<\/span><\/label><\/li>\t\t<\/ul>\n\t\t<\/li><\/ul><\/form>[\/vc_column_text][\/vc_column][vc_column width=&#8221;3\/4&#8243;][vc_empty_space][vc_column_text]<div class=\"search-filter-results\" id=\"search-filter-results-60977\">\n\t<div class=\"one-blog-pagination\">\n\n\t\t<span>1 - 1 of 4 Rezult\u0101ti<\/span>\n\t\t<div class=\"pagi-next\"><\/div>\n\t\t\t\t<div class=\"pagi-prev\"><\/div>\n\n\t<\/div>\n\n\t\t<div class=\"one-blog-filter\">\n\t\t\t\t\t\t\t\t\t\t<div class=\"blog-shortcode scale-img one-blog-entry\">\n\t\t\t\t<ul class=\"post-categories\">\n\t<li><a href=\"https:\/\/dev.1office.co\/lv\/blog\/category\/rootsi-lv\/\" rel=\"category tag\">Rootsi<\/a><\/li>\n\t<li><a href=\"https:\/\/dev.1office.co\/lv\/blog\/category\/juriidika-lv\/\" rel=\"category tag\">Juriidika<\/a><\/li><\/ul>\t\t\t\t<div class=\"post-thumbnail woo-buttons-on-img cart-btn-on-img\">\n\t\t\t\t\t\t\t\t\t\t\t<a href=\"https:\/\/dev.1office.co\/lv\/blog\/id06-kartes-atjaunosanai-nepieciesama-uznemuma-registracija-un-manuala-personas-identifikacija-tagad-ir-pieejama-ari-riga\/\" title=\"ID06 kartes atjauno\u0161anai nepiecie\u0161am\u0101 uz\u0146\u0113muma re\u0123istr\u0101cija un manu\u0101l\u0101 personas identifik\u0101cija tagad ir pieejama ar\u012b R\u012bg\u0101\" class=\"post-thumbnail-rollover\">\n\t\t\t\t\t\t\t<img decoding=\"async\" width=\"1024\" height=\"612\" src=\"https:\/\/dev.1office.co\/wp-content\/uploads\/2019\/10\/Construction-min-1024x612.jpg\" class=\"attachment-large size-large wp-post-image\" alt=\"\" srcset=\"https:\/\/dev.1office.co\/wp-content\/uploads\/2019\/10\/Construction-min-1024x612.jpg 1024w, https:\/\/dev.1office.co\/wp-content\/uploads\/2019\/10\/Construction-min-300x179.jpg 300w, https:\/\/dev.1office.co\/wp-content\/uploads\/2019\/10\/Construction-min-768x459.jpg 768w, https:\/\/dev.1office.co\/wp-content\/uploads\/2019\/10\/Construction-min-200x120.jpg 200w, https:\/\/dev.1office.co\/wp-content\/uploads\/2019\/10\/Construction-min-1536x918.jpg 1536w, https:\/\/dev.1office.co\/wp-content\/uploads\/2019\/10\/Construction-min-600x359.jpg 600w, https:\/\/dev.1office.co\/wp-content\/uploads\/2019\/10\/Construction-min.jpg 1601w\" sizes=\"(max-width: 1024px) 100vw, 1024px\" \/>\t\t\t\t\t\t<\/a>\n\t\t\t\t\t\t\t\t\t<\/div>\n\t\t\t\t<div class=\"one-blog-content\">\n\t\t\t\t\t<div>\n\t\t\t\t\t\t\t\t\t\t\t\t\t\t\t\t\t\t\t\t<h2><a href=\"https:\/\/dev.1office.co\/lv\/blog\/id06-kartes-atjaunosanai-nepieciesama-uznemuma-registracija-un-manuala-personas-identifikacija-tagad-ir-pieejama-ari-riga\/\">ID06 kartes atjauno\u0161anai nepiecie\u0161am\u0101 uz\u0146\u0113muma re\u0123istr\u0101cija un manu\u0101l\u0101 personas identifik\u0101cija tagad ir pieejama ar\u012b R\u012bg\u0101<\/a><\/h2>\n\t\t\t\t\t\t\t<div class=\"one-blog-excerpt\"><p>Tagad Zviedrijas b\u016bvniec\u012bbas nozar\u0113 oblig\u0101t\u0101s ID06 kartes atjauno\u0161anu ir iesp\u0113jams izdar\u012bt ar\u012b R\u012bg\u0101. 1Office ir ID06 akredit\u0113ts partneris, un rezult\u0101t\u0101 m\u0113s tagad pied\u0101v\u0101jam uz\u0146\u0113mumu re\u0123istr\u0101ciju un manu\u0101lu p\u0101rst\u0101vju un darbinieku personas identifik\u0101ciju m\u016bsu R\u012bgas biroj\u0101. &nbsp; ID06 ir kop\u0161 2016. gada ieviesta elektroniska sist\u0113ma personu re\u0123istr\u0113\u0161anai Zviedrijas b\u016bvlaukumos. Sist\u0113mas m\u0113r\u0137is ir rad\u012bt dro\u0161\u0101ku darba vidi&hellip;<\/p>\n<\/div>\t\t\t\t\t\t\t\t\t\t\t<\/div>\n\t\t\t\t\t\t\t\t\t\t\t<a href=\"https:\/\/dev.1office.co\/lv\/blog\/id06-kartes-atjaunosanai-nepieciesama-uznemuma-registracija-un-manuala-personas-identifikacija-tagad-ir-pieejama-ari-riga\/\" class=\"dt-btn dt-btn-m\">Las\u012bt vair\u0101k<\/a>\n\t\t\t\t\t\t\t\t\t<\/div>\n\n\t\t\t\t\t\t\t<\/div>\n\t\t\t\t\t\t\t\t<div class=\"blog-shortcode scale-img one-blog-entry\">\n\t\t\t\t<ul class=\"post-categories\">\n\t<li><a href=\"https:\/\/dev.1office.co\/lv\/blog\/category\/latvian\/\" rel=\"category tag\">Latvian<\/a><\/li><\/ul>\t\t\t\t<div class=\"post-thumbnail woo-buttons-on-img cart-btn-on-img\">\n\t\t\t\t\t\t\t\t\t\t\t<a href=\"https:\/\/dev.1office.co\/lv\/blog\/izmainas-latvijas-nodoklu-sistema-kops-2018-gada\/\" title=\"Izmai\u0146as Latvijas nodok\u013cu sist\u0113m\u0101 kop\u0161 2018. gada\" class=\"post-thumbnail-rollover\">\n\t\t\t\t\t\t\t<img decoding=\"async\" width=\"768\" height=\"525\" src=\"https:\/\/dev.1office.co\/wp-content\/uploads\/2015\/01\/pexels-photo-5-768x525.jpg\" class=\"attachment-medium_large size-medium_large wp-post-image\" alt=\"\" srcset=\"https:\/\/dev.1office.co\/wp-content\/uploads\/2015\/01\/pexels-photo-5-768x525.jpg 768w, https:\/\/dev.1office.co\/wp-content\/uploads\/2015\/01\/pexels-photo-5-300x205.jpg 300w, https:\/\/dev.1office.co\/wp-content\/uploads\/2015\/01\/pexels-photo-5-1024x700.jpg 1024w, https:\/\/dev.1office.co\/wp-content\/uploads\/2015\/01\/pexels-photo-5.jpg 1920w\" sizes=\"(max-width: 768px) 100vw, 768px\" \/>\t\t\t\t\t\t<\/a>\n\t\t\t\t\t\t\t\t\t<\/div>\n\t\t\t\t<div class=\"one-blog-content\">\n\t\t\t\t\t<div>\n\t\t\t\t\t\t\t\t\t\t\t\t\t<small>11\/06\/2018<\/small>\t\t\t\t\t\t\t<h2><a href=\"https:\/\/dev.1office.co\/lv\/blog\/izmainas-latvijas-nodoklu-sistema-kops-2018-gada\/\">Izmai\u0146as Latvijas nodok\u013cu sist\u0113m\u0101 kop\u0161 2018. gada<\/a><\/h2>\n\t\t\t\t\t\t\t\t\t\t\t\t\t\t\t\t\t\t<\/div>\n\t\t\t\t\t\t\t\t\t\t\t<a href=\"https:\/\/dev.1office.co\/lv\/blog\/izmainas-latvijas-nodoklu-sistema-kops-2018-gada\/\" class=\"dt-btn dt-btn-m\">Las\u012bt vair\u0101k<\/a>\n\t\t\t\t\t\t\t\t\t<\/div>\n\n\t\t\t\t\t\t\t<\/div>\n\t\t\t\t\t\t\t\t<div class=\"blog-shortcode scale-img one-blog-entry\">\n\t\t\t\t<ul class=\"post-categories\">\n\t<li><a href=\"https:\/\/dev.1office.co\/lv\/blog\/category\/latvian\/\" rel=\"category tag\">Latvian<\/a><\/li><\/ul>\t\t\t\t<div class=\"post-thumbnail woo-buttons-on-img cart-btn-on-img\">\n\t\t\t\t\t\t\t\t\t\t\t<a href=\"https:\/\/dev.1office.co\/lv\/blog\/virtuala-biroja-izmantosanas-prieksrocibas\/\" title=\"Virtu\u0101l\u0101 biroja izmanto\u0161anas priek\u0161roc\u012bbas\" class=\"post-thumbnail-rollover\">\n\t\t\t\t\t\t\t<img decoding=\"async\" width=\"768\" height=\"512\" src=\"https:\/\/dev.1office.co\/wp-content\/uploads\/2017\/12\/pexels-photo-577558-768x512.jpeg\" class=\"attachment-medium_large size-medium_large wp-post-image\" alt=\"\" srcset=\"https:\/\/dev.1office.co\/wp-content\/uploads\/2017\/12\/pexels-photo-577558-768x512.jpeg 768w, https:\/\/dev.1office.co\/wp-content\/uploads\/2017\/12\/pexels-photo-577558-300x200.jpeg 300w, https:\/\/dev.1office.co\/wp-content\/uploads\/2017\/12\/pexels-photo-577558-1024x683.jpeg 1024w, https:\/\/dev.1office.co\/wp-content\/uploads\/2017\/12\/pexels-photo-577558.jpeg 1920w\" sizes=\"(max-width: 768px) 100vw, 768px\" \/>\t\t\t\t\t\t<\/a>\n\t\t\t\t\t\t\t\t\t<\/div>\n\t\t\t\t<div class=\"one-blog-content\">\n\t\t\t\t\t<div>\n\t\t\t\t\t\t\t\t\t\t\t\t\t<small><\/small>\t\t\t\t\t\t\t<h2><a href=\"https:\/\/dev.1office.co\/lv\/blog\/virtuala-biroja-izmantosanas-prieksrocibas\/\">Virtu\u0101l\u0101 biroja izmanto\u0161anas priek\u0161roc\u012bbas<\/a><\/h2>\n\t\t\t\t\t\t\t\t\t\t\t\t\t\t\t\t\t\t<\/div>\n\t\t\t\t\t\t\t\t\t\t\t<a href=\"https:\/\/dev.1office.co\/lv\/blog\/virtuala-biroja-izmantosanas-prieksrocibas\/\" class=\"dt-btn dt-btn-m\">Las\u012bt vair\u0101k<\/a>\n\t\t\t\t\t\t\t\t\t<\/div>\n\n\t\t\t\t\t\t\t<\/div>\n\t\t\t\t\t\t\t\t<div class=\"blog-shortcode scale-img one-blog-entry\">\n\t\t\t\t<ul class=\"post-categories\">\n\t<li><a href=\"https:\/\/dev.1office.co\/lv\/blog\/category\/latvian\/\" rel=\"category tag\">Latvian<\/a><\/li><\/ul>\t\t\t\t<div class=\"post-thumbnail woo-buttons-on-img cart-btn-on-img\">\n\t\t\t\t\t\t\t\t\t\t\t<a href=\"https:\/\/dev.1office.co\/lv\/blog\/latvija-piesaista-investorus-ar-jaunu-jaunuznemumu-atbalsta-likumu\/\" title=\"Latvija piesaista investorus ar jaunu Jaunuz\u0146\u0113mumu atbalsta likumu\" class=\"post-thumbnail-rollover\">\n\t\t\t\t\t\t\t<img decoding=\"async\" width=\"768\" height=\"431\" src=\"https:\/\/dev.1office.co\/wp-content\/uploads\/2015\/01\/pexels-photo-380769-1-768x431.jpeg\" class=\"attachment-medium_large size-medium_large wp-post-image\" alt=\"\" srcset=\"https:\/\/dev.1office.co\/wp-content\/uploads\/2015\/01\/pexels-photo-380769-1-768x431.jpeg 768w, https:\/\/dev.1office.co\/wp-content\/uploads\/2015\/01\/pexels-photo-380769-1-300x168.jpeg 300w, https:\/\/dev.1office.co\/wp-content\/uploads\/2015\/01\/pexels-photo-380769-1-1024x574.jpeg 1024w, https:\/\/dev.1office.co\/wp-content\/uploads\/2015\/01\/pexels-photo-380769-1.jpeg 1920w\" sizes=\"(max-width: 768px) 100vw, 768px\" \/>\t\t\t\t\t\t<\/a>\n\t\t\t\t\t\t\t\t\t<\/div>\n\t\t\t\t<div class=\"one-blog-content\">\n\t\t\t\t\t<div>\n\t\t\t\t\t\t\t\t\t\t\t\t\t<small><\/small>\t\t\t\t\t\t\t<h2><a href=\"https:\/\/dev.1office.co\/lv\/blog\/latvija-piesaista-investorus-ar-jaunu-jaunuznemumu-atbalsta-likumu\/\">Latvija piesaista investorus ar jaunu Jaunuz\u0146\u0113mumu atbalsta likumu<\/a><\/h2>\n\t\t\t\t\t\t\t\t\t\t\t\t\t\t\t\t\t\t<\/div>\n\t\t\t\t\t\t\t\t\t\t\t<a href=\"https:\/\/dev.1office.co\/lv\/blog\/latvija-piesaista-investorus-ar-jaunu-jaunuznemumu-atbalsta-likumu\/\" class=\"dt-btn dt-btn-m\">Las\u012bt vair\u0101k<\/a>\n\t\t\t\t\t\t\t\t\t<\/div>\n\n\t\t\t\t\t\t\t<\/div>\n\t\t\t<\/div>\n\n\t<div class=\"one-blog-pagination\">\n\n\t\t<div class=\"pagi-next\"><\/div>\n\t\t\t\t<div class=\"pagi-prev\"><\/div>\n\n\t<\/div>\n\t<\/div>[\/vc_column_text][\/vc_column][\/vc_row][vc_row el_class=&#8221;one-subscribe-offers&#8221; css=&#8221;.vc_custom_1523268065173{padding-bottom: 70px !important;}&#8221;][vc_column][vc_empty_space][vc_row_inner][vc_column_inner width=&#8221;1\/2&#8243;]<div id=\"ultimate-heading-58469f49488bdbf8\" class=\"uvc-heading ult-adjust-bottom-margin ultimate-heading-58469f49488bdbf8 uvc-9855 accent-border-color\" data-hspacer=\"line_only\"  data-halign=\"left\" style=\"text-align:left\"><div class=\"uvc-main-heading ult-responsive\"  data-ultimate-target='.uvc-heading.ultimate-heading-58469f49488bdbf8 h2'  data-responsive-json-new='{\"font-size\":\"desktop:34px;\",\"line-height\":\"desktop:44px;\"}' ><h2 style=\"font-weight:bold;color:#0c0c0c;margin-bottom:15px;\">Sa\u0146em m\u016bsu pied\u0101v\u0101jumus pirmais!<\/h2><\/div><div class=\"uvc-heading-spacer line_only\" style=\"margin-bottom:35px;height:3px;\"><span class=\"uvc-headings-line\" style=\"border-style:solid;border-bottom-width:3px;border-color:;width:200px;\"><\/span><\/div><\/div><div id=\"ultimate-heading-692669f49488bdc33\" class=\"uvc-heading ult-adjust-bottom-margin ultimate-heading-692669f49488bdc33 uvc-6112 \" data-hspacer=\"no_spacer\"  data-halign=\"left\" style=\"text-align:left\"><div class=\"uvc-heading-spacer no_spacer\" style=\"top\"><\/div><div class=\"uvc-main-heading ult-responsive\"  data-ultimate-target='.uvc-heading.ultimate-heading-692669f49488bdc33 h2'  data-responsive-json-new='{\"font-size\":\"desktop:20px;\",\"line-height\":\"desktop:32px;\"}' ><h2 style=\"--font-weight:theme;color:#0c0c0c;margin-bottom:25px;\">Atst\u0101jiet mums J\u016bsu kontaktinform\u0101ciju, lai sa\u0146emtu inform\u0101ciju par jaun\u0101kajiem bloga ierakstiem un 1Office kampa\u0146u pied\u0101v\u0101jumiem.<\/h2><\/div><div class=\"uvc-sub-heading ult-responsive\"  data-ultimate-target='.uvc-heading.ultimate-heading-692669f49488bdc33 .uvc-sub-heading '  data-responsive-json-new='{\"font-size\":\"\",\"line-height\":\"desktop:26px;\"}'  style=\"font-weight:normal;\"><span style=\"color: #98c93c;\">M\u0113s apsol\u0101m nes\u016bt\u012bt p\u0101r\u0101k daudz e-pasta zi\u0146as.<\/span><\/div><\/div>[\/vc_column_inner][vc_column_inner width=&#8221;1\/2&#8243;][vc_column_text]\n\t\t<form class=\"newsletter-subscription-form\" method=\"post\" autocomplete=\"off\">\n\t\t  <div>\n\t\t\t<input type=\"text\" name=\"name\" value=\"\" placeholder=\"Name *\" required \/>\n\t\t  <\/div>\n\t\t  <div>\n\t\t\t<input type=\"email\" name=\"email\" value=\"\" placeholder=\"E-mail *\" required \/>\n\t\t  <\/div>\n\t\t  <div>\n\t\t\t<button type=\"submit\" class=\"dt-btn dt-btn-m dt-btn-submit\">Abon\u0113t!<\/button>\n\t\t  <\/div>\n\t\t  <div class=\"newsletter-msg\"><p><\/p><\/div>\n\t\t<\/form>\n\t\t<script>\n\t\t\t\/\/ Get RECAPTCHA token and submit the form\n\t\t\tfunction get_recaptcha_and_submit() {\n\t\t\t\tgrecaptcha.ready(function() {\n\t\t\t\t\tgrecaptcha.execute(\"6LcjCioqAAAAAFyjMR30N8K-bP5SK4tUQ6m5JH0p\", {action: \"submit\"}).then(function(token) {\n\t\t\t\t\t\tjQuery(\".newsletter-subscription-form input[name='token']\").remove();\n\t\t\t\t\t\tjQuery(\".newsletter-subscription-form input[name='captcha_action']\").remove();\n\t\t\t\t\t\tjQuery(\".newsletter-subscription-form\").prepend('<input type=\"hidden\" name=\"token\" value=\"' + token + '\">');\n\t\t\t\t\t\tjQuery(\".newsletter-subscription-form\").prepend('<input type=\"hidden\" name=\"captcha_action\" value=\"submit\">');\n\t\t\t\t\t\tsendSubscriber(jQuery(\".newsletter-subscription-form\").serializeArray());\n\t\t\t\t\t});\n\t\t\t\t});\n\t\t\t}\n\t\t\n\t\t\t\/\/ On form submit get recaptcha token and submit form\n\t\t\tjQuery(\".newsletter-subscription-form\").submit(function(event) {\n\t\t\t\tevent.preventDefault();\n\t\t\t\tget_recaptcha_and_submit();\n\t\t\t});\n\t\t<\/script>\n\t[\/vc_column_text][\/vc_column_inner][\/vc_row_inner][\/vc_column][\/vc_row]<\/p>\n<\/div>","protected":false},"excerpt":{"rendered":"<p>[vc_row full_width=&#8221;stretch_row&#8221; bg_type=&#8221;image&#8221; parallax_style=&#8221;vcpb-default&#8221; bg_image_new=&#8221;id^60767|url^https:\/\/dev.1office.co\/wp-content\/uploads\/2017\/05\/pexels-photo-3.jpg|caption^null|alt^null|title^pexels-photo (3)|description^null&#8221; bg_image_repeat=&#8221;no-repeat&#8221; bg_img_attach=&#8221;fixed&#8221; bg_image_posiiton=&#8221;0 10%&#8221; seperator_enable=&#8221;seperator_enable_value&#8221; seperator_type=&#8221;tilt_left_seperator&#8221; seperator_position=&#8221;bottom_seperator&#8221; el_class=&#8221;one-blog-head&#8221;][vc_column][\/vc_column][\/vc_row][vc_row full_width=&#8221;stretch_row&#8221; equal_height=&#8221;yes&#8221;][vc_column width=&#8221;1\/4&#8243; el_class=&#8221;one-blog-category&#8221;][vc_empty_space][vc_column_text][\/vc_column_text][\/vc_column][vc_column width=&#8221;3\/4&#8243;][vc_empty_space][vc_column_text][\/vc_column_text][\/vc_column][\/vc_row][vc_row el_class=&#8221;one-subscribe-offers&#8221; css=&#8221;.vc_custom_1523268065173{padding-bottom: 70px !important;}&#8221;][vc_column][vc_empty_space][vc_row_inner][vc_column_inner width=&#8221;1\/2&#8243;][\/vc_column_inner][vc_column_inner width=&#8221;1\/2&#8243;][vc_column_text][\/vc_column_text][\/vc_column_inner][\/vc_row_inner][\/vc_column][\/vc_row]<\/p>\n","protected":false},"author":1,"featured_media":0,"parent":0,"menu_order":124,"comment_status":"closed","ping_status":"closed","template":"","meta":{"_acf_changed":false,"inline_featured_image":false,"footnotes":""},"class_list":["post-64290","page","type-page","status-publish","hentry","category-425","description-off"],"acf":[],"yoast_head":"<!-- This site is optimized with the Yoast SEO plugin v23.0 - https:\/\/yoast.com\/wordpress\/plugins\/seo\/ -->\n<title>Latest news about starting and running companies in Europe - 1Office<\/title>\n<meta name=\"description\" content=\"1Office has teams of specialists in place in 6 countries. In the blog we share articles and overviews about how to start company in Europe.\" \/>\n<meta name=\"robots\" content=\"noindex, follow, max-snippet:-1, max-image-preview:large, max-video-preview:-1\" \/>\n<meta property=\"og:locale\" content=\"lv_LV\" \/>\n<meta property=\"og:type\" content=\"article\" \/>\n<meta property=\"og:title\" content=\"Latest news about starting and running companies in Europe - 1Office\" \/>\n<meta property=\"og:description\" content=\"1Office has teams of specialists in place in 6 countries. In the blog we share articles and overviews about how to start company in Europe.\" \/>\n<meta property=\"og:url\" content=\"https:\/\/dev.1office.co\/lv\/blogi\/\" \/>\n<meta property=\"og:site_name\" content=\"1Office\" \/>\n<meta property=\"article:modified_time\" content=\"2018-05-31T09:36:03+00:00\" \/>\n<meta name=\"twitter:card\" content=\"summary_large_image\" \/>\n<meta name=\"twitter:label1\" content=\"Est. reading time\" \/>\n\t<meta name=\"twitter:data1\" content=\"2 minutes\" \/>\n<script type=\"application\/ld+json\" class=\"yoast-schema-graph\">{\"@context\":\"https:\/\/schema.org\",\"@graph\":[{\"@type\":\"WebPage\",\"@id\":\"https:\/\/dev.1office.co\/lv\/blogi\/\",\"url\":\"https:\/\/dev.1office.co\/lv\/blogi\/\",\"name\":\"Latest news about starting and running companies in Europe - 1Office\",\"isPartOf\":{\"@id\":\"https:\/\/dev.1office.co\/#website\"},\"datePublished\":\"2017-12-19T10:01:02+00:00\",\"dateModified\":\"2018-05-31T09:36:03+00:00\",\"description\":\"1Office has teams of specialists in place in 6 countries. In the blog we share articles and overviews about how to start company in Europe.\",\"breadcrumb\":{\"@id\":\"https:\/\/dev.1office.co\/lv\/blogi\/#breadcrumb\"},\"inLanguage\":\"lv-LV\",\"potentialAction\":[{\"@type\":\"ReadAction\",\"target\":[\"https:\/\/dev.1office.co\/lv\/blogi\/\"]}]},{\"@type\":\"BreadcrumbList\",\"@id\":\"https:\/\/dev.1office.co\/lv\/blogi\/#breadcrumb\",\"itemListElement\":[{\"@type\":\"ListItem\",\"position\":1,\"name\":\"Home\",\"item\":\"https:\/\/dev.1office.co\/lv\/\"},{\"@type\":\"ListItem\",\"position\":2,\"name\":\"Blogi\"}]},{\"@type\":\"WebSite\",\"@id\":\"https:\/\/dev.1office.co\/#website\",\"url\":\"https:\/\/dev.1office.co\/\",\"name\":\"1Office\",\"description\":\"Making Business Simple\",\"publisher\":{\"@id\":\"https:\/\/dev.1office.co\/#organization\"},\"potentialAction\":[{\"@type\":\"SearchAction\",\"target\":{\"@type\":\"EntryPoint\",\"urlTemplate\":\"https:\/\/dev.1office.co\/?s={search_term_string}\"},\"query-input\":\"required name=search_term_string\"}],\"inLanguage\":\"lv-LV\"},{\"@type\":\"Organization\",\"@id\":\"https:\/\/dev.1office.co\/#organization\",\"name\":\"1Office\",\"url\":\"https:\/\/dev.1office.co\/\",\"logo\":{\"@type\":\"ImageObject\",\"inLanguage\":\"lv-LV\",\"@id\":\"https:\/\/dev.1office.co\/#\/schema\/logo\/image\/\",\"url\":\"https:\/\/dev.1office.co\/wp-content\/uploads\/2018\/01\/1office-invoice-logo-2.png\",\"contentUrl\":\"https:\/\/dev.1office.co\/wp-content\/uploads\/2018\/01\/1office-invoice-logo-2.png\",\"width\":300,\"height\":83,\"caption\":\"1Office\"},\"image\":{\"@id\":\"https:\/\/dev.1office.co\/#\/schema\/logo\/image\/\"}}]}<\/script>\n<!-- \/ Yoast SEO plugin. -->","yoast_head_json":{"title":"Latest news about starting and running companies in Europe - 1Office","description":"1Office has teams of specialists in place in 6 countries. In the blog we share articles and overviews about how to start company in Europe.","robots":{"index":"noindex","follow":"follow","max-snippet":"max-snippet:-1","max-image-preview":"max-image-preview:large","max-video-preview":"max-video-preview:-1"},"og_locale":"lv_LV","og_type":"article","og_title":"Latest news about starting and running companies in Europe - 1Office","og_description":"1Office has teams of specialists in place in 6 countries. In the blog we share articles and overviews about how to start company in Europe.","og_url":"https:\/\/dev.1office.co\/lv\/blogi\/","og_site_name":"1Office","article_modified_time":"2018-05-31T09:36:03+00:00","twitter_card":"summary_large_image","twitter_misc":{"Est. reading time":"2 minutes"},"schema":{"@context":"https:\/\/schema.org","@graph":[{"@type":"WebPage","@id":"https:\/\/dev.1office.co\/lv\/blogi\/","url":"https:\/\/dev.1office.co\/lv\/blogi\/","name":"Latest news about starting and running companies in Europe - 1Office","isPartOf":{"@id":"https:\/\/dev.1office.co\/#website"},"datePublished":"2017-12-19T10:01:02+00:00","dateModified":"2018-05-31T09:36:03+00:00","description":"1Office has teams of specialists in place in 6 countries. In the blog we share articles and overviews about how to start company in Europe.","breadcrumb":{"@id":"https:\/\/dev.1office.co\/lv\/blogi\/#breadcrumb"},"inLanguage":"lv-LV","potentialAction":[{"@type":"ReadAction","target":["https:\/\/dev.1office.co\/lv\/blogi\/"]}]},{"@type":"BreadcrumbList","@id":"https:\/\/dev.1office.co\/lv\/blogi\/#breadcrumb","itemListElement":[{"@type":"ListItem","position":1,"name":"Home","item":"https:\/\/dev.1office.co\/lv\/"},{"@type":"ListItem","position":2,"name":"Blogi"}]},{"@type":"WebSite","@id":"https:\/\/dev.1office.co\/#website","url":"https:\/\/dev.1office.co\/","name":"1Office","description":"Making Business Simple","publisher":{"@id":"https:\/\/dev.1office.co\/#organization"},"potentialAction":[{"@type":"SearchAction","target":{"@type":"EntryPoint","urlTemplate":"https:\/\/dev.1office.co\/?s={search_term_string}"},"query-input":"required name=search_term_string"}],"inLanguage":"lv-LV"},{"@type":"Organization","@id":"https:\/\/dev.1office.co\/#organization","name":"1Office","url":"https:\/\/dev.1office.co\/","logo":{"@type":"ImageObject","inLanguage":"lv-LV","@id":"https:\/\/dev.1office.co\/#\/schema\/logo\/image\/","url":"https:\/\/dev.1office.co\/wp-content\/uploads\/2018\/01\/1office-invoice-logo-2.png","contentUrl":"https:\/\/dev.1office.co\/wp-content\/uploads\/2018\/01\/1office-invoice-logo-2.png","width":300,"height":83,"caption":"1Office"},"image":{"@id":"https:\/\/dev.1office.co\/#\/schema\/logo\/image\/"}}]}},"_links":{"self":[{"href":"https:\/\/dev.1office.co\/lv\/wp-json\/wp\/v2\/pages\/64290","targetHints":{"allow":["GET"]}}],"collection":[{"href":"https:\/\/dev.1office.co\/lv\/wp-json\/wp\/v2\/pages"}],"about":[{"href":"https:\/\/dev.1office.co\/lv\/wp-json\/wp\/v2\/types\/page"}],"author":[{"embeddable":true,"href":"https:\/\/dev.1office.co\/lv\/wp-json\/wp\/v2\/users\/1"}],"replies":[{"embeddable":true,"href":"https:\/\/dev.1office.co\/lv\/wp-json\/wp\/v2\/comments?post=64290"}],"version-history":[{"count":3,"href":"https:\/\/dev.1office.co\/lv\/wp-json\/wp\/v2\/pages\/64290\/revisions"}],"predecessor-version":[{"id":64293,"href":"https:\/\/dev.1office.co\/lv\/wp-json\/wp\/v2\/pages\/64290\/revisions\/64293"}],"wp:attachment":[{"href":"https:\/\/dev.1office.co\/lv\/wp-json\/wp\/v2\/media?parent=64290"}],"curies":[{"name":"wp","href":"https:\/\/api.w.org\/{rel}","templated":true}]}}