{"id":57817,"date":"2017-12-13T11:39:59","date_gmt":"2017-12-13T11:39:59","guid":{"rendered":"https:\/\/dev.1office.co\/latvia\/product\/vat-registration\/"},"modified":"2018-09-14T08:25:58","modified_gmt":"2018-09-14T08:25:58","slug":"vat-registration","status":"publish","type":"product","link":"https:\/\/dev.1office.co\/latvia\/sv\/produkt\/vat-registration\/","title":{"rendered":"Momsregistrering"},"content":{"rendered":"<div class=\"wpb-content-wrapper\"><p>[vc_row][vc_column]<div id=\"advanced-tabs-desc-wrap-7334\" class=\"ult_tabs product_tabs\" style=\" \" data-tabsstyle=\"style1\"\n data-titlebg=\"#ffffff\" data-titlecolor=\"#b6b8ba\" data-fullheight=\"off\"\n data-titlehoverbg=\"#ffffff\" data-titlehovercolor=\"#1d1e23\"\n data-rotatetabs=\"0\" data-responsivemode=\"Both\" data-animation=\"Slide\"\ndata-activetitle=\"#1d1e23\" data-activeicon=\"\" data-activebg=\"#ffffff\"  data-respmode=\"Tabs\" data-respwidth=\"400\" data-scroll = \"on\" data-activeindex=\"1\"><ul id=advanced-tabs-wrap-2612 class=\"ult_tabmenu style1 \" style=\"\"><li class=\"ult_tab_li  \" data-iconcolor=\"#74777b\" data-iconhover=\"#ffffff\" style=\"background-color:#ffffff;border-color:transparent;border-width:0px;border-style:solid;border-top-left-radius:8px;\">\n\t\t\t\t\t<a href=\"#1512642751410-8cd24-3a01\"  id=\"1512642751410-8cd24-3a01\"  style=\"color:#b6b8ba;; padding:15px; \" class=\"ult_a  \">\n\t\t\t\t\t     <span class=\"ult_tab_main Both \">\n\t\t\t\t\t \t\t <span class=\"ult_tab_section\">\n\t\t\t\t\t   \t\t\t<span  data-ultimate-target='#advanced-tabs-wrap-2612 .ult-span-text'  data-responsive-json-new='{\"font-size\":\"desktop:14px;\",\"line-height\":\"\"}'  class=\"ult-span-text no_icon ult_tab_display_text ult-responsive\" style=\"font-weight:bold;;\">BESKRIVNING<\/span>\n\t\t\t\t\t   \t\t<\/span>\n\t\t\t\t\t\t<\/span>\n\t\t\t\t\t<\/a>\n\t\t\t\t\t<\/li><li class=\"ult_tab_li  product-faq\" data-iconcolor=\"#74777b\" data-iconhover=\"#ffffff\" style=\"background-color:#ffffff;border-color:transparent;border-width:0px;border-style:solid;border-top-right-radius:8px;\">\n\t\t\t\t\t<a href=\"#1512642751435-8cd24-3a01\"  id=\"1512642751435-8cd24-3a01\"  style=\"color:#b6b8ba;; padding:15px; \" class=\"ult_a  \">\n\t\t\t\t\t     <span class=\"ult_tab_main Both \">\n\t\t\t\t\t \t\t <span class=\"ult_tab_section\">\n\t\t\t\t\t   \t\t\t<span  data-ultimate-target='#advanced-tabs-wrap-2612 .ult-span-text'  data-responsive-json-new='{\"font-size\":\"desktop:14px;\",\"line-height\":\"\"}'  class=\"ult-span-text no_icon ult_tab_display_text ult-responsive\" style=\"font-weight:bold;;\">VANLIGA FR\u00c5GOR<\/span>\n\t\t\t\t\t   \t\t<\/span>\n\t\t\t\t\t\t<\/span>\n\t\t\t\t\t<\/a>\n\t\t\t\t\t<\/li><\/ul><div  data-ultimate-target='#advanced-tabs-desc-wrap-7334 .ult_tabcontent .ult_tab_min_contain  p'  data-responsive-json-new='{\"font-size\":\"\",\"line-height\":\"\"}' class=\"ult_tabcontent ult-responsive style1\" style=\"color:#74777b;\"><div class=\"ult_tab_min_contain \" >\n\t\t\t<div  class=\"ult_tabitemname\"  >\n\t\t\t\t[vc_column_text]F\u00f6r att f\u00e5 ett momsregistreringsnummer i Lettland m\u00e5ste f\u00f6retaget ha en verklig aff\u00e4rsverksamhet i Lettland. Om en styrelseledamot i f\u00f6retaget inte \u00e4r bofast i landet kan skattemyndigheten genomf\u00f6ra en ut\u00f6kad bakgrundskontroll.<\/p>\n<p><strong>Priset inkluderar:<\/strong><br \/>\n\u2022 Ifyllande av ans\u00f6kan med din f\u00f6retagsinformation<br \/>\n\u2022 Inl\u00e4mnande av ans\u00f6kan till SRS<br \/>\n* Upp till tv\u00e5 timmars arbete f\u00f6r bokf\u00f6ringsspecialisten hos skattekontoret<br \/>\n\u2022 Efter ett positivt beslut registreras f\u00f6retaget i registret \u00f6ver momspliktiga.<\/p>\n<p>Skattemyndigheten (SRS) fattar beslut om utf\u00e4rdande av momsregistreringsnummer inom 15 dagar efter att ans\u00f6kan tagits emot.<\/p>\n<p>OBS! Notera att som momspliktig m\u00e5ste du l\u00e4mna in m\u00e5natliga deklarationer \u00e4ven om ditt f\u00f6retag inte har haft n\u00e5gra aktiviteter under den aktuella perioden.<\/p>\n<p>F\u00f6r att f\u00e5 ett momsregistreringsnummer m\u00e5ste en styrelseledamot bes\u00f6ka SRS personligen, l\u00e4mna in dokumenten elektroniskt eller bemyndiga 1Offices representant att agera p\u00e5 f\u00f6retagets v\u00e4gnar mot en extra avgift.[\/vc_column_text]\n\t\t\t<\/div>\n\t\t\t<div  class=\"ult_tabitemname\"  >\n\t\t\t\t[vc_toggle title=&#8221;1) Vad inneb\u00e4r en bakgrundskontroll?&#8221; style=&#8221;arrow&#8221; open=&#8221;true&#8221; custom_font_container=&#8221;tag:h5|text_align:left&#8221; custom_use_theme_fonts=&#8221;yes&#8221; use_custom_heading=&#8221;true&#8221;]SRS kan be styrelseledamoten att komma in f\u00f6r en intervju eller till och med bes\u00f6ka den registrerade kontorsadressen.<br \/>\nDe kan \u00e4ven fr\u00e5ga efter ett personligt bankkontoutdrag vilket kunden kan v\u00e4gra, eftersom det inte \u00e4r tvunget av lagstiftningen, men vi rekommenderar dock att skicka in det f\u00f6r att f\u00e5 momsregistreringsnumret.[\/vc_toggle]\n\t\t\t<\/div><\/div><\/div><\/div><div class=\"ult_acord advanced-tabs-desc-wrap-7334\">\n   <div class=\"ult-tabto-accordion \" style=\"width:;\"\n    data-titlecolor=\"#b6b8ba\"  data-titlebg=\"#ffffff\"\n     data-titlehoverbg=\"#ffffff\" data-titlehovercolor=\"#1d1e23\" data-animation=\"Slide\"\n     data-activetitle=\"#1d1e23\" data-activeicon=\"\" data-activebg=\"#ffffff\" data-scroll = \"on\" data-activeindex=\"1\" >\n     <dl><dt class=\"\">\n\t        \t<a class=\"ult-tabto-actitle withBorder ult_a \" id=\"1512642751410-8cd24-3a01\" style=\"color:#b6b8ba;;background-color:#ffffff;border-bottom-color:transparent;border-bottom-width:0px;border-bottom-style:solid;\" href=\"#1512642751410-8cd24-3a01\">\n\t        \t\t<i class=\"accordion-icon\"><\/i>\n\t        \t\t\t<span class=\"ult_tab_main ult_ac_main ult_noacordicnBoth\">\n\n\t\t\t\t\t\t<span  data-ultimate-target='#advanced-tabs-wrap-2612 .ult-span-text'  data-responsive-json-new='{\"font-size\":\"desktop:14px;\",\"line-height\":\"\"}'  class=\"ult-span-text no_icon ult_acordian-text ult-responsive\" style=\"font-weight:bold;;color:inherit \" >BESKRIVNING<\/span>\n\t\t\t\t\t\t<\/span><\/a><\/dt>\n\t            \t\t<dd class=\"ult-tabto-accordionItem ult-tabto-accolapsed\">\n\t\t\t\t            <div class=\"ult-tabto-acontent\" style=\"color:#74777b;\">\n\t\t\t\t               [vc_column_text]F\u00f6r att f\u00e5 ett momsregistreringsnummer i Lettland m\u00e5ste f\u00f6retaget ha en verklig aff\u00e4rsverksamhet i Lettland. Om en styrelseledamot i f\u00f6retaget inte \u00e4r bofast i landet kan skattemyndigheten genomf\u00f6ra en ut\u00f6kad bakgrundskontroll.<\/p>\n<p><strong>Priset inkluderar:<\/strong><br \/>\n\u2022 Ifyllande av ans\u00f6kan med din f\u00f6retagsinformation<br \/>\n\u2022 Inl\u00e4mnande av ans\u00f6kan till SRS<br \/>\n* Upp till tv\u00e5 timmars arbete f\u00f6r bokf\u00f6ringsspecialisten hos skattekontoret<br \/>\n\u2022 Efter ett positivt beslut registreras f\u00f6retaget i registret \u00f6ver momspliktiga.<\/p>\n<p>Skattemyndigheten (SRS) fattar beslut om utf\u00e4rdande av momsregistreringsnummer inom 15 dagar efter att ans\u00f6kan tagits emot.<\/p>\n<p>OBS! Notera att som momspliktig m\u00e5ste du l\u00e4mna in m\u00e5natliga deklarationer \u00e4ven om ditt f\u00f6retag inte har haft n\u00e5gra aktiviteter under den aktuella perioden.<\/p>\n<p>F\u00f6r att f\u00e5 ett momsregistreringsnummer m\u00e5ste en styrelseledamot bes\u00f6ka SRS personligen, l\u00e4mna in dokumenten elektroniskt eller bemyndiga 1Offices representant att agera p\u00e5 f\u00f6retagets v\u00e4gnar mot en extra avgift.[\/vc_column_text]\n\t\t\t\t            <\/div>\n\t        \t\t\t<\/dd><dt class=\"product-faq\">\n\t        \t<a class=\"ult-tabto-actitle withBorder ult_a \" id=\"1512642751435-8cd24-3a01\" style=\"color:#b6b8ba;;background-color:#ffffff;border-bottom-color:transparent;border-bottom-width:0px;border-bottom-style:solid;border-bottom-color:transparent;border-bottom-width:0px;border-bottom-style:solid;\" href=\"#1512642751435-8cd24-3a01\">\n\t        \t\t<i class=\"accordion-icon\"><\/i>\n\t        \t\t\t<span class=\"ult_tab_main ult_ac_main ult_noacordicnBoth\">\n\n\t\t\t\t\t\t<span  data-ultimate-target='#advanced-tabs-wrap-2612 .ult-span-text'  data-responsive-json-new='{\"font-size\":\"desktop:14px;\",\"line-height\":\"\"}'  class=\"ult-span-text no_icon ult_acordian-text ult-responsive\" style=\"font-weight:bold;;color:inherit \" >VANLIGA FR\u00c5GOR<\/span>\n\t\t\t\t\t\t<\/span><\/a><\/dt>\n\t            \t\t<dd class=\"ult-tabto-accordionItem ult-tabto-accolapsed\">\n\t\t\t\t            <div class=\"ult-tabto-acontent\" style=\"color:#74777b;\">\n\t\t\t\t               [vc_toggle title=&#8221;1) Vad inneb\u00e4r en bakgrundskontroll?&#8221; style=&#8221;arrow&#8221; open=&#8221;true&#8221; custom_font_container=&#8221;tag:h5|text_align:left&#8221; custom_use_theme_fonts=&#8221;yes&#8221; use_custom_heading=&#8221;true&#8221;]SRS kan be styrelseledamoten att komma in f\u00f6r en intervju eller till och med bes\u00f6ka den registrerade kontorsadressen.<br \/>\nDe kan \u00e4ven fr\u00e5ga efter ett personligt bankkontoutdrag vilket kunden kan v\u00e4gra, eftersom det inte \u00e4r tvunget av lagstiftningen, men vi rekommenderar dock att skicka in det f\u00f6r att f\u00e5 momsregistreringsnumret.[\/vc_toggle]\n\t\t\t\t            <\/div>\n\t        \t\t\t<\/dd>\n    \t<\/dl>\n    <!--<div class=\"extraborder\" style=\"background-color:#ffffff\"><\/div>-->\n<\/div>\n\n<\/div>[\/vc_column][\/vc_row]<\/p>\n<\/div>","protected":false},"excerpt":{"rendered":"<p>I Lettland ska ett f\u00f6retag registreras som momspliktigt n\u00e4r f\u00f6retagets beskattningsbara \u00e5rsoms\u00e4ttning i EU \u00f6verskrider 40 000 euro.<\/p>\n","protected":false},"featured_media":57379,"template":"","meta":{"_acf_changed":false,"inline_featured_image":false},"product_brand":[],"product_cat":[350],"product_tag":[351],"class_list":{"0":"post-57817","1":"product","2":"type-product","3":"status-publish","4":"has-post-thumbnail","6":"product_cat-accounting-sv","7":"product_tag-latvia-sv","8":"description-off","10":"first","11":"instock","12":"virtual","13":"taxable","14":"purchasable","15":"product-type-simple"},"bundled_by":[],"bundle_stock_status":"instock","bundle_stock_quantity":null,"bundle_virtual":false,"bundle_layout":"","bundle_add_to_cart_form_location":"","bundle_editable_in_cart":false,"bundle_sold_individually_context":"","bundle_item_grouping":"","bundle_min_size":"","bundle_max_size":"","bundle_price":[],"bundled_items":[],"bundle_sell_ids":[],"acf":[],"yoast_head":"<!-- This site is optimized with the Yoast SEO plugin v23.0 - https:\/\/yoast.com\/wordpress\/plugins\/seo\/ -->\n<title>Momsregistrering - 1Office Latvia<\/title>\n<meta name=\"description\" content=\"In Latvia a company has to be registered as VAT payer when the company\u2019s taxable annual turnover in EU exceeds 40 000 euros.\" \/>\n<meta name=\"robots\" content=\"noindex, follow, max-snippet:-1, max-image-preview:large, max-video-preview:-1\" \/>\n<meta property=\"og:locale\" content=\"sv_SE\" \/>\n<meta property=\"og:type\" content=\"article\" \/>\n<meta property=\"og:title\" content=\"Momsregistrering - 1Office Latvia\" \/>\n<meta property=\"og:description\" content=\"In Latvia a company has to be registered as VAT payer when the company\u2019s taxable annual turnover in EU exceeds 40 000 euros.\" \/>\n<meta property=\"og:url\" content=\"https:\/\/dev.1office.co\/latvia\/sv\/produkt\/vat-registration\/\" \/>\n<meta property=\"og:site_name\" content=\"1Office Latvia\" \/>\n<meta property=\"article:modified_time\" content=\"2018-09-14T08:25:58+00:00\" \/>\n<meta property=\"og:image\" content=\"https:\/\/dev.1office.co\/latvia\/wp-content\/uploads\/sites\/11\/2017\/12\/money-gold-coins-finance.jpg\" \/>\n\t<meta property=\"og:image:width\" content=\"1920\" \/>\n\t<meta property=\"og:image:height\" content=\"1271\" \/>\n\t<meta property=\"og:image:type\" content=\"image\/jpeg\" \/>\n<meta name=\"twitter:card\" content=\"summary_large_image\" \/>\n<meta name=\"twitter:label1\" content=\"Ber\u00e4knad l\u00e4stid\" \/>\n\t<meta name=\"twitter:data1\" content=\"2 minuter\" \/>\n<script type=\"application\/ld+json\" class=\"yoast-schema-graph\">{\"@context\":\"https:\/\/schema.org\",\"@graph\":[{\"@type\":\"WebPage\",\"@id\":\"https:\/\/dev.1office.co\/latvia\/sv\/produkt\/vat-registration\/\",\"url\":\"https:\/\/dev.1office.co\/latvia\/sv\/produkt\/vat-registration\/\",\"name\":\"Momsregistrering - 1Office Latvia\",\"isPartOf\":{\"@id\":\"https:\/\/dev.1office.co\/latvia\/#website\"},\"primaryImageOfPage\":{\"@id\":\"https:\/\/dev.1office.co\/latvia\/sv\/produkt\/vat-registration\/#primaryimage\"},\"image\":{\"@id\":\"https:\/\/dev.1office.co\/latvia\/sv\/produkt\/vat-registration\/#primaryimage\"},\"thumbnailUrl\":\"https:\/\/dev.1office.co\/latvia\/wp-content\/uploads\/sites\/11\/2017\/12\/money-gold-coins-finance.jpg\",\"datePublished\":\"2017-12-13T11:39:59+00:00\",\"dateModified\":\"2018-09-14T08:25:58+00:00\",\"description\":\"In Latvia a company has to be registered as VAT payer when the company\u2019s taxable annual turnover in EU exceeds 40 000 euros.\",\"breadcrumb\":{\"@id\":\"https:\/\/dev.1office.co\/latvia\/sv\/produkt\/vat-registration\/#breadcrumb\"},\"inLanguage\":\"sv-SE\",\"potentialAction\":[{\"@type\":\"ReadAction\",\"target\":[\"https:\/\/dev.1office.co\/latvia\/sv\/produkt\/vat-registration\/\"]}]},{\"@type\":\"ImageObject\",\"inLanguage\":\"sv-SE\",\"@id\":\"https:\/\/dev.1office.co\/latvia\/sv\/produkt\/vat-registration\/#primaryimage\",\"url\":\"https:\/\/dev.1office.co\/latvia\/wp-content\/uploads\/sites\/11\/2017\/12\/money-gold-coins-finance.jpg\",\"contentUrl\":\"https:\/\/dev.1office.co\/latvia\/wp-content\/uploads\/sites\/11\/2017\/12\/money-gold-coins-finance.jpg\",\"width\":1920,\"height\":1271},{\"@type\":\"BreadcrumbList\",\"@id\":\"https:\/\/dev.1office.co\/latvia\/sv\/produkt\/vat-registration\/#breadcrumb\",\"itemListElement\":[{\"@type\":\"ListItem\",\"position\":1,\"name\":\"Home\",\"item\":\"https:\/\/dev.1office.co\/latvia\/sv\/\"},{\"@type\":\"ListItem\",\"position\":2,\"name\":\"Shop\",\"item\":\"https:\/\/dev.1office.co\/latvia\/shop\/\"},{\"@type\":\"ListItem\",\"position\":3,\"name\":\"Momsregistrering\"}]},{\"@type\":\"WebSite\",\"@id\":\"https:\/\/dev.1office.co\/latvia\/#website\",\"url\":\"https:\/\/dev.1office.co\/latvia\/\",\"name\":\"1Office Latvia\",\"description\":\"Making Business Simple\",\"potentialAction\":[{\"@type\":\"SearchAction\",\"target\":{\"@type\":\"EntryPoint\",\"urlTemplate\":\"https:\/\/dev.1office.co\/latvia\/?s={search_term_string}\"},\"query-input\":\"required name=search_term_string\"}],\"inLanguage\":\"sv-SE\"}]}<\/script>\n<!-- \/ Yoast SEO plugin. -->","yoast_head_json":{"title":"Momsregistrering - 1Office Latvia","description":"In Latvia a company has to be registered as VAT payer when the company\u2019s taxable annual turnover in EU exceeds 40 000 euros.","robots":{"index":"noindex","follow":"follow","max-snippet":"max-snippet:-1","max-image-preview":"max-image-preview:large","max-video-preview":"max-video-preview:-1"},"og_locale":"sv_SE","og_type":"article","og_title":"Momsregistrering - 1Office Latvia","og_description":"In Latvia a company has to be registered as VAT payer when the company\u2019s taxable annual turnover in EU exceeds 40 000 euros.","og_url":"https:\/\/dev.1office.co\/latvia\/sv\/produkt\/vat-registration\/","og_site_name":"1Office Latvia","article_modified_time":"2018-09-14T08:25:58+00:00","og_image":[{"width":1920,"height":1271,"url":"https:\/\/dev.1office.co\/latvia\/wp-content\/uploads\/sites\/11\/2017\/12\/money-gold-coins-finance.jpg","type":"image\/jpeg"}],"twitter_card":"summary_large_image","twitter_misc":{"Ber\u00e4knad l\u00e4stid":"2 minuter"},"schema":{"@context":"https:\/\/schema.org","@graph":[{"@type":"WebPage","@id":"https:\/\/dev.1office.co\/latvia\/sv\/produkt\/vat-registration\/","url":"https:\/\/dev.1office.co\/latvia\/sv\/produkt\/vat-registration\/","name":"Momsregistrering - 1Office Latvia","isPartOf":{"@id":"https:\/\/dev.1office.co\/latvia\/#website"},"primaryImageOfPage":{"@id":"https:\/\/dev.1office.co\/latvia\/sv\/produkt\/vat-registration\/#primaryimage"},"image":{"@id":"https:\/\/dev.1office.co\/latvia\/sv\/produkt\/vat-registration\/#primaryimage"},"thumbnailUrl":"https:\/\/dev.1office.co\/latvia\/wp-content\/uploads\/sites\/11\/2017\/12\/money-gold-coins-finance.jpg","datePublished":"2017-12-13T11:39:59+00:00","dateModified":"2018-09-14T08:25:58+00:00","description":"In Latvia a company has to be registered as VAT payer when the company\u2019s taxable annual turnover in EU exceeds 40 000 euros.","breadcrumb":{"@id":"https:\/\/dev.1office.co\/latvia\/sv\/produkt\/vat-registration\/#breadcrumb"},"inLanguage":"sv-SE","potentialAction":[{"@type":"ReadAction","target":["https:\/\/dev.1office.co\/latvia\/sv\/produkt\/vat-registration\/"]}]},{"@type":"ImageObject","inLanguage":"sv-SE","@id":"https:\/\/dev.1office.co\/latvia\/sv\/produkt\/vat-registration\/#primaryimage","url":"https:\/\/dev.1office.co\/latvia\/wp-content\/uploads\/sites\/11\/2017\/12\/money-gold-coins-finance.jpg","contentUrl":"https:\/\/dev.1office.co\/latvia\/wp-content\/uploads\/sites\/11\/2017\/12\/money-gold-coins-finance.jpg","width":1920,"height":1271},{"@type":"BreadcrumbList","@id":"https:\/\/dev.1office.co\/latvia\/sv\/produkt\/vat-registration\/#breadcrumb","itemListElement":[{"@type":"ListItem","position":1,"name":"Home","item":"https:\/\/dev.1office.co\/latvia\/sv\/"},{"@type":"ListItem","position":2,"name":"Shop","item":"https:\/\/dev.1office.co\/latvia\/shop\/"},{"@type":"ListItem","position":3,"name":"Momsregistrering"}]},{"@type":"WebSite","@id":"https:\/\/dev.1office.co\/latvia\/#website","url":"https:\/\/dev.1office.co\/latvia\/","name":"1Office Latvia","description":"Making Business Simple","potentialAction":[{"@type":"SearchAction","target":{"@type":"EntryPoint","urlTemplate":"https:\/\/dev.1office.co\/latvia\/?s={search_term_string}"},"query-input":"required name=search_term_string"}],"inLanguage":"sv-SE"}]}},"_links":{"self":[{"href":"https:\/\/dev.1office.co\/latvia\/sv\/wp-json\/wp\/v2\/product\/57817","targetHints":{"allow":["GET"]}}],"collection":[{"href":"https:\/\/dev.1office.co\/latvia\/sv\/wp-json\/wp\/v2\/product"}],"about":[{"href":"https:\/\/dev.1office.co\/latvia\/sv\/wp-json\/wp\/v2\/types\/product"}],"wp:featuredmedia":[{"embeddable":true,"href":"https:\/\/dev.1office.co\/latvia\/sv\/wp-json\/wp\/v2\/media\/57379"}],"wp:attachment":[{"href":"https:\/\/dev.1office.co\/latvia\/sv\/wp-json\/wp\/v2\/media?parent=57817"}],"wp:term":[{"taxonomy":"product_brand","embeddable":true,"href":"https:\/\/dev.1office.co\/latvia\/sv\/wp-json\/wp\/v2\/product_brand?post=57817"},{"taxonomy":"product_cat","embeddable":true,"href":"https:\/\/dev.1office.co\/latvia\/sv\/wp-json\/wp\/v2\/product_cat?post=57817"},{"taxonomy":"product_tag","embeddable":true,"href":"https:\/\/dev.1office.co\/latvia\/sv\/wp-json\/wp\/v2\/product_tag?post=57817"}],"curies":[{"name":"wp","href":"https:\/\/api.w.org\/{rel}","templated":true}]}}