{"id":57805,"date":"2017-08-10T10:40:14","date_gmt":"2017-08-10T10:40:14","guid":{"rendered":"https:\/\/dev.1office.co\/latvia\/product\/accountants-hourly-fee\/"},"modified":"2021-02-02T11:32:39","modified_gmt":"2021-02-02T11:32:39","slug":"accountants-hourly-fee","status":"publish","type":"product","link":"https:\/\/dev.1office.co\/latvia\/sv\/produkt\/accountants-hourly-fee\/","title":{"rendered":"Timavgift f\u00f6r bokf\u00f6ringstj\u00e4nster"},"content":{"rendered":"<div class=\"wpb-content-wrapper\"><p>[vc_row][vc_column]<div id=\"advanced-tabs-desc-wrap-3691\" class=\"ult_tabs product_tabs\" style=\" \" data-tabsstyle=\"style1\"\n data-titlebg=\"#ffffff\" data-titlecolor=\"#b6b8ba\" data-fullheight=\"off\"\n data-titlehoverbg=\"#ffffff\" data-titlehovercolor=\"#1d1e23\"\n data-rotatetabs=\"0\" data-responsivemode=\"Both\" data-animation=\"Slide\"\ndata-activetitle=\"#1d1e23\" data-activeicon=\"\" data-activebg=\"#ffffff\"  data-respmode=\"Tabs\" data-respwidth=\"400\" data-scroll = \"on\" data-activeindex=\"1\"><ul id=advanced-tabs-wrap-7285 class=\"ult_tabmenu style1 \" style=\"\"><li class=\"ult_tab_li  \" data-iconcolor=\"#74777b\" data-iconhover=\"#ffffff\" style=\"background-color:#ffffff;border-color:transparent;border-width:0px;border-style:solid;border-top-left-radius:8px;\">\n\t\t\t\t\t<a href=\"#1512642751410-8598a-c205\"  id=\"1512642751410-8598a-c205\"  style=\"color:#b6b8ba;; padding:15px; \" class=\"ult_a  \">\n\t\t\t\t\t     <span class=\"ult_tab_main Both \">\n\t\t\t\t\t \t\t <span class=\"ult_tab_section\">\n\t\t\t\t\t   \t\t\t<span  data-ultimate-target='#advanced-tabs-wrap-7285 .ult-span-text'  data-responsive-json-new='{\"font-size\":\"desktop:14px;\",\"line-height\":\"\"}'  class=\"ult-span-text no_icon ult_tab_display_text ult-responsive\" style=\"font-weight:bold;;\">BESKRIVNING<\/span>\n\t\t\t\t\t   \t\t<\/span>\n\t\t\t\t\t\t<\/span>\n\t\t\t\t\t<\/a>\n\t\t\t\t\t<\/li><li class=\"ult_tab_li  product-faq\" data-iconcolor=\"#74777b\" data-iconhover=\"#ffffff\" style=\"background-color:#ffffff;border-color:transparent;border-width:0px;border-style:solid;border-top-right-radius:8px;\">\n\t\t\t\t\t<a href=\"#1512642751435-8598a-c205\"  id=\"1512642751435-8598a-c205\"  style=\"color:#b6b8ba;; padding:15px; \" class=\"ult_a  \">\n\t\t\t\t\t     <span class=\"ult_tab_main Both \">\n\t\t\t\t\t \t\t <span class=\"ult_tab_section\">\n\t\t\t\t\t   \t\t\t<span  data-ultimate-target='#advanced-tabs-wrap-7285 .ult-span-text'  data-responsive-json-new='{\"font-size\":\"desktop:14px;\",\"line-height\":\"\"}'  class=\"ult-span-text no_icon ult_tab_display_text ult-responsive\" style=\"font-weight:bold;;\">VANLIGA FR\u00c5GOR<\/span>\n\t\t\t\t\t   \t\t<\/span>\n\t\t\t\t\t\t<\/span>\n\t\t\t\t\t<\/a>\n\t\t\t\t\t<\/li><\/ul><div  data-ultimate-target='#advanced-tabs-desc-wrap-3691 .ult_tabcontent .ult_tab_min_contain  p'  data-responsive-json-new='{\"font-size\":\"\",\"line-height\":\"\"}' class=\"ult_tabcontent ult-responsive style1\" style=\"color:#74777b;\"><div class=\"ult_tab_min_contain \" >\n\t\t\t<div  class=\"ult_tabitemname\"  >\n\t\t\t\t[vc_column_text]Outsourcing av bokf\u00f6ringstj\u00e4nster \u00e4r en utm\u00e4rkt l\u00f6sning f\u00f6r f\u00f6retag som inte vill anlita en heltidsanst\u00e4lld bokf\u00f6ringsansvarig men som fortfarande vill ha alla f\u00f6rdelar fr\u00e5n en internationellt erfaren bokf\u00f6ringsspecialist.<\/p>\n<p><strong>Tj\u00e4nsten inkluderar:<\/strong><br \/>\n\u2022 Behandling av k\u00e4lldokument<br \/>\n\u2022 Huvudbokf\u00f6ring<br \/>\n\u2022 Inl\u00e4mnande av skattedeklarationer<br \/>\n\u2022 L\u00f6neadministration<br \/>\n\u2022 Bokf\u00f6ring av tillg\u00e5ngar<br \/>\n\u2022 Sammanst\u00e4llning av ekonomiska rapporter<\/p>\n<p><strong>Den f\u00f6rsta betalningen av 50\u20ac \u00e4r en f\u00f6rskottsbetalning f\u00f6r f\u00f6rsta timmen av bokf\u00f6ringsarbete och inkluderar vanligtvis:<\/strong><br \/>\n\u2022 \u00d6vertagande av ditt f\u00f6retags dokument<br \/>\n\u2022 N\u00f6dv\u00e4ndiga inst\u00e4llningar f\u00f6r ditt f\u00f6retag i programvaran f\u00f6r bokf\u00f6ring<br \/>\n\u2022 Tillhandah\u00e5llande av n\u00f6dv\u00e4ndiga \u00e5tkomster etc.<br \/>\nF\u00f6ljande fakturor f\u00f6r bokf\u00f6ringstj\u00e4nster utf\u00e4rdas en g\u00e5ng per m\u00e5nad med en 15-minuters noggrannhet och den minimala m\u00e5nadsavgiften \u00e4r 50\u20ac.<\/p>\n<p>Vi accepterar k\u00e4lldokument p\u00e5 lettiska, ryska och engelska.[\/vc_column_text]\n\t\t\t<\/div>\n\t\t\t<div  class=\"ult_tabitemname\"  >\n\t\t\t\t[vc_toggle title=&#8221;1. \u00c4r det obligatoriskt att bokf\u00f6ra varje m\u00e5nad?&#8221; style=&#8221;arrow&#8221; open=&#8221;true&#8221; custom_font_container=&#8221;tag:h5|text_align:left&#8221; custom_use_theme_fonts=&#8221;yes&#8221; use_custom_heading=&#8221;true&#8221;]Om f\u00f6retaget har ett momsregistreringsnummer (I EU obligatoriskt f\u00f6r f\u00f6retag med en oms\u00e4ttning \u00f6ver 40 000\u20ac) eller om f\u00f6retaget betalar l\u00f6ner till anst\u00e4llda, m\u00e5ste man l\u00e4mna in m\u00e5natliga deklarationer.<br \/>\nOm ditt f\u00f6retag inte har n\u00e5gra m\u00e5natliga betalningar, ink\u00f6p, fakturor och inget momsregistreringsnummer r\u00e4cker det med att g\u00f6ra hela bokf\u00f6ringen minst en g\u00e5ng om \u00e5ret i samband med inl\u00e4mnande av en \u00e5rsredovisning.[\/vc_toggle]\n\t\t\t<\/div><\/div><\/div><\/div><div class=\"ult_acord advanced-tabs-desc-wrap-3691\">\n   <div class=\"ult-tabto-accordion \" style=\"width:;\"\n    data-titlecolor=\"#b6b8ba\"  data-titlebg=\"#ffffff\"\n     data-titlehoverbg=\"#ffffff\" data-titlehovercolor=\"#1d1e23\" data-animation=\"Slide\"\n     data-activetitle=\"#1d1e23\" data-activeicon=\"\" data-activebg=\"#ffffff\" data-scroll = \"on\" data-activeindex=\"1\" >\n     <dl><dt class=\"\">\n\t        \t<a class=\"ult-tabto-actitle withBorder ult_a \" id=\"1512642751410-8598a-c205\" style=\"color:#b6b8ba;;background-color:#ffffff;border-bottom-color:transparent;border-bottom-width:0px;border-bottom-style:solid;\" href=\"#1512642751410-8598a-c205\">\n\t        \t\t<i class=\"accordion-icon\"><\/i>\n\t        \t\t\t<span class=\"ult_tab_main ult_ac_main ult_noacordicnBoth\">\n\n\t\t\t\t\t\t<span  data-ultimate-target='#advanced-tabs-wrap-7285 .ult-span-text'  data-responsive-json-new='{\"font-size\":\"desktop:14px;\",\"line-height\":\"\"}'  class=\"ult-span-text no_icon ult_acordian-text ult-responsive\" style=\"font-weight:bold;;color:inherit \" >BESKRIVNING<\/span>\n\t\t\t\t\t\t<\/span><\/a><\/dt>\n\t            \t\t<dd class=\"ult-tabto-accordionItem ult-tabto-accolapsed\">\n\t\t\t\t            <div class=\"ult-tabto-acontent\" style=\"color:#74777b;\">\n\t\t\t\t               [vc_column_text]Outsourcing av bokf\u00f6ringstj\u00e4nster \u00e4r en utm\u00e4rkt l\u00f6sning f\u00f6r f\u00f6retag som inte vill anlita en heltidsanst\u00e4lld bokf\u00f6ringsansvarig men som fortfarande vill ha alla f\u00f6rdelar fr\u00e5n en internationellt erfaren bokf\u00f6ringsspecialist.<\/p>\n<p><strong>Tj\u00e4nsten inkluderar:<\/strong><br \/>\n\u2022 Behandling av k\u00e4lldokument<br \/>\n\u2022 Huvudbokf\u00f6ring<br \/>\n\u2022 Inl\u00e4mnande av skattedeklarationer<br \/>\n\u2022 L\u00f6neadministration<br \/>\n\u2022 Bokf\u00f6ring av tillg\u00e5ngar<br \/>\n\u2022 Sammanst\u00e4llning av ekonomiska rapporter<\/p>\n<p><strong>Den f\u00f6rsta betalningen av 50\u20ac \u00e4r en f\u00f6rskottsbetalning f\u00f6r f\u00f6rsta timmen av bokf\u00f6ringsarbete och inkluderar vanligtvis:<\/strong><br \/>\n\u2022 \u00d6vertagande av ditt f\u00f6retags dokument<br \/>\n\u2022 N\u00f6dv\u00e4ndiga inst\u00e4llningar f\u00f6r ditt f\u00f6retag i programvaran f\u00f6r bokf\u00f6ring<br \/>\n\u2022 Tillhandah\u00e5llande av n\u00f6dv\u00e4ndiga \u00e5tkomster etc.<br \/>\nF\u00f6ljande fakturor f\u00f6r bokf\u00f6ringstj\u00e4nster utf\u00e4rdas en g\u00e5ng per m\u00e5nad med en 15-minuters noggrannhet och den minimala m\u00e5nadsavgiften \u00e4r 50\u20ac.<\/p>\n<p>Vi accepterar k\u00e4lldokument p\u00e5 lettiska, ryska och engelska.[\/vc_column_text]\n\t\t\t\t            <\/div>\n\t        \t\t\t<\/dd><dt class=\"product-faq\">\n\t        \t<a class=\"ult-tabto-actitle withBorder ult_a \" id=\"1512642751435-8598a-c205\" style=\"color:#b6b8ba;;background-color:#ffffff;border-bottom-color:transparent;border-bottom-width:0px;border-bottom-style:solid;border-bottom-color:transparent;border-bottom-width:0px;border-bottom-style:solid;\" href=\"#1512642751435-8598a-c205\">\n\t        \t\t<i class=\"accordion-icon\"><\/i>\n\t        \t\t\t<span class=\"ult_tab_main ult_ac_main ult_noacordicnBoth\">\n\n\t\t\t\t\t\t<span  data-ultimate-target='#advanced-tabs-wrap-7285 .ult-span-text'  data-responsive-json-new='{\"font-size\":\"desktop:14px;\",\"line-height\":\"\"}'  class=\"ult-span-text no_icon ult_acordian-text ult-responsive\" style=\"font-weight:bold;;color:inherit \" >VANLIGA FR\u00c5GOR<\/span>\n\t\t\t\t\t\t<\/span><\/a><\/dt>\n\t            \t\t<dd class=\"ult-tabto-accordionItem ult-tabto-accolapsed\">\n\t\t\t\t            <div class=\"ult-tabto-acontent\" style=\"color:#74777b;\">\n\t\t\t\t               [vc_toggle title=&#8221;1. \u00c4r det obligatoriskt att bokf\u00f6ra varje m\u00e5nad?&#8221; style=&#8221;arrow&#8221; open=&#8221;true&#8221; custom_font_container=&#8221;tag:h5|text_align:left&#8221; custom_use_theme_fonts=&#8221;yes&#8221; use_custom_heading=&#8221;true&#8221;]Om f\u00f6retaget har ett momsregistreringsnummer (I EU obligatoriskt f\u00f6r f\u00f6retag med en oms\u00e4ttning \u00f6ver 40 000\u20ac) eller om f\u00f6retaget betalar l\u00f6ner till anst\u00e4llda, m\u00e5ste man l\u00e4mna in m\u00e5natliga deklarationer.<br \/>\nOm ditt f\u00f6retag inte har n\u00e5gra m\u00e5natliga betalningar, ink\u00f6p, fakturor och inget momsregistreringsnummer r\u00e4cker det med att g\u00f6ra hela bokf\u00f6ringen minst en g\u00e5ng om \u00e5ret i samband med inl\u00e4mnande av en \u00e5rsredovisning.[\/vc_toggle]\n\t\t\t\t            <\/div>\n\t        \t\t\t<\/dd>\n    \t<\/dl>\n    <!--<div class=\"extraborder\" style=\"background-color:#ffffff\"><\/div>-->\n<\/div>\n\n<\/div>[\/vc_column][\/vc_row]<\/p>\n<\/div>","protected":false},"excerpt":{"rendered":"<p>L\u00e5t yrkesm\u00e4n ta hand om ditt f\u00f6retags bokf\u00f6ring s\u00e5 att du kan koncentrera dig p\u00e5 din k\u00e4rnverksamhet. Den exakta volymen och bokf\u00f6ringsrutinen avtalas individuellt med varje kund.<\/p>\n","protected":false},"featured_media":53871,"template":"","meta":{"_acf_changed":false,"inline_featured_image":false},"product_brand":[],"product_cat":[350],"product_tag":[351],"class_list":{"0":"post-57805","1":"product","2":"type-product","3":"status-publish","4":"has-post-thumbnail","6":"product_cat-accounting-sv","7":"product_tag-latvia-sv","8":"description-off","10":"first","11":"instock","12":"taxable","13":"shipping-taxable","14":"purchasable","15":"product-type-simple"},"bundled_by":[],"bundle_stock_status":"instock","bundle_stock_quantity":null,"bundle_virtual":false,"bundle_layout":"","bundle_add_to_cart_form_location":"","bundle_editable_in_cart":false,"bundle_sold_individually_context":"","bundle_item_grouping":"","bundle_min_size":"","bundle_max_size":"","bundle_price":[],"bundled_items":[],"bundle_sell_ids":[],"acf":[],"yoast_head":"<!-- This site is optimized with the Yoast SEO plugin v23.0 - https:\/\/yoast.com\/wordpress\/plugins\/seo\/ -->\n<title>Timavgift f\u00f6r bokf\u00f6ringstj\u00e4nster - 1Office Latvia<\/title>\n<meta name=\"description\" content=\"Outsourcing accounting services is a good solution for companies who don\u2019t need to employ a full-time accountant, but still want to get all the perks of an accountant with international experience.\" \/>\n<meta name=\"robots\" content=\"noindex, follow, max-snippet:-1, max-image-preview:large, max-video-preview:-1\" \/>\n<meta property=\"og:locale\" content=\"sv_SE\" \/>\n<meta property=\"og:type\" content=\"article\" \/>\n<meta property=\"og:title\" content=\"Timavgift f\u00f6r bokf\u00f6ringstj\u00e4nster - 1Office Latvia\" \/>\n<meta property=\"og:description\" content=\"Outsourcing accounting services is a good solution for companies who don\u2019t need to employ a full-time accountant, but still want to get all the perks of an accountant with international experience.\" \/>\n<meta property=\"og:url\" content=\"https:\/\/dev.1office.co\/latvia\/sv\/produkt\/accountants-hourly-fee\/\" \/>\n<meta property=\"og:site_name\" content=\"1Office Latvia\" \/>\n<meta property=\"article:modified_time\" content=\"2021-02-02T11:32:39+00:00\" \/>\n<meta property=\"og:image\" content=\"https:\/\/dev.1office.co\/latvia\/wp-content\/uploads\/sites\/11\/2017\/04\/accounting.jpg\" \/>\n\t<meta property=\"og:image:width\" content=\"1200\" \/>\n\t<meta property=\"og:image:height\" content=\"518\" \/>\n\t<meta property=\"og:image:type\" content=\"image\/jpeg\" \/>\n<meta name=\"twitter:card\" content=\"summary_large_image\" \/>\n<meta name=\"twitter:label1\" content=\"Ber\u00e4knad l\u00e4stid\" \/>\n\t<meta name=\"twitter:data1\" content=\"2 minuter\" \/>\n<script type=\"application\/ld+json\" class=\"yoast-schema-graph\">{\"@context\":\"https:\/\/schema.org\",\"@graph\":[{\"@type\":\"WebPage\",\"@id\":\"https:\/\/dev.1office.co\/latvia\/sv\/produkt\/accountants-hourly-fee\/\",\"url\":\"https:\/\/dev.1office.co\/latvia\/sv\/produkt\/accountants-hourly-fee\/\",\"name\":\"Timavgift f\u00f6r bokf\u00f6ringstj\u00e4nster - 1Office Latvia\",\"isPartOf\":{\"@id\":\"https:\/\/dev.1office.co\/latvia\/#website\"},\"primaryImageOfPage\":{\"@id\":\"https:\/\/dev.1office.co\/latvia\/sv\/produkt\/accountants-hourly-fee\/#primaryimage\"},\"image\":{\"@id\":\"https:\/\/dev.1office.co\/latvia\/sv\/produkt\/accountants-hourly-fee\/#primaryimage\"},\"thumbnailUrl\":\"https:\/\/dev.1office.co\/latvia\/wp-content\/uploads\/sites\/11\/2017\/04\/accounting.jpg\",\"datePublished\":\"2017-08-10T10:40:14+00:00\",\"dateModified\":\"2021-02-02T11:32:39+00:00\",\"description\":\"Outsourcing accounting services is a good solution for companies who don\u2019t need to employ a full-time accountant, but still want to get all the perks of an accountant with international experience.\",\"breadcrumb\":{\"@id\":\"https:\/\/dev.1office.co\/latvia\/sv\/produkt\/accountants-hourly-fee\/#breadcrumb\"},\"inLanguage\":\"sv-SE\",\"potentialAction\":[{\"@type\":\"ReadAction\",\"target\":[\"https:\/\/dev.1office.co\/latvia\/sv\/produkt\/accountants-hourly-fee\/\"]}]},{\"@type\":\"ImageObject\",\"inLanguage\":\"sv-SE\",\"@id\":\"https:\/\/dev.1office.co\/latvia\/sv\/produkt\/accountants-hourly-fee\/#primaryimage\",\"url\":\"https:\/\/dev.1office.co\/latvia\/wp-content\/uploads\/sites\/11\/2017\/04\/accounting.jpg\",\"contentUrl\":\"https:\/\/dev.1office.co\/latvia\/wp-content\/uploads\/sites\/11\/2017\/04\/accounting.jpg\",\"width\":1200,\"height\":518},{\"@type\":\"BreadcrumbList\",\"@id\":\"https:\/\/dev.1office.co\/latvia\/sv\/produkt\/accountants-hourly-fee\/#breadcrumb\",\"itemListElement\":[{\"@type\":\"ListItem\",\"position\":1,\"name\":\"Home\",\"item\":\"https:\/\/dev.1office.co\/latvia\/sv\/\"},{\"@type\":\"ListItem\",\"position\":2,\"name\":\"Shop\",\"item\":\"https:\/\/dev.1office.co\/latvia\/shop\/\"},{\"@type\":\"ListItem\",\"position\":3,\"name\":\"Timavgift f\u00f6r bokf\u00f6ringstj\u00e4nster\"}]},{\"@type\":\"WebSite\",\"@id\":\"https:\/\/dev.1office.co\/latvia\/#website\",\"url\":\"https:\/\/dev.1office.co\/latvia\/\",\"name\":\"1Office Latvia\",\"description\":\"Making Business Simple\",\"potentialAction\":[{\"@type\":\"SearchAction\",\"target\":{\"@type\":\"EntryPoint\",\"urlTemplate\":\"https:\/\/dev.1office.co\/latvia\/?s={search_term_string}\"},\"query-input\":\"required name=search_term_string\"}],\"inLanguage\":\"sv-SE\"}]}<\/script>\n<!-- \/ Yoast SEO plugin. -->","yoast_head_json":{"title":"Timavgift f\u00f6r bokf\u00f6ringstj\u00e4nster - 1Office Latvia","description":"Outsourcing accounting services is a good solution for companies who don\u2019t need to employ a full-time accountant, but still want to get all the perks of an accountant with international experience.","robots":{"index":"noindex","follow":"follow","max-snippet":"max-snippet:-1","max-image-preview":"max-image-preview:large","max-video-preview":"max-video-preview:-1"},"og_locale":"sv_SE","og_type":"article","og_title":"Timavgift f\u00f6r bokf\u00f6ringstj\u00e4nster - 1Office Latvia","og_description":"Outsourcing accounting services is a good solution for companies who don\u2019t need to employ a full-time accountant, but still want to get all the perks of an accountant with international experience.","og_url":"https:\/\/dev.1office.co\/latvia\/sv\/produkt\/accountants-hourly-fee\/","og_site_name":"1Office Latvia","article_modified_time":"2021-02-02T11:32:39+00:00","og_image":[{"width":1200,"height":518,"url":"https:\/\/dev.1office.co\/latvia\/wp-content\/uploads\/sites\/11\/2017\/04\/accounting.jpg","type":"image\/jpeg"}],"twitter_card":"summary_large_image","twitter_misc":{"Ber\u00e4knad l\u00e4stid":"2 minuter"},"schema":{"@context":"https:\/\/schema.org","@graph":[{"@type":"WebPage","@id":"https:\/\/dev.1office.co\/latvia\/sv\/produkt\/accountants-hourly-fee\/","url":"https:\/\/dev.1office.co\/latvia\/sv\/produkt\/accountants-hourly-fee\/","name":"Timavgift f\u00f6r bokf\u00f6ringstj\u00e4nster - 1Office Latvia","isPartOf":{"@id":"https:\/\/dev.1office.co\/latvia\/#website"},"primaryImageOfPage":{"@id":"https:\/\/dev.1office.co\/latvia\/sv\/produkt\/accountants-hourly-fee\/#primaryimage"},"image":{"@id":"https:\/\/dev.1office.co\/latvia\/sv\/produkt\/accountants-hourly-fee\/#primaryimage"},"thumbnailUrl":"https:\/\/dev.1office.co\/latvia\/wp-content\/uploads\/sites\/11\/2017\/04\/accounting.jpg","datePublished":"2017-08-10T10:40:14+00:00","dateModified":"2021-02-02T11:32:39+00:00","description":"Outsourcing accounting services is a good solution for companies who don\u2019t need to employ a full-time accountant, but still want to get all the perks of an accountant with international experience.","breadcrumb":{"@id":"https:\/\/dev.1office.co\/latvia\/sv\/produkt\/accountants-hourly-fee\/#breadcrumb"},"inLanguage":"sv-SE","potentialAction":[{"@type":"ReadAction","target":["https:\/\/dev.1office.co\/latvia\/sv\/produkt\/accountants-hourly-fee\/"]}]},{"@type":"ImageObject","inLanguage":"sv-SE","@id":"https:\/\/dev.1office.co\/latvia\/sv\/produkt\/accountants-hourly-fee\/#primaryimage","url":"https:\/\/dev.1office.co\/latvia\/wp-content\/uploads\/sites\/11\/2017\/04\/accounting.jpg","contentUrl":"https:\/\/dev.1office.co\/latvia\/wp-content\/uploads\/sites\/11\/2017\/04\/accounting.jpg","width":1200,"height":518},{"@type":"BreadcrumbList","@id":"https:\/\/dev.1office.co\/latvia\/sv\/produkt\/accountants-hourly-fee\/#breadcrumb","itemListElement":[{"@type":"ListItem","position":1,"name":"Home","item":"https:\/\/dev.1office.co\/latvia\/sv\/"},{"@type":"ListItem","position":2,"name":"Shop","item":"https:\/\/dev.1office.co\/latvia\/shop\/"},{"@type":"ListItem","position":3,"name":"Timavgift f\u00f6r bokf\u00f6ringstj\u00e4nster"}]},{"@type":"WebSite","@id":"https:\/\/dev.1office.co\/latvia\/#website","url":"https:\/\/dev.1office.co\/latvia\/","name":"1Office Latvia","description":"Making Business Simple","potentialAction":[{"@type":"SearchAction","target":{"@type":"EntryPoint","urlTemplate":"https:\/\/dev.1office.co\/latvia\/?s={search_term_string}"},"query-input":"required name=search_term_string"}],"inLanguage":"sv-SE"}]}},"_links":{"self":[{"href":"https:\/\/dev.1office.co\/latvia\/sv\/wp-json\/wp\/v2\/product\/57805","targetHints":{"allow":["GET"]}}],"collection":[{"href":"https:\/\/dev.1office.co\/latvia\/sv\/wp-json\/wp\/v2\/product"}],"about":[{"href":"https:\/\/dev.1office.co\/latvia\/sv\/wp-json\/wp\/v2\/types\/product"}],"wp:featuredmedia":[{"embeddable":true,"href":"https:\/\/dev.1office.co\/latvia\/sv\/wp-json\/wp\/v2\/media\/53871"}],"wp:attachment":[{"href":"https:\/\/dev.1office.co\/latvia\/sv\/wp-json\/wp\/v2\/media?parent=57805"}],"wp:term":[{"taxonomy":"product_brand","embeddable":true,"href":"https:\/\/dev.1office.co\/latvia\/sv\/wp-json\/wp\/v2\/product_brand?post=57805"},{"taxonomy":"product_cat","embeddable":true,"href":"https:\/\/dev.1office.co\/latvia\/sv\/wp-json\/wp\/v2\/product_cat?post=57805"},{"taxonomy":"product_tag","embeddable":true,"href":"https:\/\/dev.1office.co\/latvia\/sv\/wp-json\/wp\/v2\/product_tag?post=57805"}],"curies":[{"name":"wp","href":"https:\/\/api.w.org\/{rel}","templated":true}]}}