{"id":57803,"date":"2017-08-10T10:40:14","date_gmt":"2017-08-10T10:40:14","guid":{"rendered":"https:\/\/dev.1office.co\/latvia\/product\/accountants-hourly-fee\/"},"modified":"2021-02-02T11:29:09","modified_gmt":"2021-02-02T11:29:09","slug":"accountants-hourly-fee","status":"publish","type":"product","link":"https:\/\/dev.1office.co\/latvia\/lv\/product\/accountants-hourly-fee\/","title":{"rendered":"Gr\u0101matve\u017ea stundas maksa"},"content":{"rendered":"<div class=\"wpb-content-wrapper\"><p>[vc_row][vc_column]<div id=\"advanced-tabs-desc-wrap-4892\" class=\"ult_tabs product_tabs\" style=\" \" data-tabsstyle=\"style1\"\n data-titlebg=\"#ffffff\" data-titlecolor=\"#b6b8ba\" data-fullheight=\"off\"\n data-titlehoverbg=\"#ffffff\" data-titlehovercolor=\"#1d1e23\"\n data-rotatetabs=\"0\" data-responsivemode=\"Both\" data-animation=\"Slide\"\ndata-activetitle=\"#1d1e23\" data-activeicon=\"\" data-activebg=\"#ffffff\"  data-respmode=\"Tabs\" data-respwidth=\"400\" data-scroll = \"on\" data-activeindex=\"1\"><ul id=advanced-tabs-wrap-8328 class=\"ult_tabmenu style1 \" style=\"\"><li class=\"ult_tab_li  \" data-iconcolor=\"#74777b\" data-iconhover=\"#ffffff\" style=\"background-color:#ffffff;border-color:transparent;border-width:0px;border-style:solid;border-top-left-radius:8px;\">\n\t\t\t\t\t<a href=\"#1512642751410-8598a-c205\"  id=\"1512642751410-8598a-c205\"  style=\"color:#b6b8ba;; padding:15px; \" class=\"ult_a  \">\n\t\t\t\t\t     <span class=\"ult_tab_main Both \">\n\t\t\t\t\t \t\t <span class=\"ult_tab_section\">\n\t\t\t\t\t   \t\t\t<span  data-ultimate-target='#advanced-tabs-wrap-8328 .ult-span-text'  data-responsive-json-new='{\"font-size\":\"desktop:14px;\",\"line-height\":\"\"}'  class=\"ult-span-text no_icon ult_tab_display_text ult-responsive\" style=\"font-weight:bold;;\">APRAKSTS<\/span>\n\t\t\t\t\t   \t\t<\/span>\n\t\t\t\t\t\t<\/span>\n\t\t\t\t\t<\/a>\n\t\t\t\t\t<\/li><li class=\"ult_tab_li  product-faq\" data-iconcolor=\"#74777b\" data-iconhover=\"#ffffff\" style=\"background-color:#ffffff;border-color:transparent;border-width:0px;border-style:solid;border-top-right-radius:8px;\">\n\t\t\t\t\t<a href=\"#1512642751435-8598a-c205\"  id=\"1512642751435-8598a-c205\"  style=\"color:#b6b8ba;; padding:15px; \" class=\"ult_a  \">\n\t\t\t\t\t     <span class=\"ult_tab_main Both \">\n\t\t\t\t\t \t\t <span class=\"ult_tab_section\">\n\t\t\t\t\t   \t\t\t<span  data-ultimate-target='#advanced-tabs-wrap-8328 .ult-span-text'  data-responsive-json-new='{\"font-size\":\"desktop:14px;\",\"line-height\":\"\"}'  class=\"ult-span-text no_icon ult_tab_display_text ult-responsive\" style=\"font-weight:bold;;\">BUJ<\/span>\n\t\t\t\t\t   \t\t<\/span>\n\t\t\t\t\t\t<\/span>\n\t\t\t\t\t<\/a>\n\t\t\t\t\t<\/li><\/ul><div  data-ultimate-target='#advanced-tabs-desc-wrap-4892 .ult_tabcontent .ult_tab_min_contain  p'  data-responsive-json-new='{\"font-size\":\"\",\"line-height\":\"\"}' class=\"ult_tabcontent ult-responsive style1\" style=\"color:#74777b;\"><div class=\"ult_tab_min_contain \" >\n\t\t\t<div  class=\"ult_tabitemname\"  >\n\t\t\t\t[vc_column_text]Gr\u0101matved\u012bbas \u0101rpakalpojumi ir lielisks risin\u0101jums tiem uz\u0146\u0113mumiem, kuriem nav nepiecie\u0161ams algot pilna laika gr\u0101matvedi, bet kuri t\u0101pat v\u0113las ieg\u016bt visas starptautiski pieredz\u0113ju\u0161u gr\u0101matve\u017eu sniegt\u0101s priek\u0161roc\u012bbas.<\/p>\n<p><strong>Pakalpojum\u0101 iek\u013cauts:<\/strong><\/p>\n<ul>\n<li>Klientu dokumentu apstr\u0101de<\/li>\n<li>Gr\u0101matved\u012bbas un debitoru par\u0101du uzskaite<\/li>\n<li>Nodok\u013cu deklar\u0101ciju iesnieg\u0161ana<\/li>\n<li>Algu administr\u0113\u0161ana<\/li>\n<li>Akt\u012bvu uzskaite<\/li>\n<li>Finan\u0161u p\u0101rskatu sagatavo\u0161ana<\/li>\n<\/ul>\n<p><strong>Pirmais maks\u0101jums 50 \u20ac apm\u0113r\u0101 ir priek\u0161apmaksa gr\u0101matve\u017eu pirmajai darba stundai, un t\u0101 parasti iek\u013cauj:<\/strong><\/p>\n<ul>\n<li>J\u016bsu uz\u0146\u0113muma dokumentu apstr\u0101de<\/li>\n<li>Uz\u0146\u0113muma inform\u0101cijas ievad\u012b\u0161ana gr\u0101matved\u012bbas programmat\u016br\u0101<\/li>\n<li>Nor\u0101d\u012bjumi par nepiecie\u0161amo piek\u013cuvi u.c<\/li>\n<li>N\u0101kamie gr\u0101matved\u012bbas pakalpojumu r\u0113\u0137ini tiek izsniegti reizi m\u0113nes\u012b, apr\u0113\u0137in\u0101ti ar 15 min\u016b\u0161u precizit\u0101ti, un minim\u0101l\u0101 pakalpojuma m\u0113ne\u0161a maksa ir 50 \u20ac.<\/li>\n<\/ul>\n<p>M\u0113s pie\u0146emam un str\u0101d\u0101jam ar dokumentiem latvie\u0161u, krievu un ang\u013cu valod\u0101.[\/vc_column_text]\n\t\t\t<\/div>\n\t\t\t<div  class=\"ult_tabitemname\"  >\n\t\t\t\t[vc_toggle title=&#8221;1. Vai gr\u0101matved\u012bba oblig\u0101ti j\u0101veic katru m\u0113nesi?&#8221; style=&#8221;arrow&#8221; open=&#8221;true&#8221; custom_font_container=&#8221;tag:h5|text_align:left&#8221; custom_use_theme_fonts=&#8221;yes&#8221; use_custom_heading=&#8221;true&#8221;]Uz\u0146\u0113muma ir j\u0101iesniedz ikm\u0113nes\u0101 deklar\u0101cijas, ja uz\u0146\u0113mumam ir PVN maks\u0101t\u0101ja numurs (oblig\u0101ts tiem uz\u0146\u0113mumiem, kuru apgroz\u012bjums ES ir liel\u0101ks par 40 000 \u20ac) vai ja uz\u0146\u0113mums maks\u0101 darbiniekiem algas.<br \/>\nJa J\u016bsu uz\u0146\u0113mumam nav ikm\u0113ne\u0161a maks\u0101jumu, pirkumu, r\u0113\u0137inu vai PVN maks\u0101t\u0101ja numura, tad pietiek ar to, ka gr\u0101matved\u012bbas p\u0101rskatu veic vismaz vienu reizi gad\u0101 un tiek iesniegts gada p\u0101rskats.[\/vc_toggle]\n\t\t\t<\/div><\/div><\/div><\/div><div class=\"ult_acord advanced-tabs-desc-wrap-4892\">\n   <div class=\"ult-tabto-accordion \" style=\"width:;\"\n    data-titlecolor=\"#b6b8ba\"  data-titlebg=\"#ffffff\"\n     data-titlehoverbg=\"#ffffff\" data-titlehovercolor=\"#1d1e23\" data-animation=\"Slide\"\n     data-activetitle=\"#1d1e23\" data-activeicon=\"\" data-activebg=\"#ffffff\" data-scroll = \"on\" data-activeindex=\"1\" >\n     <dl><dt class=\"\">\n\t        \t<a class=\"ult-tabto-actitle withBorder ult_a \" id=\"1512642751410-8598a-c205\" style=\"color:#b6b8ba;;background-color:#ffffff;border-bottom-color:transparent;border-bottom-width:0px;border-bottom-style:solid;\" href=\"#1512642751410-8598a-c205\">\n\t        \t\t<i class=\"accordion-icon\"><\/i>\n\t        \t\t\t<span class=\"ult_tab_main ult_ac_main ult_noacordicnBoth\">\n\n\t\t\t\t\t\t<span  data-ultimate-target='#advanced-tabs-wrap-8328 .ult-span-text'  data-responsive-json-new='{\"font-size\":\"desktop:14px;\",\"line-height\":\"\"}'  class=\"ult-span-text no_icon ult_acordian-text ult-responsive\" style=\"font-weight:bold;;color:inherit \" >APRAKSTS<\/span>\n\t\t\t\t\t\t<\/span><\/a><\/dt>\n\t            \t\t<dd class=\"ult-tabto-accordionItem ult-tabto-accolapsed\">\n\t\t\t\t            <div class=\"ult-tabto-acontent\" style=\"color:#74777b;\">\n\t\t\t\t               [vc_column_text]Gr\u0101matved\u012bbas \u0101rpakalpojumi ir lielisks risin\u0101jums tiem uz\u0146\u0113mumiem, kuriem nav nepiecie\u0161ams algot pilna laika gr\u0101matvedi, bet kuri t\u0101pat v\u0113las ieg\u016bt visas starptautiski pieredz\u0113ju\u0161u gr\u0101matve\u017eu sniegt\u0101s priek\u0161roc\u012bbas.<\/p>\n<p><strong>Pakalpojum\u0101 iek\u013cauts:<\/strong><\/p>\n<ul>\n<li>Klientu dokumentu apstr\u0101de<\/li>\n<li>Gr\u0101matved\u012bbas un debitoru par\u0101du uzskaite<\/li>\n<li>Nodok\u013cu deklar\u0101ciju iesnieg\u0161ana<\/li>\n<li>Algu administr\u0113\u0161ana<\/li>\n<li>Akt\u012bvu uzskaite<\/li>\n<li>Finan\u0161u p\u0101rskatu sagatavo\u0161ana<\/li>\n<\/ul>\n<p><strong>Pirmais maks\u0101jums 50 \u20ac apm\u0113r\u0101 ir priek\u0161apmaksa gr\u0101matve\u017eu pirmajai darba stundai, un t\u0101 parasti iek\u013cauj:<\/strong><\/p>\n<ul>\n<li>J\u016bsu uz\u0146\u0113muma dokumentu apstr\u0101de<\/li>\n<li>Uz\u0146\u0113muma inform\u0101cijas ievad\u012b\u0161ana gr\u0101matved\u012bbas programmat\u016br\u0101<\/li>\n<li>Nor\u0101d\u012bjumi par nepiecie\u0161amo piek\u013cuvi u.c<\/li>\n<li>N\u0101kamie gr\u0101matved\u012bbas pakalpojumu r\u0113\u0137ini tiek izsniegti reizi m\u0113nes\u012b, apr\u0113\u0137in\u0101ti ar 15 min\u016b\u0161u precizit\u0101ti, un minim\u0101l\u0101 pakalpojuma m\u0113ne\u0161a maksa ir 50 \u20ac.<\/li>\n<\/ul>\n<p>M\u0113s pie\u0146emam un str\u0101d\u0101jam ar dokumentiem latvie\u0161u, krievu un ang\u013cu valod\u0101.[\/vc_column_text]\n\t\t\t\t            <\/div>\n\t        \t\t\t<\/dd><dt class=\"product-faq\">\n\t        \t<a class=\"ult-tabto-actitle withBorder ult_a \" id=\"1512642751435-8598a-c205\" style=\"color:#b6b8ba;;background-color:#ffffff;border-bottom-color:transparent;border-bottom-width:0px;border-bottom-style:solid;border-bottom-color:transparent;border-bottom-width:0px;border-bottom-style:solid;\" href=\"#1512642751435-8598a-c205\">\n\t        \t\t<i class=\"accordion-icon\"><\/i>\n\t        \t\t\t<span class=\"ult_tab_main ult_ac_main ult_noacordicnBoth\">\n\n\t\t\t\t\t\t<span  data-ultimate-target='#advanced-tabs-wrap-8328 .ult-span-text'  data-responsive-json-new='{\"font-size\":\"desktop:14px;\",\"line-height\":\"\"}'  class=\"ult-span-text no_icon ult_acordian-text ult-responsive\" style=\"font-weight:bold;;color:inherit \" >BUJ<\/span>\n\t\t\t\t\t\t<\/span><\/a><\/dt>\n\t            \t\t<dd class=\"ult-tabto-accordionItem ult-tabto-accolapsed\">\n\t\t\t\t            <div class=\"ult-tabto-acontent\" style=\"color:#74777b;\">\n\t\t\t\t               [vc_toggle title=&#8221;1. Vai gr\u0101matved\u012bba oblig\u0101ti j\u0101veic katru m\u0113nesi?&#8221; style=&#8221;arrow&#8221; open=&#8221;true&#8221; custom_font_container=&#8221;tag:h5|text_align:left&#8221; custom_use_theme_fonts=&#8221;yes&#8221; use_custom_heading=&#8221;true&#8221;]Uz\u0146\u0113muma ir j\u0101iesniedz ikm\u0113nes\u0101 deklar\u0101cijas, ja uz\u0146\u0113mumam ir PVN maks\u0101t\u0101ja numurs (oblig\u0101ts tiem uz\u0146\u0113mumiem, kuru apgroz\u012bjums ES ir liel\u0101ks par 40 000 \u20ac) vai ja uz\u0146\u0113mums maks\u0101 darbiniekiem algas.<br \/>\nJa J\u016bsu uz\u0146\u0113mumam nav ikm\u0113ne\u0161a maks\u0101jumu, pirkumu, r\u0113\u0137inu vai PVN maks\u0101t\u0101ja numura, tad pietiek ar to, ka gr\u0101matved\u012bbas p\u0101rskatu veic vismaz vienu reizi gad\u0101 un tiek iesniegts gada p\u0101rskats.[\/vc_toggle]\n\t\t\t\t            <\/div>\n\t        \t\t\t<\/dd>\n    \t<\/dl>\n    <!--<div class=\"extraborder\" style=\"background-color:#ffffff\"><\/div>-->\n<\/div>\n\n<\/div>[\/vc_column][\/vc_row]<\/p>\n<\/div>","protected":false},"excerpt":{"rendered":"<p>\u013baujiet speci\u0101listiem par\u016bp\u0113ties par J\u016bsu uz\u0146\u0113muma gr\u0101matved\u012bbu, lai J\u016bs var\u0113tu koncentr\u0113ties tikai uz sava uz\u0146\u0113muma darb\u012bbu. Prec\u012bzs darba apjoms un nepiecie\u0161am\u0101s gr\u0101matved\u012bbas darb\u012bbas tiek individu\u0101li saska\u0146otas ar katru klientu.<\/p>\n","protected":false},"featured_media":53868,"template":"","meta":{"_acf_changed":false,"inline_featured_image":false},"product_brand":[],"product_cat":[343],"product_tag":[344],"class_list":{"0":"post-57803","1":"product","2":"type-product","3":"status-publish","4":"has-post-thumbnail","6":"product_cat-accounting-lv","7":"product_tag-latvia-lv","8":"description-off","10":"first","11":"instock","12":"taxable","13":"shipping-taxable","14":"purchasable","15":"product-type-simple"},"bundled_by":[],"bundle_stock_status":"instock","bundle_stock_quantity":null,"bundle_virtual":false,"bundle_layout":"","bundle_add_to_cart_form_location":"","bundle_editable_in_cart":false,"bundle_sold_individually_context":"","bundle_item_grouping":"","bundle_min_size":"","bundle_max_size":"","bundle_price":[],"bundled_items":[],"bundle_sell_ids":[],"acf":[],"yoast_head":"<!-- This site is optimized with the Yoast SEO plugin v23.0 - https:\/\/yoast.com\/wordpress\/plugins\/seo\/ -->\n<title>Gr\u0101matve\u017ea stundas maksa - 1Office Latvia<\/title>\n<meta name=\"description\" content=\"Outsourcing accounting services is a good solution for companies who don\u2019t need to employ a full-time accountant, but still want to get all the perks of an accountant with international experience.\" \/>\n<meta name=\"robots\" content=\"noindex, follow, max-snippet:-1, max-image-preview:large, max-video-preview:-1\" \/>\n<meta property=\"og:locale\" content=\"lv_LV\" \/>\n<meta property=\"og:type\" content=\"article\" \/>\n<meta property=\"og:title\" content=\"Gr\u0101matve\u017ea stundas maksa - 1Office Latvia\" \/>\n<meta property=\"og:description\" content=\"Outsourcing accounting services is a good solution for companies who don\u2019t need to employ a full-time accountant, but still want to get all the perks of an accountant with international experience.\" \/>\n<meta property=\"og:url\" content=\"https:\/\/dev.1office.co\/latvia\/lv\/product\/accountants-hourly-fee\/\" \/>\n<meta property=\"og:site_name\" content=\"1Office Latvia\" \/>\n<meta property=\"article:modified_time\" content=\"2021-02-02T11:29:09+00:00\" \/>\n<meta property=\"og:image\" content=\"https:\/\/dev.1office.co\/latvia\/wp-content\/uploads\/sites\/11\/2017\/04\/accounting.jpg\" \/>\n\t<meta property=\"og:image:width\" content=\"1200\" \/>\n\t<meta property=\"og:image:height\" content=\"518\" \/>\n\t<meta property=\"og:image:type\" content=\"image\/jpeg\" \/>\n<meta name=\"twitter:card\" content=\"summary_large_image\" \/>\n<meta name=\"twitter:label1\" content=\"Est. reading time\" \/>\n\t<meta name=\"twitter:data1\" content=\"2 minutes\" \/>\n<script type=\"application\/ld+json\" class=\"yoast-schema-graph\">{\"@context\":\"https:\/\/schema.org\",\"@graph\":[{\"@type\":\"WebPage\",\"@id\":\"https:\/\/dev.1office.co\/latvia\/lv\/product\/accountants-hourly-fee\/\",\"url\":\"https:\/\/dev.1office.co\/latvia\/lv\/product\/accountants-hourly-fee\/\",\"name\":\"Gr\u0101matve\u017ea stundas maksa - 1Office Latvia\",\"isPartOf\":{\"@id\":\"https:\/\/dev.1office.co\/latvia\/#website\"},\"primaryImageOfPage\":{\"@id\":\"https:\/\/dev.1office.co\/latvia\/lv\/product\/accountants-hourly-fee\/#primaryimage\"},\"image\":{\"@id\":\"https:\/\/dev.1office.co\/latvia\/lv\/product\/accountants-hourly-fee\/#primaryimage\"},\"thumbnailUrl\":\"https:\/\/dev.1office.co\/latvia\/wp-content\/uploads\/sites\/11\/2017\/04\/accounting.jpg\",\"datePublished\":\"2017-08-10T10:40:14+00:00\",\"dateModified\":\"2021-02-02T11:29:09+00:00\",\"description\":\"Outsourcing accounting services is a good solution for companies who don\u2019t need to employ a full-time accountant, but still want to get all the perks of an accountant with international experience.\",\"breadcrumb\":{\"@id\":\"https:\/\/dev.1office.co\/latvia\/lv\/product\/accountants-hourly-fee\/#breadcrumb\"},\"inLanguage\":\"lv-LV\",\"potentialAction\":[{\"@type\":\"ReadAction\",\"target\":[\"https:\/\/dev.1office.co\/latvia\/lv\/product\/accountants-hourly-fee\/\"]}]},{\"@type\":\"ImageObject\",\"inLanguage\":\"lv-LV\",\"@id\":\"https:\/\/dev.1office.co\/latvia\/lv\/product\/accountants-hourly-fee\/#primaryimage\",\"url\":\"https:\/\/dev.1office.co\/latvia\/wp-content\/uploads\/sites\/11\/2017\/04\/accounting.jpg\",\"contentUrl\":\"https:\/\/dev.1office.co\/latvia\/wp-content\/uploads\/sites\/11\/2017\/04\/accounting.jpg\",\"width\":1200,\"height\":518},{\"@type\":\"BreadcrumbList\",\"@id\":\"https:\/\/dev.1office.co\/latvia\/lv\/product\/accountants-hourly-fee\/#breadcrumb\",\"itemListElement\":[{\"@type\":\"ListItem\",\"position\":1,\"name\":\"Home\",\"item\":\"https:\/\/dev.1office.co\/latvia\/lv\/\"},{\"@type\":\"ListItem\",\"position\":2,\"name\":\"Shop\",\"item\":\"https:\/\/dev.1office.co\/latvia\/shop\/\"},{\"@type\":\"ListItem\",\"position\":3,\"name\":\"Gr\u0101matve\u017ea stundas maksa\"}]},{\"@type\":\"WebSite\",\"@id\":\"https:\/\/dev.1office.co\/latvia\/#website\",\"url\":\"https:\/\/dev.1office.co\/latvia\/\",\"name\":\"1Office Latvia\",\"description\":\"Making Business Simple\",\"potentialAction\":[{\"@type\":\"SearchAction\",\"target\":{\"@type\":\"EntryPoint\",\"urlTemplate\":\"https:\/\/dev.1office.co\/latvia\/?s={search_term_string}\"},\"query-input\":\"required name=search_term_string\"}],\"inLanguage\":\"lv-LV\"}]}<\/script>\n<!-- \/ Yoast SEO plugin. -->","yoast_head_json":{"title":"Gr\u0101matve\u017ea stundas maksa - 1Office Latvia","description":"Outsourcing accounting services is a good solution for companies who don\u2019t need to employ a full-time accountant, but still want to get all the perks of an accountant with international experience.","robots":{"index":"noindex","follow":"follow","max-snippet":"max-snippet:-1","max-image-preview":"max-image-preview:large","max-video-preview":"max-video-preview:-1"},"og_locale":"lv_LV","og_type":"article","og_title":"Gr\u0101matve\u017ea stundas maksa - 1Office Latvia","og_description":"Outsourcing accounting services is a good solution for companies who don\u2019t need to employ a full-time accountant, but still want to get all the perks of an accountant with international experience.","og_url":"https:\/\/dev.1office.co\/latvia\/lv\/product\/accountants-hourly-fee\/","og_site_name":"1Office Latvia","article_modified_time":"2021-02-02T11:29:09+00:00","og_image":[{"width":1200,"height":518,"url":"https:\/\/dev.1office.co\/latvia\/wp-content\/uploads\/sites\/11\/2017\/04\/accounting.jpg","type":"image\/jpeg"}],"twitter_card":"summary_large_image","twitter_misc":{"Est. reading time":"2 minutes"},"schema":{"@context":"https:\/\/schema.org","@graph":[{"@type":"WebPage","@id":"https:\/\/dev.1office.co\/latvia\/lv\/product\/accountants-hourly-fee\/","url":"https:\/\/dev.1office.co\/latvia\/lv\/product\/accountants-hourly-fee\/","name":"Gr\u0101matve\u017ea stundas maksa - 1Office Latvia","isPartOf":{"@id":"https:\/\/dev.1office.co\/latvia\/#website"},"primaryImageOfPage":{"@id":"https:\/\/dev.1office.co\/latvia\/lv\/product\/accountants-hourly-fee\/#primaryimage"},"image":{"@id":"https:\/\/dev.1office.co\/latvia\/lv\/product\/accountants-hourly-fee\/#primaryimage"},"thumbnailUrl":"https:\/\/dev.1office.co\/latvia\/wp-content\/uploads\/sites\/11\/2017\/04\/accounting.jpg","datePublished":"2017-08-10T10:40:14+00:00","dateModified":"2021-02-02T11:29:09+00:00","description":"Outsourcing accounting services is a good solution for companies who don\u2019t need to employ a full-time accountant, but still want to get all the perks of an accountant with international experience.","breadcrumb":{"@id":"https:\/\/dev.1office.co\/latvia\/lv\/product\/accountants-hourly-fee\/#breadcrumb"},"inLanguage":"lv-LV","potentialAction":[{"@type":"ReadAction","target":["https:\/\/dev.1office.co\/latvia\/lv\/product\/accountants-hourly-fee\/"]}]},{"@type":"ImageObject","inLanguage":"lv-LV","@id":"https:\/\/dev.1office.co\/latvia\/lv\/product\/accountants-hourly-fee\/#primaryimage","url":"https:\/\/dev.1office.co\/latvia\/wp-content\/uploads\/sites\/11\/2017\/04\/accounting.jpg","contentUrl":"https:\/\/dev.1office.co\/latvia\/wp-content\/uploads\/sites\/11\/2017\/04\/accounting.jpg","width":1200,"height":518},{"@type":"BreadcrumbList","@id":"https:\/\/dev.1office.co\/latvia\/lv\/product\/accountants-hourly-fee\/#breadcrumb","itemListElement":[{"@type":"ListItem","position":1,"name":"Home","item":"https:\/\/dev.1office.co\/latvia\/lv\/"},{"@type":"ListItem","position":2,"name":"Shop","item":"https:\/\/dev.1office.co\/latvia\/shop\/"},{"@type":"ListItem","position":3,"name":"Gr\u0101matve\u017ea stundas maksa"}]},{"@type":"WebSite","@id":"https:\/\/dev.1office.co\/latvia\/#website","url":"https:\/\/dev.1office.co\/latvia\/","name":"1Office Latvia","description":"Making Business Simple","potentialAction":[{"@type":"SearchAction","target":{"@type":"EntryPoint","urlTemplate":"https:\/\/dev.1office.co\/latvia\/?s={search_term_string}"},"query-input":"required name=search_term_string"}],"inLanguage":"lv-LV"}]}},"_links":{"self":[{"href":"https:\/\/dev.1office.co\/latvia\/lv\/wp-json\/wp\/v2\/product\/57803","targetHints":{"allow":["GET"]}}],"collection":[{"href":"https:\/\/dev.1office.co\/latvia\/lv\/wp-json\/wp\/v2\/product"}],"about":[{"href":"https:\/\/dev.1office.co\/latvia\/lv\/wp-json\/wp\/v2\/types\/product"}],"wp:featuredmedia":[{"embeddable":true,"href":"https:\/\/dev.1office.co\/latvia\/lv\/wp-json\/wp\/v2\/media\/53868"}],"wp:attachment":[{"href":"https:\/\/dev.1office.co\/latvia\/lv\/wp-json\/wp\/v2\/media?parent=57803"}],"wp:term":[{"taxonomy":"product_brand","embeddable":true,"href":"https:\/\/dev.1office.co\/latvia\/lv\/wp-json\/wp\/v2\/product_brand?post=57803"},{"taxonomy":"product_cat","embeddable":true,"href":"https:\/\/dev.1office.co\/latvia\/lv\/wp-json\/wp\/v2\/product_cat?post=57803"},{"taxonomy":"product_tag","embeddable":true,"href":"https:\/\/dev.1office.co\/latvia\/lv\/wp-json\/wp\/v2\/product_tag?post=57803"}],"curies":[{"name":"wp","href":"https:\/\/api.w.org\/{rel}","templated":true}]}}