{"id":57846,"date":"2017-12-13T11:39:59","date_gmt":"2017-12-13T11:39:59","guid":{"rendered":"https:\/\/dev.1office.co\/latvia\/product\/vat-registration\/"},"modified":"2018-09-14T08:24:16","modified_gmt":"2018-09-14T08:24:16","slug":"vat-registration","status":"publish","type":"product","link":"https:\/\/dev.1office.co\/latvia\/fi\/tuote\/vat-registration\/","title":{"rendered":"Arvonlis\u00e4verovelvolliseksi rekister\u00f6ityminen alkaen"},"content":{"rendered":"<div class=\"wpb-content-wrapper\"><p>[vc_row][vc_column]<div id=\"advanced-tabs-desc-wrap-1595\" class=\"ult_tabs product_tabs\" style=\" \" data-tabsstyle=\"style1\"\n data-titlebg=\"#ffffff\" data-titlecolor=\"#b6b8ba\" data-fullheight=\"off\"\n data-titlehoverbg=\"#ffffff\" data-titlehovercolor=\"#1d1e23\"\n data-rotatetabs=\"0\" data-responsivemode=\"Both\" data-animation=\"Slide\"\ndata-activetitle=\"#1d1e23\" data-activeicon=\"\" data-activebg=\"#ffffff\"  data-respmode=\"Tabs\" data-respwidth=\"400\" data-scroll = \"on\" data-activeindex=\"1\"><ul id=advanced-tabs-wrap-1912 class=\"ult_tabmenu style1 \" style=\"\"><li class=\"ult_tab_li  \" data-iconcolor=\"#74777b\" data-iconhover=\"#ffffff\" style=\"background-color:#ffffff;border-color:transparent;border-width:0px;border-style:solid;border-top-left-radius:8px;\">\n\t\t\t\t\t<a href=\"#1512642751410-8cd24-3a01\"  id=\"1512642751410-8cd24-3a01\"  style=\"color:#b6b8ba;; padding:15px; \" class=\"ult_a  \">\n\t\t\t\t\t     <span class=\"ult_tab_main Both \">\n\t\t\t\t\t \t\t <span class=\"ult_tab_section\">\n\t\t\t\t\t   \t\t\t<span  data-ultimate-target='#advanced-tabs-wrap-1912 .ult-span-text'  data-responsive-json-new='{\"font-size\":\"desktop:14px;\",\"line-height\":\"\"}'  class=\"ult-span-text no_icon ult_tab_display_text ult-responsive\" style=\"font-weight:bold;;\">KUVAUS<\/span>\n\t\t\t\t\t   \t\t<\/span>\n\t\t\t\t\t\t<\/span>\n\t\t\t\t\t<\/a>\n\t\t\t\t\t<\/li><li class=\"ult_tab_li  product-faq\" data-iconcolor=\"#74777b\" data-iconhover=\"#ffffff\" style=\"background-color:#ffffff;border-color:transparent;border-width:0px;border-style:solid;border-top-right-radius:8px;\">\n\t\t\t\t\t<a href=\"#1512642751435-8cd24-3a01\"  id=\"1512642751435-8cd24-3a01\"  style=\"color:#b6b8ba;; padding:15px; \" class=\"ult_a  \">\n\t\t\t\t\t     <span class=\"ult_tab_main Both \">\n\t\t\t\t\t \t\t <span class=\"ult_tab_section\">\n\t\t\t\t\t   \t\t\t<span  data-ultimate-target='#advanced-tabs-wrap-1912 .ult-span-text'  data-responsive-json-new='{\"font-size\":\"desktop:14px;\",\"line-height\":\"\"}'  class=\"ult-span-text no_icon ult_tab_display_text ult-responsive\" style=\"font-weight:bold;;\">USEIN KYSYTYT<\/span>\n\t\t\t\t\t   \t\t<\/span>\n\t\t\t\t\t\t<\/span>\n\t\t\t\t\t<\/a>\n\t\t\t\t\t<\/li><\/ul><div  data-ultimate-target='#advanced-tabs-desc-wrap-1595 .ult_tabcontent .ult_tab_min_contain  p'  data-responsive-json-new='{\"font-size\":\"\",\"line-height\":\"\"}' class=\"ult_tabcontent ult-responsive style1\" style=\"color:#74777b;\"><div class=\"ult_tab_min_contain \" >\n\t\t\t<div  class=\"ult_tabitemname\"  >\n\t\t\t\t[vc_column_text]Alv-numeron saamiseksi Latviassa vaaditaan, ett\u00e4 yrityksell\u00e4 on todellista liiketoimintaa Latviassa. Mik\u00e4li hallituksen j\u00e4sen on ulkomaalainen, voi verovirasto suorittaa t\u00e4ydent\u00e4v\u00e4n taustatarkistuksen.<\/p>\n<p><strong>Hintaan sis\u00e4ltyy:<\/strong><\/p>\n<ul>\n<li>Hakemuksen t\u00e4ytt\u00e4minen yrityksen tiedoilla<\/li>\n<li>Hakemuksen esitt\u00e4minen verovirastolle (State Revenue Service)<\/li>\n<li>Enint\u00e4\u00e4n kaksi tuntia kirjanpit\u00e4j\u00e4n ty\u00f6aikaa verovirastossa<\/li>\n<li>Positiivisen p\u00e4\u00e4t\u00f6ksen j\u00e4lkeen merkit\u00e4\u00e4n yritys arvonlis\u00e4verovelvollisten rekisteriin<\/li>\n<\/ul>\n<p>Verovirasto tekee p\u00e4\u00e4t\u00f6ksen alv-numeron my\u00f6nt\u00e4misest\u00e4 15 ty\u00f6p\u00e4iv\u00e4n kuluessa hakemuksen esitt\u00e4misest\u00e4.<\/p>\n<p>Huom.! Arvonlis\u00e4verovelvollisen on esitett\u00e4v\u00e4 kuukausittaiset veroilmoitukset my\u00f6s siin\u00e4 tapauksessa, ettei yrityksell\u00e4 ole ollut sin\u00e4 ajanjaksona mit\u00e4\u00e4n toimintaa.<\/p>\n<p>Alv-velvolliseksi rekister\u00f6idytt\u00e4ess\u00e4 on hallituksen j\u00e4senen k\u00e4yt\u00e4v\u00e4 henkil\u00f6kohtaisesti verovirastossa tai valtuutettava 1Officen edustaja toimimaan omasta puolestaan lis\u00e4maksua vastaan.[\/vc_column_text]\n\t\t\t<\/div>\n\t\t\t<div  class=\"ult_tabitemname\"  >\n\t\t\t\t[vc_toggle title=&#8221;1) Mit\u00e4 taustatarkistus tarkoittaa?&#8221; style=&#8221;arrow&#8221; open=&#8221;true&#8221; custom_font_container=&#8221;tag:h5|text_align:left&#8221; custom_use_theme_fonts=&#8221;yes&#8221; use_custom_heading=&#8221;true&#8221;]Verovirasto voi kutsua hallituksen j\u00e4senen henkil\u00f6kohtaisesti toimistoon tai vierailla rekister\u00f6idyss\u00e4 yrityksen osoitteessa.<br \/>\nOn mahdollista, ett\u00e4 pyydet\u00e4\u00e4n my\u00f6s henkil\u00f6kohtaisen pankkitilin otetta. Ellei sen esitt\u00e4minen lain mukaan ole pakollista, suositamme kuitenkin esitt\u00e4m\u00e4\u00e4n sen rekister\u00f6imisen onnistumiseksi.[\/vc_toggle]\n\t\t\t<\/div><\/div><\/div><\/div><div class=\"ult_acord advanced-tabs-desc-wrap-1595\">\n   <div class=\"ult-tabto-accordion \" style=\"width:;\"\n    data-titlecolor=\"#b6b8ba\"  data-titlebg=\"#ffffff\"\n     data-titlehoverbg=\"#ffffff\" data-titlehovercolor=\"#1d1e23\" data-animation=\"Slide\"\n     data-activetitle=\"#1d1e23\" data-activeicon=\"\" data-activebg=\"#ffffff\" data-scroll = \"on\" data-activeindex=\"1\" >\n     <dl><dt class=\"\">\n\t        \t<a class=\"ult-tabto-actitle withBorder ult_a \" id=\"1512642751410-8cd24-3a01\" style=\"color:#b6b8ba;;background-color:#ffffff;border-bottom-color:transparent;border-bottom-width:0px;border-bottom-style:solid;\" href=\"#1512642751410-8cd24-3a01\">\n\t        \t\t<i class=\"accordion-icon\"><\/i>\n\t        \t\t\t<span class=\"ult_tab_main ult_ac_main ult_noacordicnBoth\">\n\n\t\t\t\t\t\t<span  data-ultimate-target='#advanced-tabs-wrap-1912 .ult-span-text'  data-responsive-json-new='{\"font-size\":\"desktop:14px;\",\"line-height\":\"\"}'  class=\"ult-span-text no_icon ult_acordian-text ult-responsive\" style=\"font-weight:bold;;color:inherit \" >KUVAUS<\/span>\n\t\t\t\t\t\t<\/span><\/a><\/dt>\n\t            \t\t<dd class=\"ult-tabto-accordionItem ult-tabto-accolapsed\">\n\t\t\t\t            <div class=\"ult-tabto-acontent\" style=\"color:#74777b;\">\n\t\t\t\t               [vc_column_text]Alv-numeron saamiseksi Latviassa vaaditaan, ett\u00e4 yrityksell\u00e4 on todellista liiketoimintaa Latviassa. Mik\u00e4li hallituksen j\u00e4sen on ulkomaalainen, voi verovirasto suorittaa t\u00e4ydent\u00e4v\u00e4n taustatarkistuksen.<\/p>\n<p><strong>Hintaan sis\u00e4ltyy:<\/strong><\/p>\n<ul>\n<li>Hakemuksen t\u00e4ytt\u00e4minen yrityksen tiedoilla<\/li>\n<li>Hakemuksen esitt\u00e4minen verovirastolle (State Revenue Service)<\/li>\n<li>Enint\u00e4\u00e4n kaksi tuntia kirjanpit\u00e4j\u00e4n ty\u00f6aikaa verovirastossa<\/li>\n<li>Positiivisen p\u00e4\u00e4t\u00f6ksen j\u00e4lkeen merkit\u00e4\u00e4n yritys arvonlis\u00e4verovelvollisten rekisteriin<\/li>\n<\/ul>\n<p>Verovirasto tekee p\u00e4\u00e4t\u00f6ksen alv-numeron my\u00f6nt\u00e4misest\u00e4 15 ty\u00f6p\u00e4iv\u00e4n kuluessa hakemuksen esitt\u00e4misest\u00e4.<\/p>\n<p>Huom.! Arvonlis\u00e4verovelvollisen on esitett\u00e4v\u00e4 kuukausittaiset veroilmoitukset my\u00f6s siin\u00e4 tapauksessa, ettei yrityksell\u00e4 ole ollut sin\u00e4 ajanjaksona mit\u00e4\u00e4n toimintaa.<\/p>\n<p>Alv-velvolliseksi rekister\u00f6idytt\u00e4ess\u00e4 on hallituksen j\u00e4senen k\u00e4yt\u00e4v\u00e4 henkil\u00f6kohtaisesti verovirastossa tai valtuutettava 1Officen edustaja toimimaan omasta puolestaan lis\u00e4maksua vastaan.[\/vc_column_text]\n\t\t\t\t            <\/div>\n\t        \t\t\t<\/dd><dt class=\"product-faq\">\n\t        \t<a class=\"ult-tabto-actitle withBorder ult_a \" id=\"1512642751435-8cd24-3a01\" style=\"color:#b6b8ba;;background-color:#ffffff;border-bottom-color:transparent;border-bottom-width:0px;border-bottom-style:solid;border-bottom-color:transparent;border-bottom-width:0px;border-bottom-style:solid;\" href=\"#1512642751435-8cd24-3a01\">\n\t        \t\t<i class=\"accordion-icon\"><\/i>\n\t        \t\t\t<span class=\"ult_tab_main ult_ac_main ult_noacordicnBoth\">\n\n\t\t\t\t\t\t<span  data-ultimate-target='#advanced-tabs-wrap-1912 .ult-span-text'  data-responsive-json-new='{\"font-size\":\"desktop:14px;\",\"line-height\":\"\"}'  class=\"ult-span-text no_icon ult_acordian-text ult-responsive\" style=\"font-weight:bold;;color:inherit \" >USEIN KYSYTYT<\/span>\n\t\t\t\t\t\t<\/span><\/a><\/dt>\n\t            \t\t<dd class=\"ult-tabto-accordionItem ult-tabto-accolapsed\">\n\t\t\t\t            <div class=\"ult-tabto-acontent\" style=\"color:#74777b;\">\n\t\t\t\t               [vc_toggle title=&#8221;1) Mit\u00e4 taustatarkistus tarkoittaa?&#8221; style=&#8221;arrow&#8221; open=&#8221;true&#8221; custom_font_container=&#8221;tag:h5|text_align:left&#8221; custom_use_theme_fonts=&#8221;yes&#8221; use_custom_heading=&#8221;true&#8221;]Verovirasto voi kutsua hallituksen j\u00e4senen henkil\u00f6kohtaisesti toimistoon tai vierailla rekister\u00f6idyss\u00e4 yrityksen osoitteessa.<br \/>\nOn mahdollista, ett\u00e4 pyydet\u00e4\u00e4n my\u00f6s henkil\u00f6kohtaisen pankkitilin otetta. Ellei sen esitt\u00e4minen lain mukaan ole pakollista, suositamme kuitenkin esitt\u00e4m\u00e4\u00e4n sen rekister\u00f6imisen onnistumiseksi.[\/vc_toggle]\n\t\t\t\t            <\/div>\n\t        \t\t\t<\/dd>\n    \t<\/dl>\n    <!--<div class=\"extraborder\" style=\"background-color:#ffffff\"><\/div>-->\n<\/div>\n\n<\/div>[\/vc_column][\/vc_row]<\/p>\n<\/div>","protected":false},"excerpt":{"rendered":"<p>Latvian lakien mukaan on pakollista rekister\u00f6id\u00e4 yritys arvonlis\u00e4verovelvolliseksi, kun verotettava liikevaihto on yli 40 000 euroa vuodessa.<\/p>\n","protected":false},"featured_media":57375,"template":"","meta":{"_acf_changed":false,"inline_featured_image":false},"product_brand":[],"product_cat":[372],"product_tag":[373],"class_list":{"0":"post-57846","1":"product","2":"type-product","3":"status-publish","4":"has-post-thumbnail","6":"product_cat-accounting-fi","7":"product_tag-latvia-fi","8":"description-off","10":"first","11":"instock","12":"virtual","13":"taxable","14":"purchasable","15":"product-type-simple"},"bundled_by":[],"bundle_stock_status":"instock","bundle_stock_quantity":null,"bundle_virtual":false,"bundle_layout":"","bundle_add_to_cart_form_location":"","bundle_editable_in_cart":false,"bundle_sold_individually_context":"","bundle_item_grouping":"","bundle_min_size":"","bundle_max_size":"","bundle_price":[],"bundled_items":[],"bundle_sell_ids":[],"acf":[],"yoast_head":"<!-- This site is optimized with the Yoast SEO plugin v23.0 - https:\/\/yoast.com\/wordpress\/plugins\/seo\/ -->\n<title>Arvonlis\u00e4verovelvolliseksi rekister\u00f6ityminen alkaen - 1Office Latvia<\/title>\n<meta name=\"description\" content=\"In Latvia a company has to be registered as VAT payer when the company\u2019s taxable annual turnover in EU exceeds 40 000 euros.\" \/>\n<meta name=\"robots\" content=\"noindex, follow, max-snippet:-1, max-image-preview:large, max-video-preview:-1\" \/>\n<meta property=\"og:locale\" content=\"fi_FI\" \/>\n<meta property=\"og:type\" content=\"article\" \/>\n<meta property=\"og:title\" content=\"Arvonlis\u00e4verovelvolliseksi rekister\u00f6ityminen alkaen - 1Office Latvia\" \/>\n<meta property=\"og:description\" content=\"In Latvia a company has to be registered as VAT payer when the company\u2019s taxable annual turnover in EU exceeds 40 000 euros.\" \/>\n<meta property=\"og:url\" content=\"https:\/\/dev.1office.co\/latvia\/fi\/tuote\/vat-registration\/\" \/>\n<meta property=\"og:site_name\" content=\"1Office Latvia\" \/>\n<meta property=\"article:modified_time\" content=\"2018-09-14T08:24:16+00:00\" \/>\n<meta property=\"og:image\" content=\"https:\/\/dev.1office.co\/latvia\/wp-content\/uploads\/sites\/11\/2017\/12\/money-gold-coins-finance.jpg\" \/>\n\t<meta property=\"og:image:width\" content=\"1920\" \/>\n\t<meta property=\"og:image:height\" content=\"1271\" \/>\n\t<meta property=\"og:image:type\" content=\"image\/jpeg\" \/>\n<meta name=\"twitter:card\" content=\"summary_large_image\" \/>\n<meta name=\"twitter:label1\" content=\"Arvioitu lukuaika\" \/>\n\t<meta name=\"twitter:data1\" content=\"2 minuuttia\" \/>\n<script type=\"application\/ld+json\" class=\"yoast-schema-graph\">{\"@context\":\"https:\/\/schema.org\",\"@graph\":[{\"@type\":\"WebPage\",\"@id\":\"https:\/\/dev.1office.co\/latvia\/fi\/tuote\/vat-registration\/\",\"url\":\"https:\/\/dev.1office.co\/latvia\/fi\/tuote\/vat-registration\/\",\"name\":\"Arvonlis\u00e4verovelvolliseksi rekister\u00f6ityminen alkaen - 1Office Latvia\",\"isPartOf\":{\"@id\":\"https:\/\/dev.1office.co\/latvia\/#website\"},\"primaryImageOfPage\":{\"@id\":\"https:\/\/dev.1office.co\/latvia\/fi\/tuote\/vat-registration\/#primaryimage\"},\"image\":{\"@id\":\"https:\/\/dev.1office.co\/latvia\/fi\/tuote\/vat-registration\/#primaryimage\"},\"thumbnailUrl\":\"https:\/\/dev.1office.co\/latvia\/wp-content\/uploads\/sites\/11\/2017\/12\/money-gold-coins-finance.jpg\",\"datePublished\":\"2017-12-13T11:39:59+00:00\",\"dateModified\":\"2018-09-14T08:24:16+00:00\",\"description\":\"In Latvia a company has to be registered as VAT payer when the company\u2019s taxable annual turnover in EU exceeds 40 000 euros.\",\"breadcrumb\":{\"@id\":\"https:\/\/dev.1office.co\/latvia\/fi\/tuote\/vat-registration\/#breadcrumb\"},\"inLanguage\":\"fi\",\"potentialAction\":[{\"@type\":\"ReadAction\",\"target\":[\"https:\/\/dev.1office.co\/latvia\/fi\/tuote\/vat-registration\/\"]}]},{\"@type\":\"ImageObject\",\"inLanguage\":\"fi\",\"@id\":\"https:\/\/dev.1office.co\/latvia\/fi\/tuote\/vat-registration\/#primaryimage\",\"url\":\"https:\/\/dev.1office.co\/latvia\/wp-content\/uploads\/sites\/11\/2017\/12\/money-gold-coins-finance.jpg\",\"contentUrl\":\"https:\/\/dev.1office.co\/latvia\/wp-content\/uploads\/sites\/11\/2017\/12\/money-gold-coins-finance.jpg\",\"width\":1920,\"height\":1271},{\"@type\":\"BreadcrumbList\",\"@id\":\"https:\/\/dev.1office.co\/latvia\/fi\/tuote\/vat-registration\/#breadcrumb\",\"itemListElement\":[{\"@type\":\"ListItem\",\"position\":1,\"name\":\"Home\",\"item\":\"https:\/\/dev.1office.co\/latvia\/fi\/\"},{\"@type\":\"ListItem\",\"position\":2,\"name\":\"Shop\",\"item\":\"https:\/\/dev.1office.co\/latvia\/shop\/\"},{\"@type\":\"ListItem\",\"position\":3,\"name\":\"Arvonlis\u00e4verovelvolliseksi rekister\u00f6ityminen alkaen\"}]},{\"@type\":\"WebSite\",\"@id\":\"https:\/\/dev.1office.co\/latvia\/#website\",\"url\":\"https:\/\/dev.1office.co\/latvia\/\",\"name\":\"1Office Latvia\",\"description\":\"Making Business Simple\",\"potentialAction\":[{\"@type\":\"SearchAction\",\"target\":{\"@type\":\"EntryPoint\",\"urlTemplate\":\"https:\/\/dev.1office.co\/latvia\/?s={search_term_string}\"},\"query-input\":\"required name=search_term_string\"}],\"inLanguage\":\"fi\"}]}<\/script>\n<!-- \/ Yoast SEO plugin. -->","yoast_head_json":{"title":"Arvonlis\u00e4verovelvolliseksi rekister\u00f6ityminen alkaen - 1Office Latvia","description":"In Latvia a company has to be registered as VAT payer when the company\u2019s taxable annual turnover in EU exceeds 40 000 euros.","robots":{"index":"noindex","follow":"follow","max-snippet":"max-snippet:-1","max-image-preview":"max-image-preview:large","max-video-preview":"max-video-preview:-1"},"og_locale":"fi_FI","og_type":"article","og_title":"Arvonlis\u00e4verovelvolliseksi rekister\u00f6ityminen alkaen - 1Office Latvia","og_description":"In Latvia a company has to be registered as VAT payer when the company\u2019s taxable annual turnover in EU exceeds 40 000 euros.","og_url":"https:\/\/dev.1office.co\/latvia\/fi\/tuote\/vat-registration\/","og_site_name":"1Office Latvia","article_modified_time":"2018-09-14T08:24:16+00:00","og_image":[{"width":1920,"height":1271,"url":"https:\/\/dev.1office.co\/latvia\/wp-content\/uploads\/sites\/11\/2017\/12\/money-gold-coins-finance.jpg","type":"image\/jpeg"}],"twitter_card":"summary_large_image","twitter_misc":{"Arvioitu lukuaika":"2 minuuttia"},"schema":{"@context":"https:\/\/schema.org","@graph":[{"@type":"WebPage","@id":"https:\/\/dev.1office.co\/latvia\/fi\/tuote\/vat-registration\/","url":"https:\/\/dev.1office.co\/latvia\/fi\/tuote\/vat-registration\/","name":"Arvonlis\u00e4verovelvolliseksi rekister\u00f6ityminen alkaen - 1Office Latvia","isPartOf":{"@id":"https:\/\/dev.1office.co\/latvia\/#website"},"primaryImageOfPage":{"@id":"https:\/\/dev.1office.co\/latvia\/fi\/tuote\/vat-registration\/#primaryimage"},"image":{"@id":"https:\/\/dev.1office.co\/latvia\/fi\/tuote\/vat-registration\/#primaryimage"},"thumbnailUrl":"https:\/\/dev.1office.co\/latvia\/wp-content\/uploads\/sites\/11\/2017\/12\/money-gold-coins-finance.jpg","datePublished":"2017-12-13T11:39:59+00:00","dateModified":"2018-09-14T08:24:16+00:00","description":"In Latvia a company has to be registered as VAT payer when the company\u2019s taxable annual turnover in EU exceeds 40 000 euros.","breadcrumb":{"@id":"https:\/\/dev.1office.co\/latvia\/fi\/tuote\/vat-registration\/#breadcrumb"},"inLanguage":"fi","potentialAction":[{"@type":"ReadAction","target":["https:\/\/dev.1office.co\/latvia\/fi\/tuote\/vat-registration\/"]}]},{"@type":"ImageObject","inLanguage":"fi","@id":"https:\/\/dev.1office.co\/latvia\/fi\/tuote\/vat-registration\/#primaryimage","url":"https:\/\/dev.1office.co\/latvia\/wp-content\/uploads\/sites\/11\/2017\/12\/money-gold-coins-finance.jpg","contentUrl":"https:\/\/dev.1office.co\/latvia\/wp-content\/uploads\/sites\/11\/2017\/12\/money-gold-coins-finance.jpg","width":1920,"height":1271},{"@type":"BreadcrumbList","@id":"https:\/\/dev.1office.co\/latvia\/fi\/tuote\/vat-registration\/#breadcrumb","itemListElement":[{"@type":"ListItem","position":1,"name":"Home","item":"https:\/\/dev.1office.co\/latvia\/fi\/"},{"@type":"ListItem","position":2,"name":"Shop","item":"https:\/\/dev.1office.co\/latvia\/shop\/"},{"@type":"ListItem","position":3,"name":"Arvonlis\u00e4verovelvolliseksi rekister\u00f6ityminen alkaen"}]},{"@type":"WebSite","@id":"https:\/\/dev.1office.co\/latvia\/#website","url":"https:\/\/dev.1office.co\/latvia\/","name":"1Office Latvia","description":"Making Business Simple","potentialAction":[{"@type":"SearchAction","target":{"@type":"EntryPoint","urlTemplate":"https:\/\/dev.1office.co\/latvia\/?s={search_term_string}"},"query-input":"required name=search_term_string"}],"inLanguage":"fi"}]}},"_links":{"self":[{"href":"https:\/\/dev.1office.co\/latvia\/fi\/wp-json\/wp\/v2\/product\/57846","targetHints":{"allow":["GET"]}}],"collection":[{"href":"https:\/\/dev.1office.co\/latvia\/fi\/wp-json\/wp\/v2\/product"}],"about":[{"href":"https:\/\/dev.1office.co\/latvia\/fi\/wp-json\/wp\/v2\/types\/product"}],"wp:featuredmedia":[{"embeddable":true,"href":"https:\/\/dev.1office.co\/latvia\/fi\/wp-json\/wp\/v2\/media\/57375"}],"wp:attachment":[{"href":"https:\/\/dev.1office.co\/latvia\/fi\/wp-json\/wp\/v2\/media?parent=57846"}],"wp:term":[{"taxonomy":"product_brand","embeddable":true,"href":"https:\/\/dev.1office.co\/latvia\/fi\/wp-json\/wp\/v2\/product_brand?post=57846"},{"taxonomy":"product_cat","embeddable":true,"href":"https:\/\/dev.1office.co\/latvia\/fi\/wp-json\/wp\/v2\/product_cat?post=57846"},{"taxonomy":"product_tag","embeddable":true,"href":"https:\/\/dev.1office.co\/latvia\/fi\/wp-json\/wp\/v2\/product_tag?post=57846"}],"curies":[{"name":"wp","href":"https:\/\/api.w.org\/{rel}","templated":true}]}}