{"id":57842,"date":"2017-08-10T10:40:14","date_gmt":"2017-08-10T10:40:14","guid":{"rendered":"https:\/\/dev.1office.co\/latvia\/product\/accountants-hourly-fee\/"},"modified":"2021-02-02T11:26:37","modified_gmt":"2021-02-02T11:26:37","slug":"accountants-hourly-fee","status":"publish","type":"product","link":"https:\/\/dev.1office.co\/latvia\/fi\/tuote\/accountants-hourly-fee\/","title":{"rendered":"Kirjanpitopalvelun tuntimaksu"},"content":{"rendered":"<div class=\"wpb-content-wrapper\"><p>[vc_row][vc_column]<div id=\"advanced-tabs-desc-wrap-8147\" class=\"ult_tabs product_tabs\" style=\" \" data-tabsstyle=\"style1\"\n data-titlebg=\"#ffffff\" data-titlecolor=\"#b6b8ba\" data-fullheight=\"off\"\n data-titlehoverbg=\"#ffffff\" data-titlehovercolor=\"#1d1e23\"\n data-rotatetabs=\"0\" data-responsivemode=\"Both\" data-animation=\"Slide\"\ndata-activetitle=\"#1d1e23\" data-activeicon=\"\" data-activebg=\"#ffffff\"  data-respmode=\"Tabs\" data-respwidth=\"400\" data-scroll = \"on\" data-activeindex=\"1\"><ul id=advanced-tabs-wrap-1010 class=\"ult_tabmenu style1 \" style=\"\"><li class=\"ult_tab_li  \" data-iconcolor=\"#74777b\" data-iconhover=\"#ffffff\" style=\"background-color:#ffffff;border-color:transparent;border-width:0px;border-style:solid;border-top-left-radius:8px;\">\n\t\t\t\t\t<a href=\"#1512642751410-8598a-c205\"  id=\"1512642751410-8598a-c205\"  style=\"color:#b6b8ba;; padding:15px; \" class=\"ult_a  \">\n\t\t\t\t\t     <span class=\"ult_tab_main Both \">\n\t\t\t\t\t \t\t <span class=\"ult_tab_section\">\n\t\t\t\t\t   \t\t\t<span  data-ultimate-target='#advanced-tabs-wrap-1010 .ult-span-text'  data-responsive-json-new='{\"font-size\":\"desktop:14px;\",\"line-height\":\"\"}'  class=\"ult-span-text no_icon ult_tab_display_text ult-responsive\" style=\"font-weight:bold;;\">KUVAUS<\/span>\n\t\t\t\t\t   \t\t<\/span>\n\t\t\t\t\t\t<\/span>\n\t\t\t\t\t<\/a>\n\t\t\t\t\t<\/li><li class=\"ult_tab_li  product-faq\" data-iconcolor=\"#74777b\" data-iconhover=\"#ffffff\" style=\"background-color:#ffffff;border-color:transparent;border-width:0px;border-style:solid;border-top-right-radius:8px;\">\n\t\t\t\t\t<a href=\"#1512642751435-8598a-c205\"  id=\"1512642751435-8598a-c205\"  style=\"color:#b6b8ba;; padding:15px; \" class=\"ult_a  \">\n\t\t\t\t\t     <span class=\"ult_tab_main Both \">\n\t\t\t\t\t \t\t <span class=\"ult_tab_section\">\n\t\t\t\t\t   \t\t\t<span  data-ultimate-target='#advanced-tabs-wrap-1010 .ult-span-text'  data-responsive-json-new='{\"font-size\":\"desktop:14px;\",\"line-height\":\"\"}'  class=\"ult-span-text no_icon ult_tab_display_text ult-responsive\" style=\"font-weight:bold;;\">USEIN KYSYTYT<\/span>\n\t\t\t\t\t   \t\t<\/span>\n\t\t\t\t\t\t<\/span>\n\t\t\t\t\t<\/a>\n\t\t\t\t\t<\/li><\/ul><div  data-ultimate-target='#advanced-tabs-desc-wrap-8147 .ult_tabcontent .ult_tab_min_contain  p'  data-responsive-json-new='{\"font-size\":\"\",\"line-height\":\"\"}' class=\"ult_tabcontent ult-responsive style1\" style=\"color:#74777b;\"><div class=\"ult_tab_min_contain \" >\n\t\t\t<div  class=\"ult_tabitemname\"  >\n\t\t\t\t[vc_column_text]Kirjanpitopalvelun ostaminen on hyv\u00e4 ratkaisu yrityksille, jotka eiv\u00e4t tarvitse kokop\u00e4iv\u00e4toimista kirjanpit\u00e4j\u00e4\u00e4, mutta haluavat kuitenkin k\u00e4ytt\u00e4\u00e4 kansainv\u00e4lisen kokemuksen omaavan kirjanpit\u00e4j\u00e4n taitoja.<\/p>\n<p><strong>Palveluun sis\u00e4ltyy:<\/strong><\/p>\n<p>Tositteiden k\u00e4sittely<br \/>\nP\u00e4\u00e4kirja<br \/>\nSelvitys saatavista ja velkasaatavista<br \/>\nVeroilmoituksen esitt\u00e4minen<br \/>\nPalkkalaskenta<br \/>\nVarojen laskenta<br \/>\nRahoitusraporttien laatiminen<br \/>\nEnsimm\u00e4inen maksu 50 \u20ac on ennakkomaksu kirjanpit\u00e4j\u00e4n ensimm\u00e4isest\u00e4 ty\u00f6tunnista, ja siihen sis\u00e4ltyy tavallisesti:<\/p>\n<p>Yrityksen asiakirjojen vastaanotto<br \/>\nYrityksen asentaminen kirjanpito-ohjelmaan<br \/>\nTarvittavien p\u00e4\u00e4syjen antaminen jne.<br \/>\nSeuraavat laskut kirjanpitopalveluista l\u00e4hetet\u00e4\u00e4n kuukausittain 15 minuutin tarkkuudella ja v\u00e4himm\u00e4ismaksu kuukaudelta on 50 \u20ac.<\/p>\n<p>Kirjanpitotositteet hyv\u00e4ksymme latvian-, ven\u00e4j\u00e4n- ja englanninkielisin\u00e4.[\/vc_column_text]\n\t\t\t<\/div>\n\t\t\t<div  class=\"ult_tabitemname\"  >\n\t\t\t\t[vc_toggle title=&#8221;1. Pit\u00e4\u00e4k\u00f6 kirjanpitoa tehd\u00e4 joka kuukausi?&#8221; style=&#8221;arrow&#8221; open=&#8221;true&#8221; custom_font_container=&#8221;tag:h5|text_align:left&#8221; custom_use_theme_fonts=&#8221;yes&#8221; use_custom_heading=&#8221;true&#8221;]Mik\u00e4li yritys on rekister\u00f6ity arvonlis\u00e4verovelvollisena (se on pakollista yrityksille, joiden liikevaihto EU:ssa on yli 40 000 \u20ac) tai joka maksaa ty\u00f6ntekij\u00e4lle palkkaa, on sen esitett\u00e4v\u00e4 selvitykset kuukausittain.<br \/>\nEllei yrityksell\u00e4 ole kuukausittaisia maksuja, osto- tai myyntilaskuja eik\u00e4 arvonlis\u00e4verotunnistetta, ei kuukausittainen kirjanpito ole pakollista ja riitt\u00e4\u00e4, kun tehd\u00e4\u00e4n koko kirjanpito ja tilinp\u00e4\u00e4t\u00f6s v\u00e4hint\u00e4\u00e4n kerran vuodessa.[\/vc_toggle]\n\t\t\t<\/div><\/div><\/div><\/div><div class=\"ult_acord advanced-tabs-desc-wrap-8147\">\n   <div class=\"ult-tabto-accordion \" style=\"width:;\"\n    data-titlecolor=\"#b6b8ba\"  data-titlebg=\"#ffffff\"\n     data-titlehoverbg=\"#ffffff\" data-titlehovercolor=\"#1d1e23\" data-animation=\"Slide\"\n     data-activetitle=\"#1d1e23\" data-activeicon=\"\" data-activebg=\"#ffffff\" data-scroll = \"on\" data-activeindex=\"1\" >\n     <dl><dt class=\"\">\n\t        \t<a class=\"ult-tabto-actitle withBorder ult_a \" id=\"1512642751410-8598a-c205\" style=\"color:#b6b8ba;;background-color:#ffffff;border-bottom-color:transparent;border-bottom-width:0px;border-bottom-style:solid;\" href=\"#1512642751410-8598a-c205\">\n\t        \t\t<i class=\"accordion-icon\"><\/i>\n\t        \t\t\t<span class=\"ult_tab_main ult_ac_main ult_noacordicnBoth\">\n\n\t\t\t\t\t\t<span  data-ultimate-target='#advanced-tabs-wrap-1010 .ult-span-text'  data-responsive-json-new='{\"font-size\":\"desktop:14px;\",\"line-height\":\"\"}'  class=\"ult-span-text no_icon ult_acordian-text ult-responsive\" style=\"font-weight:bold;;color:inherit \" >KUVAUS<\/span>\n\t\t\t\t\t\t<\/span><\/a><\/dt>\n\t            \t\t<dd class=\"ult-tabto-accordionItem ult-tabto-accolapsed\">\n\t\t\t\t            <div class=\"ult-tabto-acontent\" style=\"color:#74777b;\">\n\t\t\t\t               [vc_column_text]Kirjanpitopalvelun ostaminen on hyv\u00e4 ratkaisu yrityksille, jotka eiv\u00e4t tarvitse kokop\u00e4iv\u00e4toimista kirjanpit\u00e4j\u00e4\u00e4, mutta haluavat kuitenkin k\u00e4ytt\u00e4\u00e4 kansainv\u00e4lisen kokemuksen omaavan kirjanpit\u00e4j\u00e4n taitoja.<\/p>\n<p><strong>Palveluun sis\u00e4ltyy:<\/strong><\/p>\n<p>Tositteiden k\u00e4sittely<br \/>\nP\u00e4\u00e4kirja<br \/>\nSelvitys saatavista ja velkasaatavista<br \/>\nVeroilmoituksen esitt\u00e4minen<br \/>\nPalkkalaskenta<br \/>\nVarojen laskenta<br \/>\nRahoitusraporttien laatiminen<br \/>\nEnsimm\u00e4inen maksu 50 \u20ac on ennakkomaksu kirjanpit\u00e4j\u00e4n ensimm\u00e4isest\u00e4 ty\u00f6tunnista, ja siihen sis\u00e4ltyy tavallisesti:<\/p>\n<p>Yrityksen asiakirjojen vastaanotto<br \/>\nYrityksen asentaminen kirjanpito-ohjelmaan<br \/>\nTarvittavien p\u00e4\u00e4syjen antaminen jne.<br \/>\nSeuraavat laskut kirjanpitopalveluista l\u00e4hetet\u00e4\u00e4n kuukausittain 15 minuutin tarkkuudella ja v\u00e4himm\u00e4ismaksu kuukaudelta on 50 \u20ac.<\/p>\n<p>Kirjanpitotositteet hyv\u00e4ksymme latvian-, ven\u00e4j\u00e4n- ja englanninkielisin\u00e4.[\/vc_column_text]\n\t\t\t\t            <\/div>\n\t        \t\t\t<\/dd><dt class=\"product-faq\">\n\t        \t<a class=\"ult-tabto-actitle withBorder ult_a \" id=\"1512642751435-8598a-c205\" style=\"color:#b6b8ba;;background-color:#ffffff;border-bottom-color:transparent;border-bottom-width:0px;border-bottom-style:solid;border-bottom-color:transparent;border-bottom-width:0px;border-bottom-style:solid;\" href=\"#1512642751435-8598a-c205\">\n\t        \t\t<i class=\"accordion-icon\"><\/i>\n\t        \t\t\t<span class=\"ult_tab_main ult_ac_main ult_noacordicnBoth\">\n\n\t\t\t\t\t\t<span  data-ultimate-target='#advanced-tabs-wrap-1010 .ult-span-text'  data-responsive-json-new='{\"font-size\":\"desktop:14px;\",\"line-height\":\"\"}'  class=\"ult-span-text no_icon ult_acordian-text ult-responsive\" style=\"font-weight:bold;;color:inherit \" >USEIN KYSYTYT<\/span>\n\t\t\t\t\t\t<\/span><\/a><\/dt>\n\t            \t\t<dd class=\"ult-tabto-accordionItem ult-tabto-accolapsed\">\n\t\t\t\t            <div class=\"ult-tabto-acontent\" style=\"color:#74777b;\">\n\t\t\t\t               [vc_toggle title=&#8221;1. Pit\u00e4\u00e4k\u00f6 kirjanpitoa tehd\u00e4 joka kuukausi?&#8221; style=&#8221;arrow&#8221; open=&#8221;true&#8221; custom_font_container=&#8221;tag:h5|text_align:left&#8221; custom_use_theme_fonts=&#8221;yes&#8221; use_custom_heading=&#8221;true&#8221;]Mik\u00e4li yritys on rekister\u00f6ity arvonlis\u00e4verovelvollisena (se on pakollista yrityksille, joiden liikevaihto EU:ssa on yli 40 000 \u20ac) tai joka maksaa ty\u00f6ntekij\u00e4lle palkkaa, on sen esitett\u00e4v\u00e4 selvitykset kuukausittain.<br \/>\nEllei yrityksell\u00e4 ole kuukausittaisia maksuja, osto- tai myyntilaskuja eik\u00e4 arvonlis\u00e4verotunnistetta, ei kuukausittainen kirjanpito ole pakollista ja riitt\u00e4\u00e4, kun tehd\u00e4\u00e4n koko kirjanpito ja tilinp\u00e4\u00e4t\u00f6s v\u00e4hint\u00e4\u00e4n kerran vuodessa.[\/vc_toggle]\n\t\t\t\t            <\/div>\n\t        \t\t\t<\/dd>\n    \t<\/dl>\n    <!--<div class=\"extraborder\" style=\"background-color:#ffffff\"><\/div>-->\n<\/div>\n\n<\/div>[\/vc_column][\/vc_row]<\/p>\n<\/div>","protected":false},"excerpt":{"rendered":"<p>Anna yrityksen kirjanpito asiantuntijoiden hoidettavaksi ja keskity itse liiketoiminnan harjoittamiseen. T\u00e4sm\u00e4llisemm\u00e4st\u00e4 ty\u00f6m\u00e4\u00e4r\u00e4st\u00e4 ja toimenpiteist\u00e4 sovitaan jokaisen asiakkaan kanssa erikseen.<\/p>\n","protected":false},"featured_media":53867,"template":"","meta":{"_acf_changed":false,"inline_featured_image":false},"product_brand":[],"product_cat":[372],"product_tag":[373],"class_list":{"0":"post-57842","1":"product","2":"type-product","3":"status-publish","4":"has-post-thumbnail","6":"product_cat-accounting-fi","7":"product_tag-latvia-fi","8":"description-off","10":"first","11":"instock","12":"taxable","13":"shipping-taxable","14":"purchasable","15":"product-type-simple"},"bundled_by":[],"bundle_stock_status":"instock","bundle_stock_quantity":null,"bundle_virtual":false,"bundle_layout":"","bundle_add_to_cart_form_location":"","bundle_editable_in_cart":false,"bundle_sold_individually_context":"","bundle_item_grouping":"","bundle_min_size":"","bundle_max_size":"","bundle_price":[],"bundled_items":[],"bundle_sell_ids":[],"acf":[],"yoast_head":"<!-- This site is optimized with the Yoast SEO plugin v23.0 - https:\/\/yoast.com\/wordpress\/plugins\/seo\/ -->\n<title>Kirjanpitopalvelun tuntimaksu - 1Office Latvia<\/title>\n<meta name=\"description\" content=\"Outsourcing accounting services is a good solution for companies who don\u2019t need to employ a full-time accountant, but still want to get all the perks of an accountant with international experience.\" \/>\n<meta name=\"robots\" content=\"noindex, follow, max-snippet:-1, max-image-preview:large, max-video-preview:-1\" \/>\n<meta property=\"og:locale\" content=\"fi_FI\" \/>\n<meta property=\"og:type\" content=\"article\" \/>\n<meta property=\"og:title\" content=\"Kirjanpitopalvelun tuntimaksu - 1Office Latvia\" \/>\n<meta property=\"og:description\" content=\"Outsourcing accounting services is a good solution for companies who don\u2019t need to employ a full-time accountant, but still want to get all the perks of an accountant with international experience.\" \/>\n<meta property=\"og:url\" content=\"https:\/\/dev.1office.co\/latvia\/fi\/tuote\/accountants-hourly-fee\/\" \/>\n<meta property=\"og:site_name\" content=\"1Office Latvia\" \/>\n<meta property=\"article:modified_time\" content=\"2021-02-02T11:26:37+00:00\" \/>\n<meta property=\"og:image\" content=\"https:\/\/dev.1office.co\/latvia\/wp-content\/uploads\/sites\/11\/2017\/04\/accounting.jpg\" \/>\n\t<meta property=\"og:image:width\" content=\"1200\" \/>\n\t<meta property=\"og:image:height\" content=\"518\" \/>\n\t<meta property=\"og:image:type\" content=\"image\/jpeg\" \/>\n<meta name=\"twitter:card\" content=\"summary_large_image\" \/>\n<meta name=\"twitter:label1\" content=\"Arvioitu lukuaika\" \/>\n\t<meta name=\"twitter:data1\" content=\"1 minuutti\" \/>\n<script type=\"application\/ld+json\" class=\"yoast-schema-graph\">{\"@context\":\"https:\/\/schema.org\",\"@graph\":[{\"@type\":\"WebPage\",\"@id\":\"https:\/\/dev.1office.co\/latvia\/fi\/tuote\/accountants-hourly-fee\/\",\"url\":\"https:\/\/dev.1office.co\/latvia\/fi\/tuote\/accountants-hourly-fee\/\",\"name\":\"Kirjanpitopalvelun tuntimaksu - 1Office Latvia\",\"isPartOf\":{\"@id\":\"https:\/\/dev.1office.co\/latvia\/#website\"},\"primaryImageOfPage\":{\"@id\":\"https:\/\/dev.1office.co\/latvia\/fi\/tuote\/accountants-hourly-fee\/#primaryimage\"},\"image\":{\"@id\":\"https:\/\/dev.1office.co\/latvia\/fi\/tuote\/accountants-hourly-fee\/#primaryimage\"},\"thumbnailUrl\":\"https:\/\/dev.1office.co\/latvia\/wp-content\/uploads\/sites\/11\/2017\/04\/accounting.jpg\",\"datePublished\":\"2017-08-10T10:40:14+00:00\",\"dateModified\":\"2021-02-02T11:26:37+00:00\",\"description\":\"Outsourcing accounting services is a good solution for companies who don\u2019t need to employ a full-time accountant, but still want to get all the perks of an accountant with international experience.\",\"breadcrumb\":{\"@id\":\"https:\/\/dev.1office.co\/latvia\/fi\/tuote\/accountants-hourly-fee\/#breadcrumb\"},\"inLanguage\":\"fi\",\"potentialAction\":[{\"@type\":\"ReadAction\",\"target\":[\"https:\/\/dev.1office.co\/latvia\/fi\/tuote\/accountants-hourly-fee\/\"]}]},{\"@type\":\"ImageObject\",\"inLanguage\":\"fi\",\"@id\":\"https:\/\/dev.1office.co\/latvia\/fi\/tuote\/accountants-hourly-fee\/#primaryimage\",\"url\":\"https:\/\/dev.1office.co\/latvia\/wp-content\/uploads\/sites\/11\/2017\/04\/accounting.jpg\",\"contentUrl\":\"https:\/\/dev.1office.co\/latvia\/wp-content\/uploads\/sites\/11\/2017\/04\/accounting.jpg\",\"width\":1200,\"height\":518},{\"@type\":\"BreadcrumbList\",\"@id\":\"https:\/\/dev.1office.co\/latvia\/fi\/tuote\/accountants-hourly-fee\/#breadcrumb\",\"itemListElement\":[{\"@type\":\"ListItem\",\"position\":1,\"name\":\"Home\",\"item\":\"https:\/\/dev.1office.co\/latvia\/fi\/\"},{\"@type\":\"ListItem\",\"position\":2,\"name\":\"Shop\",\"item\":\"https:\/\/dev.1office.co\/latvia\/shop\/\"},{\"@type\":\"ListItem\",\"position\":3,\"name\":\"Kirjanpitopalvelun tuntimaksu\"}]},{\"@type\":\"WebSite\",\"@id\":\"https:\/\/dev.1office.co\/latvia\/#website\",\"url\":\"https:\/\/dev.1office.co\/latvia\/\",\"name\":\"1Office Latvia\",\"description\":\"Making Business Simple\",\"potentialAction\":[{\"@type\":\"SearchAction\",\"target\":{\"@type\":\"EntryPoint\",\"urlTemplate\":\"https:\/\/dev.1office.co\/latvia\/?s={search_term_string}\"},\"query-input\":\"required name=search_term_string\"}],\"inLanguage\":\"fi\"}]}<\/script>\n<!-- \/ Yoast SEO plugin. -->","yoast_head_json":{"title":"Kirjanpitopalvelun tuntimaksu - 1Office Latvia","description":"Outsourcing accounting services is a good solution for companies who don\u2019t need to employ a full-time accountant, but still want to get all the perks of an accountant with international experience.","robots":{"index":"noindex","follow":"follow","max-snippet":"max-snippet:-1","max-image-preview":"max-image-preview:large","max-video-preview":"max-video-preview:-1"},"og_locale":"fi_FI","og_type":"article","og_title":"Kirjanpitopalvelun tuntimaksu - 1Office Latvia","og_description":"Outsourcing accounting services is a good solution for companies who don\u2019t need to employ a full-time accountant, but still want to get all the perks of an accountant with international experience.","og_url":"https:\/\/dev.1office.co\/latvia\/fi\/tuote\/accountants-hourly-fee\/","og_site_name":"1Office Latvia","article_modified_time":"2021-02-02T11:26:37+00:00","og_image":[{"width":1200,"height":518,"url":"https:\/\/dev.1office.co\/latvia\/wp-content\/uploads\/sites\/11\/2017\/04\/accounting.jpg","type":"image\/jpeg"}],"twitter_card":"summary_large_image","twitter_misc":{"Arvioitu lukuaika":"1 minuutti"},"schema":{"@context":"https:\/\/schema.org","@graph":[{"@type":"WebPage","@id":"https:\/\/dev.1office.co\/latvia\/fi\/tuote\/accountants-hourly-fee\/","url":"https:\/\/dev.1office.co\/latvia\/fi\/tuote\/accountants-hourly-fee\/","name":"Kirjanpitopalvelun tuntimaksu - 1Office Latvia","isPartOf":{"@id":"https:\/\/dev.1office.co\/latvia\/#website"},"primaryImageOfPage":{"@id":"https:\/\/dev.1office.co\/latvia\/fi\/tuote\/accountants-hourly-fee\/#primaryimage"},"image":{"@id":"https:\/\/dev.1office.co\/latvia\/fi\/tuote\/accountants-hourly-fee\/#primaryimage"},"thumbnailUrl":"https:\/\/dev.1office.co\/latvia\/wp-content\/uploads\/sites\/11\/2017\/04\/accounting.jpg","datePublished":"2017-08-10T10:40:14+00:00","dateModified":"2021-02-02T11:26:37+00:00","description":"Outsourcing accounting services is a good solution for companies who don\u2019t need to employ a full-time accountant, but still want to get all the perks of an accountant with international experience.","breadcrumb":{"@id":"https:\/\/dev.1office.co\/latvia\/fi\/tuote\/accountants-hourly-fee\/#breadcrumb"},"inLanguage":"fi","potentialAction":[{"@type":"ReadAction","target":["https:\/\/dev.1office.co\/latvia\/fi\/tuote\/accountants-hourly-fee\/"]}]},{"@type":"ImageObject","inLanguage":"fi","@id":"https:\/\/dev.1office.co\/latvia\/fi\/tuote\/accountants-hourly-fee\/#primaryimage","url":"https:\/\/dev.1office.co\/latvia\/wp-content\/uploads\/sites\/11\/2017\/04\/accounting.jpg","contentUrl":"https:\/\/dev.1office.co\/latvia\/wp-content\/uploads\/sites\/11\/2017\/04\/accounting.jpg","width":1200,"height":518},{"@type":"BreadcrumbList","@id":"https:\/\/dev.1office.co\/latvia\/fi\/tuote\/accountants-hourly-fee\/#breadcrumb","itemListElement":[{"@type":"ListItem","position":1,"name":"Home","item":"https:\/\/dev.1office.co\/latvia\/fi\/"},{"@type":"ListItem","position":2,"name":"Shop","item":"https:\/\/dev.1office.co\/latvia\/shop\/"},{"@type":"ListItem","position":3,"name":"Kirjanpitopalvelun tuntimaksu"}]},{"@type":"WebSite","@id":"https:\/\/dev.1office.co\/latvia\/#website","url":"https:\/\/dev.1office.co\/latvia\/","name":"1Office Latvia","description":"Making Business Simple","potentialAction":[{"@type":"SearchAction","target":{"@type":"EntryPoint","urlTemplate":"https:\/\/dev.1office.co\/latvia\/?s={search_term_string}"},"query-input":"required name=search_term_string"}],"inLanguage":"fi"}]}},"_links":{"self":[{"href":"https:\/\/dev.1office.co\/latvia\/fi\/wp-json\/wp\/v2\/product\/57842","targetHints":{"allow":["GET"]}}],"collection":[{"href":"https:\/\/dev.1office.co\/latvia\/fi\/wp-json\/wp\/v2\/product"}],"about":[{"href":"https:\/\/dev.1office.co\/latvia\/fi\/wp-json\/wp\/v2\/types\/product"}],"wp:featuredmedia":[{"embeddable":true,"href":"https:\/\/dev.1office.co\/latvia\/fi\/wp-json\/wp\/v2\/media\/53867"}],"wp:attachment":[{"href":"https:\/\/dev.1office.co\/latvia\/fi\/wp-json\/wp\/v2\/media?parent=57842"}],"wp:term":[{"taxonomy":"product_brand","embeddable":true,"href":"https:\/\/dev.1office.co\/latvia\/fi\/wp-json\/wp\/v2\/product_brand?post=57842"},{"taxonomy":"product_cat","embeddable":true,"href":"https:\/\/dev.1office.co\/latvia\/fi\/wp-json\/wp\/v2\/product_cat?post=57842"},{"taxonomy":"product_tag","embeddable":true,"href":"https:\/\/dev.1office.co\/latvia\/fi\/wp-json\/wp\/v2\/product_tag?post=57842"}],"curies":[{"name":"wp","href":"https:\/\/api.w.org\/{rel}","templated":true}]}}