{"id":57593,"date":"2017-12-13T11:39:59","date_gmt":"2017-12-13T11:39:59","guid":{"rendered":"https:\/\/dev.1office.co\/latvia\/product\/vat-registration\/"},"modified":"2020-01-29T14:02:27","modified_gmt":"2020-01-29T14:02:27","slug":"kaibemaksukohustuslaseks-registreerimine-2","status":"publish","type":"product","link":"https:\/\/dev.1office.co\/latvia\/et\/toode\/kaibemaksukohustuslaseks-registreerimine-2\/","title":{"rendered":"K\u00e4ibemaksukohustuslaseks registreerimine"},"content":{"rendered":"<div class=\"wpb-content-wrapper\"><p>[vc_row][vc_column]<div id=\"advanced-tabs-desc-wrap-9754\" class=\"ult_tabs product_tabs\" style=\" \" data-tabsstyle=\"style1\"\n data-titlebg=\"#ffffff\" data-titlecolor=\"#b6b8ba\" data-fullheight=\"off\"\n data-titlehoverbg=\"#ffffff\" data-titlehovercolor=\"#1d1e23\"\n data-rotatetabs=\"0\" data-responsivemode=\"Both\" data-animation=\"Slide\"\ndata-activetitle=\"#1d1e23\" data-activeicon=\"\" data-activebg=\"#ffffff\"  data-respmode=\"Tabs\" data-respwidth=\"400\" data-scroll = \"on\" data-activeindex=\"1\"><ul id=advanced-tabs-wrap-2950 class=\"ult_tabmenu style1 \" style=\"\"><li class=\"ult_tab_li  \" data-iconcolor=\"#74777b\" data-iconhover=\"#ffffff\" style=\"background-color:#ffffff;border-color:transparent;border-width:0px;border-style:solid;border-top-left-radius:8px;\">\n\t\t\t\t\t<a href=\"#1512642751410-8cd24-3a01\"  id=\"1512642751410-8cd24-3a01\"  style=\"color:#b6b8ba;; padding:15px; \" class=\"ult_a  \">\n\t\t\t\t\t     <span class=\"ult_tab_main Both \">\n\t\t\t\t\t \t\t <span class=\"ult_tab_section\">\n\t\t\t\t\t   \t\t\t<span  data-ultimate-target='#advanced-tabs-wrap-2950 .ult-span-text'  data-responsive-json-new='{\"font-size\":\"desktop:14px;\",\"line-height\":\"\"}'  class=\"ult-span-text no_icon ult_tab_display_text ult-responsive\" style=\"font-weight:bold;;\">Kirjeldus<\/span>\n\t\t\t\t\t   \t\t<\/span>\n\t\t\t\t\t\t<\/span>\n\t\t\t\t\t<\/a>\n\t\t\t\t\t<\/li><li class=\"ult_tab_li  product-faq\" data-iconcolor=\"#74777b\" data-iconhover=\"#ffffff\" style=\"background-color:#ffffff;border-color:transparent;border-width:0px;border-style:solid;border-top-right-radius:8px;\">\n\t\t\t\t\t<a href=\"#1512642751435-8cd24-3a01\"  id=\"1512642751435-8cd24-3a01\"  style=\"color:#b6b8ba;; padding:15px; \" class=\"ult_a  \">\n\t\t\t\t\t     <span class=\"ult_tab_main Both \">\n\t\t\t\t\t \t\t <span class=\"ult_tab_section\">\n\t\t\t\t\t   \t\t\t<span  data-ultimate-target='#advanced-tabs-wrap-2950 .ult-span-text'  data-responsive-json-new='{\"font-size\":\"desktop:14px;\",\"line-height\":\"\"}'  class=\"ult-span-text no_icon ult_tab_display_text ult-responsive\" style=\"font-weight:bold;;\">KKK<\/span>\n\t\t\t\t\t   \t\t<\/span>\n\t\t\t\t\t\t<\/span>\n\t\t\t\t\t<\/a>\n\t\t\t\t\t<\/li><\/ul><div  data-ultimate-target='#advanced-tabs-desc-wrap-9754 .ult_tabcontent .ult_tab_min_contain  p'  data-responsive-json-new='{\"font-size\":\"\",\"line-height\":\"\"}' class=\"ult_tabcontent ult-responsive style1\" style=\"color:#74777b;\"><div class=\"ult_tab_min_contain \" >\n\t\t\t<div  class=\"ult_tabitemname\"  >\n\t\t\t\t[vc_column_text]K\u00e4ibemaksunumbri saamiseks L\u00e4tis on vajalik, et ettev\u00f5ttel oleks L\u00e4tis reaalne \u00e4ritegevus. Kui juhatuse liige on v\u00e4lismaalane, v\u00f5ib maksuamet viia l\u00e4bi t\u00e4iendava taustakontrolli.<\/p>\n<p><strong>Hinnas sisaldub:<\/strong><\/p>\n<ul>\n<li>Taotluse t\u00e4itmine ettev\u00f5tte andmetega<\/li>\n<li>Kuni kaks tundi raamatupidaja t\u00f6\u00f6aega kohtumiseks maksuametis<\/li>\n<li>Taotluse esitamine maksuametile (State Revenue Service)<\/li>\n<li>P\u00e4rast positiivse otsuse saamist kantakse ettev\u00f5te k\u00e4ibemaksukohustuslaste registrisse<\/li>\n<\/ul>\n<p>Maksuamet teeb otsuse k\u00e4ibemaksukohustuslase numbri v\u00e4lja andmise kohta 15 t\u00f6\u00f6p\u00e4eva jooksul taotluse esitamisest.<\/p>\n<p>NB! K\u00e4ibemaksukohustuslasena on kohustuslik esitada igakuiseid deklaratsioone ka juhul, kui ettev\u00f5ttel sel perioodil mingeid aktiivseid tegevusi ei ole.<\/p>\n<p>K\u00e4ibemaksukohustuslaseks registreerimisel on juhatuse liikmel vajalik isiklikult maksuametit k\u00fclastada v\u00f5i volitada 1Office esindajat lisatasu eest enda nimel tegutsema.[\/vc_column_text]\n\t\t\t<\/div>\n\t\t\t<div  class=\"ult_tabitemname\"  >\n\t\t\t\t[vc_toggle title=&#8221;1. Mida t\u00e4hendab taustakontroll?&#8221; style=&#8221;arrow&#8221; open=&#8221;true&#8221; custom_font_container=&#8221;tag:h5|text_align:left&#8221; custom_use_theme_fonts=&#8221;yes&#8221; use_custom_heading=&#8221;true&#8221;]Maksuamet v\u00f5ib kutsuda juhatuse liikme isiklikult nende kontorisse vestlusele v\u00f5i k\u00fclastada registreeritud \u00e4riaadressi.<\/p>\n<p>On v\u00f5imalik, et k\u00fcsitakse ka isikliku pangakonto v\u00e4ljav\u00f5tet. Kuigi seaduse j\u00e4rgi ei ole selle esitamine kohustuslik, soovitame selle registreeringu saamiseks siiski esitada.[\/vc_toggle]\n\t\t\t<\/div><\/div><\/div><\/div><div class=\"ult_acord advanced-tabs-desc-wrap-9754\">\n   <div class=\"ult-tabto-accordion \" style=\"width:;\"\n    data-titlecolor=\"#b6b8ba\"  data-titlebg=\"#ffffff\"\n     data-titlehoverbg=\"#ffffff\" data-titlehovercolor=\"#1d1e23\" data-animation=\"Slide\"\n     data-activetitle=\"#1d1e23\" data-activeicon=\"\" data-activebg=\"#ffffff\" data-scroll = \"on\" data-activeindex=\"1\" >\n     <dl><dt class=\"\">\n\t        \t<a class=\"ult-tabto-actitle withBorder ult_a \" id=\"1512642751410-8cd24-3a01\" style=\"color:#b6b8ba;;background-color:#ffffff;border-bottom-color:transparent;border-bottom-width:0px;border-bottom-style:solid;\" href=\"#1512642751410-8cd24-3a01\">\n\t        \t\t<i class=\"accordion-icon\"><\/i>\n\t        \t\t\t<span class=\"ult_tab_main ult_ac_main ult_noacordicnBoth\">\n\n\t\t\t\t\t\t<span  data-ultimate-target='#advanced-tabs-wrap-2950 .ult-span-text'  data-responsive-json-new='{\"font-size\":\"desktop:14px;\",\"line-height\":\"\"}'  class=\"ult-span-text no_icon ult_acordian-text ult-responsive\" style=\"font-weight:bold;;color:inherit \" >Kirjeldus<\/span>\n\t\t\t\t\t\t<\/span><\/a><\/dt>\n\t            \t\t<dd class=\"ult-tabto-accordionItem ult-tabto-accolapsed\">\n\t\t\t\t            <div class=\"ult-tabto-acontent\" style=\"color:#74777b;\">\n\t\t\t\t               [vc_column_text]K\u00e4ibemaksunumbri saamiseks L\u00e4tis on vajalik, et ettev\u00f5ttel oleks L\u00e4tis reaalne \u00e4ritegevus. Kui juhatuse liige on v\u00e4lismaalane, v\u00f5ib maksuamet viia l\u00e4bi t\u00e4iendava taustakontrolli.<\/p>\n<p><strong>Hinnas sisaldub:<\/strong><\/p>\n<ul>\n<li>Taotluse t\u00e4itmine ettev\u00f5tte andmetega<\/li>\n<li>Kuni kaks tundi raamatupidaja t\u00f6\u00f6aega kohtumiseks maksuametis<\/li>\n<li>Taotluse esitamine maksuametile (State Revenue Service)<\/li>\n<li>P\u00e4rast positiivse otsuse saamist kantakse ettev\u00f5te k\u00e4ibemaksukohustuslaste registrisse<\/li>\n<\/ul>\n<p>Maksuamet teeb otsuse k\u00e4ibemaksukohustuslase numbri v\u00e4lja andmise kohta 15 t\u00f6\u00f6p\u00e4eva jooksul taotluse esitamisest.<\/p>\n<p>NB! K\u00e4ibemaksukohustuslasena on kohustuslik esitada igakuiseid deklaratsioone ka juhul, kui ettev\u00f5ttel sel perioodil mingeid aktiivseid tegevusi ei ole.<\/p>\n<p>K\u00e4ibemaksukohustuslaseks registreerimisel on juhatuse liikmel vajalik isiklikult maksuametit k\u00fclastada v\u00f5i volitada 1Office esindajat lisatasu eest enda nimel tegutsema.[\/vc_column_text]\n\t\t\t\t            <\/div>\n\t        \t\t\t<\/dd><dt class=\"product-faq\">\n\t        \t<a class=\"ult-tabto-actitle withBorder ult_a \" id=\"1512642751435-8cd24-3a01\" style=\"color:#b6b8ba;;background-color:#ffffff;border-bottom-color:transparent;border-bottom-width:0px;border-bottom-style:solid;border-bottom-color:transparent;border-bottom-width:0px;border-bottom-style:solid;\" href=\"#1512642751435-8cd24-3a01\">\n\t        \t\t<i class=\"accordion-icon\"><\/i>\n\t        \t\t\t<span class=\"ult_tab_main ult_ac_main ult_noacordicnBoth\">\n\n\t\t\t\t\t\t<span  data-ultimate-target='#advanced-tabs-wrap-2950 .ult-span-text'  data-responsive-json-new='{\"font-size\":\"desktop:14px;\",\"line-height\":\"\"}'  class=\"ult-span-text no_icon ult_acordian-text ult-responsive\" style=\"font-weight:bold;;color:inherit \" >KKK<\/span>\n\t\t\t\t\t\t<\/span><\/a><\/dt>\n\t            \t\t<dd class=\"ult-tabto-accordionItem ult-tabto-accolapsed\">\n\t\t\t\t            <div class=\"ult-tabto-acontent\" style=\"color:#74777b;\">\n\t\t\t\t               [vc_toggle title=&#8221;1. Mida t\u00e4hendab taustakontroll?&#8221; style=&#8221;arrow&#8221; open=&#8221;true&#8221; custom_font_container=&#8221;tag:h5|text_align:left&#8221; custom_use_theme_fonts=&#8221;yes&#8221; use_custom_heading=&#8221;true&#8221;]Maksuamet v\u00f5ib kutsuda juhatuse liikme isiklikult nende kontorisse vestlusele v\u00f5i k\u00fclastada registreeritud \u00e4riaadressi.<\/p>\n<p>On v\u00f5imalik, et k\u00fcsitakse ka isikliku pangakonto v\u00e4ljav\u00f5tet. Kuigi seaduse j\u00e4rgi ei ole selle esitamine kohustuslik, soovitame selle registreeringu saamiseks siiski esitada.[\/vc_toggle]\n\t\t\t\t            <\/div>\n\t        \t\t\t<\/dd>\n    \t<\/dl>\n    <!--<div class=\"extraborder\" style=\"background-color:#ffffff\"><\/div>-->\n<\/div>\n\n<\/div>[\/vc_column][\/vc_row]<\/p>\n<\/div>","protected":false},"excerpt":{"rendered":"<p>L\u00e4ti seaduste kohaselt on kohustuslik registreerida ettev\u00f5te k\u00e4ibemaksukohustuslasena juhul, kui maksustav k\u00e4ive \u00fcletab 40 000 eurot aastas.<\/p>\n","protected":false},"featured_media":57374,"template":"","meta":{"_acf_changed":false,"inline_featured_image":false},"product_brand":[],"product_cat":[307],"product_tag":[313],"class_list":{"0":"post-57593","1":"product","2":"type-product","3":"status-publish","4":"has-post-thumbnail","6":"product_cat-raamatupidamine","7":"product_tag-lati","8":"description-off","10":"first","11":"instock","12":"virtual","13":"taxable","14":"purchasable","15":"product-type-simple"},"bundled_by":[],"bundle_stock_status":"instock","bundle_stock_quantity":null,"bundle_virtual":false,"bundle_layout":"","bundle_add_to_cart_form_location":"","bundle_editable_in_cart":false,"bundle_sold_individually_context":"","bundle_item_grouping":"","bundle_min_size":"","bundle_max_size":"","bundle_price":[],"bundled_items":[],"bundle_sell_ids":[],"acf":[],"yoast_head":"<!-- This site is optimized with the Yoast SEO plugin v23.0 - https:\/\/yoast.com\/wordpress\/plugins\/seo\/ -->\n<title>K\u00e4ibemaksukohustuslaseks registreerimine - 1Office Latvia<\/title>\n<meta name=\"description\" content=\"L\u00e4ti seaduste kohaselt on kohustuslik registreerida ettev\u00f5te k\u00e4ibemaksukohustuslasena juhul, kui maksustav k\u00e4ive \u00fcletab 40 000 eurot aastas.\" \/>\n<meta name=\"robots\" content=\"noindex, follow, max-snippet:-1, max-image-preview:large, max-video-preview:-1\" \/>\n<meta property=\"og:locale\" content=\"et_EE\" \/>\n<meta property=\"og:type\" content=\"article\" \/>\n<meta property=\"og:title\" content=\"K\u00e4ibemaksukohustuslaseks registreerimine - 1Office Latvia\" \/>\n<meta property=\"og:description\" content=\"L\u00e4ti seaduste kohaselt on kohustuslik registreerida ettev\u00f5te k\u00e4ibemaksukohustuslasena juhul, kui maksustav k\u00e4ive \u00fcletab 40 000 eurot aastas.\" \/>\n<meta property=\"og:url\" content=\"https:\/\/dev.1office.co\/latvia\/lv\/toode\/vat-registration\/\" \/>\n<meta property=\"og:site_name\" content=\"1Office Latvia\" \/>\n<meta property=\"article:modified_time\" content=\"2020-01-29T14:02:27+00:00\" \/>\n<meta property=\"og:image\" content=\"https:\/\/dev.1office.co\/latvia\/wp-content\/uploads\/sites\/11\/2017\/12\/money-gold-coins-finance.jpg\" \/>\n\t<meta property=\"og:image:width\" content=\"1920\" \/>\n\t<meta property=\"og:image:height\" content=\"1271\" \/>\n\t<meta property=\"og:image:type\" content=\"image\/jpeg\" \/>\n<meta name=\"twitter:card\" content=\"summary_large_image\" \/>\n<meta name=\"twitter:label1\" content=\"Est. reading time\" \/>\n\t<meta name=\"twitter:data1\" content=\"1 minut\" \/>\n<script type=\"application\/ld+json\" class=\"yoast-schema-graph\">{\"@context\":\"https:\/\/schema.org\",\"@graph\":[{\"@type\":\"WebPage\",\"@id\":\"https:\/\/dev.1office.co\/latvia\/lv\/toode\/vat-registration\/\",\"url\":\"https:\/\/dev.1office.co\/latvia\/lv\/toode\/vat-registration\/\",\"name\":\"K\u00e4ibemaksukohustuslaseks registreerimine - 1Office Latvia\",\"isPartOf\":{\"@id\":\"https:\/\/dev.1office.co\/latvia\/#website\"},\"primaryImageOfPage\":{\"@id\":\"https:\/\/dev.1office.co\/latvia\/lv\/toode\/vat-registration\/#primaryimage\"},\"image\":{\"@id\":\"https:\/\/dev.1office.co\/latvia\/lv\/toode\/vat-registration\/#primaryimage\"},\"thumbnailUrl\":\"https:\/\/dev.1office.co\/latvia\/wp-content\/uploads\/sites\/11\/2017\/12\/money-gold-coins-finance.jpg\",\"datePublished\":\"2017-12-13T11:39:59+00:00\",\"dateModified\":\"2020-01-29T14:02:27+00:00\",\"description\":\"L\u00e4ti seaduste kohaselt on kohustuslik registreerida ettev\u00f5te k\u00e4ibemaksukohustuslasena juhul, kui maksustav k\u00e4ive \u00fcletab 40 000 eurot aastas.\",\"breadcrumb\":{\"@id\":\"https:\/\/dev.1office.co\/latvia\/lv\/toode\/vat-registration\/#breadcrumb\"},\"inLanguage\":\"et\",\"potentialAction\":[{\"@type\":\"ReadAction\",\"target\":[\"https:\/\/dev.1office.co\/latvia\/lv\/toode\/vat-registration\/\"]}]},{\"@type\":\"ImageObject\",\"inLanguage\":\"et\",\"@id\":\"https:\/\/dev.1office.co\/latvia\/lv\/toode\/vat-registration\/#primaryimage\",\"url\":\"https:\/\/dev.1office.co\/latvia\/wp-content\/uploads\/sites\/11\/2017\/12\/money-gold-coins-finance.jpg\",\"contentUrl\":\"https:\/\/dev.1office.co\/latvia\/wp-content\/uploads\/sites\/11\/2017\/12\/money-gold-coins-finance.jpg\",\"width\":1920,\"height\":1271},{\"@type\":\"BreadcrumbList\",\"@id\":\"https:\/\/dev.1office.co\/latvia\/lv\/toode\/vat-registration\/#breadcrumb\",\"itemListElement\":[{\"@type\":\"ListItem\",\"position\":1,\"name\":\"Home\",\"item\":\"https:\/\/dev.1office.co\/latvia\/et\/\"},{\"@type\":\"ListItem\",\"position\":2,\"name\":\"Shop\",\"item\":\"https:\/\/dev.1office.co\/latvia\/shop\/\"},{\"@type\":\"ListItem\",\"position\":3,\"name\":\"K\u00e4ibemaksukohustuslaseks registreerimine\"}]},{\"@type\":\"WebSite\",\"@id\":\"https:\/\/dev.1office.co\/latvia\/#website\",\"url\":\"https:\/\/dev.1office.co\/latvia\/\",\"name\":\"1Office Latvia\",\"description\":\"Making Business Simple\",\"potentialAction\":[{\"@type\":\"SearchAction\",\"target\":{\"@type\":\"EntryPoint\",\"urlTemplate\":\"https:\/\/dev.1office.co\/latvia\/?s={search_term_string}\"},\"query-input\":\"required name=search_term_string\"}],\"inLanguage\":\"et\"}]}<\/script>\n<!-- \/ Yoast SEO plugin. -->","yoast_head_json":{"title":"K\u00e4ibemaksukohustuslaseks registreerimine - 1Office Latvia","description":"L\u00e4ti seaduste kohaselt on kohustuslik registreerida ettev\u00f5te k\u00e4ibemaksukohustuslasena juhul, kui maksustav k\u00e4ive \u00fcletab 40 000 eurot aastas.","robots":{"index":"noindex","follow":"follow","max-snippet":"max-snippet:-1","max-image-preview":"max-image-preview:large","max-video-preview":"max-video-preview:-1"},"og_locale":"et_EE","og_type":"article","og_title":"K\u00e4ibemaksukohustuslaseks registreerimine - 1Office Latvia","og_description":"L\u00e4ti seaduste kohaselt on kohustuslik registreerida ettev\u00f5te k\u00e4ibemaksukohustuslasena juhul, kui maksustav k\u00e4ive \u00fcletab 40 000 eurot aastas.","og_url":"https:\/\/dev.1office.co\/latvia\/lv\/toode\/vat-registration\/","og_site_name":"1Office Latvia","article_modified_time":"2020-01-29T14:02:27+00:00","og_image":[{"width":1920,"height":1271,"url":"https:\/\/dev.1office.co\/latvia\/wp-content\/uploads\/sites\/11\/2017\/12\/money-gold-coins-finance.jpg","type":"image\/jpeg"}],"twitter_card":"summary_large_image","twitter_misc":{"Est. reading time":"1 minut"},"schema":{"@context":"https:\/\/schema.org","@graph":[{"@type":"WebPage","@id":"https:\/\/dev.1office.co\/latvia\/lv\/toode\/vat-registration\/","url":"https:\/\/dev.1office.co\/latvia\/lv\/toode\/vat-registration\/","name":"K\u00e4ibemaksukohustuslaseks registreerimine - 1Office Latvia","isPartOf":{"@id":"https:\/\/dev.1office.co\/latvia\/#website"},"primaryImageOfPage":{"@id":"https:\/\/dev.1office.co\/latvia\/lv\/toode\/vat-registration\/#primaryimage"},"image":{"@id":"https:\/\/dev.1office.co\/latvia\/lv\/toode\/vat-registration\/#primaryimage"},"thumbnailUrl":"https:\/\/dev.1office.co\/latvia\/wp-content\/uploads\/sites\/11\/2017\/12\/money-gold-coins-finance.jpg","datePublished":"2017-12-13T11:39:59+00:00","dateModified":"2020-01-29T14:02:27+00:00","description":"L\u00e4ti seaduste kohaselt on kohustuslik registreerida ettev\u00f5te k\u00e4ibemaksukohustuslasena juhul, kui maksustav k\u00e4ive \u00fcletab 40 000 eurot aastas.","breadcrumb":{"@id":"https:\/\/dev.1office.co\/latvia\/lv\/toode\/vat-registration\/#breadcrumb"},"inLanguage":"et","potentialAction":[{"@type":"ReadAction","target":["https:\/\/dev.1office.co\/latvia\/lv\/toode\/vat-registration\/"]}]},{"@type":"ImageObject","inLanguage":"et","@id":"https:\/\/dev.1office.co\/latvia\/lv\/toode\/vat-registration\/#primaryimage","url":"https:\/\/dev.1office.co\/latvia\/wp-content\/uploads\/sites\/11\/2017\/12\/money-gold-coins-finance.jpg","contentUrl":"https:\/\/dev.1office.co\/latvia\/wp-content\/uploads\/sites\/11\/2017\/12\/money-gold-coins-finance.jpg","width":1920,"height":1271},{"@type":"BreadcrumbList","@id":"https:\/\/dev.1office.co\/latvia\/lv\/toode\/vat-registration\/#breadcrumb","itemListElement":[{"@type":"ListItem","position":1,"name":"Home","item":"https:\/\/dev.1office.co\/latvia\/et\/"},{"@type":"ListItem","position":2,"name":"Shop","item":"https:\/\/dev.1office.co\/latvia\/shop\/"},{"@type":"ListItem","position":3,"name":"K\u00e4ibemaksukohustuslaseks registreerimine"}]},{"@type":"WebSite","@id":"https:\/\/dev.1office.co\/latvia\/#website","url":"https:\/\/dev.1office.co\/latvia\/","name":"1Office Latvia","description":"Making Business Simple","potentialAction":[{"@type":"SearchAction","target":{"@type":"EntryPoint","urlTemplate":"https:\/\/dev.1office.co\/latvia\/?s={search_term_string}"},"query-input":"required name=search_term_string"}],"inLanguage":"et"}]}},"_links":{"self":[{"href":"https:\/\/dev.1office.co\/latvia\/et\/wp-json\/wp\/v2\/product\/57593","targetHints":{"allow":["GET"]}}],"collection":[{"href":"https:\/\/dev.1office.co\/latvia\/et\/wp-json\/wp\/v2\/product"}],"about":[{"href":"https:\/\/dev.1office.co\/latvia\/et\/wp-json\/wp\/v2\/types\/product"}],"wp:featuredmedia":[{"embeddable":true,"href":"https:\/\/dev.1office.co\/latvia\/et\/wp-json\/wp\/v2\/media\/57374"}],"wp:attachment":[{"href":"https:\/\/dev.1office.co\/latvia\/et\/wp-json\/wp\/v2\/media?parent=57593"}],"wp:term":[{"taxonomy":"product_brand","embeddable":true,"href":"https:\/\/dev.1office.co\/latvia\/et\/wp-json\/wp\/v2\/product_brand?post=57593"},{"taxonomy":"product_cat","embeddable":true,"href":"https:\/\/dev.1office.co\/latvia\/et\/wp-json\/wp\/v2\/product_cat?post=57593"},{"taxonomy":"product_tag","embeddable":true,"href":"https:\/\/dev.1office.co\/latvia\/et\/wp-json\/wp\/v2\/product_tag?post=57593"}],"curies":[{"name":"wp","href":"https:\/\/api.w.org\/{rel}","templated":true}]}}