{"id":58924,"date":"2019-12-02T13:55:16","date_gmt":"2019-12-02T13:55:16","guid":{"rendered":"https:\/\/dev.1office.co\/finland\/?post_type=product&#038;p=58924"},"modified":"2022-02-28T09:44:03","modified_gmt":"2022-02-28T09:44:03","slug":"id06-yrityksen-rekisterointi-jarjestelmaan-manuaalinen-tunnistautuminen-ja-neuvonta","status":"publish","type":"product","link":"https:\/\/dev.1office.co\/finland\/fi\/tuote\/id06-yrityksen-rekisterointi-jarjestelmaan-manuaalinen-tunnistautuminen-ja-neuvonta\/","title":{"rendered":"ID06 \u2013 Yrityksen rekister\u00f6inti j\u00e4rjestelm\u00e4\u00e4n, manuaalinen tunnistautuminen ja neuvonta"},"content":{"rendered":"<div class=\"wpb-content-wrapper\"><p>[vc_row][vc_column]<div id=\"advanced-tabs-desc-wrap-2326\" class=\"ult_tabs product_tabs\" style=\" \" data-tabsstyle=\"style1\"\n data-titlebg=\"#ffffff\" data-titlecolor=\"#b6b8ba\" data-fullheight=\"off\"\n data-titlehoverbg=\"#ffffff\" data-titlehovercolor=\"#1d1e23\"\n data-rotatetabs=\"0\" data-responsivemode=\"Both\" data-animation=\"Slide\"\ndata-activetitle=\"#1d1e23\" data-activeicon=\"\" data-activebg=\"#ffffff\"  data-respmode=\"Tabs\" data-respwidth=\"400\" data-scroll = \"on\" data-activeindex=\"1\"><ul id=advanced-tabs-wrap-5093 class=\"ult_tabmenu style1 \" style=\"\"><li class=\"ult_tab_li  \" data-iconcolor=\"#74777b\" data-iconhover=\"#ffffff\" style=\"background-color:#ffffff;border-color:transparent;border-width:0px;border-style:solid;border-top-right-radius:8px;\">\n\t\t\t\t\t<a href=\"#1512642751410-8d7ab-c11d\"  id=\"1512642751410-8d7ab-c11d\"  style=\"color:#b6b8ba;; padding:15px; \" class=\"ult_a  \">\n\t\t\t\t\t     <span class=\"ult_tab_main Both \">\n\t\t\t\t\t \t\t <span class=\"ult_tab_section\">\n\t\t\t\t\t   \t\t\t<span  data-ultimate-target='#advanced-tabs-wrap-5093 .ult-span-text'  data-responsive-json-new='{\"font-size\":\"desktop:14px;\",\"line-height\":\"\"}'  class=\"ult-span-text no_icon ult_tab_display_text ult-responsive\" style=\"font-weight:bold;;\">KUVAUS<\/span>\n\t\t\t\t\t   \t\t<\/span>\n\t\t\t\t\t\t<\/span>\n\t\t\t\t\t<\/a>\n\t\t\t\t\t<\/li><\/ul><div  data-ultimate-target='#advanced-tabs-desc-wrap-2326 .ult_tabcontent .ult_tab_min_contain  p'  data-responsive-json-new='{\"font-size\":\"\",\"line-height\":\"\"}' class=\"ult_tabcontent ult-responsive style1\" style=\"color:#74777b;\"><div class=\"ult_tab_min_contain \" >\n\t\t\t<div  class=\"ult_tabitemname\"  >\n\t\t\t\t[vc_column_text]1.11.2016 alkaen on Ruotsissa rakennusty\u00f6m\u00e4\u00e4ll\u00e4 ty\u00f6skentelevill\u00e4 oltava ID06 kortti, joka takaa turvallisen ty\u00f6ymp\u00e4rist\u00f6n sek\u00e4 rajoittaa laittoman ty\u00f6voiman k\u00e4ytt\u00e4mist\u00e4. Alkuper\u00e4isten ID06 korttien voimassaolo p\u00e4\u00e4ttyy 21.01.2020, jolloin vanhalla kortilla ei en\u00e4\u00e4 p\u00e4\u00e4se rakennusty\u00f6maalle. Kaikki ID06 kortit tulee p\u00e4ivitt\u00e4\u00e4 ennen voimassaolon p\u00e4\u00e4ttymist\u00e4 uuteen, turvallisempaan ID06 2.0 korttiin.<\/p>\n<p>Kaikki rakennusty\u00f6maalla oleskelevat henkil\u00f6t (ty\u00f6ntekij\u00e4t, yrityksen edustajat, harjoittelijat, opiskelijat) kirjataan ID06 j\u00e4rjestelm\u00e4\u00e4n ja heille my\u00f6nnet\u00e4\u00e4n m\u00e4\u00e4r\u00e4aikainen ID06 kortti. Rakennusty\u00f6maalla oleskelusta ilman ID06 korttia voi seurata ty\u00f6nantajalle rangaistus.<\/p>\n<p>Ainoastaan ID06 j\u00e4rjestelm\u00e4\u00e4n rekister\u00f6ity yritys pystyy tilaamaan ty\u00f6ntekij\u00f6illeen ID06 kortteja. Rekister\u00f6innin yhteydess\u00e4 yrityksen edustajat sek\u00e4 ty\u00f6ntekij\u00e4t tunnistautuvat j\u00e4rjestelm\u00e4\u00e4n Ruotsalaisilla pankkitunnuksilla (BankID) tai vaihtoehtoisesti manuaalisen tunnistautumisen avulla. Manuaalista tunnistautumista suorittaa valtuutetut ID06 yhteisty\u00f6kumppanit k\u00e4ytt\u00e4en erillist\u00e4 asiakirjaskanneria.<\/p>\n<p>Manuaalista tunnistautumista hoitaa ainoastaan valtuutetut ID06 yhteisty\u00f6kumppanit. 1Office on ID06 yhteisty\u00f6kumppani vuodesta 2019 alkaen ja tunnistautumisprosessi hoituu kokonaisuudessaan meid\u00e4n Helsingin toimipisteess\u00e4 (Urho Kekkosen katu 4-6E).<\/p>\n<p><strong>Hintaan sis\u00e4ltyy:<\/strong><\/p>\n<ul>\n<li>Yrityksen rekister\u00f6inti s\u00e4hk\u00f6iseen ID06 j\u00e4rjestelm\u00e4\u00e4n<\/li>\n<li>Yrityksen edustajien manuaalinen tunnistautuminen<\/li>\n<li>ID06 s\u00e4hk\u00f6isen j\u00e4rjestelm\u00e4n k\u00e4ytt\u00f6opastus<\/li>\n<\/ul>\n<p><strong>Saatavilla olevat lis\u00e4palvelut:<\/strong><\/p>\n<ul>\n<li>Ty\u00f6ntekij\u00f6iden manuaalinen tunnistautuminen ID06 kortin tilausta varten.<\/li>\n<\/ul>\n<p><strong>Prosessi:<\/strong><\/p>\n<ul>\n<li>Lis\u00e4\u00e4 ostoskoriin sopivat tuotteet\/palvelut \u2013 yrityksen rekister\u00f6innin lis\u00e4ksi saatat tarvita ty\u00f6ntekij\u00f6iden manuaalisen tunnistautumisen palvelua. Asiantuntijamme ottaa teihin yhteytt\u00e4 sovitakseen tarkempi ajankohta ID06 rekister\u00f6inti\u00e4 varten. Tapaamiset 1Office Helsingin toimistollamme.<\/li>\n<li>Valtuutettu asiantuntijamme tapaa teid\u00e4t sovittuun ajankohtaan ja h\u00e4nen ohjeistuksella yrityksenne rekister\u00f6id\u00e4\u00e4n ID06 palveluun. Samalla hoituu my\u00f6s yrityksen edustajan manuaalinen tunnistautuminen.<\/li>\n<li>Onnistuneen rekister\u00f6innin j\u00e4lkeen ohjeistamme miten ID06 j\u00e4rjestelm\u00e4ss\u00e4 hoituu k\u00e4ytt\u00e4j\u00e4tilien ja valtuutuksien\/oikeuksien muuttaminen sek\u00e4 miten tilataan ty\u00f6ntekij\u00f6iden ID06 kortit.<\/li>\n<li>Ty\u00f6ntekij\u00f6iden manuaalista tunnistautumista varten varataan erillinen ajankohta. Tapaamisen yhteydess\u00e4 ty\u00f6ntekij\u00e4n henkil\u00f6llisyystodistus skannataan ja h\u00e4n saa s\u00e4hk\u00f6postitse vahvistuksen sek\u00e4 tekstiviestill\u00e4 koodin, joka rekister\u00f6id\u00e4\u00e4n ID06 j\u00e4rjestelm\u00e4\u00e4n. T\u00e4m\u00e4n j\u00e4lkeen valitsemanne palveluntarjoaja l\u00e4hett\u00e4\u00e4 ID06 kortit sovittuun osoitteeseen. Kortin saatuaan ty\u00f6ntekij\u00e4ll\u00e4 on p\u00e4\u00e4sy rakennusty\u00f6maalle.<\/li>\n<\/ul>\n<p><strong>T\u00e4rke\u00e4\u00e4 lis\u00e4tietoa:<\/strong><\/p>\n<ul>\n<li>Mik\u00e4li tarvitset lis\u00e4tietoa t\u00e4h\u00e4n liittyen, ota yhteytt\u00e4 meid\u00e4n asiantuntijoihin osoitteeessa <a href=\"mailto:sales@1office.co\">sales@1office.co<\/a> tai puhelimitse +358 942\u00a0450 286.<\/li>\n<li>Yrityksen tilannetta (onko yrityksell\u00e4 on voimassaoleva ID06 2.0) voi tarkistaa t\u00e4st\u00e4: <a href=\"https:\/\/id06.se\/foretagskontroll\/\">https:\/\/id06.se\/foretagskontroll\/<\/a><\/li>\n<li>Kaikilla edustajilla tulee olla mukana voimassaoleva henkil\u00f6llisyystodistus<\/li>\n<li>Kaikilla edustajilla tulee olla voimassaoleva s\u00e4hk\u00f6postiosoite sek\u00e4 puhelinnumero.<\/li>\n<li>Ty\u00f6ntekij\u00f6iden manuaalista tunnistautumista varten varataan erillinen tapaaminen.<\/li>\n<li>Ulkomaisen yrityksen t\u00e4ytyy hakeutua ensin verohallinnon rekistereihin.<\/li>\n<li>Hinta on arvonlis\u00e4veroton.<\/li>\n<\/ul>\n<p>[\/vc_column_text]\n\t\t\t<\/div><\/div><\/div><\/div><div class=\"ult_acord advanced-tabs-desc-wrap-2326\">\n   <div class=\"ult-tabto-accordion \" style=\"width:;\"\n    data-titlecolor=\"#b6b8ba\"  data-titlebg=\"#ffffff\"\n     data-titlehoverbg=\"#ffffff\" data-titlehovercolor=\"#1d1e23\" data-animation=\"Slide\"\n     data-activetitle=\"#1d1e23\" data-activeicon=\"\" data-activebg=\"#ffffff\" data-scroll = \"on\" data-activeindex=\"1\" >\n     <dl><dt class=\"\">\n\t        \t<a class=\"ult-tabto-actitle withBorder ult_a \" id=\"1512642751410-8d7ab-c11d\" style=\"color:#b6b8ba;;background-color:#ffffff;border-bottom-color:transparent;border-bottom-width:0px;border-bottom-style:solid;\" href=\"#1512642751410-8d7ab-c11d\">\n\t        \t\t<i class=\"accordion-icon\"><\/i>\n\t        \t\t\t<span class=\"ult_tab_main ult_ac_main ult_noacordicnBoth\">\n\n\t\t\t\t\t\t<span  data-ultimate-target='#advanced-tabs-wrap-5093 .ult-span-text'  data-responsive-json-new='{\"font-size\":\"desktop:14px;\",\"line-height\":\"\"}'  class=\"ult-span-text no_icon ult_acordian-text ult-responsive\" style=\"font-weight:bold;;color:inherit \" >KUVAUS<\/span>\n\t\t\t\t\t\t<\/span><\/a><\/dt>\n\t            \t\t<dd class=\"ult-tabto-accordionItem ult-tabto-accolapsed\">\n\t\t\t\t            <div class=\"ult-tabto-acontent\" style=\"color:#74777b;\">\n\t\t\t\t               [vc_column_text]1.11.2016 alkaen on Ruotsissa rakennusty\u00f6m\u00e4\u00e4ll\u00e4 ty\u00f6skentelevill\u00e4 oltava ID06 kortti, joka takaa turvallisen ty\u00f6ymp\u00e4rist\u00f6n sek\u00e4 rajoittaa laittoman ty\u00f6voiman k\u00e4ytt\u00e4mist\u00e4. Alkuper\u00e4isten ID06 korttien voimassaolo p\u00e4\u00e4ttyy 21.01.2020, jolloin vanhalla kortilla ei en\u00e4\u00e4 p\u00e4\u00e4se rakennusty\u00f6maalle. Kaikki ID06 kortit tulee p\u00e4ivitt\u00e4\u00e4 ennen voimassaolon p\u00e4\u00e4ttymist\u00e4 uuteen, turvallisempaan ID06 2.0 korttiin.<\/p>\n<p>Kaikki rakennusty\u00f6maalla oleskelevat henkil\u00f6t (ty\u00f6ntekij\u00e4t, yrityksen edustajat, harjoittelijat, opiskelijat) kirjataan ID06 j\u00e4rjestelm\u00e4\u00e4n ja heille my\u00f6nnet\u00e4\u00e4n m\u00e4\u00e4r\u00e4aikainen ID06 kortti. Rakennusty\u00f6maalla oleskelusta ilman ID06 korttia voi seurata ty\u00f6nantajalle rangaistus.<\/p>\n<p>Ainoastaan ID06 j\u00e4rjestelm\u00e4\u00e4n rekister\u00f6ity yritys pystyy tilaamaan ty\u00f6ntekij\u00f6illeen ID06 kortteja. Rekister\u00f6innin yhteydess\u00e4 yrityksen edustajat sek\u00e4 ty\u00f6ntekij\u00e4t tunnistautuvat j\u00e4rjestelm\u00e4\u00e4n Ruotsalaisilla pankkitunnuksilla (BankID) tai vaihtoehtoisesti manuaalisen tunnistautumisen avulla. Manuaalista tunnistautumista suorittaa valtuutetut ID06 yhteisty\u00f6kumppanit k\u00e4ytt\u00e4en erillist\u00e4 asiakirjaskanneria.<\/p>\n<p>Manuaalista tunnistautumista hoitaa ainoastaan valtuutetut ID06 yhteisty\u00f6kumppanit. 1Office on ID06 yhteisty\u00f6kumppani vuodesta 2019 alkaen ja tunnistautumisprosessi hoituu kokonaisuudessaan meid\u00e4n Helsingin toimipisteess\u00e4 (Urho Kekkosen katu 4-6E).<\/p>\n<p><strong>Hintaan sis\u00e4ltyy:<\/strong><\/p>\n<ul>\n<li>Yrityksen rekister\u00f6inti s\u00e4hk\u00f6iseen ID06 j\u00e4rjestelm\u00e4\u00e4n<\/li>\n<li>Yrityksen edustajien manuaalinen tunnistautuminen<\/li>\n<li>ID06 s\u00e4hk\u00f6isen j\u00e4rjestelm\u00e4n k\u00e4ytt\u00f6opastus<\/li>\n<\/ul>\n<p><strong>Saatavilla olevat lis\u00e4palvelut:<\/strong><\/p>\n<ul>\n<li>Ty\u00f6ntekij\u00f6iden manuaalinen tunnistautuminen ID06 kortin tilausta varten.<\/li>\n<\/ul>\n<p><strong>Prosessi:<\/strong><\/p>\n<ul>\n<li>Lis\u00e4\u00e4 ostoskoriin sopivat tuotteet\/palvelut \u2013 yrityksen rekister\u00f6innin lis\u00e4ksi saatat tarvita ty\u00f6ntekij\u00f6iden manuaalisen tunnistautumisen palvelua. Asiantuntijamme ottaa teihin yhteytt\u00e4 sovitakseen tarkempi ajankohta ID06 rekister\u00f6inti\u00e4 varten. Tapaamiset 1Office Helsingin toimistollamme.<\/li>\n<li>Valtuutettu asiantuntijamme tapaa teid\u00e4t sovittuun ajankohtaan ja h\u00e4nen ohjeistuksella yrityksenne rekister\u00f6id\u00e4\u00e4n ID06 palveluun. Samalla hoituu my\u00f6s yrityksen edustajan manuaalinen tunnistautuminen.<\/li>\n<li>Onnistuneen rekister\u00f6innin j\u00e4lkeen ohjeistamme miten ID06 j\u00e4rjestelm\u00e4ss\u00e4 hoituu k\u00e4ytt\u00e4j\u00e4tilien ja valtuutuksien\/oikeuksien muuttaminen sek\u00e4 miten tilataan ty\u00f6ntekij\u00f6iden ID06 kortit.<\/li>\n<li>Ty\u00f6ntekij\u00f6iden manuaalista tunnistautumista varten varataan erillinen ajankohta. Tapaamisen yhteydess\u00e4 ty\u00f6ntekij\u00e4n henkil\u00f6llisyystodistus skannataan ja h\u00e4n saa s\u00e4hk\u00f6postitse vahvistuksen sek\u00e4 tekstiviestill\u00e4 koodin, joka rekister\u00f6id\u00e4\u00e4n ID06 j\u00e4rjestelm\u00e4\u00e4n. T\u00e4m\u00e4n j\u00e4lkeen valitsemanne palveluntarjoaja l\u00e4hett\u00e4\u00e4 ID06 kortit sovittuun osoitteeseen. Kortin saatuaan ty\u00f6ntekij\u00e4ll\u00e4 on p\u00e4\u00e4sy rakennusty\u00f6maalle.<\/li>\n<\/ul>\n<p><strong>T\u00e4rke\u00e4\u00e4 lis\u00e4tietoa:<\/strong><\/p>\n<ul>\n<li>Mik\u00e4li tarvitset lis\u00e4tietoa t\u00e4h\u00e4n liittyen, ota yhteytt\u00e4 meid\u00e4n asiantuntijoihin osoitteeessa <a href=\"mailto:sales@1office.co\">sales@1office.co<\/a> tai puhelimitse +358 942\u00a0450 286.<\/li>\n<li>Yrityksen tilannetta (onko yrityksell\u00e4 on voimassaoleva ID06 2.0) voi tarkistaa t\u00e4st\u00e4: <a href=\"https:\/\/id06.se\/foretagskontroll\/\">https:\/\/id06.se\/foretagskontroll\/<\/a><\/li>\n<li>Kaikilla edustajilla tulee olla mukana voimassaoleva henkil\u00f6llisyystodistus<\/li>\n<li>Kaikilla edustajilla tulee olla voimassaoleva s\u00e4hk\u00f6postiosoite sek\u00e4 puhelinnumero.<\/li>\n<li>Ty\u00f6ntekij\u00f6iden manuaalista tunnistautumista varten varataan erillinen tapaaminen.<\/li>\n<li>Ulkomaisen yrityksen t\u00e4ytyy hakeutua ensin verohallinnon rekistereihin.<\/li>\n<li>Hinta on arvonlis\u00e4veroton.<\/li>\n<\/ul>\n<p>[\/vc_column_text]\n\t\t\t\t            <\/div>\n\t        \t\t\t<\/dd>\n    \t<\/dl>\n    <!--<div class=\"extraborder\" style=\"background-color:#ffffff\"><\/div>-->\n<\/div>\n\n<\/div>[\/vc_column][\/vc_row]<\/p>\n<\/div>","protected":false},"excerpt":{"rendered":"<p>Uuden ID06 2.0 kortin tilaaminen vaatii yrityksen reksiter\u00f6itymisen ID06 j\u00e4rjestelm\u00e4\u00e4n. Sek\u00e4 yrityksen edustajat ett\u00e4 ty\u00f6ntekij\u00e4t voivat helposti tunnistautua Helsingin 1Office toimistollamme, osoitteessa Urho Kekkosen katu 4-6E.<\/p>\n","protected":false},"featured_media":58925,"template":"","meta":{"_acf_changed":false,"inline_featured_image":false},"product_brand":[],"product_cat":[354],"product_tag":[],"class_list":{"0":"post-58924","1":"product","2":"type-product","3":"status-publish","4":"has-post-thumbnail","6":"product_cat-legal-services-fi","7":"description-off","9":"first","10":"instock","11":"taxable","12":"shipping-taxable","13":"purchasable","14":"product-type-simple"},"bundled_by":[],"bundle_stock_status":"instock","bundle_stock_quantity":null,"bundle_virtual":false,"bundle_layout":"","bundle_add_to_cart_form_location":"","bundle_editable_in_cart":false,"bundle_sold_individually_context":"","bundle_item_grouping":"","bundle_min_size":"","bundle_max_size":"","bundle_price":[],"bundled_items":[],"bundle_sell_ids":[],"acf":[],"yoast_head":"<!-- This site is optimized with the Yoast SEO plugin v23.0 - https:\/\/yoast.com\/wordpress\/plugins\/seo\/ -->\n<title>ID06 \u2013 Yrityksen rekister\u00f6inti j\u00e4rjestelm\u00e4\u00e4n, manuaalinen tunnistautuminen ja neuvonta | 1Office Finland<\/title>\n<meta name=\"robots\" content=\"noindex, follow, max-snippet:-1, max-image-preview:large, max-video-preview:-1\" \/>\n<meta property=\"og:locale\" content=\"fi_FI\" \/>\n<meta property=\"og:type\" content=\"article\" \/>\n<meta property=\"og:title\" content=\"ID06 \u2013 Yrityksen rekister\u00f6inti j\u00e4rjestelm\u00e4\u00e4n, manuaalinen tunnistautuminen ja neuvonta | 1Office Finland\" \/>\n<meta property=\"og:description\" content=\"Uuden ID06 2.0 kortin tilaaminen vaatii yrityksen reksiter\u00f6itymisen ID06 j\u00e4rjestelm\u00e4\u00e4n. Sek\u00e4 yrityksen edustajat ett\u00e4 ty\u00f6ntekij\u00e4t voivat helposti tunnistautua Helsingin 1Office toimistollamme, osoitteessa Urho Kekkosen katu 4-6E.\" \/>\n<meta property=\"og:url\" content=\"https:\/\/dev.1office.co\/finland\/fi\/tuote\/id06-yrityksen-rekisterointi-jarjestelmaan-manuaalinen-tunnistautuminen-ja-neuvonta\/\" \/>\n<meta property=\"og:site_name\" content=\"1Office Finland\" \/>\n<meta property=\"article:modified_time\" content=\"2022-02-28T09:44:03+00:00\" \/>\n<meta property=\"og:image\" content=\"https:\/\/dev.1office.co\/finland\/wp-content\/uploads\/sites\/10\/2019\/12\/180215_id063-800x470-copy.jpg\" \/>\n\t<meta property=\"og:image:width\" content=\"800\" \/>\n\t<meta property=\"og:image:height\" content=\"470\" \/>\n\t<meta property=\"og:image:type\" content=\"image\/jpeg\" \/>\n<meta name=\"twitter:card\" content=\"summary_large_image\" \/>\n<meta name=\"twitter:label1\" content=\"Arvioitu lukuaika\" \/>\n\t<meta name=\"twitter:data1\" content=\"3 minuuttia\" \/>\n<script type=\"application\/ld+json\" class=\"yoast-schema-graph\">{\"@context\":\"https:\/\/schema.org\",\"@graph\":[{\"@type\":\"WebPage\",\"@id\":\"https:\/\/dev.1office.co\/finland\/fi\/tuote\/id06-yrityksen-rekisterointi-jarjestelmaan-manuaalinen-tunnistautuminen-ja-neuvonta\/\",\"url\":\"https:\/\/dev.1office.co\/finland\/fi\/tuote\/id06-yrityksen-rekisterointi-jarjestelmaan-manuaalinen-tunnistautuminen-ja-neuvonta\/\",\"name\":\"ID06 \u2013 Yrityksen rekister\u00f6inti j\u00e4rjestelm\u00e4\u00e4n, manuaalinen tunnistautuminen ja neuvonta | 1Office Finland\",\"isPartOf\":{\"@id\":\"https:\/\/dev.1office.co\/finland\/#website\"},\"primaryImageOfPage\":{\"@id\":\"https:\/\/dev.1office.co\/finland\/fi\/tuote\/id06-yrityksen-rekisterointi-jarjestelmaan-manuaalinen-tunnistautuminen-ja-neuvonta\/#primaryimage\"},\"image\":{\"@id\":\"https:\/\/dev.1office.co\/finland\/fi\/tuote\/id06-yrityksen-rekisterointi-jarjestelmaan-manuaalinen-tunnistautuminen-ja-neuvonta\/#primaryimage\"},\"thumbnailUrl\":\"https:\/\/dev.1office.co\/finland\/wp-content\/uploads\/sites\/10\/2019\/12\/180215_id063-800x470-copy.jpg\",\"datePublished\":\"2019-12-02T13:55:16+00:00\",\"dateModified\":\"2022-02-28T09:44:03+00:00\",\"breadcrumb\":{\"@id\":\"https:\/\/dev.1office.co\/finland\/fi\/tuote\/id06-yrityksen-rekisterointi-jarjestelmaan-manuaalinen-tunnistautuminen-ja-neuvonta\/#breadcrumb\"},\"inLanguage\":\"fi\",\"potentialAction\":[{\"@type\":\"ReadAction\",\"target\":[\"https:\/\/dev.1office.co\/finland\/fi\/tuote\/id06-yrityksen-rekisterointi-jarjestelmaan-manuaalinen-tunnistautuminen-ja-neuvonta\/\"]}]},{\"@type\":\"ImageObject\",\"inLanguage\":\"fi\",\"@id\":\"https:\/\/dev.1office.co\/finland\/fi\/tuote\/id06-yrityksen-rekisterointi-jarjestelmaan-manuaalinen-tunnistautuminen-ja-neuvonta\/#primaryimage\",\"url\":\"https:\/\/dev.1office.co\/finland\/wp-content\/uploads\/sites\/10\/2019\/12\/180215_id063-800x470-copy.jpg\",\"contentUrl\":\"https:\/\/dev.1office.co\/finland\/wp-content\/uploads\/sites\/10\/2019\/12\/180215_id063-800x470-copy.jpg\",\"width\":800,\"height\":470},{\"@type\":\"BreadcrumbList\",\"@id\":\"https:\/\/dev.1office.co\/finland\/fi\/tuote\/id06-yrityksen-rekisterointi-jarjestelmaan-manuaalinen-tunnistautuminen-ja-neuvonta\/#breadcrumb\",\"itemListElement\":[{\"@type\":\"ListItem\",\"position\":1,\"name\":\"Home\",\"item\":\"https:\/\/dev.1office.co\/finland\/fi\/\"},{\"@type\":\"ListItem\",\"position\":2,\"name\":\"Shop\",\"item\":\"https:\/\/dev.1office.co\/finland\/shop\/\"},{\"@type\":\"ListItem\",\"position\":3,\"name\":\"ID06 \u2013 Yrityksen rekister\u00f6inti j\u00e4rjestelm\u00e4\u00e4n, manuaalinen tunnistautuminen ja neuvonta\"}]},{\"@type\":\"WebSite\",\"@id\":\"https:\/\/dev.1office.co\/finland\/#website\",\"url\":\"https:\/\/dev.1office.co\/finland\/\",\"name\":\"1Office Finland\",\"description\":\"Making Business Simple\",\"potentialAction\":[{\"@type\":\"SearchAction\",\"target\":{\"@type\":\"EntryPoint\",\"urlTemplate\":\"https:\/\/dev.1office.co\/finland\/?s={search_term_string}\"},\"query-input\":\"required name=search_term_string\"}],\"inLanguage\":\"fi\"}]}<\/script>\n<!-- \/ Yoast SEO plugin. -->","yoast_head_json":{"title":"ID06 \u2013 Yrityksen rekister\u00f6inti j\u00e4rjestelm\u00e4\u00e4n, manuaalinen tunnistautuminen ja neuvonta | 1Office Finland","robots":{"index":"noindex","follow":"follow","max-snippet":"max-snippet:-1","max-image-preview":"max-image-preview:large","max-video-preview":"max-video-preview:-1"},"og_locale":"fi_FI","og_type":"article","og_title":"ID06 \u2013 Yrityksen rekister\u00f6inti j\u00e4rjestelm\u00e4\u00e4n, manuaalinen tunnistautuminen ja neuvonta | 1Office Finland","og_description":"Uuden ID06 2.0 kortin tilaaminen vaatii yrityksen reksiter\u00f6itymisen ID06 j\u00e4rjestelm\u00e4\u00e4n. Sek\u00e4 yrityksen edustajat ett\u00e4 ty\u00f6ntekij\u00e4t voivat helposti tunnistautua Helsingin 1Office toimistollamme, osoitteessa Urho Kekkosen katu 4-6E.","og_url":"https:\/\/dev.1office.co\/finland\/fi\/tuote\/id06-yrityksen-rekisterointi-jarjestelmaan-manuaalinen-tunnistautuminen-ja-neuvonta\/","og_site_name":"1Office Finland","article_modified_time":"2022-02-28T09:44:03+00:00","og_image":[{"width":800,"height":470,"url":"https:\/\/dev.1office.co\/finland\/wp-content\/uploads\/sites\/10\/2019\/12\/180215_id063-800x470-copy.jpg","type":"image\/jpeg"}],"twitter_card":"summary_large_image","twitter_misc":{"Arvioitu lukuaika":"3 minuuttia"},"schema":{"@context":"https:\/\/schema.org","@graph":[{"@type":"WebPage","@id":"https:\/\/dev.1office.co\/finland\/fi\/tuote\/id06-yrityksen-rekisterointi-jarjestelmaan-manuaalinen-tunnistautuminen-ja-neuvonta\/","url":"https:\/\/dev.1office.co\/finland\/fi\/tuote\/id06-yrityksen-rekisterointi-jarjestelmaan-manuaalinen-tunnistautuminen-ja-neuvonta\/","name":"ID06 \u2013 Yrityksen rekister\u00f6inti j\u00e4rjestelm\u00e4\u00e4n, manuaalinen tunnistautuminen ja neuvonta | 1Office Finland","isPartOf":{"@id":"https:\/\/dev.1office.co\/finland\/#website"},"primaryImageOfPage":{"@id":"https:\/\/dev.1office.co\/finland\/fi\/tuote\/id06-yrityksen-rekisterointi-jarjestelmaan-manuaalinen-tunnistautuminen-ja-neuvonta\/#primaryimage"},"image":{"@id":"https:\/\/dev.1office.co\/finland\/fi\/tuote\/id06-yrityksen-rekisterointi-jarjestelmaan-manuaalinen-tunnistautuminen-ja-neuvonta\/#primaryimage"},"thumbnailUrl":"https:\/\/dev.1office.co\/finland\/wp-content\/uploads\/sites\/10\/2019\/12\/180215_id063-800x470-copy.jpg","datePublished":"2019-12-02T13:55:16+00:00","dateModified":"2022-02-28T09:44:03+00:00","breadcrumb":{"@id":"https:\/\/dev.1office.co\/finland\/fi\/tuote\/id06-yrityksen-rekisterointi-jarjestelmaan-manuaalinen-tunnistautuminen-ja-neuvonta\/#breadcrumb"},"inLanguage":"fi","potentialAction":[{"@type":"ReadAction","target":["https:\/\/dev.1office.co\/finland\/fi\/tuote\/id06-yrityksen-rekisterointi-jarjestelmaan-manuaalinen-tunnistautuminen-ja-neuvonta\/"]}]},{"@type":"ImageObject","inLanguage":"fi","@id":"https:\/\/dev.1office.co\/finland\/fi\/tuote\/id06-yrityksen-rekisterointi-jarjestelmaan-manuaalinen-tunnistautuminen-ja-neuvonta\/#primaryimage","url":"https:\/\/dev.1office.co\/finland\/wp-content\/uploads\/sites\/10\/2019\/12\/180215_id063-800x470-copy.jpg","contentUrl":"https:\/\/dev.1office.co\/finland\/wp-content\/uploads\/sites\/10\/2019\/12\/180215_id063-800x470-copy.jpg","width":800,"height":470},{"@type":"BreadcrumbList","@id":"https:\/\/dev.1office.co\/finland\/fi\/tuote\/id06-yrityksen-rekisterointi-jarjestelmaan-manuaalinen-tunnistautuminen-ja-neuvonta\/#breadcrumb","itemListElement":[{"@type":"ListItem","position":1,"name":"Home","item":"https:\/\/dev.1office.co\/finland\/fi\/"},{"@type":"ListItem","position":2,"name":"Shop","item":"https:\/\/dev.1office.co\/finland\/shop\/"},{"@type":"ListItem","position":3,"name":"ID06 \u2013 Yrityksen rekister\u00f6inti j\u00e4rjestelm\u00e4\u00e4n, manuaalinen tunnistautuminen ja neuvonta"}]},{"@type":"WebSite","@id":"https:\/\/dev.1office.co\/finland\/#website","url":"https:\/\/dev.1office.co\/finland\/","name":"1Office Finland","description":"Making Business Simple","potentialAction":[{"@type":"SearchAction","target":{"@type":"EntryPoint","urlTemplate":"https:\/\/dev.1office.co\/finland\/?s={search_term_string}"},"query-input":"required name=search_term_string"}],"inLanguage":"fi"}]}},"_links":{"self":[{"href":"https:\/\/dev.1office.co\/finland\/fi\/wp-json\/wp\/v2\/product\/58924","targetHints":{"allow":["GET"]}}],"collection":[{"href":"https:\/\/dev.1office.co\/finland\/fi\/wp-json\/wp\/v2\/product"}],"about":[{"href":"https:\/\/dev.1office.co\/finland\/fi\/wp-json\/wp\/v2\/types\/product"}],"wp:featuredmedia":[{"embeddable":true,"href":"https:\/\/dev.1office.co\/finland\/fi\/wp-json\/wp\/v2\/media\/58925"}],"wp:attachment":[{"href":"https:\/\/dev.1office.co\/finland\/fi\/wp-json\/wp\/v2\/media?parent=58924"}],"wp:term":[{"taxonomy":"product_brand","embeddable":true,"href":"https:\/\/dev.1office.co\/finland\/fi\/wp-json\/wp\/v2\/product_brand?post=58924"},{"taxonomy":"product_cat","embeddable":true,"href":"https:\/\/dev.1office.co\/finland\/fi\/wp-json\/wp\/v2\/product_cat?post=58924"},{"taxonomy":"product_tag","embeddable":true,"href":"https:\/\/dev.1office.co\/finland\/fi\/wp-json\/wp\/v2\/product_tag?post=58924"}],"curies":[{"name":"wp","href":"https:\/\/api.w.org\/{rel}","templated":true}]}}