{"id":58041,"date":"2018-07-12T06:40:31","date_gmt":"2018-07-12T06:40:32","guid":{"rendered":"https:\/\/dev.1office.co\/finland\/?post_type=product&#038;p=58041"},"modified":"2022-09-13T10:52:23","modified_gmt":"2022-09-13T10:52:23","slug":"aloittavan-yrityksen-konsultaatio","status":"publish","type":"product","link":"https:\/\/dev.1office.co\/finland\/fi\/tuote\/aloittavan-yrityksen-konsultaatio\/","title":{"rendered":"Konsultaatio- Yrityksen aloittaminen Suomessa"},"content":{"rendered":"<div class=\"wpb-content-wrapper\"><p>[vc_row][vc_column]<div id=\"advanced-tabs-desc-wrap-9001\" class=\"ult_tabs product_tabs\" style=\" \" data-tabsstyle=\"style1\"\n data-titlebg=\"#ffffff\" data-titlecolor=\"#b6b8ba\" data-fullheight=\"off\"\n data-titlehoverbg=\"#ffffff\" data-titlehovercolor=\"#1d1e23\"\n data-rotatetabs=\"0\" data-responsivemode=\"Both\" data-animation=\"Slide\"\ndata-activetitle=\"#1d1e23\" data-activeicon=\"\" data-activebg=\"#ffffff\"  data-respmode=\"Tabs\" data-respwidth=\"400\" data-scroll = \"on\" data-activeindex=\"1\"><ul id=advanced-tabs-wrap-1946 class=\"ult_tabmenu style1 \" style=\"\"><li class=\"ult_tab_li  \" data-iconcolor=\"#74777b\" data-iconhover=\"#ffffff\" style=\"background-color:#ffffff;border-color:transparent;border-width:0px;border-style:solid;border-top-left-radius:8px;\">\n\t\t\t\t\t<a href=\"#1512642751410-84e8b-6fc5\"  id=\"1512642751410-84e8b-6fc5\"  style=\"color:#b6b8ba;; padding:15px; \" class=\"ult_a  \">\n\t\t\t\t\t     <span class=\"ult_tab_main Both \">\n\t\t\t\t\t \t\t <span class=\"ult_tab_section\">\n\t\t\t\t\t   \t\t\t<span  data-ultimate-target='#advanced-tabs-wrap-1946 .ult-span-text'  data-responsive-json-new='{\"font-size\":\"desktop:14px;\",\"line-height\":\"\"}'  class=\"ult-span-text no_icon ult_tab_display_text ult-responsive\" style=\"font-weight:bold;;\">KUVAUS<\/span>\n\t\t\t\t\t   \t\t<\/span>\n\t\t\t\t\t\t<\/span>\n\t\t\t\t\t<\/a>\n\t\t\t\t\t<\/li><li class=\"ult_tab_li  \" data-iconcolor=\"#74777b\" data-iconhover=\"#ffffff\" style=\"background-color:#ffffff;border-color:transparent;border-width:0px;border-style:solid;border-top-right-radius:8px;\">\n\t\t\t\t\t<a href=\"#1516979540310-1-8\"  id=\"1516979540310-1-8\"  style=\"color:#b6b8ba;; padding:15px; \" class=\"ult_a  \">\n\t\t\t\t\t     <span class=\"ult_tab_main Both \">\n\t\t\t\t\t \t\t <span class=\"ult_tab_section\">\n\t\t\t\t\t   \t\t\t<span  data-ultimate-target='#advanced-tabs-wrap-1946 .ult-span-text'  data-responsive-json-new='{\"font-size\":\"desktop:14px;\",\"line-height\":\"\"}'  class=\"ult-span-text no_icon ult_tab_display_text ult-responsive\" style=\"font-weight:bold;;\">USEIN KYSYTYT<\/span>\n\t\t\t\t\t   \t\t<\/span>\n\t\t\t\t\t\t<\/span>\n\t\t\t\t\t<\/a>\n\t\t\t\t\t<\/li><\/ul><div  data-ultimate-target='#advanced-tabs-desc-wrap-9001 .ult_tabcontent .ult_tab_min_contain  p'  data-responsive-json-new='{\"font-size\":\"\",\"line-height\":\"\"}' class=\"ult_tabcontent ult-responsive style1\" style=\"color:#74777b;\"><div class=\"ult_tab_min_contain \" >\n\t\t\t<div  class=\"ult_tabitemname\"  >\n\t\t\t\t[vc_column_text]Konsultaatio antaa hyv\u00e4n katsauksen aihealueista, jotka liittyv\u00e4t yrityksen aloittamiseen Suomessa.<\/p>\n<p><strong>Hintaan sis\u00e4ltyy:<\/strong><\/p>\n<p>Konsultaation sis\u00e4lt\u00f6 ja suuruus riippuvat kyseisen asiakkaan tarpeista ja kysymyksist\u00e4.<\/p>\n<p><strong>Konsultaatiossa heijastuvat aihealueet ovat usein seuraavat:<\/strong><\/p>\n<ul>\n<li>Tilanneanalyysi l\u00f6yt\u00e4\u00e4kseen paras ratkaisu sinun yrityksellesi;<\/li>\n<li>Johdanto Suomen kirjanpitoon;<\/li>\n<li>Osingot ja verotus;<\/li>\n<li>Palkkalaskenta;<\/li>\n<li>Verosopimukset Suomen ja muiden maiden v\u00e4lill\u00e4;<\/li>\n<li>Rajojen ylitt\u00e4v\u00e4 arvonlis\u00e4verotus;<\/li>\n<li>Negatiivinen osakep\u00e4\u00e4oma, juridiset dokumentit esim. p\u00e4\u00e4omalainasopimus, hakemus PRH:lle osakep\u00e4\u00e4oma menett\u00e4misest\u00e4 tai ilmoitus osakep\u00e4\u00e4oman palautumisesta.<\/li>\n<\/ul>\n<p><strong>Saatavilla lis\u00e4maksusta:<\/strong><\/p>\n<ul>\n<li><a href=\"https:\/\/dev.1office.co\/finland\/fi\/tuote\/kansainvalinen-veroneuvonta\/\" target=\"_blank\" rel=\"noopener noreferrer\">Kansainv\u00e4linen veroneuvonta<\/a><\/li>\n<\/ul>\n<p><strong>Prosessikuvaus: <\/strong><\/p>\n<ul>\n<li>L\u00e4het\u00e4 meille kysymyksesi, jotta voimme arvioida konsultaation m\u00e4\u00e4r\u00e4n<\/li>\n<li>L\u00e4het\u00e4mme sinulle tarjouksen sek\u00e4 sovitaan ty\u00f6n m\u00e4\u00e4r\u00e4st\u00e4<\/li>\n<li>Neuvonta tehd\u00e4\u00e4n joko puhelimitse, Skype-puheluna tai kirjallisesti<\/li>\n<\/ul>\n<p><strong>T\u00e4rke\u00e4\u00e4 tietoa:<\/strong><\/p>\n<ul>\n<li>Koska konsultaation sis\u00e4lt\u00f6 ja ty\u00f6m\u00e4\u00e4r\u00e4 riippuvat asiakkaan tarpeista, sovimme aina etuk\u00e4teen konsultaation m\u00e4\u00e4r\u00e4n.<\/li>\n<li>Pyyd\u00e4mme, ett\u00e4 olet valmis l\u00e4hett\u00e4m\u00e4\u00e4n meille kysymyksesi ja huolenaiheet liittyen aloitettavaan yritystoimintaan.<\/li>\n<\/ul>\n<p>[\/vc_column_text]\n\t\t\t<\/div>\n\t\t\t<div  class=\"ult_tabitemname\"  >\n\t\t\t\t[vc_toggle title=&#8221;1. Mit\u00e4 veroja on maksettava?&#8221; style=&#8221;arrow&#8221; open=&#8221;true&#8221; custom_font_container=&#8221;tag:h5|text_align:left|color:%230c0c0c&#8221; custom_use_theme_fonts=&#8221;yes&#8221; use_custom_heading=&#8221;true&#8221;]Yksityishenkil\u00f6n tai yhti\u00f6n verotuksesta ei voida antaa t\u00e4ydellist\u00e4 vastausta ilman taustatietoja. Pyyd\u00e4mme tilamaan konsultaation ja esitt\u00e4m\u00e4\u00e4n kysymykset kirjallisesti, jotta voimme teid\u00e4n tapaukseen perehty\u00e4.[\/vc_toggle]\n\t\t\t<\/div><\/div><\/div><\/div><div class=\"ult_acord advanced-tabs-desc-wrap-9001\">\n   <div class=\"ult-tabto-accordion \" style=\"width:;\"\n    data-titlecolor=\"#b6b8ba\"  data-titlebg=\"#ffffff\"\n     data-titlehoverbg=\"#ffffff\" data-titlehovercolor=\"#1d1e23\" data-animation=\"Slide\"\n     data-activetitle=\"#1d1e23\" data-activeicon=\"\" data-activebg=\"#ffffff\" data-scroll = \"on\" data-activeindex=\"1\" >\n     <dl><dt class=\"\">\n\t        \t<a class=\"ult-tabto-actitle withBorder ult_a \" id=\"1512642751410-84e8b-6fc5\" style=\"color:#b6b8ba;;background-color:#ffffff;border-bottom-color:transparent;border-bottom-width:0px;border-bottom-style:solid;\" href=\"#1512642751410-84e8b-6fc5\">\n\t        \t\t<i class=\"accordion-icon\"><\/i>\n\t        \t\t\t<span class=\"ult_tab_main ult_ac_main ult_noacordicnBoth\">\n\n\t\t\t\t\t\t<span  data-ultimate-target='#advanced-tabs-wrap-1946 .ult-span-text'  data-responsive-json-new='{\"font-size\":\"desktop:14px;\",\"line-height\":\"\"}'  class=\"ult-span-text no_icon ult_acordian-text ult-responsive\" style=\"font-weight:bold;;color:inherit \" >KUVAUS<\/span>\n\t\t\t\t\t\t<\/span><\/a><\/dt>\n\t            \t\t<dd class=\"ult-tabto-accordionItem ult-tabto-accolapsed\">\n\t\t\t\t            <div class=\"ult-tabto-acontent\" style=\"color:#74777b;\">\n\t\t\t\t               [vc_column_text]Konsultaatio antaa hyv\u00e4n katsauksen aihealueista, jotka liittyv\u00e4t yrityksen aloittamiseen Suomessa.<\/p>\n<p><strong>Hintaan sis\u00e4ltyy:<\/strong><\/p>\n<p>Konsultaation sis\u00e4lt\u00f6 ja suuruus riippuvat kyseisen asiakkaan tarpeista ja kysymyksist\u00e4.<\/p>\n<p><strong>Konsultaatiossa heijastuvat aihealueet ovat usein seuraavat:<\/strong><\/p>\n<ul>\n<li>Tilanneanalyysi l\u00f6yt\u00e4\u00e4kseen paras ratkaisu sinun yrityksellesi;<\/li>\n<li>Johdanto Suomen kirjanpitoon;<\/li>\n<li>Osingot ja verotus;<\/li>\n<li>Palkkalaskenta;<\/li>\n<li>Verosopimukset Suomen ja muiden maiden v\u00e4lill\u00e4;<\/li>\n<li>Rajojen ylitt\u00e4v\u00e4 arvonlis\u00e4verotus;<\/li>\n<li>Negatiivinen osakep\u00e4\u00e4oma, juridiset dokumentit esim. p\u00e4\u00e4omalainasopimus, hakemus PRH:lle osakep\u00e4\u00e4oma menett\u00e4misest\u00e4 tai ilmoitus osakep\u00e4\u00e4oman palautumisesta.<\/li>\n<\/ul>\n<p><strong>Saatavilla lis\u00e4maksusta:<\/strong><\/p>\n<ul>\n<li><a href=\"https:\/\/dev.1office.co\/finland\/fi\/tuote\/kansainvalinen-veroneuvonta\/\" target=\"_blank\" rel=\"noopener noreferrer\">Kansainv\u00e4linen veroneuvonta<\/a><\/li>\n<\/ul>\n<p><strong>Prosessikuvaus: <\/strong><\/p>\n<ul>\n<li>L\u00e4het\u00e4 meille kysymyksesi, jotta voimme arvioida konsultaation m\u00e4\u00e4r\u00e4n<\/li>\n<li>L\u00e4het\u00e4mme sinulle tarjouksen sek\u00e4 sovitaan ty\u00f6n m\u00e4\u00e4r\u00e4st\u00e4<\/li>\n<li>Neuvonta tehd\u00e4\u00e4n joko puhelimitse, Skype-puheluna tai kirjallisesti<\/li>\n<\/ul>\n<p><strong>T\u00e4rke\u00e4\u00e4 tietoa:<\/strong><\/p>\n<ul>\n<li>Koska konsultaation sis\u00e4lt\u00f6 ja ty\u00f6m\u00e4\u00e4r\u00e4 riippuvat asiakkaan tarpeista, sovimme aina etuk\u00e4teen konsultaation m\u00e4\u00e4r\u00e4n.<\/li>\n<li>Pyyd\u00e4mme, ett\u00e4 olet valmis l\u00e4hett\u00e4m\u00e4\u00e4n meille kysymyksesi ja huolenaiheet liittyen aloitettavaan yritystoimintaan.<\/li>\n<\/ul>\n<p>[\/vc_column_text]\n\t\t\t\t            <\/div>\n\t        \t\t\t<\/dd><dt class=\"\">\n\t        \t<a class=\"ult-tabto-actitle withBorder ult_a \" id=\"1516979540310-1-8\" style=\"color:#b6b8ba;;background-color:#ffffff;border-bottom-color:transparent;border-bottom-width:0px;border-bottom-style:solid;border-bottom-color:transparent;border-bottom-width:0px;border-bottom-style:solid;\" href=\"#1516979540310-1-8\">\n\t        \t\t<i class=\"accordion-icon\"><\/i>\n\t        \t\t\t<span class=\"ult_tab_main ult_ac_main ult_noacordicnBoth\">\n\n\t\t\t\t\t\t<span  data-ultimate-target='#advanced-tabs-wrap-1946 .ult-span-text'  data-responsive-json-new='{\"font-size\":\"desktop:14px;\",\"line-height\":\"\"}'  class=\"ult-span-text no_icon ult_acordian-text ult-responsive\" style=\"font-weight:bold;;color:inherit \" >USEIN KYSYTYT<\/span>\n\t\t\t\t\t\t<\/span><\/a><\/dt>\n\t            \t\t<dd class=\"ult-tabto-accordionItem ult-tabto-accolapsed\">\n\t\t\t\t            <div class=\"ult-tabto-acontent\" style=\"color:#74777b;\">\n\t\t\t\t               [vc_toggle title=&#8221;1. Mit\u00e4 veroja on maksettava?&#8221; style=&#8221;arrow&#8221; open=&#8221;true&#8221; custom_font_container=&#8221;tag:h5|text_align:left|color:%230c0c0c&#8221; custom_use_theme_fonts=&#8221;yes&#8221; use_custom_heading=&#8221;true&#8221;]Yksityishenkil\u00f6n tai yhti\u00f6n verotuksesta ei voida antaa t\u00e4ydellist\u00e4 vastausta ilman taustatietoja. Pyyd\u00e4mme tilamaan konsultaation ja esitt\u00e4m\u00e4\u00e4n kysymykset kirjallisesti, jotta voimme teid\u00e4n tapaukseen perehty\u00e4.[\/vc_toggle]\n\t\t\t\t            <\/div>\n\t        \t\t\t<\/dd>\n    \t<\/dl>\n    <!--<div class=\"extraborder\" style=\"background-color:#ffffff\"><\/div>-->\n<\/div>\n\n<\/div>[\/vc_column][\/vc_row]<\/p>\n<\/div>","protected":false},"excerpt":{"rendered":"<p>Jos et ole varma, miten aloittaa yritystoiminta Suomessa on juuri t\u00e4m\u00e4 t\u00e4m\u00e4 konsultaatio sinulle sopiva. Me k\u00e4ymme l\u00e4pi kaikki tarvittavat aihealueet\u2014 sopivat aloitus mahdollisuudet, yrityksen rakenne, velvollisuudet, p\u00e4iv\u00e4m\u00e4\u00e4r\u00e4t, verotus ja lains\u00e4\u00e4d\u00e4nt\u00f6 Suomessa.<\/p>\n","protected":false},"featured_media":58124,"template":"","meta":{"_acf_changed":false,"inline_featured_image":false},"product_brand":[],"product_cat":[354,363],"product_tag":[347],"class_list":{"0":"post-58041","1":"product","2":"type-product","3":"status-publish","4":"has-post-thumbnail","6":"product_cat-legal-services-fi","7":"product_cat-company-formation-fi","8":"product_tag-finland-fi","9":"description-off","11":"first","12":"instock","13":"virtual","14":"taxable","15":"purchasable","16":"product-type-simple"},"bundled_by":["60337"],"bundle_stock_status":"instock","bundle_stock_quantity":null,"bundle_virtual":false,"bundle_layout":"","bundle_add_to_cart_form_location":"","bundle_editable_in_cart":false,"bundle_sold_individually_context":"","bundle_item_grouping":"","bundle_min_size":"","bundle_max_size":"","bundle_price":[],"bundled_items":[],"bundle_sell_ids":[],"acf":[],"yoast_head":"<!-- This site is optimized with the Yoast SEO plugin v23.0 - https:\/\/yoast.com\/wordpress\/plugins\/seo\/ -->\n<title>Konsultaatio- Yrityksen aloittaminen Suomessa | 1Office Finland<\/title>\n<meta name=\"robots\" content=\"noindex, follow, max-snippet:-1, max-image-preview:large, max-video-preview:-1\" \/>\n<meta property=\"og:locale\" content=\"fi_FI\" \/>\n<meta property=\"og:type\" content=\"article\" \/>\n<meta property=\"og:title\" content=\"Konsultaatio- Yrityksen aloittaminen Suomessa | 1Office Finland\" \/>\n<meta property=\"og:description\" content=\"Jos et ole varma, miten aloittaa yritystoiminta Suomessa on juuri t\u00e4m\u00e4 t\u00e4m\u00e4 konsultaatio sinulle sopiva. Me k\u00e4ymme l\u00e4pi kaikki tarvittavat aihealueet\u2014 sopivat aloitus mahdollisuudet, yrityksen rakenne, velvollisuudet, p\u00e4iv\u00e4m\u00e4\u00e4r\u00e4t, verotus ja lains\u00e4\u00e4d\u00e4nt\u00f6 Suomessa.\" \/>\n<meta property=\"og:url\" content=\"https:\/\/dev.1office.co\/finland\/fi\/tuote\/aloittavan-yrityksen-konsultaatio\/\" \/>\n<meta property=\"og:site_name\" content=\"1Office Finland\" \/>\n<meta property=\"article:modified_time\" content=\"2022-09-13T10:52:23+00:00\" \/>\n<meta property=\"og:image\" content=\"https:\/\/dev.1office.co\/finland\/wp-content\/uploads\/sites\/10\/2018\/07\/small-meetings-e1594812453921.jpg\" \/>\n\t<meta property=\"og:image:width\" content=\"1200\" \/>\n\t<meta property=\"og:image:height\" content=\"857\" \/>\n\t<meta property=\"og:image:type\" content=\"image\/jpeg\" \/>\n<meta name=\"twitter:card\" content=\"summary_large_image\" \/>\n<meta name=\"twitter:label1\" content=\"Arvioitu lukuaika\" \/>\n\t<meta name=\"twitter:data1\" content=\"2 minuuttia\" \/>\n<script type=\"application\/ld+json\" class=\"yoast-schema-graph\">{\"@context\":\"https:\/\/schema.org\",\"@graph\":[{\"@type\":\"WebPage\",\"@id\":\"https:\/\/dev.1office.co\/finland\/fi\/tuote\/aloittavan-yrityksen-konsultaatio\/\",\"url\":\"https:\/\/dev.1office.co\/finland\/fi\/tuote\/aloittavan-yrityksen-konsultaatio\/\",\"name\":\"Konsultaatio- Yrityksen aloittaminen Suomessa | 1Office Finland\",\"isPartOf\":{\"@id\":\"https:\/\/dev.1office.co\/finland\/#website\"},\"primaryImageOfPage\":{\"@id\":\"https:\/\/dev.1office.co\/finland\/fi\/tuote\/aloittavan-yrityksen-konsultaatio\/#primaryimage\"},\"image\":{\"@id\":\"https:\/\/dev.1office.co\/finland\/fi\/tuote\/aloittavan-yrityksen-konsultaatio\/#primaryimage\"},\"thumbnailUrl\":\"https:\/\/dev.1office.co\/finland\/wp-content\/uploads\/sites\/10\/2018\/07\/small-meetings-e1594812453921.jpg\",\"datePublished\":\"2018-07-12T06:40:32+00:00\",\"dateModified\":\"2022-09-13T10:52:23+00:00\",\"breadcrumb\":{\"@id\":\"https:\/\/dev.1office.co\/finland\/fi\/tuote\/aloittavan-yrityksen-konsultaatio\/#breadcrumb\"},\"inLanguage\":\"fi\",\"potentialAction\":[{\"@type\":\"ReadAction\",\"target\":[\"https:\/\/dev.1office.co\/finland\/fi\/tuote\/aloittavan-yrityksen-konsultaatio\/\"]}]},{\"@type\":\"ImageObject\",\"inLanguage\":\"fi\",\"@id\":\"https:\/\/dev.1office.co\/finland\/fi\/tuote\/aloittavan-yrityksen-konsultaatio\/#primaryimage\",\"url\":\"https:\/\/dev.1office.co\/finland\/wp-content\/uploads\/sites\/10\/2018\/07\/small-meetings-e1594812453921.jpg\",\"contentUrl\":\"https:\/\/dev.1office.co\/finland\/wp-content\/uploads\/sites\/10\/2018\/07\/small-meetings-e1594812453921.jpg\",\"width\":1200,\"height\":857},{\"@type\":\"BreadcrumbList\",\"@id\":\"https:\/\/dev.1office.co\/finland\/fi\/tuote\/aloittavan-yrityksen-konsultaatio\/#breadcrumb\",\"itemListElement\":[{\"@type\":\"ListItem\",\"position\":1,\"name\":\"Home\",\"item\":\"https:\/\/dev.1office.co\/finland\/fi\/\"},{\"@type\":\"ListItem\",\"position\":2,\"name\":\"Shop\",\"item\":\"https:\/\/dev.1office.co\/finland\/shop\/\"},{\"@type\":\"ListItem\",\"position\":3,\"name\":\"Konsultaatio- Yrityksen aloittaminen Suomessa\"}]},{\"@type\":\"WebSite\",\"@id\":\"https:\/\/dev.1office.co\/finland\/#website\",\"url\":\"https:\/\/dev.1office.co\/finland\/\",\"name\":\"1Office Finland\",\"description\":\"Making Business Simple\",\"potentialAction\":[{\"@type\":\"SearchAction\",\"target\":{\"@type\":\"EntryPoint\",\"urlTemplate\":\"https:\/\/dev.1office.co\/finland\/?s={search_term_string}\"},\"query-input\":\"required name=search_term_string\"}],\"inLanguage\":\"fi\"}]}<\/script>\n<!-- \/ Yoast SEO plugin. -->","yoast_head_json":{"title":"Konsultaatio- Yrityksen aloittaminen Suomessa | 1Office Finland","robots":{"index":"noindex","follow":"follow","max-snippet":"max-snippet:-1","max-image-preview":"max-image-preview:large","max-video-preview":"max-video-preview:-1"},"og_locale":"fi_FI","og_type":"article","og_title":"Konsultaatio- Yrityksen aloittaminen Suomessa | 1Office Finland","og_description":"Jos et ole varma, miten aloittaa yritystoiminta Suomessa on juuri t\u00e4m\u00e4 t\u00e4m\u00e4 konsultaatio sinulle sopiva. Me k\u00e4ymme l\u00e4pi kaikki tarvittavat aihealueet\u2014 sopivat aloitus mahdollisuudet, yrityksen rakenne, velvollisuudet, p\u00e4iv\u00e4m\u00e4\u00e4r\u00e4t, verotus ja lains\u00e4\u00e4d\u00e4nt\u00f6 Suomessa.","og_url":"https:\/\/dev.1office.co\/finland\/fi\/tuote\/aloittavan-yrityksen-konsultaatio\/","og_site_name":"1Office Finland","article_modified_time":"2022-09-13T10:52:23+00:00","og_image":[{"width":1200,"height":857,"url":"https:\/\/dev.1office.co\/finland\/wp-content\/uploads\/sites\/10\/2018\/07\/small-meetings-e1594812453921.jpg","type":"image\/jpeg"}],"twitter_card":"summary_large_image","twitter_misc":{"Arvioitu lukuaika":"2 minuuttia"},"schema":{"@context":"https:\/\/schema.org","@graph":[{"@type":"WebPage","@id":"https:\/\/dev.1office.co\/finland\/fi\/tuote\/aloittavan-yrityksen-konsultaatio\/","url":"https:\/\/dev.1office.co\/finland\/fi\/tuote\/aloittavan-yrityksen-konsultaatio\/","name":"Konsultaatio- Yrityksen aloittaminen Suomessa | 1Office Finland","isPartOf":{"@id":"https:\/\/dev.1office.co\/finland\/#website"},"primaryImageOfPage":{"@id":"https:\/\/dev.1office.co\/finland\/fi\/tuote\/aloittavan-yrityksen-konsultaatio\/#primaryimage"},"image":{"@id":"https:\/\/dev.1office.co\/finland\/fi\/tuote\/aloittavan-yrityksen-konsultaatio\/#primaryimage"},"thumbnailUrl":"https:\/\/dev.1office.co\/finland\/wp-content\/uploads\/sites\/10\/2018\/07\/small-meetings-e1594812453921.jpg","datePublished":"2018-07-12T06:40:32+00:00","dateModified":"2022-09-13T10:52:23+00:00","breadcrumb":{"@id":"https:\/\/dev.1office.co\/finland\/fi\/tuote\/aloittavan-yrityksen-konsultaatio\/#breadcrumb"},"inLanguage":"fi","potentialAction":[{"@type":"ReadAction","target":["https:\/\/dev.1office.co\/finland\/fi\/tuote\/aloittavan-yrityksen-konsultaatio\/"]}]},{"@type":"ImageObject","inLanguage":"fi","@id":"https:\/\/dev.1office.co\/finland\/fi\/tuote\/aloittavan-yrityksen-konsultaatio\/#primaryimage","url":"https:\/\/dev.1office.co\/finland\/wp-content\/uploads\/sites\/10\/2018\/07\/small-meetings-e1594812453921.jpg","contentUrl":"https:\/\/dev.1office.co\/finland\/wp-content\/uploads\/sites\/10\/2018\/07\/small-meetings-e1594812453921.jpg","width":1200,"height":857},{"@type":"BreadcrumbList","@id":"https:\/\/dev.1office.co\/finland\/fi\/tuote\/aloittavan-yrityksen-konsultaatio\/#breadcrumb","itemListElement":[{"@type":"ListItem","position":1,"name":"Home","item":"https:\/\/dev.1office.co\/finland\/fi\/"},{"@type":"ListItem","position":2,"name":"Shop","item":"https:\/\/dev.1office.co\/finland\/shop\/"},{"@type":"ListItem","position":3,"name":"Konsultaatio- Yrityksen aloittaminen Suomessa"}]},{"@type":"WebSite","@id":"https:\/\/dev.1office.co\/finland\/#website","url":"https:\/\/dev.1office.co\/finland\/","name":"1Office Finland","description":"Making Business Simple","potentialAction":[{"@type":"SearchAction","target":{"@type":"EntryPoint","urlTemplate":"https:\/\/dev.1office.co\/finland\/?s={search_term_string}"},"query-input":"required name=search_term_string"}],"inLanguage":"fi"}]}},"_links":{"self":[{"href":"https:\/\/dev.1office.co\/finland\/fi\/wp-json\/wp\/v2\/product\/58041","targetHints":{"allow":["GET"]}}],"collection":[{"href":"https:\/\/dev.1office.co\/finland\/fi\/wp-json\/wp\/v2\/product"}],"about":[{"href":"https:\/\/dev.1office.co\/finland\/fi\/wp-json\/wp\/v2\/types\/product"}],"wp:featuredmedia":[{"embeddable":true,"href":"https:\/\/dev.1office.co\/finland\/fi\/wp-json\/wp\/v2\/media\/58124"}],"wp:attachment":[{"href":"https:\/\/dev.1office.co\/finland\/fi\/wp-json\/wp\/v2\/media?parent=58041"}],"wp:term":[{"taxonomy":"product_brand","embeddable":true,"href":"https:\/\/dev.1office.co\/finland\/fi\/wp-json\/wp\/v2\/product_brand?post=58041"},{"taxonomy":"product_cat","embeddable":true,"href":"https:\/\/dev.1office.co\/finland\/fi\/wp-json\/wp\/v2\/product_cat?post=58041"},{"taxonomy":"product_tag","embeddable":true,"href":"https:\/\/dev.1office.co\/finland\/fi\/wp-json\/wp\/v2\/product_tag?post=58041"}],"curies":[{"name":"wp","href":"https:\/\/api.w.org\/{rel}","templated":true}]}}