{"id":57871,"date":"2017-08-10T10:40:20","date_gmt":"2017-08-10T10:40:20","guid":{"rendered":"https:\/\/dev.1office.co\/finland\/product\/secretary-services\/"},"modified":"2022-09-13T10:58:28","modified_gmt":"2022-09-13T10:58:28","slug":"sihteeripalvelut","status":"publish","type":"product","link":"https:\/\/dev.1office.co\/finland\/fi\/tuote\/sihteeripalvelut\/","title":{"rendered":"Sihteeripalvelut"},"content":{"rendered":"<div class=\"wpb-content-wrapper\"><p>[vc_row][vc_column]<div id=\"advanced-tabs-desc-wrap-7808\" class=\"ult_tabs product_tabs\" style=\" \" data-tabsstyle=\"style1\"\n data-titlebg=\"#ffffff\" data-titlecolor=\"#b6b8ba\" data-fullheight=\"off\"\n data-titlehoverbg=\"#ffffff\" data-titlehovercolor=\"#1d1e23\"\n data-rotatetabs=\"0\" data-responsivemode=\"Both\" data-animation=\"Slide\"\ndata-activetitle=\"#1d1e23\" data-activeicon=\"\" data-activebg=\"#ffffff\"  data-respmode=\"Tabs\" data-respwidth=\"400\" data-scroll = \"on\" data-activeindex=\"1\"><ul id=advanced-tabs-wrap-4413 class=\"ult_tabmenu style1 \" style=\"\"><li class=\"ult_tab_li  \" data-iconcolor=\"#74777b\" data-iconhover=\"#ffffff\" style=\"background-color:#ffffff;border-color:transparent;border-width:0px;border-style:solid;border-top-right-radius:8px;\">\n\t\t\t\t\t<a href=\"#1512642751410-8d95f-ef3d\"  id=\"1512642751410-8d95f-ef3d\"  style=\"color:#b6b8ba;; padding:15px; \" class=\"ult_a  \">\n\t\t\t\t\t     <span class=\"ult_tab_main Both \">\n\t\t\t\t\t \t\t <span class=\"ult_tab_section\">\n\t\t\t\t\t   \t\t\t<span  data-ultimate-target='#advanced-tabs-wrap-4413 .ult-span-text'  data-responsive-json-new='{\"font-size\":\"desktop:14px;\",\"line-height\":\"\"}'  class=\"ult-span-text no_icon ult_tab_display_text ult-responsive\" style=\"font-weight:bold;;\">DESCRIPTION<\/span>\n\t\t\t\t\t   \t\t<\/span>\n\t\t\t\t\t\t<\/span>\n\t\t\t\t\t<\/a>\n\t\t\t\t\t<\/li><\/ul><div  data-ultimate-target='#advanced-tabs-desc-wrap-7808 .ult_tabcontent .ult_tab_min_contain  p'  data-responsive-json-new='{\"font-size\":\"\",\"line-height\":\"\"}' class=\"ult_tabcontent ult-responsive style1\" style=\"color:#74777b;\"><div class=\"ult_tab_min_contain \" >\n\t\t\t<div  class=\"ult_tabitemname\"  >\n\t\t\t\t[vc_column_text]Sihteerimme on apunasi maanantaista perjantaihin klo 8 ja 16 v\u00e4lisen\u00e4 aikana. Palvelu on tunti-hintaista.<\/p>\n<p><strong>Hintaan sis\u00e4ltyy:<\/strong><\/p>\n<ul>\n<li>Palvelun tarkka sis\u00e4lt\u00f6 sek\u00e4 hinta riippuvat asiakkaan tarpeista, sek\u00e4 edelt\u00e4v\u00e4st\u00e4 sopimuksesta.<\/li>\n<\/ul>\n<p><strong>Suosituimpia palveluita ovat: <\/strong><\/p>\n<ul>\n<li>Toimistolla vierailevien asiakkaiden sek\u00e4 yhteisty\u00f6kumppaneiden aulapalvelut<\/li>\n<li>Asiakirjojen hallinta riippuen yrityksen menettely tavoista<\/li>\n<li>K\u00e4\u00e4nn\u00f6sty\u00f6t<\/li>\n<li>Toimistotarvikkeiden ja -palveluiden tilaaminen yritykselle<\/li>\n<li>Ty\u00f6matkojen j\u00e4rjest\u00e4minen<\/li>\n<li>Viranomaistapaamiset yhdess\u00e4 asiakkaan kanssa<\/li>\n<li>Apu suomen kielen kommunikoinnissa<\/li>\n<\/ul>\n<p><strong>Saatavilla lis\u00e4maksusta:<\/strong><\/p>\n<ul>\n<li><a href=\"https:\/\/dev.1office.co\/finland\/fi\/tuote\/yritysosoite-helsingin-ydinkeskustassa\/\" target=\"_blank\" rel=\"noopener noreferrer\">Yritysosoitepalvelu<\/a><\/li>\n<li><a href=\"https:\/\/dev.1office.co\/finland\/fi\/tuote\/puhelinpalvelu-kuu\/\" target=\"_blank\" rel=\"noopener noreferrer\">Puhelinpalvelu<\/a><\/li>\n<li><a href=\"https:\/\/dev.1office.co\/finland\/fi\/tuote\/neuvotteluhuone-6-hlolle\/\" target=\"_blank\" rel=\"noopener noreferrer\">Neuvotteluhuoneen vuokraaminen<\/a><\/li>\n<\/ul>\n<p>[\/vc_column_text]\n\t\t\t<\/div><\/div><\/div><\/div><div class=\"ult_acord advanced-tabs-desc-wrap-7808\">\n   <div class=\"ult-tabto-accordion \" style=\"width:;\"\n    data-titlecolor=\"#b6b8ba\"  data-titlebg=\"#ffffff\"\n     data-titlehoverbg=\"#ffffff\" data-titlehovercolor=\"#1d1e23\" data-animation=\"Slide\"\n     data-activetitle=\"#1d1e23\" data-activeicon=\"\" data-activebg=\"#ffffff\" data-scroll = \"on\" data-activeindex=\"1\" >\n     <dl><dt class=\"\">\n\t        \t<a class=\"ult-tabto-actitle withBorder ult_a \" id=\"1512642751410-8d95f-ef3d\" style=\"color:#b6b8ba;;background-color:#ffffff;border-bottom-color:transparent;border-bottom-width:0px;border-bottom-style:solid;\" href=\"#1512642751410-8d95f-ef3d\">\n\t        \t\t<i class=\"accordion-icon\"><\/i>\n\t        \t\t\t<span class=\"ult_tab_main ult_ac_main ult_noacordicnBoth\">\n\n\t\t\t\t\t\t<span  data-ultimate-target='#advanced-tabs-wrap-4413 .ult-span-text'  data-responsive-json-new='{\"font-size\":\"desktop:14px;\",\"line-height\":\"\"}'  class=\"ult-span-text no_icon ult_acordian-text ult-responsive\" style=\"font-weight:bold;;color:inherit \" >DESCRIPTION<\/span>\n\t\t\t\t\t\t<\/span><\/a><\/dt>\n\t            \t\t<dd class=\"ult-tabto-accordionItem ult-tabto-accolapsed\">\n\t\t\t\t            <div class=\"ult-tabto-acontent\" style=\"color:#74777b;\">\n\t\t\t\t               [vc_column_text]Sihteerimme on apunasi maanantaista perjantaihin klo 8 ja 16 v\u00e4lisen\u00e4 aikana. Palvelu on tunti-hintaista.<\/p>\n<p><strong>Hintaan sis\u00e4ltyy:<\/strong><\/p>\n<ul>\n<li>Palvelun tarkka sis\u00e4lt\u00f6 sek\u00e4 hinta riippuvat asiakkaan tarpeista, sek\u00e4 edelt\u00e4v\u00e4st\u00e4 sopimuksesta.<\/li>\n<\/ul>\n<p><strong>Suosituimpia palveluita ovat: <\/strong><\/p>\n<ul>\n<li>Toimistolla vierailevien asiakkaiden sek\u00e4 yhteisty\u00f6kumppaneiden aulapalvelut<\/li>\n<li>Asiakirjojen hallinta riippuen yrityksen menettely tavoista<\/li>\n<li>K\u00e4\u00e4nn\u00f6sty\u00f6t<\/li>\n<li>Toimistotarvikkeiden ja -palveluiden tilaaminen yritykselle<\/li>\n<li>Ty\u00f6matkojen j\u00e4rjest\u00e4minen<\/li>\n<li>Viranomaistapaamiset yhdess\u00e4 asiakkaan kanssa<\/li>\n<li>Apu suomen kielen kommunikoinnissa<\/li>\n<\/ul>\n<p><strong>Saatavilla lis\u00e4maksusta:<\/strong><\/p>\n<ul>\n<li><a href=\"https:\/\/dev.1office.co\/finland\/fi\/tuote\/yritysosoite-helsingin-ydinkeskustassa\/\" target=\"_blank\" rel=\"noopener noreferrer\">Yritysosoitepalvelu<\/a><\/li>\n<li><a href=\"https:\/\/dev.1office.co\/finland\/fi\/tuote\/puhelinpalvelu-kuu\/\" target=\"_blank\" rel=\"noopener noreferrer\">Puhelinpalvelu<\/a><\/li>\n<li><a href=\"https:\/\/dev.1office.co\/finland\/fi\/tuote\/neuvotteluhuone-6-hlolle\/\" target=\"_blank\" rel=\"noopener noreferrer\">Neuvotteluhuoneen vuokraaminen<\/a><\/li>\n<\/ul>\n<p>[\/vc_column_text]\n\t\t\t\t            <\/div>\n\t        \t\t\t<\/dd>\n    \t<\/dl>\n    <!--<div class=\"extraborder\" style=\"background-color:#ffffff\"><\/div>-->\n<\/div>\n\n<\/div>[\/vc_column][\/vc_row]<\/p>\n<\/div>","protected":false},"excerpt":{"rendered":"<p>\u00c4l\u00e4 kuluta aikaasi rutiini toimenpiteisiin vaan keskity sen sijaan perusliikentoimintaasi. Palvelu on yrityksille, joille ei ole j\u00e4rkev\u00e4\u00e4 palkata omaa t\u00e4ysip\u00e4iv\u00e4ist\u00e4 sihteeri\u00e4, tai jotka tarvitsevat sihteeripalveluita tarpeen vaatiessaan.<\/p>\n","protected":false},"featured_media":58142,"template":"","meta":{"_acf_changed":false,"inline_featured_image":false},"product_brand":[],"product_cat":[438],"product_tag":[347],"class_list":{"0":"post-57871","1":"product","2":"type-product","3":"status-publish","4":"has-post-thumbnail","6":"product_cat-virtual-office-fi","7":"product_tag-finland-fi","8":"description-off","10":"first","11":"instock","12":"taxable","13":"shipping-taxable","14":"purchasable","15":"product-type-simple"},"bundled_by":["60337","60337"],"bundle_stock_status":"instock","bundle_stock_quantity":null,"bundle_virtual":false,"bundle_layout":"","bundle_add_to_cart_form_location":"","bundle_editable_in_cart":false,"bundle_sold_individually_context":"","bundle_item_grouping":"","bundle_min_size":"","bundle_max_size":"","bundle_price":[],"bundled_items":[],"bundle_sell_ids":[],"acf":[],"yoast_head":"<!-- This site is optimized with the Yoast SEO plugin v23.0 - https:\/\/yoast.com\/wordpress\/plugins\/seo\/ -->\n<title>Sihteeripalvelut | 1Office Finland<\/title>\n<meta name=\"description\" content=\"Free up your time from routine everyday tasks and focus on your real business. Suitable for companies without a full-time secretary and to those who need assistants help occasionally.\" \/>\n<meta name=\"robots\" content=\"noindex, follow, max-snippet:-1, max-image-preview:large, max-video-preview:-1\" \/>\n<meta property=\"og:locale\" content=\"fi_FI\" \/>\n<meta property=\"og:type\" content=\"article\" \/>\n<meta property=\"og:title\" content=\"Sihteeripalvelut | 1Office Finland\" \/>\n<meta property=\"og:description\" content=\"Free up your time from routine everyday tasks and focus on your real business. Suitable for companies without a full-time secretary and to those who need assistants help occasionally.\" \/>\n<meta property=\"og:url\" content=\"https:\/\/dev.1office.co\/finland\/fi\/tuote\/sihteeripalvelut\/\" \/>\n<meta property=\"og:site_name\" content=\"1Office Finland\" \/>\n<meta property=\"article:modified_time\" content=\"2022-09-13T10:58:28+00:00\" \/>\n<meta property=\"og:image\" content=\"https:\/\/dev.1office.co\/finland\/wp-content\/uploads\/sites\/10\/2017\/08\/Ergonomics-50.jpg\" \/>\n\t<meta property=\"og:image:width\" content=\"847\" \/>\n\t<meta property=\"og:image:height\" content=\"565\" \/>\n\t<meta property=\"og:image:type\" content=\"image\/jpeg\" \/>\n<meta name=\"twitter:card\" content=\"summary_large_image\" \/>\n<meta name=\"twitter:label1\" content=\"Arvioitu lukuaika\" \/>\n\t<meta name=\"twitter:data1\" content=\"1 minuutti\" \/>\n<script type=\"application\/ld+json\" class=\"yoast-schema-graph\">{\"@context\":\"https:\/\/schema.org\",\"@graph\":[{\"@type\":\"WebPage\",\"@id\":\"https:\/\/dev.1office.co\/finland\/fi\/tuote\/sihteeripalvelut\/\",\"url\":\"https:\/\/dev.1office.co\/finland\/fi\/tuote\/sihteeripalvelut\/\",\"name\":\"Sihteeripalvelut | 1Office Finland\",\"isPartOf\":{\"@id\":\"https:\/\/dev.1office.co\/finland\/#website\"},\"primaryImageOfPage\":{\"@id\":\"https:\/\/dev.1office.co\/finland\/fi\/tuote\/sihteeripalvelut\/#primaryimage\"},\"image\":{\"@id\":\"https:\/\/dev.1office.co\/finland\/fi\/tuote\/sihteeripalvelut\/#primaryimage\"},\"thumbnailUrl\":\"https:\/\/dev.1office.co\/finland\/wp-content\/uploads\/sites\/10\/2017\/08\/Ergonomics-50.jpg\",\"datePublished\":\"2017-08-10T10:40:20+00:00\",\"dateModified\":\"2022-09-13T10:58:28+00:00\",\"description\":\"Free up your time from routine everyday tasks and focus on your real business. Suitable for companies without a full-time secretary and to those who need assistants help occasionally.\",\"breadcrumb\":{\"@id\":\"https:\/\/dev.1office.co\/finland\/fi\/tuote\/sihteeripalvelut\/#breadcrumb\"},\"inLanguage\":\"fi\",\"potentialAction\":[{\"@type\":\"ReadAction\",\"target\":[\"https:\/\/dev.1office.co\/finland\/fi\/tuote\/sihteeripalvelut\/\"]}]},{\"@type\":\"ImageObject\",\"inLanguage\":\"fi\",\"@id\":\"https:\/\/dev.1office.co\/finland\/fi\/tuote\/sihteeripalvelut\/#primaryimage\",\"url\":\"https:\/\/dev.1office.co\/finland\/wp-content\/uploads\/sites\/10\/2017\/08\/Ergonomics-50.jpg\",\"contentUrl\":\"https:\/\/dev.1office.co\/finland\/wp-content\/uploads\/sites\/10\/2017\/08\/Ergonomics-50.jpg\",\"width\":847,\"height\":565},{\"@type\":\"BreadcrumbList\",\"@id\":\"https:\/\/dev.1office.co\/finland\/fi\/tuote\/sihteeripalvelut\/#breadcrumb\",\"itemListElement\":[{\"@type\":\"ListItem\",\"position\":1,\"name\":\"Home\",\"item\":\"https:\/\/dev.1office.co\/finland\/fi\/\"},{\"@type\":\"ListItem\",\"position\":2,\"name\":\"Shop\",\"item\":\"https:\/\/dev.1office.co\/finland\/shop\/\"},{\"@type\":\"ListItem\",\"position\":3,\"name\":\"Sihteeripalvelut\"}]},{\"@type\":\"WebSite\",\"@id\":\"https:\/\/dev.1office.co\/finland\/#website\",\"url\":\"https:\/\/dev.1office.co\/finland\/\",\"name\":\"1Office Finland\",\"description\":\"Making Business Simple\",\"potentialAction\":[{\"@type\":\"SearchAction\",\"target\":{\"@type\":\"EntryPoint\",\"urlTemplate\":\"https:\/\/dev.1office.co\/finland\/?s={search_term_string}\"},\"query-input\":\"required name=search_term_string\"}],\"inLanguage\":\"fi\"}]}<\/script>\n<!-- \/ Yoast SEO plugin. -->","yoast_head_json":{"title":"Sihteeripalvelut | 1Office Finland","description":"Free up your time from routine everyday tasks and focus on your real business. Suitable for companies without a full-time secretary and to those who need assistants help occasionally.","robots":{"index":"noindex","follow":"follow","max-snippet":"max-snippet:-1","max-image-preview":"max-image-preview:large","max-video-preview":"max-video-preview:-1"},"og_locale":"fi_FI","og_type":"article","og_title":"Sihteeripalvelut | 1Office Finland","og_description":"Free up your time from routine everyday tasks and focus on your real business. Suitable for companies without a full-time secretary and to those who need assistants help occasionally.","og_url":"https:\/\/dev.1office.co\/finland\/fi\/tuote\/sihteeripalvelut\/","og_site_name":"1Office Finland","article_modified_time":"2022-09-13T10:58:28+00:00","og_image":[{"width":847,"height":565,"url":"https:\/\/dev.1office.co\/finland\/wp-content\/uploads\/sites\/10\/2017\/08\/Ergonomics-50.jpg","type":"image\/jpeg"}],"twitter_card":"summary_large_image","twitter_misc":{"Arvioitu lukuaika":"1 minuutti"},"schema":{"@context":"https:\/\/schema.org","@graph":[{"@type":"WebPage","@id":"https:\/\/dev.1office.co\/finland\/fi\/tuote\/sihteeripalvelut\/","url":"https:\/\/dev.1office.co\/finland\/fi\/tuote\/sihteeripalvelut\/","name":"Sihteeripalvelut | 1Office Finland","isPartOf":{"@id":"https:\/\/dev.1office.co\/finland\/#website"},"primaryImageOfPage":{"@id":"https:\/\/dev.1office.co\/finland\/fi\/tuote\/sihteeripalvelut\/#primaryimage"},"image":{"@id":"https:\/\/dev.1office.co\/finland\/fi\/tuote\/sihteeripalvelut\/#primaryimage"},"thumbnailUrl":"https:\/\/dev.1office.co\/finland\/wp-content\/uploads\/sites\/10\/2017\/08\/Ergonomics-50.jpg","datePublished":"2017-08-10T10:40:20+00:00","dateModified":"2022-09-13T10:58:28+00:00","description":"Free up your time from routine everyday tasks and focus on your real business. Suitable for companies without a full-time secretary and to those who need assistants help occasionally.","breadcrumb":{"@id":"https:\/\/dev.1office.co\/finland\/fi\/tuote\/sihteeripalvelut\/#breadcrumb"},"inLanguage":"fi","potentialAction":[{"@type":"ReadAction","target":["https:\/\/dev.1office.co\/finland\/fi\/tuote\/sihteeripalvelut\/"]}]},{"@type":"ImageObject","inLanguage":"fi","@id":"https:\/\/dev.1office.co\/finland\/fi\/tuote\/sihteeripalvelut\/#primaryimage","url":"https:\/\/dev.1office.co\/finland\/wp-content\/uploads\/sites\/10\/2017\/08\/Ergonomics-50.jpg","contentUrl":"https:\/\/dev.1office.co\/finland\/wp-content\/uploads\/sites\/10\/2017\/08\/Ergonomics-50.jpg","width":847,"height":565},{"@type":"BreadcrumbList","@id":"https:\/\/dev.1office.co\/finland\/fi\/tuote\/sihteeripalvelut\/#breadcrumb","itemListElement":[{"@type":"ListItem","position":1,"name":"Home","item":"https:\/\/dev.1office.co\/finland\/fi\/"},{"@type":"ListItem","position":2,"name":"Shop","item":"https:\/\/dev.1office.co\/finland\/shop\/"},{"@type":"ListItem","position":3,"name":"Sihteeripalvelut"}]},{"@type":"WebSite","@id":"https:\/\/dev.1office.co\/finland\/#website","url":"https:\/\/dev.1office.co\/finland\/","name":"1Office Finland","description":"Making Business Simple","potentialAction":[{"@type":"SearchAction","target":{"@type":"EntryPoint","urlTemplate":"https:\/\/dev.1office.co\/finland\/?s={search_term_string}"},"query-input":"required name=search_term_string"}],"inLanguage":"fi"}]}},"_links":{"self":[{"href":"https:\/\/dev.1office.co\/finland\/fi\/wp-json\/wp\/v2\/product\/57871","targetHints":{"allow":["GET"]}}],"collection":[{"href":"https:\/\/dev.1office.co\/finland\/fi\/wp-json\/wp\/v2\/product"}],"about":[{"href":"https:\/\/dev.1office.co\/finland\/fi\/wp-json\/wp\/v2\/types\/product"}],"wp:featuredmedia":[{"embeddable":true,"href":"https:\/\/dev.1office.co\/finland\/fi\/wp-json\/wp\/v2\/media\/58142"}],"wp:attachment":[{"href":"https:\/\/dev.1office.co\/finland\/fi\/wp-json\/wp\/v2\/media?parent=57871"}],"wp:term":[{"taxonomy":"product_brand","embeddable":true,"href":"https:\/\/dev.1office.co\/finland\/fi\/wp-json\/wp\/v2\/product_brand?post=57871"},{"taxonomy":"product_cat","embeddable":true,"href":"https:\/\/dev.1office.co\/finland\/fi\/wp-json\/wp\/v2\/product_cat?post=57871"},{"taxonomy":"product_tag","embeddable":true,"href":"https:\/\/dev.1office.co\/finland\/fi\/wp-json\/wp\/v2\/product_tag?post=57871"}],"curies":[{"name":"wp","href":"https:\/\/api.w.org\/{rel}","templated":true}]}}