{"id":57869,"date":"2017-08-10T08:34:10","date_gmt":"2017-08-10T08:34:10","guid":{"rendered":"https:\/\/dev.1office.co\/finland\/product\/call-answering-service\/"},"modified":"2020-01-24T10:10:46","modified_gmt":"2020-01-24T10:10:46","slug":"puhelinpalvelu","status":"publish","type":"product","link":"https:\/\/dev.1office.co\/finland\/fi\/tuote\/puhelinpalvelu\/","title":{"rendered":"Puhelinpalvelu kuukaudeksi"},"content":{"rendered":"<div class=\"wpb-content-wrapper\"><p>[vc_row][vc_column]<div id=\"advanced-tabs-desc-wrap-1703\" class=\"ult_tabs product_tabs\" style=\" \" data-tabsstyle=\"style1\"\n data-titlebg=\"#ffffff\" data-titlecolor=\"#b6b8ba\" data-fullheight=\"off\"\n data-titlehoverbg=\"#ffffff\" data-titlehovercolor=\"#1d1e23\"\n data-rotatetabs=\"0\" data-responsivemode=\"Both\" data-animation=\"Slide\"\ndata-activetitle=\"#1d1e23\" data-activeicon=\"\" data-activebg=\"#ffffff\"  data-respmode=\"Tabs\" data-respwidth=\"400\" data-scroll = \"on\" data-activeindex=\"1\"><ul id=advanced-tabs-wrap-7417 class=\"ult_tabmenu style1 \" style=\"\"><li class=\"ult_tab_li  \" data-iconcolor=\"#74777b\" data-iconhover=\"#ffffff\" style=\"background-color:#ffffff;border-color:transparent;border-width:0px;border-style:solid;border-top-right-radius:8px;\">\n\t\t\t\t\t<a href=\"#1512642751410-8466b-4efe\"  id=\"1512642751410-8466b-4efe\"  style=\"color:#b6b8ba;; padding:15px; \" class=\"ult_a  \">\n\t\t\t\t\t     <span class=\"ult_tab_main Both \">\n\t\t\t\t\t \t\t <span class=\"ult_tab_section\">\n\t\t\t\t\t   \t\t\t<span  data-ultimate-target='#advanced-tabs-wrap-7417 .ult-span-text'  data-responsive-json-new='{\"font-size\":\"desktop:14px;\",\"line-height\":\"\"}'  class=\"ult-span-text no_icon ult_tab_display_text ult-responsive\" style=\"font-weight:bold;;\">DESCRIPTION<\/span>\n\t\t\t\t\t   \t\t<\/span>\n\t\t\t\t\t\t<\/span>\n\t\t\t\t\t<\/a>\n\t\t\t\t\t<\/li><\/ul><div  data-ultimate-target='#advanced-tabs-desc-wrap-1703 .ult_tabcontent .ult_tab_min_contain  p'  data-responsive-json-new='{\"font-size\":\"\",\"line-height\":\"\"}' class=\"ult_tabcontent ult-responsive style1\" style=\"color:#74777b;\"><div class=\"ult_tab_min_contain \" >\n\t\t\t<div  class=\"ult_tabitemname\"  >\n\t\t\t\t[vc_column_text]Sihteerimme vastaa puheluihin sovitulla tervehdyksell\u00e4 ty\u00f6p\u00e4ivisin 8.00-16.00.<\/p>\n<p><strong>Hintaan sis\u00e4ltyy: <\/strong><\/p>\n<ul>\n<li>Palvelun tarkka sis\u00e4lt\u00f6 ja m\u00e4\u00e4r\u00e4 riippuvat asiakkaan tarpeista ja edelt\u00e4c\u00e4st\u00e4 sopimuksesta.<\/li>\n<\/ul>\n<p><strong>Suosituimpia palveluita ovat:<\/strong><\/p>\n<ul>\n<li>Yksityinen puhelinnumer<\/li>\n<li>Yrityksesi puheluihin vastaaminen suomeksi, englanniksi ja\/tai viroksi<\/li>\n<li>Viestien sek\u00e4 soittopyynt\u00f6jen vastaanottaminen sek\u00e4 edelleen l\u00e4hetys s\u00e4hk\u00f6postitse soittajan tietojen kera.<\/li>\n<\/ul>\n<p><strong>Saatavilla lis\u00e4maksusta:<\/strong><\/p>\n<ul>\n<li><a href=\"https:\/\/dev.1office.co\/finland\/fi\/tuote\/yritysosoite-helsingin-keskustassa-urho-kekkosen-katu-4-6e-00100-helsinki\/\" target=\"_blank\" rel=\"noopener noreferrer\">Yritysosoitepalvelu<\/a><\/li>\n<li><a href=\"https:\/\/dev.1office.co\/finland\/fi\/tuote\/sihteeripalvelut\/\" target=\"_blank\" rel=\"noopener noreferrer\">Sihteeripalvelut<\/a><\/li>\n<li><a href=\"https:\/\/dev.1office.co\/finland\/fi\/tuote\/neuvotteluhuone-6-hlolle\/\" target=\"_blank\" rel=\"noopener noreferrer\">Neuvotteluhuoneen vuokraus<\/a><\/li>\n<\/ul>\n<p>[\/vc_column_text]\n\t\t\t<\/div><\/div><\/div><\/div><div class=\"ult_acord advanced-tabs-desc-wrap-1703\">\n   <div class=\"ult-tabto-accordion \" style=\"width:;\"\n    data-titlecolor=\"#b6b8ba\"  data-titlebg=\"#ffffff\"\n     data-titlehoverbg=\"#ffffff\" data-titlehovercolor=\"#1d1e23\" data-animation=\"Slide\"\n     data-activetitle=\"#1d1e23\" data-activeicon=\"\" data-activebg=\"#ffffff\" data-scroll = \"on\" data-activeindex=\"1\" >\n     <dl><dt class=\"\">\n\t        \t<a class=\"ult-tabto-actitle withBorder ult_a \" id=\"1512642751410-8466b-4efe\" style=\"color:#b6b8ba;;background-color:#ffffff;border-bottom-color:transparent;border-bottom-width:0px;border-bottom-style:solid;\" href=\"#1512642751410-8466b-4efe\">\n\t        \t\t<i class=\"accordion-icon\"><\/i>\n\t        \t\t\t<span class=\"ult_tab_main ult_ac_main ult_noacordicnBoth\">\n\n\t\t\t\t\t\t<span  data-ultimate-target='#advanced-tabs-wrap-7417 .ult-span-text'  data-responsive-json-new='{\"font-size\":\"desktop:14px;\",\"line-height\":\"\"}'  class=\"ult-span-text no_icon ult_acordian-text ult-responsive\" style=\"font-weight:bold;;color:inherit \" >DESCRIPTION<\/span>\n\t\t\t\t\t\t<\/span><\/a><\/dt>\n\t            \t\t<dd class=\"ult-tabto-accordionItem ult-tabto-accolapsed\">\n\t\t\t\t            <div class=\"ult-tabto-acontent\" style=\"color:#74777b;\">\n\t\t\t\t               [vc_column_text]Sihteerimme vastaa puheluihin sovitulla tervehdyksell\u00e4 ty\u00f6p\u00e4ivisin 8.00-16.00.<\/p>\n<p><strong>Hintaan sis\u00e4ltyy: <\/strong><\/p>\n<ul>\n<li>Palvelun tarkka sis\u00e4lt\u00f6 ja m\u00e4\u00e4r\u00e4 riippuvat asiakkaan tarpeista ja edelt\u00e4c\u00e4st\u00e4 sopimuksesta.<\/li>\n<\/ul>\n<p><strong>Suosituimpia palveluita ovat:<\/strong><\/p>\n<ul>\n<li>Yksityinen puhelinnumer<\/li>\n<li>Yrityksesi puheluihin vastaaminen suomeksi, englanniksi ja\/tai viroksi<\/li>\n<li>Viestien sek\u00e4 soittopyynt\u00f6jen vastaanottaminen sek\u00e4 edelleen l\u00e4hetys s\u00e4hk\u00f6postitse soittajan tietojen kera.<\/li>\n<\/ul>\n<p><strong>Saatavilla lis\u00e4maksusta:<\/strong><\/p>\n<ul>\n<li><a href=\"https:\/\/dev.1office.co\/finland\/fi\/tuote\/yritysosoite-helsingin-keskustassa-urho-kekkosen-katu-4-6e-00100-helsinki\/\" target=\"_blank\" rel=\"noopener noreferrer\">Yritysosoitepalvelu<\/a><\/li>\n<li><a href=\"https:\/\/dev.1office.co\/finland\/fi\/tuote\/sihteeripalvelut\/\" target=\"_blank\" rel=\"noopener noreferrer\">Sihteeripalvelut<\/a><\/li>\n<li><a href=\"https:\/\/dev.1office.co\/finland\/fi\/tuote\/neuvotteluhuone-6-hlolle\/\" target=\"_blank\" rel=\"noopener noreferrer\">Neuvotteluhuoneen vuokraus<\/a><\/li>\n<\/ul>\n<p>[\/vc_column_text]\n\t\t\t\t            <\/div>\n\t        \t\t\t<\/dd>\n    \t<\/dl>\n    <!--<div class=\"extraborder\" style=\"background-color:#ffffff\"><\/div>-->\n<\/div>\n\n<\/div>[\/vc_column][\/vc_row]<\/p>\n<\/div>","protected":false},"excerpt":{"rendered":"<p>Yksityinen suomalainen puhelinnumero sek\u00e4 puheluihin vastaaminen sinun yrityksesi nimell\u00e4. Sopiva vaihtoehto, jos yrityksesi ei tarvitse t\u00e4ysiaikaista sihteeri\u00e4 tai ulkomaiselle yritykselle, jotka haluavat, ett\u00e4 heid\u00e4n puheluihin vastattaisiin Suomen kielell\u00e4.<\/p>\n","protected":false},"featured_media":58136,"template":"","meta":{"_acf_changed":false,"inline_featured_image":false},"product_brand":[],"product_cat":[445],"product_tag":[347],"class_list":{"0":"post-57869","1":"product","2":"type-product","3":"status-publish","4":"has-post-thumbnail","6":"product_cat-uncategorized-fi","7":"product_tag-finland-fi","8":"description-off","10":"first","11":"instock","12":"taxable","13":"shipping-taxable","14":"purchasable","15":"product-type-simple"},"bundled_by":[],"bundle_stock_status":"instock","bundle_stock_quantity":null,"bundle_virtual":false,"bundle_layout":"","bundle_add_to_cart_form_location":"","bundle_editable_in_cart":false,"bundle_sold_individually_context":"","bundle_item_grouping":"","bundle_min_size":"","bundle_max_size":"","bundle_price":[],"bundled_items":[],"bundle_sell_ids":[],"acf":[],"yoast_head":"<!-- This site is optimized with the Yoast SEO plugin v23.0 - https:\/\/yoast.com\/wordpress\/plugins\/seo\/ -->\n<title>Puhelinpalvelu kuukaudeksi | 1Office Finland<\/title>\n<meta name=\"description\" content=\"A personalized phone number with answering in your company\u2019s name. Suitable for companies without a full-time secretary or foreign entrepreneurs who wish their calls to be answered in Finnish.\" \/>\n<meta name=\"robots\" content=\"noindex, follow\" \/>\n<meta property=\"og:locale\" content=\"fi_FI\" \/>\n<meta property=\"og:type\" content=\"article\" \/>\n<meta property=\"og:title\" content=\"Puhelinpalvelu kuukaudeksi | 1Office Finland\" \/>\n<meta property=\"og:description\" content=\"A personalized phone number with answering in your company\u2019s name. Suitable for companies without a full-time secretary or foreign entrepreneurs who wish their calls to be answered in Finnish.\" \/>\n<meta property=\"og:url\" content=\"https:\/\/dev.1office.co\/finland\/fi\/tuote\/puhelinpalvelu\/\" \/>\n<meta property=\"og:site_name\" content=\"1Office Finland\" \/>\n<meta property=\"article:modified_time\" content=\"2020-01-24T10:10:46+00:00\" \/>\n<meta property=\"og:image\" content=\"https:\/\/dev.1office.co\/finland\/wp-content\/uploads\/sites\/10\/2017\/08\/pexels-photo-210647.jpeg\" \/>\n\t<meta property=\"og:image:width\" content=\"1800\" \/>\n\t<meta property=\"og:image:height\" content=\"1200\" \/>\n\t<meta property=\"og:image:type\" content=\"image\/jpeg\" \/>\n<meta name=\"twitter:card\" content=\"summary_large_image\" \/>\n<meta name=\"twitter:label1\" content=\"Arvioitu lukuaika\" \/>\n\t<meta name=\"twitter:data1\" content=\"1 minuutti\" \/>\n<script type=\"application\/ld+json\" class=\"yoast-schema-graph\">{\"@context\":\"https:\/\/schema.org\",\"@graph\":[{\"@type\":\"WebPage\",\"@id\":\"https:\/\/dev.1office.co\/finland\/fi\/tuote\/puhelinpalvelu\/\",\"url\":\"https:\/\/dev.1office.co\/finland\/fi\/tuote\/puhelinpalvelu\/\",\"name\":\"Puhelinpalvelu kuukaudeksi | 1Office Finland\",\"isPartOf\":{\"@id\":\"https:\/\/dev.1office.co\/finland\/#website\"},\"primaryImageOfPage\":{\"@id\":\"https:\/\/dev.1office.co\/finland\/fi\/tuote\/puhelinpalvelu\/#primaryimage\"},\"image\":{\"@id\":\"https:\/\/dev.1office.co\/finland\/fi\/tuote\/puhelinpalvelu\/#primaryimage\"},\"thumbnailUrl\":\"https:\/\/dev.1office.co\/finland\/wp-content\/uploads\/sites\/10\/2017\/08\/pexels-photo-210647.jpeg\",\"datePublished\":\"2017-08-10T08:34:10+00:00\",\"dateModified\":\"2020-01-24T10:10:46+00:00\",\"description\":\"A personalized phone number with answering in your company\u2019s name. Suitable for companies without a full-time secretary or foreign entrepreneurs who wish their calls to be answered in Finnish.\",\"breadcrumb\":{\"@id\":\"https:\/\/dev.1office.co\/finland\/fi\/tuote\/puhelinpalvelu\/#breadcrumb\"},\"inLanguage\":\"fi\",\"potentialAction\":[{\"@type\":\"ReadAction\",\"target\":[\"https:\/\/dev.1office.co\/finland\/fi\/tuote\/puhelinpalvelu\/\"]}]},{\"@type\":\"ImageObject\",\"inLanguage\":\"fi\",\"@id\":\"https:\/\/dev.1office.co\/finland\/fi\/tuote\/puhelinpalvelu\/#primaryimage\",\"url\":\"https:\/\/dev.1office.co\/finland\/wp-content\/uploads\/sites\/10\/2017\/08\/pexels-photo-210647.jpeg\",\"contentUrl\":\"https:\/\/dev.1office.co\/finland\/wp-content\/uploads\/sites\/10\/2017\/08\/pexels-photo-210647.jpeg\",\"width\":1800,\"height\":1200},{\"@type\":\"BreadcrumbList\",\"@id\":\"https:\/\/dev.1office.co\/finland\/fi\/tuote\/puhelinpalvelu\/#breadcrumb\",\"itemListElement\":[{\"@type\":\"ListItem\",\"position\":1,\"name\":\"Home\",\"item\":\"https:\/\/dev.1office.co\/finland\/fi\/\"},{\"@type\":\"ListItem\",\"position\":2,\"name\":\"Shop\",\"item\":\"https:\/\/dev.1office.co\/finland\/shop\/\"},{\"@type\":\"ListItem\",\"position\":3,\"name\":\"Puhelinpalvelu kuukaudeksi\"}]},{\"@type\":\"WebSite\",\"@id\":\"https:\/\/dev.1office.co\/finland\/#website\",\"url\":\"https:\/\/dev.1office.co\/finland\/\",\"name\":\"1Office Finland\",\"description\":\"Making Business Simple\",\"potentialAction\":[{\"@type\":\"SearchAction\",\"target\":{\"@type\":\"EntryPoint\",\"urlTemplate\":\"https:\/\/dev.1office.co\/finland\/?s={search_term_string}\"},\"query-input\":\"required name=search_term_string\"}],\"inLanguage\":\"fi\"}]}<\/script>\n<!-- \/ Yoast SEO plugin. -->","yoast_head_json":{"title":"Puhelinpalvelu kuukaudeksi | 1Office Finland","description":"A personalized phone number with answering in your company\u2019s name. Suitable for companies without a full-time secretary or foreign entrepreneurs who wish their calls to be answered in Finnish.","robots":{"index":"noindex","follow":"follow"},"og_locale":"fi_FI","og_type":"article","og_title":"Puhelinpalvelu kuukaudeksi | 1Office Finland","og_description":"A personalized phone number with answering in your company\u2019s name. Suitable for companies without a full-time secretary or foreign entrepreneurs who wish their calls to be answered in Finnish.","og_url":"https:\/\/dev.1office.co\/finland\/fi\/tuote\/puhelinpalvelu\/","og_site_name":"1Office Finland","article_modified_time":"2020-01-24T10:10:46+00:00","og_image":[{"width":1800,"height":1200,"url":"https:\/\/dev.1office.co\/finland\/wp-content\/uploads\/sites\/10\/2017\/08\/pexels-photo-210647.jpeg","type":"image\/jpeg"}],"twitter_card":"summary_large_image","twitter_misc":{"Arvioitu lukuaika":"1 minuutti"},"schema":{"@context":"https:\/\/schema.org","@graph":[{"@type":"WebPage","@id":"https:\/\/dev.1office.co\/finland\/fi\/tuote\/puhelinpalvelu\/","url":"https:\/\/dev.1office.co\/finland\/fi\/tuote\/puhelinpalvelu\/","name":"Puhelinpalvelu kuukaudeksi | 1Office Finland","isPartOf":{"@id":"https:\/\/dev.1office.co\/finland\/#website"},"primaryImageOfPage":{"@id":"https:\/\/dev.1office.co\/finland\/fi\/tuote\/puhelinpalvelu\/#primaryimage"},"image":{"@id":"https:\/\/dev.1office.co\/finland\/fi\/tuote\/puhelinpalvelu\/#primaryimage"},"thumbnailUrl":"https:\/\/dev.1office.co\/finland\/wp-content\/uploads\/sites\/10\/2017\/08\/pexels-photo-210647.jpeg","datePublished":"2017-08-10T08:34:10+00:00","dateModified":"2020-01-24T10:10:46+00:00","description":"A personalized phone number with answering in your company\u2019s name. Suitable for companies without a full-time secretary or foreign entrepreneurs who wish their calls to be answered in Finnish.","breadcrumb":{"@id":"https:\/\/dev.1office.co\/finland\/fi\/tuote\/puhelinpalvelu\/#breadcrumb"},"inLanguage":"fi","potentialAction":[{"@type":"ReadAction","target":["https:\/\/dev.1office.co\/finland\/fi\/tuote\/puhelinpalvelu\/"]}]},{"@type":"ImageObject","inLanguage":"fi","@id":"https:\/\/dev.1office.co\/finland\/fi\/tuote\/puhelinpalvelu\/#primaryimage","url":"https:\/\/dev.1office.co\/finland\/wp-content\/uploads\/sites\/10\/2017\/08\/pexels-photo-210647.jpeg","contentUrl":"https:\/\/dev.1office.co\/finland\/wp-content\/uploads\/sites\/10\/2017\/08\/pexels-photo-210647.jpeg","width":1800,"height":1200},{"@type":"BreadcrumbList","@id":"https:\/\/dev.1office.co\/finland\/fi\/tuote\/puhelinpalvelu\/#breadcrumb","itemListElement":[{"@type":"ListItem","position":1,"name":"Home","item":"https:\/\/dev.1office.co\/finland\/fi\/"},{"@type":"ListItem","position":2,"name":"Shop","item":"https:\/\/dev.1office.co\/finland\/shop\/"},{"@type":"ListItem","position":3,"name":"Puhelinpalvelu kuukaudeksi"}]},{"@type":"WebSite","@id":"https:\/\/dev.1office.co\/finland\/#website","url":"https:\/\/dev.1office.co\/finland\/","name":"1Office Finland","description":"Making Business Simple","potentialAction":[{"@type":"SearchAction","target":{"@type":"EntryPoint","urlTemplate":"https:\/\/dev.1office.co\/finland\/?s={search_term_string}"},"query-input":"required name=search_term_string"}],"inLanguage":"fi"}]}},"_links":{"self":[{"href":"https:\/\/dev.1office.co\/finland\/fi\/wp-json\/wp\/v2\/product\/57869","targetHints":{"allow":["GET"]}}],"collection":[{"href":"https:\/\/dev.1office.co\/finland\/fi\/wp-json\/wp\/v2\/product"}],"about":[{"href":"https:\/\/dev.1office.co\/finland\/fi\/wp-json\/wp\/v2\/types\/product"}],"wp:featuredmedia":[{"embeddable":true,"href":"https:\/\/dev.1office.co\/finland\/fi\/wp-json\/wp\/v2\/media\/58136"}],"wp:attachment":[{"href":"https:\/\/dev.1office.co\/finland\/fi\/wp-json\/wp\/v2\/media?parent=57869"}],"wp:term":[{"taxonomy":"product_brand","embeddable":true,"href":"https:\/\/dev.1office.co\/finland\/fi\/wp-json\/wp\/v2\/product_brand?post=57869"},{"taxonomy":"product_cat","embeddable":true,"href":"https:\/\/dev.1office.co\/finland\/fi\/wp-json\/wp\/v2\/product_cat?post=57869"},{"taxonomy":"product_tag","embeddable":true,"href":"https:\/\/dev.1office.co\/finland\/fi\/wp-json\/wp\/v2\/product_tag?post=57869"}],"curies":[{"name":"wp","href":"https:\/\/api.w.org\/{rel}","templated":true}]}}