{"id":57867,"date":"2017-08-10T10:40:19","date_gmt":"2017-08-10T10:40:19","guid":{"rendered":"https:\/\/dev.1office.co\/finland\/product\/legal-address-in-the-centre-of-helsinki-urho-kekkosen-katu-4-6e-00100-helsinki\/"},"modified":"2021-09-30T11:35:58","modified_gmt":"2021-09-30T11:35:58","slug":"yritysosoite-helsingin-keskustassa-urho-kekkosen-katu-4-6e-00100-helsinki","status":"publish","type":"product","link":"https:\/\/dev.1office.co\/finland\/fi\/tuote\/yritysosoite-helsingin-keskustassa-urho-kekkosen-katu-4-6e-00100-helsinki\/","title":{"rendered":"Yritysosoite Helsingin ydinkeskustassa yhdeksi vuodeksi"},"content":{"rendered":"<div class=\"wpb-content-wrapper\"><p>[vc_row][vc_column]<div id=\"advanced-tabs-desc-wrap-7488\" class=\"ult_tabs product_tabs\" style=\" \" data-tabsstyle=\"style1\"\n data-titlebg=\"#ffffff\" data-titlecolor=\"#b6b8ba\" data-fullheight=\"off\"\n data-titlehoverbg=\"#ffffff\" data-titlehovercolor=\"#1d1e23\"\n data-rotatetabs=\"0\" data-responsivemode=\"Both\" data-animation=\"Slide\"\ndata-activetitle=\"#1d1e23\" data-activeicon=\"\" data-activebg=\"#ffffff\"  data-respmode=\"Tabs\" data-respwidth=\"400\" data-scroll = \"on\" data-activeindex=\"1\"><ul id=advanced-tabs-wrap-4835 class=\"ult_tabmenu style1 \" style=\"\"><li class=\"ult_tab_li  \" data-iconcolor=\"#74777b\" data-iconhover=\"#ffffff\" style=\"background-color:#ffffff;border-color:transparent;border-width:0px;border-style:solid;border-top-right-radius:8px;\">\n\t\t\t\t\t<a href=\"#1512642751410-8baea-301a\"  id=\"1512642751410-8baea-301a\"  style=\"color:#b6b8ba;; padding:15px; \" class=\"ult_a  \">\n\t\t\t\t\t     <span class=\"ult_tab_main Both \">\n\t\t\t\t\t \t\t <span class=\"ult_tab_section\">\n\t\t\t\t\t   \t\t\t<span  data-ultimate-target='#advanced-tabs-wrap-4835 .ult-span-text'  data-responsive-json-new='{\"font-size\":\"desktop:14px;\",\"line-height\":\"\"}'  class=\"ult-span-text no_icon ult_tab_display_text ult-responsive\" style=\"font-weight:bold;;\">KUVAUS<\/span>\n\t\t\t\t\t   \t\t<\/span>\n\t\t\t\t\t\t<\/span>\n\t\t\t\t\t<\/a>\n\t\t\t\t\t<\/li><\/ul><div  data-ultimate-target='#advanced-tabs-desc-wrap-7488 .ult_tabcontent .ult_tab_min_contain  p'  data-responsive-json-new='{\"font-size\":\"\",\"line-height\":\"\"}' class=\"ult_tabcontent ult-responsive style1\" style=\"color:#74777b;\"><div class=\"ult_tab_min_contain \" >\n\t\t\t<div  class=\"ult_tabitemname\"  >\n\t\t\t\t[vc_column_text]Yritysosoite on pakollinen jokaiselle Suomessa rekister\u00f6idylle yritykselle koko toiminnan ajaksi. Osoitepalvelu on paras ratkaisu ulkomailla asuville henkil\u00f6ille. jotka ovat perustaneet yrityksen Suomeen, mutta joiden yrityksen toimisto ei sijaitse Suomessa. Yritysosoite rekister\u00f6id\u00e4\u00e4n paikalliseen Kaupparekisteriin ja se on julkisesti saatavilla. Samoin t\u00e4h\u00e4n osoitteeseen l\u00e4hetet\u00e4\u00e4n yrityksen virallinen posti.<\/p>\n<p><strong>Hintaan sis\u00e4ltyy:<\/strong><\/p>\n<ul>\n<li>Juridinen osoite yrityksen rekister\u00f6imist\u00e4 varten Kaupparekisteriin<\/li>\n<li>Yrityksen toimintaosoite postin toimittamiseksi<\/li>\n<li>Postin k\u00e4sittely ja sen edelleenl\u00e4hetys s\u00e4hk\u00f6postitse enint\u00e4\u00e4n 10 kirjett\u00e4 kuukaudessa<\/li>\n<\/ul>\n<p><strong>Saatavilla lis\u00e4maksusta:<\/strong><\/p>\n<p>Mik\u00e4li vastaanotatte kirjeenne mielummin postitse, lis\u00e4t\u00e4\u00e4n hintaan postimaksu sek\u00e4 sihteerity\u00f6 (65\u20ac+ALV\/tunti).<br \/>\nMik\u00e4li yrityksenne nimiin saapuu yli 10 kirjett\u00e4 kuukaudessa, lis\u00e4t\u00e4\u00e4n hintaan sihteerity\u00f6 vastaavasti:<\/p>\n<ul>\n<li>11-50 kirjett\u00e4 kuukaudessa 65\u20ac<\/li>\n<li>51-100 kirjett\u00e4 kuukaudessa 130\u20ac<\/li>\n<li>Jokaista seuraavaa 50 kirjett\u00e4 kohden 65\u20ac.<\/li>\n<\/ul>\n<p>Lis\u00e4ty\u00f6t ja erikoistoiveet laskutetaan erikseen sihteerity\u00f6n\u00e4 65\u20ac+ALV. Lis\u00e4t\u00f6ist\u00e4 l\u00e4htet\u00e4\u00e4n erilliset laskut.<\/p>\n<p><strong>T\u00e4rke\u00e4 tieto:<\/strong><\/p>\n<ul>\n<li>Palvelu on kausittainen, joka tarkoittaa, ett\u00e4 se jatkuu automaattisesti vuoden. Uusi lasku l\u00e4hetet\u00e4\u00e4n aina yksi kuukausi ennen uuden yritysosoitteen kauden alkamista.<\/li>\n<\/ul>\n<p>[\/vc_column_text]\n\t\t\t<\/div><\/div><\/div><\/div><div class=\"ult_acord advanced-tabs-desc-wrap-7488\">\n   <div class=\"ult-tabto-accordion \" style=\"width:;\"\n    data-titlecolor=\"#b6b8ba\"  data-titlebg=\"#ffffff\"\n     data-titlehoverbg=\"#ffffff\" data-titlehovercolor=\"#1d1e23\" data-animation=\"Slide\"\n     data-activetitle=\"#1d1e23\" data-activeicon=\"\" data-activebg=\"#ffffff\" data-scroll = \"on\" data-activeindex=\"1\" >\n     <dl><dt class=\"\">\n\t        \t<a class=\"ult-tabto-actitle withBorder ult_a \" id=\"1512642751410-8baea-301a\" style=\"color:#b6b8ba;;background-color:#ffffff;border-bottom-color:transparent;border-bottom-width:0px;border-bottom-style:solid;\" href=\"#1512642751410-8baea-301a\">\n\t        \t\t<i class=\"accordion-icon\"><\/i>\n\t        \t\t\t<span class=\"ult_tab_main ult_ac_main ult_noacordicnBoth\">\n\n\t\t\t\t\t\t<span  data-ultimate-target='#advanced-tabs-wrap-4835 .ult-span-text'  data-responsive-json-new='{\"font-size\":\"desktop:14px;\",\"line-height\":\"\"}'  class=\"ult-span-text no_icon ult_acordian-text ult-responsive\" style=\"font-weight:bold;;color:inherit \" >KUVAUS<\/span>\n\t\t\t\t\t\t<\/span><\/a><\/dt>\n\t            \t\t<dd class=\"ult-tabto-accordionItem ult-tabto-accolapsed\">\n\t\t\t\t            <div class=\"ult-tabto-acontent\" style=\"color:#74777b;\">\n\t\t\t\t               [vc_column_text]Yritysosoite on pakollinen jokaiselle Suomessa rekister\u00f6idylle yritykselle koko toiminnan ajaksi. Osoitepalvelu on paras ratkaisu ulkomailla asuville henkil\u00f6ille. jotka ovat perustaneet yrityksen Suomeen, mutta joiden yrityksen toimisto ei sijaitse Suomessa. Yritysosoite rekister\u00f6id\u00e4\u00e4n paikalliseen Kaupparekisteriin ja se on julkisesti saatavilla. Samoin t\u00e4h\u00e4n osoitteeseen l\u00e4hetet\u00e4\u00e4n yrityksen virallinen posti.<\/p>\n<p><strong>Hintaan sis\u00e4ltyy:<\/strong><\/p>\n<ul>\n<li>Juridinen osoite yrityksen rekister\u00f6imist\u00e4 varten Kaupparekisteriin<\/li>\n<li>Yrityksen toimintaosoite postin toimittamiseksi<\/li>\n<li>Postin k\u00e4sittely ja sen edelleenl\u00e4hetys s\u00e4hk\u00f6postitse enint\u00e4\u00e4n 10 kirjett\u00e4 kuukaudessa<\/li>\n<\/ul>\n<p><strong>Saatavilla lis\u00e4maksusta:<\/strong><\/p>\n<p>Mik\u00e4li vastaanotatte kirjeenne mielummin postitse, lis\u00e4t\u00e4\u00e4n hintaan postimaksu sek\u00e4 sihteerity\u00f6 (65\u20ac+ALV\/tunti).<br \/>\nMik\u00e4li yrityksenne nimiin saapuu yli 10 kirjett\u00e4 kuukaudessa, lis\u00e4t\u00e4\u00e4n hintaan sihteerity\u00f6 vastaavasti:<\/p>\n<ul>\n<li>11-50 kirjett\u00e4 kuukaudessa 65\u20ac<\/li>\n<li>51-100 kirjett\u00e4 kuukaudessa 130\u20ac<\/li>\n<li>Jokaista seuraavaa 50 kirjett\u00e4 kohden 65\u20ac.<\/li>\n<\/ul>\n<p>Lis\u00e4ty\u00f6t ja erikoistoiveet laskutetaan erikseen sihteerity\u00f6n\u00e4 65\u20ac+ALV. Lis\u00e4t\u00f6ist\u00e4 l\u00e4htet\u00e4\u00e4n erilliset laskut.<\/p>\n<p><strong>T\u00e4rke\u00e4 tieto:<\/strong><\/p>\n<ul>\n<li>Palvelu on kausittainen, joka tarkoittaa, ett\u00e4 se jatkuu automaattisesti vuoden. Uusi lasku l\u00e4hetet\u00e4\u00e4n aina yksi kuukausi ennen uuden yritysosoitteen kauden alkamista.<\/li>\n<\/ul>\n<p>[\/vc_column_text]\n\t\t\t\t            <\/div>\n\t        \t\t\t<\/dd>\n    \t<\/dl>\n    <!--<div class=\"extraborder\" style=\"background-color:#ffffff\"><\/div>-->\n<\/div>\n\n<\/div>[\/vc_column][\/vc_row]<\/p>\n<\/div>","protected":false},"excerpt":{"rendered":"<p>Jokainen Suomessa rekister\u00f6ity yritys tarvitsee paikallisen yritysosoitteen, joka n\u00e4kyy paikallisessa Kaupparekisteriss\u00e4. postink\u00e4sittely sis\u00e4lt\u00e4\u00e4 postin vastaanottamista sek\u00e4 edelleenl\u00e4hetyst\u00e4 s\u00e4hk\u00f6postitse.<\/p>\n","protected":false},"featured_media":53905,"template":"","meta":{"_acf_changed":false,"inline_featured_image":false},"product_brand":[],"product_cat":[445],"product_tag":[347],"class_list":{"0":"post-57867","1":"product","2":"type-product","3":"status-publish","4":"has-post-thumbnail","6":"product_cat-uncategorized-fi","7":"product_tag-finland-fi","8":"description-off","10":"first","11":"instock","12":"taxable","13":"shipping-taxable","14":"purchasable","15":"product-type-simple"},"bundled_by":[],"bundle_stock_status":"instock","bundle_stock_quantity":null,"bundle_virtual":false,"bundle_layout":"","bundle_add_to_cart_form_location":"","bundle_editable_in_cart":false,"bundle_sold_individually_context":"","bundle_item_grouping":"","bundle_min_size":"","bundle_max_size":"","bundle_price":[],"bundled_items":[],"bundle_sell_ids":[],"acf":[],"yoast_head":"<!-- This site is optimized with the Yoast SEO plugin v23.0 - https:\/\/yoast.com\/wordpress\/plugins\/seo\/ -->\n<title>Yritysosoite Helsingin ydinkeskustassa yhdeksi vuodeksi | 1Office Finland<\/title>\n<meta name=\"description\" content=\"Every company registered in Finland needs to have a local legal address. It is also a flexible solution for a company for which the existence of physical office is not necessary or whose office is not located in Helsinki.\" \/>\n<meta name=\"robots\" content=\"noindex, follow\" \/>\n<meta property=\"og:locale\" content=\"fi_FI\" \/>\n<meta property=\"og:type\" content=\"article\" \/>\n<meta property=\"og:title\" content=\"Yritysosoite Helsingin ydinkeskustassa yhdeksi vuodeksi | 1Office Finland\" \/>\n<meta property=\"og:description\" content=\"Every company registered in Finland needs to have a local legal address. It is also a flexible solution for a company for which the existence of physical office is not necessary or whose office is not located in Helsinki.\" \/>\n<meta property=\"og:url\" content=\"https:\/\/dev.1office.co\/finland\/fi\/tuote\/yritysosoite-helsingin-keskustassa-urho-kekkosen-katu-4-6e-00100-helsinki\/\" \/>\n<meta property=\"og:site_name\" content=\"1Office Finland\" \/>\n<meta property=\"article:modified_time\" content=\"2021-09-30T11:35:58+00:00\" \/>\n<meta property=\"og:image\" content=\"https:\/\/dev.1office.co\/finland\/wp-content\/uploads\/sites\/10\/2017\/08\/virtual-office.jpg\" \/>\n\t<meta property=\"og:image:width\" content=\"800\" \/>\n\t<meta property=\"og:image:height\" content=\"533\" \/>\n\t<meta property=\"og:image:type\" content=\"image\/jpeg\" \/>\n<meta name=\"twitter:card\" content=\"summary_large_image\" \/>\n<meta name=\"twitter:label1\" content=\"Arvioitu lukuaika\" \/>\n\t<meta name=\"twitter:data1\" content=\"1 minuutti\" \/>\n<script type=\"application\/ld+json\" class=\"yoast-schema-graph\">{\"@context\":\"https:\/\/schema.org\",\"@graph\":[{\"@type\":\"WebPage\",\"@id\":\"https:\/\/dev.1office.co\/finland\/fi\/tuote\/yritysosoite-helsingin-keskustassa-urho-kekkosen-katu-4-6e-00100-helsinki\/\",\"url\":\"https:\/\/dev.1office.co\/finland\/fi\/tuote\/yritysosoite-helsingin-keskustassa-urho-kekkosen-katu-4-6e-00100-helsinki\/\",\"name\":\"Yritysosoite Helsingin ydinkeskustassa yhdeksi vuodeksi | 1Office Finland\",\"isPartOf\":{\"@id\":\"https:\/\/dev.1office.co\/finland\/#website\"},\"primaryImageOfPage\":{\"@id\":\"https:\/\/dev.1office.co\/finland\/fi\/tuote\/yritysosoite-helsingin-keskustassa-urho-kekkosen-katu-4-6e-00100-helsinki\/#primaryimage\"},\"image\":{\"@id\":\"https:\/\/dev.1office.co\/finland\/fi\/tuote\/yritysosoite-helsingin-keskustassa-urho-kekkosen-katu-4-6e-00100-helsinki\/#primaryimage\"},\"thumbnailUrl\":\"https:\/\/dev.1office.co\/finland\/wp-content\/uploads\/sites\/10\/2017\/08\/virtual-office.jpg\",\"datePublished\":\"2017-08-10T10:40:19+00:00\",\"dateModified\":\"2021-09-30T11:35:58+00:00\",\"description\":\"Every company registered in Finland needs to have a local legal address. It is also a flexible solution for a company for which the existence of physical office is not necessary or whose office is not located in Helsinki.\",\"breadcrumb\":{\"@id\":\"https:\/\/dev.1office.co\/finland\/fi\/tuote\/yritysosoite-helsingin-keskustassa-urho-kekkosen-katu-4-6e-00100-helsinki\/#breadcrumb\"},\"inLanguage\":\"fi\",\"potentialAction\":[{\"@type\":\"ReadAction\",\"target\":[\"https:\/\/dev.1office.co\/finland\/fi\/tuote\/yritysosoite-helsingin-keskustassa-urho-kekkosen-katu-4-6e-00100-helsinki\/\"]}]},{\"@type\":\"ImageObject\",\"inLanguage\":\"fi\",\"@id\":\"https:\/\/dev.1office.co\/finland\/fi\/tuote\/yritysosoite-helsingin-keskustassa-urho-kekkosen-katu-4-6e-00100-helsinki\/#primaryimage\",\"url\":\"https:\/\/dev.1office.co\/finland\/wp-content\/uploads\/sites\/10\/2017\/08\/virtual-office.jpg\",\"contentUrl\":\"https:\/\/dev.1office.co\/finland\/wp-content\/uploads\/sites\/10\/2017\/08\/virtual-office.jpg\",\"width\":800,\"height\":533},{\"@type\":\"BreadcrumbList\",\"@id\":\"https:\/\/dev.1office.co\/finland\/fi\/tuote\/yritysosoite-helsingin-keskustassa-urho-kekkosen-katu-4-6e-00100-helsinki\/#breadcrumb\",\"itemListElement\":[{\"@type\":\"ListItem\",\"position\":1,\"name\":\"Home\",\"item\":\"https:\/\/dev.1office.co\/finland\/fi\/\"},{\"@type\":\"ListItem\",\"position\":2,\"name\":\"Shop\",\"item\":\"https:\/\/dev.1office.co\/finland\/shop\/\"},{\"@type\":\"ListItem\",\"position\":3,\"name\":\"Yritysosoite Helsingin ydinkeskustassa yhdeksi vuodeksi\"}]},{\"@type\":\"WebSite\",\"@id\":\"https:\/\/dev.1office.co\/finland\/#website\",\"url\":\"https:\/\/dev.1office.co\/finland\/\",\"name\":\"1Office Finland\",\"description\":\"Making Business Simple\",\"potentialAction\":[{\"@type\":\"SearchAction\",\"target\":{\"@type\":\"EntryPoint\",\"urlTemplate\":\"https:\/\/dev.1office.co\/finland\/?s={search_term_string}\"},\"query-input\":\"required name=search_term_string\"}],\"inLanguage\":\"fi\"}]}<\/script>\n<!-- \/ Yoast SEO plugin. -->","yoast_head_json":{"title":"Yritysosoite Helsingin ydinkeskustassa yhdeksi vuodeksi | 1Office Finland","description":"Every company registered in Finland needs to have a local legal address. It is also a flexible solution for a company for which the existence of physical office is not necessary or whose office is not located in Helsinki.","robots":{"index":"noindex","follow":"follow"},"og_locale":"fi_FI","og_type":"article","og_title":"Yritysosoite Helsingin ydinkeskustassa yhdeksi vuodeksi | 1Office Finland","og_description":"Every company registered in Finland needs to have a local legal address. It is also a flexible solution for a company for which the existence of physical office is not necessary or whose office is not located in Helsinki.","og_url":"https:\/\/dev.1office.co\/finland\/fi\/tuote\/yritysosoite-helsingin-keskustassa-urho-kekkosen-katu-4-6e-00100-helsinki\/","og_site_name":"1Office Finland","article_modified_time":"2021-09-30T11:35:58+00:00","og_image":[{"width":800,"height":533,"url":"https:\/\/dev.1office.co\/finland\/wp-content\/uploads\/sites\/10\/2017\/08\/virtual-office.jpg","type":"image\/jpeg"}],"twitter_card":"summary_large_image","twitter_misc":{"Arvioitu lukuaika":"1 minuutti"},"schema":{"@context":"https:\/\/schema.org","@graph":[{"@type":"WebPage","@id":"https:\/\/dev.1office.co\/finland\/fi\/tuote\/yritysosoite-helsingin-keskustassa-urho-kekkosen-katu-4-6e-00100-helsinki\/","url":"https:\/\/dev.1office.co\/finland\/fi\/tuote\/yritysosoite-helsingin-keskustassa-urho-kekkosen-katu-4-6e-00100-helsinki\/","name":"Yritysosoite Helsingin ydinkeskustassa yhdeksi vuodeksi | 1Office Finland","isPartOf":{"@id":"https:\/\/dev.1office.co\/finland\/#website"},"primaryImageOfPage":{"@id":"https:\/\/dev.1office.co\/finland\/fi\/tuote\/yritysosoite-helsingin-keskustassa-urho-kekkosen-katu-4-6e-00100-helsinki\/#primaryimage"},"image":{"@id":"https:\/\/dev.1office.co\/finland\/fi\/tuote\/yritysosoite-helsingin-keskustassa-urho-kekkosen-katu-4-6e-00100-helsinki\/#primaryimage"},"thumbnailUrl":"https:\/\/dev.1office.co\/finland\/wp-content\/uploads\/sites\/10\/2017\/08\/virtual-office.jpg","datePublished":"2017-08-10T10:40:19+00:00","dateModified":"2021-09-30T11:35:58+00:00","description":"Every company registered in Finland needs to have a local legal address. It is also a flexible solution for a company for which the existence of physical office is not necessary or whose office is not located in Helsinki.","breadcrumb":{"@id":"https:\/\/dev.1office.co\/finland\/fi\/tuote\/yritysosoite-helsingin-keskustassa-urho-kekkosen-katu-4-6e-00100-helsinki\/#breadcrumb"},"inLanguage":"fi","potentialAction":[{"@type":"ReadAction","target":["https:\/\/dev.1office.co\/finland\/fi\/tuote\/yritysosoite-helsingin-keskustassa-urho-kekkosen-katu-4-6e-00100-helsinki\/"]}]},{"@type":"ImageObject","inLanguage":"fi","@id":"https:\/\/dev.1office.co\/finland\/fi\/tuote\/yritysosoite-helsingin-keskustassa-urho-kekkosen-katu-4-6e-00100-helsinki\/#primaryimage","url":"https:\/\/dev.1office.co\/finland\/wp-content\/uploads\/sites\/10\/2017\/08\/virtual-office.jpg","contentUrl":"https:\/\/dev.1office.co\/finland\/wp-content\/uploads\/sites\/10\/2017\/08\/virtual-office.jpg","width":800,"height":533},{"@type":"BreadcrumbList","@id":"https:\/\/dev.1office.co\/finland\/fi\/tuote\/yritysosoite-helsingin-keskustassa-urho-kekkosen-katu-4-6e-00100-helsinki\/#breadcrumb","itemListElement":[{"@type":"ListItem","position":1,"name":"Home","item":"https:\/\/dev.1office.co\/finland\/fi\/"},{"@type":"ListItem","position":2,"name":"Shop","item":"https:\/\/dev.1office.co\/finland\/shop\/"},{"@type":"ListItem","position":3,"name":"Yritysosoite Helsingin ydinkeskustassa yhdeksi vuodeksi"}]},{"@type":"WebSite","@id":"https:\/\/dev.1office.co\/finland\/#website","url":"https:\/\/dev.1office.co\/finland\/","name":"1Office Finland","description":"Making Business Simple","potentialAction":[{"@type":"SearchAction","target":{"@type":"EntryPoint","urlTemplate":"https:\/\/dev.1office.co\/finland\/?s={search_term_string}"},"query-input":"required name=search_term_string"}],"inLanguage":"fi"}]}},"_links":{"self":[{"href":"https:\/\/dev.1office.co\/finland\/fi\/wp-json\/wp\/v2\/product\/57867","targetHints":{"allow":["GET"]}}],"collection":[{"href":"https:\/\/dev.1office.co\/finland\/fi\/wp-json\/wp\/v2\/product"}],"about":[{"href":"https:\/\/dev.1office.co\/finland\/fi\/wp-json\/wp\/v2\/types\/product"}],"wp:featuredmedia":[{"embeddable":true,"href":"https:\/\/dev.1office.co\/finland\/fi\/wp-json\/wp\/v2\/media\/53905"}],"wp:attachment":[{"href":"https:\/\/dev.1office.co\/finland\/fi\/wp-json\/wp\/v2\/media?parent=57867"}],"wp:term":[{"taxonomy":"product_brand","embeddable":true,"href":"https:\/\/dev.1office.co\/finland\/fi\/wp-json\/wp\/v2\/product_brand?post=57867"},{"taxonomy":"product_cat","embeddable":true,"href":"https:\/\/dev.1office.co\/finland\/fi\/wp-json\/wp\/v2\/product_cat?post=57867"},{"taxonomy":"product_tag","embeddable":true,"href":"https:\/\/dev.1office.co\/finland\/fi\/wp-json\/wp\/v2\/product_tag?post=57867"}],"curies":[{"name":"wp","href":"https:\/\/api.w.org\/{rel}","templated":true}]}}