{"id":57847,"date":"2017-12-13T11:39:59","date_gmt":"2017-12-13T11:39:59","guid":{"rendered":"https:\/\/dev.1office.co\/finland\/product\/payroll-calculations\/"},"modified":"2021-06-16T11:26:07","modified_gmt":"2021-06-16T11:26:07","slug":"palkanlaskenta","status":"publish","type":"product","link":"https:\/\/dev.1office.co\/finland\/fi\/tuote\/palkanlaskenta\/","title":{"rendered":"Palkkalaskelmat"},"content":{"rendered":"<div class=\"wpb-content-wrapper\"><p>[vc_row][vc_column]<div id=\"advanced-tabs-desc-wrap-9159\" class=\"ult_tabs product_tabs\" style=\" \" data-tabsstyle=\"style1\"\n data-titlebg=\"#ffffff\" data-titlecolor=\"#b6b8ba\" data-fullheight=\"off\"\n data-titlehoverbg=\"#ffffff\" data-titlehovercolor=\"#1d1e23\"\n data-rotatetabs=\"0\" data-responsivemode=\"Both\" data-animation=\"Slide\"\ndata-activetitle=\"#1d1e23\" data-activeicon=\"\" data-activebg=\"#ffffff\"  data-respmode=\"Tabs\" data-respwidth=\"400\" data-scroll = \"on\" data-activeindex=\"1\"><ul id=advanced-tabs-wrap-8273 class=\"ult_tabmenu style1 \" style=\"\"><li class=\"ult_tab_li  \" data-iconcolor=\"#74777b\" data-iconhover=\"#ffffff\" style=\"background-color:#ffffff;border-color:transparent;border-width:0px;border-style:solid;border-top-left-radius:8px;\">\n\t\t\t\t\t<a href=\"#1512642751410-8cd24-3a01\"  id=\"1512642751410-8cd24-3a01\"  style=\"color:#b6b8ba;; padding:15px; \" class=\"ult_a  \">\n\t\t\t\t\t     <span class=\"ult_tab_main Both \">\n\t\t\t\t\t \t\t <span class=\"ult_tab_section\">\n\t\t\t\t\t   \t\t\t<span  data-ultimate-target='#advanced-tabs-wrap-8273 .ult-span-text'  data-responsive-json-new='{\"font-size\":\"desktop:14px;\",\"line-height\":\"\"}'  class=\"ult-span-text no_icon ult_tab_display_text ult-responsive\" style=\"font-weight:bold;;\">KUVAUS<\/span>\n\t\t\t\t\t   \t\t<\/span>\n\t\t\t\t\t\t<\/span>\n\t\t\t\t\t<\/a>\n\t\t\t\t\t<\/li><li class=\"ult_tab_li  \" data-iconcolor=\"#74777b\" data-iconhover=\"#ffffff\" style=\"background-color:#ffffff;border-color:transparent;border-width:0px;border-style:solid;border-top-right-radius:8px;\">\n\t\t\t\t\t<a href=\"#1526637022170-1-0\"  id=\"1526637022170-1-0\"  style=\"color:#b6b8ba;; padding:15px; \" class=\"ult_a  \">\n\t\t\t\t\t     <span class=\"ult_tab_main Both \">\n\t\t\t\t\t \t\t <span class=\"ult_tab_section\">\n\t\t\t\t\t   \t\t\t<span  data-ultimate-target='#advanced-tabs-wrap-8273 .ult-span-text'  data-responsive-json-new='{\"font-size\":\"desktop:14px;\",\"line-height\":\"\"}'  class=\"ult-span-text no_icon ult_tab_display_text ult-responsive\" style=\"font-weight:bold;;\">USEIN KYSYTYT<\/span>\n\t\t\t\t\t   \t\t<\/span>\n\t\t\t\t\t\t<\/span>\n\t\t\t\t\t<\/a>\n\t\t\t\t\t<\/li><\/ul><div  data-ultimate-target='#advanced-tabs-desc-wrap-9159 .ult_tabcontent .ult_tab_min_contain  p'  data-responsive-json-new='{\"font-size\":\"\",\"line-height\":\"\"}' class=\"ult_tabcontent ult-responsive style1\" style=\"color:#74777b;\"><div class=\"ult_tab_min_contain \" >\n\t\t\t<div  class=\"ult_tabitemname\"  >\n\t\t\t\t[vc_column_text]Suomen lains\u00e4\u00e4d\u00e4nn\u00f6n mukaan pit\u00e4\u00e4 ty\u00f6ntekij\u00e4lle esitt\u00e4\u00e4 palkka maksaessaan my\u00f6s palkkalaskelma. Palkkalaskelmasta pit\u00e4\u00e4 tulla ilmi maksetun palkan m\u00e4\u00e4r\u00e4 sek\u00e4 m\u00e4\u00e4r\u00e4n peruste. Palkan laskemista vaikeuttaa Suomen asteittainen tuloveroj\u00e4rjestelm\u00e4.<\/p>\n<p><strong>Hintaan sis\u00e4ltyy:<\/strong><\/p>\n<ul>\n<li>Palkan laskeminen<\/li>\n<li>Lomarahan laskeminen<\/li>\n<li>Palkkalaskelmat<\/li>\n<\/ul>\n<p><strong>Prosessikuvaus: <\/strong><\/p>\n<ul>\n<li>L\u00e4het\u00e4 meille koko tieto tehdyist\u00e4 ty\u00f6tunneista, lis\u00e4t\u00f6ist\u00e4, lomap\u00e4ivist\u00e4, sairauslomista ym v\u00e4hint\u00e4\u00e4n 3 p\u00e4iv\u00e4\u00e4 ennen palkkalaskelman l\u00e4hett\u00e4misen er\u00e4p\u00e4iv\u00e4\u00e4.<\/li>\n<li>Teemme kaikki tarvittavat laskelmat ja laadimme palkkalaskelmat.<\/li>\n<li>L\u00e4het\u00e4mme palkkalaskelmat asiakkaalle.<\/li>\n<\/ul>\n<p>[\/vc_column_text]\n\t\t\t<\/div>\n\t\t\t<div  class=\"ult_tabitemname\"  >\n\t\t\t\t[vc_toggle title=&#8221;Kuinka usein Suomalaiset yritykset maksavat palkkoja?&#8221; style=&#8221;arrow&#8221; size=&#8221;sm&#8221; open=&#8221;true&#8221; custom_font_container=&#8221;tag:h5|text_align:left&#8221; custom_use_theme_fonts=&#8221;yes&#8221; use_custom_heading=&#8221;true&#8221;]Yleisesti kerran kuukaudessa, mutta tietyiss\u00e4 tapauksissa my\u00f6s kahden viikon v\u00e4lein.[\/vc_toggle]\n\t\t\t<\/div><\/div><\/div><\/div><div class=\"ult_acord advanced-tabs-desc-wrap-9159\">\n   <div class=\"ult-tabto-accordion \" style=\"width:;\"\n    data-titlecolor=\"#b6b8ba\"  data-titlebg=\"#ffffff\"\n     data-titlehoverbg=\"#ffffff\" data-titlehovercolor=\"#1d1e23\" data-animation=\"Slide\"\n     data-activetitle=\"#1d1e23\" data-activeicon=\"\" data-activebg=\"#ffffff\" data-scroll = \"on\" data-activeindex=\"1\" >\n     <dl><dt class=\"\">\n\t        \t<a class=\"ult-tabto-actitle withBorder ult_a \" id=\"1512642751410-8cd24-3a01\" style=\"color:#b6b8ba;;background-color:#ffffff;border-bottom-color:transparent;border-bottom-width:0px;border-bottom-style:solid;\" href=\"#1512642751410-8cd24-3a01\">\n\t        \t\t<i class=\"accordion-icon\"><\/i>\n\t        \t\t\t<span class=\"ult_tab_main ult_ac_main ult_noacordicnBoth\">\n\n\t\t\t\t\t\t<span  data-ultimate-target='#advanced-tabs-wrap-8273 .ult-span-text'  data-responsive-json-new='{\"font-size\":\"desktop:14px;\",\"line-height\":\"\"}'  class=\"ult-span-text no_icon ult_acordian-text ult-responsive\" style=\"font-weight:bold;;color:inherit \" >KUVAUS<\/span>\n\t\t\t\t\t\t<\/span><\/a><\/dt>\n\t            \t\t<dd class=\"ult-tabto-accordionItem ult-tabto-accolapsed\">\n\t\t\t\t            <div class=\"ult-tabto-acontent\" style=\"color:#74777b;\">\n\t\t\t\t               [vc_column_text]Suomen lains\u00e4\u00e4d\u00e4nn\u00f6n mukaan pit\u00e4\u00e4 ty\u00f6ntekij\u00e4lle esitt\u00e4\u00e4 palkka maksaessaan my\u00f6s palkkalaskelma. Palkkalaskelmasta pit\u00e4\u00e4 tulla ilmi maksetun palkan m\u00e4\u00e4r\u00e4 sek\u00e4 m\u00e4\u00e4r\u00e4n peruste. Palkan laskemista vaikeuttaa Suomen asteittainen tuloveroj\u00e4rjestelm\u00e4.<\/p>\n<p><strong>Hintaan sis\u00e4ltyy:<\/strong><\/p>\n<ul>\n<li>Palkan laskeminen<\/li>\n<li>Lomarahan laskeminen<\/li>\n<li>Palkkalaskelmat<\/li>\n<\/ul>\n<p><strong>Prosessikuvaus: <\/strong><\/p>\n<ul>\n<li>L\u00e4het\u00e4 meille koko tieto tehdyist\u00e4 ty\u00f6tunneista, lis\u00e4t\u00f6ist\u00e4, lomap\u00e4ivist\u00e4, sairauslomista ym v\u00e4hint\u00e4\u00e4n 3 p\u00e4iv\u00e4\u00e4 ennen palkkalaskelman l\u00e4hett\u00e4misen er\u00e4p\u00e4iv\u00e4\u00e4.<\/li>\n<li>Teemme kaikki tarvittavat laskelmat ja laadimme palkkalaskelmat.<\/li>\n<li>L\u00e4het\u00e4mme palkkalaskelmat asiakkaalle.<\/li>\n<\/ul>\n<p>[\/vc_column_text]\n\t\t\t\t            <\/div>\n\t        \t\t\t<\/dd><dt class=\"\">\n\t        \t<a class=\"ult-tabto-actitle withBorder ult_a \" id=\"1526637022170-1-0\" style=\"color:#b6b8ba;;background-color:#ffffff;border-bottom-color:transparent;border-bottom-width:0px;border-bottom-style:solid;border-bottom-color:transparent;border-bottom-width:0px;border-bottom-style:solid;\" href=\"#1526637022170-1-0\">\n\t        \t\t<i class=\"accordion-icon\"><\/i>\n\t        \t\t\t<span class=\"ult_tab_main ult_ac_main ult_noacordicnBoth\">\n\n\t\t\t\t\t\t<span  data-ultimate-target='#advanced-tabs-wrap-8273 .ult-span-text'  data-responsive-json-new='{\"font-size\":\"desktop:14px;\",\"line-height\":\"\"}'  class=\"ult-span-text no_icon ult_acordian-text ult-responsive\" style=\"font-weight:bold;;color:inherit \" >USEIN KYSYTYT<\/span>\n\t\t\t\t\t\t<\/span><\/a><\/dt>\n\t            \t\t<dd class=\"ult-tabto-accordionItem ult-tabto-accolapsed\">\n\t\t\t\t            <div class=\"ult-tabto-acontent\" style=\"color:#74777b;\">\n\t\t\t\t               [vc_toggle title=&#8221;Kuinka usein Suomalaiset yritykset maksavat palkkoja?&#8221; style=&#8221;arrow&#8221; size=&#8221;sm&#8221; open=&#8221;true&#8221; custom_font_container=&#8221;tag:h5|text_align:left&#8221; custom_use_theme_fonts=&#8221;yes&#8221; use_custom_heading=&#8221;true&#8221;]Yleisesti kerran kuukaudessa, mutta tietyiss\u00e4 tapauksissa my\u00f6s kahden viikon v\u00e4lein.[\/vc_toggle]\n\t\t\t\t            <\/div>\n\t        \t\t\t<\/dd>\n    \t<\/dl>\n    <!--<div class=\"extraborder\" style=\"background-color:#ffffff\"><\/div>-->\n<\/div>\n\n<\/div>[\/vc_column][\/vc_row]<\/p>\n<\/div>","protected":false},"excerpt":{"rendered":"<p>Palkkalaskelmat ovat pakollisia jokaiselle yritykselle, joiden palkkalistoilla on v\u00e4hint\u00e4\u00e4n yksi ty\u00f6ntekij\u00e4 ja ne pit\u00e4\u00e4 esitt\u00e4\u00e4 v\u00e4hint\u00e4\u00e4n kerran kuukaudessa.<\/p>\n","protected":false},"featured_media":57375,"template":"","meta":{"_acf_changed":false,"inline_featured_image":false},"product_brand":[],"product_cat":[353],"product_tag":[347],"class_list":{"0":"post-57847","1":"product","2":"type-product","3":"status-publish","4":"has-post-thumbnail","6":"product_cat-accounting-fi","7":"product_tag-finland-fi","8":"description-off","10":"first","11":"instock","12":"virtual","13":"taxable","14":"purchasable","15":"product-type-simple"},"bundled_by":[],"bundle_stock_status":"instock","bundle_stock_quantity":null,"bundle_virtual":false,"bundle_layout":"","bundle_add_to_cart_form_location":"","bundle_editable_in_cart":false,"bundle_sold_individually_context":"","bundle_item_grouping":"","bundle_min_size":"","bundle_max_size":"","bundle_price":[],"bundled_items":[],"bundle_sell_ids":[],"acf":[],"yoast_head":"<!-- This site is optimized with the Yoast SEO plugin v23.0 - https:\/\/yoast.com\/wordpress\/plugins\/seo\/ -->\n<title>Palkkalaskelmat | 1Office Finland<\/title>\n<meta name=\"description\" content=\"Every company with at least 1 employee needs to do payroll calculations at least once a month.\" \/>\n<meta name=\"robots\" content=\"noindex, follow, max-snippet:-1, max-image-preview:large, max-video-preview:-1\" \/>\n<meta property=\"og:locale\" content=\"fi_FI\" \/>\n<meta property=\"og:type\" content=\"article\" \/>\n<meta property=\"og:title\" content=\"Palkkalaskelmat | 1Office Finland\" \/>\n<meta property=\"og:description\" content=\"Every company with at least 1 employee needs to do payroll calculations at least once a month.\" \/>\n<meta property=\"og:url\" content=\"https:\/\/dev.1office.co\/finland\/fi\/tuote\/palkanlaskenta\/\" \/>\n<meta property=\"og:site_name\" content=\"1Office Finland\" \/>\n<meta property=\"article:modified_time\" content=\"2021-06-16T11:26:07+00:00\" \/>\n<meta property=\"og:image\" content=\"https:\/\/dev.1office.co\/finland\/wp-content\/uploads\/sites\/10\/2017\/12\/money-gold-coins-finance.jpg\" \/>\n\t<meta property=\"og:image:width\" content=\"1920\" \/>\n\t<meta property=\"og:image:height\" content=\"1271\" \/>\n\t<meta property=\"og:image:type\" content=\"image\/jpeg\" \/>\n<meta name=\"twitter:card\" content=\"summary_large_image\" \/>\n<meta name=\"twitter:label1\" content=\"Arvioitu lukuaika\" \/>\n\t<meta name=\"twitter:data1\" content=\"1 minuutti\" \/>\n<script type=\"application\/ld+json\" class=\"yoast-schema-graph\">{\"@context\":\"https:\/\/schema.org\",\"@graph\":[{\"@type\":\"WebPage\",\"@id\":\"https:\/\/dev.1office.co\/finland\/fi\/tuote\/palkanlaskenta\/\",\"url\":\"https:\/\/dev.1office.co\/finland\/fi\/tuote\/palkanlaskenta\/\",\"name\":\"Palkkalaskelmat | 1Office Finland\",\"isPartOf\":{\"@id\":\"https:\/\/dev.1office.co\/finland\/#website\"},\"primaryImageOfPage\":{\"@id\":\"https:\/\/dev.1office.co\/finland\/fi\/tuote\/palkanlaskenta\/#primaryimage\"},\"image\":{\"@id\":\"https:\/\/dev.1office.co\/finland\/fi\/tuote\/palkanlaskenta\/#primaryimage\"},\"thumbnailUrl\":\"https:\/\/dev.1office.co\/finland\/wp-content\/uploads\/sites\/10\/2017\/12\/money-gold-coins-finance.jpg\",\"datePublished\":\"2017-12-13T11:39:59+00:00\",\"dateModified\":\"2021-06-16T11:26:07+00:00\",\"description\":\"Every company with at least 1 employee needs to do payroll calculations at least once a month.\",\"breadcrumb\":{\"@id\":\"https:\/\/dev.1office.co\/finland\/fi\/tuote\/palkanlaskenta\/#breadcrumb\"},\"inLanguage\":\"fi\",\"potentialAction\":[{\"@type\":\"ReadAction\",\"target\":[\"https:\/\/dev.1office.co\/finland\/fi\/tuote\/palkanlaskenta\/\"]}]},{\"@type\":\"ImageObject\",\"inLanguage\":\"fi\",\"@id\":\"https:\/\/dev.1office.co\/finland\/fi\/tuote\/palkanlaskenta\/#primaryimage\",\"url\":\"https:\/\/dev.1office.co\/finland\/wp-content\/uploads\/sites\/10\/2017\/12\/money-gold-coins-finance.jpg\",\"contentUrl\":\"https:\/\/dev.1office.co\/finland\/wp-content\/uploads\/sites\/10\/2017\/12\/money-gold-coins-finance.jpg\",\"width\":1920,\"height\":1271},{\"@type\":\"BreadcrumbList\",\"@id\":\"https:\/\/dev.1office.co\/finland\/fi\/tuote\/palkanlaskenta\/#breadcrumb\",\"itemListElement\":[{\"@type\":\"ListItem\",\"position\":1,\"name\":\"Home\",\"item\":\"https:\/\/dev.1office.co\/finland\/fi\/\"},{\"@type\":\"ListItem\",\"position\":2,\"name\":\"Shop\",\"item\":\"https:\/\/dev.1office.co\/finland\/shop\/\"},{\"@type\":\"ListItem\",\"position\":3,\"name\":\"Palkkalaskelmat\"}]},{\"@type\":\"WebSite\",\"@id\":\"https:\/\/dev.1office.co\/finland\/#website\",\"url\":\"https:\/\/dev.1office.co\/finland\/\",\"name\":\"1Office Finland\",\"description\":\"Making Business Simple\",\"potentialAction\":[{\"@type\":\"SearchAction\",\"target\":{\"@type\":\"EntryPoint\",\"urlTemplate\":\"https:\/\/dev.1office.co\/finland\/?s={search_term_string}\"},\"query-input\":\"required name=search_term_string\"}],\"inLanguage\":\"fi\"}]}<\/script>\n<!-- \/ Yoast SEO plugin. -->","yoast_head_json":{"title":"Palkkalaskelmat | 1Office Finland","description":"Every company with at least 1 employee needs to do payroll calculations at least once a month.","robots":{"index":"noindex","follow":"follow","max-snippet":"max-snippet:-1","max-image-preview":"max-image-preview:large","max-video-preview":"max-video-preview:-1"},"og_locale":"fi_FI","og_type":"article","og_title":"Palkkalaskelmat | 1Office Finland","og_description":"Every company with at least 1 employee needs to do payroll calculations at least once a month.","og_url":"https:\/\/dev.1office.co\/finland\/fi\/tuote\/palkanlaskenta\/","og_site_name":"1Office Finland","article_modified_time":"2021-06-16T11:26:07+00:00","og_image":[{"width":1920,"height":1271,"url":"https:\/\/dev.1office.co\/finland\/wp-content\/uploads\/sites\/10\/2017\/12\/money-gold-coins-finance.jpg","type":"image\/jpeg"}],"twitter_card":"summary_large_image","twitter_misc":{"Arvioitu lukuaika":"1 minuutti"},"schema":{"@context":"https:\/\/schema.org","@graph":[{"@type":"WebPage","@id":"https:\/\/dev.1office.co\/finland\/fi\/tuote\/palkanlaskenta\/","url":"https:\/\/dev.1office.co\/finland\/fi\/tuote\/palkanlaskenta\/","name":"Palkkalaskelmat | 1Office Finland","isPartOf":{"@id":"https:\/\/dev.1office.co\/finland\/#website"},"primaryImageOfPage":{"@id":"https:\/\/dev.1office.co\/finland\/fi\/tuote\/palkanlaskenta\/#primaryimage"},"image":{"@id":"https:\/\/dev.1office.co\/finland\/fi\/tuote\/palkanlaskenta\/#primaryimage"},"thumbnailUrl":"https:\/\/dev.1office.co\/finland\/wp-content\/uploads\/sites\/10\/2017\/12\/money-gold-coins-finance.jpg","datePublished":"2017-12-13T11:39:59+00:00","dateModified":"2021-06-16T11:26:07+00:00","description":"Every company with at least 1 employee needs to do payroll calculations at least once a month.","breadcrumb":{"@id":"https:\/\/dev.1office.co\/finland\/fi\/tuote\/palkanlaskenta\/#breadcrumb"},"inLanguage":"fi","potentialAction":[{"@type":"ReadAction","target":["https:\/\/dev.1office.co\/finland\/fi\/tuote\/palkanlaskenta\/"]}]},{"@type":"ImageObject","inLanguage":"fi","@id":"https:\/\/dev.1office.co\/finland\/fi\/tuote\/palkanlaskenta\/#primaryimage","url":"https:\/\/dev.1office.co\/finland\/wp-content\/uploads\/sites\/10\/2017\/12\/money-gold-coins-finance.jpg","contentUrl":"https:\/\/dev.1office.co\/finland\/wp-content\/uploads\/sites\/10\/2017\/12\/money-gold-coins-finance.jpg","width":1920,"height":1271},{"@type":"BreadcrumbList","@id":"https:\/\/dev.1office.co\/finland\/fi\/tuote\/palkanlaskenta\/#breadcrumb","itemListElement":[{"@type":"ListItem","position":1,"name":"Home","item":"https:\/\/dev.1office.co\/finland\/fi\/"},{"@type":"ListItem","position":2,"name":"Shop","item":"https:\/\/dev.1office.co\/finland\/shop\/"},{"@type":"ListItem","position":3,"name":"Palkkalaskelmat"}]},{"@type":"WebSite","@id":"https:\/\/dev.1office.co\/finland\/#website","url":"https:\/\/dev.1office.co\/finland\/","name":"1Office Finland","description":"Making Business Simple","potentialAction":[{"@type":"SearchAction","target":{"@type":"EntryPoint","urlTemplate":"https:\/\/dev.1office.co\/finland\/?s={search_term_string}"},"query-input":"required name=search_term_string"}],"inLanguage":"fi"}]}},"_links":{"self":[{"href":"https:\/\/dev.1office.co\/finland\/fi\/wp-json\/wp\/v2\/product\/57847","targetHints":{"allow":["GET"]}}],"collection":[{"href":"https:\/\/dev.1office.co\/finland\/fi\/wp-json\/wp\/v2\/product"}],"about":[{"href":"https:\/\/dev.1office.co\/finland\/fi\/wp-json\/wp\/v2\/types\/product"}],"wp:featuredmedia":[{"embeddable":true,"href":"https:\/\/dev.1office.co\/finland\/fi\/wp-json\/wp\/v2\/media\/57375"}],"wp:attachment":[{"href":"https:\/\/dev.1office.co\/finland\/fi\/wp-json\/wp\/v2\/media?parent=57847"}],"wp:term":[{"taxonomy":"product_brand","embeddable":true,"href":"https:\/\/dev.1office.co\/finland\/fi\/wp-json\/wp\/v2\/product_brand?post=57847"},{"taxonomy":"product_cat","embeddable":true,"href":"https:\/\/dev.1office.co\/finland\/fi\/wp-json\/wp\/v2\/product_cat?post=57847"},{"taxonomy":"product_tag","embeddable":true,"href":"https:\/\/dev.1office.co\/finland\/fi\/wp-json\/wp\/v2\/product_tag?post=57847"}],"curies":[{"name":"wp","href":"https:\/\/api.w.org\/{rel}","templated":true}]}}