{"id":60336,"date":"2022-08-29T06:05:29","date_gmt":"2022-08-29T06:05:30","guid":{"rendered":"https:\/\/dev.1office.co\/finland\/?post_type=product&#038;p=60336"},"modified":"2022-09-29T13:29:46","modified_gmt":"2022-09-29T13:29:46","slug":"valismaine-ehitusettevotja-soomes-taislahendusega-pakett","status":"publish","type":"product","link":"https:\/\/dev.1office.co\/finland\/et\/toode\/valismaine-ehitusettevotja-soomes-taislahendusega-pakett\/","title":{"rendered":"V\u00e4lismaine ehitusettev\u00f5tja Soomes &#8211; t\u00e4islahendusega pakett"},"content":{"rendered":"<div class=\"wpb-content-wrapper\"><p class=\"p1\">[vc_row][vc_column]<div id=\"advanced-tabs-desc-wrap-8055\" class=\"ult_tabs product_tabs\" style=\" \" data-tabsstyle=\"style1\"\n data-titlebg=\"#ffffff\" data-titlecolor=\"#b6b8ba\" data-fullheight=\"off\"\n data-titlehoverbg=\"#ffffff\" data-titlehovercolor=\"#1d1e23\"\n data-rotatetabs=\"0\" data-responsivemode=\"Both\" data-animation=\"Slide\"\ndata-activetitle=\"#1d1e23\" data-activeicon=\"\" data-activebg=\"#ffffff\"  data-respmode=\"Tabs\" data-respwidth=\"400\" data-scroll = \"on\" data-activeindex=\"1\"><ul id=advanced-tabs-wrap-9882 class=\"ult_tabmenu style1 \" style=\"\"><li class=\"ult_tab_li  \" data-iconcolor=\"#74777b\" data-iconhover=\"#ffffff\" style=\"background-color:#ffffff;border-color:transparent;border-width:0px;border-style:solid;border-top-right-radius:8px;\">\n\t\t\t\t\t<a href=\"#1512642751410-8d7ab-c11d\"  id=\"1512642751410-8d7ab-c11d\"  style=\"color:#b6b8ba;; padding:15px; \" class=\"ult_a  \">\n\t\t\t\t\t     <span class=\"ult_tab_main Both \">\n\t\t\t\t\t \t\t <span class=\"ult_tab_section\">\n\t\t\t\t\t   \t\t\t<span  data-ultimate-target='#advanced-tabs-wrap-9882 .ult-span-text'  data-responsive-json-new='{\"font-size\":\"desktop:14px;\",\"line-height\":\"\"}'  class=\"ult-span-text no_icon ult_tab_display_text ult-responsive\" style=\"font-weight:bold;;\">DESCRIPTION<\/span>\n\t\t\t\t\t   \t\t<\/span>\n\t\t\t\t\t\t<\/span>\n\t\t\t\t\t<\/a>\n\t\t\t\t\t<\/li><\/ul><div  data-ultimate-target='#advanced-tabs-desc-wrap-8055 .ult_tabcontent .ult_tab_min_contain  p'  data-responsive-json-new='{\"font-size\":\"\",\"line-height\":\"\"}' class=\"ult_tabcontent ult-responsive style1\" style=\"color:#74777b;\"><div class=\"ult_tab_min_contain \" >\n\t\t\t<div  class=\"ult_tabitemname\"  >\n\t\t\t\t[vc_column_text]<b>Pakett sisaldab:<\/b><\/p>\n<ul class=\"ul1\">\n<li class=\"li1\">Maksuregistreeringud v\u00e4lismaise taustaga ettev\u00f5ttele 560 EUR<\/li>\n<li class=\"li1\">\u00c4riaadress koos postiteenusega \u00fcheks aastaks 84<span class=\"s3\">0 EUR asemel<\/span> <b>420 EUR<\/b> &#8211; paketi ostmisel rakendub \u00e4riaadressi teenusele 50%-line soodustus. Aadressiteenus on aastase maksega <em>subscription<\/em> teenus ning allahindlus kehtib ka j\u00e4rgnevatele aastatele.<\/li>\n<li>Konsultatsioon v\u00e4lismaisele ehitusettev\u00f5tjale 360 EUR<\/li>\n<li class=\"li1\">Suomi.fi registreering 150 EUR<\/li>\n<li>Raamatupidamise alustustasu 250 EUR<\/li>\n<li>VastuuGroupi usaldusv\u00e4\u00e4rse partneri avaldus ja kindlustuskokkulepete s\u00f5lmimine 130 EUR<\/li>\n<li>My Money konto &#8211; 1Office&#8217;i kliendid saavad ligip\u00e4\u00e4su kiiretele \u00fclemaailmsetele \u00fclekannetele, pangakaartidele ja FX kurssidele l\u00e4bi My Money konto. Konto avamine on 1Office&#8217;i klientidele tasuta.<\/li>\n<li class=\"li1\">Ligip\u00e4\u00e4s <a href=\"https:\/\/dev.1office.co\/my1office\"><span class=\"s2\">my1Office<\/span><\/a> keskkonda<\/li>\n<\/ul>\n<p>&nbsp;<\/p>\n<p><strong>Saadaval lisatasu eest:<\/strong><\/p>\n<ul>\n<li><a href=\"https:\/\/dev.1office.co\/finland\/et\/toode\/tutarettevotte-asutamine-soomes\/\" target=\"_blank\" rel=\"noopener\">T\u00fctarettev\u00f5tte asutamine<\/a><\/li>\n<li><a href=\"https:\/\/dev.1office.co\/finland\/et\/toode\/sekretariteenused\/\" target=\"_blank\" rel=\"noopener\">Sekret\u00e4riteenused<\/a><\/li>\n<li>Juriidilised teenused<\/li>\n<li>Lisakonsultatsioonid<\/li>\n<\/ul>\n<p>&nbsp;<\/p>\n<p><strong>Oluline informatsioon:<\/strong><\/p>\n<ul>\n<li>Enne aktiivse tegevuse alustamist Soomes peab taotlema Soome maksuregistreeringuid.<\/li>\n<li>\u00c4riaadress on vajalik igale Soomes registreeritud ettev\u00f5ttele kogu perioodi jooksul, mil ettev\u00f5te tegutseb. Aadressiteenus on parimaks lahenduseks mitteresidentidele, kes on ettev\u00f5tte asutanud, kuid kelle kontor ei asu Soomes. \u00c4riaadress kantakse sisse kohalikku \u00e4riregistrisse ning see on avalikult k\u00e4ttesaadav. Samuti saadetakse sellele aadressile ettev\u00f5tte ametlikud kirjad.<\/li>\n<li>Kindlustuse ja tervishoiu kokkulepped tehakse kliendi ja teenusepakkuja vahel. Teenusepakkuja esitab kliendile arved otse, ilma 1Office vahenduseta. Meie kindlustuspartneriteks on Varma ja IF, tervihoiu partneriteks Mehil\u00e4inen ja Terveystalo.<\/li>\n<li>Pakett sisaldab raamatupidamise alustustasu. Me teeme eraldi fikseeritud kuup\u00f5hise hinnaga raamatupidamispakkumise konkreetse ettev\u00f5tte tegevuse ja vajaduste p\u00f5hjal.<\/li>\n<li>Konsultatsioon, mida pakett sisaldab, on ideaalne just Eestis, L\u00e4tis ja Leedus registreeritud ettev\u00f5tete jaoks, kes soovivad Soomes ehitus\u00e4riga alustada.<\/li>\n<li>1Office saab pakkuda ka j\u00e4rgnevaid lisateenuseid: l\u00e4hetatud t\u00f6\u00f6tajate teavitused piirkondlikele riigihaldusasutustele (Regional State Administrative Agency), Soome maksunumbrite taotlemine t\u00f6\u00f6tajatele, t\u00f6\u00f6tajate palkamise teavitused maksuametile ja mitmed teised avaldused\/dokumendid kokkuleppel kliendiga.<\/li>\n<\/ul>\n<p class=\"p1\">[\/vc_column_text]\n\t\t\t<\/div><\/div><\/div><\/div><div class=\"ult_acord advanced-tabs-desc-wrap-8055\">\n   <div class=\"ult-tabto-accordion \" style=\"width:;\"\n    data-titlecolor=\"#b6b8ba\"  data-titlebg=\"#ffffff\"\n     data-titlehoverbg=\"#ffffff\" data-titlehovercolor=\"#1d1e23\" data-animation=\"Slide\"\n     data-activetitle=\"#1d1e23\" data-activeicon=\"\" data-activebg=\"#ffffff\" data-scroll = \"on\" data-activeindex=\"1\" >\n     <dl><dt class=\"\">\n\t        \t<a class=\"ult-tabto-actitle withBorder ult_a \" id=\"1512642751410-8d7ab-c11d\" style=\"color:#b6b8ba;;background-color:#ffffff;border-bottom-color:transparent;border-bottom-width:0px;border-bottom-style:solid;\" href=\"#1512642751410-8d7ab-c11d\">\n\t        \t\t<i class=\"accordion-icon\"><\/i>\n\t        \t\t\t<span class=\"ult_tab_main ult_ac_main ult_noacordicnBoth\">\n\n\t\t\t\t\t\t<span  data-ultimate-target='#advanced-tabs-wrap-9882 .ult-span-text'  data-responsive-json-new='{\"font-size\":\"desktop:14px;\",\"line-height\":\"\"}'  class=\"ult-span-text no_icon ult_acordian-text ult-responsive\" style=\"font-weight:bold;;color:inherit \" >DESCRIPTION<\/span>\n\t\t\t\t\t\t<\/span><\/a><\/dt>\n\t            \t\t<dd class=\"ult-tabto-accordionItem ult-tabto-accolapsed\">\n\t\t\t\t            <div class=\"ult-tabto-acontent\" style=\"color:#74777b;\">\n\t\t\t\t               [vc_column_text]<b>Pakett sisaldab:<\/b><\/p>\n<ul class=\"ul1\">\n<li class=\"li1\">Maksuregistreeringud v\u00e4lismaise taustaga ettev\u00f5ttele 560 EUR<\/li>\n<li class=\"li1\">\u00c4riaadress koos postiteenusega \u00fcheks aastaks 84<span class=\"s3\">0 EUR asemel<\/span> <b>420 EUR<\/b> &#8211; paketi ostmisel rakendub \u00e4riaadressi teenusele 50%-line soodustus. Aadressiteenus on aastase maksega <em>subscription<\/em> teenus ning allahindlus kehtib ka j\u00e4rgnevatele aastatele.<\/li>\n<li>Konsultatsioon v\u00e4lismaisele ehitusettev\u00f5tjale 360 EUR<\/li>\n<li class=\"li1\">Suomi.fi registreering 150 EUR<\/li>\n<li>Raamatupidamise alustustasu 250 EUR<\/li>\n<li>VastuuGroupi usaldusv\u00e4\u00e4rse partneri avaldus ja kindlustuskokkulepete s\u00f5lmimine 130 EUR<\/li>\n<li>My Money konto &#8211; 1Office&#8217;i kliendid saavad ligip\u00e4\u00e4su kiiretele \u00fclemaailmsetele \u00fclekannetele, pangakaartidele ja FX kurssidele l\u00e4bi My Money konto. Konto avamine on 1Office&#8217;i klientidele tasuta.<\/li>\n<li class=\"li1\">Ligip\u00e4\u00e4s <a href=\"https:\/\/dev.1office.co\/my1office\"><span class=\"s2\">my1Office<\/span><\/a> keskkonda<\/li>\n<\/ul>\n<p>&nbsp;<\/p>\n<p><strong>Saadaval lisatasu eest:<\/strong><\/p>\n<ul>\n<li><a href=\"https:\/\/dev.1office.co\/finland\/et\/toode\/tutarettevotte-asutamine-soomes\/\" target=\"_blank\" rel=\"noopener\">T\u00fctarettev\u00f5tte asutamine<\/a><\/li>\n<li><a href=\"https:\/\/dev.1office.co\/finland\/et\/toode\/sekretariteenused\/\" target=\"_blank\" rel=\"noopener\">Sekret\u00e4riteenused<\/a><\/li>\n<li>Juriidilised teenused<\/li>\n<li>Lisakonsultatsioonid<\/li>\n<\/ul>\n<p>&nbsp;<\/p>\n<p><strong>Oluline informatsioon:<\/strong><\/p>\n<ul>\n<li>Enne aktiivse tegevuse alustamist Soomes peab taotlema Soome maksuregistreeringuid.<\/li>\n<li>\u00c4riaadress on vajalik igale Soomes registreeritud ettev\u00f5ttele kogu perioodi jooksul, mil ettev\u00f5te tegutseb. Aadressiteenus on parimaks lahenduseks mitteresidentidele, kes on ettev\u00f5tte asutanud, kuid kelle kontor ei asu Soomes. \u00c4riaadress kantakse sisse kohalikku \u00e4riregistrisse ning see on avalikult k\u00e4ttesaadav. Samuti saadetakse sellele aadressile ettev\u00f5tte ametlikud kirjad.<\/li>\n<li>Kindlustuse ja tervishoiu kokkulepped tehakse kliendi ja teenusepakkuja vahel. Teenusepakkuja esitab kliendile arved otse, ilma 1Office vahenduseta. Meie kindlustuspartneriteks on Varma ja IF, tervihoiu partneriteks Mehil\u00e4inen ja Terveystalo.<\/li>\n<li>Pakett sisaldab raamatupidamise alustustasu. Me teeme eraldi fikseeritud kuup\u00f5hise hinnaga raamatupidamispakkumise konkreetse ettev\u00f5tte tegevuse ja vajaduste p\u00f5hjal.<\/li>\n<li>Konsultatsioon, mida pakett sisaldab, on ideaalne just Eestis, L\u00e4tis ja Leedus registreeritud ettev\u00f5tete jaoks, kes soovivad Soomes ehitus\u00e4riga alustada.<\/li>\n<li>1Office saab pakkuda ka j\u00e4rgnevaid lisateenuseid: l\u00e4hetatud t\u00f6\u00f6tajate teavitused piirkondlikele riigihaldusasutustele (Regional State Administrative Agency), Soome maksunumbrite taotlemine t\u00f6\u00f6tajatele, t\u00f6\u00f6tajate palkamise teavitused maksuametile ja mitmed teised avaldused\/dokumendid kokkuleppel kliendiga.<\/li>\n<\/ul>\n<p class=\"p1\">[\/vc_column_text]\n\t\t\t\t            <\/div>\n\t        \t\t\t<\/dd>\n    \t<\/dl>\n    <!--<div class=\"extraborder\" style=\"background-color:#ffffff\"><\/div>-->\n<\/div>\n\n<\/div>[\/vc_column][\/vc_row]<\/p>\n<\/div>","protected":false},"excerpt":{"rendered":"<p>K\u00f5ik v\u00e4lismaised ettev\u00f5tted, kes soovivad siseneda Soome ehitusturule peavad t\u00e4itma spetsiaalseid n\u00f5udeid ja reegleid enne lepingu s\u00f5lmimist kohalike ehituspartneritega. 1Office on loonud t\u00e4islahendusega paketi, mis sisaldab k\u00f5iki teenuseid, mida vajad selleks, et alustada ja hallata enda tegevust Soomes.<\/p>\n<p>Esimene makse paketi eest on 1515 + 420 = 1935 \u20ac ja korduv makse p\u00e4rast esimest aastat on 420 \u20ac \/ aastas.<\/p>\n<p><strong>Pakett sisaldab maksuregistreeringuid v\u00e4lismaisele ettev\u00f5ttele ja j\u00e4rgnevaid teenuseid:<\/strong><\/p>\n","protected":false},"featured_media":60339,"template":"","meta":{"_acf_changed":false,"inline_featured_image":false},"product_brand":[],"product_cat":[308,472],"product_tag":[312],"class_list":{"0":"post-60336","1":"product","2":"type-product","3":"status-publish","4":"has-post-thumbnail","6":"product_cat-ettevotte-alustamine","7":"product_cat-paketid","8":"product_tag-soome","9":"description-off","11":"first","12":"instock","13":"sale","14":"taxable","15":"shipping-taxable","16":"purchasable","17":"product-type-bundle"},"bundled_by":[],"bundle_stock_status":"instock","bundle_stock_quantity":"","bundle_virtual":false,"bundle_layout":"default","bundle_add_to_cart_form_location":"default","bundle_editable_in_cart":false,"bundle_sold_individually_context":"product","bundle_item_grouping":"parent","bundle_min_size":"","bundle_max_size":"","bundle_price":{"price":{"min":{"incl_tax":"1878.6","excl_tax":"1515"},"max":{"incl_tax":"1878.6","excl_tax":"1515"}},"regular_price":{"min":{"incl_tax":"1878.6","excl_tax":"1515"},"max":{"incl_tax":"1878.6","excl_tax":"1515"}}},"bundled_items":[{"bundled_item_id":89,"product_id":59154,"menu_order":0,"quantity_min":1,"quantity_max":1,"quantity_default":1,"priced_individually":true,"shipped_individually":true,"override_title":false,"title":"\u00c4riaadress Helsingi kesklinnas","override_description":false,"description":"\u00c4riaadress Helsingi kesklinnas","optional":false,"hide_thumbnail":false,"discount":"50","override_variations":false,"allowed_variations":[""],"override_default_variation_attributes":false,"default_variation_attributes":[],"single_product_visibility":"visible","cart_visibility":"visible","order_visibility":"visible","single_product_price_visibility":"hidden","cart_price_visibility":"hidden","order_price_visibility":"hidden","stock_status":"in_stock"},{"bundled_item_id":90,"product_id":58040,"menu_order":1,"quantity_min":1,"quantity_max":1,"quantity_default":1,"priced_individually":true,"shipped_individually":true,"override_title":false,"title":"Rahvusvaheline maksukonsultatsioon v\u00e4lismaistele ehitusettev\u00f5tjatele","override_description":false,"description":"Rahvusvaheline maksukonsultatsioon v\u00e4lismaistele ehitusettev\u00f5tjatele","optional":false,"hide_thumbnail":false,"discount":"","override_variations":false,"allowed_variations":[""],"override_default_variation_attributes":false,"default_variation_attributes":[],"single_product_visibility":"visible","cart_visibility":"visible","order_visibility":"visible","single_product_price_visibility":"hidden","cart_price_visibility":"hidden","order_price_visibility":"hidden","stock_status":"in_stock"},{"bundled_item_id":91,"product_id":57683,"menu_order":2,"quantity_min":1,"quantity_max":1,"quantity_default":1,"priced_individually":true,"shipped_individually":false,"override_title":true,"title":"VastuuGroupi usaldusv\u00e4\u00e4rse partneri avaldus","override_description":true,"description":"Me taotleme sinu ettev\u00f5ttele VastuuGroupi usaldusv\u00e4\u00e4rse partneri teenuse, mis aitab hallata tellija vastutuse seadusest tulenevaid kohustusi. Teenuse abil hangitakse ettev\u00f5tte nimel seaduses n\u00f5utud andmeid ja hoitakse neid alati ajakohastatuna.","optional":false,"hide_thumbnail":false,"discount":"","override_variations":false,"allowed_variations":[""],"override_default_variation_attributes":false,"default_variation_attributes":[],"single_product_visibility":"visible","cart_visibility":"visible","order_visibility":"visible","single_product_price_visibility":"hidden","cart_price_visibility":"hidden","order_price_visibility":"hidden","stock_status":"in_stock"},{"bundled_item_id":92,"product_id":59703,"menu_order":3,"quantity_min":1,"quantity_max":1,"quantity_default":1,"priced_individually":true,"shipped_individually":true,"override_title":false,"title":"Suomi.fi taotlus","override_description":false,"description":"Suomi.fi taotlus","optional":false,"hide_thumbnail":false,"discount":"","override_variations":false,"allowed_variations":[""],"override_default_variation_attributes":false,"default_variation_attributes":[],"single_product_visibility":"visible","cart_visibility":"visible","order_visibility":"visible","single_product_price_visibility":"hidden","cart_price_visibility":"hidden","order_price_visibility":"hidden","stock_status":"in_stock"},{"bundled_item_id":100,"product_id":57683,"menu_order":4,"quantity_min":2,"quantity_max":2,"quantity_default":2,"priced_individually":true,"shipped_individually":false,"override_title":true,"title":"Kindlustuse ja tervisekindlustuse kokkulepete s\u00f5lmimine","override_description":true,"description":"Me v\u00f5tame pakkumised sinu ettev\u00f5tte jaoks parimatelt kindlustusettev\u00f5tetelt (nt IF) ning edastame pakkumised.","optional":false,"hide_thumbnail":false,"discount":"","override_variations":false,"allowed_variations":[""],"override_default_variation_attributes":false,"default_variation_attributes":[],"single_product_visibility":"visible","cart_visibility":"visible","order_visibility":"visible","single_product_price_visibility":"hidden","cart_price_visibility":"hidden","order_price_visibility":"hidden","stock_status":"in_stock"},{"bundled_item_id":93,"product_id":57545,"menu_order":5,"quantity_min":1,"quantity_max":1,"quantity_default":1,"priced_individually":true,"shipped_individually":true,"override_title":false,"title":"Raamatupidamise alustustasu","override_description":false,"description":"Raamatupidamise alustustasu","optional":false,"hide_thumbnail":false,"discount":"","override_variations":false,"allowed_variations":[""],"override_default_variation_attributes":false,"default_variation_attributes":[],"single_product_visibility":"visible","cart_visibility":"visible","order_visibility":"visible","single_product_price_visibility":"hidden","cart_price_visibility":"hidden","order_price_visibility":"hidden","stock_status":"in_stock"}],"bundle_sell_ids":[],"acf":[],"yoast_head":"<!-- This site is optimized with the Yoast SEO plugin v23.0 - https:\/\/yoast.com\/wordpress\/plugins\/seo\/ -->\n<title>V\u00e4lismaine ehitusettev\u00f5tja Soomes - t\u00e4islahendusega pakett | 1Office Finland<\/title>\n<meta name=\"description\" content=\"1Office on loonud t\u00e4islahendusega paketi, mis sisaldab k\u00f5iki teenuseid v\u00e4lismaisele ettev\u00f5ttele, kes soovib siseneda Soome ehitusturule.\" \/>\n<meta name=\"robots\" content=\"noindex, follow, max-snippet:-1, max-image-preview:large, max-video-preview:-1\" \/>\n<meta property=\"og:locale\" content=\"et_EE\" \/>\n<meta property=\"og:type\" content=\"article\" \/>\n<meta property=\"og:title\" content=\"V\u00e4lismaine ehitusettev\u00f5tja Soomes - t\u00e4islahendusega pakett | 1Office Finland\" \/>\n<meta property=\"og:description\" content=\"1Office on loonud t\u00e4islahendusega paketi, mis sisaldab k\u00f5iki teenuseid v\u00e4lismaisele ettev\u00f5ttele, kes soovib siseneda Soome ehitusturule.\" \/>\n<meta property=\"og:url\" content=\"https:\/\/dev.1office.co\/finland\/et\/toode\/valismaine-ehitusettevotja-soomes-taislahendusega-pakett\/\" \/>\n<meta property=\"og:site_name\" content=\"1Office Finland\" \/>\n<meta property=\"article:modified_time\" content=\"2022-09-29T13:29:46+00:00\" \/>\n<meta property=\"og:image\" content=\"https:\/\/dev.1office.co\/finland\/wp-content\/uploads\/sites\/10\/2022\/08\/anthony-fomin-sTw2KYpoujk-unsplash.jpg\" \/>\n\t<meta property=\"og:image:width\" content=\"1920\" \/>\n\t<meta property=\"og:image:height\" content=\"1280\" \/>\n\t<meta property=\"og:image:type\" content=\"image\/jpeg\" \/>\n<meta name=\"twitter:card\" content=\"summary_large_image\" \/>\n<meta name=\"twitter:label1\" content=\"Est. reading time\" \/>\n\t<meta name=\"twitter:data1\" content=\"2 minutit\" \/>\n<script type=\"application\/ld+json\" class=\"yoast-schema-graph\">{\"@context\":\"https:\/\/schema.org\",\"@graph\":[{\"@type\":\"WebPage\",\"@id\":\"https:\/\/dev.1office.co\/finland\/et\/toode\/valismaine-ehitusettevotja-soomes-taislahendusega-pakett\/\",\"url\":\"https:\/\/dev.1office.co\/finland\/et\/toode\/valismaine-ehitusettevotja-soomes-taislahendusega-pakett\/\",\"name\":\"V\u00e4lismaine ehitusettev\u00f5tja Soomes - t\u00e4islahendusega pakett | 1Office Finland\",\"isPartOf\":{\"@id\":\"https:\/\/dev.1office.co\/finland\/#website\"},\"primaryImageOfPage\":{\"@id\":\"https:\/\/dev.1office.co\/finland\/et\/toode\/valismaine-ehitusettevotja-soomes-taislahendusega-pakett\/#primaryimage\"},\"image\":{\"@id\":\"https:\/\/dev.1office.co\/finland\/et\/toode\/valismaine-ehitusettevotja-soomes-taislahendusega-pakett\/#primaryimage\"},\"thumbnailUrl\":\"https:\/\/dev.1office.co\/finland\/wp-content\/uploads\/sites\/10\/2022\/08\/anthony-fomin-sTw2KYpoujk-unsplash.jpg\",\"datePublished\":\"2022-08-29T06:05:30+00:00\",\"dateModified\":\"2022-09-29T13:29:46+00:00\",\"description\":\"1Office on loonud t\u00e4islahendusega paketi, mis sisaldab k\u00f5iki teenuseid v\u00e4lismaisele ettev\u00f5ttele, kes soovib siseneda Soome ehitusturule.\",\"breadcrumb\":{\"@id\":\"https:\/\/dev.1office.co\/finland\/et\/toode\/valismaine-ehitusettevotja-soomes-taislahendusega-pakett\/#breadcrumb\"},\"inLanguage\":\"et\",\"potentialAction\":[{\"@type\":\"ReadAction\",\"target\":[\"https:\/\/dev.1office.co\/finland\/et\/toode\/valismaine-ehitusettevotja-soomes-taislahendusega-pakett\/\"]}]},{\"@type\":\"ImageObject\",\"inLanguage\":\"et\",\"@id\":\"https:\/\/dev.1office.co\/finland\/et\/toode\/valismaine-ehitusettevotja-soomes-taislahendusega-pakett\/#primaryimage\",\"url\":\"https:\/\/dev.1office.co\/finland\/wp-content\/uploads\/sites\/10\/2022\/08\/anthony-fomin-sTw2KYpoujk-unsplash.jpg\",\"contentUrl\":\"https:\/\/dev.1office.co\/finland\/wp-content\/uploads\/sites\/10\/2022\/08\/anthony-fomin-sTw2KYpoujk-unsplash.jpg\",\"width\":1920,\"height\":1280},{\"@type\":\"BreadcrumbList\",\"@id\":\"https:\/\/dev.1office.co\/finland\/et\/toode\/valismaine-ehitusettevotja-soomes-taislahendusega-pakett\/#breadcrumb\",\"itemListElement\":[{\"@type\":\"ListItem\",\"position\":1,\"name\":\"Home\",\"item\":\"https:\/\/dev.1office.co\/finland\/et\/\"},{\"@type\":\"ListItem\",\"position\":2,\"name\":\"Shop\",\"item\":\"https:\/\/dev.1office.co\/finland\/shop\/\"},{\"@type\":\"ListItem\",\"position\":3,\"name\":\"V\u00e4lismaine ehitusettev\u00f5tja Soomes &#8211; t\u00e4islahendusega pakett\"}]},{\"@type\":\"WebSite\",\"@id\":\"https:\/\/dev.1office.co\/finland\/#website\",\"url\":\"https:\/\/dev.1office.co\/finland\/\",\"name\":\"1Office Finland\",\"description\":\"Making Business Simple\",\"potentialAction\":[{\"@type\":\"SearchAction\",\"target\":{\"@type\":\"EntryPoint\",\"urlTemplate\":\"https:\/\/dev.1office.co\/finland\/?s={search_term_string}\"},\"query-input\":\"required name=search_term_string\"}],\"inLanguage\":\"et\"}]}<\/script>\n<!-- \/ Yoast SEO plugin. -->","yoast_head_json":{"title":"V\u00e4lismaine ehitusettev\u00f5tja Soomes - t\u00e4islahendusega pakett | 1Office Finland","description":"1Office on loonud t\u00e4islahendusega paketi, mis sisaldab k\u00f5iki teenuseid v\u00e4lismaisele ettev\u00f5ttele, kes soovib siseneda Soome ehitusturule.","robots":{"index":"noindex","follow":"follow","max-snippet":"max-snippet:-1","max-image-preview":"max-image-preview:large","max-video-preview":"max-video-preview:-1"},"og_locale":"et_EE","og_type":"article","og_title":"V\u00e4lismaine ehitusettev\u00f5tja Soomes - t\u00e4islahendusega pakett | 1Office Finland","og_description":"1Office on loonud t\u00e4islahendusega paketi, mis sisaldab k\u00f5iki teenuseid v\u00e4lismaisele ettev\u00f5ttele, kes soovib siseneda Soome ehitusturule.","og_url":"https:\/\/dev.1office.co\/finland\/et\/toode\/valismaine-ehitusettevotja-soomes-taislahendusega-pakett\/","og_site_name":"1Office Finland","article_modified_time":"2022-09-29T13:29:46+00:00","og_image":[{"width":1920,"height":1280,"url":"https:\/\/dev.1office.co\/finland\/wp-content\/uploads\/sites\/10\/2022\/08\/anthony-fomin-sTw2KYpoujk-unsplash.jpg","type":"image\/jpeg"}],"twitter_card":"summary_large_image","twitter_misc":{"Est. reading time":"2 minutit"},"schema":{"@context":"https:\/\/schema.org","@graph":[{"@type":"WebPage","@id":"https:\/\/dev.1office.co\/finland\/et\/toode\/valismaine-ehitusettevotja-soomes-taislahendusega-pakett\/","url":"https:\/\/dev.1office.co\/finland\/et\/toode\/valismaine-ehitusettevotja-soomes-taislahendusega-pakett\/","name":"V\u00e4lismaine ehitusettev\u00f5tja Soomes - t\u00e4islahendusega pakett | 1Office Finland","isPartOf":{"@id":"https:\/\/dev.1office.co\/finland\/#website"},"primaryImageOfPage":{"@id":"https:\/\/dev.1office.co\/finland\/et\/toode\/valismaine-ehitusettevotja-soomes-taislahendusega-pakett\/#primaryimage"},"image":{"@id":"https:\/\/dev.1office.co\/finland\/et\/toode\/valismaine-ehitusettevotja-soomes-taislahendusega-pakett\/#primaryimage"},"thumbnailUrl":"https:\/\/dev.1office.co\/finland\/wp-content\/uploads\/sites\/10\/2022\/08\/anthony-fomin-sTw2KYpoujk-unsplash.jpg","datePublished":"2022-08-29T06:05:30+00:00","dateModified":"2022-09-29T13:29:46+00:00","description":"1Office on loonud t\u00e4islahendusega paketi, mis sisaldab k\u00f5iki teenuseid v\u00e4lismaisele ettev\u00f5ttele, kes soovib siseneda Soome ehitusturule.","breadcrumb":{"@id":"https:\/\/dev.1office.co\/finland\/et\/toode\/valismaine-ehitusettevotja-soomes-taislahendusega-pakett\/#breadcrumb"},"inLanguage":"et","potentialAction":[{"@type":"ReadAction","target":["https:\/\/dev.1office.co\/finland\/et\/toode\/valismaine-ehitusettevotja-soomes-taislahendusega-pakett\/"]}]},{"@type":"ImageObject","inLanguage":"et","@id":"https:\/\/dev.1office.co\/finland\/et\/toode\/valismaine-ehitusettevotja-soomes-taislahendusega-pakett\/#primaryimage","url":"https:\/\/dev.1office.co\/finland\/wp-content\/uploads\/sites\/10\/2022\/08\/anthony-fomin-sTw2KYpoujk-unsplash.jpg","contentUrl":"https:\/\/dev.1office.co\/finland\/wp-content\/uploads\/sites\/10\/2022\/08\/anthony-fomin-sTw2KYpoujk-unsplash.jpg","width":1920,"height":1280},{"@type":"BreadcrumbList","@id":"https:\/\/dev.1office.co\/finland\/et\/toode\/valismaine-ehitusettevotja-soomes-taislahendusega-pakett\/#breadcrumb","itemListElement":[{"@type":"ListItem","position":1,"name":"Home","item":"https:\/\/dev.1office.co\/finland\/et\/"},{"@type":"ListItem","position":2,"name":"Shop","item":"https:\/\/dev.1office.co\/finland\/shop\/"},{"@type":"ListItem","position":3,"name":"V\u00e4lismaine ehitusettev\u00f5tja Soomes &#8211; t\u00e4islahendusega pakett"}]},{"@type":"WebSite","@id":"https:\/\/dev.1office.co\/finland\/#website","url":"https:\/\/dev.1office.co\/finland\/","name":"1Office Finland","description":"Making Business Simple","potentialAction":[{"@type":"SearchAction","target":{"@type":"EntryPoint","urlTemplate":"https:\/\/dev.1office.co\/finland\/?s={search_term_string}"},"query-input":"required name=search_term_string"}],"inLanguage":"et"}]}},"_links":{"self":[{"href":"https:\/\/dev.1office.co\/finland\/et\/wp-json\/wp\/v2\/product\/60336","targetHints":{"allow":["GET"]}}],"collection":[{"href":"https:\/\/dev.1office.co\/finland\/et\/wp-json\/wp\/v2\/product"}],"about":[{"href":"https:\/\/dev.1office.co\/finland\/et\/wp-json\/wp\/v2\/types\/product"}],"wp:featuredmedia":[{"embeddable":true,"href":"https:\/\/dev.1office.co\/finland\/et\/wp-json\/wp\/v2\/media\/60339"}],"wp:attachment":[{"href":"https:\/\/dev.1office.co\/finland\/et\/wp-json\/wp\/v2\/media?parent=60336"}],"wp:term":[{"taxonomy":"product_brand","embeddable":true,"href":"https:\/\/dev.1office.co\/finland\/et\/wp-json\/wp\/v2\/product_brand?post=60336"},{"taxonomy":"product_cat","embeddable":true,"href":"https:\/\/dev.1office.co\/finland\/et\/wp-json\/wp\/v2\/product_cat?post=60336"},{"taxonomy":"product_tag","embeddable":true,"href":"https:\/\/dev.1office.co\/finland\/et\/wp-json\/wp\/v2\/product_tag?post=60336"}],"curies":[{"name":"wp","href":"https:\/\/api.w.org\/{rel}","templated":true}]}}