{"id":57735,"date":"2017-12-13T11:39:59","date_gmt":"2017-12-13T11:39:59","guid":{"rendered":"https:\/\/dev.1office.co\/finland\/product\/payroll-calculations\/"},"modified":"2021-06-16T10:32:25","modified_gmt":"2021-06-16T10:32:25","slug":"palgakalkulatsioonid","status":"publish","type":"product","link":"https:\/\/dev.1office.co\/finland\/et\/toode\/palgakalkulatsioonid\/","title":{"rendered":"Palgakalkulatsioonid"},"content":{"rendered":"<div class=\"wpb-content-wrapper\"><p>[vc_row][vc_column]<div id=\"advanced-tabs-desc-wrap-5432\" class=\"ult_tabs product_tabs\" style=\" \" data-tabsstyle=\"style1\"\n data-titlebg=\"#ffffff\" data-titlecolor=\"#b6b8ba\" data-fullheight=\"off\"\n data-titlehoverbg=\"#ffffff\" data-titlehovercolor=\"#1d1e23\"\n data-rotatetabs=\"0\" data-responsivemode=\"Both\" data-animation=\"Slide\"\ndata-activetitle=\"#1d1e23\" data-activeicon=\"\" data-activebg=\"#ffffff\"  data-respmode=\"Tabs\" data-respwidth=\"400\" data-scroll = \"on\" data-activeindex=\"1\"><ul id=advanced-tabs-wrap-8081 class=\"ult_tabmenu style1 \" style=\"\"><li class=\"ult_tab_li  \" data-iconcolor=\"#74777b\" data-iconhover=\"#ffffff\" style=\"background-color:#ffffff;border-color:transparent;border-width:0px;border-style:solid;border-top-left-radius:8px;\">\n\t\t\t\t\t<a href=\"#1512642751410-8cd24-3a01\"  id=\"1512642751410-8cd24-3a01\"  style=\"color:#b6b8ba;; padding:15px; \" class=\"ult_a  \">\n\t\t\t\t\t     <span class=\"ult_tab_main Both \">\n\t\t\t\t\t \t\t <span class=\"ult_tab_section\">\n\t\t\t\t\t   \t\t\t<span  data-ultimate-target='#advanced-tabs-wrap-8081 .ult-span-text'  data-responsive-json-new='{\"font-size\":\"desktop:14px;\",\"line-height\":\"\"}'  class=\"ult-span-text no_icon ult_tab_display_text ult-responsive\" style=\"font-weight:bold;;\">Kirjeldus<\/span>\n\t\t\t\t\t   \t\t<\/span>\n\t\t\t\t\t\t<\/span>\n\t\t\t\t\t<\/a>\n\t\t\t\t\t<\/li><li class=\"ult_tab_li  product-faq\" data-iconcolor=\"#74777b\" data-iconhover=\"#ffffff\" style=\"background-color:#ffffff;border-color:transparent;border-width:0px;border-style:solid;border-top-right-radius:8px;\">\n\t\t\t\t\t<a href=\"#1512642751435-8cd24-3a01\"  id=\"1512642751435-8cd24-3a01\"  style=\"color:#b6b8ba;; padding:15px; \" class=\"ult_a  \">\n\t\t\t\t\t     <span class=\"ult_tab_main Both \">\n\t\t\t\t\t \t\t <span class=\"ult_tab_section\">\n\t\t\t\t\t   \t\t\t<span  data-ultimate-target='#advanced-tabs-wrap-8081 .ult-span-text'  data-responsive-json-new='{\"font-size\":\"desktop:14px;\",\"line-height\":\"\"}'  class=\"ult-span-text no_icon ult_tab_display_text ult-responsive\" style=\"font-weight:bold;;\">KKK<\/span>\n\t\t\t\t\t   \t\t<\/span>\n\t\t\t\t\t\t<\/span>\n\t\t\t\t\t<\/a>\n\t\t\t\t\t<\/li><\/ul><div  data-ultimate-target='#advanced-tabs-desc-wrap-5432 .ult_tabcontent .ult_tab_min_contain  p'  data-responsive-json-new='{\"font-size\":\"\",\"line-height\":\"\"}' class=\"ult_tabcontent ult-responsive style1\" style=\"color:#74777b;\"><div class=\"ult_tab_min_contain \" >\n\t\t\t<div  class=\"ult_tabitemname\"  >\n\t\t\t\t[vc_column_text]Soomes on seadusega ette n\u00e4htud, et palga maksmisel peab t\u00f6\u00f6tajatele edastama ka palgalehe, kus on kirjas tasu suurus ning selle m\u00e4\u00e4ramise alused. \u00dcletunnid peab h\u00fcvitama k\u00f5rgema tasuga. Palgaarvutused muudab keerulisemaks astmeline tulumaksus\u00fcsteem.<\/p>\n<p><strong>Hinnas sisaldub:<\/strong><\/p>\n<ul>\n<li>Palgaarvestus<\/li>\n<li>Puhkusetasu arvestus<\/li>\n<li>Palgalehed<\/li>\n<\/ul>\n<p><strong>Protsessi k\u00e4ik:<\/strong><\/p>\n<ul>\n<li>Saada meile kogu informatsioon t\u00f6\u00f6tatud tundide, lisat\u00f6\u00f6de, puhkusep\u00e4evade, haiguslehtede jne kohta v\u00e4hemalt kolm p\u00e4eva enne palgalehtede v\u00e4ljasaatmise t\u00e4htaega<\/li>\n<li>Teostame k\u00f5ik vajalikud arvutused ja koostame palgalehed<\/li>\n<li>Saadame palgalehed kliendile<\/li>\n<\/ul>\n<p>[\/vc_column_text]\n\t\t\t<\/div>\n\t\t\t<div  class=\"ult_tabitemname\"  >\n\t\t\t\t[vc_toggle title=&#8221;1. Kui tihti Soome ettev\u00f5tted pakasid maksavad?&#8221; style=&#8221;arrow&#8221; open=&#8221;true&#8221; custom_font_container=&#8221;tag:h5|text_align:left&#8221; custom_use_theme_fonts=&#8221;yes&#8221; use_custom_heading=&#8221;true&#8221;]Enamasti korra kuus, aga m\u00f5nel juhul ka iga kahe n\u00e4dala tagant[\/vc_toggle]\n\t\t\t<\/div><\/div><\/div><\/div><div class=\"ult_acord advanced-tabs-desc-wrap-5432\">\n   <div class=\"ult-tabto-accordion \" style=\"width:;\"\n    data-titlecolor=\"#b6b8ba\"  data-titlebg=\"#ffffff\"\n     data-titlehoverbg=\"#ffffff\" data-titlehovercolor=\"#1d1e23\" data-animation=\"Slide\"\n     data-activetitle=\"#1d1e23\" data-activeicon=\"\" data-activebg=\"#ffffff\" data-scroll = \"on\" data-activeindex=\"1\" >\n     <dl><dt class=\"\">\n\t        \t<a class=\"ult-tabto-actitle withBorder ult_a \" id=\"1512642751410-8cd24-3a01\" style=\"color:#b6b8ba;;background-color:#ffffff;border-bottom-color:transparent;border-bottom-width:0px;border-bottom-style:solid;\" href=\"#1512642751410-8cd24-3a01\">\n\t        \t\t<i class=\"accordion-icon\"><\/i>\n\t        \t\t\t<span class=\"ult_tab_main ult_ac_main ult_noacordicnBoth\">\n\n\t\t\t\t\t\t<span  data-ultimate-target='#advanced-tabs-wrap-8081 .ult-span-text'  data-responsive-json-new='{\"font-size\":\"desktop:14px;\",\"line-height\":\"\"}'  class=\"ult-span-text no_icon ult_acordian-text ult-responsive\" style=\"font-weight:bold;;color:inherit \" >Kirjeldus<\/span>\n\t\t\t\t\t\t<\/span><\/a><\/dt>\n\t            \t\t<dd class=\"ult-tabto-accordionItem ult-tabto-accolapsed\">\n\t\t\t\t            <div class=\"ult-tabto-acontent\" style=\"color:#74777b;\">\n\t\t\t\t               [vc_column_text]Soomes on seadusega ette n\u00e4htud, et palga maksmisel peab t\u00f6\u00f6tajatele edastama ka palgalehe, kus on kirjas tasu suurus ning selle m\u00e4\u00e4ramise alused. \u00dcletunnid peab h\u00fcvitama k\u00f5rgema tasuga. Palgaarvutused muudab keerulisemaks astmeline tulumaksus\u00fcsteem.<\/p>\n<p><strong>Hinnas sisaldub:<\/strong><\/p>\n<ul>\n<li>Palgaarvestus<\/li>\n<li>Puhkusetasu arvestus<\/li>\n<li>Palgalehed<\/li>\n<\/ul>\n<p><strong>Protsessi k\u00e4ik:<\/strong><\/p>\n<ul>\n<li>Saada meile kogu informatsioon t\u00f6\u00f6tatud tundide, lisat\u00f6\u00f6de, puhkusep\u00e4evade, haiguslehtede jne kohta v\u00e4hemalt kolm p\u00e4eva enne palgalehtede v\u00e4ljasaatmise t\u00e4htaega<\/li>\n<li>Teostame k\u00f5ik vajalikud arvutused ja koostame palgalehed<\/li>\n<li>Saadame palgalehed kliendile<\/li>\n<\/ul>\n<p>[\/vc_column_text]\n\t\t\t\t            <\/div>\n\t        \t\t\t<\/dd><dt class=\"product-faq\">\n\t        \t<a class=\"ult-tabto-actitle withBorder ult_a \" id=\"1512642751435-8cd24-3a01\" style=\"color:#b6b8ba;;background-color:#ffffff;border-bottom-color:transparent;border-bottom-width:0px;border-bottom-style:solid;border-bottom-color:transparent;border-bottom-width:0px;border-bottom-style:solid;\" href=\"#1512642751435-8cd24-3a01\">\n\t        \t\t<i class=\"accordion-icon\"><\/i>\n\t        \t\t\t<span class=\"ult_tab_main ult_ac_main ult_noacordicnBoth\">\n\n\t\t\t\t\t\t<span  data-ultimate-target='#advanced-tabs-wrap-8081 .ult-span-text'  data-responsive-json-new='{\"font-size\":\"desktop:14px;\",\"line-height\":\"\"}'  class=\"ult-span-text no_icon ult_acordian-text ult-responsive\" style=\"font-weight:bold;;color:inherit \" >KKK<\/span>\n\t\t\t\t\t\t<\/span><\/a><\/dt>\n\t            \t\t<dd class=\"ult-tabto-accordionItem ult-tabto-accolapsed\">\n\t\t\t\t            <div class=\"ult-tabto-acontent\" style=\"color:#74777b;\">\n\t\t\t\t               [vc_toggle title=&#8221;1. Kui tihti Soome ettev\u00f5tted pakasid maksavad?&#8221; style=&#8221;arrow&#8221; open=&#8221;true&#8221; custom_font_container=&#8221;tag:h5|text_align:left&#8221; custom_use_theme_fonts=&#8221;yes&#8221; use_custom_heading=&#8221;true&#8221;]Enamasti korra kuus, aga m\u00f5nel juhul ka iga kahe n\u00e4dala tagant[\/vc_toggle]\n\t\t\t\t            <\/div>\n\t        \t\t\t<\/dd>\n    \t<\/dl>\n    <!--<div class=\"extraborder\" style=\"background-color:#ffffff\"><\/div>-->\n<\/div>\n\n<\/div>[\/vc_column][\/vc_row]<\/p>\n<\/div>","protected":false},"excerpt":{"rendered":"<p>Palgakalkulatsioonid on kohustuslikud igale ettev\u00f5ttele, kelle palgal on v\u00e4hemalt \u00fcks t\u00f6\u00f6taja ning neid tuleb teha v\u00e4hemalt korra kuus.<\/p>\n","protected":false},"featured_media":57374,"template":"","meta":{"_acf_changed":false,"inline_featured_image":false},"product_brand":[],"product_cat":[307],"product_tag":[312],"class_list":{"0":"post-57735","1":"product","2":"type-product","3":"status-publish","4":"has-post-thumbnail","6":"product_cat-raamatupidamine","7":"product_tag-soome","8":"description-off","10":"first","11":"instock","12":"virtual","13":"taxable","14":"purchasable","15":"product-type-simple"},"bundled_by":[],"bundle_stock_status":"instock","bundle_stock_quantity":null,"bundle_virtual":false,"bundle_layout":"","bundle_add_to_cart_form_location":"","bundle_editable_in_cart":false,"bundle_sold_individually_context":"","bundle_item_grouping":"","bundle_min_size":"","bundle_max_size":"","bundle_price":[],"bundled_items":[],"bundle_sell_ids":[],"acf":[],"yoast_head":"<!-- This site is optimized with the Yoast SEO plugin v23.0 - https:\/\/yoast.com\/wordpress\/plugins\/seo\/ -->\n<title>Palgakalkulatsioonid | 1Office Finland<\/title>\n<meta name=\"description\" content=\"Palgakalkulatsioone peab v\u00e4hemalt korra kuus tegema iga ettev\u00f5te v\u00e4hemalt \u00fche t\u00f6\u00f6tajaga.\" \/>\n<meta name=\"robots\" content=\"noindex, follow, max-snippet:-1, max-image-preview:large, max-video-preview:-1\" \/>\n<meta property=\"og:locale\" content=\"et_EE\" \/>\n<meta property=\"og:type\" content=\"article\" \/>\n<meta property=\"og:title\" content=\"Palgakalkulatsioonid | 1Office Finland\" \/>\n<meta property=\"og:description\" content=\"Palgakalkulatsioone peab v\u00e4hemalt korra kuus tegema iga ettev\u00f5te v\u00e4hemalt \u00fche t\u00f6\u00f6tajaga.\" \/>\n<meta property=\"og:url\" content=\"https:\/\/dev.1office.co\/finland\/et\/toode\/palgakalkulatsioonid\/\" \/>\n<meta property=\"og:site_name\" content=\"1Office Finland\" \/>\n<meta property=\"article:modified_time\" content=\"2021-06-16T10:32:25+00:00\" \/>\n<meta property=\"og:image\" content=\"https:\/\/dev.1office.co\/finland\/wp-content\/uploads\/sites\/10\/2017\/12\/money-gold-coins-finance.jpg\" \/>\n\t<meta property=\"og:image:width\" content=\"1920\" \/>\n\t<meta property=\"og:image:height\" content=\"1271\" \/>\n\t<meta property=\"og:image:type\" content=\"image\/jpeg\" \/>\n<meta name=\"twitter:card\" content=\"summary_large_image\" \/>\n<meta name=\"twitter:label1\" content=\"Est. reading time\" \/>\n\t<meta name=\"twitter:data1\" content=\"1 minut\" \/>\n<script type=\"application\/ld+json\" class=\"yoast-schema-graph\">{\"@context\":\"https:\/\/schema.org\",\"@graph\":[{\"@type\":\"WebPage\",\"@id\":\"https:\/\/dev.1office.co\/finland\/et\/toode\/palgakalkulatsioonid\/\",\"url\":\"https:\/\/dev.1office.co\/finland\/et\/toode\/palgakalkulatsioonid\/\",\"name\":\"Palgakalkulatsioonid | 1Office Finland\",\"isPartOf\":{\"@id\":\"https:\/\/dev.1office.co\/finland\/#website\"},\"primaryImageOfPage\":{\"@id\":\"https:\/\/dev.1office.co\/finland\/et\/toode\/palgakalkulatsioonid\/#primaryimage\"},\"image\":{\"@id\":\"https:\/\/dev.1office.co\/finland\/et\/toode\/palgakalkulatsioonid\/#primaryimage\"},\"thumbnailUrl\":\"https:\/\/dev.1office.co\/finland\/wp-content\/uploads\/sites\/10\/2017\/12\/money-gold-coins-finance.jpg\",\"datePublished\":\"2017-12-13T11:39:59+00:00\",\"dateModified\":\"2021-06-16T10:32:25+00:00\",\"description\":\"Palgakalkulatsioone peab v\u00e4hemalt korra kuus tegema iga ettev\u00f5te v\u00e4hemalt \u00fche t\u00f6\u00f6tajaga.\",\"breadcrumb\":{\"@id\":\"https:\/\/dev.1office.co\/finland\/et\/toode\/palgakalkulatsioonid\/#breadcrumb\"},\"inLanguage\":\"et\",\"potentialAction\":[{\"@type\":\"ReadAction\",\"target\":[\"https:\/\/dev.1office.co\/finland\/et\/toode\/palgakalkulatsioonid\/\"]}]},{\"@type\":\"ImageObject\",\"inLanguage\":\"et\",\"@id\":\"https:\/\/dev.1office.co\/finland\/et\/toode\/palgakalkulatsioonid\/#primaryimage\",\"url\":\"https:\/\/dev.1office.co\/finland\/wp-content\/uploads\/sites\/10\/2017\/12\/money-gold-coins-finance.jpg\",\"contentUrl\":\"https:\/\/dev.1office.co\/finland\/wp-content\/uploads\/sites\/10\/2017\/12\/money-gold-coins-finance.jpg\",\"width\":1920,\"height\":1271},{\"@type\":\"BreadcrumbList\",\"@id\":\"https:\/\/dev.1office.co\/finland\/et\/toode\/palgakalkulatsioonid\/#breadcrumb\",\"itemListElement\":[{\"@type\":\"ListItem\",\"position\":1,\"name\":\"Home\",\"item\":\"https:\/\/dev.1office.co\/finland\/et\/\"},{\"@type\":\"ListItem\",\"position\":2,\"name\":\"Shop\",\"item\":\"https:\/\/dev.1office.co\/finland\/shop\/\"},{\"@type\":\"ListItem\",\"position\":3,\"name\":\"Palgakalkulatsioonid\"}]},{\"@type\":\"WebSite\",\"@id\":\"https:\/\/dev.1office.co\/finland\/#website\",\"url\":\"https:\/\/dev.1office.co\/finland\/\",\"name\":\"1Office Finland\",\"description\":\"Making Business Simple\",\"potentialAction\":[{\"@type\":\"SearchAction\",\"target\":{\"@type\":\"EntryPoint\",\"urlTemplate\":\"https:\/\/dev.1office.co\/finland\/?s={search_term_string}\"},\"query-input\":\"required name=search_term_string\"}],\"inLanguage\":\"et\"}]}<\/script>\n<!-- \/ Yoast SEO plugin. -->","yoast_head_json":{"title":"Palgakalkulatsioonid | 1Office Finland","description":"Palgakalkulatsioone peab v\u00e4hemalt korra kuus tegema iga ettev\u00f5te v\u00e4hemalt \u00fche t\u00f6\u00f6tajaga.","robots":{"index":"noindex","follow":"follow","max-snippet":"max-snippet:-1","max-image-preview":"max-image-preview:large","max-video-preview":"max-video-preview:-1"},"og_locale":"et_EE","og_type":"article","og_title":"Palgakalkulatsioonid | 1Office Finland","og_description":"Palgakalkulatsioone peab v\u00e4hemalt korra kuus tegema iga ettev\u00f5te v\u00e4hemalt \u00fche t\u00f6\u00f6tajaga.","og_url":"https:\/\/dev.1office.co\/finland\/et\/toode\/palgakalkulatsioonid\/","og_site_name":"1Office Finland","article_modified_time":"2021-06-16T10:32:25+00:00","og_image":[{"width":1920,"height":1271,"url":"https:\/\/dev.1office.co\/finland\/wp-content\/uploads\/sites\/10\/2017\/12\/money-gold-coins-finance.jpg","type":"image\/jpeg"}],"twitter_card":"summary_large_image","twitter_misc":{"Est. reading time":"1 minut"},"schema":{"@context":"https:\/\/schema.org","@graph":[{"@type":"WebPage","@id":"https:\/\/dev.1office.co\/finland\/et\/toode\/palgakalkulatsioonid\/","url":"https:\/\/dev.1office.co\/finland\/et\/toode\/palgakalkulatsioonid\/","name":"Palgakalkulatsioonid | 1Office Finland","isPartOf":{"@id":"https:\/\/dev.1office.co\/finland\/#website"},"primaryImageOfPage":{"@id":"https:\/\/dev.1office.co\/finland\/et\/toode\/palgakalkulatsioonid\/#primaryimage"},"image":{"@id":"https:\/\/dev.1office.co\/finland\/et\/toode\/palgakalkulatsioonid\/#primaryimage"},"thumbnailUrl":"https:\/\/dev.1office.co\/finland\/wp-content\/uploads\/sites\/10\/2017\/12\/money-gold-coins-finance.jpg","datePublished":"2017-12-13T11:39:59+00:00","dateModified":"2021-06-16T10:32:25+00:00","description":"Palgakalkulatsioone peab v\u00e4hemalt korra kuus tegema iga ettev\u00f5te v\u00e4hemalt \u00fche t\u00f6\u00f6tajaga.","breadcrumb":{"@id":"https:\/\/dev.1office.co\/finland\/et\/toode\/palgakalkulatsioonid\/#breadcrumb"},"inLanguage":"et","potentialAction":[{"@type":"ReadAction","target":["https:\/\/dev.1office.co\/finland\/et\/toode\/palgakalkulatsioonid\/"]}]},{"@type":"ImageObject","inLanguage":"et","@id":"https:\/\/dev.1office.co\/finland\/et\/toode\/palgakalkulatsioonid\/#primaryimage","url":"https:\/\/dev.1office.co\/finland\/wp-content\/uploads\/sites\/10\/2017\/12\/money-gold-coins-finance.jpg","contentUrl":"https:\/\/dev.1office.co\/finland\/wp-content\/uploads\/sites\/10\/2017\/12\/money-gold-coins-finance.jpg","width":1920,"height":1271},{"@type":"BreadcrumbList","@id":"https:\/\/dev.1office.co\/finland\/et\/toode\/palgakalkulatsioonid\/#breadcrumb","itemListElement":[{"@type":"ListItem","position":1,"name":"Home","item":"https:\/\/dev.1office.co\/finland\/et\/"},{"@type":"ListItem","position":2,"name":"Shop","item":"https:\/\/dev.1office.co\/finland\/shop\/"},{"@type":"ListItem","position":3,"name":"Palgakalkulatsioonid"}]},{"@type":"WebSite","@id":"https:\/\/dev.1office.co\/finland\/#website","url":"https:\/\/dev.1office.co\/finland\/","name":"1Office Finland","description":"Making Business Simple","potentialAction":[{"@type":"SearchAction","target":{"@type":"EntryPoint","urlTemplate":"https:\/\/dev.1office.co\/finland\/?s={search_term_string}"},"query-input":"required name=search_term_string"}],"inLanguage":"et"}]}},"_links":{"self":[{"href":"https:\/\/dev.1office.co\/finland\/et\/wp-json\/wp\/v2\/product\/57735","targetHints":{"allow":["GET"]}}],"collection":[{"href":"https:\/\/dev.1office.co\/finland\/et\/wp-json\/wp\/v2\/product"}],"about":[{"href":"https:\/\/dev.1office.co\/finland\/et\/wp-json\/wp\/v2\/types\/product"}],"wp:featuredmedia":[{"embeddable":true,"href":"https:\/\/dev.1office.co\/finland\/et\/wp-json\/wp\/v2\/media\/57374"}],"wp:attachment":[{"href":"https:\/\/dev.1office.co\/finland\/et\/wp-json\/wp\/v2\/media?parent=57735"}],"wp:term":[{"taxonomy":"product_brand","embeddable":true,"href":"https:\/\/dev.1office.co\/finland\/et\/wp-json\/wp\/v2\/product_brand?post=57735"},{"taxonomy":"product_cat","embeddable":true,"href":"https:\/\/dev.1office.co\/finland\/et\/wp-json\/wp\/v2\/product_cat?post=57735"},{"taxonomy":"product_tag","embeddable":true,"href":"https:\/\/dev.1office.co\/finland\/et\/wp-json\/wp\/v2\/product_tag?post=57735"}],"curies":[{"name":"wp","href":"https:\/\/api.w.org\/{rel}","templated":true}]}}