{"id":57732,"date":"2017-08-10T08:34:07","date_gmt":"2017-08-10T08:34:07","guid":{"rendered":"https:\/\/dev.1office.co\/finland\/product\/annual-tax-declarations\/"},"modified":"2021-10-28T10:29:27","modified_gmt":"2021-10-28T10:29:27","slug":"aasta-maksudeklaratsioonid","status":"publish","type":"product","link":"https:\/\/dev.1office.co\/finland\/et\/toode\/aasta-maksudeklaratsioonid\/","title":{"rendered":"Aasta maksudeklaratsioonid"},"content":{"rendered":"<div class=\"wpb-content-wrapper\"><p>[vc_row][vc_column]<div id=\"advanced-tabs-desc-wrap-7887\" class=\"ult_tabs product_tabs\" style=\" \" data-tabsstyle=\"style1\"\n data-titlebg=\"#ffffff\" data-titlecolor=\"#b6b8ba\" data-fullheight=\"off\"\n data-titlehoverbg=\"#ffffff\" data-titlehovercolor=\"#1d1e23\"\n data-rotatetabs=\"0\" data-responsivemode=\"Both\" data-animation=\"Slide\"\ndata-activetitle=\"#1d1e23\" data-activeicon=\"\" data-activebg=\"#ffffff\"  data-respmode=\"Tabs\" data-respwidth=\"400\" data-scroll = \"on\" data-activeindex=\"1\"><ul id=advanced-tabs-wrap-2237 class=\"ult_tabmenu style1 \" style=\"\"><li class=\"ult_tab_li  \" data-iconcolor=\"#74777b\" data-iconhover=\"#ffffff\" style=\"background-color:#ffffff;border-color:transparent;border-width:0px;border-style:solid;border-top-right-radius:8px;\">\n\t\t\t\t\t<a href=\"#1512642751410-8cd24-3a01\"  id=\"1512642751410-8cd24-3a01\"  style=\"color:#b6b8ba;; padding:15px; \" class=\"ult_a  \">\n\t\t\t\t\t     <span class=\"ult_tab_main Both \">\n\t\t\t\t\t \t\t <span class=\"ult_tab_section\">\n\t\t\t\t\t   \t\t\t<span  data-ultimate-target='#advanced-tabs-wrap-2237 .ult-span-text'  data-responsive-json-new='{\"font-size\":\"desktop:14px;\",\"line-height\":\"\"}'  class=\"ult-span-text no_icon ult_tab_display_text ult-responsive\" style=\"font-weight:bold;;\">Kirjeldus<\/span>\n\t\t\t\t\t   \t\t<\/span>\n\t\t\t\t\t\t<\/span>\n\t\t\t\t\t<\/a>\n\t\t\t\t\t<\/li><\/ul><div  data-ultimate-target='#advanced-tabs-desc-wrap-7887 .ult_tabcontent .ult_tab_min_contain  p'  data-responsive-json-new='{\"font-size\":\"\",\"line-height\":\"\"}' class=\"ult_tabcontent ult-responsive style1\" style=\"color:#74777b;\"><div class=\"ult_tab_min_contain \" >\n\t\t\t<div  class=\"ult_tabitemname\"  >\n\t\t\t\t[vc_column_text]Maksudeklaratsioonide esitamine maksuametile on kohustuslik k\u00f5ikidele Soome ettev\u00f5tetele, ka siis kui ettev\u00f5ttel sellel perioodil mingit \u00e4ritegevust ei olnud. Kohustuslikeks raportiteks on 6B v\u00f5i 6C ning 63. S\u00f5ltuvalt \u00e4ri valdkonnast ning ettev\u00f5tte suurusest v\u00f5ivad olla vajalikud ka lisaraportid. Maksudeklaratsioonile on kohustuslik lisada ka <a href=\"https:\/\/dev.1office.co\/finland\/et\/toode\/juhatuse-koosoleku-protokoll\/\" target=\"_blank\" rel=\"noopener\">juhatuse iga-aastase \u00fcldkoosoleku protokoll.<\/a><\/p>\n<p><strong>Hinnas sisaldub:<\/strong><\/p>\n<ul>\n<li>K\u00f5ik vajalikud deklaratsioonid<\/li>\n<li>6B\/6C<\/li>\n<li>62 (vajalik, kui ettev\u00f5te arvestab amortisatsiooni)<\/li>\n<li>63<\/li>\n<li>Ametlik bilanss<\/li>\n<li>Ametlik tuludeklaratsioon<\/li>\n<li>Dokumentide saatmine maksuametile<\/li>\n<\/ul>\n<p><strong>Saadaval lisatasu eest:<\/strong><\/p>\n<ul>\n<li><a href=\"https:\/\/dev.1office.co\/finland\/et\/toode\/juhatuse-koosoleku-protokoll\/\" target=\"_blank\" rel=\"noopener\">Juhatuse \u00fcldkoosoleku protokoll<\/a><\/li>\n<li><a href=\"https:\/\/dev.1office.co\/finland\/et\/toode\/rahvusvaheline-maksukonsultatsioon\/\" target=\"_blank\" rel=\"noopener\">Rahvusvaheline maksukonsultatsioon<\/a><\/li>\n<\/ul>\n<p><strong>Protsessi k\u00e4ik:<\/strong><\/p>\n<ul>\n<li>Kogume kokku vajalikud dokumendid ning koostame deklaratsioonid<\/li>\n<li>Kui meile on kliendi poolt ligip\u00e4\u00e4s antud, saame deklaratsiooni maksuametile esitada interneti teel<\/li>\n<\/ul>\n<p><strong>T\u00e4htis informatsioon:<\/strong><\/p>\n<ul>\n<li>Samad deklaratsioonid tuleb paberkandjal esitada ka T\u00f6\u00f6tuskindlustusfondile (TVR) ning kindlustusfirmale.<\/li>\n<\/ul>\n<p>[\/vc_column_text]\n\t\t\t<\/div><\/div><\/div><\/div><div class=\"ult_acord advanced-tabs-desc-wrap-7887\">\n   <div class=\"ult-tabto-accordion \" style=\"width:;\"\n    data-titlecolor=\"#b6b8ba\"  data-titlebg=\"#ffffff\"\n     data-titlehoverbg=\"#ffffff\" data-titlehovercolor=\"#1d1e23\" data-animation=\"Slide\"\n     data-activetitle=\"#1d1e23\" data-activeicon=\"\" data-activebg=\"#ffffff\" data-scroll = \"on\" data-activeindex=\"1\" >\n     <dl><dt class=\"\">\n\t        \t<a class=\"ult-tabto-actitle withBorder ult_a \" id=\"1512642751410-8cd24-3a01\" style=\"color:#b6b8ba;;background-color:#ffffff;border-bottom-color:transparent;border-bottom-width:0px;border-bottom-style:solid;\" href=\"#1512642751410-8cd24-3a01\">\n\t        \t\t<i class=\"accordion-icon\"><\/i>\n\t        \t\t\t<span class=\"ult_tab_main ult_ac_main ult_noacordicnBoth\">\n\n\t\t\t\t\t\t<span  data-ultimate-target='#advanced-tabs-wrap-2237 .ult-span-text'  data-responsive-json-new='{\"font-size\":\"desktop:14px;\",\"line-height\":\"\"}'  class=\"ult-span-text no_icon ult_acordian-text ult-responsive\" style=\"font-weight:bold;;color:inherit \" >Kirjeldus<\/span>\n\t\t\t\t\t\t<\/span><\/a><\/dt>\n\t            \t\t<dd class=\"ult-tabto-accordionItem ult-tabto-accolapsed\">\n\t\t\t\t            <div class=\"ult-tabto-acontent\" style=\"color:#74777b;\">\n\t\t\t\t               [vc_column_text]Maksudeklaratsioonide esitamine maksuametile on kohustuslik k\u00f5ikidele Soome ettev\u00f5tetele, ka siis kui ettev\u00f5ttel sellel perioodil mingit \u00e4ritegevust ei olnud. Kohustuslikeks raportiteks on 6B v\u00f5i 6C ning 63. S\u00f5ltuvalt \u00e4ri valdkonnast ning ettev\u00f5tte suurusest v\u00f5ivad olla vajalikud ka lisaraportid. Maksudeklaratsioonile on kohustuslik lisada ka <a href=\"https:\/\/dev.1office.co\/finland\/et\/toode\/juhatuse-koosoleku-protokoll\/\" target=\"_blank\" rel=\"noopener\">juhatuse iga-aastase \u00fcldkoosoleku protokoll.<\/a><\/p>\n<p><strong>Hinnas sisaldub:<\/strong><\/p>\n<ul>\n<li>K\u00f5ik vajalikud deklaratsioonid<\/li>\n<li>6B\/6C<\/li>\n<li>62 (vajalik, kui ettev\u00f5te arvestab amortisatsiooni)<\/li>\n<li>63<\/li>\n<li>Ametlik bilanss<\/li>\n<li>Ametlik tuludeklaratsioon<\/li>\n<li>Dokumentide saatmine maksuametile<\/li>\n<\/ul>\n<p><strong>Saadaval lisatasu eest:<\/strong><\/p>\n<ul>\n<li><a href=\"https:\/\/dev.1office.co\/finland\/et\/toode\/juhatuse-koosoleku-protokoll\/\" target=\"_blank\" rel=\"noopener\">Juhatuse \u00fcldkoosoleku protokoll<\/a><\/li>\n<li><a href=\"https:\/\/dev.1office.co\/finland\/et\/toode\/rahvusvaheline-maksukonsultatsioon\/\" target=\"_blank\" rel=\"noopener\">Rahvusvaheline maksukonsultatsioon<\/a><\/li>\n<\/ul>\n<p><strong>Protsessi k\u00e4ik:<\/strong><\/p>\n<ul>\n<li>Kogume kokku vajalikud dokumendid ning koostame deklaratsioonid<\/li>\n<li>Kui meile on kliendi poolt ligip\u00e4\u00e4s antud, saame deklaratsiooni maksuametile esitada interneti teel<\/li>\n<\/ul>\n<p><strong>T\u00e4htis informatsioon:<\/strong><\/p>\n<ul>\n<li>Samad deklaratsioonid tuleb paberkandjal esitada ka T\u00f6\u00f6tuskindlustusfondile (TVR) ning kindlustusfirmale.<\/li>\n<\/ul>\n<p>[\/vc_column_text]\n\t\t\t\t            <\/div>\n\t        \t\t\t<\/dd>\n    \t<\/dl>\n    <!--<div class=\"extraborder\" style=\"background-color:#ffffff\"><\/div>-->\n<\/div>\n\n<\/div>[\/vc_column][\/vc_row]<\/p>\n<\/div>","protected":false},"excerpt":{"rendered":"<p>Iga Soomes tegutsev ettev\u00f5te peab nelja kuu jooksul p\u00e4rast majandusaasta l\u00f5ppu esitama aasta maksudeklaratsioonid.<\/p>\n","protected":false},"featured_media":58147,"template":"","meta":{"_acf_changed":false,"inline_featured_image":false},"product_brand":[],"product_cat":[307],"product_tag":[312],"class_list":{"0":"post-57732","1":"product","2":"type-product","3":"status-publish","4":"has-post-thumbnail","6":"product_cat-raamatupidamine","7":"product_tag-soome","8":"description-off","10":"first","11":"instock","12":"virtual","13":"taxable","14":"purchasable","15":"product-type-simple"},"bundled_by":[],"bundle_stock_status":"instock","bundle_stock_quantity":null,"bundle_virtual":false,"bundle_layout":"","bundle_add_to_cart_form_location":"","bundle_editable_in_cart":false,"bundle_sold_individually_context":"","bundle_item_grouping":"","bundle_min_size":"","bundle_max_size":"","bundle_price":[],"bundled_items":[],"bundle_sell_ids":[],"acf":[],"yoast_head":"<!-- This site is optimized with the Yoast SEO plugin v23.0 - https:\/\/yoast.com\/wordpress\/plugins\/seo\/ -->\n<title>Aasta maksudeklaratsioonid | 1Office Finland<\/title>\n<meta name=\"description\" content=\"Iga Soomes tegutsev ettev\u00f5te peab nelja kuu jooksul p\u00e4rast majandusaasta l\u00f5ppu esitama aasta maksudeklaratsioonid.\" \/>\n<meta name=\"robots\" content=\"noindex, follow, max-snippet:-1, max-image-preview:large, max-video-preview:-1\" \/>\n<meta property=\"og:locale\" content=\"et_EE\" \/>\n<meta property=\"og:type\" content=\"article\" \/>\n<meta property=\"og:title\" content=\"Aasta maksudeklaratsioonid | 1Office Finland\" \/>\n<meta property=\"og:description\" content=\"Iga Soomes tegutsev ettev\u00f5te peab nelja kuu jooksul p\u00e4rast majandusaasta l\u00f5ppu esitama aasta maksudeklaratsioonid.\" \/>\n<meta property=\"og:url\" content=\"https:\/\/dev.1office.co\/finland\/et\/toode\/aasta-maksudeklaratsioonid\/\" \/>\n<meta property=\"og:site_name\" content=\"1Office Finland\" \/>\n<meta property=\"article:modified_time\" content=\"2021-10-28T10:29:27+00:00\" \/>\n<meta property=\"og:image\" content=\"https:\/\/dev.1office.co\/finland\/wp-content\/uploads\/sites\/10\/2017\/08\/7-005.jpg\" \/>\n\t<meta property=\"og:image:width\" content=\"1500\" \/>\n\t<meta property=\"og:image:height\" content=\"1000\" \/>\n\t<meta property=\"og:image:type\" content=\"image\/jpeg\" \/>\n<meta name=\"twitter:card\" content=\"summary_large_image\" \/>\n<meta name=\"twitter:label1\" content=\"Est. reading time\" \/>\n\t<meta name=\"twitter:data1\" content=\"1 minut\" \/>\n<script type=\"application\/ld+json\" class=\"yoast-schema-graph\">{\"@context\":\"https:\/\/schema.org\",\"@graph\":[{\"@type\":\"WebPage\",\"@id\":\"https:\/\/dev.1office.co\/finland\/et\/toode\/aasta-maksudeklaratsioonid\/\",\"url\":\"https:\/\/dev.1office.co\/finland\/et\/toode\/aasta-maksudeklaratsioonid\/\",\"name\":\"Aasta maksudeklaratsioonid | 1Office Finland\",\"isPartOf\":{\"@id\":\"https:\/\/dev.1office.co\/finland\/#website\"},\"primaryImageOfPage\":{\"@id\":\"https:\/\/dev.1office.co\/finland\/et\/toode\/aasta-maksudeklaratsioonid\/#primaryimage\"},\"image\":{\"@id\":\"https:\/\/dev.1office.co\/finland\/et\/toode\/aasta-maksudeklaratsioonid\/#primaryimage\"},\"thumbnailUrl\":\"https:\/\/dev.1office.co\/finland\/wp-content\/uploads\/sites\/10\/2017\/08\/7-005.jpg\",\"datePublished\":\"2017-08-10T08:34:07+00:00\",\"dateModified\":\"2021-10-28T10:29:27+00:00\",\"description\":\"Iga Soomes tegutsev ettev\u00f5te peab nelja kuu jooksul p\u00e4rast majandusaasta l\u00f5ppu esitama aasta maksudeklaratsioonid.\",\"breadcrumb\":{\"@id\":\"https:\/\/dev.1office.co\/finland\/et\/toode\/aasta-maksudeklaratsioonid\/#breadcrumb\"},\"inLanguage\":\"et\",\"potentialAction\":[{\"@type\":\"ReadAction\",\"target\":[\"https:\/\/dev.1office.co\/finland\/et\/toode\/aasta-maksudeklaratsioonid\/\"]}]},{\"@type\":\"ImageObject\",\"inLanguage\":\"et\",\"@id\":\"https:\/\/dev.1office.co\/finland\/et\/toode\/aasta-maksudeklaratsioonid\/#primaryimage\",\"url\":\"https:\/\/dev.1office.co\/finland\/wp-content\/uploads\/sites\/10\/2017\/08\/7-005.jpg\",\"contentUrl\":\"https:\/\/dev.1office.co\/finland\/wp-content\/uploads\/sites\/10\/2017\/08\/7-005.jpg\",\"width\":1500,\"height\":1000},{\"@type\":\"BreadcrumbList\",\"@id\":\"https:\/\/dev.1office.co\/finland\/et\/toode\/aasta-maksudeklaratsioonid\/#breadcrumb\",\"itemListElement\":[{\"@type\":\"ListItem\",\"position\":1,\"name\":\"Home\",\"item\":\"https:\/\/dev.1office.co\/finland\/et\/\"},{\"@type\":\"ListItem\",\"position\":2,\"name\":\"Shop\",\"item\":\"https:\/\/dev.1office.co\/finland\/shop\/\"},{\"@type\":\"ListItem\",\"position\":3,\"name\":\"Aasta maksudeklaratsioonid\"}]},{\"@type\":\"WebSite\",\"@id\":\"https:\/\/dev.1office.co\/finland\/#website\",\"url\":\"https:\/\/dev.1office.co\/finland\/\",\"name\":\"1Office Finland\",\"description\":\"Making Business Simple\",\"potentialAction\":[{\"@type\":\"SearchAction\",\"target\":{\"@type\":\"EntryPoint\",\"urlTemplate\":\"https:\/\/dev.1office.co\/finland\/?s={search_term_string}\"},\"query-input\":\"required name=search_term_string\"}],\"inLanguage\":\"et\"}]}<\/script>\n<!-- \/ Yoast SEO plugin. -->","yoast_head_json":{"title":"Aasta maksudeklaratsioonid | 1Office Finland","description":"Iga Soomes tegutsev ettev\u00f5te peab nelja kuu jooksul p\u00e4rast majandusaasta l\u00f5ppu esitama aasta maksudeklaratsioonid.","robots":{"index":"noindex","follow":"follow","max-snippet":"max-snippet:-1","max-image-preview":"max-image-preview:large","max-video-preview":"max-video-preview:-1"},"og_locale":"et_EE","og_type":"article","og_title":"Aasta maksudeklaratsioonid | 1Office Finland","og_description":"Iga Soomes tegutsev ettev\u00f5te peab nelja kuu jooksul p\u00e4rast majandusaasta l\u00f5ppu esitama aasta maksudeklaratsioonid.","og_url":"https:\/\/dev.1office.co\/finland\/et\/toode\/aasta-maksudeklaratsioonid\/","og_site_name":"1Office Finland","article_modified_time":"2021-10-28T10:29:27+00:00","og_image":[{"width":1500,"height":1000,"url":"https:\/\/dev.1office.co\/finland\/wp-content\/uploads\/sites\/10\/2017\/08\/7-005.jpg","type":"image\/jpeg"}],"twitter_card":"summary_large_image","twitter_misc":{"Est. reading time":"1 minut"},"schema":{"@context":"https:\/\/schema.org","@graph":[{"@type":"WebPage","@id":"https:\/\/dev.1office.co\/finland\/et\/toode\/aasta-maksudeklaratsioonid\/","url":"https:\/\/dev.1office.co\/finland\/et\/toode\/aasta-maksudeklaratsioonid\/","name":"Aasta maksudeklaratsioonid | 1Office Finland","isPartOf":{"@id":"https:\/\/dev.1office.co\/finland\/#website"},"primaryImageOfPage":{"@id":"https:\/\/dev.1office.co\/finland\/et\/toode\/aasta-maksudeklaratsioonid\/#primaryimage"},"image":{"@id":"https:\/\/dev.1office.co\/finland\/et\/toode\/aasta-maksudeklaratsioonid\/#primaryimage"},"thumbnailUrl":"https:\/\/dev.1office.co\/finland\/wp-content\/uploads\/sites\/10\/2017\/08\/7-005.jpg","datePublished":"2017-08-10T08:34:07+00:00","dateModified":"2021-10-28T10:29:27+00:00","description":"Iga Soomes tegutsev ettev\u00f5te peab nelja kuu jooksul p\u00e4rast majandusaasta l\u00f5ppu esitama aasta maksudeklaratsioonid.","breadcrumb":{"@id":"https:\/\/dev.1office.co\/finland\/et\/toode\/aasta-maksudeklaratsioonid\/#breadcrumb"},"inLanguage":"et","potentialAction":[{"@type":"ReadAction","target":["https:\/\/dev.1office.co\/finland\/et\/toode\/aasta-maksudeklaratsioonid\/"]}]},{"@type":"ImageObject","inLanguage":"et","@id":"https:\/\/dev.1office.co\/finland\/et\/toode\/aasta-maksudeklaratsioonid\/#primaryimage","url":"https:\/\/dev.1office.co\/finland\/wp-content\/uploads\/sites\/10\/2017\/08\/7-005.jpg","contentUrl":"https:\/\/dev.1office.co\/finland\/wp-content\/uploads\/sites\/10\/2017\/08\/7-005.jpg","width":1500,"height":1000},{"@type":"BreadcrumbList","@id":"https:\/\/dev.1office.co\/finland\/et\/toode\/aasta-maksudeklaratsioonid\/#breadcrumb","itemListElement":[{"@type":"ListItem","position":1,"name":"Home","item":"https:\/\/dev.1office.co\/finland\/et\/"},{"@type":"ListItem","position":2,"name":"Shop","item":"https:\/\/dev.1office.co\/finland\/shop\/"},{"@type":"ListItem","position":3,"name":"Aasta maksudeklaratsioonid"}]},{"@type":"WebSite","@id":"https:\/\/dev.1office.co\/finland\/#website","url":"https:\/\/dev.1office.co\/finland\/","name":"1Office Finland","description":"Making Business Simple","potentialAction":[{"@type":"SearchAction","target":{"@type":"EntryPoint","urlTemplate":"https:\/\/dev.1office.co\/finland\/?s={search_term_string}"},"query-input":"required name=search_term_string"}],"inLanguage":"et"}]}},"_links":{"self":[{"href":"https:\/\/dev.1office.co\/finland\/et\/wp-json\/wp\/v2\/product\/57732","targetHints":{"allow":["GET"]}}],"collection":[{"href":"https:\/\/dev.1office.co\/finland\/et\/wp-json\/wp\/v2\/product"}],"about":[{"href":"https:\/\/dev.1office.co\/finland\/et\/wp-json\/wp\/v2\/types\/product"}],"wp:featuredmedia":[{"embeddable":true,"href":"https:\/\/dev.1office.co\/finland\/et\/wp-json\/wp\/v2\/media\/58147"}],"wp:attachment":[{"href":"https:\/\/dev.1office.co\/finland\/et\/wp-json\/wp\/v2\/media?parent=57732"}],"wp:term":[{"taxonomy":"product_brand","embeddable":true,"href":"https:\/\/dev.1office.co\/finland\/et\/wp-json\/wp\/v2\/product_brand?post=57732"},{"taxonomy":"product_cat","embeddable":true,"href":"https:\/\/dev.1office.co\/finland\/et\/wp-json\/wp\/v2\/product_cat?post=57732"},{"taxonomy":"product_tag","embeddable":true,"href":"https:\/\/dev.1office.co\/finland\/et\/wp-json\/wp\/v2\/product_tag?post=57732"}],"curies":[{"name":"wp","href":"https:\/\/api.w.org\/{rel}","templated":true}]}}