{"id":57675,"date":"2017-08-10T10:40:19","date_gmt":"2017-08-10T10:40:19","guid":{"rendered":"https:\/\/dev.1office.co\/finland\/product\/meeting-room-for-up-to-6-participants\/"},"modified":"2021-10-28T10:43:41","modified_gmt":"2021-10-28T10:43:41","slug":"koosolekuruum-kuni-6-inimesele","status":"publish","type":"product","link":"https:\/\/dev.1office.co\/finland\/et\/toode\/koosolekuruum-kuni-6-inimesele\/","title":{"rendered":"Koosolekuruumi rent \u00fcheks tunniks"},"content":{"rendered":"<div class=\"wpb-content-wrapper\"><p>[vc_row][vc_column]<div id=\"advanced-tabs-desc-wrap-6603\" class=\"ult_tabs product_tabs\" style=\" \" data-tabsstyle=\"style1\"\n data-titlebg=\"#ffffff\" data-titlecolor=\"#b6b8ba\" data-fullheight=\"off\"\n data-titlehoverbg=\"#ffffff\" data-titlehovercolor=\"#1d1e23\"\n data-rotatetabs=\"0\" data-responsivemode=\"Both\" data-animation=\"Slide\"\ndata-activetitle=\"#1d1e23\" data-activeicon=\"\" data-activebg=\"#ffffff\"  data-respmode=\"Tabs\" data-respwidth=\"400\" data-scroll = \"on\" data-activeindex=\"1\"><ul id=advanced-tabs-wrap-5126 class=\"ult_tabmenu style1 \" style=\"\"><li class=\"ult_tab_li  \" data-iconcolor=\"#74777b\" data-iconhover=\"#ffffff\" style=\"background-color:#ffffff;border-color:transparent;border-width:0px;border-style:solid;border-top-left-radius:8px;\">\n\t\t\t\t\t<a href=\"#1512642751410-8d9fb-9820\"  id=\"1512642751410-8d9fb-9820\"  style=\"color:#b6b8ba;; padding:15px; \" class=\"ult_a  \">\n\t\t\t\t\t     <span class=\"ult_tab_main Both \">\n\t\t\t\t\t \t\t <span class=\"ult_tab_section\">\n\t\t\t\t\t   \t\t\t<span  data-ultimate-target='#advanced-tabs-wrap-5126 .ult-span-text'  data-responsive-json-new='{\"font-size\":\"desktop:14px;\",\"line-height\":\"\"}'  class=\"ult-span-text no_icon ult_tab_display_text ult-responsive\" style=\"font-weight:bold;;\">Kirjeldus<\/span>\n\t\t\t\t\t   \t\t<\/span>\n\t\t\t\t\t\t<\/span>\n\t\t\t\t\t<\/a>\n\t\t\t\t\t<\/li><li class=\"ult_tab_li  \" data-iconcolor=\"#74777b\" data-iconhover=\"#ffffff\" style=\"background-color:#ffffff;border-color:transparent;border-width:0px;border-style:solid;border-top-right-radius:8px;\">\n\t\t\t\t\t<a href=\"#1516626998593-2-0\"  id=\"1516626998593-2-0\"  style=\"color:#b6b8ba;; padding:15px; \" class=\"ult_a  \">\n\t\t\t\t\t     <span class=\"ult_tab_main Both \">\n\t\t\t\t\t \t\t <span class=\"ult_tab_section\">\n\t\t\t\t\t   \t\t\t<span  data-ultimate-target='#advanced-tabs-wrap-5126 .ult-span-text'  data-responsive-json-new='{\"font-size\":\"desktop:14px;\",\"line-height\":\"\"}'  class=\"ult-span-text no_icon ult_tab_display_text ult-responsive\" style=\"font-weight:bold;;\">Galerii<\/span>\n\t\t\t\t\t   \t\t<\/span>\n\t\t\t\t\t\t<\/span>\n\t\t\t\t\t<\/a>\n\t\t\t\t\t<\/li><\/ul><div  data-ultimate-target='#advanced-tabs-desc-wrap-6603 .ult_tabcontent .ult_tab_min_contain  p'  data-responsive-json-new='{\"font-size\":\"\",\"line-height\":\"\"}' class=\"ult_tabcontent ult-responsive style1\" style=\"color:#74777b;\"><div class=\"ult_tab_min_contain \" >\n\t\t\t<div  class=\"ult_tabitemname\"  >\n\t\t\t\t[vc_column_text]Koosolekuruum asub meie Helsingi kesklinna kontoris ning on varustatud k\u00f5ige vajalikuga. Nii saad ise valida, millal ja kui kauaks koosolekuruumi vajad. Teenus on hinnastatud tunnip\u00f5hiselt.<\/p>\n<p><strong>Hinnas sisaldub:<\/strong><\/p>\n<ul>\n<li>Seminariruum koos projektori, paberi ja pliiatsitega<\/li>\n<li>Klientide tervitamine ning nende koosolekuruumi juhatamine<\/li>\n<li>Joogid (kohv, tee, vesi)<\/li>\n<\/ul>\n<p><strong>Saadaval lisatasu eest:<\/strong><\/p>\n<ul>\n<li><a href=\"https:\/\/dev.1office.co\/finland\/et\/toode\/sekretariteenused\/\" target=\"_blank\" rel=\"noopener noreferrer\">Sekret\u00e4riteenused<\/a><\/li>\n<li><a href=\"https:\/\/dev.1office.co\/finland\/et\/toode\/konede-haldus-kuu\/\" target=\"_blank\" rel=\"noopener noreferrer\">K\u00f5nedele vastamise teenus<\/a><\/li>\n<li><a href=\"https:\/\/dev.1office.co\/finland\/et\/toode\/ariaadress-helsingi-kesklinnas\/\" target=\"_blank\" rel=\"noopener noreferrer\">\u00c4riaadress<\/a><\/li>\n<\/ul>\n<p>[\/vc_column_text]\n\t\t\t<\/div>\n\t\t\t<div  class=\"ult_tabitemname\"  >\n\t\t\t\t[vc_media_grid element_width=&#8221;2&#8243; grid_id=&#8221;vc_gid:1595941822051-dc1c6eb7-5ce3-7&#8243; include=&#8221;57573,57593,57628,57633&#8243;]\n\t\t\t<\/div><\/div><\/div><\/div><div class=\"ult_acord advanced-tabs-desc-wrap-6603\">\n   <div class=\"ult-tabto-accordion \" style=\"width:;\"\n    data-titlecolor=\"#b6b8ba\"  data-titlebg=\"#ffffff\"\n     data-titlehoverbg=\"#ffffff\" data-titlehovercolor=\"#1d1e23\" data-animation=\"Slide\"\n     data-activetitle=\"#1d1e23\" data-activeicon=\"\" data-activebg=\"#ffffff\" data-scroll = \"on\" data-activeindex=\"1\" >\n     <dl><dt class=\"\">\n\t        \t<a class=\"ult-tabto-actitle withBorder ult_a \" id=\"1512642751410-8d9fb-9820\" style=\"color:#b6b8ba;;background-color:#ffffff;border-bottom-color:transparent;border-bottom-width:0px;border-bottom-style:solid;\" href=\"#1512642751410-8d9fb-9820\">\n\t        \t\t<i class=\"accordion-icon\"><\/i>\n\t        \t\t\t<span class=\"ult_tab_main ult_ac_main ult_noacordicnBoth\">\n\n\t\t\t\t\t\t<span  data-ultimate-target='#advanced-tabs-wrap-5126 .ult-span-text'  data-responsive-json-new='{\"font-size\":\"desktop:14px;\",\"line-height\":\"\"}'  class=\"ult-span-text no_icon ult_acordian-text ult-responsive\" style=\"font-weight:bold;;color:inherit \" >Kirjeldus<\/span>\n\t\t\t\t\t\t<\/span><\/a><\/dt>\n\t            \t\t<dd class=\"ult-tabto-accordionItem ult-tabto-accolapsed\">\n\t\t\t\t            <div class=\"ult-tabto-acontent\" style=\"color:#74777b;\">\n\t\t\t\t               [vc_column_text]Koosolekuruum asub meie Helsingi kesklinna kontoris ning on varustatud k\u00f5ige vajalikuga. Nii saad ise valida, millal ja kui kauaks koosolekuruumi vajad. Teenus on hinnastatud tunnip\u00f5hiselt.<\/p>\n<p><strong>Hinnas sisaldub:<\/strong><\/p>\n<ul>\n<li>Seminariruum koos projektori, paberi ja pliiatsitega<\/li>\n<li>Klientide tervitamine ning nende koosolekuruumi juhatamine<\/li>\n<li>Joogid (kohv, tee, vesi)<\/li>\n<\/ul>\n<p><strong>Saadaval lisatasu eest:<\/strong><\/p>\n<ul>\n<li><a href=\"https:\/\/dev.1office.co\/finland\/et\/toode\/sekretariteenused\/\" target=\"_blank\" rel=\"noopener noreferrer\">Sekret\u00e4riteenused<\/a><\/li>\n<li><a href=\"https:\/\/dev.1office.co\/finland\/et\/toode\/konede-haldus-kuu\/\" target=\"_blank\" rel=\"noopener noreferrer\">K\u00f5nedele vastamise teenus<\/a><\/li>\n<li><a href=\"https:\/\/dev.1office.co\/finland\/et\/toode\/ariaadress-helsingi-kesklinnas\/\" target=\"_blank\" rel=\"noopener noreferrer\">\u00c4riaadress<\/a><\/li>\n<\/ul>\n<p>[\/vc_column_text]\n\t\t\t\t            <\/div>\n\t        \t\t\t<\/dd><dt class=\"\">\n\t        \t<a class=\"ult-tabto-actitle withBorder ult_a \" id=\"1516626998593-2-0\" style=\"color:#b6b8ba;;background-color:#ffffff;border-bottom-color:transparent;border-bottom-width:0px;border-bottom-style:solid;border-bottom-color:transparent;border-bottom-width:0px;border-bottom-style:solid;\" href=\"#1516626998593-2-0\">\n\t        \t\t<i class=\"accordion-icon\"><\/i>\n\t        \t\t\t<span class=\"ult_tab_main ult_ac_main ult_noacordicnBoth\">\n\n\t\t\t\t\t\t<span  data-ultimate-target='#advanced-tabs-wrap-5126 .ult-span-text'  data-responsive-json-new='{\"font-size\":\"desktop:14px;\",\"line-height\":\"\"}'  class=\"ult-span-text no_icon ult_acordian-text ult-responsive\" style=\"font-weight:bold;;color:inherit \" >Galerii<\/span>\n\t\t\t\t\t\t<\/span><\/a><\/dt>\n\t            \t\t<dd class=\"ult-tabto-accordionItem ult-tabto-accolapsed\">\n\t\t\t\t            <div class=\"ult-tabto-acontent\" style=\"color:#74777b;\">\n\t\t\t\t               [vc_media_grid element_width=&#8221;2&#8243; grid_id=&#8221;vc_gid:1595941822051-dc1c6eb7-5ce3-7&#8243; include=&#8221;57573,57593,57628,57633&#8243;]\n\t\t\t\t            <\/div>\n\t        \t\t\t<\/dd>\n    \t<\/dl>\n    <!--<div class=\"extraborder\" style=\"background-color:#ffffff\"><\/div>-->\n<\/div>\n\n<\/div>[\/vc_column][\/vc_row]<\/p>\n<\/div>","protected":false},"excerpt":{"rendered":"<p>Helsingi kesklinnas asuv t\u00e4isvarustuses seminariruum koos k\u00f5ige vajalikuga.<\/p>\n","protected":false},"featured_media":57573,"template":"","meta":{"_acf_changed":false,"inline_featured_image":false},"product_brand":[],"product_cat":[437],"product_tag":[312],"class_list":{"0":"post-57675","1":"product","2":"type-product","3":"status-publish","4":"has-post-thumbnail","6":"product_cat-virtuaalkontor","7":"product_tag-soome","8":"description-off","10":"first","11":"instock","12":"taxable","13":"shipping-taxable","14":"purchasable","15":"product-type-simple"},"bundled_by":[],"bundle_stock_status":"instock","bundle_stock_quantity":null,"bundle_virtual":false,"bundle_layout":"","bundle_add_to_cart_form_location":"","bundle_editable_in_cart":false,"bundle_sold_individually_context":"","bundle_item_grouping":"","bundle_min_size":"","bundle_max_size":"","bundle_price":[],"bundled_items":[],"bundle_sell_ids":[],"acf":[],"yoast_head":"<!-- This site is optimized with the Yoast SEO plugin v23.0 - https:\/\/yoast.com\/wordpress\/plugins\/seo\/ -->\n<title>Koosolekuruumi rent \u00fcheks tunniks | 1Office Finland<\/title>\n<meta name=\"description\" content=\"T\u00e4isvarustuses seminariruum koos k\u00f5ige vajalikuga Helsingi kesklinnas, Kamppi ostukeskuse k\u00f5rval.\" \/>\n<meta name=\"robots\" content=\"noindex, follow, max-snippet:-1, max-image-preview:large, max-video-preview:-1\" \/>\n<meta property=\"og:locale\" content=\"et_EE\" \/>\n<meta property=\"og:type\" content=\"article\" \/>\n<meta property=\"og:title\" content=\"Koosolekuruumi rent \u00fcheks tunniks | 1Office Finland\" \/>\n<meta property=\"og:description\" content=\"T\u00e4isvarustuses seminariruum koos k\u00f5ige vajalikuga Helsingi kesklinnas, Kamppi ostukeskuse k\u00f5rval.\" \/>\n<meta property=\"og:url\" content=\"https:\/\/dev.1office.co\/finland\/et\/toode\/koosolekuruum-kuni-6-inimesele\/\" \/>\n<meta property=\"og:site_name\" content=\"1Office Finland\" \/>\n<meta property=\"article:modified_time\" content=\"2021-10-28T10:43:41+00:00\" \/>\n<meta property=\"og:image\" content=\"https:\/\/dev.1office.co\/finland\/wp-content\/uploads\/sites\/10\/2017\/08\/IMG_20180122_131108_resized_20180122_011715820.jpg\" \/>\n\t<meta property=\"og:image:width\" content=\"1984\" \/>\n\t<meta property=\"og:image:height\" content=\"1488\" \/>\n\t<meta property=\"og:image:type\" content=\"image\/jpeg\" \/>\n<meta name=\"twitter:card\" content=\"summary_large_image\" \/>\n<meta name=\"twitter:label1\" content=\"Est. reading time\" \/>\n\t<meta name=\"twitter:data1\" content=\"1 minut\" \/>\n<script type=\"application\/ld+json\" class=\"yoast-schema-graph\">{\"@context\":\"https:\/\/schema.org\",\"@graph\":[{\"@type\":\"WebPage\",\"@id\":\"https:\/\/dev.1office.co\/finland\/et\/toode\/koosolekuruum-kuni-6-inimesele\/\",\"url\":\"https:\/\/dev.1office.co\/finland\/et\/toode\/koosolekuruum-kuni-6-inimesele\/\",\"name\":\"Koosolekuruumi rent \u00fcheks tunniks | 1Office Finland\",\"isPartOf\":{\"@id\":\"https:\/\/dev.1office.co\/finland\/#website\"},\"primaryImageOfPage\":{\"@id\":\"https:\/\/dev.1office.co\/finland\/et\/toode\/koosolekuruum-kuni-6-inimesele\/#primaryimage\"},\"image\":{\"@id\":\"https:\/\/dev.1office.co\/finland\/et\/toode\/koosolekuruum-kuni-6-inimesele\/#primaryimage\"},\"thumbnailUrl\":\"https:\/\/dev.1office.co\/finland\/wp-content\/uploads\/sites\/10\/2017\/08\/IMG_20180122_131108_resized_20180122_011715820.jpg\",\"datePublished\":\"2017-08-10T10:40:19+00:00\",\"dateModified\":\"2021-10-28T10:43:41+00:00\",\"description\":\"T\u00e4isvarustuses seminariruum koos k\u00f5ige vajalikuga Helsingi kesklinnas, Kamppi ostukeskuse k\u00f5rval.\",\"breadcrumb\":{\"@id\":\"https:\/\/dev.1office.co\/finland\/et\/toode\/koosolekuruum-kuni-6-inimesele\/#breadcrumb\"},\"inLanguage\":\"et\",\"potentialAction\":[{\"@type\":\"ReadAction\",\"target\":[\"https:\/\/dev.1office.co\/finland\/et\/toode\/koosolekuruum-kuni-6-inimesele\/\"]}]},{\"@type\":\"ImageObject\",\"inLanguage\":\"et\",\"@id\":\"https:\/\/dev.1office.co\/finland\/et\/toode\/koosolekuruum-kuni-6-inimesele\/#primaryimage\",\"url\":\"https:\/\/dev.1office.co\/finland\/wp-content\/uploads\/sites\/10\/2017\/08\/IMG_20180122_131108_resized_20180122_011715820.jpg\",\"contentUrl\":\"https:\/\/dev.1office.co\/finland\/wp-content\/uploads\/sites\/10\/2017\/08\/IMG_20180122_131108_resized_20180122_011715820.jpg\",\"width\":1984,\"height\":1488},{\"@type\":\"BreadcrumbList\",\"@id\":\"https:\/\/dev.1office.co\/finland\/et\/toode\/koosolekuruum-kuni-6-inimesele\/#breadcrumb\",\"itemListElement\":[{\"@type\":\"ListItem\",\"position\":1,\"name\":\"Home\",\"item\":\"https:\/\/dev.1office.co\/finland\/et\/\"},{\"@type\":\"ListItem\",\"position\":2,\"name\":\"Shop\",\"item\":\"https:\/\/dev.1office.co\/finland\/shop\/\"},{\"@type\":\"ListItem\",\"position\":3,\"name\":\"Koosolekuruumi rent \u00fcheks tunniks\"}]},{\"@type\":\"WebSite\",\"@id\":\"https:\/\/dev.1office.co\/finland\/#website\",\"url\":\"https:\/\/dev.1office.co\/finland\/\",\"name\":\"1Office Finland\",\"description\":\"Making Business Simple\",\"potentialAction\":[{\"@type\":\"SearchAction\",\"target\":{\"@type\":\"EntryPoint\",\"urlTemplate\":\"https:\/\/dev.1office.co\/finland\/?s={search_term_string}\"},\"query-input\":\"required name=search_term_string\"}],\"inLanguage\":\"et\"}]}<\/script>\n<!-- \/ Yoast SEO plugin. -->","yoast_head_json":{"title":"Koosolekuruumi rent \u00fcheks tunniks | 1Office Finland","description":"T\u00e4isvarustuses seminariruum koos k\u00f5ige vajalikuga Helsingi kesklinnas, Kamppi ostukeskuse k\u00f5rval.","robots":{"index":"noindex","follow":"follow","max-snippet":"max-snippet:-1","max-image-preview":"max-image-preview:large","max-video-preview":"max-video-preview:-1"},"og_locale":"et_EE","og_type":"article","og_title":"Koosolekuruumi rent \u00fcheks tunniks | 1Office Finland","og_description":"T\u00e4isvarustuses seminariruum koos k\u00f5ige vajalikuga Helsingi kesklinnas, Kamppi ostukeskuse k\u00f5rval.","og_url":"https:\/\/dev.1office.co\/finland\/et\/toode\/koosolekuruum-kuni-6-inimesele\/","og_site_name":"1Office Finland","article_modified_time":"2021-10-28T10:43:41+00:00","og_image":[{"width":1984,"height":1488,"url":"https:\/\/dev.1office.co\/finland\/wp-content\/uploads\/sites\/10\/2017\/08\/IMG_20180122_131108_resized_20180122_011715820.jpg","type":"image\/jpeg"}],"twitter_card":"summary_large_image","twitter_misc":{"Est. reading time":"1 minut"},"schema":{"@context":"https:\/\/schema.org","@graph":[{"@type":"WebPage","@id":"https:\/\/dev.1office.co\/finland\/et\/toode\/koosolekuruum-kuni-6-inimesele\/","url":"https:\/\/dev.1office.co\/finland\/et\/toode\/koosolekuruum-kuni-6-inimesele\/","name":"Koosolekuruumi rent \u00fcheks tunniks | 1Office Finland","isPartOf":{"@id":"https:\/\/dev.1office.co\/finland\/#website"},"primaryImageOfPage":{"@id":"https:\/\/dev.1office.co\/finland\/et\/toode\/koosolekuruum-kuni-6-inimesele\/#primaryimage"},"image":{"@id":"https:\/\/dev.1office.co\/finland\/et\/toode\/koosolekuruum-kuni-6-inimesele\/#primaryimage"},"thumbnailUrl":"https:\/\/dev.1office.co\/finland\/wp-content\/uploads\/sites\/10\/2017\/08\/IMG_20180122_131108_resized_20180122_011715820.jpg","datePublished":"2017-08-10T10:40:19+00:00","dateModified":"2021-10-28T10:43:41+00:00","description":"T\u00e4isvarustuses seminariruum koos k\u00f5ige vajalikuga Helsingi kesklinnas, Kamppi ostukeskuse k\u00f5rval.","breadcrumb":{"@id":"https:\/\/dev.1office.co\/finland\/et\/toode\/koosolekuruum-kuni-6-inimesele\/#breadcrumb"},"inLanguage":"et","potentialAction":[{"@type":"ReadAction","target":["https:\/\/dev.1office.co\/finland\/et\/toode\/koosolekuruum-kuni-6-inimesele\/"]}]},{"@type":"ImageObject","inLanguage":"et","@id":"https:\/\/dev.1office.co\/finland\/et\/toode\/koosolekuruum-kuni-6-inimesele\/#primaryimage","url":"https:\/\/dev.1office.co\/finland\/wp-content\/uploads\/sites\/10\/2017\/08\/IMG_20180122_131108_resized_20180122_011715820.jpg","contentUrl":"https:\/\/dev.1office.co\/finland\/wp-content\/uploads\/sites\/10\/2017\/08\/IMG_20180122_131108_resized_20180122_011715820.jpg","width":1984,"height":1488},{"@type":"BreadcrumbList","@id":"https:\/\/dev.1office.co\/finland\/et\/toode\/koosolekuruum-kuni-6-inimesele\/#breadcrumb","itemListElement":[{"@type":"ListItem","position":1,"name":"Home","item":"https:\/\/dev.1office.co\/finland\/et\/"},{"@type":"ListItem","position":2,"name":"Shop","item":"https:\/\/dev.1office.co\/finland\/shop\/"},{"@type":"ListItem","position":3,"name":"Koosolekuruumi rent \u00fcheks tunniks"}]},{"@type":"WebSite","@id":"https:\/\/dev.1office.co\/finland\/#website","url":"https:\/\/dev.1office.co\/finland\/","name":"1Office Finland","description":"Making Business Simple","potentialAction":[{"@type":"SearchAction","target":{"@type":"EntryPoint","urlTemplate":"https:\/\/dev.1office.co\/finland\/?s={search_term_string}"},"query-input":"required name=search_term_string"}],"inLanguage":"et"}]}},"_links":{"self":[{"href":"https:\/\/dev.1office.co\/finland\/et\/wp-json\/wp\/v2\/product\/57675","targetHints":{"allow":["GET"]}}],"collection":[{"href":"https:\/\/dev.1office.co\/finland\/et\/wp-json\/wp\/v2\/product"}],"about":[{"href":"https:\/\/dev.1office.co\/finland\/et\/wp-json\/wp\/v2\/types\/product"}],"wp:featuredmedia":[{"embeddable":true,"href":"https:\/\/dev.1office.co\/finland\/et\/wp-json\/wp\/v2\/media\/57573"}],"wp:attachment":[{"href":"https:\/\/dev.1office.co\/finland\/et\/wp-json\/wp\/v2\/media?parent=57675"}],"wp:term":[{"taxonomy":"product_brand","embeddable":true,"href":"https:\/\/dev.1office.co\/finland\/et\/wp-json\/wp\/v2\/product_brand?post=57675"},{"taxonomy":"product_cat","embeddable":true,"href":"https:\/\/dev.1office.co\/finland\/et\/wp-json\/wp\/v2\/product_cat?post=57675"},{"taxonomy":"product_tag","embeddable":true,"href":"https:\/\/dev.1office.co\/finland\/et\/wp-json\/wp\/v2\/product_tag?post=57675"}],"curies":[{"name":"wp","href":"https:\/\/api.w.org\/{rel}","templated":true}]}}