{"id":64584,"date":"2018-04-17T08:32:01","date_gmt":"2018-04-17T08:32:01","guid":{"rendered":"https:\/\/dev.1office.co\/management-team-3\/"},"modified":"2022-09-23T11:51:34","modified_gmt":"2022-09-23T11:51:34","slug":"meie-inimesed","status":"publish","type":"page","link":"https:\/\/dev.1office.co\/et\/meie-inimesed\/","title":{"rendered":"Meie inimesed"},"content":{"rendered":"<div class=\"wpb-content-wrapper\"><p>[vc_row full_width=&#8221;stretch_row&#8221; bg_type=&#8221;image&#8221; parallax_style=&#8221;vcpb-default&#8221; bg_image_new=&#8221;id^64421|url^https:\/\/dev.1office.co\/wp-content\/uploads\/2018\/06\/Team10.jpg|caption^null|alt^null|title^Team10|description^null&#8221; bg_image_repeat=&#8221;no-repeat&#8221; bg_image_posiiton=&#8221;center&#8221; bg_override=&#8221;full&#8221; seperator_enable=&#8221;seperator_enable_value&#8221; seperator_type=&#8221;tilt_left_seperator&#8221; seperator_position=&#8221;bottom_seperator&#8221; el_class=&#8221;one-blog-head one-higher&#8221;][vc_column]<div id=\"ultimate-heading-533569f4948e63b71\" class=\"uvc-heading ult-adjust-bottom-margin ultimate-heading-533569f4948e63b71 uvc-7975 \" data-hspacer=\"no_spacer\"  data-halign=\"left\" style=\"text-align:left\"><div class=\"uvc-heading-spacer no_spacer\" style=\"top\"><\/div><div class=\"uvc-main-heading ult-responsive\"  data-ultimate-target='.uvc-heading.ultimate-heading-533569f4948e63b71 h1'  data-responsive-json-new='{\"font-size\":\"desktop:42px;\",\"line-height\":\"\"}' ><h1 style=\"font-weight:bold;color:#ffffff;\">Meie inimesed<\/h1><\/div><\/div>[\/vc_column][\/vc_row][vc_row][vc_column]<div id=\"ultimate-heading-237669f4948e63bcf\" class=\"uvc-heading ult-adjust-bottom-margin ultimate-heading-237669f4948e63bcf uvc-1358 accent-border-color\" data-hspacer=\"line_only\"  data-halign=\"center\" style=\"text-align:center\"><div class=\"uvc-main-heading ult-responsive\"  data-ultimate-target='.uvc-heading.ultimate-heading-237669f4948e63bcf h2'  data-responsive-json-new='{\"font-size\":\"desktop:34px;\",\"line-height\":\"desktop:44px;\"}' ><h2 style=\"font-weight:bold;margin-bottom:15px;\">V\u00f5tmeisikud, kellega v\u00f5id soovida \u00fchendust v\u00f5tta<\/h2><\/div><div class=\"uvc-heading-spacer line_only\" style=\"topheight:3px;\"><span class=\"uvc-headings-line\" style=\"border-style:solid;border-bottom-width:3px;border-color:;width:200px;\"><\/span><\/div><div class=\"uvc-sub-heading ult-responsive\"  data-ultimate-target='.uvc-heading.ultimate-heading-237669f4948e63bcf .uvc-sub-heading '  data-responsive-json-new='{\"font-size\":\"desktop:18px;\",\"line-height\":\"desktop:28px;\"}'  style=\"font-style:italic;font-weight:normal;color:#999999;\"><\/p>\n<h5 style=\"text-align: center\">1Office kuues kontoris t\u00f6\u00f6tab kokku \u00fcle 50 oma ala spetsialisti<br \/>\nKui soovid meie meeskonnaga liituda, siis heida pilk meie <span style=\"color: #99cc00\"><a style=\"color: #99cc00\" href=\"https:\/\/dev.1office.co\/et\/toopakkumised\/\">t\u00f6\u00f6pakkumistele<\/a><\/span>.<\/h5>\n<p><\/div><\/div>[\/vc_column][\/vc_row][vc_row css=&#8221;.vc_custom_1514895940618{margin-top: 50px !important;}&#8221;][vc_column][vc_row_inner][vc_column_inner width=&#8221;1\/3&#8243;][vc_hoverbox image=&#8221;63615&#8243; primary_title=&#8221;&#8221; primary_title_font_container=&#8221;color:%230c0c0c&#8221; primary_title_use_theme_fonts=&#8221;yes&#8221; hover_title=&#8221;&#8221; hover_title_use_theme_fonts=&#8221;yes&#8221; shape=&#8221;square&#8221; hover_background_color=&#8221;custom&#8221; align=&#8221;left&#8221; use_custom_fonts_primary_title=&#8221;true&#8221; use_custom_fonts_hover_title=&#8221;true&#8221; css=&#8221;.vc_custom_1529324492175{background-position: center !important;background-repeat: no-repeat !important;background-size: cover !important;}&#8221;]<a class=\"dt-pswp-item\" href=\"https:\/\/dev.1office.co\/wp-content\/uploads\/2018\/06\/Grete-2-EE.jpg\" data-dt-img-description=\"\"><img decoding=\"async\" class=\"alignnone wp-image-64694 size-full\" src=\"https:\/\/dev.1office.co\/wp-content\/uploads\/2018\/06\/Grete-2-EE.jpg\" alt=\"\" width=\"500\" height=\"500\" srcset=\"https:\/\/dev.1office.co\/wp-content\/uploads\/2018\/06\/Grete-2-EE.jpg 500w, https:\/\/dev.1office.co\/wp-content\/uploads\/2018\/06\/Grete-2-EE-150x150.jpg 150w, https:\/\/dev.1office.co\/wp-content\/uploads\/2018\/06\/Grete-2-EE-300x300.jpg 300w, https:\/\/dev.1office.co\/wp-content\/uploads\/2018\/06\/Grete-2-EE-100x100.jpg 100w\" sizes=\"(max-width: 500px) 100vw, 500px\" \/><\/a>[\/vc_hoverbox][vc_empty_space height=&#8221;10&#8243;][vc_column_text]<\/p>\n<p style=\"text-align: center\"><strong>Grete Michelson<\/strong><\/p>\n<p style=\"text-align: center\">Tegevjuht<\/p>\n<p style=\"text-align: center\">1Office Group<\/p>\n<p style=\"text-align: center\"><span style=\"color: #99cc00\"><strong><a style=\"color: #99cc00\" href=\"mailto:grete.michelson@1office.co\">grete.michelson@1office.co<\/a><\/strong><\/span><\/p>\n<p>[\/vc_column_text][vc_empty_space height=&#8221;40px&#8221;][vc_hoverbox image=&#8221;64885&#8243; primary_title=&#8221;&#8221; primary_title_font_container=&#8221;color:%230c0c0c&#8221; primary_title_use_theme_fonts=&#8221;yes&#8221; hover_title=&#8221;&#8221; hover_title_use_theme_fonts=&#8221;yes&#8221; shape=&#8221;square&#8221; hover_background_color=&#8221;custom&#8221; align=&#8221;left&#8221; use_custom_fonts_primary_title=&#8221;true&#8221; use_custom_fonts_hover_title=&#8221;true&#8221; css=&#8221;.vc_custom_1540807162663{background-position: center !important;background-repeat: no-repeat !important;background-size: cover !important;}&#8221;]<a class=\"dt-pswp-item\" href=\"https:\/\/dev.1office.co\/wp-content\/uploads\/2018\/10\/Tonis-EE.png\" data-dt-img-description=\"\"><img decoding=\"async\" class=\"alignnone size-full wp-image-64960\" src=\"https:\/\/dev.1office.co\/wp-content\/uploads\/2018\/10\/Tonis-EE.png\" alt=\"\" width=\"499\" height=\"502\" srcset=\"https:\/\/dev.1office.co\/wp-content\/uploads\/2018\/10\/Tonis-EE.png 499w, https:\/\/dev.1office.co\/wp-content\/uploads\/2018\/10\/Tonis-EE-150x150.png 150w, https:\/\/dev.1office.co\/wp-content\/uploads\/2018\/10\/Tonis-EE-298x300.png 298w, https:\/\/dev.1office.co\/wp-content\/uploads\/2018\/10\/Tonis-EE-100x100.png 100w\" sizes=\"(max-width: 499px) 100vw, 499px\" \/><\/a>[\/vc_hoverbox][vc_empty_space height=&#8221;20&#8243;][vc_column_text]<\/p>\n<p style=\"text-align: center\"><strong>T\u00f5nis J\u00f5geva<\/strong><\/p>\n<p style=\"text-align: center\">M\u00fc\u00fcgitiimi juht<\/p>\n<p style=\"text-align: center\">1Office Group<\/p>\n<p style=\"text-align: center\"><span style=\"color: #99cc00\"><strong><a style=\"color: #99cc00\" href=\"mailto:tonis.jogeva@1office.co\">tonis.jogeva@1office.co<\/a><\/strong><\/span><\/p>\n<p style=\"text-align: center\">+372 518 0354<\/p>\n<p>[\/vc_column_text][vc_empty_space height=&#8221;40px&#8221;][vc_single_image image=&#8221;73064&#8243; img_size=&#8221;500&#215;500&#8243;][vc_column_text]<\/p>\n<p style=\"text-align: center\"><strong>Urve Lorens<\/strong><\/p>\n<p style=\"text-align: center\">B\u00fcroojuht<\/p>\n<p style=\"text-align: center\">1Office Estonia<\/p>\n<p style=\"text-align: center\"><span style=\"color: #99cc00\"><strong><a style=\"color: #99cc00\" href=\"mailto:tallinn@1office.co\">tallinn@1office.co<\/a><\/strong><\/span><\/p>\n<p>[\/vc_column_text][vc_empty_space height=&#8221;40px&#8221;][\/vc_column_inner][vc_column_inner width=&#8221;1\/3&#8243;][vc_hoverbox image=&#8221;63621&#8243; primary_title=&#8221;&#8221; primary_title_font_container=&#8221;color:%230c0c0c&#8221; primary_title_use_theme_fonts=&#8221;yes&#8221; hover_title=&#8221;&#8221; hover_title_use_theme_fonts=&#8221;yes&#8221; shape=&#8221;square&#8221; hover_background_color=&#8221;custom&#8221; align=&#8221;left&#8221; use_custom_fonts_primary_title=&#8221;true&#8221; use_custom_fonts_hover_title=&#8221;true&#8221; css=&#8221;.vc_custom_1529305978583{background-position: center !important;background-repeat: no-repeat !important;background-size: cover !important;}&#8221;]<a class=\"dt-pswp-item\" href=\"https:\/\/dev.1office.co\/wp-content\/uploads\/2018\/06\/Mailika-Eesti.jpg\" data-dt-img-description=\"\"><img decoding=\"async\" class=\"alignnone wp-image-64624 size-full\" src=\"https:\/\/dev.1office.co\/wp-content\/uploads\/2018\/06\/Mailika-Eesti.jpg\" alt=\"\" width=\"500\" height=\"500\" srcset=\"https:\/\/dev.1office.co\/wp-content\/uploads\/2018\/06\/Mailika-Eesti.jpg 500w, https:\/\/dev.1office.co\/wp-content\/uploads\/2018\/06\/Mailika-Eesti-150x150.jpg 150w, https:\/\/dev.1office.co\/wp-content\/uploads\/2018\/06\/Mailika-Eesti-300x300.jpg 300w, https:\/\/dev.1office.co\/wp-content\/uploads\/2018\/06\/Mailika-Eesti-100x100.jpg 100w\" sizes=\"(max-width: 500px) 100vw, 500px\" \/><\/a>[\/vc_hoverbox][vc_empty_space height=&#8221;10&#8243;][vc_column_text]<\/p>\n<p style=\"text-align: center\"><strong>Mailika Hindrikson Muru<\/strong><\/p>\n<p style=\"text-align: center\">Skandinaavia turu juht<\/p>\n<p style=\"text-align: center\">1Office Group<\/p>\n<p style=\"text-align: center\"><strong><span style=\"color: #99cc00\"><a style=\"color: #99cc00\" href=\"mailto:mailika.hindrikson@1office.co\">mailika.hindrikson@1office.co<\/a><\/span><\/strong><\/p>\n<p>[\/vc_column_text][vc_empty_space height=&#8221;40px&#8221;][vc_hoverbox image=&#8221;67021&#8243; primary_title=&#8221;&#8221; primary_title_font_container=&#8221;color:%230c0c0c&#8221; primary_title_use_theme_fonts=&#8221;yes&#8221; hover_title=&#8221;&#8221; hover_title_use_theme_fonts=&#8221;yes&#8221; shape=&#8221;square&#8221; hover_background_color=&#8221;custom&#8221; align=&#8221;left&#8221; use_custom_fonts_primary_title=&#8221;true&#8221; use_custom_fonts_hover_title=&#8221;true&#8221; css=&#8221;.vc_custom_1570611283753{background-position: center !important;background-repeat: no-repeat !important;background-size: cover !important;}&#8221;]<a class=\"dt-pswp-item\" href=\"https:\/\/dev.1office.co\/wp-content\/uploads\/2019\/10\/22540070_1690241967653667_8529384172897004891_n.jpg\" data-dt-img-description=\"\"><img decoding=\"async\" class=\"alignnone size-full wp-image-67027\" src=\"https:\/\/dev.1office.co\/wp-content\/uploads\/2019\/10\/22540070_1690241967653667_8529384172897004891_n.jpg\" alt=\"\" width=\"960\" height=\"960\" srcset=\"https:\/\/dev.1office.co\/wp-content\/uploads\/2019\/10\/22540070_1690241967653667_8529384172897004891_n.jpg 960w, https:\/\/dev.1office.co\/wp-content\/uploads\/2019\/10\/22540070_1690241967653667_8529384172897004891_n-300x300.jpg 300w, https:\/\/dev.1office.co\/wp-content\/uploads\/2019\/10\/22540070_1690241967653667_8529384172897004891_n-150x150.jpg 150w, https:\/\/dev.1office.co\/wp-content\/uploads\/2019\/10\/22540070_1690241967653667_8529384172897004891_n-768x768.jpg 768w, https:\/\/dev.1office.co\/wp-content\/uploads\/2019\/10\/22540070_1690241967653667_8529384172897004891_n-600x600.jpg 600w, https:\/\/dev.1office.co\/wp-content\/uploads\/2019\/10\/22540070_1690241967653667_8529384172897004891_n-200x200.jpg 200w\" sizes=\"(max-width: 960px) 100vw, 960px\" \/><\/a>[\/vc_hoverbox][vc_empty_space height=&#8221;20&#8243;][vc_column_text]<\/p>\n<p style=\"text-align: center\"><strong>Yuliia Sviatkovska<\/strong><\/p>\n<p style=\"text-align: center\">M\u00fc\u00fcgijuht<\/p>\n<p style=\"text-align: center\">1Office Group<\/p>\n<p style=\"text-align: center\"><span style=\"color: #99cc00\"><strong><a style=\"color: #99cc00\" href=\"mailto:yuliia.sviatkovska@1office.co\">yuliia.sviatkovska@1office.co<\/a><\/strong><\/span><\/p>\n<p style=\"text-align: center\">+372 5880 0703<\/p>\n<p>[\/vc_column_text][vc_empty_space height=&#8221;40px&#8221;][vc_single_image image=&#8221;73070&#8243; img_size=&#8221;500&#215;500&#8243;][vc_column_text]<\/p>\n<p style=\"text-align: center\"><strong>Kristyna Novakova<\/strong><\/p>\n<p style=\"text-align: center\">B\u00fcroojuht<\/p>\n<p style=\"text-align: center\">1Office Sweden<\/p>\n<p style=\"text-align: center\"><span style=\"color: #99cc00\"><strong><a style=\"color: #99cc00\" href=\"mailto:stockholm@1office.co\">stockholm@1office.co<\/a><\/strong><\/span><\/p>\n<p>[\/vc_column_text][vc_empty_space height=&#8221;40px&#8221;][\/vc_column_inner][vc_column_inner width=&#8221;1\/3&#8243;][vc_hoverbox image=&#8221;63645&#8243; primary_title=&#8221;&#8221; primary_title_font_container=&#8221;color:%230c0c0c&#8221; primary_title_use_theme_fonts=&#8221;yes&#8221; hover_title=&#8221;&#8221; hover_title_use_theme_fonts=&#8221;yes&#8221; shape=&#8221;square&#8221; hover_background_color=&#8221;custom&#8221; align=&#8221;left&#8221; use_custom_fonts_primary_title=&#8221;true&#8221; use_custom_fonts_hover_title=&#8221;true&#8221; css=&#8221;.vc_custom_1529305841348{background-position: center !important;background-repeat: no-repeat !important;background-size: cover !important;}&#8221;]<a class=\"dt-pswp-item\" href=\"https:\/\/dev.1office.co\/wp-content\/uploads\/2018\/06\/Katrin-Eesti.jpg\" data-dt-img-description=\"\"><img decoding=\"async\" class=\"alignnone wp-image-64617 size-full\" src=\"https:\/\/dev.1office.co\/wp-content\/uploads\/2018\/06\/Katrin-Eesti.jpg\" alt=\"\" width=\"500\" height=\"500\" srcset=\"https:\/\/dev.1office.co\/wp-content\/uploads\/2018\/06\/Katrin-Eesti.jpg 500w, https:\/\/dev.1office.co\/wp-content\/uploads\/2018\/06\/Katrin-Eesti-150x150.jpg 150w, https:\/\/dev.1office.co\/wp-content\/uploads\/2018\/06\/Katrin-Eesti-300x300.jpg 300w, https:\/\/dev.1office.co\/wp-content\/uploads\/2018\/06\/Katrin-Eesti-100x100.jpg 100w\" sizes=\"(max-width: 500px) 100vw, 500px\" \/><\/a>[\/vc_hoverbox][vc_empty_space height=&#8221;10&#8243;][vc_column_text]<\/p>\n<p style=\"text-align: center\"><strong>Katrin Allm\u00e4e<\/strong><\/p>\n<p style=\"text-align: center\">Juriidilise osakonna juht<\/p>\n<p style=\"text-align: center\">1Office Group<\/p>\n<p style=\"text-align: center\"><span style=\"color: #99cc00\"><strong><a style=\"color: #99cc00\" href=\"mailto:katrin.allmae@1office.co\">katrin.allmae@1office.co<\/a><\/strong><\/span><\/p>\n<p>[\/vc_column_text][vc_empty_space height=&#8221;40px&#8221;][vc_single_image image=&#8221;70641&#8243; img_size=&#8221;500&#215;500&#8243;][vc_column_text]<\/p>\n<p style=\"text-align: center\"><strong>Filipp Zubets<\/strong><\/p>\n<p style=\"text-align: center\">M\u00fc\u00fcgijuht<\/p>\n<p style=\"text-align: center\">1Office Group<\/p>\n<p style=\"text-align: center\"><span style=\"color: #99cc00\"><strong><a style=\"color: #99cc00\" href=\"mailto:filipp.zubets@1office.co\">filipp.zubets@1office.co<\/a><\/strong><\/span><\/p>\n<p style=\"text-align: center\">+372 5347 4873<\/p>\n<p>[\/vc_column_text][vc_empty_space height=&#8221;30px&#8221;][\/vc_column_inner][\/vc_row_inner][\/vc_column][\/vc_row][vc_row][vc_column][vc_empty_space height=&#8221;50&#8243;][\/vc_column][\/vc_row]<\/p>\n<\/div>","protected":false},"excerpt":{"rendered":"<p>[vc_row full_width=&#8221;stretch_row&#8221; bg_type=&#8221;image&#8221; parallax_style=&#8221;vcpb-default&#8221; bg_image_new=&#8221;id^64421|url^https:\/\/dev.1office.co\/wp-content\/uploads\/2018\/06\/Team10.jpg|caption^null|alt^null|title^Team10|description^null&#8221; bg_image_repeat=&#8221;no-repeat&#8221; bg_image_posiiton=&#8221;center&#8221; bg_override=&#8221;full&#8221; seperator_enable=&#8221;seperator_enable_value&#8221; seperator_type=&#8221;tilt_left_seperator&#8221; seperator_position=&#8221;bottom_seperator&#8221; el_class=&#8221;one-blog-head one-higher&#8221;][vc_column][\/vc_column][\/vc_row][vc_row][vc_column][\/vc_column][\/vc_row][vc_row css=&#8221;.vc_custom_1514895940618{margin-top: 50px !important;}&#8221;][vc_column][vc_row_inner][vc_column_inner width=&#8221;1\/3&#8243;][vc_hoverbox image=&#8221;63615&#8243; primary_title=&#8221;&#8221; primary_title_font_container=&#8221;color:%230c0c0c&#8221; primary_title_use_theme_fonts=&#8221;yes&#8221; hover_title=&#8221;&#8221; hover_title_use_theme_fonts=&#8221;yes&#8221; shape=&#8221;square&#8221; hover_background_color=&#8221;custom&#8221; align=&#8221;left&#8221; use_custom_fonts_primary_title=&#8221;true&#8221; use_custom_fonts_hover_title=&#8221;true&#8221; css=&#8221;.vc_custom_1529324492175{background-position: center !important;background-repeat: no-repeat !important;background-size: cover !important;}&#8221;][\/vc_hoverbox][vc_empty_space height=&#8221;10&#8243;][vc_column_text] Grete Michelson Tegevjuht 1Office Group grete.michelson@1office.co [\/vc_column_text][vc_empty_space height=&#8221;40px&#8221;][vc_hoverbox image=&#8221;64885&#8243; primary_title=&#8221;&#8221; primary_title_font_container=&#8221;color:%230c0c0c&#8221; primary_title_use_theme_fonts=&#8221;yes&#8221; hover_title=&#8221;&#8221; hover_title_use_theme_fonts=&#8221;yes&#8221; shape=&#8221;square&#8221; hover_background_color=&#8221;custom&#8221; align=&#8221;left&#8221; use_custom_fonts_primary_title=&#8221;true&#8221; use_custom_fonts_hover_title=&#8221;true&#8221;&hellip;<\/p>\n","protected":false},"author":1,"featured_media":0,"parent":0,"menu_order":110,"comment_status":"closed","ping_status":"closed","template":"","meta":{"_acf_changed":false,"inline_featured_image":false,"footnotes":""},"class_list":["post-64584","page","type-page","status-publish","hentry","description-off"],"acf":[],"yoast_head":"<!-- This site is optimized with the Yoast SEO plugin v23.0 - https:\/\/yoast.com\/wordpress\/plugins\/seo\/ -->\n<title>Meie inimesed - 1Office<\/title>\n<meta name=\"description\" content=\"1Office kuues kontoris t\u00f6\u00f6tab kokku \u00fcle 50 oma ala spetsialisti. Raamatupidajad, maksukonsultandid ja juristid aitavad teha \u00e4ri jaoks kasulikke otsuseid.\" \/>\n<meta name=\"robots\" content=\"noindex, follow, max-snippet:-1, max-image-preview:large, max-video-preview:-1\" \/>\n<meta property=\"og:locale\" content=\"et_EE\" \/>\n<meta property=\"og:type\" content=\"article\" \/>\n<meta property=\"og:title\" content=\"Meie inimesed - 1Office\" \/>\n<meta property=\"og:description\" content=\"1Office kuues kontoris t\u00f6\u00f6tab kokku \u00fcle 50 oma ala spetsialisti. Raamatupidajad, maksukonsultandid ja juristid aitavad teha \u00e4ri jaoks kasulikke otsuseid.\" \/>\n<meta property=\"og:url\" content=\"https:\/\/dev.1office.co\/et\/meie-inimesed\/\" \/>\n<meta property=\"og:site_name\" content=\"1Office\" \/>\n<meta property=\"article:modified_time\" content=\"2022-09-23T11:51:34+00:00\" \/>\n<meta property=\"og:image\" content=\"https:\/\/dev.1office.co\/wp-content\/uploads\/2018\/06\/Grete-2-EE.jpg\" \/>\n<meta name=\"twitter:card\" content=\"summary_large_image\" \/>\n<meta name=\"twitter:label1\" content=\"Est. reading time\" \/>\n\t<meta name=\"twitter:data1\" content=\"3 minutit\" \/>\n<script type=\"application\/ld+json\" class=\"yoast-schema-graph\">{\"@context\":\"https:\/\/schema.org\",\"@graph\":[{\"@type\":\"WebPage\",\"@id\":\"https:\/\/dev.1office.co\/et\/meie-inimesed\/\",\"url\":\"https:\/\/dev.1office.co\/et\/meie-inimesed\/\",\"name\":\"Meie inimesed - 1Office\",\"isPartOf\":{\"@id\":\"https:\/\/dev.1office.co\/#website\"},\"primaryImageOfPage\":{\"@id\":\"https:\/\/dev.1office.co\/et\/meie-inimesed\/#primaryimage\"},\"image\":{\"@id\":\"https:\/\/dev.1office.co\/et\/meie-inimesed\/#primaryimage\"},\"thumbnailUrl\":\"https:\/\/dev.1office.co\/wp-content\/uploads\/2018\/06\/Grete-2-EE.jpg\",\"datePublished\":\"2018-04-17T08:32:01+00:00\",\"dateModified\":\"2022-09-23T11:51:34+00:00\",\"description\":\"1Office kuues kontoris t\u00f6\u00f6tab kokku \u00fcle 50 oma ala spetsialisti. Raamatupidajad, maksukonsultandid ja juristid aitavad teha \u00e4ri jaoks kasulikke otsuseid.\",\"breadcrumb\":{\"@id\":\"https:\/\/dev.1office.co\/et\/meie-inimesed\/#breadcrumb\"},\"inLanguage\":\"et\",\"potentialAction\":[{\"@type\":\"ReadAction\",\"target\":[\"https:\/\/dev.1office.co\/et\/meie-inimesed\/\"]}]},{\"@type\":\"ImageObject\",\"inLanguage\":\"et\",\"@id\":\"https:\/\/dev.1office.co\/et\/meie-inimesed\/#primaryimage\",\"url\":\"https:\/\/dev.1office.co\/wp-content\/uploads\/2018\/06\/Grete-2-EE.jpg\",\"contentUrl\":\"https:\/\/dev.1office.co\/wp-content\/uploads\/2018\/06\/Grete-2-EE.jpg\"},{\"@type\":\"BreadcrumbList\",\"@id\":\"https:\/\/dev.1office.co\/et\/meie-inimesed\/#breadcrumb\",\"itemListElement\":[{\"@type\":\"ListItem\",\"position\":1,\"name\":\"Home\",\"item\":\"https:\/\/dev.1office.co\/et\/\"},{\"@type\":\"ListItem\",\"position\":2,\"name\":\"Meie inimesed\"}]},{\"@type\":\"WebSite\",\"@id\":\"https:\/\/dev.1office.co\/#website\",\"url\":\"https:\/\/dev.1office.co\/\",\"name\":\"1Office\",\"description\":\"Making Business Simple\",\"publisher\":{\"@id\":\"https:\/\/dev.1office.co\/#organization\"},\"potentialAction\":[{\"@type\":\"SearchAction\",\"target\":{\"@type\":\"EntryPoint\",\"urlTemplate\":\"https:\/\/dev.1office.co\/?s={search_term_string}\"},\"query-input\":\"required name=search_term_string\"}],\"inLanguage\":\"et\"},{\"@type\":\"Organization\",\"@id\":\"https:\/\/dev.1office.co\/#organization\",\"name\":\"1Office\",\"url\":\"https:\/\/dev.1office.co\/\",\"logo\":{\"@type\":\"ImageObject\",\"inLanguage\":\"et\",\"@id\":\"https:\/\/dev.1office.co\/#\/schema\/logo\/image\/\",\"url\":\"https:\/\/dev.1office.co\/wp-content\/uploads\/2018\/01\/1office-invoice-logo-2.png\",\"contentUrl\":\"https:\/\/dev.1office.co\/wp-content\/uploads\/2018\/01\/1office-invoice-logo-2.png\",\"width\":300,\"height\":83,\"caption\":\"1Office\"},\"image\":{\"@id\":\"https:\/\/dev.1office.co\/#\/schema\/logo\/image\/\"}}]}<\/script>\n<!-- \/ Yoast SEO plugin. -->","yoast_head_json":{"title":"Meie inimesed - 1Office","description":"1Office kuues kontoris t\u00f6\u00f6tab kokku \u00fcle 50 oma ala spetsialisti. Raamatupidajad, maksukonsultandid ja juristid aitavad teha \u00e4ri jaoks kasulikke otsuseid.","robots":{"index":"noindex","follow":"follow","max-snippet":"max-snippet:-1","max-image-preview":"max-image-preview:large","max-video-preview":"max-video-preview:-1"},"og_locale":"et_EE","og_type":"article","og_title":"Meie inimesed - 1Office","og_description":"1Office kuues kontoris t\u00f6\u00f6tab kokku \u00fcle 50 oma ala spetsialisti. Raamatupidajad, maksukonsultandid ja juristid aitavad teha \u00e4ri jaoks kasulikke otsuseid.","og_url":"https:\/\/dev.1office.co\/et\/meie-inimesed\/","og_site_name":"1Office","article_modified_time":"2022-09-23T11:51:34+00:00","og_image":[{"url":"https:\/\/dev.1office.co\/wp-content\/uploads\/2018\/06\/Grete-2-EE.jpg"}],"twitter_card":"summary_large_image","twitter_misc":{"Est. reading time":"3 minutit"},"schema":{"@context":"https:\/\/schema.org","@graph":[{"@type":"WebPage","@id":"https:\/\/dev.1office.co\/et\/meie-inimesed\/","url":"https:\/\/dev.1office.co\/et\/meie-inimesed\/","name":"Meie inimesed - 1Office","isPartOf":{"@id":"https:\/\/dev.1office.co\/#website"},"primaryImageOfPage":{"@id":"https:\/\/dev.1office.co\/et\/meie-inimesed\/#primaryimage"},"image":{"@id":"https:\/\/dev.1office.co\/et\/meie-inimesed\/#primaryimage"},"thumbnailUrl":"https:\/\/dev.1office.co\/wp-content\/uploads\/2018\/06\/Grete-2-EE.jpg","datePublished":"2018-04-17T08:32:01+00:00","dateModified":"2022-09-23T11:51:34+00:00","description":"1Office kuues kontoris t\u00f6\u00f6tab kokku \u00fcle 50 oma ala spetsialisti. Raamatupidajad, maksukonsultandid ja juristid aitavad teha \u00e4ri jaoks kasulikke otsuseid.","breadcrumb":{"@id":"https:\/\/dev.1office.co\/et\/meie-inimesed\/#breadcrumb"},"inLanguage":"et","potentialAction":[{"@type":"ReadAction","target":["https:\/\/dev.1office.co\/et\/meie-inimesed\/"]}]},{"@type":"ImageObject","inLanguage":"et","@id":"https:\/\/dev.1office.co\/et\/meie-inimesed\/#primaryimage","url":"https:\/\/dev.1office.co\/wp-content\/uploads\/2018\/06\/Grete-2-EE.jpg","contentUrl":"https:\/\/dev.1office.co\/wp-content\/uploads\/2018\/06\/Grete-2-EE.jpg"},{"@type":"BreadcrumbList","@id":"https:\/\/dev.1office.co\/et\/meie-inimesed\/#breadcrumb","itemListElement":[{"@type":"ListItem","position":1,"name":"Home","item":"https:\/\/dev.1office.co\/et\/"},{"@type":"ListItem","position":2,"name":"Meie inimesed"}]},{"@type":"WebSite","@id":"https:\/\/dev.1office.co\/#website","url":"https:\/\/dev.1office.co\/","name":"1Office","description":"Making Business Simple","publisher":{"@id":"https:\/\/dev.1office.co\/#organization"},"potentialAction":[{"@type":"SearchAction","target":{"@type":"EntryPoint","urlTemplate":"https:\/\/dev.1office.co\/?s={search_term_string}"},"query-input":"required name=search_term_string"}],"inLanguage":"et"},{"@type":"Organization","@id":"https:\/\/dev.1office.co\/#organization","name":"1Office","url":"https:\/\/dev.1office.co\/","logo":{"@type":"ImageObject","inLanguage":"et","@id":"https:\/\/dev.1office.co\/#\/schema\/logo\/image\/","url":"https:\/\/dev.1office.co\/wp-content\/uploads\/2018\/01\/1office-invoice-logo-2.png","contentUrl":"https:\/\/dev.1office.co\/wp-content\/uploads\/2018\/01\/1office-invoice-logo-2.png","width":300,"height":83,"caption":"1Office"},"image":{"@id":"https:\/\/dev.1office.co\/#\/schema\/logo\/image\/"}}]}},"_links":{"self":[{"href":"https:\/\/dev.1office.co\/et\/wp-json\/wp\/v2\/pages\/64584","targetHints":{"allow":["GET"]}}],"collection":[{"href":"https:\/\/dev.1office.co\/et\/wp-json\/wp\/v2\/pages"}],"about":[{"href":"https:\/\/dev.1office.co\/et\/wp-json\/wp\/v2\/types\/page"}],"author":[{"embeddable":true,"href":"https:\/\/dev.1office.co\/et\/wp-json\/wp\/v2\/users\/1"}],"replies":[{"embeddable":true,"href":"https:\/\/dev.1office.co\/et\/wp-json\/wp\/v2\/comments?post=64584"}],"version-history":[{"count":66,"href":"https:\/\/dev.1office.co\/et\/wp-json\/wp\/v2\/pages\/64584\/revisions"}],"predecessor-version":[{"id":73538,"href":"https:\/\/dev.1office.co\/et\/wp-json\/wp\/v2\/pages\/64584\/revisions\/73538"}],"wp:attachment":[{"href":"https:\/\/dev.1office.co\/et\/wp-json\/wp\/v2\/media?parent=64584"}],"curies":[{"name":"wp","href":"https:\/\/api.w.org\/{rel}","templated":true}]}}