{"id":61672,"date":"2018-01-03T09:15:17","date_gmt":"2018-01-03T09:15:17","guid":{"rendered":"https:\/\/dev.1office.co\/toopakkumised\/"},"modified":"2022-03-08T07:52:53","modified_gmt":"2022-03-08T07:52:53","slug":"toopakkumised-2","status":"publish","type":"page","link":"https:\/\/dev.1office.co\/et\/toopakkumised-2\/","title":{"rendered":"T\u00f6\u00f6pakkumised"},"content":{"rendered":"<div class=\"wpb-content-wrapper\"><p>[vc_row full_width=&#8221;stretch_row&#8221; bg_type=&#8221;image&#8221; parallax_style=&#8221;vcpb-default&#8221; bg_image_new=&#8221;id^60953|url^https:\/\/dev.1office.co\/wp-content\/uploads\/2017\/11\/pexels-photo-401684.jpeg|caption^null|alt^null|title^pexels-photo-401684|description^null&#8221; bg_image_repeat=&#8221;no-repeat&#8221; bg_img_attach=&#8221;fixed&#8221; bg_image_posiiton=&#8221;0 10%&#8221; seperator_enable=&#8221;seperator_enable_value&#8221; seperator_type=&#8221;tilt_left_seperator&#8221; seperator_position=&#8221;bottom_seperator&#8221; el_class=&#8221;one-blog-head one-higher&#8221;][vc_column]<div id=\"ultimate-heading-913169f4948812429\" class=\"uvc-heading ult-adjust-bottom-margin ultimate-heading-913169f4948812429 uvc-1596 \" data-hspacer=\"no_spacer\"  data-halign=\"left\" style=\"text-align:left\"><div class=\"uvc-heading-spacer no_spacer\" style=\"top\"><\/div><div class=\"uvc-main-heading ult-responsive\"  data-ultimate-target='.uvc-heading.ultimate-heading-913169f4948812429 h1'  data-responsive-json-new='{\"font-size\":\"desktop:42px;\",\"line-height\":\"\"}' ><h1 style=\"font-weight:bold;color:#ffffff;\">KARJ\u00c4\u00c4RIV\u00d5IMALUSED<\/h1><\/div><\/div>[\/vc_column][\/vc_row][vc_row main_heading=&#8221;Why choose 1Office&#8221; main_heading_color=&#8221;&#8221; heading_tag=&#8221;h2&#8243; sub_heading_color=&#8221;#999999&#8243; alignment=&#8221;center&#8221; spacer=&#8221;line_only&#8221; spacer_position=&#8221;middle&#8221; spacer_img_width=&#8221;48&#8243; line_style=&#8221;solid&#8221; line_height=&#8221;3&#8243; line_color=&#8221;&#8221; line_icon_fixer=&#8221;10&#8243; sub_heading_style=&#8221;font-style:italic;&#8221; sub_heading_font_size=&#8221;desktop:18px;&#8221; sub_heading_line_height=&#8221;desktop:28px;&#8221; main_heading_style=&#8221;font-weight:bold;&#8221; main_heading_margin=&#8221;margin-bottom:15px;&#8221; line_width=&#8221;200&#8243; el_class=&#8221;accent-border-color&#8221; main_heading_font_size=&#8221;desktop:34px;&#8221; main_heading_line_height=&#8221;desktop:44px;&#8221; margin_design_tab_text=&#8221;&#8221; main_heading_typograpy=&#8221;&#8221; main_heading_font_family=&#8221;&#8221; sub_heading_typograpy=&#8221;&#8221; sub_heading_font_family=&#8221;&#8221; sub_heading_margin=&#8221;&#8221; spacer_img=&#8221;&#8221; spacer_margin=&#8221;&#8221;][vc_column]<div id=\"ultimate-heading-47969f494881247b\" class=\"uvc-heading ult-adjust-bottom-margin ultimate-heading-47969f494881247b uvc-9830 accent-border-color\" data-hspacer=\"line_only\"  data-halign=\"center\" style=\"text-align:center\"><div class=\"uvc-main-heading ult-responsive\"  data-ultimate-target='.uvc-heading.ultimate-heading-47969f494881247b h2'  data-responsive-json-new='{\"font-size\":\"desktop:34px;\",\"line-height\":\"desktop:44px;\"}' ><h2 style=\"font-weight:bold;margin-bottom:15px;\">T\u00f6\u00f6pakkumised<\/h2><\/div><div class=\"uvc-heading-spacer line_only\" style=\"topheight:3px;\"><span class=\"uvc-headings-line\" style=\"border-style:solid;border-bottom-width:3px;border-color:;width:200px;\"><\/span><\/div><\/div>[vc_empty_space][\/vc_column][\/vc_row][vc_row][vc_column][vc_column_text]<\/p>\n<h5 style=\"text-align: center\">1Office on kiiresti kasvav ettev\u00f5te kontoritega Eestis, Rootsis, Soomes, Suurbritannias, L\u00e4tis ja Leedus. Meie raamatupidajad, juristid ja<\/h5>\n<h5 style=\"text-align: center\">maksukonsultandid aitavad ettev\u00f5teid alustada, juhtida ning kasvatada.<\/h5>\n<p>[\/vc_column_text][vc_single_image image=&#8221;72401&#8243; alignment=&#8221;center&#8221;][\/vc_column][\/vc_row][vc_row][vc_column][vc_empty_space][vc_column_text]<\/p>\n<h1><strong>Raamatupidaja Tallinna kontoris\u00a0<\/strong><\/h1>\n<p>&nbsp;<\/p>\n<p><strong>Sinu senine teekond finantside maailmas ei paku enam piisavalt v\u00e4ljakutset ning unistad enamast? <\/strong><strong>Oled oodatud liituma\u00a0\u00c4rip\u00e4eva raamatupidamisfirma TOP 1 auhinnaga tunnustatud\u00a01Office&#8217;i kiiresti kasvava\u00a0raamatupidajate meeskonnaga.<\/strong><\/p>\n<p><strong>\u00a0<\/strong><\/p>\n<p>1Office on loodud toetamaks ettev\u00f5tjaid, kelle ambitsioonid ulatuvad riigipiiridest kaugemale. Selleks pakume oma klientidele laia valikut ettev\u00f5tte loomise ning juhtimisega seotud tugiteenustest &#8211; asutamisest raamatupidamiseni, juriidilisest n\u00f5ustamisest virtuaalkontorini. Tegutseme kuues riigis, kuid meie ambitsioonid on oluliselt suuremad ning see on k\u00f5igest algus!<\/p>\n<p>&nbsp;<\/p>\n<h3><strong>Otsime kiirelt kasvavasse tiimi raamatupidajaid, kelle t\u00f6\u00f6\u00fclesanneteks on:<\/strong><\/h3>\n<ul>\n<li>klientide raamatupidamise korraldamine ning kogu sellega seotud dokumentatsiooni haldamine.<\/li>\n<li>nende palga- ning maksuarvestuse haldamine.<\/li>\n<li>korrektse aruandluse korraldamine.<\/li>\n<li>klientide igak\u00fclgne n\u00f5ustamine.<\/li>\n<li>muude jooksvate raamatupidamisalaste \u00fclesannete t\u00e4itmine.<\/li>\n<\/ul>\n<p>&nbsp;<\/p>\n<h3><strong>Kiirelt kasvava ja areneva\u00a01Office tiimi liikmena pakume Sulle:<\/strong><\/h3>\n<ul>\n<li>Igati motiveerivat t\u00f6\u00f6tasu\u00a0vastavalt Sinu panusele;<\/li>\n<li>Paindlikkust (sh kodukontor)\u00a0ning l\u00f5busaid\u00a0\u00fchis\u00fcritusi ja -puhkusi;<\/li>\n<li>V\u00f5imalust r\u00e4\u00e4kida kaasa protsesside muutmisele;<\/li>\n<li>Toetavat kollektiivi \u00c4rip\u00e4eva poolt #1 raamatupidamisfirmaks tunnustatud ettev\u00f5ttes;<\/li>\n<li>P\u00f5nevaid v\u00e4ljakutseid\u00a0ja Sinu erialast arengut toetavaid koolitusi;<\/li>\n<\/ul>\n<p>&nbsp;<\/p>\n<h3><strong>Ootame Sind endast m\u00e4rku andma ja meie tiimiga liituma, kui:<\/strong><\/h3>\n<ul>\n<li>Omad majandusalast k\u00f5rgharidust;<\/li>\n<li>Sul on varasem kogemus raamatupidajana;<\/li>\n<li>Suhtled\u00a0avatud meelega ja\u00a0vabalt nii eesti kui inglise keeles;<\/li>\n<li>Oled kohusetundlik, p\u00f5hjalik ning reageerid kiirelt klientide soovidele;<\/li>\n<li>Tunned, et kolleegid on Sinu jaoks t\u00f6\u00f6koha juures olulised.<\/li>\n<\/ul>\n<p>&nbsp;<\/p>\n<p><strong>Liitu meie meeskonnaga ning muudame \u00fcheskoos v\u00e4listurgude vallutamise ettev\u00f5tjate jaoks lihtsamaks. Sinu panus on meie klientide edu tagamisel t\u00e4htis! Meie juba ootame Sind!<\/strong><\/p>\n<p>&nbsp;<\/p>\n<p>Saada info ja tule meiega tutvuma:\u00a0<a href=\"mailto:cv@1office.co\">cv@1office.co<\/a><\/p>\n<p>T\u00f6\u00f6aeg: t\u00e4ist\u00f6\u00f6aeg<\/p>\n<p>Asukoht: Narva mnt 5, Tallinn (kodukontori v\u00f5imalusega)[\/vc_column_text][\/vc_column][\/vc_row][vc_row][vc_column][vc_separator][\/vc_column][\/vc_row][vc_row][vc_column][vc_column_text]Inimesed on meie suurimaks v\u00e4\u00e4rtuseks ning otsime alati uusi s\u00e4ravaid meeskonnaliikmeid. Kui sa ei leia hetkel aktiivsete t\u00f6\u00f6pakkumiste hulgast endale sobivat, siis saada CV ning motivatsioonikiri aadressile cv@1office.co.[\/vc_column_text][vc_column_text]Vaata ka meie teisi t\u00f6\u00f6pakkumisi:[\/vc_column_text]<style type=\"text\/css\" data-type=\"the7_shortcodes-inline-css\">#default-btn-46760f88fdd2ea9b6fa8b8da0e7ca1f6.ico-right-side > i {\n  margin-right: 0px;\n  margin-left: 8px;\n}\n#default-btn-46760f88fdd2ea9b6fa8b8da0e7ca1f6 > i {\n  margin-right: 8px;\n}<\/style><a href=\"https:\/\/dev.1office.co\/career\/\" class=\"default-btn-shortcode dt-btn dt-btn-m link-hover-off btn-inline-left \" target=\"_blank\" id=\"default-btn-46760f88fdd2ea9b6fa8b8da0e7ca1f6\" rel=\"noopener\"><span>Rahvusvahelised t\u00f6\u00f6pakkumised<\/span><\/a>[\/vc_column][\/vc_row][vc_row][vc_column width=&#8221;1\/3&#8243;][vc_empty_space height=&#8221;50px&#8221;][\/vc_column][vc_column width=&#8221;1\/3&#8243;][\/vc_column][vc_column width=&#8221;1\/3&#8243;][\/vc_column][\/vc_row][vc_row][vc_column][vc_empty_space height=&#8221;32&#8243;][\/vc_column][\/vc_row]<\/p>\n<\/div>","protected":false},"excerpt":{"rendered":"<p>[vc_row full_width=&#8221;stretch_row&#8221; bg_type=&#8221;image&#8221; parallax_style=&#8221;vcpb-default&#8221; bg_image_new=&#8221;id^60953|url^https:\/\/dev.1office.co\/wp-content\/uploads\/2017\/11\/pexels-photo-401684.jpeg|caption^null|alt^null|title^pexels-photo-401684|description^null&#8221; bg_image_repeat=&#8221;no-repeat&#8221; bg_img_attach=&#8221;fixed&#8221; bg_image_posiiton=&#8221;0 10%&#8221; seperator_enable=&#8221;seperator_enable_value&#8221; seperator_type=&#8221;tilt_left_seperator&#8221; seperator_position=&#8221;bottom_seperator&#8221; el_class=&#8221;one-blog-head one-higher&#8221;][vc_column][\/vc_column][\/vc_row][vc_row main_heading=&#8221;Why choose 1Office&#8221; main_heading_color=&#8221;&#8221; heading_tag=&#8221;h2&#8243; sub_heading_color=&#8221;#999999&#8243; alignment=&#8221;center&#8221; spacer=&#8221;line_only&#8221; spacer_position=&#8221;middle&#8221; spacer_img_width=&#8221;48&#8243; line_style=&#8221;solid&#8221; line_height=&#8221;3&#8243; line_color=&#8221;&#8221; line_icon_fixer=&#8221;10&#8243; sub_heading_style=&#8221;font-style:italic;&#8221; sub_heading_font_size=&#8221;desktop:18px;&#8221; sub_heading_line_height=&#8221;desktop:28px;&#8221; main_heading_style=&#8221;font-weight:bold;&#8221; main_heading_margin=&#8221;margin-bottom:15px;&#8221; line_width=&#8221;200&#8243; el_class=&#8221;accent-border-color&#8221; main_heading_font_size=&#8221;desktop:34px;&#8221; main_heading_line_height=&#8221;desktop:44px;&#8221; margin_design_tab_text=&#8221;&#8221; main_heading_typograpy=&#8221;&#8221; main_heading_font_family=&#8221;&#8221; sub_heading_typograpy=&#8221;&#8221; sub_heading_font_family=&#8221;&#8221; sub_heading_margin=&#8221;&#8221; spacer_img=&#8221;&#8221; spacer_margin=&#8221;&#8221;][vc_column][vc_empty_space][\/vc_column][\/vc_row][vc_row][vc_column][vc_column_text] 1Office on kiiresti kasvav ettev\u00f5te kontoritega Eestis, Rootsis, Soomes, Suurbritannias,&hellip;<\/p>\n","protected":false},"author":1,"featured_media":71965,"parent":0,"menu_order":142,"comment_status":"closed","ping_status":"closed","template":"","meta":{"_acf_changed":false,"inline_featured_image":false,"footnotes":""},"class_list":["post-61672","page","type-page","status-publish","has-post-thumbnail","hentry","description-off"],"acf":[],"yoast_head":"<!-- This site is optimized with the Yoast SEO plugin v23.0 - https:\/\/yoast.com\/wordpress\/plugins\/seo\/ -->\n<title>T\u00f6\u00f6pakkumised - 1Office<\/title>\n<meta name=\"description\" content=\"1Office on kiiresti kasvav ettev\u00f5te kontoritega Eestis, Rootsis, Soomes, Suurbritannias, L\u00e4tis ja Leedus. Meie raamatupidajad, juristid ja maksukonsultandid aitavad ettev\u00f5teid alustada, juhtida ning kasvatada.\" \/>\n<meta name=\"robots\" content=\"noindex, follow, max-snippet:-1, max-image-preview:large, max-video-preview:-1\" \/>\n<meta property=\"og:locale\" content=\"et_EE\" \/>\n<meta property=\"og:type\" content=\"article\" \/>\n<meta property=\"og:title\" content=\"T\u00f6\u00f6pakkumised - 1Office\" \/>\n<meta property=\"og:description\" content=\"1Office on kiiresti kasvav ettev\u00f5te kontoritega Eestis, Rootsis, Soomes, Suurbritannias, L\u00e4tis ja Leedus. Meie raamatupidajad, juristid ja maksukonsultandid aitavad ettev\u00f5teid alustada, juhtida ning kasvatada.\" \/>\n<meta property=\"og:url\" content=\"https:\/\/dev.1office.co\/et\/toopakkumised-2\/\" \/>\n<meta property=\"og:site_name\" content=\"1Office\" \/>\n<meta property=\"article:modified_time\" content=\"2022-03-08T07:52:53+00:00\" \/>\n<meta property=\"og:image\" content=\"https:\/\/dev.1office.co\/wp-content\/uploads\/2021\/12\/266177710_670243651022246_4183638024128487083_n-e1639595832182.jpeg\" \/>\n\t<meta property=\"og:image:width\" content=\"1170\" \/>\n\t<meta property=\"og:image:height\" content=\"878\" \/>\n\t<meta property=\"og:image:type\" content=\"image\/jpeg\" \/>\n<meta name=\"twitter:card\" content=\"summary_large_image\" \/>\n<meta name=\"twitter:label1\" content=\"Est. reading time\" \/>\n\t<meta name=\"twitter:data1\" content=\"2 minutit\" \/>\n<script type=\"application\/ld+json\" class=\"yoast-schema-graph\">{\"@context\":\"https:\/\/schema.org\",\"@graph\":[{\"@type\":\"WebPage\",\"@id\":\"https:\/\/dev.1office.co\/et\/toopakkumised-2\/\",\"url\":\"https:\/\/dev.1office.co\/et\/toopakkumised-2\/\",\"name\":\"T\u00f6\u00f6pakkumised - 1Office\",\"isPartOf\":{\"@id\":\"https:\/\/dev.1office.co\/#website\"},\"primaryImageOfPage\":{\"@id\":\"https:\/\/dev.1office.co\/et\/toopakkumised-2\/#primaryimage\"},\"image\":{\"@id\":\"https:\/\/dev.1office.co\/et\/toopakkumised-2\/#primaryimage\"},\"thumbnailUrl\":\"https:\/\/dev.1office.co\/wp-content\/uploads\/2021\/12\/266177710_670243651022246_4183638024128487083_n-e1639595832182.jpeg\",\"datePublished\":\"2018-01-03T09:15:17+00:00\",\"dateModified\":\"2022-03-08T07:52:53+00:00\",\"description\":\"1Office on kiiresti kasvav ettev\u00f5te kontoritega Eestis, Rootsis, Soomes, Suurbritannias, L\u00e4tis ja Leedus. Meie raamatupidajad, juristid ja maksukonsultandid aitavad ettev\u00f5teid alustada, juhtida ning kasvatada.\",\"breadcrumb\":{\"@id\":\"https:\/\/dev.1office.co\/et\/toopakkumised-2\/#breadcrumb\"},\"inLanguage\":\"et\",\"potentialAction\":[{\"@type\":\"ReadAction\",\"target\":[\"https:\/\/dev.1office.co\/et\/toopakkumised-2\/\"]}]},{\"@type\":\"ImageObject\",\"inLanguage\":\"et\",\"@id\":\"https:\/\/dev.1office.co\/et\/toopakkumised-2\/#primaryimage\",\"url\":\"https:\/\/dev.1office.co\/wp-content\/uploads\/2021\/12\/266177710_670243651022246_4183638024128487083_n-e1639595832182.jpeg\",\"contentUrl\":\"https:\/\/dev.1office.co\/wp-content\/uploads\/2021\/12\/266177710_670243651022246_4183638024128487083_n-e1639595832182.jpeg\",\"width\":1170,\"height\":878},{\"@type\":\"BreadcrumbList\",\"@id\":\"https:\/\/dev.1office.co\/et\/toopakkumised-2\/#breadcrumb\",\"itemListElement\":[{\"@type\":\"ListItem\",\"position\":1,\"name\":\"Home\",\"item\":\"https:\/\/dev.1office.co\/et\/\"},{\"@type\":\"ListItem\",\"position\":2,\"name\":\"T\u00f6\u00f6pakkumised\"}]},{\"@type\":\"WebSite\",\"@id\":\"https:\/\/dev.1office.co\/#website\",\"url\":\"https:\/\/dev.1office.co\/\",\"name\":\"1Office\",\"description\":\"Making Business Simple\",\"publisher\":{\"@id\":\"https:\/\/dev.1office.co\/#organization\"},\"potentialAction\":[{\"@type\":\"SearchAction\",\"target\":{\"@type\":\"EntryPoint\",\"urlTemplate\":\"https:\/\/dev.1office.co\/?s={search_term_string}\"},\"query-input\":\"required name=search_term_string\"}],\"inLanguage\":\"et\"},{\"@type\":\"Organization\",\"@id\":\"https:\/\/dev.1office.co\/#organization\",\"name\":\"1Office\",\"url\":\"https:\/\/dev.1office.co\/\",\"logo\":{\"@type\":\"ImageObject\",\"inLanguage\":\"et\",\"@id\":\"https:\/\/dev.1office.co\/#\/schema\/logo\/image\/\",\"url\":\"https:\/\/dev.1office.co\/wp-content\/uploads\/2018\/01\/1office-invoice-logo-2.png\",\"contentUrl\":\"https:\/\/dev.1office.co\/wp-content\/uploads\/2018\/01\/1office-invoice-logo-2.png\",\"width\":300,\"height\":83,\"caption\":\"1Office\"},\"image\":{\"@id\":\"https:\/\/dev.1office.co\/#\/schema\/logo\/image\/\"}}]}<\/script>\n<!-- \/ Yoast SEO plugin. -->","yoast_head_json":{"title":"T\u00f6\u00f6pakkumised - 1Office","description":"1Office on kiiresti kasvav ettev\u00f5te kontoritega Eestis, Rootsis, Soomes, Suurbritannias, L\u00e4tis ja Leedus. Meie raamatupidajad, juristid ja maksukonsultandid aitavad ettev\u00f5teid alustada, juhtida ning kasvatada.","robots":{"index":"noindex","follow":"follow","max-snippet":"max-snippet:-1","max-image-preview":"max-image-preview:large","max-video-preview":"max-video-preview:-1"},"og_locale":"et_EE","og_type":"article","og_title":"T\u00f6\u00f6pakkumised - 1Office","og_description":"1Office on kiiresti kasvav ettev\u00f5te kontoritega Eestis, Rootsis, Soomes, Suurbritannias, L\u00e4tis ja Leedus. Meie raamatupidajad, juristid ja maksukonsultandid aitavad ettev\u00f5teid alustada, juhtida ning kasvatada.","og_url":"https:\/\/dev.1office.co\/et\/toopakkumised-2\/","og_site_name":"1Office","article_modified_time":"2022-03-08T07:52:53+00:00","og_image":[{"width":1170,"height":878,"url":"https:\/\/dev.1office.co\/wp-content\/uploads\/2021\/12\/266177710_670243651022246_4183638024128487083_n-e1639595832182.jpeg","type":"image\/jpeg"}],"twitter_card":"summary_large_image","twitter_misc":{"Est. reading time":"2 minutit"},"schema":{"@context":"https:\/\/schema.org","@graph":[{"@type":"WebPage","@id":"https:\/\/dev.1office.co\/et\/toopakkumised-2\/","url":"https:\/\/dev.1office.co\/et\/toopakkumised-2\/","name":"T\u00f6\u00f6pakkumised - 1Office","isPartOf":{"@id":"https:\/\/dev.1office.co\/#website"},"primaryImageOfPage":{"@id":"https:\/\/dev.1office.co\/et\/toopakkumised-2\/#primaryimage"},"image":{"@id":"https:\/\/dev.1office.co\/et\/toopakkumised-2\/#primaryimage"},"thumbnailUrl":"https:\/\/dev.1office.co\/wp-content\/uploads\/2021\/12\/266177710_670243651022246_4183638024128487083_n-e1639595832182.jpeg","datePublished":"2018-01-03T09:15:17+00:00","dateModified":"2022-03-08T07:52:53+00:00","description":"1Office on kiiresti kasvav ettev\u00f5te kontoritega Eestis, Rootsis, Soomes, Suurbritannias, L\u00e4tis ja Leedus. Meie raamatupidajad, juristid ja maksukonsultandid aitavad ettev\u00f5teid alustada, juhtida ning kasvatada.","breadcrumb":{"@id":"https:\/\/dev.1office.co\/et\/toopakkumised-2\/#breadcrumb"},"inLanguage":"et","potentialAction":[{"@type":"ReadAction","target":["https:\/\/dev.1office.co\/et\/toopakkumised-2\/"]}]},{"@type":"ImageObject","inLanguage":"et","@id":"https:\/\/dev.1office.co\/et\/toopakkumised-2\/#primaryimage","url":"https:\/\/dev.1office.co\/wp-content\/uploads\/2021\/12\/266177710_670243651022246_4183638024128487083_n-e1639595832182.jpeg","contentUrl":"https:\/\/dev.1office.co\/wp-content\/uploads\/2021\/12\/266177710_670243651022246_4183638024128487083_n-e1639595832182.jpeg","width":1170,"height":878},{"@type":"BreadcrumbList","@id":"https:\/\/dev.1office.co\/et\/toopakkumised-2\/#breadcrumb","itemListElement":[{"@type":"ListItem","position":1,"name":"Home","item":"https:\/\/dev.1office.co\/et\/"},{"@type":"ListItem","position":2,"name":"T\u00f6\u00f6pakkumised"}]},{"@type":"WebSite","@id":"https:\/\/dev.1office.co\/#website","url":"https:\/\/dev.1office.co\/","name":"1Office","description":"Making Business Simple","publisher":{"@id":"https:\/\/dev.1office.co\/#organization"},"potentialAction":[{"@type":"SearchAction","target":{"@type":"EntryPoint","urlTemplate":"https:\/\/dev.1office.co\/?s={search_term_string}"},"query-input":"required name=search_term_string"}],"inLanguage":"et"},{"@type":"Organization","@id":"https:\/\/dev.1office.co\/#organization","name":"1Office","url":"https:\/\/dev.1office.co\/","logo":{"@type":"ImageObject","inLanguage":"et","@id":"https:\/\/dev.1office.co\/#\/schema\/logo\/image\/","url":"https:\/\/dev.1office.co\/wp-content\/uploads\/2018\/01\/1office-invoice-logo-2.png","contentUrl":"https:\/\/dev.1office.co\/wp-content\/uploads\/2018\/01\/1office-invoice-logo-2.png","width":300,"height":83,"caption":"1Office"},"image":{"@id":"https:\/\/dev.1office.co\/#\/schema\/logo\/image\/"}}]}},"_links":{"self":[{"href":"https:\/\/dev.1office.co\/et\/wp-json\/wp\/v2\/pages\/61672","targetHints":{"allow":["GET"]}}],"collection":[{"href":"https:\/\/dev.1office.co\/et\/wp-json\/wp\/v2\/pages"}],"about":[{"href":"https:\/\/dev.1office.co\/et\/wp-json\/wp\/v2\/types\/page"}],"author":[{"embeddable":true,"href":"https:\/\/dev.1office.co\/et\/wp-json\/wp\/v2\/users\/1"}],"replies":[{"embeddable":true,"href":"https:\/\/dev.1office.co\/et\/wp-json\/wp\/v2\/comments?post=61672"}],"version-history":[{"count":30,"href":"https:\/\/dev.1office.co\/et\/wp-json\/wp\/v2\/pages\/61672\/revisions"}],"predecessor-version":[{"id":72625,"href":"https:\/\/dev.1office.co\/et\/wp-json\/wp\/v2\/pages\/61672\/revisions\/72625"}],"wp:featuredmedia":[{"embeddable":true,"href":"https:\/\/dev.1office.co\/et\/wp-json\/wp\/v2\/media\/71965"}],"wp:attachment":[{"href":"https:\/\/dev.1office.co\/et\/wp-json\/wp\/v2\/media?parent=61672"}],"curies":[{"name":"wp","href":"https:\/\/api.w.org\/{rel}","templated":true}]}}