{"id":69953,"date":"2021-09-21T11:52:05","date_gmt":"2021-09-21T11:52:06","guid":{"rendered":"https:\/\/dev.1office.co\/estonia\/?post_type=product&#038;p=69953"},"modified":"2021-09-23T11:08:57","modified_gmt":"2021-09-23T11:08:57","slug":"kinnitatud-registrikaart","status":"publish","type":"product","link":"https:\/\/dev.1office.co\/estonia\/et\/Teenus\/kinnitatud-registrikaart\/","title":{"rendered":"Kinnitatud registrikaart"},"content":{"rendered":"<div class=\"wpb-content-wrapper\"><p>[vc_row][vc_column]<div id=\"advanced-tabs-desc-wrap-8364\" class=\"ult_tabs product_tabs\" style=\" \" data-tabsstyle=\"style1\"\n data-titlebg=\"#ffffff\" data-titlecolor=\"#b6b8ba\" data-fullheight=\"off\"\n data-titlehoverbg=\"#ffffff\" data-titlehovercolor=\"#1d1e23\"\n data-rotatetabs=\"0\" data-responsivemode=\"Both\" data-animation=\"Slide\"\ndata-activetitle=\"#1d1e23\" data-activeicon=\"\" data-activebg=\"#ffffff\"  data-respmode=\"Tabs\" data-respwidth=\"400\" data-scroll = \"on\" data-activeindex=\"1\"><ul id=advanced-tabs-wrap-3400 class=\"ult_tabmenu style1 \" style=\"\"><li class=\"ult_tab_li  \" data-iconcolor=\"#74777b\" data-iconhover=\"#ffffff\" style=\"background-color:#ffffff;border-color:transparent;border-width:0px;border-style:solid;border-top-right-radius:8px;\">\n\t\t\t\t\t<a href=\"#1512642751410-8cbfe-4c64\"  id=\"1512642751410-8cbfe-4c64\"  style=\"color:#b6b8ba;; padding:15px; \" class=\"ult_a  \">\n\t\t\t\t\t     <span class=\"ult_tab_main Both \">\n\t\t\t\t\t \t\t <span class=\"ult_tab_section\">\n\t\t\t\t\t   \t\t\t<span  data-ultimate-target='#advanced-tabs-wrap-3400 .ult-span-text'  data-responsive-json-new='{\"font-size\":\"desktop:14px;\",\"line-height\":\"\"}'  class=\"ult-span-text no_icon ult_tab_display_text ult-responsive\" style=\"font-weight:bold;;\">KIRJELDUS<\/span>\n\t\t\t\t\t   \t\t<\/span>\n\t\t\t\t\t\t<\/span>\n\t\t\t\t\t<\/a>\n\t\t\t\t\t<\/li><\/ul><div  data-ultimate-target='#advanced-tabs-desc-wrap-8364 .ult_tabcontent .ult_tab_min_contain  p'  data-responsive-json-new='{\"font-size\":\"\",\"line-height\":\"\"}' class=\"ult_tabcontent ult-responsive style1\" style=\"color:#74777b;\"><div class=\"ult_tab_min_contain \" >\n\t\t\t<div  class=\"ult_tabitemname\"  >\n\t\t\t\t[vc_column_text]<\/p>\n<p>Kinnitatud registriv\u00e4ljav\u00f5tte tellimine ja k\u00e4ttesaamine v\u00f5tab aega 2 t\u00f6\u00f6p\u00e4eva.<\/p>\n<p>Kinnitatud registriv\u00e4ljav\u00f5te t\u00f5endadab ettev\u00f5tte kohta j\u00e4rgnevat olulist informatsiooni:<\/p>\n<ul>\n<li>Ettev\u00f5tte on \u00e4riregistris registreeritud<\/li>\n<li>Ettev\u00f5tte kohta ei ole registris kustutamiskannet<\/li>\n<li>Ettev\u00f5tte juhatuse liikmeid<\/li>\n<li>Ettev\u00f5tte osanikud<\/li>\n<\/ul>\n<p>&nbsp;<\/p>\n<p>Ettev\u00f5tte informatsiooni on tavaliselt vaja j\u00e4rgmiste toimingute tegemiseks:<\/p>\n<ul>\n<li>Pangakonto avamine v\u00e4lisriigis<\/li>\n<li>Teise ettev\u00f5tte usaldusv\u00e4\u00e4rsuse kontrollimine<\/li>\n<li>Investor v\u00f5i potentsiaalne \u00e4ripartner soovib registriv\u00e4ljav\u00f5tet, et veenduda ettev\u00f5tte andmete korrektsuses.<\/li>\n<li>V\u00e4lismaa filiaali registreerimine<\/li>\n<\/ul>\n<p><strong>\u00a0<\/strong><\/p>\n<p><strong>Hinnas sisaldub:<\/strong><\/p>\n<ul>\n<li>Registriv\u00e4ljav\u00f5tte tellimine Eesti \u00e4riregistrist<\/li>\n<li>Notari poolt dokumendi kinnitamine<\/li>\n<li>T\u00e4hitud kirjaga dokumendi saatmine kliendile<\/li>\n<\/ul>\n<p>&nbsp;<\/p>\n<p><strong>Oluline informatsioon:<\/strong><\/p>\n<ul>\n<li>Juhul, kui teil on vaja apostilliga dokumente, palun v\u00f5tke meiega \u00fchendust meiliaadressil sales@1office.co.<\/li>\n<li>\u00dcldjuhul v\u00f5tab protsess aega kuni 2 t\u00f6\u00f6p\u00e4eva, millele lisandub posti saatmine. Kui teil on registikaarti vaja kiiremini, siis saate lisatasu eest tellida kulleriteenuse.<\/li>\n<\/ul>\n<p>&nbsp;<\/p>\n<p><strong>Saadaval lisatasu eest:<\/strong><\/p>\n<ul>\n<li>Osade m\u00fc\u00fck<\/li>\n<li>Ettev\u00f5tte andmete muutmine Eesti \u00e4riregistris<\/li>\n<li>Muudatused ettev\u00f5tte struktuuris<\/li>\n<\/ul>\n<p>[\/vc_column_text]\n\t\t\t<\/div><\/div><\/div><\/div><div class=\"ult_acord advanced-tabs-desc-wrap-8364\">\n   <div class=\"ult-tabto-accordion \" style=\"width:;\"\n    data-titlecolor=\"#b6b8ba\"  data-titlebg=\"#ffffff\"\n     data-titlehoverbg=\"#ffffff\" data-titlehovercolor=\"#1d1e23\" data-animation=\"Slide\"\n     data-activetitle=\"#1d1e23\" data-activeicon=\"\" data-activebg=\"#ffffff\" data-scroll = \"on\" data-activeindex=\"1\" >\n     <dl><dt class=\"\">\n\t        \t<a class=\"ult-tabto-actitle withBorder ult_a \" id=\"1512642751410-8cbfe-4c64\" style=\"color:#b6b8ba;;background-color:#ffffff;border-bottom-color:transparent;border-bottom-width:0px;border-bottom-style:solid;\" href=\"#1512642751410-8cbfe-4c64\">\n\t        \t\t<i class=\"accordion-icon\"><\/i>\n\t        \t\t\t<span class=\"ult_tab_main ult_ac_main ult_noacordicnBoth\">\n\n\t\t\t\t\t\t<span  data-ultimate-target='#advanced-tabs-wrap-3400 .ult-span-text'  data-responsive-json-new='{\"font-size\":\"desktop:14px;\",\"line-height\":\"\"}'  class=\"ult-span-text no_icon ult_acordian-text ult-responsive\" style=\"font-weight:bold;;color:inherit \" >KIRJELDUS<\/span>\n\t\t\t\t\t\t<\/span><\/a><\/dt>\n\t            \t\t<dd class=\"ult-tabto-accordionItem ult-tabto-accolapsed\">\n\t\t\t\t            <div class=\"ult-tabto-acontent\" style=\"color:#74777b;\">\n\t\t\t\t               [vc_column_text]<\/p>\n<p>Kinnitatud registriv\u00e4ljav\u00f5tte tellimine ja k\u00e4ttesaamine v\u00f5tab aega 2 t\u00f6\u00f6p\u00e4eva.<\/p>\n<p>Kinnitatud registriv\u00e4ljav\u00f5te t\u00f5endadab ettev\u00f5tte kohta j\u00e4rgnevat olulist informatsiooni:<\/p>\n<ul>\n<li>Ettev\u00f5tte on \u00e4riregistris registreeritud<\/li>\n<li>Ettev\u00f5tte kohta ei ole registris kustutamiskannet<\/li>\n<li>Ettev\u00f5tte juhatuse liikmeid<\/li>\n<li>Ettev\u00f5tte osanikud<\/li>\n<\/ul>\n<p>&nbsp;<\/p>\n<p>Ettev\u00f5tte informatsiooni on tavaliselt vaja j\u00e4rgmiste toimingute tegemiseks:<\/p>\n<ul>\n<li>Pangakonto avamine v\u00e4lisriigis<\/li>\n<li>Teise ettev\u00f5tte usaldusv\u00e4\u00e4rsuse kontrollimine<\/li>\n<li>Investor v\u00f5i potentsiaalne \u00e4ripartner soovib registriv\u00e4ljav\u00f5tet, et veenduda ettev\u00f5tte andmete korrektsuses.<\/li>\n<li>V\u00e4lismaa filiaali registreerimine<\/li>\n<\/ul>\n<p><strong>\u00a0<\/strong><\/p>\n<p><strong>Hinnas sisaldub:<\/strong><\/p>\n<ul>\n<li>Registriv\u00e4ljav\u00f5tte tellimine Eesti \u00e4riregistrist<\/li>\n<li>Notari poolt dokumendi kinnitamine<\/li>\n<li>T\u00e4hitud kirjaga dokumendi saatmine kliendile<\/li>\n<\/ul>\n<p>&nbsp;<\/p>\n<p><strong>Oluline informatsioon:<\/strong><\/p>\n<ul>\n<li>Juhul, kui teil on vaja apostilliga dokumente, palun v\u00f5tke meiega \u00fchendust meiliaadressil sales@1office.co.<\/li>\n<li>\u00dcldjuhul v\u00f5tab protsess aega kuni 2 t\u00f6\u00f6p\u00e4eva, millele lisandub posti saatmine. Kui teil on registikaarti vaja kiiremini, siis saate lisatasu eest tellida kulleriteenuse.<\/li>\n<\/ul>\n<p>&nbsp;<\/p>\n<p><strong>Saadaval lisatasu eest:<\/strong><\/p>\n<ul>\n<li>Osade m\u00fc\u00fck<\/li>\n<li>Ettev\u00f5tte andmete muutmine Eesti \u00e4riregistris<\/li>\n<li>Muudatused ettev\u00f5tte struktuuris<\/li>\n<\/ul>\n<p>[\/vc_column_text]\n\t\t\t\t            <\/div>\n\t        \t\t\t<\/dd>\n    \t<\/dl>\n    <!--<div class=\"extraborder\" style=\"background-color:#ffffff\"><\/div>-->\n<\/div>\n\n<\/div>[\/vc_column][\/vc_row]<\/p>\n<\/div>","protected":false},"excerpt":{"rendered":"<p>Registrikaart t\u00f5endab \u00e4ri\u00fchingu kehtivat kannet \u00e4riregistris. Tellime teie eest notari poolt kinnitatud registriv\u00e4ljav\u00f5tte.<\/p>\n","protected":false},"featured_media":69956,"template":"","meta":{"_acf_changed":false,"inline_featured_image":false},"product_brand":[],"product_cat":[309],"product_tag":[311],"class_list":{"0":"post-69953","1":"product","2":"type-product","3":"status-publish","4":"has-post-thumbnail","6":"product_cat-juriidilised-teenused","7":"product_tag-eesti","8":"description-off","10":"first","11":"instock","12":"taxable","13":"shipping-taxable","14":"purchasable","15":"product-type-simple"},"bundled_by":[],"bundle_stock_status":"instock","bundle_stock_quantity":null,"bundle_virtual":false,"bundle_layout":"","bundle_add_to_cart_form_location":"","bundle_editable_in_cart":false,"bundle_sold_individually_context":"","bundle_item_grouping":"","bundle_min_size":"","bundle_max_size":"","bundle_price":[],"bundled_items":[],"bundle_sell_ids":[],"acf":[],"yoast_head":"<!-- This site is optimized with the Yoast SEO plugin v23.0 - https:\/\/yoast.com\/wordpress\/plugins\/seo\/ -->\n<title>Kinnitatud registrikaart - 1Office Estonia<\/title>\n<meta name=\"description\" content=\"Registrikaart t\u00f5endab \u00e4ri\u00fchingu kehtivat kannet \u00e4riregistris. Tellime teie eest notari poolt kinnitatud registriv\u00e4ljav\u00f5tte.\" \/>\n<meta name=\"robots\" content=\"noindex, follow, max-snippet:-1, max-image-preview:large, max-video-preview:-1\" \/>\n<meta property=\"og:locale\" content=\"et_EE\" \/>\n<meta property=\"og:type\" content=\"article\" \/>\n<meta property=\"og:title\" content=\"Kinnitatud registrikaart - 1Office Estonia\" \/>\n<meta property=\"og:description\" content=\"Registrikaart t\u00f5endab \u00e4ri\u00fchingu kehtivat kannet \u00e4riregistris. Tellime teie eest notari poolt kinnitatud registriv\u00e4ljav\u00f5tte.\" \/>\n<meta property=\"og:url\" content=\"https:\/\/dev.1office.co\/estonia\/et\/Teenus\/kinnitatud-registrikaart\/\" \/>\n<meta property=\"og:site_name\" content=\"1Office Estonia\" \/>\n<meta property=\"article:publisher\" content=\"https:\/\/www.facebook.com\/1Office\/?ref=br_rs\" \/>\n<meta property=\"article:modified_time\" content=\"2021-09-23T11:08:57+00:00\" \/>\n<meta property=\"og:image\" content=\"https:\/\/dev.1office.co\/estonia\/wp-content\/uploads\/sites\/5\/2021\/09\/pexels-oleg-magni-2058147-1.jpg\" \/>\n\t<meta property=\"og:image:width\" content=\"640\" \/>\n\t<meta property=\"og:image:height\" content=\"426\" \/>\n\t<meta property=\"og:image:type\" content=\"image\/jpeg\" \/>\n<meta name=\"twitter:card\" content=\"summary_large_image\" \/>\n<meta name=\"twitter:label1\" content=\"Est. reading time\" \/>\n\t<meta name=\"twitter:data1\" content=\"1 minut\" \/>\n<script type=\"application\/ld+json\" class=\"yoast-schema-graph\">{\"@context\":\"https:\/\/schema.org\",\"@graph\":[{\"@type\":\"WebPage\",\"@id\":\"https:\/\/dev.1office.co\/estonia\/et\/Teenus\/kinnitatud-registrikaart\/\",\"url\":\"https:\/\/dev.1office.co\/estonia\/et\/Teenus\/kinnitatud-registrikaart\/\",\"name\":\"Kinnitatud registrikaart - 1Office Estonia\",\"isPartOf\":{\"@id\":\"https:\/\/dev.1office.co\/estonia\/#website\"},\"primaryImageOfPage\":{\"@id\":\"https:\/\/dev.1office.co\/estonia\/et\/Teenus\/kinnitatud-registrikaart\/#primaryimage\"},\"image\":{\"@id\":\"https:\/\/dev.1office.co\/estonia\/et\/Teenus\/kinnitatud-registrikaart\/#primaryimage\"},\"thumbnailUrl\":\"https:\/\/dev.1office.co\/estonia\/wp-content\/uploads\/sites\/5\/2021\/09\/pexels-oleg-magni-2058147-1.jpg\",\"datePublished\":\"2021-09-21T11:52:06+00:00\",\"dateModified\":\"2021-09-23T11:08:57+00:00\",\"description\":\"Registrikaart t\u00f5endab \u00e4ri\u00fchingu kehtivat kannet \u00e4riregistris. Tellime teie eest notari poolt kinnitatud registriv\u00e4ljav\u00f5tte.\",\"breadcrumb\":{\"@id\":\"https:\/\/dev.1office.co\/estonia\/et\/Teenus\/kinnitatud-registrikaart\/#breadcrumb\"},\"inLanguage\":\"et\",\"potentialAction\":[{\"@type\":\"ReadAction\",\"target\":[\"https:\/\/dev.1office.co\/estonia\/et\/Teenus\/kinnitatud-registrikaart\/\"]}]},{\"@type\":\"ImageObject\",\"inLanguage\":\"et\",\"@id\":\"https:\/\/dev.1office.co\/estonia\/et\/Teenus\/kinnitatud-registrikaart\/#primaryimage\",\"url\":\"https:\/\/dev.1office.co\/estonia\/wp-content\/uploads\/sites\/5\/2021\/09\/pexels-oleg-magni-2058147-1.jpg\",\"contentUrl\":\"https:\/\/dev.1office.co\/estonia\/wp-content\/uploads\/sites\/5\/2021\/09\/pexels-oleg-magni-2058147-1.jpg\",\"width\":640,\"height\":426,\"caption\":\"Certified registry extract\"},{\"@type\":\"BreadcrumbList\",\"@id\":\"https:\/\/dev.1office.co\/estonia\/et\/Teenus\/kinnitatud-registrikaart\/#breadcrumb\",\"itemListElement\":[{\"@type\":\"ListItem\",\"position\":1,\"name\":\"Home\",\"item\":\"https:\/\/dev.1office.co\/estonia\/et\/\"},{\"@type\":\"ListItem\",\"position\":2,\"name\":\"Shop\",\"item\":\"https:\/\/dev.1office.co\/estonia\/shop\/\"},{\"@type\":\"ListItem\",\"position\":3,\"name\":\"Kinnitatud registrikaart\"}]},{\"@type\":\"WebSite\",\"@id\":\"https:\/\/dev.1office.co\/estonia\/#website\",\"url\":\"https:\/\/dev.1office.co\/estonia\/\",\"name\":\"1Office Estonia\",\"description\":\"Making Business Simple\",\"potentialAction\":[{\"@type\":\"SearchAction\",\"target\":{\"@type\":\"EntryPoint\",\"urlTemplate\":\"https:\/\/dev.1office.co\/estonia\/?s={search_term_string}\"},\"query-input\":\"required name=search_term_string\"}],\"inLanguage\":\"et\"}]}<\/script>\n<!-- \/ Yoast SEO plugin. -->","yoast_head_json":{"title":"Kinnitatud registrikaart - 1Office Estonia","description":"Registrikaart t\u00f5endab \u00e4ri\u00fchingu kehtivat kannet \u00e4riregistris. Tellime teie eest notari poolt kinnitatud registriv\u00e4ljav\u00f5tte.","robots":{"index":"noindex","follow":"follow","max-snippet":"max-snippet:-1","max-image-preview":"max-image-preview:large","max-video-preview":"max-video-preview:-1"},"og_locale":"et_EE","og_type":"article","og_title":"Kinnitatud registrikaart - 1Office Estonia","og_description":"Registrikaart t\u00f5endab \u00e4ri\u00fchingu kehtivat kannet \u00e4riregistris. Tellime teie eest notari poolt kinnitatud registriv\u00e4ljav\u00f5tte.","og_url":"https:\/\/dev.1office.co\/estonia\/et\/Teenus\/kinnitatud-registrikaart\/","og_site_name":"1Office Estonia","article_publisher":"https:\/\/www.facebook.com\/1Office\/?ref=br_rs","article_modified_time":"2021-09-23T11:08:57+00:00","og_image":[{"width":640,"height":426,"url":"https:\/\/dev.1office.co\/estonia\/wp-content\/uploads\/sites\/5\/2021\/09\/pexels-oleg-magni-2058147-1.jpg","type":"image\/jpeg"}],"twitter_card":"summary_large_image","twitter_misc":{"Est. reading time":"1 minut"},"schema":{"@context":"https:\/\/schema.org","@graph":[{"@type":"WebPage","@id":"https:\/\/dev.1office.co\/estonia\/et\/Teenus\/kinnitatud-registrikaart\/","url":"https:\/\/dev.1office.co\/estonia\/et\/Teenus\/kinnitatud-registrikaart\/","name":"Kinnitatud registrikaart - 1Office Estonia","isPartOf":{"@id":"https:\/\/dev.1office.co\/estonia\/#website"},"primaryImageOfPage":{"@id":"https:\/\/dev.1office.co\/estonia\/et\/Teenus\/kinnitatud-registrikaart\/#primaryimage"},"image":{"@id":"https:\/\/dev.1office.co\/estonia\/et\/Teenus\/kinnitatud-registrikaart\/#primaryimage"},"thumbnailUrl":"https:\/\/dev.1office.co\/estonia\/wp-content\/uploads\/sites\/5\/2021\/09\/pexels-oleg-magni-2058147-1.jpg","datePublished":"2021-09-21T11:52:06+00:00","dateModified":"2021-09-23T11:08:57+00:00","description":"Registrikaart t\u00f5endab \u00e4ri\u00fchingu kehtivat kannet \u00e4riregistris. Tellime teie eest notari poolt kinnitatud registriv\u00e4ljav\u00f5tte.","breadcrumb":{"@id":"https:\/\/dev.1office.co\/estonia\/et\/Teenus\/kinnitatud-registrikaart\/#breadcrumb"},"inLanguage":"et","potentialAction":[{"@type":"ReadAction","target":["https:\/\/dev.1office.co\/estonia\/et\/Teenus\/kinnitatud-registrikaart\/"]}]},{"@type":"ImageObject","inLanguage":"et","@id":"https:\/\/dev.1office.co\/estonia\/et\/Teenus\/kinnitatud-registrikaart\/#primaryimage","url":"https:\/\/dev.1office.co\/estonia\/wp-content\/uploads\/sites\/5\/2021\/09\/pexels-oleg-magni-2058147-1.jpg","contentUrl":"https:\/\/dev.1office.co\/estonia\/wp-content\/uploads\/sites\/5\/2021\/09\/pexels-oleg-magni-2058147-1.jpg","width":640,"height":426,"caption":"Certified registry extract"},{"@type":"BreadcrumbList","@id":"https:\/\/dev.1office.co\/estonia\/et\/Teenus\/kinnitatud-registrikaart\/#breadcrumb","itemListElement":[{"@type":"ListItem","position":1,"name":"Home","item":"https:\/\/dev.1office.co\/estonia\/et\/"},{"@type":"ListItem","position":2,"name":"Shop","item":"https:\/\/dev.1office.co\/estonia\/shop\/"},{"@type":"ListItem","position":3,"name":"Kinnitatud registrikaart"}]},{"@type":"WebSite","@id":"https:\/\/dev.1office.co\/estonia\/#website","url":"https:\/\/dev.1office.co\/estonia\/","name":"1Office Estonia","description":"Making Business Simple","potentialAction":[{"@type":"SearchAction","target":{"@type":"EntryPoint","urlTemplate":"https:\/\/dev.1office.co\/estonia\/?s={search_term_string}"},"query-input":"required name=search_term_string"}],"inLanguage":"et"}]}},"_links":{"self":[{"href":"https:\/\/dev.1office.co\/estonia\/et\/wp-json\/wp\/v2\/product\/69953","targetHints":{"allow":["GET"]}}],"collection":[{"href":"https:\/\/dev.1office.co\/estonia\/et\/wp-json\/wp\/v2\/product"}],"about":[{"href":"https:\/\/dev.1office.co\/estonia\/et\/wp-json\/wp\/v2\/types\/product"}],"wp:featuredmedia":[{"embeddable":true,"href":"https:\/\/dev.1office.co\/estonia\/et\/wp-json\/wp\/v2\/media\/69956"}],"wp:attachment":[{"href":"https:\/\/dev.1office.co\/estonia\/et\/wp-json\/wp\/v2\/media?parent=69953"}],"wp:term":[{"taxonomy":"product_brand","embeddable":true,"href":"https:\/\/dev.1office.co\/estonia\/et\/wp-json\/wp\/v2\/product_brand?post=69953"},{"taxonomy":"product_cat","embeddable":true,"href":"https:\/\/dev.1office.co\/estonia\/et\/wp-json\/wp\/v2\/product_cat?post=69953"},{"taxonomy":"product_tag","embeddable":true,"href":"https:\/\/dev.1office.co\/estonia\/et\/wp-json\/wp\/v2\/product_tag?post=69953"}],"curies":[{"name":"wp","href":"https:\/\/api.w.org\/{rel}","templated":true}]}}