{"id":64696,"date":"2020-06-18T08:11:27","date_gmt":"2020-06-18T08:11:28","guid":{"rendered":"https:\/\/dev.1office.co\/estonia\/?post_type=product&#038;p=64696"},"modified":"2021-01-27T10:12:29","modified_gmt":"2021-01-27T10:12:29","slug":"konede-haldus-kuupohine","status":"publish","type":"product","link":"https:\/\/dev.1office.co\/estonia\/et\/Teenus\/konede-haldus-kuupohine\/","title":{"rendered":"K\u00f5ne haldus"},"content":{"rendered":"<div class=\"wpb-content-wrapper\"><p>[vc_row][vc_column]<div id=\"advanced-tabs-desc-wrap-1899\" class=\"ult_tabs product_tabs\" style=\" \" data-tabsstyle=\"style1\"\n data-titlebg=\"#ffffff\" data-titlecolor=\"#b6b8ba\" data-fullheight=\"off\"\n data-titlehoverbg=\"#ffffff\" data-titlehovercolor=\"#1d1e23\"\n data-rotatetabs=\"0\" data-responsivemode=\"Both\" data-animation=\"Slide\"\ndata-activetitle=\"#1d1e23\" data-activeicon=\"\" data-activebg=\"#ffffff\"  data-respmode=\"Tabs\" data-respwidth=\"400\" data-scroll = \"on\" data-activeindex=\"1\"><ul id=advanced-tabs-wrap-6357 class=\"ult_tabmenu style1 \" style=\"\"><li class=\"ult_tab_li  \" data-iconcolor=\"#74777b\" data-iconhover=\"#ffffff\" style=\"background-color:#ffffff;border-color:transparent;border-width:0px;border-style:solid;border-top-right-radius:8px;\">\n\t\t\t\t\t<a href=\"#1512642751410-8466b-4efe\"  id=\"1512642751410-8466b-4efe\"  style=\"color:#b6b8ba;; padding:15px; \" class=\"ult_a  \">\n\t\t\t\t\t     <span class=\"ult_tab_main Both \">\n\t\t\t\t\t \t\t <span class=\"ult_tab_section\">\n\t\t\t\t\t   \t\t\t<span  data-ultimate-target='#advanced-tabs-wrap-6357 .ult-span-text'  data-responsive-json-new='{\"font-size\":\"desktop:14px;\",\"line-height\":\"\"}'  class=\"ult-span-text no_icon ult_tab_display_text ult-responsive\" style=\"font-weight:bold;;\">DESCRIPTION<\/span>\n\t\t\t\t\t   \t\t<\/span>\n\t\t\t\t\t\t<\/span>\n\t\t\t\t\t<\/a>\n\t\t\t\t\t<\/li><\/ul><div  data-ultimate-target='#advanced-tabs-desc-wrap-1899 .ult_tabcontent .ult_tab_min_contain  p'  data-responsive-json-new='{\"font-size\":\"\",\"line-height\":\"\"}' class=\"ult_tabcontent ult-responsive style1\" style=\"color:#74777b;\"><div class=\"ult_tab_min_contain \" >\n\t\t\t<div  class=\"ult_tabitemname\"  >\n\t\t\t\t[vc_column_text]Meie sekret\u00e4r vastab k\u00f5nedele kokkulepitud tervitusega t\u00f6\u00f6p\u00e4eviti 9.00-17.00.<\/p>\n<p><strong>Hinnas sisaldub:<\/strong><\/p>\n<ul>\n<li>Hind sisaldab kuni 10 k\u00f5net \u00fches kuus. Mahu \u00fcletamisel esitatakse lisaarve, mis p\u00f5hineb sekret\u00e4riteenuse tunnihinnal.<\/li>\n<li>Kui soovite pakkumist suurema mahu jaoks, siis palun v\u00f5tke \u00fchendust meie m\u00fc\u00fcgiosakonnaga <a href=\"mailto:sales@1office.co\">sales@1office.co<\/a>.<\/li>\n<\/ul>\n<p><strong>Populaarseimateks teenusteks on:<\/strong><\/p>\n<ul>\n<li>Isiklik telefoninumber<\/li>\n<li>Sinu ettev\u00f5tte nimel k\u00f5nedele vastamine eesti, inglise ja\/v\u00f5i vene keeles<\/li>\n<li>S\u00f5numite v\u00f5tmine ja nende edastamine e-maili teel koos helistaja kontaktandmetega<\/li>\n<\/ul>\n<p><strong>Saadaval lisatasu eest:<\/strong><\/p>\n<ul>\n<li><a href=\"https:\/\/dev.1office.co\/estonia\/et\/Teenus\/ariaadress-tallinna-kesklinna-arikvartalis\/\" target=\"_blank\" rel=\"noopener noreferrer\">\u00c4riaadress<\/a><\/li>\n<li><a href=\"https:\/\/dev.1office.co\/estonia\/et\/Teenus\/kontaktisik-koos-ariaadressiga-tallinna-kesklinna-arikvartalis\/\" target=\"_blank\" rel=\"noopener noreferrer\">Kontaktisik koos \u00e4riaadressiga<\/a><\/li>\n<li><a href=\"https:\/\/dev.1office.co\/estonia\/et\/Teenus\/sekretariteenused\/\" target=\"_blank\" rel=\"noopener noreferrer\">Sekret\u00e4riteenused<\/a><\/li>\n<li><a href=\"https:\/\/dev.1office.co\/estonia\/et\/Teenus\/kontor\/\" target=\"_blank\" rel=\"noopener noreferrer\">Privaatne kontor Tallinna kesklinnas<\/a><\/li>\n<\/ul>\n<p><strong>T\u00e4htis informatsioon:<\/strong><\/p>\n<ul class=\"ul1\">\n<li class=\"li1\">Teenus on perioodiline ja tegemist on igakuise tasuga. Tasu v\u00f5etakse krediitkaardilt maha iga kuu alguses.<\/li>\n<\/ul>\n<p>[\/vc_column_text]\n\t\t\t<\/div><\/div><\/div><\/div><div class=\"ult_acord advanced-tabs-desc-wrap-1899\">\n   <div class=\"ult-tabto-accordion \" style=\"width:;\"\n    data-titlecolor=\"#b6b8ba\"  data-titlebg=\"#ffffff\"\n     data-titlehoverbg=\"#ffffff\" data-titlehovercolor=\"#1d1e23\" data-animation=\"Slide\"\n     data-activetitle=\"#1d1e23\" data-activeicon=\"\" data-activebg=\"#ffffff\" data-scroll = \"on\" data-activeindex=\"1\" >\n     <dl><dt class=\"\">\n\t        \t<a class=\"ult-tabto-actitle withBorder ult_a \" id=\"1512642751410-8466b-4efe\" style=\"color:#b6b8ba;;background-color:#ffffff;border-bottom-color:transparent;border-bottom-width:0px;border-bottom-style:solid;\" href=\"#1512642751410-8466b-4efe\">\n\t        \t\t<i class=\"accordion-icon\"><\/i>\n\t        \t\t\t<span class=\"ult_tab_main ult_ac_main ult_noacordicnBoth\">\n\n\t\t\t\t\t\t<span  data-ultimate-target='#advanced-tabs-wrap-6357 .ult-span-text'  data-responsive-json-new='{\"font-size\":\"desktop:14px;\",\"line-height\":\"\"}'  class=\"ult-span-text no_icon ult_acordian-text ult-responsive\" style=\"font-weight:bold;;color:inherit \" >DESCRIPTION<\/span>\n\t\t\t\t\t\t<\/span><\/a><\/dt>\n\t            \t\t<dd class=\"ult-tabto-accordionItem ult-tabto-accolapsed\">\n\t\t\t\t            <div class=\"ult-tabto-acontent\" style=\"color:#74777b;\">\n\t\t\t\t               [vc_column_text]Meie sekret\u00e4r vastab k\u00f5nedele kokkulepitud tervitusega t\u00f6\u00f6p\u00e4eviti 9.00-17.00.<\/p>\n<p><strong>Hinnas sisaldub:<\/strong><\/p>\n<ul>\n<li>Hind sisaldab kuni 10 k\u00f5net \u00fches kuus. Mahu \u00fcletamisel esitatakse lisaarve, mis p\u00f5hineb sekret\u00e4riteenuse tunnihinnal.<\/li>\n<li>Kui soovite pakkumist suurema mahu jaoks, siis palun v\u00f5tke \u00fchendust meie m\u00fc\u00fcgiosakonnaga <a href=\"mailto:sales@1office.co\">sales@1office.co<\/a>.<\/li>\n<\/ul>\n<p><strong>Populaarseimateks teenusteks on:<\/strong><\/p>\n<ul>\n<li>Isiklik telefoninumber<\/li>\n<li>Sinu ettev\u00f5tte nimel k\u00f5nedele vastamine eesti, inglise ja\/v\u00f5i vene keeles<\/li>\n<li>S\u00f5numite v\u00f5tmine ja nende edastamine e-maili teel koos helistaja kontaktandmetega<\/li>\n<\/ul>\n<p><strong>Saadaval lisatasu eest:<\/strong><\/p>\n<ul>\n<li><a href=\"https:\/\/dev.1office.co\/estonia\/et\/Teenus\/ariaadress-tallinna-kesklinna-arikvartalis\/\" target=\"_blank\" rel=\"noopener noreferrer\">\u00c4riaadress<\/a><\/li>\n<li><a href=\"https:\/\/dev.1office.co\/estonia\/et\/Teenus\/kontaktisik-koos-ariaadressiga-tallinna-kesklinna-arikvartalis\/\" target=\"_blank\" rel=\"noopener noreferrer\">Kontaktisik koos \u00e4riaadressiga<\/a><\/li>\n<li><a href=\"https:\/\/dev.1office.co\/estonia\/et\/Teenus\/sekretariteenused\/\" target=\"_blank\" rel=\"noopener noreferrer\">Sekret\u00e4riteenused<\/a><\/li>\n<li><a href=\"https:\/\/dev.1office.co\/estonia\/et\/Teenus\/kontor\/\" target=\"_blank\" rel=\"noopener noreferrer\">Privaatne kontor Tallinna kesklinnas<\/a><\/li>\n<\/ul>\n<p><strong>T\u00e4htis informatsioon:<\/strong><\/p>\n<ul class=\"ul1\">\n<li class=\"li1\">Teenus on perioodiline ja tegemist on igakuise tasuga. Tasu v\u00f5etakse krediitkaardilt maha iga kuu alguses.<\/li>\n<\/ul>\n<p>[\/vc_column_text]\n\t\t\t\t            <\/div>\n\t        \t\t\t<\/dd>\n    \t<\/dl>\n    <!--<div class=\"extraborder\" style=\"background-color:#ffffff\"><\/div>-->\n<\/div>\n\n<\/div>[\/vc_column][\/vc_row]<\/p>\n<\/div>","protected":false},"excerpt":{"rendered":"<p>Isiklik telefoninumber koos vastamisega Sinu ettev\u00f5tte nimel. Sobiv lahendus ettev\u00f5tetele, kel pole m\u00f5istlik t\u00e4isajaga sekret\u00e4ri palgata v\u00f5i v\u00e4lismaistele ettev\u00f5tetele, kes soovivad, et nende k\u00f5nedele vastataks eesti keeles.<\/p>\n","protected":false},"featured_media":61690,"template":"","meta":{"_acf_changed":false,"inline_featured_image":false},"product_brand":[],"product_cat":[310],"product_tag":[311],"class_list":{"0":"post-64696","1":"product","2":"type-product","3":"status-publish","4":"has-post-thumbnail","6":"product_cat-virtuaalkontor","7":"product_tag-eesti","8":"description-off","10":"first","11":"instock","12":"taxable","13":"shipping-taxable","14":"purchasable","15":"product-type-subscription"},"bundled_by":[],"bundle_stock_status":"instock","bundle_stock_quantity":null,"bundle_virtual":false,"bundle_layout":"","bundle_add_to_cart_form_location":"","bundle_editable_in_cart":false,"bundle_sold_individually_context":"","bundle_item_grouping":"","bundle_min_size":"","bundle_max_size":"","bundle_price":[],"bundled_items":[],"bundle_sell_ids":[],"acf":[],"yoast_head":"<!-- This site is optimized with the Yoast SEO plugin v23.0 - https:\/\/yoast.com\/wordpress\/plugins\/seo\/ -->\n<title>K\u00f5ne haldus - 1Office Estonia<\/title>\n<meta name=\"description\" content=\"Isiklik telefoninumber koos vastamisega sinu ettev\u00f5tte nimel. Sobiv lahendus ettev\u00f5ttele, kel pole m\u00f5istlik t\u00e4isajaga sekret\u00e4ri palgata v\u00f5i v\u00e4lismaistele ettev\u00f5tetele, kes soovivad, et nende k\u00f5nedele vastataks eesti keeles.\" \/>\n<meta name=\"robots\" content=\"noindex, follow, max-snippet:-1, max-image-preview:large, max-video-preview:-1\" \/>\n<meta property=\"og:locale\" content=\"et_EE\" \/>\n<meta property=\"og:type\" content=\"article\" \/>\n<meta property=\"og:title\" content=\"K\u00f5ne haldus - 1Office Estonia\" \/>\n<meta property=\"og:description\" content=\"Isiklik telefoninumber koos vastamisega sinu ettev\u00f5tte nimel. Sobiv lahendus ettev\u00f5ttele, kel pole m\u00f5istlik t\u00e4isajaga sekret\u00e4ri palgata v\u00f5i v\u00e4lismaistele ettev\u00f5tetele, kes soovivad, et nende k\u00f5nedele vastataks eesti keeles.\" \/>\n<meta property=\"og:url\" content=\"https:\/\/dev.1office.co\/estonia\/et\/Teenus\/konede-haldus-kuupohine\/\" \/>\n<meta property=\"og:site_name\" content=\"1Office Estonia\" \/>\n<meta property=\"article:publisher\" content=\"https:\/\/www.facebook.com\/1Office\/?ref=br_rs\" \/>\n<meta property=\"article:modified_time\" content=\"2021-01-27T10:12:29+00:00\" \/>\n<meta property=\"og:image\" content=\"https:\/\/dev.1office.co\/estonia\/wp-content\/uploads\/sites\/5\/2017\/08\/pexels-photo-210647-1024x683-1.jpeg\" \/>\n\t<meta property=\"og:image:width\" content=\"1024\" \/>\n\t<meta property=\"og:image:height\" content=\"683\" \/>\n\t<meta property=\"og:image:type\" content=\"image\/jpeg\" \/>\n<meta name=\"twitter:card\" content=\"summary_large_image\" \/>\n<meta name=\"twitter:label1\" content=\"Est. reading time\" \/>\n\t<meta name=\"twitter:data1\" content=\"1 minut\" \/>\n<script type=\"application\/ld+json\" class=\"yoast-schema-graph\">{\"@context\":\"https:\/\/schema.org\",\"@graph\":[{\"@type\":\"WebPage\",\"@id\":\"https:\/\/dev.1office.co\/estonia\/et\/Teenus\/konede-haldus-kuupohine\/\",\"url\":\"https:\/\/dev.1office.co\/estonia\/et\/Teenus\/konede-haldus-kuupohine\/\",\"name\":\"K\u00f5ne haldus - 1Office Estonia\",\"isPartOf\":{\"@id\":\"https:\/\/dev.1office.co\/estonia\/#website\"},\"primaryImageOfPage\":{\"@id\":\"https:\/\/dev.1office.co\/estonia\/et\/Teenus\/konede-haldus-kuupohine\/#primaryimage\"},\"image\":{\"@id\":\"https:\/\/dev.1office.co\/estonia\/et\/Teenus\/konede-haldus-kuupohine\/#primaryimage\"},\"thumbnailUrl\":\"https:\/\/dev.1office.co\/estonia\/wp-content\/uploads\/sites\/5\/2017\/08\/pexels-photo-210647-1024x683-1.jpeg\",\"datePublished\":\"2020-06-18T08:11:28+00:00\",\"dateModified\":\"2021-01-27T10:12:29+00:00\",\"description\":\"Isiklik telefoninumber koos vastamisega sinu ettev\u00f5tte nimel. Sobiv lahendus ettev\u00f5ttele, kel pole m\u00f5istlik t\u00e4isajaga sekret\u00e4ri palgata v\u00f5i v\u00e4lismaistele ettev\u00f5tetele, kes soovivad, et nende k\u00f5nedele vastataks eesti keeles.\",\"breadcrumb\":{\"@id\":\"https:\/\/dev.1office.co\/estonia\/et\/Teenus\/konede-haldus-kuupohine\/#breadcrumb\"},\"inLanguage\":\"et\",\"potentialAction\":[{\"@type\":\"ReadAction\",\"target\":[\"https:\/\/dev.1office.co\/estonia\/et\/Teenus\/konede-haldus-kuupohine\/\"]}]},{\"@type\":\"ImageObject\",\"inLanguage\":\"et\",\"@id\":\"https:\/\/dev.1office.co\/estonia\/et\/Teenus\/konede-haldus-kuupohine\/#primaryimage\",\"url\":\"https:\/\/dev.1office.co\/estonia\/wp-content\/uploads\/sites\/5\/2017\/08\/pexels-photo-210647-1024x683-1.jpeg\",\"contentUrl\":\"https:\/\/dev.1office.co\/estonia\/wp-content\/uploads\/sites\/5\/2017\/08\/pexels-photo-210647-1024x683-1.jpeg\",\"width\":1024,\"height\":683},{\"@type\":\"BreadcrumbList\",\"@id\":\"https:\/\/dev.1office.co\/estonia\/et\/Teenus\/konede-haldus-kuupohine\/#breadcrumb\",\"itemListElement\":[{\"@type\":\"ListItem\",\"position\":1,\"name\":\"Home\",\"item\":\"https:\/\/dev.1office.co\/estonia\/et\/\"},{\"@type\":\"ListItem\",\"position\":2,\"name\":\"Shop\",\"item\":\"https:\/\/dev.1office.co\/estonia\/shop\/\"},{\"@type\":\"ListItem\",\"position\":3,\"name\":\"K\u00f5ne haldus\"}]},{\"@type\":\"WebSite\",\"@id\":\"https:\/\/dev.1office.co\/estonia\/#website\",\"url\":\"https:\/\/dev.1office.co\/estonia\/\",\"name\":\"1Office Estonia\",\"description\":\"Making Business Simple\",\"potentialAction\":[{\"@type\":\"SearchAction\",\"target\":{\"@type\":\"EntryPoint\",\"urlTemplate\":\"https:\/\/dev.1office.co\/estonia\/?s={search_term_string}\"},\"query-input\":\"required name=search_term_string\"}],\"inLanguage\":\"et\"}]}<\/script>\n<!-- \/ Yoast SEO plugin. -->","yoast_head_json":{"title":"K\u00f5ne haldus - 1Office Estonia","description":"Isiklik telefoninumber koos vastamisega sinu ettev\u00f5tte nimel. Sobiv lahendus ettev\u00f5ttele, kel pole m\u00f5istlik t\u00e4isajaga sekret\u00e4ri palgata v\u00f5i v\u00e4lismaistele ettev\u00f5tetele, kes soovivad, et nende k\u00f5nedele vastataks eesti keeles.","robots":{"index":"noindex","follow":"follow","max-snippet":"max-snippet:-1","max-image-preview":"max-image-preview:large","max-video-preview":"max-video-preview:-1"},"og_locale":"et_EE","og_type":"article","og_title":"K\u00f5ne haldus - 1Office Estonia","og_description":"Isiklik telefoninumber koos vastamisega sinu ettev\u00f5tte nimel. Sobiv lahendus ettev\u00f5ttele, kel pole m\u00f5istlik t\u00e4isajaga sekret\u00e4ri palgata v\u00f5i v\u00e4lismaistele ettev\u00f5tetele, kes soovivad, et nende k\u00f5nedele vastataks eesti keeles.","og_url":"https:\/\/dev.1office.co\/estonia\/et\/Teenus\/konede-haldus-kuupohine\/","og_site_name":"1Office Estonia","article_publisher":"https:\/\/www.facebook.com\/1Office\/?ref=br_rs","article_modified_time":"2021-01-27T10:12:29+00:00","og_image":[{"width":1024,"height":683,"url":"https:\/\/dev.1office.co\/estonia\/wp-content\/uploads\/sites\/5\/2017\/08\/pexels-photo-210647-1024x683-1.jpeg","type":"image\/jpeg"}],"twitter_card":"summary_large_image","twitter_misc":{"Est. reading time":"1 minut"},"schema":{"@context":"https:\/\/schema.org","@graph":[{"@type":"WebPage","@id":"https:\/\/dev.1office.co\/estonia\/et\/Teenus\/konede-haldus-kuupohine\/","url":"https:\/\/dev.1office.co\/estonia\/et\/Teenus\/konede-haldus-kuupohine\/","name":"K\u00f5ne haldus - 1Office Estonia","isPartOf":{"@id":"https:\/\/dev.1office.co\/estonia\/#website"},"primaryImageOfPage":{"@id":"https:\/\/dev.1office.co\/estonia\/et\/Teenus\/konede-haldus-kuupohine\/#primaryimage"},"image":{"@id":"https:\/\/dev.1office.co\/estonia\/et\/Teenus\/konede-haldus-kuupohine\/#primaryimage"},"thumbnailUrl":"https:\/\/dev.1office.co\/estonia\/wp-content\/uploads\/sites\/5\/2017\/08\/pexels-photo-210647-1024x683-1.jpeg","datePublished":"2020-06-18T08:11:28+00:00","dateModified":"2021-01-27T10:12:29+00:00","description":"Isiklik telefoninumber koos vastamisega sinu ettev\u00f5tte nimel. Sobiv lahendus ettev\u00f5ttele, kel pole m\u00f5istlik t\u00e4isajaga sekret\u00e4ri palgata v\u00f5i v\u00e4lismaistele ettev\u00f5tetele, kes soovivad, et nende k\u00f5nedele vastataks eesti keeles.","breadcrumb":{"@id":"https:\/\/dev.1office.co\/estonia\/et\/Teenus\/konede-haldus-kuupohine\/#breadcrumb"},"inLanguage":"et","potentialAction":[{"@type":"ReadAction","target":["https:\/\/dev.1office.co\/estonia\/et\/Teenus\/konede-haldus-kuupohine\/"]}]},{"@type":"ImageObject","inLanguage":"et","@id":"https:\/\/dev.1office.co\/estonia\/et\/Teenus\/konede-haldus-kuupohine\/#primaryimage","url":"https:\/\/dev.1office.co\/estonia\/wp-content\/uploads\/sites\/5\/2017\/08\/pexels-photo-210647-1024x683-1.jpeg","contentUrl":"https:\/\/dev.1office.co\/estonia\/wp-content\/uploads\/sites\/5\/2017\/08\/pexels-photo-210647-1024x683-1.jpeg","width":1024,"height":683},{"@type":"BreadcrumbList","@id":"https:\/\/dev.1office.co\/estonia\/et\/Teenus\/konede-haldus-kuupohine\/#breadcrumb","itemListElement":[{"@type":"ListItem","position":1,"name":"Home","item":"https:\/\/dev.1office.co\/estonia\/et\/"},{"@type":"ListItem","position":2,"name":"Shop","item":"https:\/\/dev.1office.co\/estonia\/shop\/"},{"@type":"ListItem","position":3,"name":"K\u00f5ne haldus"}]},{"@type":"WebSite","@id":"https:\/\/dev.1office.co\/estonia\/#website","url":"https:\/\/dev.1office.co\/estonia\/","name":"1Office Estonia","description":"Making Business Simple","potentialAction":[{"@type":"SearchAction","target":{"@type":"EntryPoint","urlTemplate":"https:\/\/dev.1office.co\/estonia\/?s={search_term_string}"},"query-input":"required name=search_term_string"}],"inLanguage":"et"}]}},"_links":{"self":[{"href":"https:\/\/dev.1office.co\/estonia\/et\/wp-json\/wp\/v2\/product\/64696","targetHints":{"allow":["GET"]}}],"collection":[{"href":"https:\/\/dev.1office.co\/estonia\/et\/wp-json\/wp\/v2\/product"}],"about":[{"href":"https:\/\/dev.1office.co\/estonia\/et\/wp-json\/wp\/v2\/types\/product"}],"wp:featuredmedia":[{"embeddable":true,"href":"https:\/\/dev.1office.co\/estonia\/et\/wp-json\/wp\/v2\/media\/61690"}],"wp:attachment":[{"href":"https:\/\/dev.1office.co\/estonia\/et\/wp-json\/wp\/v2\/media?parent=64696"}],"wp:term":[{"taxonomy":"product_brand","embeddable":true,"href":"https:\/\/dev.1office.co\/estonia\/et\/wp-json\/wp\/v2\/product_brand?post=64696"},{"taxonomy":"product_cat","embeddable":true,"href":"https:\/\/dev.1office.co\/estonia\/et\/wp-json\/wp\/v2\/product_cat?post=64696"},{"taxonomy":"product_tag","embeddable":true,"href":"https:\/\/dev.1office.co\/estonia\/et\/wp-json\/wp\/v2\/product_tag?post=64696"}],"curies":[{"name":"wp","href":"https:\/\/api.w.org\/{rel}","templated":true}]}}