{"id":61952,"date":"2019-07-24T11:37:27","date_gmt":"2020-08-31T07:19:59","guid":{"rendered":"https:\/\/dev.1office.co\/estonia\/?post_type=product&#038;p=61952"},"modified":"2021-12-28T12:08:56","modified_gmt":"2021-12-28T12:08:56","slug":"amazoni-stardipakett-e-residendile","status":"publish","type":"product","link":"https:\/\/dev.1office.co\/estonia\/et\/Teenus\/amazoni-stardipakett-e-residendile\/","title":{"rendered":"Amazoni stardipakett e-residendile"},"content":{"rendered":"<div class=\"wpb-content-wrapper\"><p>[vc_row][vc_column]<div id=\"advanced-tabs-desc-wrap-7883\" class=\"ult_tabs product_tabs\" style=\" \" data-tabsstyle=\"style1\"\n data-titlebg=\"#ffffff\" data-titlecolor=\"#b6b8ba\" data-fullheight=\"off\"\n data-titlehoverbg=\"#ffffff\" data-titlehovercolor=\"#1d1e23\"\n data-rotatetabs=\"0\" data-responsivemode=\"Both\" data-animation=\"Slide\"\ndata-activetitle=\"#1d1e23\" data-activeicon=\"\" data-activebg=\"#ffffff\"  data-respmode=\"Tabs\" data-respwidth=\"400\" data-scroll = \"on\" data-activeindex=\"1\"><ul id=advanced-tabs-wrap-3536 class=\"ult_tabmenu style1 \" style=\"\"><li class=\"ult_tab_li  \" data-iconcolor=\"#74777b\" data-iconhover=\"#ffffff\" style=\"background-color:#ffffff;border-color:transparent;border-width:0px;border-style:solid;border-top-right-radius:8px;\">\n\t\t\t\t\t<a href=\"#1512642751410-807e9-673f\"  id=\"1512642751410-807e9-673f\"  style=\"color:#b6b8ba;; padding:15px; \" class=\"ult_a  \">\n\t\t\t\t\t     <span class=\"ult_tab_main Both \">\n\t\t\t\t\t \t\t <span class=\"ult_tab_section\">\n\t\t\t\t\t   \t\t\t<span  data-ultimate-target='#advanced-tabs-wrap-3536 .ult-span-text'  data-responsive-json-new='{\"font-size\":\"desktop:14px;\",\"line-height\":\"\"}'  class=\"ult-span-text no_icon ult_tab_display_text ult-responsive\" style=\"font-weight:bold;;\">Kirjeldus<\/span>\n\t\t\t\t\t   \t\t<\/span>\n\t\t\t\t\t\t<\/span>\n\t\t\t\t\t<\/a>\n\t\t\t\t\t<\/li><\/ul><div  data-ultimate-target='#advanced-tabs-desc-wrap-7883 .ult_tabcontent .ult_tab_min_contain  p'  data-responsive-json-new='{\"font-size\":\"\",\"line-height\":\"\"}' class=\"ult_tabcontent ult-responsive style1\" style=\"color:#74777b;\"><div class=\"ult_tab_min_contain \" >\n\t\t\t<div  class=\"ult_tabitemname\"  >\n\t\t\t\t[vc_column_text]<strong>Hinnas sisaldub:<\/strong><\/p>\n<ul>\n<li>e-Residentsus<\/li>\n<li>Ettev\u00f5tte asutamine Eestis<\/li>\n<li>\u00c4riaadress ja kontaktisik \u00fcheks aastaks<\/li>\n<li>Payoneeri pangakonto<\/li>\n<li>K\u00e4ibemaksunumbri taotlemine UK-s v\u00f5i Saksamaal<\/li>\n<li>Amazoni konto avamine ja seadistamine<\/li>\n<li>Raamatupidamisteenuse \u00fclesseadistamine<\/li>\n<\/ul>\n<p>Lisainformatsiooni saamiseks v\u00f5ta meiega \u00fchendust: <a href=\"mailto:sales@1office.co\">sales@1office.co<\/a>[\/vc_column_text]\n\t\t\t<\/div><\/div><\/div><\/div><div class=\"ult_acord advanced-tabs-desc-wrap-7883\">\n   <div class=\"ult-tabto-accordion \" style=\"width:;\"\n    data-titlecolor=\"#b6b8ba\"  data-titlebg=\"#ffffff\"\n     data-titlehoverbg=\"#ffffff\" data-titlehovercolor=\"#1d1e23\" data-animation=\"Slide\"\n     data-activetitle=\"#1d1e23\" data-activeicon=\"\" data-activebg=\"#ffffff\" data-scroll = \"on\" data-activeindex=\"1\" >\n     <dl><dt class=\"\">\n\t        \t<a class=\"ult-tabto-actitle withBorder ult_a \" id=\"1512642751410-807e9-673f\" style=\"color:#b6b8ba;;background-color:#ffffff;border-bottom-color:transparent;border-bottom-width:0px;border-bottom-style:solid;\" href=\"#1512642751410-807e9-673f\">\n\t        \t\t<i class=\"accordion-icon\"><\/i>\n\t        \t\t\t<span class=\"ult_tab_main ult_ac_main ult_noacordicnBoth\">\n\n\t\t\t\t\t\t<span  data-ultimate-target='#advanced-tabs-wrap-3536 .ult-span-text'  data-responsive-json-new='{\"font-size\":\"desktop:14px;\",\"line-height\":\"\"}'  class=\"ult-span-text no_icon ult_acordian-text ult-responsive\" style=\"font-weight:bold;;color:inherit \" >Kirjeldus<\/span>\n\t\t\t\t\t\t<\/span><\/a><\/dt>\n\t            \t\t<dd class=\"ult-tabto-accordionItem ult-tabto-accolapsed\">\n\t\t\t\t            <div class=\"ult-tabto-acontent\" style=\"color:#74777b;\">\n\t\t\t\t               [vc_column_text]<strong>Hinnas sisaldub:<\/strong><\/p>\n<ul>\n<li>e-Residentsus<\/li>\n<li>Ettev\u00f5tte asutamine Eestis<\/li>\n<li>\u00c4riaadress ja kontaktisik \u00fcheks aastaks<\/li>\n<li>Payoneeri pangakonto<\/li>\n<li>K\u00e4ibemaksunumbri taotlemine UK-s v\u00f5i Saksamaal<\/li>\n<li>Amazoni konto avamine ja seadistamine<\/li>\n<li>Raamatupidamisteenuse \u00fclesseadistamine<\/li>\n<\/ul>\n<p>Lisainformatsiooni saamiseks v\u00f5ta meiega \u00fchendust: <a href=\"mailto:sales@1office.co\">sales@1office.co<\/a>[\/vc_column_text]\n\t\t\t\t            <\/div>\n\t        \t\t\t<\/dd>\n    \t<\/dl>\n    <!--<div class=\"extraborder\" style=\"background-color:#ffffff\"><\/div>-->\n<\/div>\n\n<\/div>[\/vc_column][\/vc_row]<\/p>\n<\/div>","protected":false},"excerpt":{"rendered":"<p>Amazoni stardipakett on unikaalne lahendus potentsiaalsetele m\u00fc\u00fcjatele \u00fcle kogu maailma, kes soovivad saada mugavat ligip\u00e4\u00e4su \u00e4rihaldusteenustele, mis on vajalikud edukaks Amazon FBA \u00e4ri tegemiseks Euroopas. K\u00f5ike on v\u00f5imalik hallata distantsilt, olenemata sellest, kas asud EU-s v\u00f5i mitte. Pane t\u00e4hele, et igakuine raamatupidamistasu 249\u20ac algab automaatselt p\u00e4rast k\u00e4ibemaksunumbri saamist.<\/p>\n","protected":false},"featured_media":61962,"template":"","meta":{"_acf_changed":false,"inline_featured_image":false},"product_brand":[],"product_cat":[308],"product_tag":[311],"class_list":{"0":"post-61952","1":"product","2":"type-product","3":"status-publish","4":"has-post-thumbnail","6":"product_cat-ettevotte-alustamine","7":"product_tag-eesti","8":"description-off","10":"first","11":"instock","12":"virtual","13":"taxable","14":"purchasable","15":"product-type-bundle"},"bundled_by":[],"bundle_stock_status":"instock","bundle_stock_quantity":"","bundle_virtual":false,"bundle_layout":"default","bundle_add_to_cart_form_location":"default","bundle_editable_in_cart":false,"bundle_sold_individually_context":"product","bundle_item_grouping":"parent","bundle_min_size":"","bundle_max_size":"","bundle_price":{"price":{"min":{"incl_tax":"1612","excl_tax":"1300"},"max":{"incl_tax":"1612","excl_tax":"1300"}},"regular_price":{"min":{"incl_tax":"1612","excl_tax":"1300"},"max":{"incl_tax":"1612","excl_tax":"1300"}}},"bundled_items":[{"bundled_item_id":79,"product_id":64685,"menu_order":0,"quantity_min":1,"quantity_max":1,"quantity_default":1,"priced_individually":true,"shipped_individually":true,"override_title":false,"title":"Kontaktisik koos \u00e4riaadressiga Tallinna kesklinna \u00e4rikvartalis","override_description":false,"description":"Kontaktisik koos \u00e4riaadressiga Tallinna kesklinna \u00e4rikvartalis","optional":false,"hide_thumbnail":false,"discount":"","override_variations":false,"allowed_variations":[""],"override_default_variation_attributes":false,"default_variation_attributes":[],"single_product_visibility":"visible","cart_visibility":"visible","order_visibility":"visible","single_product_price_visibility":"hidden","cart_price_visibility":"hidden","order_price_visibility":"hidden","stock_status":"in_stock"},{"bundled_item_id":86,"product_id":71185,"menu_order":1,"quantity_min":1,"quantity_max":1,"quantity_default":1,"priced_individually":true,"shipped_individually":false,"override_title":false,"title":"Abi e-residentsuse avalduse t\u00e4itmisel","override_description":false,"description":"Abi e-residentsuse avalduse t\u00e4itmisel","optional":false,"hide_thumbnail":false,"discount":"","override_variations":false,"allowed_variations":[""],"override_default_variation_attributes":false,"default_variation_attributes":[],"single_product_visibility":"visible","cart_visibility":"visible","order_visibility":"visible","single_product_price_visibility":"hidden","cart_price_visibility":"hidden","order_price_visibility":"hidden","stock_status":"in_stock"},{"bundled_item_id":87,"product_id":71183,"menu_order":2,"quantity_min":1,"quantity_max":1,"quantity_default":1,"priced_individually":true,"shipped_individually":false,"override_title":false,"title":"K\u00e4ibemaksunumbri registreerimine UK-s v\u00f5i Saksamaal","override_description":false,"description":"K\u00e4ibemaksunumbri registreerimine UK-s v\u00f5i Saksamaal","optional":false,"hide_thumbnail":false,"discount":"","override_variations":false,"allowed_variations":[""],"override_default_variation_attributes":false,"default_variation_attributes":[],"single_product_visibility":"visible","cart_visibility":"visible","order_visibility":"visible","single_product_price_visibility":"hidden","cart_price_visibility":"hidden","order_price_visibility":"hidden","stock_status":"in_stock"},{"bundled_item_id":88,"product_id":71182,"menu_order":3,"quantity_min":1,"quantity_max":1,"quantity_default":1,"priced_individually":true,"shipped_individually":false,"override_title":false,"title":"Amazoni konto seadistamine ja Payoneeri konto","override_description":false,"description":"Amazoni konto seadistamine ja Payoneeri konto","optional":false,"hide_thumbnail":false,"discount":"","override_variations":false,"allowed_variations":[""],"override_default_variation_attributes":false,"default_variation_attributes":[],"single_product_visibility":"visible","cart_visibility":"visible","order_visibility":"visible","single_product_price_visibility":"hidden","cart_price_visibility":"hidden","order_price_visibility":"hidden","stock_status":"in_stock"},{"bundled_item_id":80,"product_id":57545,"menu_order":4,"quantity_min":1,"quantity_max":1,"quantity_default":1,"priced_individually":true,"shipped_individually":true,"override_title":false,"title":"Raamatupidamise teenuse alustustasu","override_description":false,"description":"Raamatupidamise teenuse alustustasu","optional":false,"hide_thumbnail":false,"discount":"","override_variations":false,"allowed_variations":[""],"override_default_variation_attributes":false,"default_variation_attributes":[],"single_product_visibility":"visible","cart_visibility":"visible","order_visibility":"visible","single_product_price_visibility":"hidden","cart_price_visibility":"hidden","order_price_visibility":"hidden","stock_status":"in_stock"}],"bundle_sell_ids":[],"acf":[],"yoast_head":"<!-- This site is optimized with the Yoast SEO plugin v23.0 - https:\/\/yoast.com\/wordpress\/plugins\/seo\/ -->\n<title>Amazoni stardipakett e-residendile - 1Office Estonia<\/title>\n<meta name=\"description\" content=\"Ettev\u00f5tte asutamine Eesti e-residentidele, kes soovivad asutada ettev\u00f5tte kasutades registreerimisprotsessi juures meie abi v\u00f5i soovivad luua ettev\u00f5tte rohkem, kui \u00fche asutajaga.\" \/>\n<meta name=\"robots\" content=\"noindex, follow, max-snippet:-1, max-image-preview:large, max-video-preview:-1\" \/>\n<meta property=\"og:locale\" content=\"et_EE\" \/>\n<meta property=\"og:type\" content=\"article\" \/>\n<meta property=\"og:title\" content=\"Amazoni stardipakett e-residendile - 1Office Estonia\" \/>\n<meta property=\"og:description\" content=\"Ettev\u00f5tte asutamine Eesti e-residentidele, kes soovivad asutada ettev\u00f5tte kasutades registreerimisprotsessi juures meie abi v\u00f5i soovivad luua ettev\u00f5tte rohkem, kui \u00fche asutajaga.\" \/>\n<meta property=\"og:url\" content=\"https:\/\/dev.1office.co\/estonia\/et\/Teenus\/amazoni-stardipakett-e-residendile\/\" \/>\n<meta property=\"og:site_name\" content=\"1Office Estonia\" \/>\n<meta property=\"article:publisher\" content=\"https:\/\/www.facebook.com\/1Office\/?ref=br_rs\" \/>\n<meta property=\"article:modified_time\" content=\"2021-12-28T12:08:56+00:00\" \/>\n<meta property=\"og:image\" content=\"https:\/\/dev.1office.co\/estonia\/wp-content\/uploads\/sites\/5\/2019\/07\/Screen-Shot-2019-07-24-at-15.23.00-e1594793772372.png\" \/>\n\t<meta property=\"og:image:width\" content=\"540\" \/>\n\t<meta property=\"og:image:height\" content=\"360\" \/>\n\t<meta property=\"og:image:type\" content=\"image\/png\" \/>\n<meta name=\"twitter:card\" content=\"summary_large_image\" \/>\n<meta name=\"twitter:label1\" content=\"Est. reading time\" \/>\n\t<meta name=\"twitter:data1\" content=\"1 minut\" \/>\n<script type=\"application\/ld+json\" class=\"yoast-schema-graph\">{\"@context\":\"https:\/\/schema.org\",\"@graph\":[{\"@type\":\"WebPage\",\"@id\":\"https:\/\/dev.1office.co\/estonia\/et\/Teenus\/amazoni-stardipakett-e-residendile\/\",\"url\":\"https:\/\/dev.1office.co\/estonia\/et\/Teenus\/amazoni-stardipakett-e-residendile\/\",\"name\":\"Amazoni stardipakett e-residendile - 1Office Estonia\",\"isPartOf\":{\"@id\":\"https:\/\/dev.1office.co\/estonia\/#website\"},\"primaryImageOfPage\":{\"@id\":\"https:\/\/dev.1office.co\/estonia\/et\/Teenus\/amazoni-stardipakett-e-residendile\/#primaryimage\"},\"image\":{\"@id\":\"https:\/\/dev.1office.co\/estonia\/et\/Teenus\/amazoni-stardipakett-e-residendile\/#primaryimage\"},\"thumbnailUrl\":\"https:\/\/dev.1office.co\/estonia\/wp-content\/uploads\/sites\/5\/2019\/07\/Screen-Shot-2019-07-24-at-15.23.00-e1594793772372.png\",\"datePublished\":\"2020-08-31T07:19:59+00:00\",\"dateModified\":\"2021-12-28T12:08:56+00:00\",\"description\":\"Ettev\u00f5tte asutamine Eesti e-residentidele, kes soovivad asutada ettev\u00f5tte kasutades registreerimisprotsessi juures meie abi v\u00f5i soovivad luua ettev\u00f5tte rohkem, kui \u00fche asutajaga.\",\"breadcrumb\":{\"@id\":\"https:\/\/dev.1office.co\/estonia\/et\/Teenus\/amazoni-stardipakett-e-residendile\/#breadcrumb\"},\"inLanguage\":\"et\",\"potentialAction\":[{\"@type\":\"ReadAction\",\"target\":[\"https:\/\/dev.1office.co\/estonia\/et\/Teenus\/amazoni-stardipakett-e-residendile\/\"]}]},{\"@type\":\"ImageObject\",\"inLanguage\":\"et\",\"@id\":\"https:\/\/dev.1office.co\/estonia\/et\/Teenus\/amazoni-stardipakett-e-residendile\/#primaryimage\",\"url\":\"https:\/\/dev.1office.co\/estonia\/wp-content\/uploads\/sites\/5\/2019\/07\/Screen-Shot-2019-07-24-at-15.23.00-e1594793772372.png\",\"contentUrl\":\"https:\/\/dev.1office.co\/estonia\/wp-content\/uploads\/sites\/5\/2019\/07\/Screen-Shot-2019-07-24-at-15.23.00-e1594793772372.png\",\"width\":540,\"height\":360},{\"@type\":\"BreadcrumbList\",\"@id\":\"https:\/\/dev.1office.co\/estonia\/et\/Teenus\/amazoni-stardipakett-e-residendile\/#breadcrumb\",\"itemListElement\":[{\"@type\":\"ListItem\",\"position\":1,\"name\":\"Home\",\"item\":\"https:\/\/dev.1office.co\/estonia\/et\/\"},{\"@type\":\"ListItem\",\"position\":2,\"name\":\"Shop\",\"item\":\"https:\/\/dev.1office.co\/estonia\/shop\/\"},{\"@type\":\"ListItem\",\"position\":3,\"name\":\"Amazoni stardipakett e-residendile\"}]},{\"@type\":\"WebSite\",\"@id\":\"https:\/\/dev.1office.co\/estonia\/#website\",\"url\":\"https:\/\/dev.1office.co\/estonia\/\",\"name\":\"1Office Estonia\",\"description\":\"Making Business Simple\",\"potentialAction\":[{\"@type\":\"SearchAction\",\"target\":{\"@type\":\"EntryPoint\",\"urlTemplate\":\"https:\/\/dev.1office.co\/estonia\/?s={search_term_string}\"},\"query-input\":\"required name=search_term_string\"}],\"inLanguage\":\"et\"}]}<\/script>\n<!-- \/ Yoast SEO plugin. -->","yoast_head_json":{"title":"Amazoni stardipakett e-residendile - 1Office Estonia","description":"Ettev\u00f5tte asutamine Eesti e-residentidele, kes soovivad asutada ettev\u00f5tte kasutades registreerimisprotsessi juures meie abi v\u00f5i soovivad luua ettev\u00f5tte rohkem, kui \u00fche asutajaga.","robots":{"index":"noindex","follow":"follow","max-snippet":"max-snippet:-1","max-image-preview":"max-image-preview:large","max-video-preview":"max-video-preview:-1"},"og_locale":"et_EE","og_type":"article","og_title":"Amazoni stardipakett e-residendile - 1Office Estonia","og_description":"Ettev\u00f5tte asutamine Eesti e-residentidele, kes soovivad asutada ettev\u00f5tte kasutades registreerimisprotsessi juures meie abi v\u00f5i soovivad luua ettev\u00f5tte rohkem, kui \u00fche asutajaga.","og_url":"https:\/\/dev.1office.co\/estonia\/et\/Teenus\/amazoni-stardipakett-e-residendile\/","og_site_name":"1Office Estonia","article_publisher":"https:\/\/www.facebook.com\/1Office\/?ref=br_rs","article_modified_time":"2021-12-28T12:08:56+00:00","og_image":[{"width":540,"height":360,"url":"https:\/\/dev.1office.co\/estonia\/wp-content\/uploads\/sites\/5\/2019\/07\/Screen-Shot-2019-07-24-at-15.23.00-e1594793772372.png","type":"image\/png"}],"twitter_card":"summary_large_image","twitter_misc":{"Est. reading time":"1 minut"},"schema":{"@context":"https:\/\/schema.org","@graph":[{"@type":"WebPage","@id":"https:\/\/dev.1office.co\/estonia\/et\/Teenus\/amazoni-stardipakett-e-residendile\/","url":"https:\/\/dev.1office.co\/estonia\/et\/Teenus\/amazoni-stardipakett-e-residendile\/","name":"Amazoni stardipakett e-residendile - 1Office Estonia","isPartOf":{"@id":"https:\/\/dev.1office.co\/estonia\/#website"},"primaryImageOfPage":{"@id":"https:\/\/dev.1office.co\/estonia\/et\/Teenus\/amazoni-stardipakett-e-residendile\/#primaryimage"},"image":{"@id":"https:\/\/dev.1office.co\/estonia\/et\/Teenus\/amazoni-stardipakett-e-residendile\/#primaryimage"},"thumbnailUrl":"https:\/\/dev.1office.co\/estonia\/wp-content\/uploads\/sites\/5\/2019\/07\/Screen-Shot-2019-07-24-at-15.23.00-e1594793772372.png","datePublished":"2020-08-31T07:19:59+00:00","dateModified":"2021-12-28T12:08:56+00:00","description":"Ettev\u00f5tte asutamine Eesti e-residentidele, kes soovivad asutada ettev\u00f5tte kasutades registreerimisprotsessi juures meie abi v\u00f5i soovivad luua ettev\u00f5tte rohkem, kui \u00fche asutajaga.","breadcrumb":{"@id":"https:\/\/dev.1office.co\/estonia\/et\/Teenus\/amazoni-stardipakett-e-residendile\/#breadcrumb"},"inLanguage":"et","potentialAction":[{"@type":"ReadAction","target":["https:\/\/dev.1office.co\/estonia\/et\/Teenus\/amazoni-stardipakett-e-residendile\/"]}]},{"@type":"ImageObject","inLanguage":"et","@id":"https:\/\/dev.1office.co\/estonia\/et\/Teenus\/amazoni-stardipakett-e-residendile\/#primaryimage","url":"https:\/\/dev.1office.co\/estonia\/wp-content\/uploads\/sites\/5\/2019\/07\/Screen-Shot-2019-07-24-at-15.23.00-e1594793772372.png","contentUrl":"https:\/\/dev.1office.co\/estonia\/wp-content\/uploads\/sites\/5\/2019\/07\/Screen-Shot-2019-07-24-at-15.23.00-e1594793772372.png","width":540,"height":360},{"@type":"BreadcrumbList","@id":"https:\/\/dev.1office.co\/estonia\/et\/Teenus\/amazoni-stardipakett-e-residendile\/#breadcrumb","itemListElement":[{"@type":"ListItem","position":1,"name":"Home","item":"https:\/\/dev.1office.co\/estonia\/et\/"},{"@type":"ListItem","position":2,"name":"Shop","item":"https:\/\/dev.1office.co\/estonia\/shop\/"},{"@type":"ListItem","position":3,"name":"Amazoni stardipakett e-residendile"}]},{"@type":"WebSite","@id":"https:\/\/dev.1office.co\/estonia\/#website","url":"https:\/\/dev.1office.co\/estonia\/","name":"1Office Estonia","description":"Making Business Simple","potentialAction":[{"@type":"SearchAction","target":{"@type":"EntryPoint","urlTemplate":"https:\/\/dev.1office.co\/estonia\/?s={search_term_string}"},"query-input":"required name=search_term_string"}],"inLanguage":"et"}]}},"_links":{"self":[{"href":"https:\/\/dev.1office.co\/estonia\/et\/wp-json\/wp\/v2\/product\/61952","targetHints":{"allow":["GET"]}}],"collection":[{"href":"https:\/\/dev.1office.co\/estonia\/et\/wp-json\/wp\/v2\/product"}],"about":[{"href":"https:\/\/dev.1office.co\/estonia\/et\/wp-json\/wp\/v2\/types\/product"}],"wp:featuredmedia":[{"embeddable":true,"href":"https:\/\/dev.1office.co\/estonia\/et\/wp-json\/wp\/v2\/media\/61962"}],"wp:attachment":[{"href":"https:\/\/dev.1office.co\/estonia\/et\/wp-json\/wp\/v2\/media?parent=61952"}],"wp:term":[{"taxonomy":"product_brand","embeddable":true,"href":"https:\/\/dev.1office.co\/estonia\/et\/wp-json\/wp\/v2\/product_brand?post=61952"},{"taxonomy":"product_cat","embeddable":true,"href":"https:\/\/dev.1office.co\/estonia\/et\/wp-json\/wp\/v2\/product_cat?post=61952"},{"taxonomy":"product_tag","embeddable":true,"href":"https:\/\/dev.1office.co\/estonia\/et\/wp-json\/wp\/v2\/product_tag?post=61952"}],"curies":[{"name":"wp","href":"https:\/\/api.w.org\/{rel}","templated":true}]}}