{"id":58154,"date":"2018-06-12T13:19:38","date_gmt":"2018-06-12T13:19:39","guid":{"rendered":"https:\/\/dev.1office.co\/estonia\/?post_type=product&#038;p=58154"},"modified":"2022-02-09T18:27:36","modified_gmt":"2022-02-09T18:27:36","slug":"ettevotte-likvideeriminne","status":"publish","type":"product","link":"https:\/\/dev.1office.co\/estonia\/et\/Teenus\/ettevotte-likvideeriminne\/","title":{"rendered":"Ettev\u00f5tte likvideerimine"},"content":{"rendered":"<div class=\"wpb-content-wrapper\"><p>[vc_row][vc_column]<div id=\"advanced-tabs-desc-wrap-6037\" class=\"ult_tabs product_tabs\" style=\" \" data-tabsstyle=\"style1\"\n data-titlebg=\"#ffffff\" data-titlecolor=\"#b6b8ba\" data-fullheight=\"off\"\n data-titlehoverbg=\"#ffffff\" data-titlehovercolor=\"#1d1e23\"\n data-rotatetabs=\"0\" data-responsivemode=\"Both\" data-animation=\"Slide\"\ndata-activetitle=\"#1d1e23\" data-activeicon=\"\" data-activebg=\"#ffffff\"  data-respmode=\"Tabs\" data-respwidth=\"400\" data-scroll = \"on\" data-activeindex=\"1\"><ul id=advanced-tabs-wrap-7825 class=\"ult_tabmenu style1 \" style=\"\"><li class=\"ult_tab_li  \" data-iconcolor=\"#74777b\" data-iconhover=\"#ffffff\" style=\"background-color:#ffffff;border-color:transparent;border-width:0px;border-style:solid;border-top-left-radius:8px;\">\n\t\t\t\t\t<a href=\"#1512642751410-84e8b-6fc5\"  id=\"1512642751410-84e8b-6fc5\"  style=\"color:#b6b8ba;; padding:15px; \" class=\"ult_a  \">\n\t\t\t\t\t     <span class=\"ult_tab_main Both \">\n\t\t\t\t\t \t\t <span class=\"ult_tab_section\">\n\t\t\t\t\t   \t\t\t<span  data-ultimate-target='#advanced-tabs-wrap-7825 .ult-span-text'  data-responsive-json-new='{\"font-size\":\"desktop:14px;\",\"line-height\":\"\"}'  class=\"ult-span-text no_icon ult_tab_display_text ult-responsive\" style=\"font-weight:bold;;\">Kirjeldus<\/span>\n\t\t\t\t\t   \t\t<\/span>\n\t\t\t\t\t\t<\/span>\n\t\t\t\t\t<\/a>\n\t\t\t\t\t<\/li><li class=\"ult_tab_li  product-faq\" data-iconcolor=\"#74777b\" data-iconhover=\"#ffffff\" style=\"background-color:#ffffff;border-color:transparent;border-width:0px;border-style:solid;border-top-right-radius:8px;\">\n\t\t\t\t\t<a href=\"#1512642751435-84e8b-6fc5\"  id=\"1512642751435-84e8b-6fc5\"  style=\"color:#b6b8ba;; padding:15px; \" class=\"ult_a  \">\n\t\t\t\t\t     <span class=\"ult_tab_main Both \">\n\t\t\t\t\t \t\t <span class=\"ult_tab_section\">\n\t\t\t\t\t   \t\t\t<span  data-ultimate-target='#advanced-tabs-wrap-7825 .ult-span-text'  data-responsive-json-new='{\"font-size\":\"desktop:14px;\",\"line-height\":\"\"}'  class=\"ult-span-text no_icon ult_tab_display_text ult-responsive\" style=\"font-weight:bold;;\">KKK<\/span>\n\t\t\t\t\t   \t\t<\/span>\n\t\t\t\t\t\t<\/span>\n\t\t\t\t\t<\/a>\n\t\t\t\t\t<\/li><\/ul><div  data-ultimate-target='#advanced-tabs-desc-wrap-6037 .ult_tabcontent .ult_tab_min_contain  p'  data-responsive-json-new='{\"font-size\":\"\",\"line-height\":\"\"}' class=\"ult_tabcontent ult-responsive style1\" style=\"color:#74777b;\"><div class=\"ult_tab_min_contain \" >\n\t\t\t<div  class=\"ult_tabitemname\"  >\n\t\t\t\t[vc_column_text]Kui oled otsustanud enda Eesti ettev\u00f5tte tegevuse l\u00f5petada, tuleb ettev\u00f5te sulgeda vabatahtliku likvideerimisega. Likvideerimisprotsess v\u00f5tab aega v\u00e4hemalt 7 kuud ja see tuleb l\u00e4bi viia kohaliku likvideerija poolt. Sulgemine v\u00f5tab k\u00fcll palju rohkem aega kui ettev\u00f5tte asutamine, kuid ettev\u00f5tte juhatuse jaoks on see passiivne periood ja likvideerija hoolitseb k\u00f5ige vajaliku eest.<\/p>\n<p>Pea meeles, et kogu raamatupidamine peab likvideerimise alguseks olema tehtud.<\/p>\n<p>&nbsp;<\/p>\n<p><strong>Hinnas sisaldub:<\/strong><\/p>\n<ul>\n<li>Kohalik likvideerija<\/li>\n<li>Juriidiliste dokumentide koostamine<\/li>\n<li>Dokumentide elektrooniline edastamine<\/li>\n<li>Ettev\u00f5tte kustutamine \u00c4riregistrist<\/li>\n<\/ul>\n<p><strong>Saadaval lisatasu eest:<\/strong><\/p>\n<ul>\n<li>Raamatupidamine (tunnitasu 65\u20ac)<\/li>\n<li>Raamatupidamise likvideerimisaruanded (250\u20ac)<\/li>\n<li>Ettev\u00f5tte esindamine likvideerija poolt pangas, maksuametis v\u00f5i teistes institutsioonides (tunnitasu 100\u20ac)<\/li>\n<li>Kui oled huvitatud nende teenuste tellimisest, v\u00f5ta meiega palun otse \u00fchendust <a href=\"mailto:sales@1office.co\">sales@1office.co<\/a><\/li>\n<\/ul>\n<p>&nbsp;<\/p>\n<p><strong>Protsessi k\u00e4ik:<\/strong><\/p>\n<ul>\n<li>Saada meile ettev\u00f5tte pangav\u00e4ljav\u00f5te ja bilanss<\/li>\n<li>Me saadame Sulle hinnapakkumise kogu protsessi l\u00e4biviimiseks<\/li>\n<li>Me valmistame ette juriidilised dokumendid, mis tuleb Sinu poolt \u00c4riregistris allkirjastada. Kui Sul on digiallkirjastamise v\u00f5imalus, saad seda teha digitaalselt, kui mitte, tuleb seda teha notaris.<\/li>\n<li>Me teeme k\u00f5ik muu vajaliku protsessi l\u00e4biviimiseks &#8211; valmistame ette likvideerimisraporti, esitame selle \u00c4riregistrile, valmistame ette l\u00f5ppraporti jne (raamatupidamise likvideerimisaruanded peavad varem valmis olema, vajadusel saame need koostada lisatasu eest)<\/li>\n<li>Sinul tuleb lihtsalt raportid kinnitada ning oodata kuni protsess on l\u00e4bi.<\/li>\n<\/ul>\n<p><strong>T\u00e4htis informatsioon:<\/strong><\/p>\n<ul>\n<li>Vabatahtlik likvideerimine saab toimuda ainult siis, kui ettev\u00f5te on maksev\u00f5imeline ning suudab tasuda k\u00f5ik v\u00f5lad. Kui ettev\u00f5te ei ole maksej\u00f5uline, tuleb v\u00e4lja kuulutada pankrotiprotsess, mida saab teha ettev\u00f5tte juhatus.<\/li>\n<li>Raamatupidamise l\u00f5ppraport on ettev\u00f5tte likvideerimisel kohustuslik. Kui l\u00f5ppraport on juba ette valmistatud, saada see meile. Kui mitte, saame vajalike raportitega aidata. L\u00f5ppraportite ettevalmistamise tasu on 250\u20ac.<\/li>\n<\/ul>\n<p>[\/vc_column_text]\n\t\t\t<\/div>\n\t\t\t<div  class=\"ult_tabitemname\"  >\n\t\t\t\t[vc_toggle title=&#8221;1. Minu ettev\u00f5te on registreeritud Eestis, aga tegutseb ka v\u00e4lisriikides. Kas peaksin arvestama mingite maksuriskidega?&#8221; style=&#8221;arrow&#8221; custom_font_container=&#8221;tag:h5|text_align:left&#8221; custom_use_theme_fonts=&#8221;yes&#8221; use_custom_heading=&#8221;true&#8221;]Juhul, kui Eesti ettev\u00f5te tegutseb v\u00e4lisriigis, v\u00f5ib tekkida p\u00fcsiv tegevuskoht ning sellega seoses v\u00f5ivad tekkida ka maksukohustused.[\/vc_toggle][vc_toggle title=&#8221;2. Milliseid makse pean ma maksma?&#8221; style=&#8221;arrow&#8221; custom_font_container=&#8221;tag:h5|text_align:left&#8221; custom_use_theme_fonts=&#8221;yes&#8221; use_custom_heading=&#8221;true&#8221;]Iga isiku ja iga ettev\u00f5tte maksukohustused on erinevad ning s\u00f5ltuvad paljudest teguritest. Saamaks \u00fclevaade oma maksukohustustest soovitame tellida maksukonsultatsioon.[\/vc_toggle]\n\t\t\t<\/div><\/div><\/div><\/div><div class=\"ult_acord advanced-tabs-desc-wrap-6037\">\n   <div class=\"ult-tabto-accordion \" style=\"width:;\"\n    data-titlecolor=\"#b6b8ba\"  data-titlebg=\"#ffffff\"\n     data-titlehoverbg=\"#ffffff\" data-titlehovercolor=\"#1d1e23\" data-animation=\"Slide\"\n     data-activetitle=\"#1d1e23\" data-activeicon=\"\" data-activebg=\"#ffffff\" data-scroll = \"on\" data-activeindex=\"1\" >\n     <dl><dt class=\"\">\n\t        \t<a class=\"ult-tabto-actitle withBorder ult_a \" id=\"1512642751410-84e8b-6fc5\" style=\"color:#b6b8ba;;background-color:#ffffff;border-bottom-color:transparent;border-bottom-width:0px;border-bottom-style:solid;\" href=\"#1512642751410-84e8b-6fc5\">\n\t        \t\t<i class=\"accordion-icon\"><\/i>\n\t        \t\t\t<span class=\"ult_tab_main ult_ac_main ult_noacordicnBoth\">\n\n\t\t\t\t\t\t<span  data-ultimate-target='#advanced-tabs-wrap-7825 .ult-span-text'  data-responsive-json-new='{\"font-size\":\"desktop:14px;\",\"line-height\":\"\"}'  class=\"ult-span-text no_icon ult_acordian-text ult-responsive\" style=\"font-weight:bold;;color:inherit \" >Kirjeldus<\/span>\n\t\t\t\t\t\t<\/span><\/a><\/dt>\n\t            \t\t<dd class=\"ult-tabto-accordionItem ult-tabto-accolapsed\">\n\t\t\t\t            <div class=\"ult-tabto-acontent\" style=\"color:#74777b;\">\n\t\t\t\t               [vc_column_text]Kui oled otsustanud enda Eesti ettev\u00f5tte tegevuse l\u00f5petada, tuleb ettev\u00f5te sulgeda vabatahtliku likvideerimisega. Likvideerimisprotsess v\u00f5tab aega v\u00e4hemalt 7 kuud ja see tuleb l\u00e4bi viia kohaliku likvideerija poolt. Sulgemine v\u00f5tab k\u00fcll palju rohkem aega kui ettev\u00f5tte asutamine, kuid ettev\u00f5tte juhatuse jaoks on see passiivne periood ja likvideerija hoolitseb k\u00f5ige vajaliku eest.<\/p>\n<p>Pea meeles, et kogu raamatupidamine peab likvideerimise alguseks olema tehtud.<\/p>\n<p>&nbsp;<\/p>\n<p><strong>Hinnas sisaldub:<\/strong><\/p>\n<ul>\n<li>Kohalik likvideerija<\/li>\n<li>Juriidiliste dokumentide koostamine<\/li>\n<li>Dokumentide elektrooniline edastamine<\/li>\n<li>Ettev\u00f5tte kustutamine \u00c4riregistrist<\/li>\n<\/ul>\n<p><strong>Saadaval lisatasu eest:<\/strong><\/p>\n<ul>\n<li>Raamatupidamine (tunnitasu 65\u20ac)<\/li>\n<li>Raamatupidamise likvideerimisaruanded (250\u20ac)<\/li>\n<li>Ettev\u00f5tte esindamine likvideerija poolt pangas, maksuametis v\u00f5i teistes institutsioonides (tunnitasu 100\u20ac)<\/li>\n<li>Kui oled huvitatud nende teenuste tellimisest, v\u00f5ta meiega palun otse \u00fchendust <a href=\"mailto:sales@1office.co\">sales@1office.co<\/a><\/li>\n<\/ul>\n<p>&nbsp;<\/p>\n<p><strong>Protsessi k\u00e4ik:<\/strong><\/p>\n<ul>\n<li>Saada meile ettev\u00f5tte pangav\u00e4ljav\u00f5te ja bilanss<\/li>\n<li>Me saadame Sulle hinnapakkumise kogu protsessi l\u00e4biviimiseks<\/li>\n<li>Me valmistame ette juriidilised dokumendid, mis tuleb Sinu poolt \u00c4riregistris allkirjastada. Kui Sul on digiallkirjastamise v\u00f5imalus, saad seda teha digitaalselt, kui mitte, tuleb seda teha notaris.<\/li>\n<li>Me teeme k\u00f5ik muu vajaliku protsessi l\u00e4biviimiseks &#8211; valmistame ette likvideerimisraporti, esitame selle \u00c4riregistrile, valmistame ette l\u00f5ppraporti jne (raamatupidamise likvideerimisaruanded peavad varem valmis olema, vajadusel saame need koostada lisatasu eest)<\/li>\n<li>Sinul tuleb lihtsalt raportid kinnitada ning oodata kuni protsess on l\u00e4bi.<\/li>\n<\/ul>\n<p><strong>T\u00e4htis informatsioon:<\/strong><\/p>\n<ul>\n<li>Vabatahtlik likvideerimine saab toimuda ainult siis, kui ettev\u00f5te on maksev\u00f5imeline ning suudab tasuda k\u00f5ik v\u00f5lad. Kui ettev\u00f5te ei ole maksej\u00f5uline, tuleb v\u00e4lja kuulutada pankrotiprotsess, mida saab teha ettev\u00f5tte juhatus.<\/li>\n<li>Raamatupidamise l\u00f5ppraport on ettev\u00f5tte likvideerimisel kohustuslik. Kui l\u00f5ppraport on juba ette valmistatud, saada see meile. Kui mitte, saame vajalike raportitega aidata. L\u00f5ppraportite ettevalmistamise tasu on 250\u20ac.<\/li>\n<\/ul>\n<p>[\/vc_column_text]\n\t\t\t\t            <\/div>\n\t        \t\t\t<\/dd><dt class=\"product-faq\">\n\t        \t<a class=\"ult-tabto-actitle withBorder ult_a \" id=\"1512642751435-84e8b-6fc5\" style=\"color:#b6b8ba;;background-color:#ffffff;border-bottom-color:transparent;border-bottom-width:0px;border-bottom-style:solid;border-bottom-color:transparent;border-bottom-width:0px;border-bottom-style:solid;\" href=\"#1512642751435-84e8b-6fc5\">\n\t        \t\t<i class=\"accordion-icon\"><\/i>\n\t        \t\t\t<span class=\"ult_tab_main ult_ac_main ult_noacordicnBoth\">\n\n\t\t\t\t\t\t<span  data-ultimate-target='#advanced-tabs-wrap-7825 .ult-span-text'  data-responsive-json-new='{\"font-size\":\"desktop:14px;\",\"line-height\":\"\"}'  class=\"ult-span-text no_icon ult_acordian-text ult-responsive\" style=\"font-weight:bold;;color:inherit \" >KKK<\/span>\n\t\t\t\t\t\t<\/span><\/a><\/dt>\n\t            \t\t<dd class=\"ult-tabto-accordionItem ult-tabto-accolapsed\">\n\t\t\t\t            <div class=\"ult-tabto-acontent\" style=\"color:#74777b;\">\n\t\t\t\t               [vc_toggle title=&#8221;1. Minu ettev\u00f5te on registreeritud Eestis, aga tegutseb ka v\u00e4lisriikides. Kas peaksin arvestama mingite maksuriskidega?&#8221; style=&#8221;arrow&#8221; custom_font_container=&#8221;tag:h5|text_align:left&#8221; custom_use_theme_fonts=&#8221;yes&#8221; use_custom_heading=&#8221;true&#8221;]Juhul, kui Eesti ettev\u00f5te tegutseb v\u00e4lisriigis, v\u00f5ib tekkida p\u00fcsiv tegevuskoht ning sellega seoses v\u00f5ivad tekkida ka maksukohustused.[\/vc_toggle][vc_toggle title=&#8221;2. Milliseid makse pean ma maksma?&#8221; style=&#8221;arrow&#8221; custom_font_container=&#8221;tag:h5|text_align:left&#8221; custom_use_theme_fonts=&#8221;yes&#8221; use_custom_heading=&#8221;true&#8221;]Iga isiku ja iga ettev\u00f5tte maksukohustused on erinevad ning s\u00f5ltuvad paljudest teguritest. Saamaks \u00fclevaade oma maksukohustustest soovitame tellida maksukonsultatsioon.[\/vc_toggle]\n\t\t\t\t            <\/div>\n\t        \t\t\t<\/dd>\n    \t<\/dl>\n    <!--<div class=\"extraborder\" style=\"background-color:#ffffff\"><\/div>-->\n<\/div>\n\n<\/div>[\/vc_column][\/vc_row]<\/p>\n<\/div>","protected":false},"excerpt":{"rendered":"<p>1Office teenust kasutades on ettev\u00f5tte likvideerimine Eestis v\u00e4ga lihtne. M\u00e4\u00e4rata tuleb kohalik likvideerija. Protsess v\u00f5tab aega, kuid meie hoolitseme kogu protsessi eest.<\/p>\n","protected":false},"featured_media":74607,"template":"","meta":{"_acf_changed":false,"inline_featured_image":false},"product_brand":[],"product_cat":[309],"product_tag":[311],"class_list":{"0":"post-58154","1":"product","2":"type-product","3":"status-publish","4":"has-post-thumbnail","6":"product_cat-juriidilised-teenused","7":"product_tag-eesti","8":"description-off","10":"first","11":"instock","12":"taxable","13":"shipping-taxable","14":"purchasable","15":"product-type-simple"},"bundled_by":[],"bundle_stock_status":"instock","bundle_stock_quantity":null,"bundle_virtual":false,"bundle_layout":"","bundle_add_to_cart_form_location":"","bundle_editable_in_cart":false,"bundle_sold_individually_context":"","bundle_item_grouping":"","bundle_min_size":"","bundle_max_size":"","bundle_price":[],"bundled_items":[],"bundle_sell_ids":[],"acf":[],"yoast_head":"<!-- This site is optimized with the Yoast SEO plugin v23.0 - https:\/\/yoast.com\/wordpress\/plugins\/seo\/ -->\n<title>Ettev\u00f5tte likvideerimine t\u00e4isteenusena - 1Office Estonia<\/title>\n<meta name=\"description\" content=\"Eesti ettev\u00f5tte likvideerimine v\u00f5tab minimaalselt 7 kuud ning selle protsessi peab l\u00e4bi viima kohalik likvideerija. Protsess on v\u00f5rreldes Eesti ettev\u00f5tte asutamisele kuluva ajaga k\u00fcll m\u00e4rkimisv\u00e4\u00e4rselt pikem, kuid kliendi jaoks on tegemist passiivse perioodiga ning meie likvideerija hoolitseb terve protsessi eest.\" \/>\n<meta name=\"robots\" content=\"noindex, follow, max-snippet:-1, max-image-preview:large, max-video-preview:-1\" \/>\n<meta property=\"og:locale\" content=\"et_EE\" \/>\n<meta property=\"og:type\" content=\"article\" \/>\n<meta property=\"og:title\" content=\"Ettev\u00f5tte likvideerimine t\u00e4isteenusena - 1Office Estonia\" \/>\n<meta property=\"og:description\" content=\"Eesti ettev\u00f5tte likvideerimine v\u00f5tab minimaalselt 7 kuud ning selle protsessi peab l\u00e4bi viima kohalik likvideerija. Protsess on v\u00f5rreldes Eesti ettev\u00f5tte asutamisele kuluva ajaga k\u00fcll m\u00e4rkimisv\u00e4\u00e4rselt pikem, kuid kliendi jaoks on tegemist passiivse perioodiga ning meie likvideerija hoolitseb terve protsessi eest.\" \/>\n<meta property=\"og:url\" content=\"https:\/\/dev.1office.co\/estonia\/et\/Teenus\/ettevotte-likvideeriminne\/\" \/>\n<meta property=\"og:site_name\" content=\"1Office Estonia\" \/>\n<meta property=\"article:publisher\" content=\"https:\/\/www.facebook.com\/1Office\/?ref=br_rs\" \/>\n<meta property=\"article:modified_time\" content=\"2022-02-09T18:27:36+00:00\" \/>\n<meta property=\"og:image\" content=\"https:\/\/dev.1office.co\/estonia\/wp-content\/uploads\/sites\/5\/2018\/06\/Limited-time-offer-until-31.03-2.png\" \/>\n\t<meta property=\"og:image:width\" content=\"1200\" \/>\n\t<meta property=\"og:image:height\" content=\"800\" \/>\n\t<meta property=\"og:image:type\" content=\"image\/png\" \/>\n<meta name=\"twitter:card\" content=\"summary_large_image\" \/>\n<meta name=\"twitter:label1\" content=\"Est. reading time\" \/>\n\t<meta name=\"twitter:data1\" content=\"2 minutit\" \/>\n<script type=\"application\/ld+json\" class=\"yoast-schema-graph\">{\"@context\":\"https:\/\/schema.org\",\"@graph\":[{\"@type\":\"WebPage\",\"@id\":\"https:\/\/dev.1office.co\/estonia\/et\/Teenus\/ettevotte-likvideeriminne\/\",\"url\":\"https:\/\/dev.1office.co\/estonia\/et\/Teenus\/ettevotte-likvideeriminne\/\",\"name\":\"Ettev\u00f5tte likvideerimine t\u00e4isteenusena - 1Office Estonia\",\"isPartOf\":{\"@id\":\"https:\/\/dev.1office.co\/estonia\/#website\"},\"primaryImageOfPage\":{\"@id\":\"https:\/\/dev.1office.co\/estonia\/et\/Teenus\/ettevotte-likvideeriminne\/#primaryimage\"},\"image\":{\"@id\":\"https:\/\/dev.1office.co\/estonia\/et\/Teenus\/ettevotte-likvideeriminne\/#primaryimage\"},\"thumbnailUrl\":\"https:\/\/dev.1office.co\/estonia\/wp-content\/uploads\/sites\/5\/2018\/06\/Limited-time-offer-until-31.03-2.png\",\"datePublished\":\"2018-06-12T13:19:39+00:00\",\"dateModified\":\"2022-02-09T18:27:36+00:00\",\"description\":\"Eesti ettev\u00f5tte likvideerimine v\u00f5tab minimaalselt 7 kuud ning selle protsessi peab l\u00e4bi viima kohalik likvideerija. Protsess on v\u00f5rreldes Eesti ettev\u00f5tte asutamisele kuluva ajaga k\u00fcll m\u00e4rkimisv\u00e4\u00e4rselt pikem, kuid kliendi jaoks on tegemist passiivse perioodiga ning meie likvideerija hoolitseb terve protsessi eest.\",\"breadcrumb\":{\"@id\":\"https:\/\/dev.1office.co\/estonia\/et\/Teenus\/ettevotte-likvideeriminne\/#breadcrumb\"},\"inLanguage\":\"et\",\"potentialAction\":[{\"@type\":\"ReadAction\",\"target\":[\"https:\/\/dev.1office.co\/estonia\/et\/Teenus\/ettevotte-likvideeriminne\/\"]}]},{\"@type\":\"ImageObject\",\"inLanguage\":\"et\",\"@id\":\"https:\/\/dev.1office.co\/estonia\/et\/Teenus\/ettevotte-likvideeriminne\/#primaryimage\",\"url\":\"https:\/\/dev.1office.co\/estonia\/wp-content\/uploads\/sites\/5\/2018\/06\/Limited-time-offer-until-31.03-2.png\",\"contentUrl\":\"https:\/\/dev.1office.co\/estonia\/wp-content\/uploads\/sites\/5\/2018\/06\/Limited-time-offer-until-31.03-2.png\",\"width\":1200,\"height\":800},{\"@type\":\"BreadcrumbList\",\"@id\":\"https:\/\/dev.1office.co\/estonia\/et\/Teenus\/ettevotte-likvideeriminne\/#breadcrumb\",\"itemListElement\":[{\"@type\":\"ListItem\",\"position\":1,\"name\":\"Home\",\"item\":\"https:\/\/dev.1office.co\/estonia\/et\/\"},{\"@type\":\"ListItem\",\"position\":2,\"name\":\"Shop\",\"item\":\"https:\/\/dev.1office.co\/estonia\/shop\/\"},{\"@type\":\"ListItem\",\"position\":3,\"name\":\"Ettev\u00f5tte likvideerimine\"}]},{\"@type\":\"WebSite\",\"@id\":\"https:\/\/dev.1office.co\/estonia\/#website\",\"url\":\"https:\/\/dev.1office.co\/estonia\/\",\"name\":\"1Office Estonia\",\"description\":\"Making Business Simple\",\"potentialAction\":[{\"@type\":\"SearchAction\",\"target\":{\"@type\":\"EntryPoint\",\"urlTemplate\":\"https:\/\/dev.1office.co\/estonia\/?s={search_term_string}\"},\"query-input\":\"required name=search_term_string\"}],\"inLanguage\":\"et\"}]}<\/script>\n<!-- \/ Yoast SEO plugin. -->","yoast_head_json":{"title":"Ettev\u00f5tte likvideerimine t\u00e4isteenusena - 1Office Estonia","description":"Eesti ettev\u00f5tte likvideerimine v\u00f5tab minimaalselt 7 kuud ning selle protsessi peab l\u00e4bi viima kohalik likvideerija. Protsess on v\u00f5rreldes Eesti ettev\u00f5tte asutamisele kuluva ajaga k\u00fcll m\u00e4rkimisv\u00e4\u00e4rselt pikem, kuid kliendi jaoks on tegemist passiivse perioodiga ning meie likvideerija hoolitseb terve protsessi eest.","robots":{"index":"noindex","follow":"follow","max-snippet":"max-snippet:-1","max-image-preview":"max-image-preview:large","max-video-preview":"max-video-preview:-1"},"og_locale":"et_EE","og_type":"article","og_title":"Ettev\u00f5tte likvideerimine t\u00e4isteenusena - 1Office Estonia","og_description":"Eesti ettev\u00f5tte likvideerimine v\u00f5tab minimaalselt 7 kuud ning selle protsessi peab l\u00e4bi viima kohalik likvideerija. Protsess on v\u00f5rreldes Eesti ettev\u00f5tte asutamisele kuluva ajaga k\u00fcll m\u00e4rkimisv\u00e4\u00e4rselt pikem, kuid kliendi jaoks on tegemist passiivse perioodiga ning meie likvideerija hoolitseb terve protsessi eest.","og_url":"https:\/\/dev.1office.co\/estonia\/et\/Teenus\/ettevotte-likvideeriminne\/","og_site_name":"1Office Estonia","article_publisher":"https:\/\/www.facebook.com\/1Office\/?ref=br_rs","article_modified_time":"2022-02-09T18:27:36+00:00","og_image":[{"width":1200,"height":800,"url":"https:\/\/dev.1office.co\/estonia\/wp-content\/uploads\/sites\/5\/2018\/06\/Limited-time-offer-until-31.03-2.png","type":"image\/png"}],"twitter_card":"summary_large_image","twitter_misc":{"Est. reading time":"2 minutit"},"schema":{"@context":"https:\/\/schema.org","@graph":[{"@type":"WebPage","@id":"https:\/\/dev.1office.co\/estonia\/et\/Teenus\/ettevotte-likvideeriminne\/","url":"https:\/\/dev.1office.co\/estonia\/et\/Teenus\/ettevotte-likvideeriminne\/","name":"Ettev\u00f5tte likvideerimine t\u00e4isteenusena - 1Office Estonia","isPartOf":{"@id":"https:\/\/dev.1office.co\/estonia\/#website"},"primaryImageOfPage":{"@id":"https:\/\/dev.1office.co\/estonia\/et\/Teenus\/ettevotte-likvideeriminne\/#primaryimage"},"image":{"@id":"https:\/\/dev.1office.co\/estonia\/et\/Teenus\/ettevotte-likvideeriminne\/#primaryimage"},"thumbnailUrl":"https:\/\/dev.1office.co\/estonia\/wp-content\/uploads\/sites\/5\/2018\/06\/Limited-time-offer-until-31.03-2.png","datePublished":"2018-06-12T13:19:39+00:00","dateModified":"2022-02-09T18:27:36+00:00","description":"Eesti ettev\u00f5tte likvideerimine v\u00f5tab minimaalselt 7 kuud ning selle protsessi peab l\u00e4bi viima kohalik likvideerija. Protsess on v\u00f5rreldes Eesti ettev\u00f5tte asutamisele kuluva ajaga k\u00fcll m\u00e4rkimisv\u00e4\u00e4rselt pikem, kuid kliendi jaoks on tegemist passiivse perioodiga ning meie likvideerija hoolitseb terve protsessi eest.","breadcrumb":{"@id":"https:\/\/dev.1office.co\/estonia\/et\/Teenus\/ettevotte-likvideeriminne\/#breadcrumb"},"inLanguage":"et","potentialAction":[{"@type":"ReadAction","target":["https:\/\/dev.1office.co\/estonia\/et\/Teenus\/ettevotte-likvideeriminne\/"]}]},{"@type":"ImageObject","inLanguage":"et","@id":"https:\/\/dev.1office.co\/estonia\/et\/Teenus\/ettevotte-likvideeriminne\/#primaryimage","url":"https:\/\/dev.1office.co\/estonia\/wp-content\/uploads\/sites\/5\/2018\/06\/Limited-time-offer-until-31.03-2.png","contentUrl":"https:\/\/dev.1office.co\/estonia\/wp-content\/uploads\/sites\/5\/2018\/06\/Limited-time-offer-until-31.03-2.png","width":1200,"height":800},{"@type":"BreadcrumbList","@id":"https:\/\/dev.1office.co\/estonia\/et\/Teenus\/ettevotte-likvideeriminne\/#breadcrumb","itemListElement":[{"@type":"ListItem","position":1,"name":"Home","item":"https:\/\/dev.1office.co\/estonia\/et\/"},{"@type":"ListItem","position":2,"name":"Shop","item":"https:\/\/dev.1office.co\/estonia\/shop\/"},{"@type":"ListItem","position":3,"name":"Ettev\u00f5tte likvideerimine"}]},{"@type":"WebSite","@id":"https:\/\/dev.1office.co\/estonia\/#website","url":"https:\/\/dev.1office.co\/estonia\/","name":"1Office Estonia","description":"Making Business Simple","potentialAction":[{"@type":"SearchAction","target":{"@type":"EntryPoint","urlTemplate":"https:\/\/dev.1office.co\/estonia\/?s={search_term_string}"},"query-input":"required name=search_term_string"}],"inLanguage":"et"}]}},"_links":{"self":[{"href":"https:\/\/dev.1office.co\/estonia\/et\/wp-json\/wp\/v2\/product\/58154","targetHints":{"allow":["GET"]}}],"collection":[{"href":"https:\/\/dev.1office.co\/estonia\/et\/wp-json\/wp\/v2\/product"}],"about":[{"href":"https:\/\/dev.1office.co\/estonia\/et\/wp-json\/wp\/v2\/types\/product"}],"wp:featuredmedia":[{"embeddable":true,"href":"https:\/\/dev.1office.co\/estonia\/et\/wp-json\/wp\/v2\/media\/74607"}],"wp:attachment":[{"href":"https:\/\/dev.1office.co\/estonia\/et\/wp-json\/wp\/v2\/media?parent=58154"}],"wp:term":[{"taxonomy":"product_brand","embeddable":true,"href":"https:\/\/dev.1office.co\/estonia\/et\/wp-json\/wp\/v2\/product_brand?post=58154"},{"taxonomy":"product_cat","embeddable":true,"href":"https:\/\/dev.1office.co\/estonia\/et\/wp-json\/wp\/v2\/product_cat?post=58154"},{"taxonomy":"product_tag","embeddable":true,"href":"https:\/\/dev.1office.co\/estonia\/et\/wp-json\/wp\/v2\/product_tag?post=58154"}],"curies":[{"name":"wp","href":"https:\/\/api.w.org\/{rel}","templated":true}]}}