{"id":57963,"date":"2018-05-23T11:28:06","date_gmt":"2018-05-23T11:28:06","guid":{"rendered":"https:\/\/dev.1office.co\/estonia\/?post_type=product&#038;p=57963"},"modified":"2021-01-28T13:17:13","modified_gmt":"2021-01-28T13:17:13","slug":"kontor","status":"publish","type":"product","link":"https:\/\/dev.1office.co\/estonia\/et\/Teenus\/kontor\/","title":{"rendered":"Kahe t\u00f6\u00f6kohaga privaatne kontor Tallinna kesklinnas"},"content":{"rendered":"<div class=\"wpb-content-wrapper\"><p>[vc_row][vc_column]<div id=\"advanced-tabs-desc-wrap-5766\" class=\"ult_tabs product_tabs\" style=\" \" data-tabsstyle=\"style1\"\n data-titlebg=\"#ffffff\" data-titlecolor=\"#b6b8ba\" data-fullheight=\"off\"\n data-titlehoverbg=\"#ffffff\" data-titlehovercolor=\"#1d1e23\"\n data-rotatetabs=\"0\" data-responsivemode=\"Both\" data-animation=\"Slide\"\ndata-activetitle=\"#1d1e23\" data-activeicon=\"\" data-activebg=\"#ffffff\"  data-respmode=\"Tabs\" data-respwidth=\"400\" data-scroll = \"on\" data-activeindex=\"1\"><ul id=advanced-tabs-wrap-8478 class=\"ult_tabmenu style1 \" style=\"\"><li class=\"ult_tab_li  \" data-iconcolor=\"#74777b\" data-iconhover=\"#ffffff\" style=\"background-color:#ffffff;border-color:transparent;border-width:0px;border-style:solid;border-top-left-radius:8px;\">\n\t\t\t\t\t<a href=\"#1538051788461-1-7\"  id=\"1538051788461-1-7\"  style=\"color:#b6b8ba;; padding:15px; \" class=\"ult_a  \">\n\t\t\t\t\t     <span class=\"ult_tab_main Both \">\n\t\t\t\t\t \t\t <span class=\"ult_tab_section\">\n\t\t\t\t\t   \t\t\t<span  data-ultimate-target='#advanced-tabs-wrap-8478 .ult-span-text'  data-responsive-json-new='{\"font-size\":\"desktop:14px;\",\"line-height\":\"\"}'  class=\"ult-span-text no_icon ult_tab_display_text ult-responsive\" style=\"font-weight:bold;;\">GALLERY<\/span>\n\t\t\t\t\t   \t\t<\/span>\n\t\t\t\t\t\t<\/span>\n\t\t\t\t\t<\/a>\n\t\t\t\t\t<\/li><li class=\"ult_tab_li  \" data-iconcolor=\"#74777b\" data-iconhover=\"#ffffff\" style=\"background-color:#ffffff;border-color:transparent;border-width:0px;border-style:solid;border-top-right-radius:8px;\">\n\t\t\t\t\t<a href=\"#1512642751410-8d95f-ef3d\"  id=\"1512642751410-8d95f-ef3d\"  style=\"color:#b6b8ba;; padding:15px; \" class=\"ult_a  \">\n\t\t\t\t\t     <span class=\"ult_tab_main Both \">\n\t\t\t\t\t \t\t <span class=\"ult_tab_section\">\n\t\t\t\t\t   \t\t\t<span  data-ultimate-target='#advanced-tabs-wrap-8478 .ult-span-text'  data-responsive-json-new='{\"font-size\":\"desktop:14px;\",\"line-height\":\"\"}'  class=\"ult-span-text no_icon ult_tab_display_text ult-responsive\" style=\"font-weight:bold;;\">Kirjeldus<\/span>\n\t\t\t\t\t   \t\t<\/span>\n\t\t\t\t\t\t<\/span>\n\t\t\t\t\t<\/a>\n\t\t\t\t\t<\/li><\/ul><div  data-ultimate-target='#advanced-tabs-desc-wrap-5766 .ult_tabcontent .ult_tab_min_contain  p'  data-responsive-json-new='{\"font-size\":\"\",\"line-height\":\"\"}' class=\"ult_tabcontent ult-responsive style1\" style=\"color:#74777b;\"><div class=\"ult_tab_min_contain \" >\n\t\t\t<div  class=\"ult_tabitemname\"  >\n\t\t\t\t[vc_media_grid element_width=&#8221;2&#8243; grid_id=&#8221;vc_gid:1595858128947-376d1610-0be4-9&#8243; include=&#8221;58821,58815,58809,58803,58791,58785&#8243;][vc_column_text]Tegemist on privaatse kontoriga suurep\u00e4rases asukohas Tallinna kesklinnas (Foorumi keskuses). Pakume t\u00e4islahendusega m\u00f6bleeritud kontoriruumi, koos interneti\u00fchenduse ja koosolekuruumi kasutus\u00f5igusega. Ruumis on kaks t\u00f6\u00f6kohta. Sul ei ole vaja muretseda kohvimasina, kohviubade, tee v\u00f5i joogivee ostmise p\u00e4rast \u2013 meie teeme seda Sinu eest. Samuti hoolitseme ka teiste detailide eest, et saaksid t\u00e4ielikult keskenduda enda \u00e4rile.<\/p>\n<p>&nbsp;<\/p>\n<p><strong>Hinnas sisaldub:<\/strong><\/p>\n<ul>\n<li>M\u00f6bleeritud privaatne kontoriruum Tallinna kesklinnas (kahe t\u00f6\u00f6kohaga)<\/li>\n<li>Interneti\u00fchendus<\/li>\n<li>Kommunaalkulud (elekter, vesi, k\u00fcte jne)<\/li>\n<li>Mugavused nagu kohv, joogivesi, tee, t\u00e4ielikult sisustatud k\u00f6\u00f6k jne<\/li>\n<li>V\u00f5imalus kasutada meie koosolekuruume<\/li>\n<li>\u00c4riaadress juhul, kui tellid kontori t\u00e4htajatuks perioodiks<\/li>\n<\/ul>\n<p><strong>Saadaval lisatasu eest:<\/strong><\/p>\n<ul>\n<li><a href=\"https:\/\/dev.1office.co\/estonia\/et\/Teenus\/sekretariteenused\/\" target=\"_blank\" rel=\"noopener noreferrer\">Sekret\u00e4riteenused<\/a><\/li>\n<li><a href=\"https:\/\/dev.1office.co\/estonia\/et\/Teenus\/konede-haldus-kuupohine\/\" target=\"_blank\" rel=\"noopener noreferrer\">K\u00f5nedele vastamise teenus<\/a><\/li>\n<li><a href=\"https:\/\/dev.1office.co\/estonia\/et\/Teenus\/ariaadress-tallinna-kesklinna-arikvartalis\/\" target=\"_blank\" rel=\"noopener noreferrer\">\u00c4riaadress<\/a><\/li>\n<li><a href=\"https:\/\/dev.1office.co\/estonia\/et\/Teenus\/kontaktisik-koos-ariaadressiga-tallinna-kesklinna-arikvartalis\/\" target=\"_blank\" rel=\"noopener noreferrer\">Kontaktisik koos \u00e4riaadressiga<\/a><\/li>\n<\/ul>\n<p>&nbsp;<\/p>\n<p><strong>T\u00e4htis informatsioon:\u00a0<\/strong><\/p>\n<ul>\n<li>Rendiperiood on paindlik &#8211; v\u00f5id kontori rentida \u00fcheks kuuks v\u00f5i s\u00f5lmida t\u00e4htajatu lepingu<\/li>\n<li>P\u00e4rast tellimuse esitamist v\u00f5etakse Sinuga \u00fchendust, et leppida kokku rendiperioodi pikkuses ja tingimustes.<\/li>\n<li>Kui rendid kontori v\u00e4hem kui kaheks kuuks, tuleb ettemakse teha kogu perioodi eest. Kui rendid kontori kauemaks, toimub tasustamine kuup\u00f5hiselt.<\/li>\n<li>P\u00e4rast lepingu allkirjastamist tuleb maksta deposiit, mis on v\u00f5rdne \u00fche kuu renditasuga.<\/li>\n<\/ul>\n<p>[\/vc_column_text]\n\t\t\t<\/div>\n\t\t\t<div  class=\"ult_tabitemname\"  >\n\t\t\t\t[vc_column_text]<b>Hinnas sisaldub:<\/b><\/p>\n<ul>\n<li>kahe t\u00f6\u00f6kohaga m\u00f6bleeritud kontori rent \u00fcheks kuuks<\/li>\n<li>k\u00f5ik kommunaalmaksed (internet, elekter, vesi, k\u00fctmine, turvas\u00fcsteem ning koristamine)<\/li>\n<li><a href=\"https:\/\/dev.1office.co\/estonia\/et\/Teenus\/ariaadress-tallinna-kesklinnas-narva-mnt-5-10117-tallinn\/\" target=\"_blank\" rel=\"noopener noreferrer\">\u00e4riaadress<\/a><\/li>\n<li>vastuv\u00f5tulaud koos sekret\u00e4riga<\/li>\n<li>Joogivesi, kohv tee, karastusjoogid<\/li>\n<\/ul>\n<p>Kontoripinna \u00fc\u00fcrileping s\u00f5lmitakse eraldi p\u00e4rast ostu sooritamist.[\/vc_column_text]\n\t\t\t<\/div><\/div><\/div><\/div><div class=\"ult_acord advanced-tabs-desc-wrap-5766\">\n   <div class=\"ult-tabto-accordion \" style=\"width:;\"\n    data-titlecolor=\"#b6b8ba\"  data-titlebg=\"#ffffff\"\n     data-titlehoverbg=\"#ffffff\" data-titlehovercolor=\"#1d1e23\" data-animation=\"Slide\"\n     data-activetitle=\"#1d1e23\" data-activeicon=\"\" data-activebg=\"#ffffff\" data-scroll = \"on\" data-activeindex=\"1\" >\n     <dl><dt class=\"\">\n\t        \t<a class=\"ult-tabto-actitle withBorder ult_a \" id=\"1538051788461-1-7\" style=\"color:#b6b8ba;;background-color:#ffffff;border-bottom-color:transparent;border-bottom-width:0px;border-bottom-style:solid;\" href=\"#1538051788461-1-7\">\n\t        \t\t<i class=\"accordion-icon\"><\/i>\n\t        \t\t\t<span class=\"ult_tab_main ult_ac_main ult_noacordicnBoth\">\n\n\t\t\t\t\t\t<span  data-ultimate-target='#advanced-tabs-wrap-8478 .ult-span-text'  data-responsive-json-new='{\"font-size\":\"desktop:14px;\",\"line-height\":\"\"}'  class=\"ult-span-text no_icon ult_acordian-text ult-responsive\" style=\"font-weight:bold;;color:inherit \" >GALLERY<\/span>\n\t\t\t\t\t\t<\/span><\/a><\/dt>\n\t            \t\t<dd class=\"ult-tabto-accordionItem ult-tabto-accolapsed\">\n\t\t\t\t            <div class=\"ult-tabto-acontent\" style=\"color:#74777b;\">\n\t\t\t\t               [vc_media_grid element_width=&#8221;2&#8243; grid_id=&#8221;vc_gid:1595858128947-376d1610-0be4-9&#8243; include=&#8221;58821,58815,58809,58803,58791,58785&#8243;][vc_column_text]Tegemist on privaatse kontoriga suurep\u00e4rases asukohas Tallinna kesklinnas (Foorumi keskuses). Pakume t\u00e4islahendusega m\u00f6bleeritud kontoriruumi, koos interneti\u00fchenduse ja koosolekuruumi kasutus\u00f5igusega. Ruumis on kaks t\u00f6\u00f6kohta. Sul ei ole vaja muretseda kohvimasina, kohviubade, tee v\u00f5i joogivee ostmise p\u00e4rast \u2013 meie teeme seda Sinu eest. Samuti hoolitseme ka teiste detailide eest, et saaksid t\u00e4ielikult keskenduda enda \u00e4rile.<\/p>\n<p>&nbsp;<\/p>\n<p><strong>Hinnas sisaldub:<\/strong><\/p>\n<ul>\n<li>M\u00f6bleeritud privaatne kontoriruum Tallinna kesklinnas (kahe t\u00f6\u00f6kohaga)<\/li>\n<li>Interneti\u00fchendus<\/li>\n<li>Kommunaalkulud (elekter, vesi, k\u00fcte jne)<\/li>\n<li>Mugavused nagu kohv, joogivesi, tee, t\u00e4ielikult sisustatud k\u00f6\u00f6k jne<\/li>\n<li>V\u00f5imalus kasutada meie koosolekuruume<\/li>\n<li>\u00c4riaadress juhul, kui tellid kontori t\u00e4htajatuks perioodiks<\/li>\n<\/ul>\n<p><strong>Saadaval lisatasu eest:<\/strong><\/p>\n<ul>\n<li><a href=\"https:\/\/dev.1office.co\/estonia\/et\/Teenus\/sekretariteenused\/\" target=\"_blank\" rel=\"noopener noreferrer\">Sekret\u00e4riteenused<\/a><\/li>\n<li><a href=\"https:\/\/dev.1office.co\/estonia\/et\/Teenus\/konede-haldus-kuupohine\/\" target=\"_blank\" rel=\"noopener noreferrer\">K\u00f5nedele vastamise teenus<\/a><\/li>\n<li><a href=\"https:\/\/dev.1office.co\/estonia\/et\/Teenus\/ariaadress-tallinna-kesklinna-arikvartalis\/\" target=\"_blank\" rel=\"noopener noreferrer\">\u00c4riaadress<\/a><\/li>\n<li><a href=\"https:\/\/dev.1office.co\/estonia\/et\/Teenus\/kontaktisik-koos-ariaadressiga-tallinna-kesklinna-arikvartalis\/\" target=\"_blank\" rel=\"noopener noreferrer\">Kontaktisik koos \u00e4riaadressiga<\/a><\/li>\n<\/ul>\n<p>&nbsp;<\/p>\n<p><strong>T\u00e4htis informatsioon:\u00a0<\/strong><\/p>\n<ul>\n<li>Rendiperiood on paindlik &#8211; v\u00f5id kontori rentida \u00fcheks kuuks v\u00f5i s\u00f5lmida t\u00e4htajatu lepingu<\/li>\n<li>P\u00e4rast tellimuse esitamist v\u00f5etakse Sinuga \u00fchendust, et leppida kokku rendiperioodi pikkuses ja tingimustes.<\/li>\n<li>Kui rendid kontori v\u00e4hem kui kaheks kuuks, tuleb ettemakse teha kogu perioodi eest. Kui rendid kontori kauemaks, toimub tasustamine kuup\u00f5hiselt.<\/li>\n<li>P\u00e4rast lepingu allkirjastamist tuleb maksta deposiit, mis on v\u00f5rdne \u00fche kuu renditasuga.<\/li>\n<\/ul>\n<p>[\/vc_column_text]\n\t\t\t\t            <\/div>\n\t        \t\t\t<\/dd><dt class=\"\">\n\t        \t<a class=\"ult-tabto-actitle withBorder ult_a \" id=\"1512642751410-8d95f-ef3d\" style=\"color:#b6b8ba;;background-color:#ffffff;border-bottom-color:transparent;border-bottom-width:0px;border-bottom-style:solid;border-bottom-color:transparent;border-bottom-width:0px;border-bottom-style:solid;\" href=\"#1512642751410-8d95f-ef3d\">\n\t        \t\t<i class=\"accordion-icon\"><\/i>\n\t        \t\t\t<span class=\"ult_tab_main ult_ac_main ult_noacordicnBoth\">\n\n\t\t\t\t\t\t<span  data-ultimate-target='#advanced-tabs-wrap-8478 .ult-span-text'  data-responsive-json-new='{\"font-size\":\"desktop:14px;\",\"line-height\":\"\"}'  class=\"ult-span-text no_icon ult_acordian-text ult-responsive\" style=\"font-weight:bold;;color:inherit \" >Kirjeldus<\/span>\n\t\t\t\t\t\t<\/span><\/a><\/dt>\n\t            \t\t<dd class=\"ult-tabto-accordionItem ult-tabto-accolapsed\">\n\t\t\t\t            <div class=\"ult-tabto-acontent\" style=\"color:#74777b;\">\n\t\t\t\t               [vc_column_text]<b>Hinnas sisaldub:<\/b><\/p>\n<ul>\n<li>kahe t\u00f6\u00f6kohaga m\u00f6bleeritud kontori rent \u00fcheks kuuks<\/li>\n<li>k\u00f5ik kommunaalmaksed (internet, elekter, vesi, k\u00fctmine, turvas\u00fcsteem ning koristamine)<\/li>\n<li><a href=\"https:\/\/dev.1office.co\/estonia\/et\/Teenus\/ariaadress-tallinna-kesklinnas-narva-mnt-5-10117-tallinn\/\" target=\"_blank\" rel=\"noopener noreferrer\">\u00e4riaadress<\/a><\/li>\n<li>vastuv\u00f5tulaud koos sekret\u00e4riga<\/li>\n<li>Joogivesi, kohv tee, karastusjoogid<\/li>\n<\/ul>\n<p>Kontoripinna \u00fc\u00fcrileping s\u00f5lmitakse eraldi p\u00e4rast ostu sooritamist.[\/vc_column_text]\n\t\t\t\t            <\/div>\n\t        \t\t\t<\/dd>\n    \t<\/dl>\n    <!--<div class=\"extraborder\" style=\"background-color:#ffffff\"><\/div>-->\n<\/div>\n\n<\/div>[\/vc_column][\/vc_row]<\/p>\n<\/div>","protected":false},"excerpt":{"rendered":"<p class=\"p1\">Tallinna kesklinnas asuv privaatne kontor on sobilik, kui soovid nautida t\u00e4islahendusega kontorit.<\/p>\n","protected":false},"featured_media":58875,"template":"","meta":{"_acf_changed":false,"inline_featured_image":false},"product_brand":[],"product_cat":[310],"product_tag":[311],"class_list":{"0":"post-57963","1":"product","2":"type-product","3":"status-publish","4":"has-post-thumbnail","6":"product_cat-virtuaalkontor","7":"product_tag-eesti","8":"description-off","10":"first","11":"instock","12":"taxable","13":"shipping-taxable","14":"purchasable","15":"product-type-simple"},"bundled_by":[],"bundle_stock_status":"instock","bundle_stock_quantity":null,"bundle_virtual":false,"bundle_layout":"","bundle_add_to_cart_form_location":"","bundle_editable_in_cart":false,"bundle_sold_individually_context":"","bundle_item_grouping":"","bundle_min_size":"","bundle_max_size":"","bundle_price":[],"bundled_items":[],"bundle_sell_ids":[],"acf":[],"yoast_head":"<!-- This site is optimized with the Yoast SEO plugin v23.0 - https:\/\/yoast.com\/wordpress\/plugins\/seo\/ -->\n<title>Kahe t\u00f6\u00f6kohaga privaatne kontor Tallinna kesklinnas - 1Office Estonia<\/title>\n<meta name=\"description\" content=\"Kontor b\u00fcroohotellis on mugav lahendus neile, kes soovivad kasutada k\u00f5iki h\u00e4stivarustatud kontori h\u00fcvesid (n\u00e4iteks internet ning kohv), kuid ei soovi k\u00f5igi nende v\u00e4ikeste detailide eest hoolitsemisele oma aega panustada.\u00a0\" \/>\n<meta name=\"robots\" content=\"noindex, follow, max-snippet:-1, max-image-preview:large, max-video-preview:-1\" \/>\n<meta property=\"og:locale\" content=\"et_EE\" \/>\n<meta property=\"og:type\" content=\"article\" \/>\n<meta property=\"og:title\" content=\"Kahe t\u00f6\u00f6kohaga privaatne kontor Tallinna kesklinnas - 1Office Estonia\" \/>\n<meta property=\"og:description\" content=\"Kontor b\u00fcroohotellis on mugav lahendus neile, kes soovivad kasutada k\u00f5iki h\u00e4stivarustatud kontori h\u00fcvesid (n\u00e4iteks internet ning kohv), kuid ei soovi k\u00f5igi nende v\u00e4ikeste detailide eest hoolitsemisele oma aega panustada.\u00a0\" \/>\n<meta property=\"og:url\" content=\"https:\/\/dev.1office.co\/estonia\/et\/Teenus\/kontor\/\" \/>\n<meta property=\"og:site_name\" content=\"1Office Estonia\" \/>\n<meta property=\"article:publisher\" content=\"https:\/\/www.facebook.com\/1Office\/?ref=br_rs\" \/>\n<meta property=\"article:modified_time\" content=\"2021-01-28T13:17:13+00:00\" \/>\n<meta property=\"og:image\" content=\"https:\/\/dev.1office.co\/estonia\/wp-content\/uploads\/sites\/5\/2018\/05\/desk.jpg\" \/>\n\t<meta property=\"og:image:width\" content=\"2268\" \/>\n\t<meta property=\"og:image:height\" content=\"2268\" \/>\n\t<meta property=\"og:image:type\" content=\"image\/jpeg\" \/>\n<meta name=\"twitter:card\" content=\"summary_large_image\" \/>\n<meta name=\"twitter:label1\" content=\"Est. reading time\" \/>\n\t<meta name=\"twitter:data1\" content=\"2 minutit\" \/>\n<script type=\"application\/ld+json\" class=\"yoast-schema-graph\">{\"@context\":\"https:\/\/schema.org\",\"@graph\":[{\"@type\":\"WebPage\",\"@id\":\"https:\/\/dev.1office.co\/estonia\/et\/Teenus\/kontor\/\",\"url\":\"https:\/\/dev.1office.co\/estonia\/et\/Teenus\/kontor\/\",\"name\":\"Kahe t\u00f6\u00f6kohaga privaatne kontor Tallinna kesklinnas - 1Office Estonia\",\"isPartOf\":{\"@id\":\"https:\/\/dev.1office.co\/estonia\/#website\"},\"primaryImageOfPage\":{\"@id\":\"https:\/\/dev.1office.co\/estonia\/et\/Teenus\/kontor\/#primaryimage\"},\"image\":{\"@id\":\"https:\/\/dev.1office.co\/estonia\/et\/Teenus\/kontor\/#primaryimage\"},\"thumbnailUrl\":\"https:\/\/dev.1office.co\/estonia\/wp-content\/uploads\/sites\/5\/2018\/05\/desk.jpg\",\"datePublished\":\"2018-05-23T11:28:06+00:00\",\"dateModified\":\"2021-01-28T13:17:13+00:00\",\"description\":\"Kontor b\u00fcroohotellis on mugav lahendus neile, kes soovivad kasutada k\u00f5iki h\u00e4stivarustatud kontori h\u00fcvesid (n\u00e4iteks internet ning kohv), kuid ei soovi k\u00f5igi nende v\u00e4ikeste detailide eest hoolitsemisele oma aega panustada.\u00a0\",\"breadcrumb\":{\"@id\":\"https:\/\/dev.1office.co\/estonia\/et\/Teenus\/kontor\/#breadcrumb\"},\"inLanguage\":\"et\",\"potentialAction\":[{\"@type\":\"ReadAction\",\"target\":[\"https:\/\/dev.1office.co\/estonia\/et\/Teenus\/kontor\/\"]}]},{\"@type\":\"ImageObject\",\"inLanguage\":\"et\",\"@id\":\"https:\/\/dev.1office.co\/estonia\/et\/Teenus\/kontor\/#primaryimage\",\"url\":\"https:\/\/dev.1office.co\/estonia\/wp-content\/uploads\/sites\/5\/2018\/05\/desk.jpg\",\"contentUrl\":\"https:\/\/dev.1office.co\/estonia\/wp-content\/uploads\/sites\/5\/2018\/05\/desk.jpg\",\"width\":2268,\"height\":2268},{\"@type\":\"BreadcrumbList\",\"@id\":\"https:\/\/dev.1office.co\/estonia\/et\/Teenus\/kontor\/#breadcrumb\",\"itemListElement\":[{\"@type\":\"ListItem\",\"position\":1,\"name\":\"Home\",\"item\":\"https:\/\/dev.1office.co\/estonia\/et\/\"},{\"@type\":\"ListItem\",\"position\":2,\"name\":\"Shop\",\"item\":\"https:\/\/dev.1office.co\/estonia\/shop\/\"},{\"@type\":\"ListItem\",\"position\":3,\"name\":\"Kahe t\u00f6\u00f6kohaga privaatne kontor Tallinna kesklinnas\"}]},{\"@type\":\"WebSite\",\"@id\":\"https:\/\/dev.1office.co\/estonia\/#website\",\"url\":\"https:\/\/dev.1office.co\/estonia\/\",\"name\":\"1Office Estonia\",\"description\":\"Making Business Simple\",\"potentialAction\":[{\"@type\":\"SearchAction\",\"target\":{\"@type\":\"EntryPoint\",\"urlTemplate\":\"https:\/\/dev.1office.co\/estonia\/?s={search_term_string}\"},\"query-input\":\"required name=search_term_string\"}],\"inLanguage\":\"et\"}]}<\/script>\n<!-- \/ Yoast SEO plugin. -->","yoast_head_json":{"title":"Kahe t\u00f6\u00f6kohaga privaatne kontor Tallinna kesklinnas - 1Office Estonia","description":"Kontor b\u00fcroohotellis on mugav lahendus neile, kes soovivad kasutada k\u00f5iki h\u00e4stivarustatud kontori h\u00fcvesid (n\u00e4iteks internet ning kohv), kuid ei soovi k\u00f5igi nende v\u00e4ikeste detailide eest hoolitsemisele oma aega panustada.\u00a0","robots":{"index":"noindex","follow":"follow","max-snippet":"max-snippet:-1","max-image-preview":"max-image-preview:large","max-video-preview":"max-video-preview:-1"},"og_locale":"et_EE","og_type":"article","og_title":"Kahe t\u00f6\u00f6kohaga privaatne kontor Tallinna kesklinnas - 1Office Estonia","og_description":"Kontor b\u00fcroohotellis on mugav lahendus neile, kes soovivad kasutada k\u00f5iki h\u00e4stivarustatud kontori h\u00fcvesid (n\u00e4iteks internet ning kohv), kuid ei soovi k\u00f5igi nende v\u00e4ikeste detailide eest hoolitsemisele oma aega panustada.\u00a0","og_url":"https:\/\/dev.1office.co\/estonia\/et\/Teenus\/kontor\/","og_site_name":"1Office Estonia","article_publisher":"https:\/\/www.facebook.com\/1Office\/?ref=br_rs","article_modified_time":"2021-01-28T13:17:13+00:00","og_image":[{"width":2268,"height":2268,"url":"https:\/\/dev.1office.co\/estonia\/wp-content\/uploads\/sites\/5\/2018\/05\/desk.jpg","type":"image\/jpeg"}],"twitter_card":"summary_large_image","twitter_misc":{"Est. reading time":"2 minutit"},"schema":{"@context":"https:\/\/schema.org","@graph":[{"@type":"WebPage","@id":"https:\/\/dev.1office.co\/estonia\/et\/Teenus\/kontor\/","url":"https:\/\/dev.1office.co\/estonia\/et\/Teenus\/kontor\/","name":"Kahe t\u00f6\u00f6kohaga privaatne kontor Tallinna kesklinnas - 1Office Estonia","isPartOf":{"@id":"https:\/\/dev.1office.co\/estonia\/#website"},"primaryImageOfPage":{"@id":"https:\/\/dev.1office.co\/estonia\/et\/Teenus\/kontor\/#primaryimage"},"image":{"@id":"https:\/\/dev.1office.co\/estonia\/et\/Teenus\/kontor\/#primaryimage"},"thumbnailUrl":"https:\/\/dev.1office.co\/estonia\/wp-content\/uploads\/sites\/5\/2018\/05\/desk.jpg","datePublished":"2018-05-23T11:28:06+00:00","dateModified":"2021-01-28T13:17:13+00:00","description":"Kontor b\u00fcroohotellis on mugav lahendus neile, kes soovivad kasutada k\u00f5iki h\u00e4stivarustatud kontori h\u00fcvesid (n\u00e4iteks internet ning kohv), kuid ei soovi k\u00f5igi nende v\u00e4ikeste detailide eest hoolitsemisele oma aega panustada.\u00a0","breadcrumb":{"@id":"https:\/\/dev.1office.co\/estonia\/et\/Teenus\/kontor\/#breadcrumb"},"inLanguage":"et","potentialAction":[{"@type":"ReadAction","target":["https:\/\/dev.1office.co\/estonia\/et\/Teenus\/kontor\/"]}]},{"@type":"ImageObject","inLanguage":"et","@id":"https:\/\/dev.1office.co\/estonia\/et\/Teenus\/kontor\/#primaryimage","url":"https:\/\/dev.1office.co\/estonia\/wp-content\/uploads\/sites\/5\/2018\/05\/desk.jpg","contentUrl":"https:\/\/dev.1office.co\/estonia\/wp-content\/uploads\/sites\/5\/2018\/05\/desk.jpg","width":2268,"height":2268},{"@type":"BreadcrumbList","@id":"https:\/\/dev.1office.co\/estonia\/et\/Teenus\/kontor\/#breadcrumb","itemListElement":[{"@type":"ListItem","position":1,"name":"Home","item":"https:\/\/dev.1office.co\/estonia\/et\/"},{"@type":"ListItem","position":2,"name":"Shop","item":"https:\/\/dev.1office.co\/estonia\/shop\/"},{"@type":"ListItem","position":3,"name":"Kahe t\u00f6\u00f6kohaga privaatne kontor Tallinna kesklinnas"}]},{"@type":"WebSite","@id":"https:\/\/dev.1office.co\/estonia\/#website","url":"https:\/\/dev.1office.co\/estonia\/","name":"1Office Estonia","description":"Making Business Simple","potentialAction":[{"@type":"SearchAction","target":{"@type":"EntryPoint","urlTemplate":"https:\/\/dev.1office.co\/estonia\/?s={search_term_string}"},"query-input":"required name=search_term_string"}],"inLanguage":"et"}]}},"_links":{"self":[{"href":"https:\/\/dev.1office.co\/estonia\/et\/wp-json\/wp\/v2\/product\/57963","targetHints":{"allow":["GET"]}}],"collection":[{"href":"https:\/\/dev.1office.co\/estonia\/et\/wp-json\/wp\/v2\/product"}],"about":[{"href":"https:\/\/dev.1office.co\/estonia\/et\/wp-json\/wp\/v2\/types\/product"}],"wp:featuredmedia":[{"embeddable":true,"href":"https:\/\/dev.1office.co\/estonia\/et\/wp-json\/wp\/v2\/media\/58875"}],"wp:attachment":[{"href":"https:\/\/dev.1office.co\/estonia\/et\/wp-json\/wp\/v2\/media?parent=57963"}],"wp:term":[{"taxonomy":"product_brand","embeddable":true,"href":"https:\/\/dev.1office.co\/estonia\/et\/wp-json\/wp\/v2\/product_brand?post=57963"},{"taxonomy":"product_cat","embeddable":true,"href":"https:\/\/dev.1office.co\/estonia\/et\/wp-json\/wp\/v2\/product_cat?post=57963"},{"taxonomy":"product_tag","embeddable":true,"href":"https:\/\/dev.1office.co\/estonia\/et\/wp-json\/wp\/v2\/product_tag?post=57963"}],"curies":[{"name":"wp","href":"https:\/\/api.w.org\/{rel}","templated":true}]}}