{"id":57641,"date":"2017-08-10T10:40:20","date_gmt":"2017-08-10T10:40:20","guid":{"rendered":"https:\/\/dev.1office.co\/estonia\/product\/secretary-services\/"},"modified":"2020-07-27T13:51:15","modified_gmt":"2020-07-27T13:51:15","slug":"sekretariteenused","status":"publish","type":"product","link":"https:\/\/dev.1office.co\/estonia\/et\/Teenus\/sekretariteenused\/","title":{"rendered":"Sekret\u00e4riteenused"},"content":{"rendered":"<div class=\"wpb-content-wrapper\"><p>[vc_row][vc_column]<div id=\"advanced-tabs-desc-wrap-9567\" class=\"ult_tabs product_tabs\" style=\" \" data-tabsstyle=\"style1\"\n data-titlebg=\"#ffffff\" data-titlecolor=\"#b6b8ba\" data-fullheight=\"off\"\n data-titlehoverbg=\"#ffffff\" data-titlehovercolor=\"#1d1e23\"\n data-rotatetabs=\"0\" data-responsivemode=\"Both\" data-animation=\"Slide\"\ndata-activetitle=\"#1d1e23\" data-activeicon=\"\" data-activebg=\"#ffffff\"  data-respmode=\"Tabs\" data-respwidth=\"400\" data-scroll = \"on\" data-activeindex=\"1\"><ul id=advanced-tabs-wrap-6149 class=\"ult_tabmenu style1 \" style=\"\"><li class=\"ult_tab_li  \" data-iconcolor=\"#74777b\" data-iconhover=\"#ffffff\" style=\"background-color:#ffffff;border-color:transparent;border-width:0px;border-style:solid;border-top-right-radius:8px;\">\n\t\t\t\t\t<a href=\"#1512642751410-8d95f-ef3d\"  id=\"1512642751410-8d95f-ef3d\"  style=\"color:#b6b8ba;; padding:15px; \" class=\"ult_a  \">\n\t\t\t\t\t     <span class=\"ult_tab_main Both \">\n\t\t\t\t\t \t\t <span class=\"ult_tab_section\">\n\t\t\t\t\t   \t\t\t<span  data-ultimate-target='#advanced-tabs-wrap-6149 .ult-span-text'  data-responsive-json-new='{\"font-size\":\"desktop:14px;\",\"line-height\":\"\"}'  class=\"ult-span-text no_icon ult_tab_display_text ult-responsive\" style=\"font-weight:bold;;\">Kirjeldus<\/span>\n\t\t\t\t\t   \t\t<\/span>\n\t\t\t\t\t\t<\/span>\n\t\t\t\t\t<\/a>\n\t\t\t\t\t<\/li><\/ul><div  data-ultimate-target='#advanced-tabs-desc-wrap-9567 .ult_tabcontent .ult_tab_min_contain  p'  data-responsive-json-new='{\"font-size\":\"\",\"line-height\":\"\"}' class=\"ult_tabcontent ult-responsive style1\" style=\"color:#74777b;\"><div class=\"ult_tab_min_contain \" >\n\t\t\t<div  class=\"ult_tabitemname\"  >\n\t\t\t\t[vc_column_text]Meie sekret\u00e4rid on valmis Sind abistama t\u00f6\u00f6p\u00e4eviti 9.00-17.00. Teenus on hinnastatud tunnip\u00f5hiselt.<\/p>\n<p><strong>Hinnas sisaldub:<\/strong><\/p>\n<ul>\n<li>Teenuse t\u00e4pne sisu ja maht s\u00f5ltuvad kliendi vajadustest ja eelnevast kokkuleppest.<\/li>\n<\/ul>\n<p><strong>Populaarseimateks teenusteks on:<\/strong><\/p>\n<ul>\n<li>K\u00f5nede halduse teenus:\n<ul>\n<li>Ettev\u00f5tte nimel telefonik\u00f5nedele vastamine eesti, inglise ja\/v\u00f5i vene keeles<\/li>\n<li>S\u00f5numite v\u00f5tmine ja nende edastamine e-maili teel koos helistaja kontaktandmetega<\/li>\n<\/ul>\n<\/li>\n<li>Suhtlus kontorisse saabuvate klientide ja koost\u00f6\u00f6partneritega<\/li>\n<li>Dokumentide haldamine vastavalt ettev\u00f5tte protseduurireeglitele, sh dokumentide s\u00e4ilitamine, arhiveerimine, h\u00e4vitamine<\/li>\n<li>Ettev\u00f5tte PR-atribuutika (visiitkaartide, plankide, templite jms) tellimine<\/li>\n<li>L\u00e4hetuste organiseerimine<\/li>\n<li>Kontoritarvete ning teenuste tellimine ettev\u00f5ttele<\/li>\n<li>T\u00f5lket\u00f6\u00f6de korraldamine<\/li>\n<li>Notariaja ja\/v\u00f5i -kohtumise broneerimine<\/li>\n<li>Ettev\u00f5tte esindamine ametiasutustes volituste alusel<\/li>\n<li>Koosolekute refereerimine (koosolekuruumi rentimise korral)<\/li>\n<li>Muude administratiivteenuste organiseerimine ja\/v\u00f5i osutamine, sh v\u00e4ljaspoolt kontorit<\/li>\n<\/ul>\n<p><strong>Saadaval lisatasu eest:<\/strong><\/p>\n<ul>\n<li><a href=\"https:\/\/dev.1office.co\/estonia\/et\/Teenus\/ariaadress-tallinna-kesklinna-arikvartalis\/\" target=\"_blank\" rel=\"noopener noreferrer\">\u00c4riaadress<\/a><\/li>\n<li><a href=\"https:\/\/dev.1office.co\/estonia\/et\/Teenus\/kontaktisik-koos-ariaadressiga-tallinna-kesklinna-arikvartalis\/\" target=\"_blank\" rel=\"noopener noreferrer\">Kontaktisik koos \u00e4riaadressiga<\/a><\/li>\n<li><a href=\"https:\/\/dev.1office.co\/estonia\/et\/Teenus\/konede-haldus-kuupohine\/\" target=\"_blank\" rel=\"noopener noreferrer\">K\u00f5nede haldus<\/a><\/li>\n<li><a href=\"https:\/\/dev.1office.co\/estonia\/et\/Teenus\/kontor\/\" target=\"_blank\" rel=\"noopener noreferrer\">Privaatne kontor Tallinna kesklinnas<\/a><\/li>\n<\/ul>\n<p>[\/vc_column_text]\n\t\t\t<\/div><\/div><\/div><\/div><div class=\"ult_acord advanced-tabs-desc-wrap-9567\">\n   <div class=\"ult-tabto-accordion \" style=\"width:;\"\n    data-titlecolor=\"#b6b8ba\"  data-titlebg=\"#ffffff\"\n     data-titlehoverbg=\"#ffffff\" data-titlehovercolor=\"#1d1e23\" data-animation=\"Slide\"\n     data-activetitle=\"#1d1e23\" data-activeicon=\"\" data-activebg=\"#ffffff\" data-scroll = \"on\" data-activeindex=\"1\" >\n     <dl><dt class=\"\">\n\t        \t<a class=\"ult-tabto-actitle withBorder ult_a \" id=\"1512642751410-8d95f-ef3d\" style=\"color:#b6b8ba;;background-color:#ffffff;border-bottom-color:transparent;border-bottom-width:0px;border-bottom-style:solid;\" href=\"#1512642751410-8d95f-ef3d\">\n\t        \t\t<i class=\"accordion-icon\"><\/i>\n\t        \t\t\t<span class=\"ult_tab_main ult_ac_main ult_noacordicnBoth\">\n\n\t\t\t\t\t\t<span  data-ultimate-target='#advanced-tabs-wrap-6149 .ult-span-text'  data-responsive-json-new='{\"font-size\":\"desktop:14px;\",\"line-height\":\"\"}'  class=\"ult-span-text no_icon ult_acordian-text ult-responsive\" style=\"font-weight:bold;;color:inherit \" >Kirjeldus<\/span>\n\t\t\t\t\t\t<\/span><\/a><\/dt>\n\t            \t\t<dd class=\"ult-tabto-accordionItem ult-tabto-accolapsed\">\n\t\t\t\t            <div class=\"ult-tabto-acontent\" style=\"color:#74777b;\">\n\t\t\t\t               [vc_column_text]Meie sekret\u00e4rid on valmis Sind abistama t\u00f6\u00f6p\u00e4eviti 9.00-17.00. Teenus on hinnastatud tunnip\u00f5hiselt.<\/p>\n<p><strong>Hinnas sisaldub:<\/strong><\/p>\n<ul>\n<li>Teenuse t\u00e4pne sisu ja maht s\u00f5ltuvad kliendi vajadustest ja eelnevast kokkuleppest.<\/li>\n<\/ul>\n<p><strong>Populaarseimateks teenusteks on:<\/strong><\/p>\n<ul>\n<li>K\u00f5nede halduse teenus:\n<ul>\n<li>Ettev\u00f5tte nimel telefonik\u00f5nedele vastamine eesti, inglise ja\/v\u00f5i vene keeles<\/li>\n<li>S\u00f5numite v\u00f5tmine ja nende edastamine e-maili teel koos helistaja kontaktandmetega<\/li>\n<\/ul>\n<\/li>\n<li>Suhtlus kontorisse saabuvate klientide ja koost\u00f6\u00f6partneritega<\/li>\n<li>Dokumentide haldamine vastavalt ettev\u00f5tte protseduurireeglitele, sh dokumentide s\u00e4ilitamine, arhiveerimine, h\u00e4vitamine<\/li>\n<li>Ettev\u00f5tte PR-atribuutika (visiitkaartide, plankide, templite jms) tellimine<\/li>\n<li>L\u00e4hetuste organiseerimine<\/li>\n<li>Kontoritarvete ning teenuste tellimine ettev\u00f5ttele<\/li>\n<li>T\u00f5lket\u00f6\u00f6de korraldamine<\/li>\n<li>Notariaja ja\/v\u00f5i -kohtumise broneerimine<\/li>\n<li>Ettev\u00f5tte esindamine ametiasutustes volituste alusel<\/li>\n<li>Koosolekute refereerimine (koosolekuruumi rentimise korral)<\/li>\n<li>Muude administratiivteenuste organiseerimine ja\/v\u00f5i osutamine, sh v\u00e4ljaspoolt kontorit<\/li>\n<\/ul>\n<p><strong>Saadaval lisatasu eest:<\/strong><\/p>\n<ul>\n<li><a href=\"https:\/\/dev.1office.co\/estonia\/et\/Teenus\/ariaadress-tallinna-kesklinna-arikvartalis\/\" target=\"_blank\" rel=\"noopener noreferrer\">\u00c4riaadress<\/a><\/li>\n<li><a href=\"https:\/\/dev.1office.co\/estonia\/et\/Teenus\/kontaktisik-koos-ariaadressiga-tallinna-kesklinna-arikvartalis\/\" target=\"_blank\" rel=\"noopener noreferrer\">Kontaktisik koos \u00e4riaadressiga<\/a><\/li>\n<li><a href=\"https:\/\/dev.1office.co\/estonia\/et\/Teenus\/konede-haldus-kuupohine\/\" target=\"_blank\" rel=\"noopener noreferrer\">K\u00f5nede haldus<\/a><\/li>\n<li><a href=\"https:\/\/dev.1office.co\/estonia\/et\/Teenus\/kontor\/\" target=\"_blank\" rel=\"noopener noreferrer\">Privaatne kontor Tallinna kesklinnas<\/a><\/li>\n<\/ul>\n<p>[\/vc_column_text]\n\t\t\t\t            <\/div>\n\t        \t\t\t<\/dd>\n    \t<\/dl>\n    <!--<div class=\"extraborder\" style=\"background-color:#ffffff\"><\/div>-->\n<\/div>\n\n<\/div>[\/vc_column][\/vc_row]<\/p>\n<\/div>","protected":false},"excerpt":{"rendered":"<p>\u00c4ra kuluta aega rutiinsetele tegevustele ning keskendu selle asemel oma p\u00f5hi\u00e4rile. Teenus on sobiv ettev\u00f5tetele, kel ei ole m\u00f5istlik palgata t\u00e4iskohaga sekret\u00e4ri v\u00f5i kes vajavad sekret\u00e4ri abi vajadusp\u00f5hiselt.<\/p>\n","protected":false},"featured_media":59595,"template":"","meta":{"_acf_changed":false,"inline_featured_image":false},"product_brand":[],"product_cat":[310],"product_tag":[311],"class_list":{"0":"post-57641","1":"product","2":"type-product","3":"status-publish","4":"has-post-thumbnail","6":"product_cat-virtuaalkontor","7":"product_tag-eesti","8":"description-off","10":"first","11":"instock","12":"taxable","13":"shipping-taxable","14":"purchasable","15":"product-type-simple"},"bundled_by":[],"bundle_stock_status":"instock","bundle_stock_quantity":null,"bundle_virtual":false,"bundle_layout":"","bundle_add_to_cart_form_location":"","bundle_editable_in_cart":false,"bundle_sold_individually_context":"","bundle_item_grouping":"","bundle_min_size":"","bundle_max_size":"","bundle_price":[],"bundled_items":[],"bundle_sell_ids":[],"acf":[],"yoast_head":"<!-- This site is optimized with the Yoast SEO plugin v23.0 - https:\/\/yoast.com\/wordpress\/plugins\/seo\/ -->\n<title>Sekret\u00e4riteenused - 1Office Estonia<\/title>\n<meta name=\"description\" content=\"\u00c4ra kuluta aega rutiinsetele tegevustele ning keskendu selle asemel oma p\u00f5hi\u00e4rile. Teenus on sobiv ettev\u00f5tetele, kel ei ole m\u00f5istlik palgata t\u00e4iskohaga sekret\u00e4ri, kuid vajavad siiski vahel abi.\" \/>\n<meta name=\"robots\" content=\"noindex, follow, max-snippet:-1, max-image-preview:large, max-video-preview:-1\" \/>\n<meta property=\"og:locale\" content=\"et_EE\" \/>\n<meta property=\"og:type\" content=\"article\" \/>\n<meta property=\"og:title\" content=\"Sekret\u00e4riteenused - 1Office Estonia\" \/>\n<meta property=\"og:description\" content=\"\u00c4ra kuluta aega rutiinsetele tegevustele ning keskendu selle asemel oma p\u00f5hi\u00e4rile. Teenus on sobiv ettev\u00f5tetele, kel ei ole m\u00f5istlik palgata t\u00e4iskohaga sekret\u00e4ri, kuid vajavad siiski vahel abi.\" \/>\n<meta property=\"og:url\" content=\"https:\/\/dev.1office.co\/estonia\/et\/Teenus\/sekretariteenused\/\" \/>\n<meta property=\"og:site_name\" content=\"1Office Estonia\" \/>\n<meta property=\"article:publisher\" content=\"https:\/\/www.facebook.com\/1Office\/?ref=br_rs\" \/>\n<meta property=\"article:modified_time\" content=\"2020-07-27T13:51:15+00:00\" \/>\n<meta property=\"og:image\" content=\"https:\/\/dev.1office.co\/estonia\/wp-content\/uploads\/sites\/5\/2017\/08\/Ergonomics-50.jpg\" \/>\n\t<meta property=\"og:image:width\" content=\"847\" \/>\n\t<meta property=\"og:image:height\" content=\"565\" \/>\n\t<meta property=\"og:image:type\" content=\"image\/jpeg\" \/>\n<meta name=\"twitter:card\" content=\"summary_large_image\" \/>\n<meta name=\"twitter:label1\" content=\"Est. reading time\" \/>\n\t<meta name=\"twitter:data1\" content=\"1 minut\" \/>\n<script type=\"application\/ld+json\" class=\"yoast-schema-graph\">{\"@context\":\"https:\/\/schema.org\",\"@graph\":[{\"@type\":\"WebPage\",\"@id\":\"https:\/\/dev.1office.co\/estonia\/et\/Teenus\/sekretariteenused\/\",\"url\":\"https:\/\/dev.1office.co\/estonia\/et\/Teenus\/sekretariteenused\/\",\"name\":\"Sekret\u00e4riteenused - 1Office Estonia\",\"isPartOf\":{\"@id\":\"https:\/\/dev.1office.co\/estonia\/#website\"},\"primaryImageOfPage\":{\"@id\":\"https:\/\/dev.1office.co\/estonia\/et\/Teenus\/sekretariteenused\/#primaryimage\"},\"image\":{\"@id\":\"https:\/\/dev.1office.co\/estonia\/et\/Teenus\/sekretariteenused\/#primaryimage\"},\"thumbnailUrl\":\"https:\/\/dev.1office.co\/estonia\/wp-content\/uploads\/sites\/5\/2017\/08\/Ergonomics-50.jpg\",\"datePublished\":\"2017-08-10T10:40:20+00:00\",\"dateModified\":\"2020-07-27T13:51:15+00:00\",\"description\":\"\u00c4ra kuluta aega rutiinsetele tegevustele ning keskendu selle asemel oma p\u00f5hi\u00e4rile. Teenus on sobiv ettev\u00f5tetele, kel ei ole m\u00f5istlik palgata t\u00e4iskohaga sekret\u00e4ri, kuid vajavad siiski vahel abi.\",\"breadcrumb\":{\"@id\":\"https:\/\/dev.1office.co\/estonia\/et\/Teenus\/sekretariteenused\/#breadcrumb\"},\"inLanguage\":\"et\",\"potentialAction\":[{\"@type\":\"ReadAction\",\"target\":[\"https:\/\/dev.1office.co\/estonia\/et\/Teenus\/sekretariteenused\/\"]}]},{\"@type\":\"ImageObject\",\"inLanguage\":\"et\",\"@id\":\"https:\/\/dev.1office.co\/estonia\/et\/Teenus\/sekretariteenused\/#primaryimage\",\"url\":\"https:\/\/dev.1office.co\/estonia\/wp-content\/uploads\/sites\/5\/2017\/08\/Ergonomics-50.jpg\",\"contentUrl\":\"https:\/\/dev.1office.co\/estonia\/wp-content\/uploads\/sites\/5\/2017\/08\/Ergonomics-50.jpg\",\"width\":847,\"height\":565},{\"@type\":\"BreadcrumbList\",\"@id\":\"https:\/\/dev.1office.co\/estonia\/et\/Teenus\/sekretariteenused\/#breadcrumb\",\"itemListElement\":[{\"@type\":\"ListItem\",\"position\":1,\"name\":\"Home\",\"item\":\"https:\/\/dev.1office.co\/estonia\/et\/\"},{\"@type\":\"ListItem\",\"position\":2,\"name\":\"Shop\",\"item\":\"https:\/\/dev.1office.co\/estonia\/shop\/\"},{\"@type\":\"ListItem\",\"position\":3,\"name\":\"Sekret\u00e4riteenused\"}]},{\"@type\":\"WebSite\",\"@id\":\"https:\/\/dev.1office.co\/estonia\/#website\",\"url\":\"https:\/\/dev.1office.co\/estonia\/\",\"name\":\"1Office Estonia\",\"description\":\"Making Business Simple\",\"potentialAction\":[{\"@type\":\"SearchAction\",\"target\":{\"@type\":\"EntryPoint\",\"urlTemplate\":\"https:\/\/dev.1office.co\/estonia\/?s={search_term_string}\"},\"query-input\":\"required name=search_term_string\"}],\"inLanguage\":\"et\"}]}<\/script>\n<!-- \/ Yoast SEO plugin. -->","yoast_head_json":{"title":"Sekret\u00e4riteenused - 1Office Estonia","description":"\u00c4ra kuluta aega rutiinsetele tegevustele ning keskendu selle asemel oma p\u00f5hi\u00e4rile. Teenus on sobiv ettev\u00f5tetele, kel ei ole m\u00f5istlik palgata t\u00e4iskohaga sekret\u00e4ri, kuid vajavad siiski vahel abi.","robots":{"index":"noindex","follow":"follow","max-snippet":"max-snippet:-1","max-image-preview":"max-image-preview:large","max-video-preview":"max-video-preview:-1"},"og_locale":"et_EE","og_type":"article","og_title":"Sekret\u00e4riteenused - 1Office Estonia","og_description":"\u00c4ra kuluta aega rutiinsetele tegevustele ning keskendu selle asemel oma p\u00f5hi\u00e4rile. Teenus on sobiv ettev\u00f5tetele, kel ei ole m\u00f5istlik palgata t\u00e4iskohaga sekret\u00e4ri, kuid vajavad siiski vahel abi.","og_url":"https:\/\/dev.1office.co\/estonia\/et\/Teenus\/sekretariteenused\/","og_site_name":"1Office Estonia","article_publisher":"https:\/\/www.facebook.com\/1Office\/?ref=br_rs","article_modified_time":"2020-07-27T13:51:15+00:00","og_image":[{"width":847,"height":565,"url":"https:\/\/dev.1office.co\/estonia\/wp-content\/uploads\/sites\/5\/2017\/08\/Ergonomics-50.jpg","type":"image\/jpeg"}],"twitter_card":"summary_large_image","twitter_misc":{"Est. reading time":"1 minut"},"schema":{"@context":"https:\/\/schema.org","@graph":[{"@type":"WebPage","@id":"https:\/\/dev.1office.co\/estonia\/et\/Teenus\/sekretariteenused\/","url":"https:\/\/dev.1office.co\/estonia\/et\/Teenus\/sekretariteenused\/","name":"Sekret\u00e4riteenused - 1Office Estonia","isPartOf":{"@id":"https:\/\/dev.1office.co\/estonia\/#website"},"primaryImageOfPage":{"@id":"https:\/\/dev.1office.co\/estonia\/et\/Teenus\/sekretariteenused\/#primaryimage"},"image":{"@id":"https:\/\/dev.1office.co\/estonia\/et\/Teenus\/sekretariteenused\/#primaryimage"},"thumbnailUrl":"https:\/\/dev.1office.co\/estonia\/wp-content\/uploads\/sites\/5\/2017\/08\/Ergonomics-50.jpg","datePublished":"2017-08-10T10:40:20+00:00","dateModified":"2020-07-27T13:51:15+00:00","description":"\u00c4ra kuluta aega rutiinsetele tegevustele ning keskendu selle asemel oma p\u00f5hi\u00e4rile. Teenus on sobiv ettev\u00f5tetele, kel ei ole m\u00f5istlik palgata t\u00e4iskohaga sekret\u00e4ri, kuid vajavad siiski vahel abi.","breadcrumb":{"@id":"https:\/\/dev.1office.co\/estonia\/et\/Teenus\/sekretariteenused\/#breadcrumb"},"inLanguage":"et","potentialAction":[{"@type":"ReadAction","target":["https:\/\/dev.1office.co\/estonia\/et\/Teenus\/sekretariteenused\/"]}]},{"@type":"ImageObject","inLanguage":"et","@id":"https:\/\/dev.1office.co\/estonia\/et\/Teenus\/sekretariteenused\/#primaryimage","url":"https:\/\/dev.1office.co\/estonia\/wp-content\/uploads\/sites\/5\/2017\/08\/Ergonomics-50.jpg","contentUrl":"https:\/\/dev.1office.co\/estonia\/wp-content\/uploads\/sites\/5\/2017\/08\/Ergonomics-50.jpg","width":847,"height":565},{"@type":"BreadcrumbList","@id":"https:\/\/dev.1office.co\/estonia\/et\/Teenus\/sekretariteenused\/#breadcrumb","itemListElement":[{"@type":"ListItem","position":1,"name":"Home","item":"https:\/\/dev.1office.co\/estonia\/et\/"},{"@type":"ListItem","position":2,"name":"Shop","item":"https:\/\/dev.1office.co\/estonia\/shop\/"},{"@type":"ListItem","position":3,"name":"Sekret\u00e4riteenused"}]},{"@type":"WebSite","@id":"https:\/\/dev.1office.co\/estonia\/#website","url":"https:\/\/dev.1office.co\/estonia\/","name":"1Office Estonia","description":"Making Business Simple","potentialAction":[{"@type":"SearchAction","target":{"@type":"EntryPoint","urlTemplate":"https:\/\/dev.1office.co\/estonia\/?s={search_term_string}"},"query-input":"required name=search_term_string"}],"inLanguage":"et"}]}},"_links":{"self":[{"href":"https:\/\/dev.1office.co\/estonia\/et\/wp-json\/wp\/v2\/product\/57641","targetHints":{"allow":["GET"]}}],"collection":[{"href":"https:\/\/dev.1office.co\/estonia\/et\/wp-json\/wp\/v2\/product"}],"about":[{"href":"https:\/\/dev.1office.co\/estonia\/et\/wp-json\/wp\/v2\/types\/product"}],"wp:featuredmedia":[{"embeddable":true,"href":"https:\/\/dev.1office.co\/estonia\/et\/wp-json\/wp\/v2\/media\/59595"}],"wp:attachment":[{"href":"https:\/\/dev.1office.co\/estonia\/et\/wp-json\/wp\/v2\/media?parent=57641"}],"wp:term":[{"taxonomy":"product_brand","embeddable":true,"href":"https:\/\/dev.1office.co\/estonia\/et\/wp-json\/wp\/v2\/product_brand?post=57641"},{"taxonomy":"product_cat","embeddable":true,"href":"https:\/\/dev.1office.co\/estonia\/et\/wp-json\/wp\/v2\/product_cat?post=57641"},{"taxonomy":"product_tag","embeddable":true,"href":"https:\/\/dev.1office.co\/estonia\/et\/wp-json\/wp\/v2\/product_tag?post=57641"}],"curies":[{"name":"wp","href":"https:\/\/api.w.org\/{rel}","templated":true}]}}