{"id":57545,"date":"2017-08-10T10:40:23","date_gmt":"2017-08-10T10:40:23","guid":{"rendered":"https:\/\/dev.1office.co\/estonia\/product\/raamatupidamisteenuse-alustustasu\/"},"modified":"2021-06-10T19:20:59","modified_gmt":"2021-06-10T19:20:59","slug":"raamatupidamise-teenuse-alustustasu","status":"publish","type":"product","link":"https:\/\/dev.1office.co\/estonia\/et\/Teenus\/raamatupidamise-teenuse-alustustasu\/","title":{"rendered":"Raamatupidamise teenuse alustustasu"},"content":{"rendered":"<div class=\"wpb-content-wrapper\"><p>[vc_row][vc_column]<div id=\"advanced-tabs-desc-wrap-5263\" class=\"ult_tabs product_tabs\" style=\" \" data-tabsstyle=\"style1\"\n data-titlebg=\"#ffffff\" data-titlecolor=\"#b6b8ba\" data-fullheight=\"off\"\n data-titlehoverbg=\"#ffffff\" data-titlehovercolor=\"#1d1e23\"\n data-rotatetabs=\"0\" data-responsivemode=\"Both\" data-animation=\"Slide\"\ndata-activetitle=\"#1d1e23\" data-activeicon=\"\" data-activebg=\"#ffffff\"  data-respmode=\"Tabs\" data-respwidth=\"400\" data-scroll = \"on\" data-activeindex=\"1\"><ul id=advanced-tabs-wrap-8869 class=\"ult_tabmenu style1 \" style=\"\"><li class=\"ult_tab_li  \" data-iconcolor=\"#74777b\" data-iconhover=\"#ffffff\" style=\"background-color:#ffffff;border-color:transparent;border-width:0px;border-style:solid;border-top-right-radius:8px;\">\n\t\t\t\t\t<a href=\"#1512642751410-8d7ab-c11d\"  id=\"1512642751410-8d7ab-c11d\"  style=\"color:#b6b8ba;; padding:15px; \" class=\"ult_a  \">\n\t\t\t\t\t     <span class=\"ult_tab_main Both \">\n\t\t\t\t\t \t\t <span class=\"ult_tab_section\">\n\t\t\t\t\t   \t\t\t<span  data-ultimate-target='#advanced-tabs-wrap-8869 .ult-span-text'  data-responsive-json-new='{\"font-size\":\"desktop:14px;\",\"line-height\":\"\"}'  class=\"ult-span-text no_icon ult_tab_display_text ult-responsive\" style=\"font-weight:bold;;\">KIRJELDUS<\/span>\n\t\t\t\t\t   \t\t<\/span>\n\t\t\t\t\t\t<\/span>\n\t\t\t\t\t<\/a>\n\t\t\t\t\t<\/li><\/ul><div  data-ultimate-target='#advanced-tabs-desc-wrap-5263 .ult_tabcontent .ult_tab_min_contain  p'  data-responsive-json-new='{\"font-size\":\"\",\"line-height\":\"\"}' class=\"ult_tabcontent ult-responsive style1\" style=\"color:#74777b;\"><div class=\"ult_tab_min_contain \" >\n\t\t\t<div  class=\"ult_tabitemname\"  >\n\t\t\t\t[vc_column_text]Alustustasu hinnas sisaldub:<\/p>\n<ul>\n<li>ligip\u00e4\u00e4sude loomist programmidesse;<\/li>\n<li>esmaste seadistuste tegemist raamatupidamisprogrammis;<\/li>\n<li>juhiseid e-Maksu- ja Tolliameti ligip\u00e4\u00e4sude tegemiseks;<\/li>\n<li>algsaldode sisestamist;<\/li>\n<li>esmast info kogumist ning kliendi ja tema tegevuse kirjeldamist;<\/li>\n<li>webinari koolitust, kuidas raamatupidamisprogrammi kasutada ning kuidas maksimaalselt programmi erinevaid funktsioone ja v\u00f5imalusi \u00e4ra kasutada.<\/li>\n<\/ul>\n<p>[\/vc_column_text]\n\t\t\t<\/div><\/div><\/div><\/div><div class=\"ult_acord advanced-tabs-desc-wrap-5263\">\n   <div class=\"ult-tabto-accordion \" style=\"width:;\"\n    data-titlecolor=\"#b6b8ba\"  data-titlebg=\"#ffffff\"\n     data-titlehoverbg=\"#ffffff\" data-titlehovercolor=\"#1d1e23\" data-animation=\"Slide\"\n     data-activetitle=\"#1d1e23\" data-activeicon=\"\" data-activebg=\"#ffffff\" data-scroll = \"on\" data-activeindex=\"1\" >\n     <dl><dt class=\"\">\n\t        \t<a class=\"ult-tabto-actitle withBorder ult_a \" id=\"1512642751410-8d7ab-c11d\" style=\"color:#b6b8ba;;background-color:#ffffff;border-bottom-color:transparent;border-bottom-width:0px;border-bottom-style:solid;\" href=\"#1512642751410-8d7ab-c11d\">\n\t        \t\t<i class=\"accordion-icon\"><\/i>\n\t        \t\t\t<span class=\"ult_tab_main ult_ac_main ult_noacordicnBoth\">\n\n\t\t\t\t\t\t<span  data-ultimate-target='#advanced-tabs-wrap-8869 .ult-span-text'  data-responsive-json-new='{\"font-size\":\"desktop:14px;\",\"line-height\":\"\"}'  class=\"ult-span-text no_icon ult_acordian-text ult-responsive\" style=\"font-weight:bold;;color:inherit \" >KIRJELDUS<\/span>\n\t\t\t\t\t\t<\/span><\/a><\/dt>\n\t            \t\t<dd class=\"ult-tabto-accordionItem ult-tabto-accolapsed\">\n\t\t\t\t            <div class=\"ult-tabto-acontent\" style=\"color:#74777b;\">\n\t\t\t\t               [vc_column_text]Alustustasu hinnas sisaldub:<\/p>\n<ul>\n<li>ligip\u00e4\u00e4sude loomist programmidesse;<\/li>\n<li>esmaste seadistuste tegemist raamatupidamisprogrammis;<\/li>\n<li>juhiseid e-Maksu- ja Tolliameti ligip\u00e4\u00e4sude tegemiseks;<\/li>\n<li>algsaldode sisestamist;<\/li>\n<li>esmast info kogumist ning kliendi ja tema tegevuse kirjeldamist;<\/li>\n<li>webinari koolitust, kuidas raamatupidamisprogrammi kasutada ning kuidas maksimaalselt programmi erinevaid funktsioone ja v\u00f5imalusi \u00e4ra kasutada.<\/li>\n<\/ul>\n<p>[\/vc_column_text]\n\t\t\t\t            <\/div>\n\t        \t\t\t<\/dd>\n    \t<\/dl>\n    <!--<div class=\"extraborder\" style=\"background-color:#ffffff\"><\/div>-->\n<\/div>\n\n<\/div>[\/vc_column][\/vc_row]<\/p>\n<\/div>","protected":false},"excerpt":{"rendered":"<p>[vc_row][vc_column][\/vc_column][\/vc_row]<\/p>\n","protected":false},"featured_media":59607,"template":"","meta":{"_acf_changed":false,"inline_featured_image":false},"product_brand":[],"product_cat":[343],"product_tag":[311],"class_list":{"0":"post-57545","1":"product","2":"type-product","3":"status-publish","4":"has-post-thumbnail","6":"product_cat-uncategorized-et","7":"product_tag-eesti","8":"description-off","10":"first","11":"instock","12":"virtual","13":"taxable","14":"purchasable","15":"product-type-simple"},"bundled_by":["61952"],"bundle_stock_status":"instock","bundle_stock_quantity":null,"bundle_virtual":false,"bundle_layout":"","bundle_add_to_cart_form_location":"","bundle_editable_in_cart":false,"bundle_sold_individually_context":"","bundle_item_grouping":"","bundle_min_size":"","bundle_max_size":"","bundle_price":[],"bundled_items":[],"bundle_sell_ids":[],"acf":[],"yoast_head":"<!-- This site is optimized with the Yoast SEO plugin v23.0 - https:\/\/yoast.com\/wordpress\/plugins\/seo\/ -->\n<title>Raamatupidamise teenuse alustustasu - 1Office Estonia<\/title>\n<meta name=\"description\" content=\"Usalda oma ettev\u00f5tte raamatupidamine spetsialistide hoolde ning keskendu ise oma p\u00f5hi\u00e4rile. T\u00e4pne t\u00f6\u00f6maht ning protseduurid lepitakse iga kliendiga eraldi kokku.\" \/>\n<meta name=\"robots\" content=\"noindex, follow, max-snippet:-1, max-image-preview:large, max-video-preview:-1\" \/>\n<meta property=\"og:locale\" content=\"et_EE\" \/>\n<meta property=\"og:type\" content=\"article\" \/>\n<meta property=\"og:title\" content=\"Raamatupidamise teenuse alustustasu - 1Office Estonia\" \/>\n<meta property=\"og:description\" content=\"Usalda oma ettev\u00f5tte raamatupidamine spetsialistide hoolde ning keskendu ise oma p\u00f5hi\u00e4rile. T\u00e4pne t\u00f6\u00f6maht ning protseduurid lepitakse iga kliendiga eraldi kokku.\" \/>\n<meta property=\"og:url\" content=\"https:\/\/dev.1office.co\/estonia\/et\/Teenus\/raamatupidamise-teenuse-alustustasu\/\" \/>\n<meta property=\"og:site_name\" content=\"1Office Estonia\" \/>\n<meta property=\"article:publisher\" content=\"https:\/\/www.facebook.com\/1Office\/?ref=br_rs\" \/>\n<meta property=\"article:modified_time\" content=\"2021-06-10T19:20:59+00:00\" \/>\n<meta property=\"og:image\" content=\"https:\/\/dev.1office.co\/estonia\/wp-content\/uploads\/sites\/5\/2017\/08\/pexels-photo-461077.jpeg\" \/>\n\t<meta property=\"og:image:width\" content=\"525\" \/>\n\t<meta property=\"og:image:height\" content=\"350\" \/>\n\t<meta property=\"og:image:type\" content=\"image\/jpeg\" \/>\n<meta name=\"twitter:card\" content=\"summary_large_image\" \/>\n<meta name=\"twitter:label1\" content=\"Est. reading time\" \/>\n\t<meta name=\"twitter:data1\" content=\"1 minut\" \/>\n<script type=\"application\/ld+json\" class=\"yoast-schema-graph\">{\"@context\":\"https:\/\/schema.org\",\"@graph\":[{\"@type\":\"WebPage\",\"@id\":\"https:\/\/dev.1office.co\/estonia\/et\/Teenus\/raamatupidamise-teenuse-alustustasu\/\",\"url\":\"https:\/\/dev.1office.co\/estonia\/et\/Teenus\/raamatupidamise-teenuse-alustustasu\/\",\"name\":\"Raamatupidamise teenuse alustustasu - 1Office Estonia\",\"isPartOf\":{\"@id\":\"https:\/\/dev.1office.co\/estonia\/#website\"},\"primaryImageOfPage\":{\"@id\":\"https:\/\/dev.1office.co\/estonia\/et\/Teenus\/raamatupidamise-teenuse-alustustasu\/#primaryimage\"},\"image\":{\"@id\":\"https:\/\/dev.1office.co\/estonia\/et\/Teenus\/raamatupidamise-teenuse-alustustasu\/#primaryimage\"},\"thumbnailUrl\":\"https:\/\/dev.1office.co\/estonia\/wp-content\/uploads\/sites\/5\/2017\/08\/pexels-photo-461077.jpeg\",\"datePublished\":\"2017-08-10T10:40:23+00:00\",\"dateModified\":\"2021-06-10T19:20:59+00:00\",\"description\":\"Usalda oma ettev\u00f5tte raamatupidamine spetsialistide hoolde ning keskendu ise oma p\u00f5hi\u00e4rile. T\u00e4pne t\u00f6\u00f6maht ning protseduurid lepitakse iga kliendiga eraldi kokku.\",\"breadcrumb\":{\"@id\":\"https:\/\/dev.1office.co\/estonia\/et\/Teenus\/raamatupidamise-teenuse-alustustasu\/#breadcrumb\"},\"inLanguage\":\"et\",\"potentialAction\":[{\"@type\":\"ReadAction\",\"target\":[\"https:\/\/dev.1office.co\/estonia\/et\/Teenus\/raamatupidamise-teenuse-alustustasu\/\"]}]},{\"@type\":\"ImageObject\",\"inLanguage\":\"et\",\"@id\":\"https:\/\/dev.1office.co\/estonia\/et\/Teenus\/raamatupidamise-teenuse-alustustasu\/#primaryimage\",\"url\":\"https:\/\/dev.1office.co\/estonia\/wp-content\/uploads\/sites\/5\/2017\/08\/pexels-photo-461077.jpeg\",\"contentUrl\":\"https:\/\/dev.1office.co\/estonia\/wp-content\/uploads\/sites\/5\/2017\/08\/pexels-photo-461077.jpeg\",\"width\":525,\"height\":350},{\"@type\":\"BreadcrumbList\",\"@id\":\"https:\/\/dev.1office.co\/estonia\/et\/Teenus\/raamatupidamise-teenuse-alustustasu\/#breadcrumb\",\"itemListElement\":[{\"@type\":\"ListItem\",\"position\":1,\"name\":\"Home\",\"item\":\"https:\/\/dev.1office.co\/estonia\/et\/\"},{\"@type\":\"ListItem\",\"position\":2,\"name\":\"Shop\",\"item\":\"https:\/\/dev.1office.co\/estonia\/shop\/\"},{\"@type\":\"ListItem\",\"position\":3,\"name\":\"Raamatupidamise teenuse alustustasu\"}]},{\"@type\":\"WebSite\",\"@id\":\"https:\/\/dev.1office.co\/estonia\/#website\",\"url\":\"https:\/\/dev.1office.co\/estonia\/\",\"name\":\"1Office Estonia\",\"description\":\"Making Business Simple\",\"potentialAction\":[{\"@type\":\"SearchAction\",\"target\":{\"@type\":\"EntryPoint\",\"urlTemplate\":\"https:\/\/dev.1office.co\/estonia\/?s={search_term_string}\"},\"query-input\":\"required name=search_term_string\"}],\"inLanguage\":\"et\"}]}<\/script>\n<!-- \/ Yoast SEO plugin. -->","yoast_head_json":{"title":"Raamatupidamise teenuse alustustasu - 1Office Estonia","description":"Usalda oma ettev\u00f5tte raamatupidamine spetsialistide hoolde ning keskendu ise oma p\u00f5hi\u00e4rile. T\u00e4pne t\u00f6\u00f6maht ning protseduurid lepitakse iga kliendiga eraldi kokku.","robots":{"index":"noindex","follow":"follow","max-snippet":"max-snippet:-1","max-image-preview":"max-image-preview:large","max-video-preview":"max-video-preview:-1"},"og_locale":"et_EE","og_type":"article","og_title":"Raamatupidamise teenuse alustustasu - 1Office Estonia","og_description":"Usalda oma ettev\u00f5tte raamatupidamine spetsialistide hoolde ning keskendu ise oma p\u00f5hi\u00e4rile. T\u00e4pne t\u00f6\u00f6maht ning protseduurid lepitakse iga kliendiga eraldi kokku.","og_url":"https:\/\/dev.1office.co\/estonia\/et\/Teenus\/raamatupidamise-teenuse-alustustasu\/","og_site_name":"1Office Estonia","article_publisher":"https:\/\/www.facebook.com\/1Office\/?ref=br_rs","article_modified_time":"2021-06-10T19:20:59+00:00","og_image":[{"width":525,"height":350,"url":"https:\/\/dev.1office.co\/estonia\/wp-content\/uploads\/sites\/5\/2017\/08\/pexels-photo-461077.jpeg","type":"image\/jpeg"}],"twitter_card":"summary_large_image","twitter_misc":{"Est. reading time":"1 minut"},"schema":{"@context":"https:\/\/schema.org","@graph":[{"@type":"WebPage","@id":"https:\/\/dev.1office.co\/estonia\/et\/Teenus\/raamatupidamise-teenuse-alustustasu\/","url":"https:\/\/dev.1office.co\/estonia\/et\/Teenus\/raamatupidamise-teenuse-alustustasu\/","name":"Raamatupidamise teenuse alustustasu - 1Office Estonia","isPartOf":{"@id":"https:\/\/dev.1office.co\/estonia\/#website"},"primaryImageOfPage":{"@id":"https:\/\/dev.1office.co\/estonia\/et\/Teenus\/raamatupidamise-teenuse-alustustasu\/#primaryimage"},"image":{"@id":"https:\/\/dev.1office.co\/estonia\/et\/Teenus\/raamatupidamise-teenuse-alustustasu\/#primaryimage"},"thumbnailUrl":"https:\/\/dev.1office.co\/estonia\/wp-content\/uploads\/sites\/5\/2017\/08\/pexels-photo-461077.jpeg","datePublished":"2017-08-10T10:40:23+00:00","dateModified":"2021-06-10T19:20:59+00:00","description":"Usalda oma ettev\u00f5tte raamatupidamine spetsialistide hoolde ning keskendu ise oma p\u00f5hi\u00e4rile. T\u00e4pne t\u00f6\u00f6maht ning protseduurid lepitakse iga kliendiga eraldi kokku.","breadcrumb":{"@id":"https:\/\/dev.1office.co\/estonia\/et\/Teenus\/raamatupidamise-teenuse-alustustasu\/#breadcrumb"},"inLanguage":"et","potentialAction":[{"@type":"ReadAction","target":["https:\/\/dev.1office.co\/estonia\/et\/Teenus\/raamatupidamise-teenuse-alustustasu\/"]}]},{"@type":"ImageObject","inLanguage":"et","@id":"https:\/\/dev.1office.co\/estonia\/et\/Teenus\/raamatupidamise-teenuse-alustustasu\/#primaryimage","url":"https:\/\/dev.1office.co\/estonia\/wp-content\/uploads\/sites\/5\/2017\/08\/pexels-photo-461077.jpeg","contentUrl":"https:\/\/dev.1office.co\/estonia\/wp-content\/uploads\/sites\/5\/2017\/08\/pexels-photo-461077.jpeg","width":525,"height":350},{"@type":"BreadcrumbList","@id":"https:\/\/dev.1office.co\/estonia\/et\/Teenus\/raamatupidamise-teenuse-alustustasu\/#breadcrumb","itemListElement":[{"@type":"ListItem","position":1,"name":"Home","item":"https:\/\/dev.1office.co\/estonia\/et\/"},{"@type":"ListItem","position":2,"name":"Shop","item":"https:\/\/dev.1office.co\/estonia\/shop\/"},{"@type":"ListItem","position":3,"name":"Raamatupidamise teenuse alustustasu"}]},{"@type":"WebSite","@id":"https:\/\/dev.1office.co\/estonia\/#website","url":"https:\/\/dev.1office.co\/estonia\/","name":"1Office Estonia","description":"Making Business Simple","potentialAction":[{"@type":"SearchAction","target":{"@type":"EntryPoint","urlTemplate":"https:\/\/dev.1office.co\/estonia\/?s={search_term_string}"},"query-input":"required name=search_term_string"}],"inLanguage":"et"}]}},"_links":{"self":[{"href":"https:\/\/dev.1office.co\/estonia\/et\/wp-json\/wp\/v2\/product\/57545","targetHints":{"allow":["GET"]}}],"collection":[{"href":"https:\/\/dev.1office.co\/estonia\/et\/wp-json\/wp\/v2\/product"}],"about":[{"href":"https:\/\/dev.1office.co\/estonia\/et\/wp-json\/wp\/v2\/types\/product"}],"wp:featuredmedia":[{"embeddable":true,"href":"https:\/\/dev.1office.co\/estonia\/et\/wp-json\/wp\/v2\/media\/59607"}],"wp:attachment":[{"href":"https:\/\/dev.1office.co\/estonia\/et\/wp-json\/wp\/v2\/media?parent=57545"}],"wp:term":[{"taxonomy":"product_brand","embeddable":true,"href":"https:\/\/dev.1office.co\/estonia\/et\/wp-json\/wp\/v2\/product_brand?post=57545"},{"taxonomy":"product_cat","embeddable":true,"href":"https:\/\/dev.1office.co\/estonia\/et\/wp-json\/wp\/v2\/product_cat?post=57545"},{"taxonomy":"product_tag","embeddable":true,"href":"https:\/\/dev.1office.co\/estonia\/et\/wp-json\/wp\/v2\/product_tag?post=57545"}],"curies":[{"name":"wp","href":"https:\/\/api.w.org\/{rel}","templated":true}]}}